{"id":1529,"date":"2020-11-16T15:41:45","date_gmt":"2020-11-16T15:41:45","guid":{"rendered":"https:\/\/floridareprofreedom.org\/?page_id=1529"},"modified":"2025-08-19T19:19:23","modified_gmt":"2025-08-19T19:19:23","slug":"avotman-legal","status":"publish","type":"page","link":"https:\/\/floridareprofreedom.org\/ht\/el-aborto-es-legal\/","title":{"rendered":"Si! El aborto sigue siendo legal en Florida."},"content":{"rendered":"<p><a href=\"https:\/\/floridareprofreedom.org\/ht\/avotman-legal-nan-florid\/\"><span style=\"font-weight: 400;\"><img decoding=\"async\" class=\"wp-image-3435 alignleft\" src=\"https:\/\/floridareprofreedom.org\/wp-content\/uploads\/2024\/04\/ENGLISH-2-e1713905338368-300x82.png\" alt=\"\" width=\"117\" height=\"32\" srcset=\"https:\/\/floridareprofreedom.org\/wp-content\/uploads\/2024\/04\/ENGLISH-2-e1713905338368-300x82.png 300w, https:\/\/floridareprofreedom.org\/wp-content\/uploads\/2024\/04\/ENGLISH-2-e1713905338368.png 532w\" sizes=\"(max-width: 117px) 100vw, 117px\" \/><\/span><\/a><\/p>\n<p>&nbsp;<\/p>\n<p><span style=\"font-weight: 400;\">Las personas quieren y merecen tomar sus propias decisiones personales, privadas y m\u00e9dicas, y <\/span><i><span style=\"font-weight: 400;\">janm <\/span><\/i><span style=\"font-weight: 400;\">dejaremos de luchar por nuestra libertad para controlar nuestros cuerpos y nuestras vidas.<\/span><\/p>\n<p><span style=\"font-weight: 400;\">El aborto es seguro y com\u00fan, y puedes obtener esta atenci\u00f3n si la necesitas.<\/span><\/p>\n<p><b>Restriksyon ak kondisyon akty\u00e8l sou av\u00f2tman<\/b><span style=\"font-weight: 400;\">:<\/span><\/p>\n<ul>\n<li style=\"font-weight: 400;\" aria-level=\"1\"><b>D\u00e8nye a:<\/b><span style=\"font-weight: 400;\"><span style=\"font-weight: 400;\"> A partir del 1 de May, el avorto will prohibido in Florida after the six weeks.<\/span><\/span>\n<ul>\n<li style=\"font-weight: 400;\" aria-level=\"1\"><span style=\"font-weight: 400;\"><span style=\"font-weight: 400;\"><strong>Anba mwens nan 6 sem\u00e8n:<\/strong> <span class=\"OYPEnA text-decoration-none text-strikethrough-none\">Yon moun ka jwenn yon av\u00f2tman nan eta a. (Se requerir\u00e1n 2 citas) <\/span><\/span><\/span><\/li>\n<li style=\"font-weight: 400;\" aria-level=\"1\"><span style=\"font-weight: 400;\"><span style=\"font-weight: 400;\"><strong><span class=\"OYPEnA text-decoration-none text-strikethrough-none\">Plis pase 6 sem\u00e8n: <\/span><\/strong><span class=\"OYPEnA text-decoration-none text-strikethrough-none\">Yon moun ka soti nan eta a pou resevwa atansyon medikal, oswa ou ka jwenn yon moun <\/span><strong><a class=\"OYPEnA text-decoration-underline text-strikethrough-none\" draggable=\"false\" href=\"http:\/\/es.plancpills.org\" target=\"_blank\" rel=\"noopener\">es.PlanCPills.org<\/a><\/strong><span class=\"OYPEnA text-decoration-none text-strikethrough-none\"> para obtener p\u00edldoras abortivas por correo.<\/span><\/span><\/span><\/li>\n<\/ul>\n<\/li>\n<li><b>Pery\u00f2d espwa obligatwa:<\/b><span style=\"font-weight: 400;\"> Florida mande pou yon moun espere obligatwa nan 24 \u00e8dtan, sa vle di ke yon pasyan dwe resevwa kons\u00e8y egzijid nan eta a mwens pase 24 \u00e8dtan anvan ou ka jwenn yon av\u00f2tman.<\/span><\/li>\n<li style=\"font-weight: 400;\" aria-level=\"1\"><b>Kijan yon moun ki pi piti<\/b><span style=\"font-weight: 400;\">: Se mande pou notifikasyon ak konsantman papa yo pou yon moun ki pi piti nan 18 ane yo ka jwenn yon av\u00f2tman. <a href=\"https:\/\/floridareprofreedom.org\/ht\/alternatif-jidisye-nan-florida\/\">Si pa ka patisipe nan youn de sus padres, hay ayuda<\/a>. Haga clic aqu\u00ed para obtener informaci\u00f3n sobre c\u00f3mo obtener una derivaci\u00f3n judicial para acceder a la atenci\u00f3n sin la participaci\u00f3n de sus padres.<\/span><\/li>\n<li style=\"font-weight: 400;\" aria-level=\"1\"><b>\u00bfNecesitas conversar sobre tus opciones de aborto, por ejeplo como conserguir las p\u00edldoras abortivaspor correo?<\/b><span style=\"font-weight: 400;\"> Ale a <strong><a href=\"https:\/\/www.chatwithcharley.org\/es\/florida\/\">ChatWithCharley.org\/florida<\/a><\/strong> pou jwenn aks\u00e8 nan yon chatbot prive ak konpl\u00e8 ki te gide atrav\u00e8 aks\u00e8 nan av\u00f2tman ak pastillas, pwogramasyon yon pwosedi ak k\u00f2man navige pou lojistik ak restriksyon legal yo.<\/span><\/li>\n<li aria-level=\"1\">Ki jan estati migrat\u00e8 mwen ka afekte aks\u00e8 a av\u00f2tman? <strong><a href=\"https:\/\/www.ineedana.com\/es\/blog\/how-can-my-immigration-status-affect-abortion-access\">Yon gid pou moun pa sitwayen ak kominote nou yo.<\/a><\/strong><\/li>\n<\/ul>\n<p><b>Vizite <a href=\"https:\/\/www.abortionfinder.org\/es\">AbortionFinder.org<\/a> y <a href=\"https:\/\/www.ineedana.com\/es\">IneedanA.com<\/a> pou jwenn enf\u00f2masyon ki s\u00e8ten, konfidansy\u00e8l ak aktyalizasyon sou ki kote ka av\u00f2te.<\/b><\/p>\n<p><a href=\"https:\/\/www.abortionfinder.org\/es\"><img decoding=\"async\" src=\"https:\/\/floridareprofreedom.org\/wp-content\/uploads\/2020\/11\/play-300x284.png\" alt=\"Kat jeyografik FL: Founis\u00e8 av\u00f2tman\" \/><\/a><\/p>\n<ul>\n<li style=\"font-weight: 400;\" aria-level=\"1\"><b>Tenga cuidado con los centros antiaborto <\/b><span style=\"font-weight: 400;\">ke se hacen pasar por cl\u00ednicas de aborto, men averg\u00fcenzan and enga\u00f1an a las floridanas embarazadas. <a href=\"https:\/\/floridareprofreedom.org\/ht\/fo-klinik\/\">Plis enf\u00f2masyon isit la.<\/a><\/span><\/li>\n<\/ul>\n<h2><span style=\"font-weight: 400;\">\u00bfNecesitas ayuda para pagar tu aborto?<\/span><\/h2>\n<p><span style=\"font-weight: 400;\">\u00d2ganizasyon ak klinik yo ka ede av\u00e8k sip\u00f2 finansye ak lojistik pou moun k ap ch\u00e8che av\u00f2tman nan Florid. Klike sou kontinyasyon pou jwenn plis enf\u00f2masyon oswa mande dir\u00e8kteman av\u00e8k yon klinik av\u00f2tman si gen asistans finansye. <strong><a href=\"https:\/\/www.ineedana.com\/es\/estimar-aborto-costos\">Konbyen sa mande pou yon av\u00f2tman?<\/a><\/strong><br \/>\n<\/span><\/p>\n<ul>\n<li style=\"font-weight: 400;\" aria-level=\"1\"><span style=\"font-weight: 400;\"><a href=\"https:\/\/bwefund.org\/site\/\"><strong>Fondo de Emergencia para Mujeres de Broward<\/strong><\/a> \u2013 Konte Broward<\/span><\/li>\n<li style=\"font-weight: 400;\" aria-level=\"1\"><span style=\"font-weight: 400;\"><strong><a href=\"https:\/\/emawpb.org\/\">Asistencia M\u00e9dica de Emergencia Inc.<\/a><\/strong> \u2013 Palm Beaches ak Treasure Coast<\/span><\/li>\n<li style=\"font-weight: 400;\" aria-level=\"1\"><span style=\"font-weight: 400;\"><a href=\"https:\/\/www.flaccessnetwork.org\/\"><strong>Wouj Aks\u00e8 Florid la<\/strong><\/a> \u2013 Nan tout eta a<\/span><\/li>\n<li style=\"font-weight: 400;\" aria-level=\"1\"><span style=\"font-weight: 400;\"><a href=\"http:\/\/tbafund.com\/\"><strong>Fondo de Av\u00f2tman de la Bah\u00eda de Tampa<\/strong><\/a> \u2013 Regi\u00f3n de la Bah\u00eda de Tampa<\/span><\/li>\n<li style=\"font-weight: 400;\" aria-level=\"1\"><span style=\"font-weight: 400;\"><strong><a href=\"http:\/\/www.wen-online.org\/get-help-1.html\">Wouj Ijans pou Fanm yo<\/a> <\/strong>\u2013 Sid Florid<\/span><\/li>\n<li style=\"font-weight: 400;\" aria-level=\"1\"><span style=\"font-weight: 400;\"><strong><a href=\"https:\/\/arc-southeast.org\/\">Aks\u00e8 nan Atensyon Reproductiva del Sureste<\/a> <\/strong>\u2013 Milti-Etatal<\/span><\/li>\n<li style=\"font-weight: 400;\" aria-level=\"1\"><span style=\"font-weight: 400;\"><strong><a href=\"https:\/\/abortionfunds.org\/need-abortion\/\">Red Nacional de Fondos para el Aborto<\/a> <\/strong>\u2013 Nan tout peyi a<\/span><\/li>\n<\/ul>\n<p><span style=\"font-weight: 400;\">Moun yo ap resevwa apre sa <\/span><b>p\u00edldoras abortivas por correo <\/b><span style=\"font-weight: 400;\">an<\/span><i><span style=\"font-weight: 400;\"> 50 eta yo.<\/span><\/i><span style=\"font-weight: 400;\"> Ya sea para una necesidad inmediata o \u201cpor si acaso\u201d, las tarifs de escala m\u00f3vil est\u00e1n disponibles para las p\u00edldoras abortivas en <strong><a href=\"https:\/\/es.plancpills.org\/\">PlanCPills.org<\/a>.<\/strong><\/span><\/p>\n<p><b>Tome medidas para que el aborto siga siendo legal:<\/b><\/p>\n<ul>\n<li style=\"font-weight: 400;\" aria-level=\"1\"><span style=\"font-weight: 400;\">\u00danase a nou pandan y ap lute pou aks\u00e8 konpl\u00e8 ak sante reproductiva.<\/span><a href=\"https:\/\/bit.ly\/reproinfl\"><b> Anrejistre isit la pou resevwa boletin chak sem\u00e8n nan Floridanos pou la Libertad Reproductiva ak av\u00e8tisman nan aksyon.<\/b><\/a><\/li>\n<\/ul>","protected":false},"excerpt":{"rendered":"<p>&nbsp; Las personas quieren y merecen tomar sus propias decisiones personales, privadas y m\u00e9dicas, y nunca dejaremos de luchar por nuestra libertad para controlar nuestros cuerpos y nuestras vidas. El aborto es seguro y com\u00fan, y puedes obtener esta atenci\u00f3n si la necesitas. Restricciones y requisitos actuales sobre el aborto: Lo \u00faltimo: A partir del [&hellip;]<\/p>\n","protected":false},"author":3,"featured_media":1415,"parent":0,"menu_order":0,"comment_status":"closed","ping_status":"closed","template":"","meta":{"footnotes":""},"folder":[11],"class_list":["post-1529","page","type-page","status-publish","has-post-thumbnail","hentry"],"yoast_head":"<!-- This site is optimized with the Yoast SEO plugin v27.4 - https:\/\/yoast.com\/product\/yoast-seo-wordpress\/ -->\n<title>\u00a1S\u00ed! El aborto sigue siendo legal en Florida. - Floridians For Reproductive Freedom<\/title>\n<meta name=\"description\" content=\"Ahora mismo, el aborto es legal en Florida hasta las 15 semanas. Os mantendremos informados.\" \/>\n<meta name=\"robots\" content=\"index, follow, max-snippet:-1, max-image-preview:large, max-video-preview:-1\" \/>\n<link rel=\"canonical\" href=\"https:\/\/floridareprofreedom.org\/ht\/avotman-legal\/\" \/>\n<meta property=\"og:locale\" content=\"ht_HT\" \/>\n<meta property=\"og:type\" content=\"article\" \/>\n<meta property=\"og:title\" content=\"\u00a1S\u00ed! El aborto sigue siendo legal en Florida. - Floridians For Reproductive Freedom\" \/>\n<meta property=\"og:description\" content=\"Ahora mismo, el aborto es legal en Florida hasta las 15 semanas. Os mantendremos informados.\" \/>\n<meta property=\"og:url\" content=\"https:\/\/floridareprofreedom.org\/ht\/avotman-legal\/\" \/>\n<meta property=\"og:site_name\" content=\"Floridians For Reproductive Freedom\" \/>\n<meta property=\"article:publisher\" content=\"https:\/\/www.facebook.com\/FloridaReproFreedom\/\" \/>\n<meta property=\"article:modified_time\" content=\"2025-08-19T19:19:23+00:00\" \/>\n<meta property=\"og:image\" content=\"https:\/\/floridareprofreedom.org\/wp-content\/uploads\/2020\/11\/play.png\" \/>\n\t<meta property=\"og:image:width\" content=\"750\" \/>\n\t<meta property=\"og:image:height\" content=\"711\" \/>\n\t<meta property=\"og:image:type\" content=\"image\/png\" \/>\n<meta name=\"twitter:card\" content=\"summary_large_image\" \/>\n<meta name=\"twitter:site\" content=\"@FLReproFreedom\" \/>\n<meta name=\"twitter:label1\" content=\"Est. reading time\" \/>\n\t<meta name=\"twitter:data1\" content=\"3 minutes\" \/>\n<script type=\"application\/ld+json\" class=\"yoast-schema-graph\">{\"@context\":\"https:\\\/\\\/schema.org\",\"@graph\":[{\"@type\":\"WebPage\",\"@id\":\"https:\\\/\\\/floridareprofreedom.org\\\/el-aborto-es-legal\\\/\",\"url\":\"https:\\\/\\\/floridareprofreedom.org\\\/el-aborto-es-legal\\\/\",\"name\":\"\u00a1S\u00ed! El aborto sigue siendo legal en Florida. - Floridians For Reproductive Freedom\",\"isPartOf\":{\"@id\":\"https:\\\/\\\/floridareprofreedom.org\\\/#website\"},\"primaryImageOfPage\":{\"@id\":\"https:\\\/\\\/floridareprofreedom.org\\\/el-aborto-es-legal\\\/#primaryimage\"},\"image\":{\"@id\":\"https:\\\/\\\/floridareprofreedom.org\\\/el-aborto-es-legal\\\/#primaryimage\"},\"thumbnailUrl\":\"https:\\\/\\\/floridareprofreedom.org\\\/wp-content\\\/uploads\\\/2020\\\/11\\\/play.png\",\"datePublished\":\"2020-11-16T15:41:45+00:00\",\"dateModified\":\"2025-08-19T19:19:23+00:00\",\"description\":\"Ahora mismo, el aborto es legal en Florida hasta las 15 semanas. Os mantendremos informados.\",\"breadcrumb\":{\"@id\":\"https:\\\/\\\/floridareprofreedom.org\\\/el-aborto-es-legal\\\/#breadcrumb\"},\"inLanguage\":\"ht\",\"potentialAction\":[{\"@type\":\"ReadAction\",\"target\":[\"https:\\\/\\\/floridareprofreedom.org\\\/el-aborto-es-legal\\\/\"]}]},{\"@type\":\"ImageObject\",\"inLanguage\":\"ht\",\"@id\":\"https:\\\/\\\/floridareprofreedom.org\\\/el-aborto-es-legal\\\/#primaryimage\",\"url\":\"https:\\\/\\\/floridareprofreedom.org\\\/wp-content\\\/uploads\\\/2020\\\/11\\\/play.png\",\"contentUrl\":\"https:\\\/\\\/floridareprofreedom.org\\\/wp-content\\\/uploads\\\/2020\\\/11\\\/play.png\",\"width\":750,\"height\":711,\"caption\":\"FL Map: Abortion Providers\"},{\"@type\":\"BreadcrumbList\",\"@id\":\"https:\\\/\\\/floridareprofreedom.org\\\/el-aborto-es-legal\\\/#breadcrumb\",\"itemListElement\":[{\"@type\":\"ListItem\",\"position\":1,\"name\":\"Home\",\"item\":\"https:\\\/\\\/floridareprofreedom.org\\\/\"},{\"@type\":\"ListItem\",\"position\":2,\"name\":\"\u00a1S\u00ed! El aborto sigue siendo legal en Florida.\"}]},{\"@type\":\"WebSite\",\"@id\":\"https:\\\/\\\/floridareprofreedom.org\\\/#website\",\"url\":\"https:\\\/\\\/floridareprofreedom.org\\\/\",\"name\":\"Floridians For Reproductive Freedom\",\"description\":\"Advocating for convenient, affordable, and safe access to reproductive health care, including abortion.\",\"publisher\":{\"@id\":\"https:\\\/\\\/floridareprofreedom.org\\\/#organization\"},\"potentialAction\":[{\"@type\":\"SearchAction\",\"target\":{\"@type\":\"EntryPoint\",\"urlTemplate\":\"https:\\\/\\\/floridareprofreedom.org\\\/?s={search_term_string}\"},\"query-input\":{\"@type\":\"PropertyValueSpecification\",\"valueRequired\":true,\"valueName\":\"search_term_string\"}}],\"inLanguage\":\"ht\"},{\"@type\":\"Organization\",\"@id\":\"https:\\\/\\\/floridareprofreedom.org\\\/#organization\",\"name\":\"Floridians for Reproductive Freedom\",\"url\":\"https:\\\/\\\/floridareprofreedom.org\\\/\",\"logo\":{\"@type\":\"ImageObject\",\"inLanguage\":\"ht\",\"@id\":\"https:\\\/\\\/floridareprofreedom.org\\\/#\\\/schema\\\/logo\\\/image\\\/\",\"url\":\"https:\\\/\\\/floridareprofreedom.org\\\/wp-content\\\/uploads\\\/2019\\\/05\\\/Untitled.jpg\",\"contentUrl\":\"https:\\\/\\\/floridareprofreedom.org\\\/wp-content\\\/uploads\\\/2019\\\/05\\\/Untitled.jpg\",\"width\":174,\"height\":180,\"caption\":\"Floridians for Reproductive Freedom\"},\"image\":{\"@id\":\"https:\\\/\\\/floridareprofreedom.org\\\/#\\\/schema\\\/logo\\\/image\\\/\"},\"sameAs\":[\"https:\\\/\\\/www.facebook.com\\\/FloridaReproFreedom\\\/\",\"https:\\\/\\\/x.com\\\/FLReproFreedom\",\"https:\\\/\\\/www.instagram.com\\\/floridareprofreedom\\\/\"]}]}<\/script>\n<!-- \/ Yoast SEO plugin. -->","yoast_head_json":{"title":"Si! El aborto sigue siendo legal en Florida. - Floridyen Pou Lib\u00e8te Repwodiksyon","description":"Koulye a, av\u00f2tman se legal nan Florid jiska 15 sem\u00e8n. Os nou kenbe enf\u00f2masyon yo.","robots":{"index":"index","follow":"follow","max-snippet":"max-snippet:-1","max-image-preview":"max-image-preview:large","max-video-preview":"max-video-preview:-1"},"canonical":"https:\/\/floridareprofreedom.org\/ht\/avotman-legal\/","og_locale":"ht_HT","og_type":"article","og_title":"\u00a1S\u00ed! El aborto sigue siendo legal en Florida. - Floridians For Reproductive Freedom","og_description":"Ahora mismo, el aborto es legal en Florida hasta las 15 semanas. Os mantendremos informados.","og_url":"https:\/\/floridareprofreedom.org\/ht\/avotman-legal\/","og_site_name":"Floridians For Reproductive Freedom","article_publisher":"https:\/\/www.facebook.com\/FloridaReproFreedom\/","article_modified_time":"2025-08-19T19:19:23+00:00","og_image":[{"width":750,"height":711,"url":"https:\/\/floridareprofreedom.org\/wp-content\/uploads\/2020\/11\/play.png","type":"image\/png"}],"twitter_card":"summary_large_image","twitter_site":"@FLReproFreedom","twitter_misc":{"Est. reading time":"3 minutes"},"schema":{"@context":"https:\/\/schema.org","@graph":[{"@type":"WebPage","@id":"https:\/\/floridareprofreedom.org\/el-aborto-es-legal\/","url":"https:\/\/floridareprofreedom.org\/el-aborto-es-legal\/","name":"Si! El aborto sigue siendo legal en Florida. - Floridyen Pou Lib\u00e8te Repwodiksyon","isPartOf":{"@id":"https:\/\/floridareprofreedom.org\/#website"},"primaryImageOfPage":{"@id":"https:\/\/floridareprofreedom.org\/el-aborto-es-legal\/#primaryimage"},"image":{"@id":"https:\/\/floridareprofreedom.org\/el-aborto-es-legal\/#primaryimage"},"thumbnailUrl":"https:\/\/floridareprofreedom.org\/wp-content\/uploads\/2020\/11\/play.png","datePublished":"2020-11-16T15:41:45+00:00","dateModified":"2025-08-19T19:19:23+00:00","description":"Koulye a, av\u00f2tman se legal nan Florid jiska 15 sem\u00e8n. Os nou kenbe enf\u00f2masyon yo.","breadcrumb":{"@id":"https:\/\/floridareprofreedom.org\/el-aborto-es-legal\/#breadcrumb"},"inLanguage":"ht","potentialAction":[{"@type":"ReadAction","target":["https:\/\/floridareprofreedom.org\/el-aborto-es-legal\/"]}]},{"@type":"ImageObject","inLanguage":"ht","@id":"https:\/\/floridareprofreedom.org\/el-aborto-es-legal\/#primaryimage","url":"https:\/\/floridareprofreedom.org\/wp-content\/uploads\/2020\/11\/play.png","contentUrl":"https:\/\/floridareprofreedom.org\/wp-content\/uploads\/2020\/11\/play.png","width":750,"height":711,"caption":"FL Map: Abortion Providers"},{"@type":"BreadcrumbList","@id":"https:\/\/floridareprofreedom.org\/el-aborto-es-legal\/#breadcrumb","itemListElement":[{"@type":"ListItem","position":1,"name":"Home","item":"https:\/\/floridareprofreedom.org\/"},{"@type":"ListItem","position":2,"name":"\u00a1S\u00ed! El aborto sigue siendo legal en Florida."}]},{"@type":"WebSite","@id":"https:\/\/floridareprofreedom.org\/#website","url":"https:\/\/floridareprofreedom.org\/","name":"Floridyen pou lib\u00e8te repwodiktif","description":"Ap defann aks\u00e8 pratik, ab\u00f2dab, epi an sekirite a swen sante repwodiktif, tankou av\u00f2tman.","publisher":{"@id":"https:\/\/floridareprofreedom.org\/#organization"},"potentialAction":[{"@type":"SearchAction","target":{"@type":"EntryPoint","urlTemplate":"https:\/\/floridareprofreedom.org\/?s={search_term_string}"},"query-input":{"@type":"PropertyValueSpecification","valueRequired":true,"valueName":"search_term_string"}}],"inLanguage":"ht"},{"@type":"Organization","@id":"https:\/\/floridareprofreedom.org\/#organization","name":"Floridyen pou Lib\u00e8te Repwodiktif","url":"https:\/\/floridareprofreedom.org\/","logo":{"@type":"ImageObject","inLanguage":"ht","@id":"https:\/\/floridareprofreedom.org\/#\/schema\/logo\/image\/","url":"https:\/\/floridareprofreedom.org\/wp-content\/uploads\/2019\/05\/Untitled.jpg","contentUrl":"https:\/\/floridareprofreedom.org\/wp-content\/uploads\/2019\/05\/Untitled.jpg","width":174,"height":180,"caption":"Floridians for Reproductive Freedom"},"image":{"@id":"https:\/\/floridareprofreedom.org\/#\/schema\/logo\/image\/"},"sameAs":["https:\/\/www.facebook.com\/FloridaReproFreedom\/","https:\/\/x.com\/FLReproFreedom","https:\/\/www.instagram.com\/floridareprofreedom\/"]}]}},"_links":{"self":[{"href":"https:\/\/floridareprofreedom.org\/ht\/wp-json\/wp\/v2\/pages\/1529","targetHints":{"allow":["GET"]}}],"collection":[{"href":"https:\/\/floridareprofreedom.org\/ht\/wp-json\/wp\/v2\/pages"}],"about":[{"href":"https:\/\/floridareprofreedom.org\/ht\/wp-json\/wp\/v2\/types\/page"}],"author":[{"embeddable":true,"href":"https:\/\/floridareprofreedom.org\/ht\/wp-json\/wp\/v2\/users\/3"}],"replies":[{"embeddable":true,"href":"https:\/\/floridareprofreedom.org\/ht\/wp-json\/wp\/v2\/comments?post=1529"}],"version-history":[{"count":18,"href":"https:\/\/floridareprofreedom.org\/ht\/wp-json\/wp\/v2\/pages\/1529\/revisions"}],"predecessor-version":[{"id":4221,"href":"https:\/\/floridareprofreedom.org\/ht\/wp-json\/wp\/v2\/pages\/1529\/revisions\/4221"}],"wp:featuredmedia":[{"embeddable":true,"href":"https:\/\/floridareprofreedom.org\/ht\/wp-json\/wp\/v2\/media\/1415"}],"wp:attachment":[{"href":"https:\/\/floridareprofreedom.org\/ht\/wp-json\/wp\/v2\/media?parent=1529"}],"wp:term":[{"taxonomy":"folder","embeddable":true,"href":"https:\/\/floridareprofreedom.org\/ht\/wp-json\/wp\/v2\/folder?post=1529"}],"curies":[{"name":"wp","href":"https:\/\/api.w.org\/{rel}","templated":true}]}}