{"id":1553,"date":"2020-12-18T17:27:34","date_gmt":"2020-12-18T17:27:34","guid":{"rendered":"https:\/\/floridareprofreedom.org\/?page_id=1553"},"modified":"2021-01-04T20:16:47","modified_gmt":"2021-01-04T20:16:47","slug":"pa-soti-florid","status":"publish","type":"page","link":"https:\/\/floridareprofreedom.org\/ht\/not-from-florida\/","title":{"rendered":"Ou pa soti Florid?"},"content":{"rendered":"<p><span style=\"font-weight: 400;\">J\u00e8n ki soti nan l\u00f2t eta k ap ch\u00e8che swen pou av\u00f2tman nan Florid ka depoze yon demann pou yon kontouneman jidisy\u00e8 nan nenp\u00f2t tribinal sikonskripsyon nan Florid (gade kat jeyografik la ak lis ki anba a). Moun ki pa rezidan Florid yo pa limite a okenn sikonskripsyon espesifik. Sa diferan de rezidan Florid yo ki dwe depoze dosye a nan yon tribinal ki nan sikonskripsyon kote yo rete a.<\/span><\/p>\n<p><span style=\"font-weight: 400;\"><strong>Ap\u00e8si sou ka Tribinal Ap\u00e8l 1ye Distri Florid la an 2008:<\/strong>\u00a0<\/span><span style=\"font-weight: 400;\">Yon tribinal sikonskripsyon te det\u00e8mine ke li pa gen jiridiksyon paske min\u00e8 a pa t abite nan jiridiksyon tribinal la. Apelan an te diskite ke tribinal sikonskripsyon an te f\u00e8 yon er\u00e8 lalwa l\u00e8 li te deside ke li pa t gen jiridiksyon pou tande petisyon an. <strong>Apelan an te deklare ke l\u00e8 yon min\u00e8 pa t rezidan eta a, lalwa Florid la te f\u00f2se yon konklizyon ke li te kapab depoze yon petisyon pou yon egzansyon jidisy\u00e8 nan nenp\u00f2t tribinal sikonskripsyon nan eta a. Tribinal ap\u00e8l la te dak\u00f2.<\/strong> Kontr\u00e8man ak desizyon tribinal sikonskripsyon an, <\/span><a href=\"https:\/\/tracking.cirrusinsight.com\/2feb9f3e-8738-4724-99da-9356f28fa287\/advance-lexis-com-document\"><span style=\"font-weight: 400;\">\u00a7 390.01114(4)(a)<\/span><\/a><span style=\"font-weight: 400;\"> Se te yon lwa ki gen rap\u00f2 ak tribinal la, pa yon lwa ki gen rap\u00f2 ak jiridiksyon. K\u00f2m lwa a pa t di anyen sou tribinal la kote yon pati ki pa rete nan eta a te dwe depoze yon petisyon, yo pa t prevwa okenn tribinal espesifik, e desizyon tribinal sikonskripsyon an te yon er\u00e8. Sepandan, dapre del\u00e8 ki tabli nan Lwa a, yo pa t otorize yon ranvwa pou yon nouvo odyans devan tribinal sikonskripsyon an. K\u00f2m rezilta, tribinal ap\u00e8l la, anvan li te bay opinyon ekri li, te bay l\u00f2d pou tribinal sikonskripsyon an imedyatman bay yon l\u00f2d pou aksepte petisyon an.<\/span><\/p>\n<p><span style=\"font-weight: 400;\">Ka konpl\u00e8 a: \u00a0<a href=\"https:\/\/floridareprofreedom.org\/wp-content\/uploads\/2020\/12\/In-re-Doe-07-B_-973-So.-2d-627.pdf\">Nan ka Doe 07-B_ 973 So. 2d 627<\/a><\/span><\/p>\n<p><img fetchpriority=\"high\" decoding=\"async\" class=\"alignnone size-full wp-image-1001\" src=\"https:\/\/floridareprofreedom.org\/wp-content\/uploads\/2020\/05\/flcircuitmap.jpeg\" alt=\"\" width=\"465\" height=\"390\" srcset=\"https:\/\/floridareprofreedom.org\/wp-content\/uploads\/2020\/05\/flcircuitmap.jpeg 465w, https:\/\/floridareprofreedom.org\/wp-content\/uploads\/2020\/05\/flcircuitmap-300x252.jpeg 300w\" sizes=\"(max-width: 465px) 100vw, 465px\" \/><\/p>\n<p><iframe src=\"https:\/\/docs.google.com\/spreadsheets\/d\/e\/2PACX-1vQB6krgtRma-96mkc9NufqrFn2t3gYItPYTXhaTc_euzRTZEXyRs9x90T-YutHr6CS_eNVijuyheuHR\/pubhtml?gid=1415876535&amp;single=true&amp;widget=true&amp;headers=false\" width=\"850\" height=\"1200\"><\/iframe><\/p>\n<p style=\"text-align: center;\"><a href=\"https:\/\/floridareprofreedom.org\/ht\/kote\/\"><img decoding=\"async\" class=\"alignnone wp-image-1014 size-full\" src=\"https:\/\/floridareprofreedom.org\/wp-content\/uploads\/2020\/05\/previous.gif\" alt=\"\" width=\"231\" height=\"32\" \/><\/a>\u00a0 \u00a0<a href=\"https:\/\/floridareprofreedom.org\/ht\/fom-yo\/\"><img decoding=\"async\" class=\"alignnone wp-image-1015 size-full\" src=\"https:\/\/floridareprofreedom.org\/wp-content\/uploads\/2020\/05\/next.gif\" alt=\"\" width=\"231\" height=\"32\" \/><\/a><\/p>\n<p><b>Kesyon ki gen rap\u00f2<\/b><\/p>\n<ul>\n<li style=\"font-weight: 400;\"><a href=\"https:\/\/floridareprofreedom.org\/ht\/kontouneman-jidisye-2\/\"><span style=\"font-weight: 400;\">Ki sa ki yon kontoune jidisy\u00e8 pou av\u00f2tman?<\/span><\/a><\/li>\n<li><a href=\"https:\/\/floridareprofreedom.org\/ht\/kote\/\">Ki kote pou m ale pou m jwenn yon bypass jidisy\u00e8?<\/a><\/li>\n<li><a href=\"https:\/\/floridareprofreedom.org\/ht\/fom-yo\/\">Ki f\u00f2m mwen bezwen?<\/a><\/li>\n<li><a href=\"https:\/\/floridareprofreedom.org\/ht\/jij\/\"><span style=\"font-weight: 400;\">Kisa jij la pral konsidere?<\/span><\/a><\/li>\n<li style=\"font-weight: 400;\"><a href=\"https:\/\/floridareprofreedom.org\/ht\/avoka\/\"><span style=\"font-weight: 400;\">\u00c8ske mwen bezwen yon avoka?<\/span><\/a><\/li>\n<li style=\"font-weight: 400;\"><a href=\"https:\/\/floridareprofreedom.org\/ht\/konbyen-tan\/\"><span style=\"font-weight: 400;\">Konbyen tan li pran pou jwenn yon kontouneman jidisy\u00e8?<\/span><\/a><\/li>\n<li style=\"font-weight: 400;\"><a href=\"https:\/\/floridareprofreedom.org\/ht\/pri\/\"><span style=\"font-weight: 400;\">\u00c8ske li koute lajan pou jwenn yon kontoune jidisy\u00e8?<\/span><\/a><\/li>\n<li style=\"font-weight: 400;\"><a href=\"https:\/\/floridareprofreedom.org\/ht\/nenpot-moun-konnen\/\"><span style=\"font-weight: 400;\">\u00c8ske gen moun ki pral konnen si mwen jwenn yon kontoune jidisy\u00e8 pou av\u00f2tman?<\/span><\/a><\/li>\n<li style=\"font-weight: 400;\"><a href=\"https:\/\/floridareprofreedom.org\/ht\/kesyonjij\/\"><span style=\"font-weight: 400;\">Ki kalite kesyon jij la pral poze m?<\/span><\/a><\/li>\n<li style=\"font-weight: 400;\"><a href=\"https:\/\/floridareprofreedom.org\/ht\/mete\/\"><span style=\"font-weight: 400;\">Kisa pou m mete pou m al nan tribinal la?<\/span><\/a><\/li>\n<li style=\"font-weight: 400;\"><a href=\"https:\/\/floridareprofreedom.org\/ht\/pwograme\/\"><span style=\"font-weight: 400;\">Kisa k ap pase si odyans mwen an pwograme pandan yon jounen lek\u00f2l?<\/span><\/a><\/li>\n<li style=\"font-weight: 400;\"><a href=\"https:\/\/floridareprofreedom.org\/ht\/lot-moun\/\"><span style=\"font-weight: 400;\">\u00c8ske l\u00f2t moun ki enplike nan gwos\u00e8s mwen an gen yon opinyon sou chwa mwen pou m f\u00e8 av\u00f2tman?<\/span><\/a><\/li>\n<li style=\"font-weight: 400;\"><a href=\"https:\/\/floridareprofreedom.org\/ht\/sitwayen\/\"><span style=\"font-weight: 400;\">\u00c8ske mwen oblije yon sitwayen ameriken pou mwen ka f\u00e8 yon av\u00f2tman? E si mwen pa pale angle byen?<\/span><\/a><\/li>\n<li style=\"font-weight: 400;\"><a href=\"https:\/\/floridareprofreedom.org\/ht\/chanjman\/\"><span style=\"font-weight: 400;\">\u00c8ske m ka chanje lide apre m fin f\u00e8 bypass la?<\/span><\/a><\/li>\n<li><a href=\"https:\/\/floridareprofreedom.org\/ht\/nye\/\">E si jij la refize demann mwen pou yon kontouneman?<\/a><\/li>\n<\/ul>","protected":false},"excerpt":{"rendered":"<p>Young people who are from other states who are seeking abortion care in Florida can file for a judicial bypass in any circuit court in Florida (see map and list below). Non-Florida residents are not restricted to any specific circuit. This is different from Florida residents who are to file in a court within the [&hellip;]<\/p>\n","protected":false},"author":3,"featured_media":0,"parent":0,"menu_order":0,"comment_status":"closed","ping_status":"closed","template":"","meta":{"footnotes":""},"folder":[8],"class_list":["post-1553","page","type-page","status-publish","hentry"],"yoast_head":"<!-- This site is optimized with the Yoast SEO plugin v27.3 - https:\/\/yoast.com\/product\/yoast-seo-wordpress\/ -->\n<title>Not from Florida? - Floridians For Reproductive Freedom<\/title>\n<meta name=\"robots\" content=\"index, follow, max-snippet:-1, max-image-preview:large, max-video-preview:-1\" \/>\n<link rel=\"canonical\" href=\"https:\/\/floridareprofreedom.org\/ht\/pa-soti-florid\/\" \/>\n<meta property=\"og:locale\" content=\"ht_HT\" \/>\n<meta property=\"og:type\" content=\"article\" \/>\n<meta property=\"og:title\" content=\"Not from Florida? - Floridians For Reproductive Freedom\" \/>\n<meta property=\"og:description\" content=\"Young people who are from other states who are seeking abortion care in Florida can file for a judicial bypass in any circuit court in Florida (see map and list below). Non-Florida residents are not restricted to any specific circuit. This is different from Florida residents who are to file in a court within the [&hellip;]\" \/>\n<meta property=\"og:url\" content=\"https:\/\/floridareprofreedom.org\/ht\/pa-soti-florid\/\" \/>\n<meta property=\"og:site_name\" content=\"Floridians For Reproductive Freedom\" \/>\n<meta property=\"article:publisher\" content=\"https:\/\/www.facebook.com\/FloridaReproFreedom\/\" \/>\n<meta property=\"article:modified_time\" content=\"2021-01-04T20:16:47+00:00\" \/>\n<meta property=\"og:image\" content=\"https:\/\/floridareprofreedom.org\/wp-content\/uploads\/2020\/05\/flcircuitmap.jpeg\" \/>\n<meta name=\"twitter:card\" content=\"summary_large_image\" \/>\n<meta name=\"twitter:site\" content=\"@FLReproFreedom\" \/>\n<meta name=\"twitter:label1\" content=\"Est. reading time\" \/>\n\t<meta name=\"twitter:data1\" content=\"2 minutes\" \/>\n<script type=\"application\/ld+json\" class=\"yoast-schema-graph\">{\"@context\":\"https:\\\/\\\/schema.org\",\"@graph\":[{\"@type\":\"WebPage\",\"@id\":\"https:\\\/\\\/floridareprofreedom.org\\\/not-from-florida\\\/\",\"url\":\"https:\\\/\\\/floridareprofreedom.org\\\/not-from-florida\\\/\",\"name\":\"Not from Florida? - Floridians For Reproductive Freedom\",\"isPartOf\":{\"@id\":\"https:\\\/\\\/floridareprofreedom.org\\\/#website\"},\"primaryImageOfPage\":{\"@id\":\"https:\\\/\\\/floridareprofreedom.org\\\/not-from-florida\\\/#primaryimage\"},\"image\":{\"@id\":\"https:\\\/\\\/floridareprofreedom.org\\\/not-from-florida\\\/#primaryimage\"},\"thumbnailUrl\":\"https:\\\/\\\/floridareprofreedom.org\\\/wp-content\\\/uploads\\\/2020\\\/05\\\/flcircuitmap.jpeg\",\"datePublished\":\"2020-12-18T17:27:34+00:00\",\"dateModified\":\"2021-01-04T20:16:47+00:00\",\"breadcrumb\":{\"@id\":\"https:\\\/\\\/floridareprofreedom.org\\\/not-from-florida\\\/#breadcrumb\"},\"inLanguage\":\"ht\",\"potentialAction\":[{\"@type\":\"ReadAction\",\"target\":[\"https:\\\/\\\/floridareprofreedom.org\\\/not-from-florida\\\/\"]}]},{\"@type\":\"ImageObject\",\"inLanguage\":\"ht\",\"@id\":\"https:\\\/\\\/floridareprofreedom.org\\\/not-from-florida\\\/#primaryimage\",\"url\":\"https:\\\/\\\/floridareprofreedom.org\\\/wp-content\\\/uploads\\\/2020\\\/05\\\/flcircuitmap.jpeg\",\"contentUrl\":\"https:\\\/\\\/floridareprofreedom.org\\\/wp-content\\\/uploads\\\/2020\\\/05\\\/flcircuitmap.jpeg\"},{\"@type\":\"BreadcrumbList\",\"@id\":\"https:\\\/\\\/floridareprofreedom.org\\\/not-from-florida\\\/#breadcrumb\",\"itemListElement\":[{\"@type\":\"ListItem\",\"position\":1,\"name\":\"Home\",\"item\":\"https:\\\/\\\/floridareprofreedom.org\\\/\"},{\"@type\":\"ListItem\",\"position\":2,\"name\":\"Not from Florida?\"}]},{\"@type\":\"WebSite\",\"@id\":\"https:\\\/\\\/floridareprofreedom.org\\\/#website\",\"url\":\"https:\\\/\\\/floridareprofreedom.org\\\/\",\"name\":\"Floridians For Reproductive Freedom\",\"description\":\"Advocating for convenient, affordable, and safe access to reproductive health care, including abortion.\",\"publisher\":{\"@id\":\"https:\\\/\\\/floridareprofreedom.org\\\/#organization\"},\"potentialAction\":[{\"@type\":\"SearchAction\",\"target\":{\"@type\":\"EntryPoint\",\"urlTemplate\":\"https:\\\/\\\/floridareprofreedom.org\\\/?s={search_term_string}\"},\"query-input\":{\"@type\":\"PropertyValueSpecification\",\"valueRequired\":true,\"valueName\":\"search_term_string\"}}],\"inLanguage\":\"ht\"},{\"@type\":\"Organization\",\"@id\":\"https:\\\/\\\/floridareprofreedom.org\\\/#organization\",\"name\":\"Floridians for Reproductive Freedom\",\"url\":\"https:\\\/\\\/floridareprofreedom.org\\\/\",\"logo\":{\"@type\":\"ImageObject\",\"inLanguage\":\"ht\",\"@id\":\"https:\\\/\\\/floridareprofreedom.org\\\/#\\\/schema\\\/logo\\\/image\\\/\",\"url\":\"https:\\\/\\\/floridareprofreedom.org\\\/wp-content\\\/uploads\\\/2019\\\/05\\\/Untitled.jpg\",\"contentUrl\":\"https:\\\/\\\/floridareprofreedom.org\\\/wp-content\\\/uploads\\\/2019\\\/05\\\/Untitled.jpg\",\"width\":174,\"height\":180,\"caption\":\"Floridians for Reproductive Freedom\"},\"image\":{\"@id\":\"https:\\\/\\\/floridareprofreedom.org\\\/#\\\/schema\\\/logo\\\/image\\\/\"},\"sameAs\":[\"https:\\\/\\\/www.facebook.com\\\/FloridaReproFreedom\\\/\",\"https:\\\/\\\/x.com\\\/FLReproFreedom\",\"https:\\\/\\\/www.instagram.com\\\/floridareprofreedom\\\/\"]}]}<\/script>\n<!-- \/ Yoast SEO plugin. -->","yoast_head_json":{"title":"Ou pa soti Florid? - Floridyen pou Lib\u00e8te Repwodiktif","robots":{"index":"index","follow":"follow","max-snippet":"max-snippet:-1","max-image-preview":"max-image-preview:large","max-video-preview":"max-video-preview:-1"},"canonical":"https:\/\/floridareprofreedom.org\/ht\/pa-soti-florid\/","og_locale":"ht_HT","og_type":"article","og_title":"Not from Florida? - Floridians For Reproductive Freedom","og_description":"Young people who are from other states who are seeking abortion care in Florida can file for a judicial bypass in any circuit court in Florida (see map and list below). Non-Florida residents are not restricted to any specific circuit. This is different from Florida residents who are to file in a court within the [&hellip;]","og_url":"https:\/\/floridareprofreedom.org\/ht\/pa-soti-florid\/","og_site_name":"Floridians For Reproductive Freedom","article_publisher":"https:\/\/www.facebook.com\/FloridaReproFreedom\/","article_modified_time":"2021-01-04T20:16:47+00:00","og_image":[{"url":"https:\/\/floridareprofreedom.org\/wp-content\/uploads\/2020\/05\/flcircuitmap.jpeg","type":"","width":"","height":""}],"twitter_card":"summary_large_image","twitter_site":"@FLReproFreedom","twitter_misc":{"Est. reading time":"2 minutes"},"schema":{"@context":"https:\/\/schema.org","@graph":[{"@type":"WebPage","@id":"https:\/\/floridareprofreedom.org\/not-from-florida\/","url":"https:\/\/floridareprofreedom.org\/not-from-florida\/","name":"Ou pa soti Florid? - Floridyen pou Lib\u00e8te Repwodiktif","isPartOf":{"@id":"https:\/\/floridareprofreedom.org\/#website"},"primaryImageOfPage":{"@id":"https:\/\/floridareprofreedom.org\/not-from-florida\/#primaryimage"},"image":{"@id":"https:\/\/floridareprofreedom.org\/not-from-florida\/#primaryimage"},"thumbnailUrl":"https:\/\/floridareprofreedom.org\/wp-content\/uploads\/2020\/05\/flcircuitmap.jpeg","datePublished":"2020-12-18T17:27:34+00:00","dateModified":"2021-01-04T20:16:47+00:00","breadcrumb":{"@id":"https:\/\/floridareprofreedom.org\/not-from-florida\/#breadcrumb"},"inLanguage":"ht","potentialAction":[{"@type":"ReadAction","target":["https:\/\/floridareprofreedom.org\/not-from-florida\/"]}]},{"@type":"ImageObject","inLanguage":"ht","@id":"https:\/\/floridareprofreedom.org\/not-from-florida\/#primaryimage","url":"https:\/\/floridareprofreedom.org\/wp-content\/uploads\/2020\/05\/flcircuitmap.jpeg","contentUrl":"https:\/\/floridareprofreedom.org\/wp-content\/uploads\/2020\/05\/flcircuitmap.jpeg"},{"@type":"BreadcrumbList","@id":"https:\/\/floridareprofreedom.org\/not-from-florida\/#breadcrumb","itemListElement":[{"@type":"ListItem","position":1,"name":"Home","item":"https:\/\/floridareprofreedom.org\/"},{"@type":"ListItem","position":2,"name":"Not from Florida?"}]},{"@type":"WebSite","@id":"https:\/\/floridareprofreedom.org\/#website","url":"https:\/\/floridareprofreedom.org\/","name":"Floridyen pou lib\u00e8te repwodiktif","description":"Ap defann aks\u00e8 pratik, ab\u00f2dab, epi an sekirite a swen sante repwodiktif, tankou av\u00f2tman.","publisher":{"@id":"https:\/\/floridareprofreedom.org\/#organization"},"potentialAction":[{"@type":"SearchAction","target":{"@type":"EntryPoint","urlTemplate":"https:\/\/floridareprofreedom.org\/?s={search_term_string}"},"query-input":{"@type":"PropertyValueSpecification","valueRequired":true,"valueName":"search_term_string"}}],"inLanguage":"ht"},{"@type":"Organization","@id":"https:\/\/floridareprofreedom.org\/#organization","name":"Floridyen pou Lib\u00e8te Repwodiktif","url":"https:\/\/floridareprofreedom.org\/","logo":{"@type":"ImageObject","inLanguage":"ht","@id":"https:\/\/floridareprofreedom.org\/#\/schema\/logo\/image\/","url":"https:\/\/floridareprofreedom.org\/wp-content\/uploads\/2019\/05\/Untitled.jpg","contentUrl":"https:\/\/floridareprofreedom.org\/wp-content\/uploads\/2019\/05\/Untitled.jpg","width":174,"height":180,"caption":"Floridians for Reproductive Freedom"},"image":{"@id":"https:\/\/floridareprofreedom.org\/#\/schema\/logo\/image\/"},"sameAs":["https:\/\/www.facebook.com\/FloridaReproFreedom\/","https:\/\/x.com\/FLReproFreedom","https:\/\/www.instagram.com\/floridareprofreedom\/"]}]}},"_links":{"self":[{"href":"https:\/\/floridareprofreedom.org\/ht\/wp-json\/wp\/v2\/pages\/1553","targetHints":{"allow":["GET"]}}],"collection":[{"href":"https:\/\/floridareprofreedom.org\/ht\/wp-json\/wp\/v2\/pages"}],"about":[{"href":"https:\/\/floridareprofreedom.org\/ht\/wp-json\/wp\/v2\/types\/page"}],"author":[{"embeddable":true,"href":"https:\/\/floridareprofreedom.org\/ht\/wp-json\/wp\/v2\/users\/3"}],"replies":[{"embeddable":true,"href":"https:\/\/floridareprofreedom.org\/ht\/wp-json\/wp\/v2\/comments?post=1553"}],"version-history":[{"count":5,"href":"https:\/\/floridareprofreedom.org\/ht\/wp-json\/wp\/v2\/pages\/1553\/revisions"}],"predecessor-version":[{"id":1565,"href":"https:\/\/floridareprofreedom.org\/ht\/wp-json\/wp\/v2\/pages\/1553\/revisions\/1565"}],"wp:attachment":[{"href":"https:\/\/floridareprofreedom.org\/ht\/wp-json\/wp\/v2\/media?parent=1553"}],"wp:term":[{"taxonomy":"folder","embeddable":true,"href":"https:\/\/floridareprofreedom.org\/ht\/wp-json\/wp\/v2\/folder?post=1553"}],"curies":[{"name":"wp","href":"https:\/\/api.w.org\/{rel}","templated":true}]}}