{"id":1596,"date":"2021-01-19T17:20:53","date_gmt":"2021-01-19T17:20:53","guid":{"rendered":"https:\/\/floridareprofreedom.org\/?page_id=1596"},"modified":"2021-01-27T13:26:52","modified_gmt":"2021-01-27T13:26:52","slug":"fpsp","status":"publish","type":"page","link":"https:\/\/floridareprofreedom.org\/ht\/fpssp\/","title":{"rendered":"Pwogram S\u00e8vis Sip\u00f2 Gwos\u00e8s Florid"},"content":{"rendered":"<p>Former Florida Governor Jeb Bush initiated the Florida Pregnancy Support Services Program through executive order in 2004 as Florida\u2019s \u201cAlternative to Abortion\u201d program. The order authorized the use of public funds for anti-abortion pregnancy centers that push people away from obtaining abortion care.<\/p>\n<h2><em>History of Anti-Abortion Pregnancy Centers<\/em><\/h2>\n<p>Beginning in the 1960s, the <a href=\"https:\/\/www.nytimes.com\/1987\/01\/23\/nyregion\/pregnancy-centers-anti-abortion-role-challenged.html.\">anti-abortion movement founded what they called \u201ccrisis pregnancy centers\u201d<\/a> in response to the widespread legalization of abortion access. The movement <a href=\"https:\/\/www.austinchronicle.com\/news\/2018-07-20\/crisis-pregnancy-centers-money-for-nothing\/\">established these centers<\/a> across the country to entice pregnant people seeking abortions to enter their doors where employees or volunteers try to convince them to forgo the intended procedure. Anti-abortion pregnancy centers sometimes offer some version of health care services including ultrasounds, pregnancy tests, and testing for sexually transmitted diseases, but administration of these services is <a href=\"https:\/\/www.guttmacher.org\/article\/2006\/07\/crisis-pregnancy-centers-offer-misleading-information-abortion-risks\">not their primary mission<\/a>. Many advocates, lawmakers, and public officials who support reproductive rights have concluded that these centers purposefully mislead people in violation of state laws.<a href=\"#_ftn1\" name=\"_ftnref1\"><sup>[1]<\/sup><\/a><\/p>\n<p>Anti-abortion advocates claim that Robert Pearson, a homebuilder, set up the first such center in Hawaii in 1967.<a href=\"#_ftn2\" name=\"_ftnref2\"><sup>[2]<\/sup><\/a>\u00a0 After the Supreme Court affirmed the right to abortion\u00a0in 1973, the anti-abortion movement <a href=\"http:\/\/prochoice.org\/wp-content\/uploads\/cpc_report.pdf\">expanded its efforts<\/a> to set up these centers designed to divert pregnant people away from medical clinics that provide abortion care.<\/p>\n<p>For several decades, anti-abortion pregnancy centers survived by raising funds from religious donors and churches. After establishing the first center in Hawaii, <a href=\"https:\/\/www.nytimes.com\/1987\/01\/23\/nyregion\/pregnancy-centers-anti-abortion-role-challenged.html.\">Mr. Pearson<\/a><a href=\"https:\/\/www.nytimes.com\/1987\/01\/23\/nyregion\/pregnancy-centers-anti-abortion-role-challenged.html.\">\u00a0started the Pearson Foundation<\/a> in 1969 in St. Louis, Missouri to promote similar centers nationally. An early manual published by the foundation instructed centers to lie about their true purpose. The manual explained that anti-abortion pregnancy centers should employ dual names and separate marketing materials with one brand intended to \u201cdraw abortion-bound women\u201d and another to attract donors. Several state attorneys general investigated these centers and found that this dual structure was set up to mislead people\u00a0and violated consumer protection laws.<\/p>\n<p><img fetchpriority=\"high\" decoding=\"async\" class=\"wp-image-1651 alignright\" src=\"https:\/\/floridareprofreedom.org\/wp-content\/uploads\/2021\/01\/Verity.png\" alt=\"\" width=\"274\" height=\"423\" srcset=\"https:\/\/floridareprofreedom.org\/wp-content\/uploads\/2021\/01\/Verity.png 569w, https:\/\/floridareprofreedom.org\/wp-content\/uploads\/2021\/01\/Verity-194x300.png 194w\" sizes=\"(max-width: 274px) 100vw, 274px\" \/><\/p>\n<p>By 1985, Birthright \u2013 a Toronto-based network of anti-abortion pregnancy centers claiming to be the oldest in North America \u2013 <a href=\"https:\/\/www.csmonitor.com\/1985\/0718\/ababy.html\">claimed a network<\/a> of more than 600 centers\u00a0\u00a0throughout the continent. At the time, Alternatives to Abortion International listed 1,500 operating centers. Growth exploded throughout the decade. In 1989, <em>Newsday<\/em> reported that 4,000 centers existed in the United States.<a href=\"#_ftn3\" name=\"_ftnref3\"><sup>[3]<\/sup><\/a>\u00a0 The industry is dominated by a few national players, including Heartbeat International and Care Net, each of which claim thousands of affiliates.<a href=\"#_ftn4\" name=\"_ftnref4\"><sup>[4]<\/sup><\/a><\/p>\n<p>These centers are typically organized around religious principles and pay for their operations by raising money from private donors, foundations, and churches.<a href=\"#_ftn5\" name=\"_ftnref5\"><sup>[5]<\/sup><\/a>\u00a0 Despite investigations by state officials, anti-abortion pregnancy centers continue to employ the <a href=\"https:\/\/www.nytimes.com\/1987\/01\/23\/nyregion\/pregnancy-centers-anti-abortion-role-challenged.html.\">same misleading tactics<\/a> they have used for decades. They often locate their centers as close as possible to real medical clinics that provide legitimate health care services. They advertise in the same places as abortion providers and use innocuous language to lead pregnant people to believe they also provide abortions.<\/p>\n<p>Anti-abortion pregnancy centers have updated their tactics for the digital age. For instance, they <a href=\"https:\/\/campaignforaccountability.org\/work\/letter-calling-on-ohio-attorney-general-to-investigate-state-funded-fake-abortion-clinics-for-misleading-women\/\">maintain dual websites<\/a>: a secular site to appeal to pregnant people and a religious one to appeal to their donors and supporters. Centers have also hired digital advertising firms to <a href=\"https:\/\/www.reuters.com\/article\/us-massachusetts-abortion\/firm-settles-massachusetts-probe-over-anti-abortion-ads-sent-to-phones-idUSKBN1761PX.\">push geotargeted ads at people who enter\u00a0<\/a><\/p>\n<p><a href=\"https:\/\/www.reuters.com\/article\/us-massachusetts-abortion\/firm-settles-massachusetts-probe-over-anti-abortion-ads-sent-to-phones-idUSKBN1761PX.\">abortion clinics<\/a>. The Massachusetts Attorney General concluded that this tactic <a href=\"https:\/\/www.mass.gov\/news\/ag-reaches-settlement-with-advertising-company-prohibiting-geofencing-around-massachusetts\">violated consumer protection laws<\/a> and forced one advertising firm to forgo this approach in Massachusetts.<\/p>\n<p>Anti-abortion pregnancy centers around the country began pursuing government funding in the late 1990s after Pennsylvania funded a network of centers through the first Alternative to Abortion Program, Project Women in Need. States attempt to offer parenting assistance and material goods through an Alternative to Abortion Program by granting money to organizations that promote childbirth, but often these states settle for granting money to anti-abortion pregnancy centers that manipulate pregnant people from accessing the care they seek. As of 2019, 14 states fund anti-abortion pregnancy centers through some variation of an Alternative to Abortion Program. Through increased political involvement and advocacy, using affiliations with national organizations, they have <a href=\"https:\/\/www.guttmacher.org\/gpr\/2002\/05\/crisis-pregnancy-centers-seek-increase-political-clout-secure-government-subsidy\">secured more government funding<\/a> across the United States at the state and federal level. <a href=\"https:\/\/rewire.news\/legislative-tracker\/law-topic\/crisis-pregnancy-centers\/\">Fourteen states fund anti-abortion pregnancy centers<\/a> through various versions of the alternative-to-abortion programs, while more than 3,700 centers operate across the U.S.<a href=\"#_ftn6\" name=\"_ftnref6\"><sup>[6]<\/sup><\/a>\u00a0 Currently there are <a href=\"https:\/\/floridareprofreedom.org\/fakeclinics\/\">192 centers operating in Florida<\/a>.<\/p>\n<p style=\"text-align: center;\"><a href=\"https:\/\/floridareprofreedom.org\/executivesummary\/\"><img decoding=\"async\" class=\"alignnone wp-image-1625 size-full\" src=\"https:\/\/floridareprofreedom.org\/wp-content\/uploads\/2021\/01\/previous.gif\" alt=\"\" width=\"143\" height=\"31\" \/><\/a> <a href=\"https:\/\/floridareprofreedom.org\/history\"><img decoding=\"async\" class=\"alignnone wp-image-1624 size-full\" src=\"https:\/\/floridareprofreedom.org\/wp-content\/uploads\/2021\/01\/next.gif\" alt=\"\" width=\"143\" height=\"32\" \/><\/a><br \/>\n<a href=\"https:\/\/floridareprofreedom.org\/report\">Back to Report Home<\/a><\/p>\n<hr \/>\n<p><a href=\"#_ftnref1\" name=\"_ftn1\"><sup>[1]<\/sup><\/a> Tom Bowman, <em>Crisis Pregnancy Centers Accused of Misleading Women Seeking Abortions<\/em>, The Baltimore Sun (Jul. 25, 1991), <em>available at <\/em><a href=\"https:\/\/www.baltimoresun.com\/news\/bs-xpm-1991-07-25-1991206027-story.html\">https:\/\/www.baltimoresun.com\/news\/bs-xpm-1991-07-25-1991206027-story.html<\/a>; Joanne D. Rosen, <em>The Public Health Risks of Crisis Pregnancy Centers<\/em>, Perspectives on Sexual and Reproductive Health, Volume 44, Issue 3 (Sep. 10, 2012), <em>available at\u00a0 <\/em><a href=\"https:\/\/www.guttmacher.org\/journals\/psrh\/2012\/09\/public-health-risks-crisis-pregnancy-centers\">https:\/\/www.guttmacher.org\/journals\/psrh\/2012\/09\/public-health-risks-crisis-pregnancy-centers<\/a>; Jane Gross, <em>Pregnancy Centers: Anti-Abortion Role Challenged<\/em>, The New York Times (Jan. 23, 1987), <em>available at <\/em><a href=\"https:\/\/www.nytimes.com\/1987\/01\/23\/nyregion\/pregnancy-centers-anti-abortion-role-challenged.html\">https:\/\/www.nytimes.com\/1987\/01\/23\/nyregion\/pregnancy-centers-anti-abortion-role-challenged.html<\/a>.<\/p>\n<p><a href=\"#_ftnref2\" name=\"_ftn2\"><sup>[2]<\/sup><\/a> Judith Davidoff, <em>Pregnant? Scared?<\/em>, ISTHMUS (Jan. 31, 2013), <em>available at\u00a0 <\/em><a href=\"https:\/\/isthmus.com\/news\/news\/pregnant-scared-abortion-risks-are-exaggerated-at-wisconsins-crisis-pregnancy-centers\/\">https:\/\/isthmus.com\/news\/news\/pregnant-scared-abortion-risks-are-exaggerated-at-wisconsins-crisis-pregnancy-centers\/<\/a>; <em>Crisis Pregnancy Centers: An Affront to Choice<\/em>, National Abortion Federation (2006), <em>available at<\/em> <a href=\"http:\/\/prochoice.org\/wp-content\/uploads\/cpc_report.pdf\">http:\/\/prochoice.org\/wp-content\/uploads\/cpc_report.pdf<\/a>.<\/p>\n<p><a href=\"#_ftnref3\" name=\"_ftn3\"><sup>[3]<\/sup><\/a> Mark Lowery, <em>Abortion in America. Focus on the City; An Alternative That\u2019s Not Always Made Clear<\/em>, Newsday, April 25, 1989.<\/p>\n<p><a href=\"#_ftnref4\" name=\"_ftn4\"><sup>[4]<\/sup><\/a> <em>Our Story<\/em>, Heartbeat International (last accessed Nov. 17, 2020), <em>available at <\/em><a href=\"https:\/\/www.heartbeatinternational.org\/about\/our-story\">https:\/\/www.heartbeatinternational.org\/about\/our-story<\/a>; <em>Affiliation<\/em>, Care Net (last accessed Nov. 17, 2020), <em>available at<\/em> <a href=\"https:\/\/www.care-net.org\/affiliation\">https:\/\/www.care-net.org\/affiliation<\/a>.<\/p>\n<p><a href=\"#_ftnref5\" name=\"_ftn5\"><sup>[5]<\/sup><\/a> <em>Financial Accountability<\/em>, Heartbeat International (last accessed Nov. 17, 2020), <em>available at<\/em> <a href=\"https:\/\/www.heartbeatinternational.org\/about\/financial-accountability\">https:\/\/www.heartbeatinternational.org\/about\/financial-accountability<\/a>; <em>Financial Information<\/em>, Care Net (last accessed Nov. 17, 2020), <em>available at<\/em> <a href=\"https:\/\/www.care-net.org\/financial-information\">https:\/\/www.care-net.org\/financial-information<\/a>.<\/p>\n<p><a href=\"#_ftnref6\" name=\"_ftn6\"><sup>[6]<\/sup><\/a> Swartzendruber A, Lambert DN. A Web-Based Geolocated Directory of Crisis Pregnancy Centers (CPCs) in the United States: Description of CPC Map Methods and Design Features and Analysis of Baseline Data.\u00a0<em>JMIR Public Health Surveill<\/em>. 2020;6(1):e16726. Published 2020 Mar 27. doi:10.2196\/16726.<\/p>\n","protected":false},"excerpt":{"rendered":"<p>Former Florida Governor Jeb Bush initiated the Florida Pregnancy Support Services Program through executive order in 2004 as Florida\u2019s \u201cAlternative to Abortion\u201d program. The order authorized the use of public funds for anti-abortion pregnancy centers that push people away from obtaining abortion care. History of Anti-Abortion Pregnancy Centers Beginning in the 1960s, the anti-abortion movement [&hellip;]<\/p>\n","protected":false},"author":3,"featured_media":0,"parent":0,"menu_order":0,"comment_status":"closed","ping_status":"closed","template":"","meta":{"footnotes":""},"folder":[17],"class_list":["post-1596","page","type-page","status-publish","hentry"],"yoast_head":"<!-- This site is optimized with the Yoast SEO plugin v27.3 - https:\/\/yoast.com\/product\/yoast-seo-wordpress\/ -->\n<title>Florida Pregnancy Support Services Program - Floridians For Reproductive Freedom<\/title>\n<meta name=\"robots\" content=\"index, follow, max-snippet:-1, max-image-preview:large, max-video-preview:-1\" \/>\n<link rel=\"canonical\" href=\"https:\/\/floridareprofreedom.org\/ht\/fpsp\/\" \/>\n<meta property=\"og:locale\" content=\"ht_HT\" \/>\n<meta property=\"og:type\" content=\"article\" \/>\n<meta property=\"og:title\" content=\"Florida Pregnancy Support Services Program - Floridians For Reproductive Freedom\" \/>\n<meta property=\"og:description\" content=\"Former Florida Governor Jeb Bush initiated the Florida Pregnancy Support Services Program through executive order in 2004 as Florida\u2019s \u201cAlternative to Abortion\u201d program. The order authorized the use of public funds for anti-abortion pregnancy centers that push people away from obtaining abortion care. History of Anti-Abortion Pregnancy Centers Beginning in the 1960s, the anti-abortion movement [&hellip;]\" \/>\n<meta property=\"og:url\" content=\"https:\/\/floridareprofreedom.org\/ht\/fpsp\/\" \/>\n<meta property=\"og:site_name\" content=\"Floridians For Reproductive Freedom\" \/>\n<meta property=\"article:publisher\" content=\"https:\/\/www.facebook.com\/FloridaReproFreedom\/\" \/>\n<meta property=\"article:modified_time\" content=\"2021-01-27T13:26:52+00:00\" \/>\n<meta property=\"og:image\" content=\"https:\/\/floridareprofreedom.org\/wp-content\/uploads\/2021\/01\/Verity.png\" \/>\n<meta name=\"twitter:card\" content=\"summary_large_image\" \/>\n<meta name=\"twitter:site\" content=\"@FLReproFreedom\" \/>\n<meta name=\"twitter:label1\" content=\"Est. reading time\" \/>\n\t<meta name=\"twitter:data1\" content=\"5 minutes\" \/>\n<script type=\"application\/ld+json\" class=\"yoast-schema-graph\">{\"@context\":\"https:\\\/\\\/schema.org\",\"@graph\":[{\"@type\":\"WebPage\",\"@id\":\"https:\\\/\\\/floridareprofreedom.org\\\/fpssp\\\/\",\"url\":\"https:\\\/\\\/floridareprofreedom.org\\\/fpssp\\\/\",\"name\":\"Florida Pregnancy Support Services Program - Floridians For Reproductive Freedom\",\"isPartOf\":{\"@id\":\"https:\\\/\\\/floridareprofreedom.org\\\/#website\"},\"primaryImageOfPage\":{\"@id\":\"https:\\\/\\\/floridareprofreedom.org\\\/fpssp\\\/#primaryimage\"},\"image\":{\"@id\":\"https:\\\/\\\/floridareprofreedom.org\\\/fpssp\\\/#primaryimage\"},\"thumbnailUrl\":\"https:\\\/\\\/floridareprofreedom.org\\\/wp-content\\\/uploads\\\/2021\\\/01\\\/Verity.png\",\"datePublished\":\"2021-01-19T17:20:53+00:00\",\"dateModified\":\"2021-01-27T13:26:52+00:00\",\"breadcrumb\":{\"@id\":\"https:\\\/\\\/floridareprofreedom.org\\\/fpssp\\\/#breadcrumb\"},\"inLanguage\":\"ht\",\"potentialAction\":[{\"@type\":\"ReadAction\",\"target\":[\"https:\\\/\\\/floridareprofreedom.org\\\/fpssp\\\/\"]}]},{\"@type\":\"ImageObject\",\"inLanguage\":\"ht\",\"@id\":\"https:\\\/\\\/floridareprofreedom.org\\\/fpssp\\\/#primaryimage\",\"url\":\"https:\\\/\\\/floridareprofreedom.org\\\/wp-content\\\/uploads\\\/2021\\\/01\\\/Verity.png\",\"contentUrl\":\"https:\\\/\\\/floridareprofreedom.org\\\/wp-content\\\/uploads\\\/2021\\\/01\\\/Verity.png\"},{\"@type\":\"BreadcrumbList\",\"@id\":\"https:\\\/\\\/floridareprofreedom.org\\\/fpssp\\\/#breadcrumb\",\"itemListElement\":[{\"@type\":\"ListItem\",\"position\":1,\"name\":\"Home\",\"item\":\"https:\\\/\\\/floridareprofreedom.org\\\/\"},{\"@type\":\"ListItem\",\"position\":2,\"name\":\"Florida Pregnancy Support Services Program\"}]},{\"@type\":\"WebSite\",\"@id\":\"https:\\\/\\\/floridareprofreedom.org\\\/#website\",\"url\":\"https:\\\/\\\/floridareprofreedom.org\\\/\",\"name\":\"Floridians For Reproductive Freedom\",\"description\":\"Advocating for convenient, affordable, and safe access to reproductive health care, including abortion.\",\"publisher\":{\"@id\":\"https:\\\/\\\/floridareprofreedom.org\\\/#organization\"},\"potentialAction\":[{\"@type\":\"SearchAction\",\"target\":{\"@type\":\"EntryPoint\",\"urlTemplate\":\"https:\\\/\\\/floridareprofreedom.org\\\/?s={search_term_string}\"},\"query-input\":{\"@type\":\"PropertyValueSpecification\",\"valueRequired\":true,\"valueName\":\"search_term_string\"}}],\"inLanguage\":\"ht\"},{\"@type\":\"Organization\",\"@id\":\"https:\\\/\\\/floridareprofreedom.org\\\/#organization\",\"name\":\"Floridians for Reproductive Freedom\",\"url\":\"https:\\\/\\\/floridareprofreedom.org\\\/\",\"logo\":{\"@type\":\"ImageObject\",\"inLanguage\":\"ht\",\"@id\":\"https:\\\/\\\/floridareprofreedom.org\\\/#\\\/schema\\\/logo\\\/image\\\/\",\"url\":\"https:\\\/\\\/floridareprofreedom.org\\\/wp-content\\\/uploads\\\/2019\\\/05\\\/Untitled.jpg\",\"contentUrl\":\"https:\\\/\\\/floridareprofreedom.org\\\/wp-content\\\/uploads\\\/2019\\\/05\\\/Untitled.jpg\",\"width\":174,\"height\":180,\"caption\":\"Floridians for Reproductive Freedom\"},\"image\":{\"@id\":\"https:\\\/\\\/floridareprofreedom.org\\\/#\\\/schema\\\/logo\\\/image\\\/\"},\"sameAs\":[\"https:\\\/\\\/www.facebook.com\\\/FloridaReproFreedom\\\/\",\"https:\\\/\\\/x.com\\\/FLReproFreedom\",\"https:\\\/\\\/www.instagram.com\\\/floridareprofreedom\\\/\"]}]}<\/script>\n<!-- \/ Yoast SEO plugin. -->","yoast_head_json":{"title":"Pwogram S\u00e8vis Sip\u00f2 Gwos\u00e8s Florid - Floridyen Pou Lib\u00e8te Repwodiktif","robots":{"index":"index","follow":"follow","max-snippet":"max-snippet:-1","max-image-preview":"max-image-preview:large","max-video-preview":"max-video-preview:-1"},"canonical":"https:\/\/floridareprofreedom.org\/ht\/fpsp\/","og_locale":"ht_HT","og_type":"article","og_title":"Florida Pregnancy Support Services Program - Floridians For Reproductive Freedom","og_description":"Former Florida Governor Jeb Bush initiated the Florida Pregnancy Support Services Program through executive order in 2004 as Florida\u2019s \u201cAlternative to Abortion\u201d program. The order authorized the use of public funds for anti-abortion pregnancy centers that push people away from obtaining abortion care. History of Anti-Abortion Pregnancy Centers Beginning in the 1960s, the anti-abortion movement [&hellip;]","og_url":"https:\/\/floridareprofreedom.org\/ht\/fpsp\/","og_site_name":"Floridians For Reproductive Freedom","article_publisher":"https:\/\/www.facebook.com\/FloridaReproFreedom\/","article_modified_time":"2021-01-27T13:26:52+00:00","og_image":[{"url":"https:\/\/floridareprofreedom.org\/wp-content\/uploads\/2021\/01\/Verity.png","type":"","width":"","height":""}],"twitter_card":"summary_large_image","twitter_site":"@FLReproFreedom","twitter_misc":{"Est. reading time":"5 minutes"},"schema":{"@context":"https:\/\/schema.org","@graph":[{"@type":"WebPage","@id":"https:\/\/floridareprofreedom.org\/fpssp\/","url":"https:\/\/floridareprofreedom.org\/fpssp\/","name":"Pwogram S\u00e8vis Sip\u00f2 Gwos\u00e8s Florid - Floridyen Pou Lib\u00e8te Repwodiktif","isPartOf":{"@id":"https:\/\/floridareprofreedom.org\/#website"},"primaryImageOfPage":{"@id":"https:\/\/floridareprofreedom.org\/fpssp\/#primaryimage"},"image":{"@id":"https:\/\/floridareprofreedom.org\/fpssp\/#primaryimage"},"thumbnailUrl":"https:\/\/floridareprofreedom.org\/wp-content\/uploads\/2021\/01\/Verity.png","datePublished":"2021-01-19T17:20:53+00:00","dateModified":"2021-01-27T13:26:52+00:00","breadcrumb":{"@id":"https:\/\/floridareprofreedom.org\/fpssp\/#breadcrumb"},"inLanguage":"ht","potentialAction":[{"@type":"ReadAction","target":["https:\/\/floridareprofreedom.org\/fpssp\/"]}]},{"@type":"ImageObject","inLanguage":"ht","@id":"https:\/\/floridareprofreedom.org\/fpssp\/#primaryimage","url":"https:\/\/floridareprofreedom.org\/wp-content\/uploads\/2021\/01\/Verity.png","contentUrl":"https:\/\/floridareprofreedom.org\/wp-content\/uploads\/2021\/01\/Verity.png"},{"@type":"BreadcrumbList","@id":"https:\/\/floridareprofreedom.org\/fpssp\/#breadcrumb","itemListElement":[{"@type":"ListItem","position":1,"name":"Home","item":"https:\/\/floridareprofreedom.org\/"},{"@type":"ListItem","position":2,"name":"Florida Pregnancy Support Services Program"}]},{"@type":"WebSite","@id":"https:\/\/floridareprofreedom.org\/#website","url":"https:\/\/floridareprofreedom.org\/","name":"Floridyen pou lib\u00e8te repwodiktif","description":"Ap defann aks\u00e8 pratik, ab\u00f2dab, epi an sekirite a swen sante repwodiktif, tankou av\u00f2tman.","publisher":{"@id":"https:\/\/floridareprofreedom.org\/#organization"},"potentialAction":[{"@type":"SearchAction","target":{"@type":"EntryPoint","urlTemplate":"https:\/\/floridareprofreedom.org\/?s={search_term_string}"},"query-input":{"@type":"PropertyValueSpecification","valueRequired":true,"valueName":"search_term_string"}}],"inLanguage":"ht"},{"@type":"Organization","@id":"https:\/\/floridareprofreedom.org\/#organization","name":"Floridyen pou Lib\u00e8te Repwodiktif","url":"https:\/\/floridareprofreedom.org\/","logo":{"@type":"ImageObject","inLanguage":"ht","@id":"https:\/\/floridareprofreedom.org\/#\/schema\/logo\/image\/","url":"https:\/\/floridareprofreedom.org\/wp-content\/uploads\/2019\/05\/Untitled.jpg","contentUrl":"https:\/\/floridareprofreedom.org\/wp-content\/uploads\/2019\/05\/Untitled.jpg","width":174,"height":180,"caption":"Floridians for Reproductive Freedom"},"image":{"@id":"https:\/\/floridareprofreedom.org\/#\/schema\/logo\/image\/"},"sameAs":["https:\/\/www.facebook.com\/FloridaReproFreedom\/","https:\/\/x.com\/FLReproFreedom","https:\/\/www.instagram.com\/floridareprofreedom\/"]}]}},"_links":{"self":[{"href":"https:\/\/floridareprofreedom.org\/ht\/wp-json\/wp\/v2\/pages\/1596","targetHints":{"allow":["GET"]}}],"collection":[{"href":"https:\/\/floridareprofreedom.org\/ht\/wp-json\/wp\/v2\/pages"}],"about":[{"href":"https:\/\/floridareprofreedom.org\/ht\/wp-json\/wp\/v2\/types\/page"}],"author":[{"embeddable":true,"href":"https:\/\/floridareprofreedom.org\/ht\/wp-json\/wp\/v2\/users\/3"}],"replies":[{"embeddable":true,"href":"https:\/\/floridareprofreedom.org\/ht\/wp-json\/wp\/v2\/comments?post=1596"}],"version-history":[{"count":10,"href":"https:\/\/floridareprofreedom.org\/ht\/wp-json\/wp\/v2\/pages\/1596\/revisions"}],"predecessor-version":[{"id":1737,"href":"https:\/\/floridareprofreedom.org\/ht\/wp-json\/wp\/v2\/pages\/1596\/revisions\/1737"}],"wp:attachment":[{"href":"https:\/\/floridareprofreedom.org\/ht\/wp-json\/wp\/v2\/media?parent=1596"}],"wp:term":[{"taxonomy":"folder","embeddable":true,"href":"https:\/\/floridareprofreedom.org\/ht\/wp-json\/wp\/v2\/folder?post=1596"}],"curies":[{"name":"wp","href":"https:\/\/api.w.org\/{rel}","templated":true}]}}