{"id":1609,"date":"2021-01-19T17:20:01","date_gmt":"2021-01-19T17:20:01","guid":{"rendered":"https:\/\/floridareprofreedom.org\/?page_id=1609"},"modified":"2025-09-03T19:22:44","modified_gmt":"2025-09-03T19:22:44","slug":"konklizyon","status":"publish","type":"page","link":"https:\/\/floridareprofreedom.org\/ht\/conclusion\/","title":{"rendered":"Konklizyon"},"content":{"rendered":"<p>Nan moman sa a, Lejislati Florid la te mete $4 milyon dola nan fon kontribyab yo chak ane nan Pwogram S\u00e8vis Sip\u00f2 Gwos\u00e8s Florid la. Kounye a, yo mete $29.5 milyon dola pou f\u00f2se fanm ansent nan Florid pou yo pa ch\u00e8che s\u00e8vis av\u00f2tman. Sant anti-av\u00f2tman yo resevwa majorite lajan kontribyab yo atrav\u00e8 pwogram sa a epi, an vyolasyon dir\u00e8k lalwa a, li sanble sant sa yo ap f\u00e8 pwoselitism pandan y ap bay enf\u00f2masyon ki pa egzat medikalman e ki danjere, tout sa pou f\u00e8 presyon sou yon moun ansent pou l mennen gwos\u00e8s li a a t\u00e8m.<\/p>\n<p>Jiskaske kontribyab yo ka gen asirans ke sant sa yo konf\u00f2m ak estanda etik etablisman medikal ki gen lisans yo, yo ofri bon kons\u00e8y medikal, epi yo pa lak\u00f2z domaj, eta Florid la ta dwe evite finanse dir\u00e8kteman oswa endir\u00e8kteman sant gwos\u00e8s kont av\u00f2tman.<\/p>\n<p style=\"text-align: center;\"><strong>Vizite nou an <a href=\"https:\/\/floridareprofreedom.org\/ht\/fo-klinik\/\">Paj Aksyon<\/a> pou aprann sou aksyon espesifik kowalisyon nou an ap pran pou atire atansyon sou pwobl\u00e8m ki asosye ak finansman piblik sant gwos\u00e8s kont av\u00f2tman yo.<\/strong><\/p>\n<p><a href=\"https:\/\/floridareprofreedom.org\/ht\/fpcn\/\"><img decoding=\"async\" class=\"alignnone wp-image-1625 size-full aligncenter\" src=\"https:\/\/floridareprofreedom.org\/wp-content\/uploads\/2021\/01\/previous.gif\" alt=\"\" width=\"143\" height=\"31\" \/><\/a><\/p>\n<p style=\"text-align: center;\"><a href=\"https:\/\/floridareprofreedom.org\/ht\/rapo\/\">Retounen nan paj dak\u00e8y rap\u00f2 a<\/a><\/p>","protected":false},"excerpt":{"rendered":"<p>At the time of writing this report, the Florida Legislature allocated $4 million a year of taxpayer funds to the Florida Pregnancy Support Services Program. Now, they allocate $29.5 million to coerce pregnant Floridians away from seeking abortion services. Anti-abortion\u00a0 centers receive the majority of taxpayer money through this program and in direct contravention of [&hellip;]<\/p>\n","protected":false},"author":3,"featured_media":0,"parent":0,"menu_order":0,"comment_status":"closed","ping_status":"closed","template":"","meta":{"footnotes":""},"folder":[17],"class_list":["post-1609","page","type-page","status-publish","hentry"],"yoast_head":"<!-- This site is optimized with the Yoast SEO plugin v27.3 - https:\/\/yoast.com\/product\/yoast-seo-wordpress\/ -->\n<title>Conclusion - Floridians For Reproductive Freedom<\/title>\n<meta name=\"robots\" content=\"index, follow, max-snippet:-1, max-image-preview:large, max-video-preview:-1\" \/>\n<link rel=\"canonical\" href=\"https:\/\/floridareprofreedom.org\/ht\/konklizyon\/\" \/>\n<meta property=\"og:locale\" content=\"ht_HT\" \/>\n<meta property=\"og:type\" content=\"article\" \/>\n<meta property=\"og:title\" content=\"Conclusion - Floridians For Reproductive Freedom\" \/>\n<meta property=\"og:description\" content=\"At the time of writing this report, the Florida Legislature allocated $4 million a year of taxpayer funds to the Florida Pregnancy Support Services Program. Now, they allocate $29.5 million to coerce pregnant Floridians away from seeking abortion services. Anti-abortion\u00a0 centers receive the majority of taxpayer money through this program and in direct contravention of [&hellip;]\" \/>\n<meta property=\"og:url\" content=\"https:\/\/floridareprofreedom.org\/ht\/konklizyon\/\" \/>\n<meta property=\"og:site_name\" content=\"Floridians For Reproductive Freedom\" \/>\n<meta property=\"article:publisher\" content=\"https:\/\/www.facebook.com\/FloridaReproFreedom\/\" \/>\n<meta property=\"article:modified_time\" content=\"2025-09-03T19:22:44+00:00\" \/>\n<meta property=\"og:image\" content=\"https:\/\/floridareprofreedom.org\/wp-content\/uploads\/2021\/01\/previous.gif\" \/>\n\t<meta property=\"og:image:width\" content=\"143\" \/>\n\t<meta property=\"og:image:height\" content=\"31\" \/>\n\t<meta property=\"og:image:type\" content=\"image\/gif\" \/>\n<meta name=\"twitter:card\" content=\"summary_large_image\" \/>\n<meta name=\"twitter:site\" content=\"@FLReproFreedom\" \/>\n<meta name=\"twitter:label1\" content=\"Est. reading time\" \/>\n\t<meta name=\"twitter:data1\" content=\"1 minute\" \/>\n<script type=\"application\/ld+json\" class=\"yoast-schema-graph\">{\"@context\":\"https:\\\/\\\/schema.org\",\"@graph\":[{\"@type\":\"WebPage\",\"@id\":\"https:\\\/\\\/floridareprofreedom.org\\\/conclusion\\\/\",\"url\":\"https:\\\/\\\/floridareprofreedom.org\\\/conclusion\\\/\",\"name\":\"Conclusion - Floridians For Reproductive Freedom\",\"isPartOf\":{\"@id\":\"https:\\\/\\\/floridareprofreedom.org\\\/#website\"},\"primaryImageOfPage\":{\"@id\":\"https:\\\/\\\/floridareprofreedom.org\\\/conclusion\\\/#primaryimage\"},\"image\":{\"@id\":\"https:\\\/\\\/floridareprofreedom.org\\\/conclusion\\\/#primaryimage\"},\"thumbnailUrl\":\"https:\\\/\\\/floridareprofreedom.org\\\/wp-content\\\/uploads\\\/2021\\\/01\\\/previous.gif\",\"datePublished\":\"2021-01-19T17:20:01+00:00\",\"dateModified\":\"2025-09-03T19:22:44+00:00\",\"breadcrumb\":{\"@id\":\"https:\\\/\\\/floridareprofreedom.org\\\/conclusion\\\/#breadcrumb\"},\"inLanguage\":\"ht\",\"potentialAction\":[{\"@type\":\"ReadAction\",\"target\":[\"https:\\\/\\\/floridareprofreedom.org\\\/conclusion\\\/\"]}]},{\"@type\":\"ImageObject\",\"inLanguage\":\"ht\",\"@id\":\"https:\\\/\\\/floridareprofreedom.org\\\/conclusion\\\/#primaryimage\",\"url\":\"https:\\\/\\\/floridareprofreedom.org\\\/wp-content\\\/uploads\\\/2021\\\/01\\\/previous.gif\",\"contentUrl\":\"https:\\\/\\\/floridareprofreedom.org\\\/wp-content\\\/uploads\\\/2021\\\/01\\\/previous.gif\"},{\"@type\":\"BreadcrumbList\",\"@id\":\"https:\\\/\\\/floridareprofreedom.org\\\/conclusion\\\/#breadcrumb\",\"itemListElement\":[{\"@type\":\"ListItem\",\"position\":1,\"name\":\"Home\",\"item\":\"https:\\\/\\\/floridareprofreedom.org\\\/\"},{\"@type\":\"ListItem\",\"position\":2,\"name\":\"Conclusion\"}]},{\"@type\":\"WebSite\",\"@id\":\"https:\\\/\\\/floridareprofreedom.org\\\/#website\",\"url\":\"https:\\\/\\\/floridareprofreedom.org\\\/\",\"name\":\"Floridians For Reproductive Freedom\",\"description\":\"Advocating for convenient, affordable, and safe access to reproductive health care, including abortion.\",\"publisher\":{\"@id\":\"https:\\\/\\\/floridareprofreedom.org\\\/#organization\"},\"potentialAction\":[{\"@type\":\"SearchAction\",\"target\":{\"@type\":\"EntryPoint\",\"urlTemplate\":\"https:\\\/\\\/floridareprofreedom.org\\\/?s={search_term_string}\"},\"query-input\":{\"@type\":\"PropertyValueSpecification\",\"valueRequired\":true,\"valueName\":\"search_term_string\"}}],\"inLanguage\":\"ht\"},{\"@type\":\"Organization\",\"@id\":\"https:\\\/\\\/floridareprofreedom.org\\\/#organization\",\"name\":\"Floridians for Reproductive Freedom\",\"url\":\"https:\\\/\\\/floridareprofreedom.org\\\/\",\"logo\":{\"@type\":\"ImageObject\",\"inLanguage\":\"ht\",\"@id\":\"https:\\\/\\\/floridareprofreedom.org\\\/#\\\/schema\\\/logo\\\/image\\\/\",\"url\":\"https:\\\/\\\/floridareprofreedom.org\\\/wp-content\\\/uploads\\\/2019\\\/05\\\/Untitled.jpg\",\"contentUrl\":\"https:\\\/\\\/floridareprofreedom.org\\\/wp-content\\\/uploads\\\/2019\\\/05\\\/Untitled.jpg\",\"width\":174,\"height\":180,\"caption\":\"Floridians for Reproductive Freedom\"},\"image\":{\"@id\":\"https:\\\/\\\/floridareprofreedom.org\\\/#\\\/schema\\\/logo\\\/image\\\/\"},\"sameAs\":[\"https:\\\/\\\/www.facebook.com\\\/FloridaReproFreedom\\\/\",\"https:\\\/\\\/x.com\\\/FLReproFreedom\",\"https:\\\/\\\/www.instagram.com\\\/floridareprofreedom\\\/\"]}]}<\/script>\n<!-- \/ Yoast SEO plugin. -->","yoast_head_json":{"title":"Konklizyon - Floridyen pou lib\u00e8te repwodiktif","robots":{"index":"index","follow":"follow","max-snippet":"max-snippet:-1","max-image-preview":"max-image-preview:large","max-video-preview":"max-video-preview:-1"},"canonical":"https:\/\/floridareprofreedom.org\/ht\/konklizyon\/","og_locale":"ht_HT","og_type":"article","og_title":"Conclusion - Floridians For Reproductive Freedom","og_description":"At the time of writing this report, the Florida Legislature allocated $4 million a year of taxpayer funds to the Florida Pregnancy Support Services Program. Now, they allocate $29.5 million to coerce pregnant Floridians away from seeking abortion services. Anti-abortion\u00a0 centers receive the majority of taxpayer money through this program and in direct contravention of [&hellip;]","og_url":"https:\/\/floridareprofreedom.org\/ht\/konklizyon\/","og_site_name":"Floridians For Reproductive Freedom","article_publisher":"https:\/\/www.facebook.com\/FloridaReproFreedom\/","article_modified_time":"2025-09-03T19:22:44+00:00","og_image":[{"width":143,"height":31,"url":"https:\/\/floridareprofreedom.org\/wp-content\/uploads\/2021\/01\/previous.gif","type":"image\/gif"}],"twitter_card":"summary_large_image","twitter_site":"@FLReproFreedom","twitter_misc":{"Est. reading time":"1 minute"},"schema":{"@context":"https:\/\/schema.org","@graph":[{"@type":"WebPage","@id":"https:\/\/floridareprofreedom.org\/conclusion\/","url":"https:\/\/floridareprofreedom.org\/conclusion\/","name":"Konklizyon - Floridyen pou lib\u00e8te repwodiktif","isPartOf":{"@id":"https:\/\/floridareprofreedom.org\/#website"},"primaryImageOfPage":{"@id":"https:\/\/floridareprofreedom.org\/conclusion\/#primaryimage"},"image":{"@id":"https:\/\/floridareprofreedom.org\/conclusion\/#primaryimage"},"thumbnailUrl":"https:\/\/floridareprofreedom.org\/wp-content\/uploads\/2021\/01\/previous.gif","datePublished":"2021-01-19T17:20:01+00:00","dateModified":"2025-09-03T19:22:44+00:00","breadcrumb":{"@id":"https:\/\/floridareprofreedom.org\/conclusion\/#breadcrumb"},"inLanguage":"ht","potentialAction":[{"@type":"ReadAction","target":["https:\/\/floridareprofreedom.org\/conclusion\/"]}]},{"@type":"ImageObject","inLanguage":"ht","@id":"https:\/\/floridareprofreedom.org\/conclusion\/#primaryimage","url":"https:\/\/floridareprofreedom.org\/wp-content\/uploads\/2021\/01\/previous.gif","contentUrl":"https:\/\/floridareprofreedom.org\/wp-content\/uploads\/2021\/01\/previous.gif"},{"@type":"BreadcrumbList","@id":"https:\/\/floridareprofreedom.org\/conclusion\/#breadcrumb","itemListElement":[{"@type":"ListItem","position":1,"name":"Home","item":"https:\/\/floridareprofreedom.org\/"},{"@type":"ListItem","position":2,"name":"Conclusion"}]},{"@type":"WebSite","@id":"https:\/\/floridareprofreedom.org\/#website","url":"https:\/\/floridareprofreedom.org\/","name":"Floridyen pou lib\u00e8te repwodiktif","description":"Ap defann aks\u00e8 pratik, ab\u00f2dab, epi an sekirite a swen sante repwodiktif, tankou av\u00f2tman.","publisher":{"@id":"https:\/\/floridareprofreedom.org\/#organization"},"potentialAction":[{"@type":"SearchAction","target":{"@type":"EntryPoint","urlTemplate":"https:\/\/floridareprofreedom.org\/?s={search_term_string}"},"query-input":{"@type":"PropertyValueSpecification","valueRequired":true,"valueName":"search_term_string"}}],"inLanguage":"ht"},{"@type":"Organization","@id":"https:\/\/floridareprofreedom.org\/#organization","name":"Floridyen pou Lib\u00e8te Repwodiktif","url":"https:\/\/floridareprofreedom.org\/","logo":{"@type":"ImageObject","inLanguage":"ht","@id":"https:\/\/floridareprofreedom.org\/#\/schema\/logo\/image\/","url":"https:\/\/floridareprofreedom.org\/wp-content\/uploads\/2019\/05\/Untitled.jpg","contentUrl":"https:\/\/floridareprofreedom.org\/wp-content\/uploads\/2019\/05\/Untitled.jpg","width":174,"height":180,"caption":"Floridians for Reproductive Freedom"},"image":{"@id":"https:\/\/floridareprofreedom.org\/#\/schema\/logo\/image\/"},"sameAs":["https:\/\/www.facebook.com\/FloridaReproFreedom\/","https:\/\/x.com\/FLReproFreedom","https:\/\/www.instagram.com\/floridareprofreedom\/"]}]}},"_links":{"self":[{"href":"https:\/\/floridareprofreedom.org\/ht\/wp-json\/wp\/v2\/pages\/1609","targetHints":{"allow":["GET"]}}],"collection":[{"href":"https:\/\/floridareprofreedom.org\/ht\/wp-json\/wp\/v2\/pages"}],"about":[{"href":"https:\/\/floridareprofreedom.org\/ht\/wp-json\/wp\/v2\/types\/page"}],"author":[{"embeddable":true,"href":"https:\/\/floridareprofreedom.org\/ht\/wp-json\/wp\/v2\/users\/3"}],"replies":[{"embeddable":true,"href":"https:\/\/floridareprofreedom.org\/ht\/wp-json\/wp\/v2\/comments?post=1609"}],"version-history":[{"count":7,"href":"https:\/\/floridareprofreedom.org\/ht\/wp-json\/wp\/v2\/pages\/1609\/revisions"}],"predecessor-version":[{"id":4228,"href":"https:\/\/floridareprofreedom.org\/ht\/wp-json\/wp\/v2\/pages\/1609\/revisions\/4228"}],"wp:attachment":[{"href":"https:\/\/floridareprofreedom.org\/ht\/wp-json\/wp\/v2\/media?parent=1609"}],"wp:term":[{"taxonomy":"folder","embeddable":true,"href":"https:\/\/floridareprofreedom.org\/ht\/wp-json\/wp\/v2\/folder?post=1609"}],"curies":[{"name":"wp","href":"https:\/\/api.w.org\/{rel}","templated":true}]}}