{"id":1696,"date":"2021-01-25T22:21:07","date_gmt":"2021-01-25T22:21:07","guid":{"rendered":"https:\/\/floridareprofreedom.org\/?page_id=1696"},"modified":"2023-08-02T23:06:57","modified_gmt":"2023-08-02T23:06:57","slug":"kat-postal-fo-klinik","status":"publish","type":"page","link":"https:\/\/floridareprofreedom.org\/ht\/fakeclinicspostcards\/","title":{"rendered":"Denonse kanpay kat postal Sant Gwos\u00e8s Anti-Av\u00f2tman yo"},"content":{"rendered":"<p>Devwale Sant Gwos\u00e8s Anti-Av\u00f2tman se yon pwoj\u00e8 defans pou ede vwa sitwayen yo f\u00e8 tande pa fonksyon\u00e8 eli yo. Nan Sesyon Lejislatif 2023 la, yon kantite san par\u00e8y <strong>$25 milyon<\/strong> te asiyen nan rezo gwos\u00e8s anti-av\u00f2tman an <em>pa ane<\/em>Kounye a plis pase tout tan, li enp\u00f2tan pou nou egzije eta nou an SISPANN itilize lajan kontribyab yo pou finanse sant sa yo.<\/p>\n<p><strong>M\u00e8si<\/strong> pou patisipasyon ou nan kanpay la epi pou gaye paw\u00f2l la pou pwoteje kominote nou yo.<\/p>\n<p style=\"text-align: center;\"><img fetchpriority=\"high\" decoding=\"async\" class=\"alignnone wp-image-1698\" src=\"https:\/\/floridareprofreedom.org\/wp-content\/uploads\/2021\/01\/1 card.png\" alt=\"\" width=\"505\" height=\"390\" srcset=\"https:\/\/floridareprofreedom.org\/wp-content\/uploads\/2021\/01\/1%20card.png 933w, https:\/\/floridareprofreedom.org\/wp-content\/uploads\/2021\/01\/1%20card-300x232.png 300w, https:\/\/floridareprofreedom.org\/wp-content\/uploads\/2021\/01\/1%20card-768x593.png 768w\" sizes=\"(max-width: 505px) 100vw, 505px\" \/> <img decoding=\"async\" class=\"alignnone wp-image-1699\" src=\"https:\/\/floridareprofreedom.org\/wp-content\/uploads\/2021\/01\/2-card.png\" alt=\"\" width=\"526\" height=\"395\" srcset=\"https:\/\/floridareprofreedom.org\/wp-content\/uploads\/2021\/01\/2-card.png 589w, https:\/\/floridareprofreedom.org\/wp-content\/uploads\/2021\/01\/2-card-300x226.png 300w\" sizes=\"(max-width: 526px) 100vw, 526px\" \/><\/p>\n<p><a href=\"https:\/\/floridareprofreedom.org\/wp-content\/uploads\/2021\/01\/Postcards.pdf\">Telechaje PDF sa a<\/a> pou enprime pw\u00f2p seri kat postal ou adrese a kat ofisy\u00e8l eli yo. Oubyen, pou enprime plizy\u00e8 seri, voye yo nan yon enprimri lokal. Ou pa s\u00e8ten kiy\u00e8s Reprezantan ou yo ye? <a href=\"https:\/\/pluralpolicy.com\/find-your-legislator\/?nab=0\">Ch\u00e8che konnen isit la<\/a>.<\/p>\n<p>Mete non w ak adr\u00e8s retou w la bay mesaj ou a plis kredibilite. Yo fasil pou jete l\u00e8t anonim. Tanpri asire w ou mete non w ak k\u00f2d postal ou l\u00e8 w ap ekri bay ofisy\u00e8l sa yo. Asire w ke yo tande vwa w.<\/p>\n<p>Ede nou f\u00e8 piblisite pou pwoj\u00e8 sa a! Tanpri pran foto kat ou fin ranpli yo epi poste yo sou rezo sosyal yo av\u00e8k hashtag nou an #EndTheLies, tag fonksyon\u00e8 ou te eli a epi pataje sit ent\u00e8n\u00e8t nou an: FloridaReproFreedom.org<\/p>\n<p>Jan nou te di pi wo a, gen k\u00e8k patisipan nan kanpay kat postal Expose Anti-Abortion Pregnancy Centers k ap voye PDF la bay fanmi yo. <strong>magazen enprime lokal<\/strong> pou enprime de b\u00f2 sou katon. Gen k\u00e8k k ap koupe papye yo menm, al\u00f2ske gen l\u00f2t k ap peye pou atelye enprime a koupe katon an an kat moso. Nenp\u00f2t fason pa gen pwobl\u00e8m.<\/p>\n<h3 style=\"text-align: center;\"><strong>Kons\u00e8y pou enprime ak enstalasyon pou itilize pw\u00f2p enprimant ou lakay ou<\/strong><\/h3>\n<p>Pif\u00f2 enprimant biwo ta dwe fonksyone pou sa, si katon an ka pase.<\/p>\n<p><strong>Enstalasyon enprimant<\/strong><\/p>\n<ul>\n<li>Pa mete l nan ech\u00e8l pou anf\u00f2m oswa retresi pou anf\u00f2m<\/li>\n<li>Enprime nan 100%<\/li>\n<\/ul>\n<p><strong>Enprime TOU DE b\u00f2 kat postal la<\/strong><\/p>\n<ul>\n<li>Gen yon do pou chak dosye kat. Asire w ou enprime tou de b\u00f2 yo! D\u00e8y\u00e8 a gen p\u00f2syon adr\u00e8s la.<\/li>\n<li>Li pi bon pou enprime premye ak d\u00e8nye paj la an plizy\u00e8 pas separe. (Enprime s\u00e8lman paj ki gen desen yo l\u00e8 w chwazi &quot;ranje&quot; paj yo \u2013 pa &quot;Tout&quot;)<\/li>\n<li>Pran n\u00f2t kijan papye a ap antre nan enprimant lan (mete yon ti pwen sou yon b\u00f2 pou ou ka teste kijan papye a ap antre nan enprimant ou an)<\/li>\n<li>Enprimant ou a ka gen yon opsyon pou enprime sou de b\u00f2. Si ou ka konprann kijan pou ajiste dezy\u00e8m b\u00f2 a, ou lib pou eseye sa. Pafwa, param\u00e8t defo a mete d\u00e8y\u00e8 kat la t\u00e8t anba.<\/li>\n<\/ul>\n<p><strong>Ki kalite papye pou itilize?<\/strong><\/p>\n<ul>\n<li>Kat postal yo bezwen enprime sou katon<\/li>\n<li>Chwazi katon ki peze ant 80 ak 110 liv pou satisf\u00e8 r\u00e8gleman USPS yo.<\/li>\n<li>Ou ka achte plizy\u00e8 ram papye sa a nan nenp\u00f2t magazen founiti biwo.<\/li>\n<li>Kat la enprime an nwa ak blan, kidonk nenp\u00f2t katon koul\u00e8 bon (konsidere yon koul\u00e8 klere).<\/li>\n<\/ul>\n<p><strong>Ki fr\u00e8 lap\u00f2s ki neses\u00e8?<\/strong><\/p>\n<ul>\n<li>Kat &quot;ti&quot; yo bezwen yon tenm USPS 35 santim.<\/li>\n<\/ul>\n<p>&nbsp;<\/p>","protected":false},"excerpt":{"rendered":"<p>Expose Anti-Abortion Pregnancy Centers is an advocacy project to help citizens&#8217; voices be heard by elected officials. In the 2023 Legislative Session, an unprecedented amount of $25 million was allocated to the anti-abortion pregnancy network per year. Now more than ever, it&#8217;s crucial to demand our state STOP using taxpayer dollars to fund these centers. [&hellip;]<\/p>\n","protected":false},"author":3,"featured_media":0,"parent":0,"menu_order":0,"comment_status":"closed","ping_status":"closed","template":"","meta":{"footnotes":""},"folder":[18],"class_list":["post-1696","page","type-page","status-publish","hentry"],"yoast_head":"<!-- This site is optimized with the Yoast SEO plugin v27.4 - https:\/\/yoast.com\/product\/yoast-seo-wordpress\/ -->\n<title>Expose Anti-Abortion Pregnancy Centers postcard campaign - Floridians For Reproductive Freedom<\/title>\n<meta name=\"robots\" content=\"index, follow, max-snippet:-1, max-image-preview:large, max-video-preview:-1\" \/>\n<link rel=\"canonical\" href=\"https:\/\/floridareprofreedom.org\/ht\/kat-postal-fo-klinik\/\" \/>\n<meta property=\"og:locale\" content=\"ht_HT\" \/>\n<meta property=\"og:type\" content=\"article\" \/>\n<meta property=\"og:title\" content=\"Expose Anti-Abortion Pregnancy Centers postcard campaign - Floridians For Reproductive Freedom\" \/>\n<meta property=\"og:description\" content=\"Expose Anti-Abortion Pregnancy Centers is an advocacy project to help citizens&#8217; voices be heard by elected officials. In the 2023 Legislative Session, an unprecedented amount of $25 million was allocated to the anti-abortion pregnancy network per year. Now more than ever, it&#8217;s crucial to demand our state STOP using taxpayer dollars to fund these centers. [&hellip;]\" \/>\n<meta property=\"og:url\" content=\"https:\/\/floridareprofreedom.org\/ht\/kat-postal-fo-klinik\/\" \/>\n<meta property=\"og:site_name\" content=\"Floridians For Reproductive Freedom\" \/>\n<meta property=\"article:publisher\" content=\"https:\/\/www.facebook.com\/FloridaReproFreedom\/\" \/>\n<meta property=\"article:modified_time\" content=\"2023-08-02T23:06:57+00:00\" \/>\n<meta property=\"og:image\" content=\"https:\/\/floridareprofreedom.org\/wp-content\/uploads\/2021\/01\/2-card.png\" \/>\n<meta name=\"twitter:card\" content=\"summary_large_image\" \/>\n<meta name=\"twitter:site\" content=\"@FLReproFreedom\" \/>\n<meta name=\"twitter:label1\" content=\"Est. reading time\" \/>\n\t<meta name=\"twitter:data1\" content=\"3 minutes\" \/>\n<script type=\"application\/ld+json\" class=\"yoast-schema-graph\">{\"@context\":\"https:\\\/\\\/schema.org\",\"@graph\":[{\"@type\":\"WebPage\",\"@id\":\"https:\\\/\\\/floridareprofreedom.org\\\/fakeclinicspostcards\\\/\",\"url\":\"https:\\\/\\\/floridareprofreedom.org\\\/fakeclinicspostcards\\\/\",\"name\":\"Expose Anti-Abortion Pregnancy Centers postcard campaign - Floridians For Reproductive Freedom\",\"isPartOf\":{\"@id\":\"https:\\\/\\\/floridareprofreedom.org\\\/#website\"},\"primaryImageOfPage\":{\"@id\":\"https:\\\/\\\/floridareprofreedom.org\\\/fakeclinicspostcards\\\/#primaryimage\"},\"image\":{\"@id\":\"https:\\\/\\\/floridareprofreedom.org\\\/fakeclinicspostcards\\\/#primaryimage\"},\"thumbnailUrl\":\"https:\\\/\\\/floridareprofreedom.org\\\/wp-content\\\/uploads\\\/2021\\\/01\\\/2-card.png\",\"datePublished\":\"2021-01-25T22:21:07+00:00\",\"dateModified\":\"2023-08-02T23:06:57+00:00\",\"breadcrumb\":{\"@id\":\"https:\\\/\\\/floridareprofreedom.org\\\/fakeclinicspostcards\\\/#breadcrumb\"},\"inLanguage\":\"ht\",\"potentialAction\":[{\"@type\":\"ReadAction\",\"target\":[\"https:\\\/\\\/floridareprofreedom.org\\\/fakeclinicspostcards\\\/\"]}]},{\"@type\":\"ImageObject\",\"inLanguage\":\"ht\",\"@id\":\"https:\\\/\\\/floridareprofreedom.org\\\/fakeclinicspostcards\\\/#primaryimage\",\"url\":\"https:\\\/\\\/floridareprofreedom.org\\\/wp-content\\\/uploads\\\/2021\\\/01\\\/2-card.png\",\"contentUrl\":\"https:\\\/\\\/floridareprofreedom.org\\\/wp-content\\\/uploads\\\/2021\\\/01\\\/2-card.png\"},{\"@type\":\"BreadcrumbList\",\"@id\":\"https:\\\/\\\/floridareprofreedom.org\\\/fakeclinicspostcards\\\/#breadcrumb\",\"itemListElement\":[{\"@type\":\"ListItem\",\"position\":1,\"name\":\"Home\",\"item\":\"https:\\\/\\\/floridareprofreedom.org\\\/\"},{\"@type\":\"ListItem\",\"position\":2,\"name\":\"Expose Anti-Abortion Pregnancy Centers postcard campaign\"}]},{\"@type\":\"WebSite\",\"@id\":\"https:\\\/\\\/floridareprofreedom.org\\\/#website\",\"url\":\"https:\\\/\\\/floridareprofreedom.org\\\/\",\"name\":\"Floridians For Reproductive Freedom\",\"description\":\"Advocating for convenient, affordable, and safe access to reproductive health care, including abortion.\",\"publisher\":{\"@id\":\"https:\\\/\\\/floridareprofreedom.org\\\/#organization\"},\"potentialAction\":[{\"@type\":\"SearchAction\",\"target\":{\"@type\":\"EntryPoint\",\"urlTemplate\":\"https:\\\/\\\/floridareprofreedom.org\\\/?s={search_term_string}\"},\"query-input\":{\"@type\":\"PropertyValueSpecification\",\"valueRequired\":true,\"valueName\":\"search_term_string\"}}],\"inLanguage\":\"ht\"},{\"@type\":\"Organization\",\"@id\":\"https:\\\/\\\/floridareprofreedom.org\\\/#organization\",\"name\":\"Floridians for Reproductive Freedom\",\"url\":\"https:\\\/\\\/floridareprofreedom.org\\\/\",\"logo\":{\"@type\":\"ImageObject\",\"inLanguage\":\"ht\",\"@id\":\"https:\\\/\\\/floridareprofreedom.org\\\/#\\\/schema\\\/logo\\\/image\\\/\",\"url\":\"https:\\\/\\\/floridareprofreedom.org\\\/wp-content\\\/uploads\\\/2019\\\/05\\\/Untitled.jpg\",\"contentUrl\":\"https:\\\/\\\/floridareprofreedom.org\\\/wp-content\\\/uploads\\\/2019\\\/05\\\/Untitled.jpg\",\"width\":174,\"height\":180,\"caption\":\"Floridians for Reproductive Freedom\"},\"image\":{\"@id\":\"https:\\\/\\\/floridareprofreedom.org\\\/#\\\/schema\\\/logo\\\/image\\\/\"},\"sameAs\":[\"https:\\\/\\\/www.facebook.com\\\/FloridaReproFreedom\\\/\",\"https:\\\/\\\/x.com\\\/FLReproFreedom\",\"https:\\\/\\\/www.instagram.com\\\/floridareprofreedom\\\/\"]}]}<\/script>\n<!-- \/ Yoast SEO plugin. -->","yoast_head_json":{"title":"Denonse kanpay kat postal Sant Gwos\u00e8s Kont Av\u00f2tman - Floridyen Pou Lib\u00e8te Repwodiktif","robots":{"index":"index","follow":"follow","max-snippet":"max-snippet:-1","max-image-preview":"max-image-preview:large","max-video-preview":"max-video-preview:-1"},"canonical":"https:\/\/floridareprofreedom.org\/ht\/kat-postal-fo-klinik\/","og_locale":"ht_HT","og_type":"article","og_title":"Expose Anti-Abortion Pregnancy Centers postcard campaign - Floridians For Reproductive Freedom","og_description":"Expose Anti-Abortion Pregnancy Centers is an advocacy project to help citizens&#8217; voices be heard by elected officials. In the 2023 Legislative Session, an unprecedented amount of $25 million was allocated to the anti-abortion pregnancy network per year. Now more than ever, it&#8217;s crucial to demand our state STOP using taxpayer dollars to fund these centers. [&hellip;]","og_url":"https:\/\/floridareprofreedom.org\/ht\/kat-postal-fo-klinik\/","og_site_name":"Floridians For Reproductive Freedom","article_publisher":"https:\/\/www.facebook.com\/FloridaReproFreedom\/","article_modified_time":"2023-08-02T23:06:57+00:00","og_image":[{"url":"https:\/\/floridareprofreedom.org\/wp-content\/uploads\/2021\/01\/2-card.png","type":"","width":"","height":""}],"twitter_card":"summary_large_image","twitter_site":"@FLReproFreedom","twitter_misc":{"Est. reading time":"3 minutes"},"schema":{"@context":"https:\/\/schema.org","@graph":[{"@type":"WebPage","@id":"https:\/\/floridareprofreedom.org\/fakeclinicspostcards\/","url":"https:\/\/floridareprofreedom.org\/fakeclinicspostcards\/","name":"Denonse kanpay kat postal Sant Gwos\u00e8s Kont Av\u00f2tman - Floridyen Pou Lib\u00e8te Repwodiktif","isPartOf":{"@id":"https:\/\/floridareprofreedom.org\/#website"},"primaryImageOfPage":{"@id":"https:\/\/floridareprofreedom.org\/fakeclinicspostcards\/#primaryimage"},"image":{"@id":"https:\/\/floridareprofreedom.org\/fakeclinicspostcards\/#primaryimage"},"thumbnailUrl":"https:\/\/floridareprofreedom.org\/wp-content\/uploads\/2021\/01\/2-card.png","datePublished":"2021-01-25T22:21:07+00:00","dateModified":"2023-08-02T23:06:57+00:00","breadcrumb":{"@id":"https:\/\/floridareprofreedom.org\/fakeclinicspostcards\/#breadcrumb"},"inLanguage":"ht","potentialAction":[{"@type":"ReadAction","target":["https:\/\/floridareprofreedom.org\/fakeclinicspostcards\/"]}]},{"@type":"ImageObject","inLanguage":"ht","@id":"https:\/\/floridareprofreedom.org\/fakeclinicspostcards\/#primaryimage","url":"https:\/\/floridareprofreedom.org\/wp-content\/uploads\/2021\/01\/2-card.png","contentUrl":"https:\/\/floridareprofreedom.org\/wp-content\/uploads\/2021\/01\/2-card.png"},{"@type":"BreadcrumbList","@id":"https:\/\/floridareprofreedom.org\/fakeclinicspostcards\/#breadcrumb","itemListElement":[{"@type":"ListItem","position":1,"name":"Home","item":"https:\/\/floridareprofreedom.org\/"},{"@type":"ListItem","position":2,"name":"Expose Anti-Abortion Pregnancy Centers postcard campaign"}]},{"@type":"WebSite","@id":"https:\/\/floridareprofreedom.org\/#website","url":"https:\/\/floridareprofreedom.org\/","name":"Floridyen pou lib\u00e8te repwodiktif","description":"Ap defann aks\u00e8 pratik, ab\u00f2dab, epi an sekirite a swen sante repwodiktif, tankou av\u00f2tman.","publisher":{"@id":"https:\/\/floridareprofreedom.org\/#organization"},"potentialAction":[{"@type":"SearchAction","target":{"@type":"EntryPoint","urlTemplate":"https:\/\/floridareprofreedom.org\/?s={search_term_string}"},"query-input":{"@type":"PropertyValueSpecification","valueRequired":true,"valueName":"search_term_string"}}],"inLanguage":"ht"},{"@type":"Organization","@id":"https:\/\/floridareprofreedom.org\/#organization","name":"Floridyen pou Lib\u00e8te Repwodiktif","url":"https:\/\/floridareprofreedom.org\/","logo":{"@type":"ImageObject","inLanguage":"ht","@id":"https:\/\/floridareprofreedom.org\/#\/schema\/logo\/image\/","url":"https:\/\/floridareprofreedom.org\/wp-content\/uploads\/2019\/05\/Untitled.jpg","contentUrl":"https:\/\/floridareprofreedom.org\/wp-content\/uploads\/2019\/05\/Untitled.jpg","width":174,"height":180,"caption":"Floridians for Reproductive Freedom"},"image":{"@id":"https:\/\/floridareprofreedom.org\/#\/schema\/logo\/image\/"},"sameAs":["https:\/\/www.facebook.com\/FloridaReproFreedom\/","https:\/\/x.com\/FLReproFreedom","https:\/\/www.instagram.com\/floridareprofreedom\/"]}]}},"_links":{"self":[{"href":"https:\/\/floridareprofreedom.org\/ht\/wp-json\/wp\/v2\/pages\/1696","targetHints":{"allow":["GET"]}}],"collection":[{"href":"https:\/\/floridareprofreedom.org\/ht\/wp-json\/wp\/v2\/pages"}],"about":[{"href":"https:\/\/floridareprofreedom.org\/ht\/wp-json\/wp\/v2\/types\/page"}],"author":[{"embeddable":true,"href":"https:\/\/floridareprofreedom.org\/ht\/wp-json\/wp\/v2\/users\/3"}],"replies":[{"embeddable":true,"href":"https:\/\/floridareprofreedom.org\/ht\/wp-json\/wp\/v2\/comments?post=1696"}],"version-history":[{"count":8,"href":"https:\/\/floridareprofreedom.org\/ht\/wp-json\/wp\/v2\/pages\/1696\/revisions"}],"predecessor-version":[{"id":2854,"href":"https:\/\/floridareprofreedom.org\/ht\/wp-json\/wp\/v2\/pages\/1696\/revisions\/2854"}],"wp:attachment":[{"href":"https:\/\/floridareprofreedom.org\/ht\/wp-json\/wp\/v2\/media?parent=1696"}],"wp:term":[{"taxonomy":"folder","embeddable":true,"href":"https:\/\/floridareprofreedom.org\/ht\/wp-json\/wp\/v2\/folder?post=1696"}],"curies":[{"name":"wp","href":"https:\/\/api.w.org\/{rel}","templated":true}]}}