{"id":186,"date":"2018-09-17T19:01:47","date_gmt":"2018-09-17T19:01:47","guid":{"rendered":"http:\/\/frf.rayseaman.com\/?page_id=186"},"modified":"2025-07-18T14:39:42","modified_gmt":"2025-07-18T14:39:42","slug":"biwo-orate","status":"publish","type":"page","link":"https:\/\/floridareprofreedom.org\/ht\/speakersbureau\/","title":{"rendered":"Biwo Orat\u00e8 yo ak Lis Kontak Medya yo"},"content":{"rendered":"<div data-elementor-type=\"wp-page\" data-elementor-id=\"186\" class=\"elementor elementor-186\" data-elementor-post-type=\"page\">\n\t\t\t\t\t\t<section class=\"elementor-section elementor-top-section elementor-element elementor-element-5fd540da elementor-section-boxed elementor-section-height-default elementor-section-height-default\" data-id=\"5fd540da\" data-element_type=\"section\" data-e-type=\"section\">\n\t\t\t\t\t\t<div class=\"elementor-container elementor-column-gap-default\">\n\t\t\t\t\t<div class=\"elementor-column elementor-col-100 elementor-top-column elementor-element elementor-element-426cd9e2\" data-id=\"426cd9e2\" data-element_type=\"column\" data-e-type=\"column\">\n\t\t\t<div class=\"elementor-widget-wrap elementor-element-populated\">\n\t\t\t\t\t\t<div class=\"elementor-element elementor-element-3a956690 elementor-widget elementor-widget-text-editor\" data-id=\"3a956690\" data-element_type=\"widget\" data-e-type=\"widget\" data-widget_type=\"text-editor.default\">\n\t\t\t\t<div class=\"elementor-widget-container\">\n\t\t\t\t\t\t\t\t\t<p><a href=\"https:\/\/floridareprofreedom.org\/ht\/panyol\/\"><em>Presione aqu\u00ed para tener acceso a una lista de contactos de habla hispana en nuestro bur\u00f3 de oradores as\u00ed como a una lista de contactos de medios.<\/em><\/a><\/p><p>Sa a\u00a0<strong>Orat\u00e8 yo<\/strong><strong>\u00a0Lis Kontak Biwo ak Medya yo<\/strong> se yon resous santral pou gwoup sivik, pwofes\u00e8\/enstrikt\u00e8, ak medya yo. Tanpri itilize lis ki anba a pou idantifye moun ki ka bay prezantasyon eksp\u00e8, patisipe nan diskisyon pan\u00e8l, ak\/oswa ki ka f\u00e8 ent\u00e8vyou sou sante repwodiktif, dwa repwodiktif, ak jistis repwodiktif pou reprezante pw\u00f2p \u00f2ganizasyon yo. Yo pa pale pou kowalisyon Floridyen pou Lib\u00e8te Repwodiktif la. Z\u00f2n jewografik chak moun kouvri a make.<\/p><div role=\"listitem\"><div data-required=\"true\" data-item-id=\"542460998\"><div><div><div><strong><strong>Chwa yon fanm nan Jacksonville<\/strong><\/strong><figure id=\"attachment_4154\" aria-describedby=\"caption-attachment-4154\" style=\"width: 131px\" class=\"wp-caption alignright\"><img decoding=\"async\" src=\"https:\/\/floridareprofreedom.org\/wp-content\/uploads\/2025\/07\/Amber_Gavin_0157_web-Amber-Gavin-240x300.jpg\" alt=\"\" width=\"131\" height=\"164\" \/><figcaption id=\"caption-attachment-4154\" class=\"wp-caption-text\">Amber Gavin<\/figcaption><\/figure><a href=\"\/ht\/amber.gavin@awomanschoiceinc.com\/\">Amber Gavin<\/a>, Vis Prezidan Defans ak Operasyon<br \/><em>Jacksonville (Konte Duval), Sid Florid (Konte Broward, West Palm Beach, ak Miami-Dade), Sant Florid (Konte Orange ak Osceola), Tallahassee<br \/><\/em>Aks\u00e8 a Av\u00f2tman, Sante Repwodiktif Adolesan, \u00d2ganizasyon Baz \/ Mobilizasyon Politik, Sante ak Dwa LGBTQ, Jistis Repwodiktif \/ Ent\u00e8seksyon\u00e8l, Mouvman Dwa Repwodiktif, Edikasyon Seksy\u00e8l - Defans, Edikasyon Seksy\u00e8l - Enstriksyon \/ Kourikoul\u00f2m, S\u00e8ks ak Seksyalite, Maladi\/Enfeksyon Transm\u00e8t Seksy\u00e8lman, Dwa Transj\u00e8n ak Sante\/Dwa Repwodiktif, Pwobl\u00e8m J\u00e8n yo<\/div><\/div><\/div><\/div><\/div><p><strong>Rezo Aks\u00e8 Florid<br \/><\/strong><!--StartFragment --><a href=\"mailto:stephanie@flaccessnetwork.org\">Stephanie Loraine<\/a>, Direkt\u00e8 Egzekitif<br \/><em>Florid Santral<br \/><\/em>Aks\u00e8 a Av\u00f2tman, Aks\u00e8 a Av\u00f2tman, Pwovizyon Av\u00f2tman \/ Met\u00f2d Av\u00f2tman, Defans \/ Pwosesis Lejislatif, Kontrasepsyon, Kontrasepsyon Ijans, Sant Gwos\u00e8s Anti-Av\u00f2tman \/ Fo Klinik \/ CPC, \u00d2ganizasyon Popil\u00e8 \/ Mobilizasyon Politik, Sante ak Dwa LGBTQ, Jistis Repwodiktif \/ Ent\u00e8seksyon\u00e8l, Mouvman Dwa Repwodiktif, Edikasyon Seksy\u00e8l - Defans, S\u00e8ks ak Seksyalite, TRAP ak L\u00f2t Lwa Bary\u00e8 Av\u00f2tman, Dwa Fanm<\/p><p><strong>Rezo Aks\u00e8 Florid<br \/><\/strong><a href=\"mailto:ysabella@flaccessnetwork\">Ysabella M. Osses<\/a>, Direkt\u00e8 Defans ak \u00d2ganizasyon nan Florida Access Network<br \/><em>Sid Florid, Broward, Miami<br \/><\/em>Aks\u00e8 a Av\u00f2tman, Aks\u00e8 a Av\u00f2tman, Pwovizyon Av\u00f2tman \/ Met\u00f2d Av\u00f2tman, Defans \/ Pwosesis Lejislatif, Kontrasepsyon, Kontrasepsyon Ijans, Sant Gwos\u00e8s Anti-Av\u00f2tman \/ Fo Klinik \/ CPC, \u00d2ganizasyon Popil\u00e8 \/ Mobilizasyon Politik, Sante ak Dwa LGBTQ, Jistis Repwodiktif \/ Ent\u00e8seksyon\u00e8l, Mouvman Dwa Repwodiktif, Edikasyon Seksy\u00e8l - Defans, S\u00e8ks ak Seksyalite, TRAP ak L\u00f2t Lwa Bary\u00e8 Av\u00f2tman, Dwa Fanm<\/p><p><strong>Siveyans Florid<\/strong><\/p><figure id=\"attachment_4157\" aria-describedby=\"caption-attachment-4157\" style=\"width: 138px\" class=\"wp-caption alignright\"><img decoding=\"async\" class=\"wp-image-4157\" src=\"https:\/\/floridareprofreedom.org\/wp-content\/uploads\/2025\/07\/DSC09434edit-1-Natasha-Sutherland-225x300.jpg\" alt=\"\" width=\"138\" height=\"184\" srcset=\"https:\/\/floridareprofreedom.org\/wp-content\/uploads\/2025\/07\/DSC09434edit-1-Natasha-Sutherland-225x300.jpg 225w, https:\/\/floridareprofreedom.org\/wp-content\/uploads\/2025\/07\/DSC09434edit-1-Natasha-Sutherland-768x1024.jpg 768w\" sizes=\"(max-width: 138px) 100vw, 138px\" \/><figcaption id=\"caption-attachment-4157\" class=\"wp-caption-text\">Natasha Sutherland<\/figcaption><\/figure><p><a href=\"\/ht\/natasha@floridawatch.org\/\">Natasha Sutherland<\/a>, Direkt\u00e8 Egzekitif\u00a0<br \/><em>Tallahassee, Jacksonville<br \/>Angle ak Italyen<br \/><\/em>Aks\u00e8 a Av\u00f2tman, Defans Dwa \/ Pwosesis Lejislatif, \u00d2ganizasyon Popil\u00e8 \/ Mobilizasyon Politik, Politik Proaktif sou Dwa Repwodiktif \/ Rezolisyon \/ \u00d2donans, Jistis Repwodiktif \/ Ent\u00e8seksyon\u00e8l, Mouvman Dwa Repwodiktif, Dwa Transjan ak Sante\/Dwa Repwodiktif, Dwa Fanm, Amannman 4, amannman konstitisyon\u00e8l ki dirije pa sitwayen yo<br \/><br \/><\/p><p><strong>Pwoj\u00e8 Jistis Sante Florid<br \/><\/strong><a href=\"\/ht\/yager@floridahealthjustice.org\/\">Alison Yager<\/a>, Direkt\u00e8 Egzekitif<br \/><em>Miami-Dade<br \/><\/em>Aks\u00e8 a Av\u00f2tman, Sante Repwodiktif Adolesan, Defans\/Pwosesis Lejislatif, Kontrasepsyon, Gwos\u00e8s ki An Sante, Jistis Repwodiktif\/Ent\u00e8seksyon\u00e8l, Edikasyon Seksy\u00e8l - Defans<\/p><p><strong>\u00d2ganizasyon Nasyonal Florid pou Fanm (NOW)<\/strong><br \/><a href=\"mailto:barbaradevane1@yahoo.com\">Barbara DeVane<\/a>, Lobis ak Vis Prezidan Tallahassee NOW<br \/><em>Sitou Santral ak N\u00f2 Florid<\/em><br \/>Pwosesis Defans\/Lejislatif, \u00d2ganizasyon nan Baz, Mouvman Dwa Repwodiktif, Dwa Fanm<\/p><figure id=\"attachment_247\" aria-describedby=\"caption-attachment-247\" style=\"width: 273px\" class=\"wp-caption alignleft\"><img decoding=\"async\" src=\"https:\/\/floridareprofreedom.org\/wp-content\/uploads\/2018\/09\/CharoPressPic-e1644444564350-1024x682.jpg\" alt=\"\" width=\"273\" height=\"182\" \/><figcaption id=\"caption-attachment-247\" class=\"wp-caption-text\">Charo Valero, ki soti nan Enstiti Nasyonal Latina pou Sante Repwodiktif \u2013 FL LAN, ap pale nan Kapit\u00f2l Tallahassee a.<\/figcaption><\/figure><p><strong>Enstiti Latina pou Jistis Repwodiktif FL<br \/><\/strong><a href=\"mailto:charo@latinainstitute.org\">Charo Valero<\/a>, Manadj\u00e8 Eta Florid<br \/><em>Sid Florid<\/em><br \/>Pwosesis Defans\/Lejislatif; Fo Klinik; \u00d2ganizasyon Popil\u00e8; Ent\u00e8seksyon\u00e8l ak Jistis Repwodiktif; Sante ak Dwa Repwodiktif LGBTQ; Dwa Transjan ak Sante\/Dwa Repwodiktif; Dwa Fanm<\/p><p><strong>Komisyon Miami-Dade pou Fanm<br \/><\/strong><a href=\"\/ht\/monica.skoko@miamidade.gov\/\">Monica Skoko Rodriguez,<\/a> Direkt\u00e8 Egzekitif<br \/><em>Miami-Dade, Broward<br \/><\/em>Aks\u00e8 a Av\u00f2tman, Pwovizyon Av\u00f2tman \/ Met\u00f2d Av\u00f2tman, Sante Repwodiktif Adolesan, Defans \/ Pwosesis Lejislatif, Kontrasepsyon, Kontrasepsyon Ijans, \u00d2ganizasyon Baz \/ Mobilizasyon Politik, Gwos\u00e8s ki An Sante, Sante ak Dwa LGBTQ, Sante Repwodiktif Gason, Politik \/ Rezolisyon \/ \u00d2donans Proaktif sou Dwa Repwodiktif, Jistis Repwodiktif \/ Ent\u00e8seksyon\u00e8l, Mouvman Dwa Repwodiktif, Edikasyon Seksy\u00e8l - Defans, Maladi\/Enfeksyon ki Transm\u00e8t Seksy\u00e8lman, Dwa Fanm<\/p><figure style=\"width: 189px\" class=\"wp-caption alignright\"><img loading=\"lazy\" decoding=\"async\" src=\"https:\/\/floridareprofreedom.org\/wp-content\/uploads\/2025\/07\/IMG_5892-Taylor-Aguilera-300x240.jpg\" alt=\"\" width=\"189\" height=\"152\" \/><figcaption class=\"wp-caption-text\">Taylor Aguilera<\/figcaption><\/figure><p><b>Planifikasyon Paran Florid <\/b><br \/><a href=\"\/ht\/taylor.aguilera@ppswcf.org\/\">Taylor Aguilera<\/a>, Direkt\u00e8 Politik Piblik Enterim\u00e8<br \/><i>Tampa Bay<br \/><\/i>Aks\u00e8 a Av\u00f2tman, Defans Dwa \/ Pwosesis Lejislatif, \u00d2ganizasyon Popil\u00e8 \/ Mobilizasyon Politik, Politik Proaktif sou Dwa Repwodiktif \/ Rezolisyon \/ \u00d2donans, Edikasyon Seksy\u00e8l - Defans Dwa, Dwa Transjan ak Dwa Sante Repwodiktif, Dwa Fanm, Pwobl\u00e8m J\u00e8n yo<\/p><p><strong>Lig Defans Chwa Pwofesyon\u00e8l ak POLK County NOW<\/strong><br \/><a href=\"mailto:mrswindsor2008@gmail.com\">Donna Windsor<\/a><br \/><em>Polk<\/em><br \/>Aks\u00e8 a av\u00f2tman, Defans dwa moun \/ Pwosesis lejislatif, Fo klinik, \u00d2ganizasyon lokal, Mouvman dwa repwodiktif, Dwa fanm, Esk\u00f2te pasyan; \u00d2ganizasyon lokal; Dwa fanm<\/p><p><strong>Pwogr\u00e8 Florid<\/strong><br \/><a href=\"mailto:cheyenne@progressflorida.org\">Cheyenne Drews<\/a>, Direkt\u00e8 Adjwen Kominikasyon ak Direkt\u00e8 Pwogram Lib\u00e8te Repwodiktif<br \/><em>Rejyon Orlando ak nan tout eta a atrav\u00e8 Zoom<\/em><br \/>Aks\u00e8 a Av\u00f2tman, Kontrasepsyon Ijans, Sant Gwos\u00e8s Kont Av\u00f2tman \/ Fo Klinik \/ CPC, Mouvman Dwa Repwodiktif, Edikasyon Seksy\u00e8l - Defans, TRAP ak L\u00f2t Lwa Bary\u00e8 nan Av\u00f2tman, Dwa Fanm, Av\u00f2tman Oto-Jere \/ Av\u00f2tman ak Medikaman, Pwosesis Lejislatif \/ Lejislati Eta a<\/p><p><strong>Lis Rit la nan Florid<br \/><\/strong><a href=\"\/ht\/emma.e.collum@gmail.com\/\">Emma Collum<\/a>, Prezidan, Fondat\u00e8, Sip\u00e8viz\u00e8 eli, Fondat\u00e8, Ansyen Prezidan<br \/><em>Broward, Palm Beach, Miami, Orlando, Tampa, Tallahassee<br \/><\/em>Defans dwa moun \/ Pwosesis lejislatif, \u00d2ganizasyon lokal \/ Mobilizasyon politik, Defans politik lokal kont av\u00f2tman, Politik proaktif pou dwa repwodiktif \/ Rezolisyon \/ \u00d2donans, Mouvman pou dwa repwodiktif, Dwa fanm<\/p><figure id=\"attachment_4156\" aria-describedby=\"caption-attachment-4156\" style=\"width: 151px\" class=\"wp-caption alignright\"><img loading=\"lazy\" decoding=\"async\" class=\"wp-image-4156\" src=\"https:\/\/floridareprofreedom.org\/wp-content\/uploads\/2025\/07\/jamarah-headshot-looking-up-SBJN-Admin-267x300.jpeg\" alt=\"\" width=\"151\" height=\"169\" srcset=\"https:\/\/floridareprofreedom.org\/wp-content\/uploads\/2025\/07\/jamarah-headshot-looking-up-SBJN-Admin-267x300.jpeg 267w, https:\/\/floridareprofreedom.org\/wp-content\/uploads\/2025\/07\/jamarah-headshot-looking-up-SBJN-Admin.jpeg 641w\" sizes=\"(max-width: 151px) 100vw, 151px\" \/><figcaption id=\"caption-attachment-4156\" class=\"wp-caption-text\">Jamarah Amani<\/figcaption><\/figure><p><strong>Rezo Jistis Nesans Sid la <br \/><\/strong><a href=\"\/ht\/fejamarah@gmail.com\/\">Jamarah Amani<\/a>, Direkt\u00e8 Egzekitif<br \/><em>Sid Florid<br \/><\/em>Aks\u00e8 a Av\u00f2tman, Fon pou Av\u00f2tman ak Sip\u00f2 Pratik, Sante Repwodiktif Adolesan, Defans \/ Pwosesis Lejislatif, Kontrasepsyon, \u00d2ganizasyon Baz \/ Mobilizasyon Politik, Gwos\u00e8s An Sante, Sante ak Dwa LGBTQ, Politik \/ Rezolisyon \/ \u00d2donans Proaktif sou Dwa Repwodiktif, Jistis Repwodiktif \/ Ent\u00e8seksyon\u00e8l, Mouvman Dwa Repwodiktif, Edikasyon Seksy\u00e8l - Defans, Maladi\/Enfeksyon ki Transm\u00e8t Seksy\u00e8lman, Dwa Transj\u00e8n ak Sante\/Dwa Repwodiktif, Dwa Fanm, S\u00e8vis Fanmsaj ak Doula pou Moun Nwa<\/p><p><strong>Fon Av\u00f2tman Tampa Bay<br \/><\/strong><a href=\"\/ht\/info@tbafund.com\/\">Kris Lawler,<\/a> Volont\u00e8 &amp; Prezidan Kons\u00e8y Administrasyon an<br \/><em>Konte Hillsborough ak Pinellas<br \/><\/em>Aks\u00e8 a av\u00f2tman<\/p><p><strong>USFSP<\/strong><br \/><a href=\"mailto:mccracken@mail.usf.edu\">Jill McCracken<\/a>, Pwofes\u00e8 Asosye<br \/><em>Z\u00f2n Tampa Bay ki gen ladan tout konte yo<\/em><br \/>Sante Repwodiktif Adolesan, Kontrasepsyon, Kontrasepsyon Ijans, \u00d2ganizasyon nan Baz, Sante Repwodiktif ak Dwa LGBTQ, Edikasyon Seksy\u00e8l - Defans, Edikasyon Seksy\u00e8l - Enstriksyon, S\u00e8ks ak Seksyalite, Maladi\/Enfeksyon Transm\u00e8t Seksy\u00e8lman, Dwa Transjan ak Sante\/Dwa Repwodiktif, Dwa Fanm, Pwobl\u00e8m J\u00e8n, travay s\u00e8ks, pwostitisyon, ak trafik nan endistri s\u00e8ks la.<\/p><p><strong>Alyans Fanm Sidw\u00e8s Florid la<\/strong><br \/><a href=\"mailto:laf307@gmail.com\">Dokt\u00e8 Lisa Freund<\/a>, Direkt\u00e8 Lejislatif<br \/><em>SWFL ak Sid Florid<\/em><br \/>\u00d2ganizasyon nan nivo lokal, Redaksyon editoryal (K\u00f2mant\u00e8, L\u00e8t bay edit\u00e8 a)<\/p>\t\t\t\t\t\t\t\t<\/div>\n\t\t\t\t<\/div>\n\t\t\t\t\t<\/div>\n\t\t<\/div>\n\t\t\t\t\t<\/div>\n\t\t<\/section>\n\t\t\t\t<\/div>","protected":false},"excerpt":{"rendered":"<p>Presione aqu\u00ed para tener acceso a una lista portavoces de habla hispana en nuestro bur\u00f3 de oradores as\u00ed como a una lista de contactos de medios. This\u00a0Speakers\u00a0Bureau\u00a0and Media Contact List is a central resource for civic groups, professors\/instructors, and the media. Please use the list below to identify those who can provide expert presentations, serve [&hellip;]<\/p>\n","protected":false},"author":3,"featured_media":0,"parent":0,"menu_order":0,"comment_status":"closed","ping_status":"closed","template":"","meta":{"footnotes":""},"folder":[],"class_list":["post-186","page","type-page","status-publish","hentry"],"yoast_head":"<!-- This site is optimized with the Yoast SEO plugin v27.3 - https:\/\/yoast.com\/product\/yoast-seo-wordpress\/ -->\n<title>Speakers Bureau and Media Contact List - Floridians For Reproductive Freedom<\/title>\n<meta name=\"robots\" content=\"index, follow, max-snippet:-1, max-image-preview:large, max-video-preview:-1\" \/>\n<link rel=\"canonical\" href=\"https:\/\/floridareprofreedom.org\/ht\/biwo-orate\/\" \/>\n<meta property=\"og:locale\" content=\"ht_HT\" \/>\n<meta property=\"og:type\" content=\"article\" \/>\n<meta property=\"og:title\" content=\"Speakers Bureau and Media Contact List - Floridians For Reproductive Freedom\" \/>\n<meta property=\"og:description\" content=\"Presione aqu\u00ed para tener acceso a una lista portavoces de habla hispana en nuestro bur\u00f3 de oradores as\u00ed como a una lista de contactos de medios. This\u00a0Speakers\u00a0Bureau\u00a0and Media Contact List is a central resource for civic groups, professors\/instructors, and the media. Please use the list below to identify those who can provide expert presentations, serve [&hellip;]\" \/>\n<meta property=\"og:url\" content=\"https:\/\/floridareprofreedom.org\/ht\/biwo-orate\/\" \/>\n<meta property=\"og:site_name\" content=\"Floridians For Reproductive Freedom\" \/>\n<meta property=\"article:publisher\" content=\"https:\/\/www.facebook.com\/FloridaReproFreedom\/\" \/>\n<meta property=\"article:modified_time\" content=\"2025-07-18T14:39:42+00:00\" \/>\n<meta property=\"og:image\" content=\"https:\/\/floridareprofreedom.org\/wp-content\/uploads\/2025\/07\/Amber_Gavin_0157_web-Amber-Gavin-240x300.jpg\" \/>\n<meta name=\"twitter:card\" content=\"summary_large_image\" \/>\n<meta name=\"twitter:site\" content=\"@FLReproFreedom\" \/>\n<meta name=\"twitter:label1\" content=\"Est. reading time\" \/>\n\t<meta name=\"twitter:data1\" content=\"5 minutes\" \/>\n<script type=\"application\/ld+json\" class=\"yoast-schema-graph\">{\"@context\":\"https:\\\/\\\/schema.org\",\"@graph\":[{\"@type\":\"WebPage\",\"@id\":\"https:\\\/\\\/floridareprofreedom.org\\\/speakersbureau\\\/\",\"url\":\"https:\\\/\\\/floridareprofreedom.org\\\/speakersbureau\\\/\",\"name\":\"Speakers Bureau and Media Contact List - Floridians For Reproductive Freedom\",\"isPartOf\":{\"@id\":\"https:\\\/\\\/floridareprofreedom.org\\\/#website\"},\"primaryImageOfPage\":{\"@id\":\"https:\\\/\\\/floridareprofreedom.org\\\/speakersbureau\\\/#primaryimage\"},\"image\":{\"@id\":\"https:\\\/\\\/floridareprofreedom.org\\\/speakersbureau\\\/#primaryimage\"},\"thumbnailUrl\":\"https:\\\/\\\/floridareprofreedom.org\\\/wp-content\\\/uploads\\\/2025\\\/07\\\/Amber_Gavin_0157_web-Amber-Gavin-240x300.jpg\",\"datePublished\":\"2018-09-17T19:01:47+00:00\",\"dateModified\":\"2025-07-18T14:39:42+00:00\",\"breadcrumb\":{\"@id\":\"https:\\\/\\\/floridareprofreedom.org\\\/speakersbureau\\\/#breadcrumb\"},\"inLanguage\":\"ht\",\"potentialAction\":[{\"@type\":\"ReadAction\",\"target\":[\"https:\\\/\\\/floridareprofreedom.org\\\/speakersbureau\\\/\"]}]},{\"@type\":\"ImageObject\",\"inLanguage\":\"ht\",\"@id\":\"https:\\\/\\\/floridareprofreedom.org\\\/speakersbureau\\\/#primaryimage\",\"url\":\"https:\\\/\\\/floridareprofreedom.org\\\/wp-content\\\/uploads\\\/2025\\\/07\\\/Amber_Gavin_0157_web-Amber-Gavin-240x300.jpg\",\"contentUrl\":\"https:\\\/\\\/floridareprofreedom.org\\\/wp-content\\\/uploads\\\/2025\\\/07\\\/Amber_Gavin_0157_web-Amber-Gavin-240x300.jpg\"},{\"@type\":\"BreadcrumbList\",\"@id\":\"https:\\\/\\\/floridareprofreedom.org\\\/speakersbureau\\\/#breadcrumb\",\"itemListElement\":[{\"@type\":\"ListItem\",\"position\":1,\"name\":\"Home\",\"item\":\"https:\\\/\\\/floridareprofreedom.org\\\/\"},{\"@type\":\"ListItem\",\"position\":2,\"name\":\"Speakers Bureau and Media Contact List\"}]},{\"@type\":\"WebSite\",\"@id\":\"https:\\\/\\\/floridareprofreedom.org\\\/#website\",\"url\":\"https:\\\/\\\/floridareprofreedom.org\\\/\",\"name\":\"Floridians For Reproductive Freedom\",\"description\":\"Advocating for convenient, affordable, and safe access to reproductive health care, including abortion.\",\"publisher\":{\"@id\":\"https:\\\/\\\/floridareprofreedom.org\\\/#organization\"},\"potentialAction\":[{\"@type\":\"SearchAction\",\"target\":{\"@type\":\"EntryPoint\",\"urlTemplate\":\"https:\\\/\\\/floridareprofreedom.org\\\/?s={search_term_string}\"},\"query-input\":{\"@type\":\"PropertyValueSpecification\",\"valueRequired\":true,\"valueName\":\"search_term_string\"}}],\"inLanguage\":\"ht\"},{\"@type\":\"Organization\",\"@id\":\"https:\\\/\\\/floridareprofreedom.org\\\/#organization\",\"name\":\"Floridians for Reproductive Freedom\",\"url\":\"https:\\\/\\\/floridareprofreedom.org\\\/\",\"logo\":{\"@type\":\"ImageObject\",\"inLanguage\":\"ht\",\"@id\":\"https:\\\/\\\/floridareprofreedom.org\\\/#\\\/schema\\\/logo\\\/image\\\/\",\"url\":\"https:\\\/\\\/floridareprofreedom.org\\\/wp-content\\\/uploads\\\/2019\\\/05\\\/Untitled.jpg\",\"contentUrl\":\"https:\\\/\\\/floridareprofreedom.org\\\/wp-content\\\/uploads\\\/2019\\\/05\\\/Untitled.jpg\",\"width\":174,\"height\":180,\"caption\":\"Floridians for Reproductive Freedom\"},\"image\":{\"@id\":\"https:\\\/\\\/floridareprofreedom.org\\\/#\\\/schema\\\/logo\\\/image\\\/\"},\"sameAs\":[\"https:\\\/\\\/www.facebook.com\\\/FloridaReproFreedom\\\/\",\"https:\\\/\\\/x.com\\\/FLReproFreedom\",\"https:\\\/\\\/www.instagram.com\\\/floridareprofreedom\\\/\"]}]}<\/script>\n<!-- \/ Yoast SEO plugin. -->","yoast_head_json":{"title":"Biwo Orat\u00e8 yo ak Lis Kontak Medya yo - Floridyen Pou Lib\u00e8te Repwodiktif","robots":{"index":"index","follow":"follow","max-snippet":"max-snippet:-1","max-image-preview":"max-image-preview:large","max-video-preview":"max-video-preview:-1"},"canonical":"https:\/\/floridareprofreedom.org\/ht\/biwo-orate\/","og_locale":"ht_HT","og_type":"article","og_title":"Speakers Bureau and Media Contact List - Floridians For Reproductive Freedom","og_description":"Presione aqu\u00ed para tener acceso a una lista portavoces de habla hispana en nuestro bur\u00f3 de oradores as\u00ed como a una lista de contactos de medios. This\u00a0Speakers\u00a0Bureau\u00a0and Media Contact List is a central resource for civic groups, professors\/instructors, and the media. Please use the list below to identify those who can provide expert presentations, serve [&hellip;]","og_url":"https:\/\/floridareprofreedom.org\/ht\/biwo-orate\/","og_site_name":"Floridians For Reproductive Freedom","article_publisher":"https:\/\/www.facebook.com\/FloridaReproFreedom\/","article_modified_time":"2025-07-18T14:39:42+00:00","og_image":[{"url":"https:\/\/floridareprofreedom.org\/wp-content\/uploads\/2025\/07\/Amber_Gavin_0157_web-Amber-Gavin-240x300.jpg","type":"","width":"","height":""}],"twitter_card":"summary_large_image","twitter_site":"@FLReproFreedom","twitter_misc":{"Est. reading time":"5 minutes"},"schema":{"@context":"https:\/\/schema.org","@graph":[{"@type":"WebPage","@id":"https:\/\/floridareprofreedom.org\/speakersbureau\/","url":"https:\/\/floridareprofreedom.org\/speakersbureau\/","name":"Biwo Orat\u00e8 yo ak Lis Kontak Medya yo - Floridyen Pou Lib\u00e8te Repwodiktif","isPartOf":{"@id":"https:\/\/floridareprofreedom.org\/#website"},"primaryImageOfPage":{"@id":"https:\/\/floridareprofreedom.org\/speakersbureau\/#primaryimage"},"image":{"@id":"https:\/\/floridareprofreedom.org\/speakersbureau\/#primaryimage"},"thumbnailUrl":"https:\/\/floridareprofreedom.org\/wp-content\/uploads\/2025\/07\/Amber_Gavin_0157_web-Amber-Gavin-240x300.jpg","datePublished":"2018-09-17T19:01:47+00:00","dateModified":"2025-07-18T14:39:42+00:00","breadcrumb":{"@id":"https:\/\/floridareprofreedom.org\/speakersbureau\/#breadcrumb"},"inLanguage":"ht","potentialAction":[{"@type":"ReadAction","target":["https:\/\/floridareprofreedom.org\/speakersbureau\/"]}]},{"@type":"ImageObject","inLanguage":"ht","@id":"https:\/\/floridareprofreedom.org\/speakersbureau\/#primaryimage","url":"https:\/\/floridareprofreedom.org\/wp-content\/uploads\/2025\/07\/Amber_Gavin_0157_web-Amber-Gavin-240x300.jpg","contentUrl":"https:\/\/floridareprofreedom.org\/wp-content\/uploads\/2025\/07\/Amber_Gavin_0157_web-Amber-Gavin-240x300.jpg"},{"@type":"BreadcrumbList","@id":"https:\/\/floridareprofreedom.org\/speakersbureau\/#breadcrumb","itemListElement":[{"@type":"ListItem","position":1,"name":"Home","item":"https:\/\/floridareprofreedom.org\/"},{"@type":"ListItem","position":2,"name":"Speakers Bureau and Media Contact List"}]},{"@type":"WebSite","@id":"https:\/\/floridareprofreedom.org\/#website","url":"https:\/\/floridareprofreedom.org\/","name":"Floridyen pou lib\u00e8te repwodiktif","description":"Ap defann aks\u00e8 pratik, ab\u00f2dab, epi an sekirite a swen sante repwodiktif, tankou av\u00f2tman.","publisher":{"@id":"https:\/\/floridareprofreedom.org\/#organization"},"potentialAction":[{"@type":"SearchAction","target":{"@type":"EntryPoint","urlTemplate":"https:\/\/floridareprofreedom.org\/?s={search_term_string}"},"query-input":{"@type":"PropertyValueSpecification","valueRequired":true,"valueName":"search_term_string"}}],"inLanguage":"ht"},{"@type":"Organization","@id":"https:\/\/floridareprofreedom.org\/#organization","name":"Floridyen pou Lib\u00e8te Repwodiktif","url":"https:\/\/floridareprofreedom.org\/","logo":{"@type":"ImageObject","inLanguage":"ht","@id":"https:\/\/floridareprofreedom.org\/#\/schema\/logo\/image\/","url":"https:\/\/floridareprofreedom.org\/wp-content\/uploads\/2019\/05\/Untitled.jpg","contentUrl":"https:\/\/floridareprofreedom.org\/wp-content\/uploads\/2019\/05\/Untitled.jpg","width":174,"height":180,"caption":"Floridians for Reproductive Freedom"},"image":{"@id":"https:\/\/floridareprofreedom.org\/#\/schema\/logo\/image\/"},"sameAs":["https:\/\/www.facebook.com\/FloridaReproFreedom\/","https:\/\/x.com\/FLReproFreedom","https:\/\/www.instagram.com\/floridareprofreedom\/"]}]}},"_links":{"self":[{"href":"https:\/\/floridareprofreedom.org\/ht\/wp-json\/wp\/v2\/pages\/186","targetHints":{"allow":["GET"]}}],"collection":[{"href":"https:\/\/floridareprofreedom.org\/ht\/wp-json\/wp\/v2\/pages"}],"about":[{"href":"https:\/\/floridareprofreedom.org\/ht\/wp-json\/wp\/v2\/types\/page"}],"author":[{"embeddable":true,"href":"https:\/\/floridareprofreedom.org\/ht\/wp-json\/wp\/v2\/users\/3"}],"replies":[{"embeddable":true,"href":"https:\/\/floridareprofreedom.org\/ht\/wp-json\/wp\/v2\/comments?post=186"}],"version-history":[{"count":58,"href":"https:\/\/floridareprofreedom.org\/ht\/wp-json\/wp\/v2\/pages\/186\/revisions"}],"predecessor-version":[{"id":4160,"href":"https:\/\/floridareprofreedom.org\/ht\/wp-json\/wp\/v2\/pages\/186\/revisions\/4160"}],"wp:attachment":[{"href":"https:\/\/floridareprofreedom.org\/ht\/wp-json\/wp\/v2\/media?parent=186"}],"wp:term":[{"taxonomy":"folder","embeddable":true,"href":"https:\/\/floridareprofreedom.org\/ht\/wp-json\/wp\/v2\/folder?post=186"}],"curies":[{"name":"wp","href":"https:\/\/api.w.org\/{rel}","templated":true}]}}