{"id":1880,"date":"2021-02-12T14:51:34","date_gmt":"2021-02-12T14:51:34","guid":{"rendered":"https:\/\/floridareprofreedom.org\/?page_id=1880"},"modified":"2025-08-06T17:16:40","modified_gmt":"2025-08-06T17:16:40","slug":"kanpay-lokal-yo","status":"publish","type":"page","link":"https:\/\/floridareprofreedom.org\/ht\/localcampaigns\/","title":{"rendered":"Kanpay Lokal yo"},"content":{"rendered":"<p><span style=\"font-weight: 400;\">Malgre atak sou dwa ak aks\u00e8 a av\u00f2tman, ni nan nivo nasyonal la ni nan nivo eta a, kowalisyon Floridyen pou Lib\u00e8te Repwodiktif la w\u00e8 anpil op\u00f2tinite pou pwogr\u00e8 ak sip\u00f2 proaktif nan <\/span><b><i>lokal <\/i><\/b><span style=\"font-weight: 400;\">nivo pou kontw\u00f2l sou k\u00f2 nou, fanmi nou, ak chemen lavi nou. <\/span><\/p>\n<figure id=\"attachment_1852\" aria-describedby=\"caption-attachment-1852\" style=\"width: 388px\" class=\"wp-caption alignright\"><img fetchpriority=\"high\" decoding=\"async\" class=\"wp-image-1852\" src=\"https:\/\/floridareprofreedom.org\/wp-content\/uploads\/2021\/02\/1.jpg\" alt=\"\" width=\"388\" height=\"291\" srcset=\"https:\/\/floridareprofreedom.org\/wp-content\/uploads\/2021\/02\/1.jpg 960w, https:\/\/floridareprofreedom.org\/wp-content\/uploads\/2021\/02\/1-300x225.jpg 300w, https:\/\/floridareprofreedom.org\/wp-content\/uploads\/2021\/02\/1-768x576.jpg 768w\" sizes=\"(max-width: 388px) 100vw, 388px\" \/><figcaption id=\"caption-attachment-1852\" class=\"wp-caption-text\">Defans\u00e8 dwa repwodiktif nan Konte Broward ak Vis Majistra Sabrina Javellana (nan mitan) ap souri apre yo fin pase yon rezolisyon dwa repwodiktif nan Hallandale Beach.<\/figcaption><\/figure>\n<p><span style=\"font-weight: 400;\">Konsa, yon Gwoup Travay Kanpay Lokal te fonksyone soti 2020 rive 2024 av\u00e8k gwoup lokal ak moun ki kounye a ap pote flanbo a, tout av\u00e8k misyon pou kolabore av\u00e8k ofisy\u00e8l eli lokal yo pou adopte rezolisyon atrav\u00e8 Florid. <\/span>sip\u00f2 pou politik dwa repwodiktif ak jistis. <span style=\"font-weight: 400;\">Jiskaprezan, vil yo te pase rezolisyon deja.\u00a0<\/span>Miami Beach (17\/7\/19), Hallandale Beach (19\/2\/20), St. Petersburg (4\/6\/20), Ft. Lauderdale (09\/9\/21), Wilton Manors (14\/9\/21), Broward County Soil and Water Conservation Board (16\/9\/21), North Bay Village (12\/10\/21), Lauderdale Lakes (12\/10\/21), Coral Springs (20\/10\/21), Gainesville (21\/10\/21), Tallahassee (27\/10\/21), Broward County (04\/11\/21), Dania Beach (09\/11\/21), Gulfport (l\u00e8t, pa rezolisyon \u2013 03\/12\/21), Lauderhill (11\/7\/22).<\/p>\n<p><span style=\"font-weight: 400;\">Lib\u00e8te repwodiktif se yon val\u00e8 enp\u00f2tan pou Floridyen yo. Rech\u00e8ch montre yon sip\u00f2 laj pou aks\u00e8 a av\u00f2tman nan Florid ak atrav\u00e8 peyi a. Yon majorite panse av\u00f2tman ta dwe legal nan pif\u00f2 ka yo (65%) epi yo pa panse yo ta dwe ranv\u00e8se Roe v. Wade (72%). Katreven pousan dak\u00f2 ke toutotan av\u00f2tman legal, fanm yo ta dwe kapab jwenn swen av\u00f2tman ki an sekirite, ab\u00f2dab, epi ki gen bon kalite nan kominote yo.\u00b9<\/span><\/p>\n<p><b>Gouv\u00e8nman yo nan nivo eta ak federal ap f\u00e8 bak an t\u00e8m de sante repwodiktif. <\/b><span style=\"font-weight: 400;\">Pandan ep\u00f2k Trump-Pence a, yo te mete an plas r\u00e8gleman pou ent\u00e8di av\u00f2tman, koupe pwoteksyon mat\u00e8nite nan plan sante yo, retire finansman Planned Parenthood ak l\u00f2t founis\u00e8 planifikasyon familyal, epi limite aks\u00e8 a kontrasepsyon ab\u00f2dab. Malgre ke nouvo Biden-Harris la <\/span><span style=\"font-weight: 400;\">administrasyon an sip\u00f2te dwa repwodiktif yo, <\/span><span style=\"font-weight: 400;\">Balans Lakou Sipr\u00e8m nan rete kont dwa av\u00f2tman.\u00a0<\/span><\/p>\n<p><span style=\"font-weight: 400;\">Opozisyon an ap travay aktivman e sistematikman pou pase lwa kont av\u00f2tman nan nivo eta a nan espwa ke nouvo Lakou Sipr\u00e8m kons\u00e8vat\u00e8 a pral kenbe yo. Isit la nan Florid, Lejislati a te eseye pase anpil lwa restriksyon pou anpeche aks\u00e8 a av\u00f2tman. Sa gen ladan r\u00e8gleman sibl\u00e9 sou founis\u00e8 av\u00f2tman yo, ke yo rele tou lwa TRAP, ki pa neses\u00e8 medikalman e ki poze yon gwo fado sou founis\u00e8 av\u00f2tman yo, e menm yon ent\u00e8diksyon total sou av\u00f2tman. An 2020, yo te pase yon pwoj\u00e8 lwa ki egzije konsantman paran yo pou yon min\u00e8 ka f\u00e8 av\u00f2tman, sa ki plis limite aks\u00e8 j\u00e8n yo a av\u00f2tman.<\/span><\/p>\n<p><span style=\"font-weight: 400;\">Restriksyon ideolojik kont av\u00f2tman ki soti Tallahassee oubyen Washington vin tounen yon reyalite sou nivo lokal la, sa ki pouse swen sante repwodiktif, tankou av\u00f2tman, lwen moun ki deja ap f\u00e8 fas ak anpil bary\u00e8: j\u00e8n moun, moun ki gen koul\u00e8, moun ki andikape, moun ki gen ti revni, imigran tout kalite, ak moun ki rete nan z\u00f2n riral yo. Enpak la rey\u00e8l pou vwazen nou yo, kominote nou yo ak fanmi nou yo.<\/span><\/p>\n<p><b>Nan mitan atak kontiny\u00e8l kont swen sante repwodiktif la, <\/b><b>anpil vil rekon\u00e8t responsablite yo ak kapasite yo pou f\u00e8 pwomosyon lib\u00e8te repwodiktif<\/b><b>. <\/b><span style=\"font-weight: 400;\">Lid\u00e8 lokal yo ka f\u00e8 konnen akl\u00e8 ke yo kanpe b\u00f2 kote lib\u00e8te repwodiktif epi pouswiv politik proaktif pou elaji aks\u00e8 nan kominote nou yo.<\/span><\/p>\n<p><b>Antite gouv\u00e8nman lokal yo ka sip\u00f2te sante repwodiktif l\u00e8 yo deklare yon angajman f\u00e8m anv\u00e8 lib\u00e8te repwodiktif.<\/b><span style=\"font-weight: 400;\"> Minisipalite ak konte atrav\u00e8 peyi a ap pran mezi pou pwoteje dwa av\u00f2tman, swen sante repwodiktif, ak dwa moun yo pou pran desizyon repwodiktif sou pw\u00f2p k\u00f2 yo. Gouv\u00e8nman vil ak konte atrav\u00e8 peyi a ap angaje yo nan yon kont-mouvman nasyonal pou pwoteje ak f\u00e8 pwomosyon sante repwodiktif, dwa ak jistis. Yon etap konsa deklare ke yon kominote bay anpil val\u00e8 a aks\u00e8 a swen sante repwodiktif konpl\u00e8 epi li konbat estigma av\u00f2tman ki gaye toupatou.\u00a0<\/span><\/p>\n<p><span style=\"font-weight: 400;\">Travay sou r\u00e8gleman sa yo ka f\u00e8 kominote yo tounen pwen pozitif pou sante ak dwa repwodiktif \u2014 menm nan yon kote tankou Florid ak gouv\u00e8nman eta ostil nou an. Aksyon gouv\u00e8nman lokal yo pa s\u00e8lman enp\u00f2tan pou rezidan yo, men yo gen enpak menm pi lwen pase fwonty\u00e8 yo. Nou konnen ke nan Florid, vil nou yo se kote pif\u00f2 moun jwenn aks\u00e8 a swen av\u00f2tman, epi anpil moun jwenn aks\u00e8 a tout seri swen sante repwodiktif.\u00a0<\/span><\/p>\n<p><b>Pwogr\u00e8 a k\u00f2manse nan nivo lokal la. <\/b><span style=\"font-weight: 400;\">Kounye a se moman pou vil yo ak konte yo f\u00e8 tout sa yo kapab pou pwoteje rezidan yo kont aksyon danjere lejislat\u00e8 anti-av\u00f2tman yo nan nivo eta a ak federal la.<\/span><\/p>\n<p>***<\/p>\n<p><span style=\"font-weight: 400;\"><strong>Kit ou enterese pou travay pou chanjman politik nan nivo Vil la, Konte a, oswa Eta a, patisipasyon ou an ap byenveni.<\/strong> <strong><a href=\"https:\/\/progressflorida.actionkit.com\/signup\/frf-grassroots-signup\/\">Enskri pou bilten chak sem\u00e8n nou an<\/a> <\/strong>ki gen ladan l fason pou patisipe nan tout nivo gouv\u00e8nman an.<\/span><\/p>\n<p>\u2014\u2014<\/p>\n<p>\u00b9<span style=\"font-weight: 400;\">\u00a0Sondaj PerryUndem\/Enstiti Nasyonal pou Sante Repwodiktif, \u201cAngaje Vot\u00e8 yo sou Av\u00f2tman,\u201d ki te f\u00e8t ant 19 Out ak 1ye Septanm 2017. Sondaj ent\u00e8n \u2013 enf\u00f2masyon disponib sou demann.<\/span><\/p>","protected":false},"excerpt":{"rendered":"<p>Despite attacks on abortion rights and access, at both the national and state levels, the Floridians for Reproductive Freedom coalition sees many opportunities for proactive advancements and support at the local level for control over our bodies, our families, and our life\u2019s path. As such, a Local Campaigns Work Group ran from 2020-2024 with local [&hellip;]<\/p>\n","protected":false},"author":3,"featured_media":0,"parent":0,"menu_order":0,"comment_status":"closed","ping_status":"closed","template":"","meta":{"footnotes":""},"folder":[],"class_list":["post-1880","page","type-page","status-publish","hentry"],"yoast_head":"<!-- This site is optimized with the Yoast SEO plugin v27.4 - https:\/\/yoast.com\/product\/yoast-seo-wordpress\/ -->\n<title>Local Campaigns - Floridians For Reproductive Freedom<\/title>\n<meta name=\"robots\" content=\"index, follow, max-snippet:-1, max-image-preview:large, max-video-preview:-1\" \/>\n<link rel=\"canonical\" href=\"https:\/\/floridareprofreedom.org\/ht\/kanpay-lokal-yo\/\" \/>\n<meta property=\"og:locale\" content=\"ht_HT\" \/>\n<meta property=\"og:type\" content=\"article\" \/>\n<meta property=\"og:title\" content=\"Local Campaigns - Floridians For Reproductive Freedom\" \/>\n<meta property=\"og:description\" content=\"Despite attacks on abortion rights and access, at both the national and state levels, the Floridians for Reproductive Freedom coalition sees many opportunities for proactive advancements and support at the local level for control over our bodies, our families, and our life\u2019s path. As such, a Local Campaigns Work Group ran from 2020-2024 with local [&hellip;]\" \/>\n<meta property=\"og:url\" content=\"https:\/\/floridareprofreedom.org\/ht\/kanpay-lokal-yo\/\" \/>\n<meta property=\"og:site_name\" content=\"Floridians For Reproductive Freedom\" \/>\n<meta property=\"article:publisher\" content=\"https:\/\/www.facebook.com\/FloridaReproFreedom\/\" \/>\n<meta property=\"article:modified_time\" content=\"2025-08-06T17:16:40+00:00\" \/>\n<meta property=\"og:image\" content=\"https:\/\/floridareprofreedom.org\/wp-content\/uploads\/2021\/02\/1.jpg\" \/>\n\t<meta property=\"og:image:width\" content=\"960\" \/>\n\t<meta property=\"og:image:height\" content=\"720\" \/>\n\t<meta property=\"og:image:type\" content=\"image\/jpeg\" \/>\n<meta name=\"twitter:card\" content=\"summary_large_image\" \/>\n<meta name=\"twitter:site\" content=\"@FLReproFreedom\" \/>\n<meta name=\"twitter:label1\" content=\"Est. reading time\" \/>\n\t<meta name=\"twitter:data1\" content=\"4 minutes\" \/>\n<script type=\"application\/ld+json\" class=\"yoast-schema-graph\">{\"@context\":\"https:\\\/\\\/schema.org\",\"@graph\":[{\"@type\":\"WebPage\",\"@id\":\"https:\\\/\\\/floridareprofreedom.org\\\/localcampaigns\\\/\",\"url\":\"https:\\\/\\\/floridareprofreedom.org\\\/localcampaigns\\\/\",\"name\":\"Local Campaigns - Floridians For Reproductive Freedom\",\"isPartOf\":{\"@id\":\"https:\\\/\\\/floridareprofreedom.org\\\/#website\"},\"primaryImageOfPage\":{\"@id\":\"https:\\\/\\\/floridareprofreedom.org\\\/localcampaigns\\\/#primaryimage\"},\"image\":{\"@id\":\"https:\\\/\\\/floridareprofreedom.org\\\/localcampaigns\\\/#primaryimage\"},\"thumbnailUrl\":\"https:\\\/\\\/floridareprofreedom.org\\\/wp-content\\\/uploads\\\/2021\\\/02\\\/1.jpg\",\"datePublished\":\"2021-02-12T14:51:34+00:00\",\"dateModified\":\"2025-08-06T17:16:40+00:00\",\"breadcrumb\":{\"@id\":\"https:\\\/\\\/floridareprofreedom.org\\\/localcampaigns\\\/#breadcrumb\"},\"inLanguage\":\"ht\",\"potentialAction\":[{\"@type\":\"ReadAction\",\"target\":[\"https:\\\/\\\/floridareprofreedom.org\\\/localcampaigns\\\/\"]}]},{\"@type\":\"ImageObject\",\"inLanguage\":\"ht\",\"@id\":\"https:\\\/\\\/floridareprofreedom.org\\\/localcampaigns\\\/#primaryimage\",\"url\":\"https:\\\/\\\/floridareprofreedom.org\\\/wp-content\\\/uploads\\\/2021\\\/02\\\/1.jpg\",\"contentUrl\":\"https:\\\/\\\/floridareprofreedom.org\\\/wp-content\\\/uploads\\\/2021\\\/02\\\/1.jpg\"},{\"@type\":\"BreadcrumbList\",\"@id\":\"https:\\\/\\\/floridareprofreedom.org\\\/localcampaigns\\\/#breadcrumb\",\"itemListElement\":[{\"@type\":\"ListItem\",\"position\":1,\"name\":\"Home\",\"item\":\"https:\\\/\\\/floridareprofreedom.org\\\/\"},{\"@type\":\"ListItem\",\"position\":2,\"name\":\"Local Campaigns\"}]},{\"@type\":\"WebSite\",\"@id\":\"https:\\\/\\\/floridareprofreedom.org\\\/#website\",\"url\":\"https:\\\/\\\/floridareprofreedom.org\\\/\",\"name\":\"Floridians For Reproductive Freedom\",\"description\":\"Advocating for convenient, affordable, and safe access to reproductive health care, including abortion.\",\"publisher\":{\"@id\":\"https:\\\/\\\/floridareprofreedom.org\\\/#organization\"},\"potentialAction\":[{\"@type\":\"SearchAction\",\"target\":{\"@type\":\"EntryPoint\",\"urlTemplate\":\"https:\\\/\\\/floridareprofreedom.org\\\/?s={search_term_string}\"},\"query-input\":{\"@type\":\"PropertyValueSpecification\",\"valueRequired\":true,\"valueName\":\"search_term_string\"}}],\"inLanguage\":\"ht\"},{\"@type\":\"Organization\",\"@id\":\"https:\\\/\\\/floridareprofreedom.org\\\/#organization\",\"name\":\"Floridians for Reproductive Freedom\",\"url\":\"https:\\\/\\\/floridareprofreedom.org\\\/\",\"logo\":{\"@type\":\"ImageObject\",\"inLanguage\":\"ht\",\"@id\":\"https:\\\/\\\/floridareprofreedom.org\\\/#\\\/schema\\\/logo\\\/image\\\/\",\"url\":\"https:\\\/\\\/floridareprofreedom.org\\\/wp-content\\\/uploads\\\/2019\\\/05\\\/Untitled.jpg\",\"contentUrl\":\"https:\\\/\\\/floridareprofreedom.org\\\/wp-content\\\/uploads\\\/2019\\\/05\\\/Untitled.jpg\",\"width\":174,\"height\":180,\"caption\":\"Floridians for Reproductive Freedom\"},\"image\":{\"@id\":\"https:\\\/\\\/floridareprofreedom.org\\\/#\\\/schema\\\/logo\\\/image\\\/\"},\"sameAs\":[\"https:\\\/\\\/www.facebook.com\\\/FloridaReproFreedom\\\/\",\"https:\\\/\\\/x.com\\\/FLReproFreedom\",\"https:\\\/\\\/www.instagram.com\\\/floridareprofreedom\\\/\"]}]}<\/script>\n<!-- \/ Yoast SEO plugin. -->","yoast_head_json":{"title":"Kanpay Lokal yo - Floridyen Pou Lib\u00e8te Repwodiktif","robots":{"index":"index","follow":"follow","max-snippet":"max-snippet:-1","max-image-preview":"max-image-preview:large","max-video-preview":"max-video-preview:-1"},"canonical":"https:\/\/floridareprofreedom.org\/ht\/kanpay-lokal-yo\/","og_locale":"ht_HT","og_type":"article","og_title":"Local Campaigns - Floridians For Reproductive Freedom","og_description":"Despite attacks on abortion rights and access, at both the national and state levels, the Floridians for Reproductive Freedom coalition sees many opportunities for proactive advancements and support at the local level for control over our bodies, our families, and our life\u2019s path. As such, a Local Campaigns Work Group ran from 2020-2024 with local [&hellip;]","og_url":"https:\/\/floridareprofreedom.org\/ht\/kanpay-lokal-yo\/","og_site_name":"Floridians For Reproductive Freedom","article_publisher":"https:\/\/www.facebook.com\/FloridaReproFreedom\/","article_modified_time":"2025-08-06T17:16:40+00:00","og_image":[{"width":960,"height":720,"url":"https:\/\/floridareprofreedom.org\/wp-content\/uploads\/2021\/02\/1.jpg","type":"image\/jpeg"}],"twitter_card":"summary_large_image","twitter_site":"@FLReproFreedom","twitter_misc":{"Est. reading time":"4 minutes"},"schema":{"@context":"https:\/\/schema.org","@graph":[{"@type":"WebPage","@id":"https:\/\/floridareprofreedom.org\/localcampaigns\/","url":"https:\/\/floridareprofreedom.org\/localcampaigns\/","name":"Kanpay Lokal yo - Floridyen Pou Lib\u00e8te Repwodiktif","isPartOf":{"@id":"https:\/\/floridareprofreedom.org\/#website"},"primaryImageOfPage":{"@id":"https:\/\/floridareprofreedom.org\/localcampaigns\/#primaryimage"},"image":{"@id":"https:\/\/floridareprofreedom.org\/localcampaigns\/#primaryimage"},"thumbnailUrl":"https:\/\/floridareprofreedom.org\/wp-content\/uploads\/2021\/02\/1.jpg","datePublished":"2021-02-12T14:51:34+00:00","dateModified":"2025-08-06T17:16:40+00:00","breadcrumb":{"@id":"https:\/\/floridareprofreedom.org\/localcampaigns\/#breadcrumb"},"inLanguage":"ht","potentialAction":[{"@type":"ReadAction","target":["https:\/\/floridareprofreedom.org\/localcampaigns\/"]}]},{"@type":"ImageObject","inLanguage":"ht","@id":"https:\/\/floridareprofreedom.org\/localcampaigns\/#primaryimage","url":"https:\/\/floridareprofreedom.org\/wp-content\/uploads\/2021\/02\/1.jpg","contentUrl":"https:\/\/floridareprofreedom.org\/wp-content\/uploads\/2021\/02\/1.jpg"},{"@type":"BreadcrumbList","@id":"https:\/\/floridareprofreedom.org\/localcampaigns\/#breadcrumb","itemListElement":[{"@type":"ListItem","position":1,"name":"Home","item":"https:\/\/floridareprofreedom.org\/"},{"@type":"ListItem","position":2,"name":"Local Campaigns"}]},{"@type":"WebSite","@id":"https:\/\/floridareprofreedom.org\/#website","url":"https:\/\/floridareprofreedom.org\/","name":"Floridyen pou lib\u00e8te repwodiktif","description":"Ap defann aks\u00e8 pratik, ab\u00f2dab, epi an sekirite a swen sante repwodiktif, tankou av\u00f2tman.","publisher":{"@id":"https:\/\/floridareprofreedom.org\/#organization"},"potentialAction":[{"@type":"SearchAction","target":{"@type":"EntryPoint","urlTemplate":"https:\/\/floridareprofreedom.org\/?s={search_term_string}"},"query-input":{"@type":"PropertyValueSpecification","valueRequired":true,"valueName":"search_term_string"}}],"inLanguage":"ht"},{"@type":"Organization","@id":"https:\/\/floridareprofreedom.org\/#organization","name":"Floridyen pou Lib\u00e8te Repwodiktif","url":"https:\/\/floridareprofreedom.org\/","logo":{"@type":"ImageObject","inLanguage":"ht","@id":"https:\/\/floridareprofreedom.org\/#\/schema\/logo\/image\/","url":"https:\/\/floridareprofreedom.org\/wp-content\/uploads\/2019\/05\/Untitled.jpg","contentUrl":"https:\/\/floridareprofreedom.org\/wp-content\/uploads\/2019\/05\/Untitled.jpg","width":174,"height":180,"caption":"Floridians for Reproductive Freedom"},"image":{"@id":"https:\/\/floridareprofreedom.org\/#\/schema\/logo\/image\/"},"sameAs":["https:\/\/www.facebook.com\/FloridaReproFreedom\/","https:\/\/x.com\/FLReproFreedom","https:\/\/www.instagram.com\/floridareprofreedom\/"]}]}},"_links":{"self":[{"href":"https:\/\/floridareprofreedom.org\/ht\/wp-json\/wp\/v2\/pages\/1880","targetHints":{"allow":["GET"]}}],"collection":[{"href":"https:\/\/floridareprofreedom.org\/ht\/wp-json\/wp\/v2\/pages"}],"about":[{"href":"https:\/\/floridareprofreedom.org\/ht\/wp-json\/wp\/v2\/types\/page"}],"author":[{"embeddable":true,"href":"https:\/\/floridareprofreedom.org\/ht\/wp-json\/wp\/v2\/users\/3"}],"replies":[{"embeddable":true,"href":"https:\/\/floridareprofreedom.org\/ht\/wp-json\/wp\/v2\/comments?post=1880"}],"version-history":[{"count":7,"href":"https:\/\/floridareprofreedom.org\/ht\/wp-json\/wp\/v2\/pages\/1880\/revisions"}],"predecessor-version":[{"id":4186,"href":"https:\/\/floridareprofreedom.org\/ht\/wp-json\/wp\/v2\/pages\/1880\/revisions\/4186"}],"wp:attachment":[{"href":"https:\/\/floridareprofreedom.org\/ht\/wp-json\/wp\/v2\/media?parent=1880"}],"wp:term":[{"taxonomy":"folder","embeddable":true,"href":"https:\/\/floridareprofreedom.org\/ht\/wp-json\/wp\/v2\/folder?post=1880"}],"curies":[{"name":"wp","href":"https:\/\/api.w.org\/{rel}","templated":true}]}}