{"id":19,"date":"2018-08-19T21:20:07","date_gmt":"2018-08-19T21:20:07","guid":{"rendered":"http:\/\/frf:8888\/?page_id=19"},"modified":"2019-08-12T12:42:15","modified_gmt":"2019-08-12T12:42:15","slug":"priyorite-yo","status":"publish","type":"page","link":"https:\/\/floridareprofreedom.org\/ht\/priorities\/","title":{"rendered":"Priyorite yo"},"content":{"rendered":"<p>Gwoup Travay FRF yo se prensipal mwayen manm kowalisyon yo itilize pou kolabore. Kounye a, nou gen twa gwoup travay ki p\u00e8manan \u2014 Gwoup Travay Klinik Fo a, Gwoup Travay Edikasyon Seksy\u00e8l Konpl\u00e8 a, ak Gwoup Travay Edikasyon Bilten V\u00f2t la. Gen l\u00f2t gwoup travay k ap par\u00e8t l\u00e8 bezwen yo par\u00e8t.<br \/>\n<a name=\"fake-clinics\"><\/a><\/p>\n<h4><a href=\"https:\/\/floridareprofreedom.org\/ht\/fo-klinik\/\"><strong>Klinik Fo<\/strong><\/a><\/h4>\n<p>Gwoup Travay Fo Klinik yo ap travay pou sansibilize piblik la sou sant gwos\u00e8s kont av\u00f2tman, pr\u00e8ske 200 ladan yo sitiye nan Florid, epi finalman pou chanje lwa ki lejitimize epi finanse antite kont av\u00f2tman sa yo. Fo klinik yo ent\u00e8septe fanm ki gen gwos\u00e8s ki pa te planifye ki ta ka ap konsidere av\u00f2tman. Misyon yo se anpeche av\u00f2tman l\u00e8 yo konvenk fanm yo ke adopsyon oswa paran se yon pi bon opsyon, souvan l\u00e8 l s\u00e8vi av\u00e8k wont ak move enf\u00f2masyon.<\/p>\n<p>FRF defann lide ke tout fanm merite aks\u00e8 al\u00e8 ak yon seri konpl\u00e8 opsyon swen, pa enf\u00f2masyon ak jijman medikalman ki pa k\u00f2r\u00e8k ke sant gwos\u00e8s kont av\u00f2tman yo enpoze sou yo.<\/p>\n<p><a name=\"sex-ed\"><\/a><\/p>\n<h4><a href=\"https:\/\/floridareprofreedom.org\/ht\/konpleks\/\"><strong>Edikasyon Seksy\u00e8l Konpl\u00e8<\/strong><\/a><\/h4>\n<p>Gwoup Travay sou Edikasyon Seksy\u00e8l Konpl\u00e8 a ap travay pou pwoteje adolesan Florid yo epi kreye kominote ki pi an sante grasa pwomosyon r\u00e8gleman pou lek\u00f2l piblik yo anseye sou sante seksy\u00e8l l\u00e8 l s\u00e8vi av\u00e8k enf\u00f2masyon konpl\u00e8, egzat sou plan medikal e ki apwopriye pou laj timoun yo.<\/p>\n<p>Bay adolesan ak j\u00e8n yo enf\u00f2masyon yo bezwen pou yo ka pran desizyon responsab sou sante seksy\u00e8l yo se solisyon ki lojik pou diminye gwos\u00e8s adolesan ki pa te planifye ak enfeksyon seksy\u00e8lman transmisib yo. Kounye a, edikasyon seksy\u00e8l konpl\u00e8 a lwen n\u00f2mal nan lek\u00f2l piblik Florid yo paske leta a pa egzije li. Anjeneral, yo itilize matery\u00e8l ki baze sou abstinans s\u00e8lman nan salklas Florid yo, ak konsantrasyon prensipal la se sou pa f\u00e8 s\u00e8ks dey\u00f2 maryaj etewoseksy\u00e8l epi pa gen okenn enklizyon matery\u00e8l sou kontw\u00f2l nesans oswa s\u00e8ks ki pi an sekirite.<\/p>\n<p><a name=\"amendments\"><\/a><\/p>\n<h4><strong>Pwobl\u00e8m Lejislatif \/ Politik Leta<\/strong><\/h4>\n<p>Kowalisyon Floridyen pou Lib\u00e8te Repwodiktif (FRF) la ap travay pandan tout ane a pou defann politik ki f\u00e8 tout swen sante repwodiktif yo, tankou swen av\u00f2tman, pratik, ab\u00f2dab e an sekirite nan eta nou an. Nou defann kont entansyon opozisyon an pou mete bary\u00e8 sou av\u00f2tman, kontw\u00f2l nesans ak edikasyon seksy\u00e8l ki baze sou pr\u00e8v. Nou f\u00e8 sa l\u00e8 nou denonse pwogram ak politik ki pa bon ke \u00f2ganizasyon anti-av\u00f2tman ak moun ki f\u00e8 politik yo ap pouse. Nou ankouraje politik, pwogram ak ref\u00f2m ki f\u00e8 pwogr\u00e8 nan benefis sosyal ak ekonomik lib\u00e8te repwodiktif ak aks\u00e8 a av\u00f2tman.<\/p>\n<p>Aks\u00e8 a av\u00f2tman nan Florid pwoteje pa kloz sou vi prive ki nan konstitisyon eta nou an ki di &quot;chak moun natir\u00e8l gen dwa pou yo kite l an repo epi pou yo pa antre nan lavi prive moun nan.&quot; Pwoteksyon sa a menm pi gran pase sa Konstitisyon Etazini an bay la. FRF siveye nenp\u00f2t ef\u00f2 pou modifye kloz sou vi prive ki nan Konstitisyon Florid la, tankou atrav\u00e8 yon mezi v\u00f2t.<\/p>","protected":false},"excerpt":{"rendered":"<p>The FRF Work Groups are the principal vehicles through which coalition members collaborate. We currently have three standing work groups &#8212; the Fake Clinic Work Group, the Comprehensive Sex Ed Work Group, and the Ballot Education Work Group. Other work groups will emerge as needs arise. Fake Clinics The Fake Clinics Work Group works to [&hellip;]<\/p>\n","protected":false},"author":4,"featured_media":0,"parent":0,"menu_order":0,"comment_status":"closed","ping_status":"closed","template":"","meta":{"footnotes":""},"folder":[],"class_list":["post-19","page","type-page","status-publish","hentry"],"yoast_head":"<!-- This site is optimized with the Yoast SEO plugin v27.3 - https:\/\/yoast.com\/product\/yoast-seo-wordpress\/ -->\n<title>Priorities - Floridians For Reproductive Freedom<\/title>\n<meta name=\"robots\" content=\"index, follow, max-snippet:-1, max-image-preview:large, max-video-preview:-1\" \/>\n<link rel=\"canonical\" href=\"https:\/\/floridareprofreedom.org\/ht\/priyorite-yo\/\" \/>\n<meta property=\"og:locale\" content=\"ht_HT\" \/>\n<meta property=\"og:type\" content=\"article\" \/>\n<meta property=\"og:title\" content=\"Priorities - Floridians For Reproductive Freedom\" \/>\n<meta property=\"og:description\" content=\"The FRF Work Groups are the principal vehicles through which coalition members collaborate. We currently have three standing work groups &#8212; the Fake Clinic Work Group, the Comprehensive Sex Ed Work Group, and the Ballot Education Work Group. Other work groups will emerge as needs arise. Fake Clinics The Fake Clinics Work Group works to [&hellip;]\" \/>\n<meta property=\"og:url\" content=\"https:\/\/floridareprofreedom.org\/ht\/priyorite-yo\/\" \/>\n<meta property=\"og:site_name\" content=\"Floridians For Reproductive Freedom\" \/>\n<meta property=\"article:publisher\" content=\"https:\/\/www.facebook.com\/FloridaReproFreedom\/\" \/>\n<meta property=\"article:modified_time\" content=\"2019-08-12T12:42:15+00:00\" \/>\n<meta name=\"twitter:card\" content=\"summary_large_image\" \/>\n<meta name=\"twitter:site\" content=\"@FLReproFreedom\" \/>\n<meta name=\"twitter:label1\" content=\"Est. reading time\" \/>\n\t<meta name=\"twitter:data1\" content=\"2 minutes\" \/>\n<script type=\"application\/ld+json\" class=\"yoast-schema-graph\">{\"@context\":\"https:\\\/\\\/schema.org\",\"@graph\":[{\"@type\":\"WebPage\",\"@id\":\"https:\\\/\\\/floridareprofreedom.org\\\/priorities\\\/\",\"url\":\"https:\\\/\\\/floridareprofreedom.org\\\/priorities\\\/\",\"name\":\"Priorities - Floridians For Reproductive Freedom\",\"isPartOf\":{\"@id\":\"https:\\\/\\\/floridareprofreedom.org\\\/#website\"},\"datePublished\":\"2018-08-19T21:20:07+00:00\",\"dateModified\":\"2019-08-12T12:42:15+00:00\",\"breadcrumb\":{\"@id\":\"https:\\\/\\\/floridareprofreedom.org\\\/priorities\\\/#breadcrumb\"},\"inLanguage\":\"ht\",\"potentialAction\":[{\"@type\":\"ReadAction\",\"target\":[\"https:\\\/\\\/floridareprofreedom.org\\\/priorities\\\/\"]}]},{\"@type\":\"BreadcrumbList\",\"@id\":\"https:\\\/\\\/floridareprofreedom.org\\\/priorities\\\/#breadcrumb\",\"itemListElement\":[{\"@type\":\"ListItem\",\"position\":1,\"name\":\"Home\",\"item\":\"https:\\\/\\\/floridareprofreedom.org\\\/\"},{\"@type\":\"ListItem\",\"position\":2,\"name\":\"Priorities\"}]},{\"@type\":\"WebSite\",\"@id\":\"https:\\\/\\\/floridareprofreedom.org\\\/#website\",\"url\":\"https:\\\/\\\/floridareprofreedom.org\\\/\",\"name\":\"Floridians For Reproductive Freedom\",\"description\":\"Advocating for convenient, affordable, and safe access to reproductive health care, including abortion.\",\"publisher\":{\"@id\":\"https:\\\/\\\/floridareprofreedom.org\\\/#organization\"},\"potentialAction\":[{\"@type\":\"SearchAction\",\"target\":{\"@type\":\"EntryPoint\",\"urlTemplate\":\"https:\\\/\\\/floridareprofreedom.org\\\/?s={search_term_string}\"},\"query-input\":{\"@type\":\"PropertyValueSpecification\",\"valueRequired\":true,\"valueName\":\"search_term_string\"}}],\"inLanguage\":\"ht\"},{\"@type\":\"Organization\",\"@id\":\"https:\\\/\\\/floridareprofreedom.org\\\/#organization\",\"name\":\"Floridians for Reproductive Freedom\",\"url\":\"https:\\\/\\\/floridareprofreedom.org\\\/\",\"logo\":{\"@type\":\"ImageObject\",\"inLanguage\":\"ht\",\"@id\":\"https:\\\/\\\/floridareprofreedom.org\\\/#\\\/schema\\\/logo\\\/image\\\/\",\"url\":\"https:\\\/\\\/floridareprofreedom.org\\\/wp-content\\\/uploads\\\/2019\\\/05\\\/Untitled.jpg\",\"contentUrl\":\"https:\\\/\\\/floridareprofreedom.org\\\/wp-content\\\/uploads\\\/2019\\\/05\\\/Untitled.jpg\",\"width\":174,\"height\":180,\"caption\":\"Floridians for Reproductive Freedom\"},\"image\":{\"@id\":\"https:\\\/\\\/floridareprofreedom.org\\\/#\\\/schema\\\/logo\\\/image\\\/\"},\"sameAs\":[\"https:\\\/\\\/www.facebook.com\\\/FloridaReproFreedom\\\/\",\"https:\\\/\\\/x.com\\\/FLReproFreedom\",\"https:\\\/\\\/www.instagram.com\\\/floridareprofreedom\\\/\"]}]}<\/script>\n<!-- \/ Yoast SEO plugin. -->","yoast_head_json":{"title":"Priyorite - Floridyen pou Lib\u00e8te Repwodiktif","robots":{"index":"index","follow":"follow","max-snippet":"max-snippet:-1","max-image-preview":"max-image-preview:large","max-video-preview":"max-video-preview:-1"},"canonical":"https:\/\/floridareprofreedom.org\/ht\/priyorite-yo\/","og_locale":"ht_HT","og_type":"article","og_title":"Priorities - Floridians For Reproductive Freedom","og_description":"The FRF Work Groups are the principal vehicles through which coalition members collaborate. We currently have three standing work groups &#8212; the Fake Clinic Work Group, the Comprehensive Sex Ed Work Group, and the Ballot Education Work Group. Other work groups will emerge as needs arise. Fake Clinics The Fake Clinics Work Group works to [&hellip;]","og_url":"https:\/\/floridareprofreedom.org\/ht\/priyorite-yo\/","og_site_name":"Floridians For Reproductive Freedom","article_publisher":"https:\/\/www.facebook.com\/FloridaReproFreedom\/","article_modified_time":"2019-08-12T12:42:15+00:00","twitter_card":"summary_large_image","twitter_site":"@FLReproFreedom","twitter_misc":{"Est. reading time":"2 minutes"},"schema":{"@context":"https:\/\/schema.org","@graph":[{"@type":"WebPage","@id":"https:\/\/floridareprofreedom.org\/priorities\/","url":"https:\/\/floridareprofreedom.org\/priorities\/","name":"Priyorite - Floridyen pou Lib\u00e8te Repwodiktif","isPartOf":{"@id":"https:\/\/floridareprofreedom.org\/#website"},"datePublished":"2018-08-19T21:20:07+00:00","dateModified":"2019-08-12T12:42:15+00:00","breadcrumb":{"@id":"https:\/\/floridareprofreedom.org\/priorities\/#breadcrumb"},"inLanguage":"ht","potentialAction":[{"@type":"ReadAction","target":["https:\/\/floridareprofreedom.org\/priorities\/"]}]},{"@type":"BreadcrumbList","@id":"https:\/\/floridareprofreedom.org\/priorities\/#breadcrumb","itemListElement":[{"@type":"ListItem","position":1,"name":"Home","item":"https:\/\/floridareprofreedom.org\/"},{"@type":"ListItem","position":2,"name":"Priorities"}]},{"@type":"WebSite","@id":"https:\/\/floridareprofreedom.org\/#website","url":"https:\/\/floridareprofreedom.org\/","name":"Floridyen pou lib\u00e8te repwodiktif","description":"Ap defann aks\u00e8 pratik, ab\u00f2dab, epi an sekirite a swen sante repwodiktif, tankou av\u00f2tman.","publisher":{"@id":"https:\/\/floridareprofreedom.org\/#organization"},"potentialAction":[{"@type":"SearchAction","target":{"@type":"EntryPoint","urlTemplate":"https:\/\/floridareprofreedom.org\/?s={search_term_string}"},"query-input":{"@type":"PropertyValueSpecification","valueRequired":true,"valueName":"search_term_string"}}],"inLanguage":"ht"},{"@type":"Organization","@id":"https:\/\/floridareprofreedom.org\/#organization","name":"Floridyen pou Lib\u00e8te Repwodiktif","url":"https:\/\/floridareprofreedom.org\/","logo":{"@type":"ImageObject","inLanguage":"ht","@id":"https:\/\/floridareprofreedom.org\/#\/schema\/logo\/image\/","url":"https:\/\/floridareprofreedom.org\/wp-content\/uploads\/2019\/05\/Untitled.jpg","contentUrl":"https:\/\/floridareprofreedom.org\/wp-content\/uploads\/2019\/05\/Untitled.jpg","width":174,"height":180,"caption":"Floridians for Reproductive Freedom"},"image":{"@id":"https:\/\/floridareprofreedom.org\/#\/schema\/logo\/image\/"},"sameAs":["https:\/\/www.facebook.com\/FloridaReproFreedom\/","https:\/\/x.com\/FLReproFreedom","https:\/\/www.instagram.com\/floridareprofreedom\/"]}]}},"_links":{"self":[{"href":"https:\/\/floridareprofreedom.org\/ht\/wp-json\/wp\/v2\/pages\/19","targetHints":{"allow":["GET"]}}],"collection":[{"href":"https:\/\/floridareprofreedom.org\/ht\/wp-json\/wp\/v2\/pages"}],"about":[{"href":"https:\/\/floridareprofreedom.org\/ht\/wp-json\/wp\/v2\/types\/page"}],"author":[{"embeddable":true,"href":"https:\/\/floridareprofreedom.org\/ht\/wp-json\/wp\/v2\/users\/4"}],"replies":[{"embeddable":true,"href":"https:\/\/floridareprofreedom.org\/ht\/wp-json\/wp\/v2\/comments?post=19"}],"version-history":[{"count":33,"href":"https:\/\/floridareprofreedom.org\/ht\/wp-json\/wp\/v2\/pages\/19\/revisions"}],"predecessor-version":[{"id":728,"href":"https:\/\/floridareprofreedom.org\/ht\/wp-json\/wp\/v2\/pages\/19\/revisions\/728"}],"wp:attachment":[{"href":"https:\/\/floridareprofreedom.org\/ht\/wp-json\/wp\/v2\/media?parent=19"}],"wp:term":[{"taxonomy":"folder","embeddable":true,"href":"https:\/\/floridareprofreedom.org\/ht\/wp-json\/wp\/v2\/folder?post=19"}],"curies":[{"name":"wp","href":"https:\/\/api.w.org\/{rel}","templated":true}]}}