{"id":1956,"date":"2021-04-13T13:16:46","date_gmt":"2021-04-13T13:16:46","guid":{"rendered":"https:\/\/floridareprofreedom.org\/?page_id=1956"},"modified":"2025-05-19T16:44:10","modified_gmt":"2025-05-19T16:44:10","slug":"fon-avotman","status":"publish","type":"page","link":"https:\/\/floridareprofreedom.org\/ht\/abortion-funds\/","title":{"rendered":"Fon pou av\u00f2tman nan Florid"},"content":{"rendered":"<div data-elementor-type=\"wp-page\" data-elementor-id=\"1956\" class=\"elementor elementor-1956\" data-elementor-post-type=\"page\">\n\t\t\t\t\t\t<section class=\"elementor-section elementor-top-section elementor-element elementor-element-4c50efe1 elementor-section-boxed elementor-section-height-default elementor-section-height-default\" data-id=\"4c50efe1\" data-element_type=\"section\" data-e-type=\"section\">\n\t\t\t\t\t\t<div class=\"elementor-container elementor-column-gap-default\">\n\t\t\t\t\t<div class=\"elementor-column elementor-col-100 elementor-top-column elementor-element elementor-element-6f0d7866\" data-id=\"6f0d7866\" data-element_type=\"column\" data-e-type=\"column\">\n\t\t\t<div class=\"elementor-widget-wrap elementor-element-populated\">\n\t\t\t\t\t\t<div class=\"elementor-element elementor-element-2292a868 elementor-widget elementor-widget-text-editor\" data-id=\"2292a868\" data-element_type=\"widget\" data-e-type=\"widget\" data-widget_type=\"text-editor.default\">\n\t\t\t\t<div class=\"elementor-widget-container\">\n\t\t\t\t\t\t\t\t\t<p><a href=\"http:\/\/floridareprofreedom.org\/ht\/avotman-legal\/\"><img decoding=\"async\" class=\"alignright wp-image-1309\" src=\"https:\/\/floridareprofreedom.org\/wp-content\/uploads\/2020\/08\/Espanol-Button.png\" alt=\"\" width=\"104\" height=\"26\" srcset=\"https:\/\/floridareprofreedom.org\/wp-content\/uploads\/2020\/08\/Espanol-Button.png 500w, https:\/\/floridareprofreedom.org\/wp-content\/uploads\/2020\/08\/Espanol-Button-300x75.png 300w\" sizes=\"(max-width: 104px) 100vw, 104px\" \/><\/a><span style=\"font-size: 1.15em; color: inherit; font-family: inherit;\">Bezwen \u00e8d pou peye pou av\u00f2tman ou a? Gen \u00e8d ki disponib. \u00d2ganizasyon ak klinik yo ka ede ak sip\u00f2 finansye ak lojistik pou moun k ap ch\u00e8che av\u00f2tman nan Florid. Klike anba a pou aprann plis.<\/span><\/p><div class=\"row sqs-row\"><div class=\"col sqs-col-6 span-6\"><div class=\"row sqs-row\"><div class=\"col sqs-col-5 span-5\"><div id=\"block-yui_3_17_2_1_1566564744621_6950\" class=\"sqs-block html-block sqs-block-html\" data-block-type=\"2\"><div class=\"sqs-block-content\"><div class=\"col sqs-col-5 span-5\"><div id=\"block-yui_3_17_2_1_1566564744621_7856\" class=\"sqs-block html-block sqs-block-html\" data-block-type=\"2\"><div class=\"sqs-block-content\"><ul><li><a href=\"https:\/\/bwefund.org\/site\/\" target=\"_blank\" rel=\"noopener noreferrer\"><strong>Fon Ijans pou Fanm Broward yo<\/strong><\/a> \u2013 Konte Broward<\/li><li><strong><a href=\"https:\/\/emawpb.org\/\" target=\"_blank\" rel=\"noopener noreferrer\">Asistans Medikal Ijans Inc.<\/a><\/strong> \u2013 Palm Beaches ak Treasure Coast<\/li><li><a href=\"https:\/\/www.flaccessnetwork.org\/\" target=\"_blank\" rel=\"noopener noreferrer\"><strong>Rezo Aks\u00e8 Florid (FAN)<\/strong><\/a> \u2013 Nan tout eta a<\/li><li><strong><a href=\"http:\/\/tbafund.com\/\" target=\"_blank\" rel=\"noopener noreferrer\">Fon Av\u00f2tman Tampa Bay<\/a><\/strong> \u2013 Rejyon Tampa Bay la<\/li><li><strong><a href=\"http:\/\/www.wen-online.org\/get-help-1.html\" target=\"_blank\" rel=\"noopener noreferrer\">Rezo Ijans pou Fanm<\/a><\/strong> \u2013 Sid Florid<\/li><li><strong><a href=\"https:\/\/arc-southeast.org\/\">Aks\u00e8 a Swen Repwodiktif Sid\u00e8s (ARC)<\/a><\/strong> \u2013 Plizy\u00e8 Eta<\/li><li><a href=\"https:\/\/brigidalliance.org\/getcare-fl\/\"><strong>Alyans Brigid la<\/strong><\/a> \u2013 Plizy\u00e8 Eta, bay priyorite a pasyan ki gen plis pase 15 sem\u00e8n gwos\u00e8s<\/li><li><a href=\"https:\/\/abortionfunds.org\/need-abortion\/\"><strong>Rezo Nasyonal Fon Av\u00f2tman yo<\/strong><\/a> \u2013 Nan tout peyi a<\/li><\/ul><\/div><\/div><\/div><\/div><\/div><\/div><\/div><\/div><\/div>\t\t\t\t\t\t\t\t<\/div>\n\t\t\t\t<\/div>\n\t\t\t\t\t<\/div>\n\t\t<\/div>\n\t\t\t\t\t<\/div>\n\t\t<\/section>\n\t\t\t\t<section class=\"elementor-section elementor-top-section elementor-element elementor-element-f67c796 elementor-section-boxed elementor-section-height-default elementor-section-height-default\" data-id=\"f67c796\" data-element_type=\"section\" data-e-type=\"section\">\n\t\t\t\t\t\t<div class=\"elementor-container elementor-column-gap-default\">\n\t\t\t\t\t<div class=\"elementor-column elementor-col-100 elementor-top-column elementor-element elementor-element-57c7295\" data-id=\"57c7295\" data-element_type=\"column\" data-e-type=\"column\">\n\t\t\t<div class=\"elementor-widget-wrap elementor-element-populated\">\n\t\t\t\t\t\t<div class=\"elementor-element elementor-element-f87a054 elementor-widget elementor-widget-text-editor\" data-id=\"f87a054\" data-element_type=\"widget\" data-e-type=\"widget\" data-widget_type=\"text-editor.default\">\n\t\t\t\t<div class=\"elementor-widget-container\">\n\t\t\t\t\t\t\t\t\t<p>Pou plis enf\u00f2masyon kons\u00e8nan av\u00f2tman oto-jere, ale nan\u00a0<a style=\"background-color: #ffffff; color: #0099cc;\" href=\"https:\/\/plancpills.org\/\">PlanCPills.org<\/a>.<\/p>\t\t\t\t\t\t\t\t<\/div>\n\t\t\t\t<\/div>\n\t\t\t\t\t<\/div>\n\t\t<\/div>\n\t\t\t\t\t<\/div>\n\t\t<\/section>\n\t\t\t\t<section class=\"elementor-section elementor-top-section elementor-element elementor-element-bf4af21 elementor-section-boxed elementor-section-height-default elementor-section-height-default\" data-id=\"bf4af21\" data-element_type=\"section\" data-e-type=\"section\">\n\t\t\t\t\t\t<div class=\"elementor-container elementor-column-gap-default\">\n\t\t\t\t\t<div class=\"elementor-column elementor-col-100 elementor-top-column elementor-element elementor-element-bdac39f\" data-id=\"bdac39f\" data-element_type=\"column\" data-e-type=\"column\">\n\t\t\t<div class=\"elementor-widget-wrap elementor-element-populated\">\n\t\t\t\t\t\t<div class=\"elementor-element elementor-element-a2b61f1 elementor-widget elementor-widget-heading\" data-id=\"a2b61f1\" data-element_type=\"widget\" data-e-type=\"widget\" data-widget_type=\"heading.default\">\n\t\t\t\t<div class=\"elementor-widget-container\">\n\t\t\t\t\t<h2 class=\"elementor-heading-title elementor-size-default\"><h3 style=\"font-family: franklin-gothic-urw, sans-serif\"><b>Ki kote m ka f\u00e8 av\u00f2tman nan Florid?<em>&nbsp; &nbsp;&nbsp;<\/em><\/b><span style=\"font-size: 2rem;font-weight: 600\"><\/span><\/h3><\/h2>\t\t\t\t<\/div>\n\t\t\t\t<\/div>\n\t\t\t\t\t<\/div>\n\t\t<\/div>\n\t\t\t\t\t<\/div>\n\t\t<\/section>\n\t\t\t\t<section class=\"elementor-section elementor-top-section elementor-element elementor-element-6ab2e43 elementor-section-boxed elementor-section-height-default elementor-section-height-default\" data-id=\"6ab2e43\" data-element_type=\"section\" data-e-type=\"section\">\n\t\t\t\t\t\t<div class=\"elementor-container elementor-column-gap-default\">\n\t\t\t\t\t<div class=\"elementor-column elementor-col-100 elementor-top-column elementor-element elementor-element-d93e702\" data-id=\"d93e702\" data-element_type=\"column\" data-e-type=\"column\">\n\t\t\t<div class=\"elementor-widget-wrap elementor-element-populated\">\n\t\t\t\t\t\t<div class=\"elementor-element elementor-element-7e3c4ac elementor-widget elementor-widget-text-editor\" data-id=\"7e3c4ac\" data-element_type=\"widget\" data-e-type=\"widget\" data-widget_type=\"text-editor.default\">\n\t\t\t\t<div class=\"elementor-widget-container\">\n\t\t\t\t\t\t\t\t\t<p><a style=\"background-color: #ffffff; color: #0099cc;\" href=\"https:\/\/floridareprofreedom.org\/ht\/avotman-legal-nan-florid\/\">Aprann plis sou opsyon ou yo isit la.<\/a><\/p>\t\t\t\t\t\t\t\t<\/div>\n\t\t\t\t<\/div>\n\t\t\t\t\t<\/div>\n\t\t<\/div>\n\t\t\t\t\t<\/div>\n\t\t<\/section>\n\t\t\t\t<\/div>","protected":false},"excerpt":{"rendered":"<p>Need helping paying for your abortion? There\u2019s help. Organizations and clinics can help with financial and logistical support for people seeking abortions in Florida. Click below to learn more. Broward Women\u2019s Emergency Fund &#8211; Broward County Emergency Medical Assistance Inc. &#8211; Palm Beaches and Treasure Coast Florida Access Network (FAN) &#8211; Statewide Tampa Bay Abortion [&hellip;]<\/p>\n","protected":false},"author":3,"featured_media":1756,"parent":0,"menu_order":0,"comment_status":"closed","ping_status":"closed","template":"","meta":{"footnotes":""},"folder":[],"class_list":["post-1956","page","type-page","status-publish","has-post-thumbnail","hentry"],"yoast_head":"<!-- This site is optimized with the Yoast SEO plugin v27.4 - https:\/\/yoast.com\/product\/yoast-seo-wordpress\/ -->\n<title>Abortion Funds in Florida - Floridians For Reproductive Freedom<\/title>\n<meta name=\"description\" content=\"Need $ for your abortion? Organizations and clinics can help with financial and logistical support for people seeking abortions in Florida.\" \/>\n<meta name=\"robots\" content=\"index, follow, max-snippet:-1, max-image-preview:large, max-video-preview:-1\" \/>\n<link rel=\"canonical\" href=\"https:\/\/floridareprofreedom.org\/ht\/fon-avotman\/\" \/>\n<meta property=\"og:locale\" content=\"ht_HT\" \/>\n<meta property=\"og:type\" content=\"article\" \/>\n<meta property=\"og:title\" content=\"Abortion Funds in Florida - Floridians For Reproductive Freedom\" \/>\n<meta property=\"og:description\" content=\"Need $ for your abortion? Organizations and clinics can help with financial and logistical support for people seeking abortions in Florida.\" \/>\n<meta property=\"og:url\" content=\"https:\/\/floridareprofreedom.org\/ht\/fon-avotman\/\" \/>\n<meta property=\"og:site_name\" content=\"Floridians For Reproductive Freedom\" \/>\n<meta property=\"article:publisher\" content=\"https:\/\/www.facebook.com\/FloridaReproFreedom\/\" \/>\n<meta property=\"article:modified_time\" content=\"2025-05-19T16:44:10+00:00\" \/>\n<meta property=\"og:image\" content=\"https:\/\/floridareprofreedom.org\/wp-content\/uploads\/2021\/01\/hero.png\" \/>\n\t<meta property=\"og:image:width\" content=\"900\" \/>\n\t<meta property=\"og:image:height\" content=\"480\" \/>\n\t<meta property=\"og:image:type\" content=\"image\/png\" \/>\n<meta name=\"twitter:card\" content=\"summary_large_image\" \/>\n<meta name=\"twitter:site\" content=\"@FLReproFreedom\" \/>\n<meta name=\"twitter:label1\" content=\"Est. reading time\" \/>\n\t<meta name=\"twitter:data1\" content=\"1 minute\" \/>\n<script type=\"application\/ld+json\" class=\"yoast-schema-graph\">{\"@context\":\"https:\\\/\\\/schema.org\",\"@graph\":[{\"@type\":\"WebPage\",\"@id\":\"https:\\\/\\\/floridareprofreedom.org\\\/abortion-funds\\\/\",\"url\":\"https:\\\/\\\/floridareprofreedom.org\\\/abortion-funds\\\/\",\"name\":\"Abortion Funds in Florida - Floridians For Reproductive Freedom\",\"isPartOf\":{\"@id\":\"https:\\\/\\\/floridareprofreedom.org\\\/#website\"},\"primaryImageOfPage\":{\"@id\":\"https:\\\/\\\/floridareprofreedom.org\\\/abortion-funds\\\/#primaryimage\"},\"image\":{\"@id\":\"https:\\\/\\\/floridareprofreedom.org\\\/abortion-funds\\\/#primaryimage\"},\"thumbnailUrl\":\"https:\\\/\\\/floridareprofreedom.org\\\/wp-content\\\/uploads\\\/2021\\\/01\\\/hero.png\",\"datePublished\":\"2021-04-13T13:16:46+00:00\",\"dateModified\":\"2025-05-19T16:44:10+00:00\",\"description\":\"Need $ for your abortion? Organizations and clinics can help with financial and logistical support for people seeking abortions in Florida.\",\"breadcrumb\":{\"@id\":\"https:\\\/\\\/floridareprofreedom.org\\\/abortion-funds\\\/#breadcrumb\"},\"inLanguage\":\"ht\",\"potentialAction\":[{\"@type\":\"ReadAction\",\"target\":[\"https:\\\/\\\/floridareprofreedom.org\\\/abortion-funds\\\/\"]}]},{\"@type\":\"ImageObject\",\"inLanguage\":\"ht\",\"@id\":\"https:\\\/\\\/floridareprofreedom.org\\\/abortion-funds\\\/#primaryimage\",\"url\":\"https:\\\/\\\/floridareprofreedom.org\\\/wp-content\\\/uploads\\\/2021\\\/01\\\/hero.png\",\"contentUrl\":\"https:\\\/\\\/floridareprofreedom.org\\\/wp-content\\\/uploads\\\/2021\\\/01\\\/hero.png\",\"width\":900,\"height\":480},{\"@type\":\"BreadcrumbList\",\"@id\":\"https:\\\/\\\/floridareprofreedom.org\\\/abortion-funds\\\/#breadcrumb\",\"itemListElement\":[{\"@type\":\"ListItem\",\"position\":1,\"name\":\"Home\",\"item\":\"https:\\\/\\\/floridareprofreedom.org\\\/\"},{\"@type\":\"ListItem\",\"position\":2,\"name\":\"Abortion Funds in Florida\"}]},{\"@type\":\"WebSite\",\"@id\":\"https:\\\/\\\/floridareprofreedom.org\\\/#website\",\"url\":\"https:\\\/\\\/floridareprofreedom.org\\\/\",\"name\":\"Floridians For Reproductive Freedom\",\"description\":\"Advocating for convenient, affordable, and safe access to reproductive health care, including abortion.\",\"publisher\":{\"@id\":\"https:\\\/\\\/floridareprofreedom.org\\\/#organization\"},\"potentialAction\":[{\"@type\":\"SearchAction\",\"target\":{\"@type\":\"EntryPoint\",\"urlTemplate\":\"https:\\\/\\\/floridareprofreedom.org\\\/?s={search_term_string}\"},\"query-input\":{\"@type\":\"PropertyValueSpecification\",\"valueRequired\":true,\"valueName\":\"search_term_string\"}}],\"inLanguage\":\"ht\"},{\"@type\":\"Organization\",\"@id\":\"https:\\\/\\\/floridareprofreedom.org\\\/#organization\",\"name\":\"Floridians for Reproductive Freedom\",\"url\":\"https:\\\/\\\/floridareprofreedom.org\\\/\",\"logo\":{\"@type\":\"ImageObject\",\"inLanguage\":\"ht\",\"@id\":\"https:\\\/\\\/floridareprofreedom.org\\\/#\\\/schema\\\/logo\\\/image\\\/\",\"url\":\"https:\\\/\\\/floridareprofreedom.org\\\/wp-content\\\/uploads\\\/2019\\\/05\\\/Untitled.jpg\",\"contentUrl\":\"https:\\\/\\\/floridareprofreedom.org\\\/wp-content\\\/uploads\\\/2019\\\/05\\\/Untitled.jpg\",\"width\":174,\"height\":180,\"caption\":\"Floridians for Reproductive Freedom\"},\"image\":{\"@id\":\"https:\\\/\\\/floridareprofreedom.org\\\/#\\\/schema\\\/logo\\\/image\\\/\"},\"sameAs\":[\"https:\\\/\\\/www.facebook.com\\\/FloridaReproFreedom\\\/\",\"https:\\\/\\\/x.com\\\/FLReproFreedom\",\"https:\\\/\\\/www.instagram.com\\\/floridareprofreedom\\\/\"]}]}<\/script>\n<!-- \/ Yoast SEO plugin. -->","yoast_head_json":{"title":"Fon pou av\u00f2tman nan Florid - Floridyen pou lib\u00e8te repwodiktif","description":"Ou bezwen $ pou av\u00f2tman ou an? \u00d2ganizasyon ak klinik yo ka ede ak sip\u00f2 finansye ak lojistik pou moun k ap ch\u00e8che av\u00f2tman nan Florid.","robots":{"index":"index","follow":"follow","max-snippet":"max-snippet:-1","max-image-preview":"max-image-preview:large","max-video-preview":"max-video-preview:-1"},"canonical":"https:\/\/floridareprofreedom.org\/ht\/fon-avotman\/","og_locale":"ht_HT","og_type":"article","og_title":"Abortion Funds in Florida - Floridians For Reproductive Freedom","og_description":"Need $ for your abortion? Organizations and clinics can help with financial and logistical support for people seeking abortions in Florida.","og_url":"https:\/\/floridareprofreedom.org\/ht\/fon-avotman\/","og_site_name":"Floridians For Reproductive Freedom","article_publisher":"https:\/\/www.facebook.com\/FloridaReproFreedom\/","article_modified_time":"2025-05-19T16:44:10+00:00","og_image":[{"width":900,"height":480,"url":"https:\/\/floridareprofreedom.org\/wp-content\/uploads\/2021\/01\/hero.png","type":"image\/png"}],"twitter_card":"summary_large_image","twitter_site":"@FLReproFreedom","twitter_misc":{"Est. reading time":"1 minute"},"schema":{"@context":"https:\/\/schema.org","@graph":[{"@type":"WebPage","@id":"https:\/\/floridareprofreedom.org\/abortion-funds\/","url":"https:\/\/floridareprofreedom.org\/abortion-funds\/","name":"Fon pou av\u00f2tman nan Florid - Floridyen pou lib\u00e8te repwodiktif","isPartOf":{"@id":"https:\/\/floridareprofreedom.org\/#website"},"primaryImageOfPage":{"@id":"https:\/\/floridareprofreedom.org\/abortion-funds\/#primaryimage"},"image":{"@id":"https:\/\/floridareprofreedom.org\/abortion-funds\/#primaryimage"},"thumbnailUrl":"https:\/\/floridareprofreedom.org\/wp-content\/uploads\/2021\/01\/hero.png","datePublished":"2021-04-13T13:16:46+00:00","dateModified":"2025-05-19T16:44:10+00:00","description":"Ou bezwen $ pou av\u00f2tman ou an? \u00d2ganizasyon ak klinik yo ka ede ak sip\u00f2 finansye ak lojistik pou moun k ap ch\u00e8che av\u00f2tman nan Florid.","breadcrumb":{"@id":"https:\/\/floridareprofreedom.org\/abortion-funds\/#breadcrumb"},"inLanguage":"ht","potentialAction":[{"@type":"ReadAction","target":["https:\/\/floridareprofreedom.org\/abortion-funds\/"]}]},{"@type":"ImageObject","inLanguage":"ht","@id":"https:\/\/floridareprofreedom.org\/abortion-funds\/#primaryimage","url":"https:\/\/floridareprofreedom.org\/wp-content\/uploads\/2021\/01\/hero.png","contentUrl":"https:\/\/floridareprofreedom.org\/wp-content\/uploads\/2021\/01\/hero.png","width":900,"height":480},{"@type":"BreadcrumbList","@id":"https:\/\/floridareprofreedom.org\/abortion-funds\/#breadcrumb","itemListElement":[{"@type":"ListItem","position":1,"name":"Home","item":"https:\/\/floridareprofreedom.org\/"},{"@type":"ListItem","position":2,"name":"Abortion Funds in Florida"}]},{"@type":"WebSite","@id":"https:\/\/floridareprofreedom.org\/#website","url":"https:\/\/floridareprofreedom.org\/","name":"Floridyen pou lib\u00e8te repwodiktif","description":"Ap defann aks\u00e8 pratik, ab\u00f2dab, epi an sekirite a swen sante repwodiktif, tankou av\u00f2tman.","publisher":{"@id":"https:\/\/floridareprofreedom.org\/#organization"},"potentialAction":[{"@type":"SearchAction","target":{"@type":"EntryPoint","urlTemplate":"https:\/\/floridareprofreedom.org\/?s={search_term_string}"},"query-input":{"@type":"PropertyValueSpecification","valueRequired":true,"valueName":"search_term_string"}}],"inLanguage":"ht"},{"@type":"Organization","@id":"https:\/\/floridareprofreedom.org\/#organization","name":"Floridyen pou Lib\u00e8te Repwodiktif","url":"https:\/\/floridareprofreedom.org\/","logo":{"@type":"ImageObject","inLanguage":"ht","@id":"https:\/\/floridareprofreedom.org\/#\/schema\/logo\/image\/","url":"https:\/\/floridareprofreedom.org\/wp-content\/uploads\/2019\/05\/Untitled.jpg","contentUrl":"https:\/\/floridareprofreedom.org\/wp-content\/uploads\/2019\/05\/Untitled.jpg","width":174,"height":180,"caption":"Floridians for Reproductive Freedom"},"image":{"@id":"https:\/\/floridareprofreedom.org\/#\/schema\/logo\/image\/"},"sameAs":["https:\/\/www.facebook.com\/FloridaReproFreedom\/","https:\/\/x.com\/FLReproFreedom","https:\/\/www.instagram.com\/floridareprofreedom\/"]}]}},"_links":{"self":[{"href":"https:\/\/floridareprofreedom.org\/ht\/wp-json\/wp\/v2\/pages\/1956","targetHints":{"allow":["GET"]}}],"collection":[{"href":"https:\/\/floridareprofreedom.org\/ht\/wp-json\/wp\/v2\/pages"}],"about":[{"href":"https:\/\/floridareprofreedom.org\/ht\/wp-json\/wp\/v2\/types\/page"}],"author":[{"embeddable":true,"href":"https:\/\/floridareprofreedom.org\/ht\/wp-json\/wp\/v2\/users\/3"}],"replies":[{"embeddable":true,"href":"https:\/\/floridareprofreedom.org\/ht\/wp-json\/wp\/v2\/comments?post=1956"}],"version-history":[{"count":21,"href":"https:\/\/floridareprofreedom.org\/ht\/wp-json\/wp\/v2\/pages\/1956\/revisions"}],"predecessor-version":[{"id":4036,"href":"https:\/\/floridareprofreedom.org\/ht\/wp-json\/wp\/v2\/pages\/1956\/revisions\/4036"}],"wp:featuredmedia":[{"embeddable":true,"href":"https:\/\/floridareprofreedom.org\/ht\/wp-json\/wp\/v2\/media\/1756"}],"wp:attachment":[{"href":"https:\/\/floridareprofreedom.org\/ht\/wp-json\/wp\/v2\/media?parent=1956"}],"wp:term":[{"taxonomy":"folder","embeddable":true,"href":"https:\/\/floridareprofreedom.org\/ht\/wp-json\/wp\/v2\/folder?post=1956"}],"curies":[{"name":"wp","href":"https:\/\/api.w.org\/{rel}","templated":true}]}}