{"id":1975,"date":"2021-05-18T20:18:49","date_gmt":"2021-05-18T20:18:49","guid":{"rendered":"https:\/\/floridareprofreedom.org\/?page_id=1975"},"modified":"2021-05-19T19:58:01","modified_gmt":"2021-05-19T19:58:01","slug":"antikonseptif","status":"publish","type":"page","link":"https:\/\/floridareprofreedom.org\/ht\/anticonceptivos\/","title":{"rendered":"Grupo de Trabajo de Acceso a Anticonceptivos"},"content":{"rendered":"<p><i><span style=\"font-weight: 400;\">\u201cM\u00e1s preocupante que este debate extra\u00f1amente programado sobre el control de la natalidad, se la vehemencia con la que las mujeres necesitan justificar o explicar por qu\u00e9 toman anticonceptivos: razones de salud, para regular los per\u00edodos, ya sabes, como si hubiera algo malo en tomar anticonceptivos simplemente porque quieres tener relaciones sexuales sin que ese sexo resulte en embarazo\u201d. \u2013 Roxane Gay ak Bad Feminist: Ensayos (Harper Perennial)<\/span><\/i><\/p>\n<h2><b>Aks\u00e8 a anticonceptivos (kontw\u00f2l nan natalite)<\/b><\/h2>\n<p><span style=\"font-weight: 400;\">Tout moun ki abite nan Florid yo dwe gen aks\u00e8 asekib ak op\u00f2tinite nan yon varyete opsyon kontw\u00f2l nan natalite.\u00a0<\/span><\/p>\n<p><span style=\"font-weight: 400;\">Ahora m\u00e1s que nunca, se deben reducir las barreras para obtener anticonceptivos, ampliar la educaci\u00f3n precisa sobre anticonceptivos y los servicios integrales de atenci\u00f3n de salud reproductiva.<\/span><\/p>\n<p><span style=\"font-weight: 400;\">Los patronos que no cubren el costo de anticonceptivos, las leyes que financian la educaci\u00f3n sexual basada exclusivamente en la abstinencia y los \u201cdesiertos anticonceptivos\u201d son peligrosos para el bienestar y la seguridad de las personas con necesidades diversas y \u00fanicas de control de la natalidad.<\/span><\/p>\n<p><span style=\"font-weight: 400;\">\u00a0<\/span><span style=\"font-weight: 400;\">El <\/span><b>Gwoup Travay Aks\u00e8 a<\/b> <b>Antikonseptif<\/b> <i><span style=\"font-weight: 400;\">Floridyen pou Lib\u00e8te Repwodiktif<\/span><\/i><span style=\"font-weight: 400;\"> (FRF) te rasanble enf\u00f2masyon ki vini apre a ki ofri k\u00f2m yon gid resous pou jwenn atansyon kons\u00e8ne ak kontw\u00f2l la natalite nan tout eta a nan Florida, konsa k\u00f2m enf\u00f2masyon adisyon\u00e8l nan edikasyon ak pwomosyon (<\/span><a href=\"https:\/\/docs.google.com\/spreadsheets\/d\/1vxwTO-bQe_npuS4Zsu3T5gJbv_Madw-EbluHclm2Yvg\/edit?usp=sharing\"><span style=\"font-weight: 400;\">f\u00f2ma enprimab isit la<\/span><\/a><span style=\"font-weight: 400;\">):<\/span><\/p>\n<ul>\n<li><a href=\"https:\/\/floridareprofreedom.org\/ht\/rabe-2\/\"><span style=\"font-weight: 400;\">Farmacias de escompte ak pwogram asistans pou kliyan ki ofri medikaman yo<\/span><\/a><\/li>\n<li><a href=\"https:\/\/floridareprofreedom.org\/ht\/metodos-de-control-de-natalidad\/\"><span style=\"font-weight: 400;\">Opsyon ak pri antikonsepsyon: lis pou met\u00f2d<\/span><\/a><\/li>\n<li><a href=\"https:\/\/floridareprofreedom.org\/ht\/depatman-sante-yo-2\/\"><span style=\"font-weight: 400;\">Programas de planificaci\u00f3n familiar in los Departamentos de Salud de Florida (pou kondado)<\/span><\/a><\/li>\n<li><a href=\"https:\/\/floridareprofreedom.org\/ht\/resous-2\/\"><span style=\"font-weight: 400;\">Resous Edikasyon ak Pwomosyon \u2013 pou founis\u00e8 ak konsomat\u00e8 yo<\/span><\/a><\/li>\n<li><a href=\"https:\/\/nwlc.org\/having-trouble-getting-birth-control\/\"><span style=\"font-weight: 400;\">Resolver problemas de seguro: sin copagos u otros gastos de su bolsillo para el control de la natalidad<\/span><\/a>\u00a0(an angle, National Women&#039;s Law Center)<\/li>\n<li><a href=\"https:\/\/floridareprofreedom.org\/ht\/ek\/\"><span style=\"font-weight: 400;\">Paj pou aksyon: Hey Publix! #DontHideEC<\/span><\/a> (an angl\u00e8)<\/li>\n<\/ul>\n<h2><b>Acerca del Grupo de Trabajo de Acceso a Anticonceptivos<\/b><\/h2>\n<p><span style=\"font-weight: 400;\">Nou objektif pou ede a <\/span><b>kenbe aksede ak met\u00f2d anticonceptivos<\/b><span style=\"font-weight: 400;\"> para personas que enfrentan barreras al control de la natalidad, tales como:<\/span><\/p>\n<ul>\n<li><span style=\"font-weight: 400;\">Falta de seguro m\u00e9dico o alto costo incluso con seguro<\/span><\/li>\n<li><span style=\"font-weight: 400;\">Pwobl\u00e8m transp\u00f2 yo<\/span><\/li>\n<li><span style=\"font-weight: 400;\">P\u00e8 pou diskriminasyon an<\/span><\/li>\n<li><span style=\"font-weight: 400;\">Preocupaci\u00f3n por la participaci\u00f3n de los padres<\/span><\/li>\n<li><span style=\"font-weight: 400;\">Bary\u00e8 lang lan<\/span><\/li>\n<\/ul>\n<p><span style=\"font-weight: 400;\">Tambi\u00e9n buscamos conectar a pacientes, proveedores m\u00e9dicos y organizaciones relacionadas con recursos que ofrecen servicios anticonceptivos <\/span><b>asekib, entegral ak santre nan pasyan an<\/b><span style=\"font-weight: 400;\">.<\/span><\/p>\n<p><span style=\"font-weight: 400;\">Nou sip\u00f2te ef\u00f2 yo <\/span><b>abogan por expandir la kouv\u00e8ti asirans Medicaid, finansman piblik ak avyon sekirite prive yo<\/b><span style=\"font-weight: 400;\"> para el control de la natalidad; <\/span><b>anp\u00e8de<\/b><span style=\"font-weight: 400;\"> a los pacientes y proveedores para conocer <\/span><b>tout esp\u00e8k la<\/b><span style=\"font-weight: 400;\"> opsyon nan <\/span><b>kontw\u00f2l<\/b><span style=\"font-weight: 400;\"> de la natalidad (m\u00e1s all\u00e1 de aquellos basados en la abstinencia o los m\u00e9todos de planificaci\u00f3n familiar \u201cnaturales\u201d).<\/span><\/p>\n<p><span style=\"font-weight: 400;\">Nou objektif la ogmante divilgasyon mesaj yo ak aks\u00e8 a <\/span><b>met\u00f2d anticonceptivos de emergencia<\/b><span style=\"font-weight: 400;\"> (Plan B, Ella) ak nan yo <\/span><b>met\u00f2d anticonceptivos rev\u00e8sib<\/b><span style=\"font-weight: 400;\"> de acci\u00f3n prolongada (LARC) k\u00f2m el DIU o el implante, as\u00ed como los <\/span><b>met\u00f2d anticonceptivos sin receta<\/b><span style=\"font-weight: 400;\">.<\/span><\/p>\n<ul>\n<li>C<span style=\"font-weight: 400;\">Gade nou kanpay akty\u00e8l pou lanse yon Publix pou ke EC sea disponib pou kliyan li yo vann nan pasillo de planificaci\u00f3n familiar en vez de detr\u00e1s del mostrador de la farmacia: <\/span><a href=\"https:\/\/floridareprofreedom.org\/ht\/ek\/\">Alo Publix! #DontHideEC<\/a><\/li>\n<\/ul>\n<p><a href=\"https:\/\/floridareprofreedom.org\/ht\/ek\/\"><img fetchpriority=\"high\" decoding=\"async\" class=\"size-large wp-image-1374 aligncenter\" src=\"https:\/\/floridareprofreedom.org\/wp-content\/uploads\/2020\/10\/2-1-1024x791.png\" alt=\"\" width=\"800\" height=\"618\" srcset=\"https:\/\/floridareprofreedom.org\/wp-content\/uploads\/2020\/10\/2-1-1024x791.png 1024w, https:\/\/floridareprofreedom.org\/wp-content\/uploads\/2020\/10\/2-1-300x232.png 300w, https:\/\/floridareprofreedom.org\/wp-content\/uploads\/2020\/10\/2-1-768x593.png 768w, https:\/\/floridareprofreedom.org\/wp-content\/uploads\/2020\/10\/2-1-1536x1187.png 1536w, https:\/\/floridareprofreedom.org\/wp-content\/uploads\/2020\/10\/2-1.png 1650w\" sizes=\"(max-width: 800px) 100vw, 800px\" \/><\/a><\/p>\n<h2><b>Envolikr\u00e8s<\/b><\/h2>\n<p><span style=\"font-weight: 400;\">\u00bfLe interesa trabajar para lograr un cambio de pol\u00edtica a nivel estatal? El Grupo de Trabajo de Acceso a Anticonceptivos de FRF rem\u00e8sye patisipasyon an.<\/span><\/p>\n<p><span style=\"font-weight: 400;\">Konpare lyen yo nan paj sa a ak gid nou an resous rezo sosyal yo, s\u00e8vis lis kourye elektwonik ak boletins enf\u00f2matif lokal yo; comparta con sus organizaciones asociadas \/ escuelas \/ cl\u00ednicas; tou kapab telechaje, enprime ak distribye.<\/span><\/p>\n<p><span style=\"font-weight: 400;\">\u00a0<\/span><span style=\"font-weight: 400;\">Si gen enf\u00f2masyon pou ajoute\/editye, voye yon mesaj elektwonik ak prezidan an <\/span><b>Grupo de Trabajo de Acceso a Anticonceptivos de FRF<\/b><span style=\"font-weight: 400;\">,<\/span> <a href=\"mailto: reerob71@gmail.com\">Reesa Roberts<\/a>.<\/p>\n<p><span style=\"font-weight: 400;\">Anote pou patisipe:\u00a0<\/span><a href=\"https:\/\/progressflorida.actionkit.com\/signup\/frf-grassroots-signup\" target=\"_blank\" rel=\"noopener\"><button>Enskri pou patisipe<\/button><\/a><\/p>","protected":false},"excerpt":{"rendered":"<p>&#8220;M\u00e1s preocupante que este debate extra\u00f1amente programado sobre el control de la natalidad, es la vehemencia con la que las mujeres necesitan justificar o explicar por qu\u00e9 toman anticonceptivos: razones de salud, para regular los per\u00edodos, ya sabes, como si hubiera algo malo en tomar anticonceptivos simplemente porque quieres tener relaciones sexuales sin que ese [&hellip;]<\/p>\n","protected":false},"author":3,"featured_media":0,"parent":0,"menu_order":0,"comment_status":"closed","ping_status":"closed","template":"","meta":{"footnotes":""},"folder":[20],"class_list":["post-1975","page","type-page","status-publish","hentry"],"yoast_head":"<!-- This site is optimized with the Yoast SEO plugin v27.4 - https:\/\/yoast.com\/product\/yoast-seo-wordpress\/ -->\n<title>Grupo de Trabajo de Acceso a Anticonceptivos - Floridians For Reproductive Freedom<\/title>\n<meta name=\"robots\" content=\"index, follow, max-snippet:-1, max-image-preview:large, max-video-preview:-1\" \/>\n<link rel=\"canonical\" href=\"https:\/\/floridareprofreedom.org\/ht\/antikonseptif\/\" \/>\n<meta property=\"og:locale\" content=\"ht_HT\" \/>\n<meta property=\"og:type\" content=\"article\" \/>\n<meta property=\"og:title\" content=\"Grupo de Trabajo de Acceso a Anticonceptivos - Floridians For Reproductive Freedom\" \/>\n<meta property=\"og:description\" content=\"&#8220;M\u00e1s preocupante que este debate extra\u00f1amente programado sobre el control de la natalidad, es la vehemencia con la que las mujeres necesitan justificar o explicar por qu\u00e9 toman anticonceptivos: razones de salud, para regular los per\u00edodos, ya sabes, como si hubiera algo malo en tomar anticonceptivos simplemente porque quieres tener relaciones sexuales sin que ese [&hellip;]\" \/>\n<meta property=\"og:url\" content=\"https:\/\/floridareprofreedom.org\/ht\/antikonseptif\/\" \/>\n<meta property=\"og:site_name\" content=\"Floridians For Reproductive Freedom\" \/>\n<meta property=\"article:publisher\" content=\"https:\/\/www.facebook.com\/FloridaReproFreedom\/\" \/>\n<meta property=\"article:modified_time\" content=\"2021-05-19T19:58:01+00:00\" \/>\n<meta property=\"og:image\" content=\"https:\/\/floridareprofreedom.org\/wp-content\/uploads\/2020\/10\/2-1-1024x791.png\" \/>\n<meta name=\"twitter:card\" content=\"summary_large_image\" \/>\n<meta name=\"twitter:site\" content=\"@FLReproFreedom\" \/>\n<meta name=\"twitter:label1\" content=\"Est. reading time\" \/>\n\t<meta name=\"twitter:data1\" content=\"3 minutes\" \/>\n<script type=\"application\/ld+json\" class=\"yoast-schema-graph\">{\"@context\":\"https:\\\/\\\/schema.org\",\"@graph\":[{\"@type\":\"WebPage\",\"@id\":\"https:\\\/\\\/floridareprofreedom.org\\\/anticonceptivos\\\/\",\"url\":\"https:\\\/\\\/floridareprofreedom.org\\\/anticonceptivos\\\/\",\"name\":\"Grupo de Trabajo de Acceso a Anticonceptivos - Floridians For Reproductive Freedom\",\"isPartOf\":{\"@id\":\"https:\\\/\\\/floridareprofreedom.org\\\/#website\"},\"primaryImageOfPage\":{\"@id\":\"https:\\\/\\\/floridareprofreedom.org\\\/anticonceptivos\\\/#primaryimage\"},\"image\":{\"@id\":\"https:\\\/\\\/floridareprofreedom.org\\\/anticonceptivos\\\/#primaryimage\"},\"thumbnailUrl\":\"https:\\\/\\\/floridareprofreedom.org\\\/wp-content\\\/uploads\\\/2020\\\/10\\\/2-1-1024x791.png\",\"datePublished\":\"2021-05-18T20:18:49+00:00\",\"dateModified\":\"2021-05-19T19:58:01+00:00\",\"breadcrumb\":{\"@id\":\"https:\\\/\\\/floridareprofreedom.org\\\/anticonceptivos\\\/#breadcrumb\"},\"inLanguage\":\"ht\",\"potentialAction\":[{\"@type\":\"ReadAction\",\"target\":[\"https:\\\/\\\/floridareprofreedom.org\\\/anticonceptivos\\\/\"]}]},{\"@type\":\"ImageObject\",\"inLanguage\":\"ht\",\"@id\":\"https:\\\/\\\/floridareprofreedom.org\\\/anticonceptivos\\\/#primaryimage\",\"url\":\"https:\\\/\\\/floridareprofreedom.org\\\/wp-content\\\/uploads\\\/2020\\\/10\\\/2-1-1024x791.png\",\"contentUrl\":\"https:\\\/\\\/floridareprofreedom.org\\\/wp-content\\\/uploads\\\/2020\\\/10\\\/2-1-1024x791.png\"},{\"@type\":\"BreadcrumbList\",\"@id\":\"https:\\\/\\\/floridareprofreedom.org\\\/anticonceptivos\\\/#breadcrumb\",\"itemListElement\":[{\"@type\":\"ListItem\",\"position\":1,\"name\":\"Home\",\"item\":\"https:\\\/\\\/floridareprofreedom.org\\\/\"},{\"@type\":\"ListItem\",\"position\":2,\"name\":\"Grupo de Trabajo de Acceso a Anticonceptivos\"}]},{\"@type\":\"WebSite\",\"@id\":\"https:\\\/\\\/floridareprofreedom.org\\\/#website\",\"url\":\"https:\\\/\\\/floridareprofreedom.org\\\/\",\"name\":\"Floridians For Reproductive Freedom\",\"description\":\"Advocating for convenient, affordable, and safe access to reproductive health care, including abortion.\",\"publisher\":{\"@id\":\"https:\\\/\\\/floridareprofreedom.org\\\/#organization\"},\"potentialAction\":[{\"@type\":\"SearchAction\",\"target\":{\"@type\":\"EntryPoint\",\"urlTemplate\":\"https:\\\/\\\/floridareprofreedom.org\\\/?s={search_term_string}\"},\"query-input\":{\"@type\":\"PropertyValueSpecification\",\"valueRequired\":true,\"valueName\":\"search_term_string\"}}],\"inLanguage\":\"ht\"},{\"@type\":\"Organization\",\"@id\":\"https:\\\/\\\/floridareprofreedom.org\\\/#organization\",\"name\":\"Floridians for Reproductive Freedom\",\"url\":\"https:\\\/\\\/floridareprofreedom.org\\\/\",\"logo\":{\"@type\":\"ImageObject\",\"inLanguage\":\"ht\",\"@id\":\"https:\\\/\\\/floridareprofreedom.org\\\/#\\\/schema\\\/logo\\\/image\\\/\",\"url\":\"https:\\\/\\\/floridareprofreedom.org\\\/wp-content\\\/uploads\\\/2019\\\/05\\\/Untitled.jpg\",\"contentUrl\":\"https:\\\/\\\/floridareprofreedom.org\\\/wp-content\\\/uploads\\\/2019\\\/05\\\/Untitled.jpg\",\"width\":174,\"height\":180,\"caption\":\"Floridians for Reproductive Freedom\"},\"image\":{\"@id\":\"https:\\\/\\\/floridareprofreedom.org\\\/#\\\/schema\\\/logo\\\/image\\\/\"},\"sameAs\":[\"https:\\\/\\\/www.facebook.com\\\/FloridaReproFreedom\\\/\",\"https:\\\/\\\/x.com\\\/FLReproFreedom\",\"https:\\\/\\\/www.instagram.com\\\/floridareprofreedom\\\/\"]}]}<\/script>\n<!-- \/ Yoast SEO plugin. -->","yoast_head_json":{"title":"Grupo de Trabajo de Acceso a Anticonceptivos - Floridyen pou lib\u00e8te repwodiksyon","robots":{"index":"index","follow":"follow","max-snippet":"max-snippet:-1","max-image-preview":"max-image-preview:large","max-video-preview":"max-video-preview:-1"},"canonical":"https:\/\/floridareprofreedom.org\/ht\/antikonseptif\/","og_locale":"ht_HT","og_type":"article","og_title":"Grupo de Trabajo de Acceso a Anticonceptivos - Floridians For Reproductive Freedom","og_description":"&#8220;M\u00e1s preocupante que este debate extra\u00f1amente programado sobre el control de la natalidad, es la vehemencia con la que las mujeres necesitan justificar o explicar por qu\u00e9 toman anticonceptivos: razones de salud, para regular los per\u00edodos, ya sabes, como si hubiera algo malo en tomar anticonceptivos simplemente porque quieres tener relaciones sexuales sin que ese [&hellip;]","og_url":"https:\/\/floridareprofreedom.org\/ht\/antikonseptif\/","og_site_name":"Floridians For Reproductive Freedom","article_publisher":"https:\/\/www.facebook.com\/FloridaReproFreedom\/","article_modified_time":"2021-05-19T19:58:01+00:00","og_image":[{"url":"https:\/\/floridareprofreedom.org\/wp-content\/uploads\/2020\/10\/2-1-1024x791.png","type":"","width":"","height":""}],"twitter_card":"summary_large_image","twitter_site":"@FLReproFreedom","twitter_misc":{"Est. reading time":"3 minutes"},"schema":{"@context":"https:\/\/schema.org","@graph":[{"@type":"WebPage","@id":"https:\/\/floridareprofreedom.org\/anticonceptivos\/","url":"https:\/\/floridareprofreedom.org\/anticonceptivos\/","name":"Grupo de Trabajo de Acceso a Anticonceptivos - Floridyen pou lib\u00e8te repwodiksyon","isPartOf":{"@id":"https:\/\/floridareprofreedom.org\/#website"},"primaryImageOfPage":{"@id":"https:\/\/floridareprofreedom.org\/anticonceptivos\/#primaryimage"},"image":{"@id":"https:\/\/floridareprofreedom.org\/anticonceptivos\/#primaryimage"},"thumbnailUrl":"https:\/\/floridareprofreedom.org\/wp-content\/uploads\/2020\/10\/2-1-1024x791.png","datePublished":"2021-05-18T20:18:49+00:00","dateModified":"2021-05-19T19:58:01+00:00","breadcrumb":{"@id":"https:\/\/floridareprofreedom.org\/anticonceptivos\/#breadcrumb"},"inLanguage":"ht","potentialAction":[{"@type":"ReadAction","target":["https:\/\/floridareprofreedom.org\/anticonceptivos\/"]}]},{"@type":"ImageObject","inLanguage":"ht","@id":"https:\/\/floridareprofreedom.org\/anticonceptivos\/#primaryimage","url":"https:\/\/floridareprofreedom.org\/wp-content\/uploads\/2020\/10\/2-1-1024x791.png","contentUrl":"https:\/\/floridareprofreedom.org\/wp-content\/uploads\/2020\/10\/2-1-1024x791.png"},{"@type":"BreadcrumbList","@id":"https:\/\/floridareprofreedom.org\/anticonceptivos\/#breadcrumb","itemListElement":[{"@type":"ListItem","position":1,"name":"Home","item":"https:\/\/floridareprofreedom.org\/"},{"@type":"ListItem","position":2,"name":"Grupo de Trabajo de Acceso a Anticonceptivos"}]},{"@type":"WebSite","@id":"https:\/\/floridareprofreedom.org\/#website","url":"https:\/\/floridareprofreedom.org\/","name":"Floridyen pou lib\u00e8te repwodiktif","description":"Ap defann aks\u00e8 pratik, ab\u00f2dab, epi an sekirite a swen sante repwodiktif, tankou av\u00f2tman.","publisher":{"@id":"https:\/\/floridareprofreedom.org\/#organization"},"potentialAction":[{"@type":"SearchAction","target":{"@type":"EntryPoint","urlTemplate":"https:\/\/floridareprofreedom.org\/?s={search_term_string}"},"query-input":{"@type":"PropertyValueSpecification","valueRequired":true,"valueName":"search_term_string"}}],"inLanguage":"ht"},{"@type":"Organization","@id":"https:\/\/floridareprofreedom.org\/#organization","name":"Floridyen pou Lib\u00e8te Repwodiktif","url":"https:\/\/floridareprofreedom.org\/","logo":{"@type":"ImageObject","inLanguage":"ht","@id":"https:\/\/floridareprofreedom.org\/#\/schema\/logo\/image\/","url":"https:\/\/floridareprofreedom.org\/wp-content\/uploads\/2019\/05\/Untitled.jpg","contentUrl":"https:\/\/floridareprofreedom.org\/wp-content\/uploads\/2019\/05\/Untitled.jpg","width":174,"height":180,"caption":"Floridians for Reproductive Freedom"},"image":{"@id":"https:\/\/floridareprofreedom.org\/#\/schema\/logo\/image\/"},"sameAs":["https:\/\/www.facebook.com\/FloridaReproFreedom\/","https:\/\/x.com\/FLReproFreedom","https:\/\/www.instagram.com\/floridareprofreedom\/"]}]}},"_links":{"self":[{"href":"https:\/\/floridareprofreedom.org\/ht\/wp-json\/wp\/v2\/pages\/1975","targetHints":{"allow":["GET"]}}],"collection":[{"href":"https:\/\/floridareprofreedom.org\/ht\/wp-json\/wp\/v2\/pages"}],"about":[{"href":"https:\/\/floridareprofreedom.org\/ht\/wp-json\/wp\/v2\/types\/page"}],"author":[{"embeddable":true,"href":"https:\/\/floridareprofreedom.org\/ht\/wp-json\/wp\/v2\/users\/3"}],"replies":[{"embeddable":true,"href":"https:\/\/floridareprofreedom.org\/ht\/wp-json\/wp\/v2\/comments?post=1975"}],"version-history":[{"count":6,"href":"https:\/\/floridareprofreedom.org\/ht\/wp-json\/wp\/v2\/pages\/1975\/revisions"}],"predecessor-version":[{"id":2003,"href":"https:\/\/floridareprofreedom.org\/ht\/wp-json\/wp\/v2\/pages\/1975\/revisions\/2003"}],"wp:attachment":[{"href":"https:\/\/floridareprofreedom.org\/ht\/wp-json\/wp\/v2\/media?parent=1975"}],"wp:term":[{"taxonomy":"folder","embeddable":true,"href":"https:\/\/floridareprofreedom.org\/ht\/wp-json\/wp\/v2\/folder?post=1975"}],"curies":[{"name":"wp","href":"https:\/\/api.w.org\/{rel}","templated":true}]}}