{"id":1977,"date":"2021-05-18T20:23:49","date_gmt":"2021-05-18T20:23:49","guid":{"rendered":"https:\/\/floridareprofreedom.org\/?page_id=1977"},"modified":"2021-05-19T18:56:49","modified_gmt":"2021-05-19T18:56:49","slug":"rabe-2","status":"publish","type":"page","link":"https:\/\/floridareprofreedom.org\/ht\/descuento\/","title":{"rendered":"Farmacias de escompte ak pwogram asistans pou kliyan ki ofri medikaman yo"},"content":{"rendered":"<h2><b>Programs de discount of medicines <\/b><\/h2>\n<p><span style=\"font-weight: 400;\">Casi todas las cadenas de farmacia, detallistas y tiendas de comestibles alrededor de la naci\u00f3n venden<\/span><span style=\"font-weight: 400;\"> contraceptivos seleksyone ak pri tr\u00e8 redui. Algunas farmacias manden ke kliyan yo anrejistre pou manm yo oswa paguen yon tarif any\u00e8l. Otros solo requieren receta m\u00e9dica. Algunas manm yo dwe renovasyon chak ane, pandan y ap l\u00f2t pitit gason endefini. Conozca todos los detalles antes de que necesite surtir una receta en caso de proceso de inscripci\u00f3n demore plis de lo pr\u00e9vu.<\/span><\/p>\n<h2><b>Pwogram asistans pou pasyan yo<\/b><\/h2>\n<p><span style=\"font-weight: 400;\">Los programas de asistencia al paciente est\u00e1n dise\u00f1ados para ayudar a los residentes estadounidenses de bajo ingresos con recetas m\u00e9dicas gratis o de bajo costo. Dichos program generalmente cubren solo medicamentos de marca y son administrados individualmente por las compa\u00f1\u00edas farmac\u00e9uticas que fabrican los medicamentos.<\/span><\/p>\n<p style=\"text-align: center;\"><a href=\"https:\/\/floridareprofreedom.org\/ht\/antikonseptif\/\">Retounen nan k\u00f2mansman an<\/a><\/p>\n<p><iframe src=\"https:\/\/docs.google.com\/spreadsheets\/d\/e\/2PACX-1vTcbuEGnB0yJaX_Umj-wcaRiRxPAF0GUey58bYTg8ZWroY7tmqgGXl-5Xp_LeCDKwe5K0zPElxegQ8R\/pubhtml?gid=0&amp;single=true&amp;widget=true&amp;headers=false\" width=\"850\" height=\"1200\"><span data-mce-type=\"bookmark\" style=\"display: inline-block; width: 0px; overflow: hidden; line-height: 0;\" class=\"mce_SELRES_start\"><\/span><span data-mce-type=\"bookmark\" style=\"display: inline-block; width: 0px; overflow: hidden; line-height: 0;\" class=\"mce_SELRES_start\"><\/span><span data-mce-type=\"bookmark\" style=\"display: inline-block; width: 0px; overflow: hidden; line-height: 0;\" class=\"mce_SELRES_start\"><\/span><\/iframe><\/p>\n<p style=\"text-align: center;\"><a href=\"https:\/\/floridareprofreedom.org\/ht\/antikonseptif\/\">Retounen nan k\u00f2mansman an<\/a><\/p>","protected":false},"excerpt":{"rendered":"<p>Programas de descuento de medicamentos Casi todas las cadenas de farmacia, detallistas y tiendas de comestibles alrededor de la naci\u00f3n venden contraceptivos selectos a precios muy reducidos. Algunas farmacias requieren que los clientes se registren para ser miembros o paguen una tarifa anual. Otros solo requieren receta m\u00e9dica. Algunas membres\u00edas deben renovarse anualmente, mientras que [&hellip;]<\/p>\n","protected":false},"author":3,"featured_media":0,"parent":0,"menu_order":0,"comment_status":"closed","ping_status":"closed","template":"","meta":{"footnotes":""},"folder":[20,10],"class_list":["post-1977","page","type-page","status-publish","hentry"],"yoast_head":"<!-- This site is optimized with the Yoast SEO plugin v27.4 - https:\/\/yoast.com\/product\/yoast-seo-wordpress\/ -->\n<title>Farmacias de descuento y programas de asistencia al consumidor ofrecidos por fabricantes de medicamentos - Floridians For Reproductive Freedom<\/title>\n<meta name=\"robots\" content=\"index, follow, max-snippet:-1, max-image-preview:large, max-video-preview:-1\" \/>\n<link rel=\"canonical\" href=\"https:\/\/floridareprofreedom.org\/ht\/rabe-2\/\" \/>\n<meta property=\"og:locale\" content=\"ht_HT\" \/>\n<meta property=\"og:type\" content=\"article\" \/>\n<meta property=\"og:title\" content=\"Farmacias de descuento y programas de asistencia al consumidor ofrecidos por fabricantes de medicamentos - Floridians For Reproductive Freedom\" \/>\n<meta property=\"og:description\" content=\"Programas de descuento de medicamentos Casi todas las cadenas de farmacia, detallistas y tiendas de comestibles alrededor de la naci\u00f3n venden contraceptivos selectos a precios muy reducidos. Algunas farmacias requieren que los clientes se registren para ser miembros o paguen una tarifa anual. Otros solo requieren receta m\u00e9dica. Algunas membres\u00edas deben renovarse anualmente, mientras que [&hellip;]\" \/>\n<meta property=\"og:url\" content=\"https:\/\/floridareprofreedom.org\/ht\/rabe-2\/\" \/>\n<meta property=\"og:site_name\" content=\"Floridians For Reproductive Freedom\" \/>\n<meta property=\"article:publisher\" content=\"https:\/\/www.facebook.com\/FloridaReproFreedom\/\" \/>\n<meta property=\"article:modified_time\" content=\"2021-05-19T18:56:49+00:00\" \/>\n<meta name=\"twitter:card\" content=\"summary_large_image\" \/>\n<meta name=\"twitter:site\" content=\"@FLReproFreedom\" \/>\n<meta name=\"twitter:label1\" content=\"Est. reading time\" \/>\n\t<meta name=\"twitter:data1\" content=\"1 minute\" \/>\n<script type=\"application\/ld+json\" class=\"yoast-schema-graph\">{\"@context\":\"https:\\\/\\\/schema.org\",\"@graph\":[{\"@type\":\"WebPage\",\"@id\":\"https:\\\/\\\/floridareprofreedom.org\\\/descuento\\\/\",\"url\":\"https:\\\/\\\/floridareprofreedom.org\\\/descuento\\\/\",\"name\":\"Farmacias de descuento y programas de asistencia al consumidor ofrecidos por fabricantes de medicamentos - Floridians For Reproductive Freedom\",\"isPartOf\":{\"@id\":\"https:\\\/\\\/floridareprofreedom.org\\\/#website\"},\"datePublished\":\"2021-05-18T20:23:49+00:00\",\"dateModified\":\"2021-05-19T18:56:49+00:00\",\"breadcrumb\":{\"@id\":\"https:\\\/\\\/floridareprofreedom.org\\\/descuento\\\/#breadcrumb\"},\"inLanguage\":\"ht\",\"potentialAction\":[{\"@type\":\"ReadAction\",\"target\":[\"https:\\\/\\\/floridareprofreedom.org\\\/descuento\\\/\"]}]},{\"@type\":\"BreadcrumbList\",\"@id\":\"https:\\\/\\\/floridareprofreedom.org\\\/descuento\\\/#breadcrumb\",\"itemListElement\":[{\"@type\":\"ListItem\",\"position\":1,\"name\":\"Home\",\"item\":\"https:\\\/\\\/floridareprofreedom.org\\\/\"},{\"@type\":\"ListItem\",\"position\":2,\"name\":\"Farmacias de descuento y programas de asistencia al consumidor ofrecidos por fabricantes de medicamentos\"}]},{\"@type\":\"WebSite\",\"@id\":\"https:\\\/\\\/floridareprofreedom.org\\\/#website\",\"url\":\"https:\\\/\\\/floridareprofreedom.org\\\/\",\"name\":\"Floridians For Reproductive Freedom\",\"description\":\"Advocating for convenient, affordable, and safe access to reproductive health care, including abortion.\",\"publisher\":{\"@id\":\"https:\\\/\\\/floridareprofreedom.org\\\/#organization\"},\"potentialAction\":[{\"@type\":\"SearchAction\",\"target\":{\"@type\":\"EntryPoint\",\"urlTemplate\":\"https:\\\/\\\/floridareprofreedom.org\\\/?s={search_term_string}\"},\"query-input\":{\"@type\":\"PropertyValueSpecification\",\"valueRequired\":true,\"valueName\":\"search_term_string\"}}],\"inLanguage\":\"ht\"},{\"@type\":\"Organization\",\"@id\":\"https:\\\/\\\/floridareprofreedom.org\\\/#organization\",\"name\":\"Floridians for Reproductive Freedom\",\"url\":\"https:\\\/\\\/floridareprofreedom.org\\\/\",\"logo\":{\"@type\":\"ImageObject\",\"inLanguage\":\"ht\",\"@id\":\"https:\\\/\\\/floridareprofreedom.org\\\/#\\\/schema\\\/logo\\\/image\\\/\",\"url\":\"https:\\\/\\\/floridareprofreedom.org\\\/wp-content\\\/uploads\\\/2019\\\/05\\\/Untitled.jpg\",\"contentUrl\":\"https:\\\/\\\/floridareprofreedom.org\\\/wp-content\\\/uploads\\\/2019\\\/05\\\/Untitled.jpg\",\"width\":174,\"height\":180,\"caption\":\"Floridians for Reproductive Freedom\"},\"image\":{\"@id\":\"https:\\\/\\\/floridareprofreedom.org\\\/#\\\/schema\\\/logo\\\/image\\\/\"},\"sameAs\":[\"https:\\\/\\\/www.facebook.com\\\/FloridaReproFreedom\\\/\",\"https:\\\/\\\/x.com\\\/FLReproFreedom\",\"https:\\\/\\\/www.instagram.com\\\/floridareprofreedom\\\/\"]}]}<\/script>\n<!-- \/ Yoast SEO plugin. -->","yoast_head_json":{"title":"Farmacias de descuento y programas de asistencia al consumidor ofrecidos por fabricantes de medicamentos - Floridians For Reproductive Freedom","robots":{"index":"index","follow":"follow","max-snippet":"max-snippet:-1","max-image-preview":"max-image-preview:large","max-video-preview":"max-video-preview:-1"},"canonical":"https:\/\/floridareprofreedom.org\/ht\/rabe-2\/","og_locale":"ht_HT","og_type":"article","og_title":"Farmacias de descuento y programas de asistencia al consumidor ofrecidos por fabricantes de medicamentos - Floridians For Reproductive Freedom","og_description":"Programas de descuento de medicamentos Casi todas las cadenas de farmacia, detallistas y tiendas de comestibles alrededor de la naci\u00f3n venden contraceptivos selectos a precios muy reducidos. Algunas farmacias requieren que los clientes se registren para ser miembros o paguen una tarifa anual. Otros solo requieren receta m\u00e9dica. Algunas membres\u00edas deben renovarse anualmente, mientras que [&hellip;]","og_url":"https:\/\/floridareprofreedom.org\/ht\/rabe-2\/","og_site_name":"Floridians For Reproductive Freedom","article_publisher":"https:\/\/www.facebook.com\/FloridaReproFreedom\/","article_modified_time":"2021-05-19T18:56:49+00:00","twitter_card":"summary_large_image","twitter_site":"@FLReproFreedom","twitter_misc":{"Est. reading time":"1 minute"},"schema":{"@context":"https:\/\/schema.org","@graph":[{"@type":"WebPage","@id":"https:\/\/floridareprofreedom.org\/descuento\/","url":"https:\/\/floridareprofreedom.org\/descuento\/","name":"Farmacias de descuento y programas de asistencia al consumidor ofrecidos por fabricantes de medicamentos - Floridians For Reproductive Freedom","isPartOf":{"@id":"https:\/\/floridareprofreedom.org\/#website"},"datePublished":"2021-05-18T20:23:49+00:00","dateModified":"2021-05-19T18:56:49+00:00","breadcrumb":{"@id":"https:\/\/floridareprofreedom.org\/descuento\/#breadcrumb"},"inLanguage":"ht","potentialAction":[{"@type":"ReadAction","target":["https:\/\/floridareprofreedom.org\/descuento\/"]}]},{"@type":"BreadcrumbList","@id":"https:\/\/floridareprofreedom.org\/descuento\/#breadcrumb","itemListElement":[{"@type":"ListItem","position":1,"name":"Home","item":"https:\/\/floridareprofreedom.org\/"},{"@type":"ListItem","position":2,"name":"Farmacias de descuento y programas de asistencia al consumidor ofrecidos por fabricantes de medicamentos"}]},{"@type":"WebSite","@id":"https:\/\/floridareprofreedom.org\/#website","url":"https:\/\/floridareprofreedom.org\/","name":"Floridyen pou lib\u00e8te repwodiktif","description":"Ap defann aks\u00e8 pratik, ab\u00f2dab, epi an sekirite a swen sante repwodiktif, tankou av\u00f2tman.","publisher":{"@id":"https:\/\/floridareprofreedom.org\/#organization"},"potentialAction":[{"@type":"SearchAction","target":{"@type":"EntryPoint","urlTemplate":"https:\/\/floridareprofreedom.org\/?s={search_term_string}"},"query-input":{"@type":"PropertyValueSpecification","valueRequired":true,"valueName":"search_term_string"}}],"inLanguage":"ht"},{"@type":"Organization","@id":"https:\/\/floridareprofreedom.org\/#organization","name":"Floridyen pou Lib\u00e8te Repwodiktif","url":"https:\/\/floridareprofreedom.org\/","logo":{"@type":"ImageObject","inLanguage":"ht","@id":"https:\/\/floridareprofreedom.org\/#\/schema\/logo\/image\/","url":"https:\/\/floridareprofreedom.org\/wp-content\/uploads\/2019\/05\/Untitled.jpg","contentUrl":"https:\/\/floridareprofreedom.org\/wp-content\/uploads\/2019\/05\/Untitled.jpg","width":174,"height":180,"caption":"Floridians for Reproductive Freedom"},"image":{"@id":"https:\/\/floridareprofreedom.org\/#\/schema\/logo\/image\/"},"sameAs":["https:\/\/www.facebook.com\/FloridaReproFreedom\/","https:\/\/x.com\/FLReproFreedom","https:\/\/www.instagram.com\/floridareprofreedom\/"]}]}},"_links":{"self":[{"href":"https:\/\/floridareprofreedom.org\/ht\/wp-json\/wp\/v2\/pages\/1977","targetHints":{"allow":["GET"]}}],"collection":[{"href":"https:\/\/floridareprofreedom.org\/ht\/wp-json\/wp\/v2\/pages"}],"about":[{"href":"https:\/\/floridareprofreedom.org\/ht\/wp-json\/wp\/v2\/types\/page"}],"author":[{"embeddable":true,"href":"https:\/\/floridareprofreedom.org\/ht\/wp-json\/wp\/v2\/users\/3"}],"replies":[{"embeddable":true,"href":"https:\/\/floridareprofreedom.org\/ht\/wp-json\/wp\/v2\/comments?post=1977"}],"version-history":[{"count":4,"href":"https:\/\/floridareprofreedom.org\/ht\/wp-json\/wp\/v2\/pages\/1977\/revisions"}],"predecessor-version":[{"id":1998,"href":"https:\/\/floridareprofreedom.org\/ht\/wp-json\/wp\/v2\/pages\/1977\/revisions\/1998"}],"wp:attachment":[{"href":"https:\/\/floridareprofreedom.org\/ht\/wp-json\/wp\/v2\/media?parent=1977"}],"wp:term":[{"taxonomy":"folder","embeddable":true,"href":"https:\/\/floridareprofreedom.org\/ht\/wp-json\/wp\/v2\/folder?post=1977"}],"curies":[{"name":"wp","href":"https:\/\/api.w.org\/{rel}","templated":true}]}}