{"id":1981,"date":"2021-05-18T20:27:30","date_gmt":"2021-05-18T20:27:30","guid":{"rendered":"https:\/\/floridareprofreedom.org\/?page_id=1981"},"modified":"2021-05-19T18:58:01","modified_gmt":"2021-05-19T18:58:01","slug":"depatman-sante-yo-2","status":"publish","type":"page","link":"https:\/\/floridareprofreedom.org\/ht\/departamentos-de-salud\/","title":{"rendered":"Departamentos de Salud del Condado"},"content":{"rendered":"<p><span style=\"font-weight: 400;\">Los servicios de planificaci\u00f3n familiar y los de salud preventiva nan Florida yo disponib pou tout rezidan yo nan eta a, ki gen ladan yo j\u00e8n yo, nan 67 kondan yo atrav\u00e8 depatman sante nan chak kondado lokal oswa ajans kontrakt\u00e8 yo. Los servicios de planificaci\u00f3n familiar se prestan de forma voluntaria y de manera confidencial. Li bay enf\u00f2masyon kiltir\u00e8lman sansib ak sou enp\u00f2tans planifikasyon gwos\u00e8s yo ak fin ede ou pran yon desizyon enf\u00f2masyon sou itilizasyon anticonceptivos.<\/span><\/p>\n<p><span style=\"font-weight: 400;\">Consulte la siguiente tabla para conocer nuestros hallazgos sobre los servicios disponibles en cada condado. Pou jwenn plis enf\u00f2masyon, vizite sit w\u00e8b prensipal la\u00a0<\/span><a href=\"http:\/\/www.floridahealth.gov\/programs-and-services\/womens-health\/family-planning\/index.html\"><span style=\"font-weight: 400;\">programa de Planificaci\u00f3n Familiar del Departamento de Salud de Florida<\/span><\/a>.<\/p>\n<p style=\"text-align: center;\"><a href=\"https:\/\/floridareprofreedom.org\/ht\/antikonseptif\/\">Retounen nan k\u00f2mansman an<\/a><\/p>\n<p><iframe src=\"https:\/\/docs.google.com\/spreadsheets\/d\/e\/2PACX-1vTcbuEGnB0yJaX_Umj-wcaRiRxPAF0GUey58bYTg8ZWroY7tmqgGXl-5Xp_LeCDKwe5K0zPElxegQ8R\/pubhtml?gid=2004341484&amp;single=true&amp;amp\" width=\"850\" height=\"1200\"><\/iframe><\/p>\n<p style=\"text-align: center;\"><a href=\"https:\/\/floridareprofreedom.org\/ht\/antikonseptif\/\">Retounen nan k\u00f2mansman an<\/a><\/p>","protected":false},"excerpt":{"rendered":"<p>Los servicios de planificaci\u00f3n familiar y los de salud preventiva de Florida est\u00e1n disponibles para todos los residentes del estado, incluyendo los j\u00f3venes, en los 67 condados a trav\u00e9s de los departamentos de salud de cada condado local o de agencias contratadas. Los servicios de planificaci\u00f3n familiar se prestan de forma voluntaria y de manera [&hellip;]<\/p>\n","protected":false},"author":3,"featured_media":0,"parent":0,"menu_order":0,"comment_status":"closed","ping_status":"closed","template":"","meta":{"footnotes":""},"folder":[20,10],"class_list":["post-1981","page","type-page","status-publish","hentry"],"yoast_head":"<!-- This site is optimized with the Yoast SEO plugin v27.4 - https:\/\/yoast.com\/product\/yoast-seo-wordpress\/ -->\n<title>Departamentos de Salud del Condado - Floridians For Reproductive Freedom<\/title>\n<meta name=\"robots\" content=\"index, follow, max-snippet:-1, max-image-preview:large, max-video-preview:-1\" \/>\n<link rel=\"canonical\" href=\"https:\/\/floridareprofreedom.org\/ht\/depatman-sante-yo-2\/\" \/>\n<meta property=\"og:locale\" content=\"ht_HT\" \/>\n<meta property=\"og:type\" content=\"article\" \/>\n<meta property=\"og:title\" content=\"Departamentos de Salud del Condado - Floridians For Reproductive Freedom\" \/>\n<meta property=\"og:description\" content=\"Los servicios de planificaci\u00f3n familiar y los de salud preventiva de Florida est\u00e1n disponibles para todos los residentes del estado, incluyendo los j\u00f3venes, en los 67 condados a trav\u00e9s de los departamentos de salud de cada condado local o de agencias contratadas. Los servicios de planificaci\u00f3n familiar se prestan de forma voluntaria y de manera [&hellip;]\" \/>\n<meta property=\"og:url\" content=\"https:\/\/floridareprofreedom.org\/ht\/depatman-sante-yo-2\/\" \/>\n<meta property=\"og:site_name\" content=\"Floridians For Reproductive Freedom\" \/>\n<meta property=\"article:publisher\" content=\"https:\/\/www.facebook.com\/FloridaReproFreedom\/\" \/>\n<meta property=\"article:modified_time\" content=\"2021-05-19T18:58:01+00:00\" \/>\n<meta name=\"twitter:card\" content=\"summary_large_image\" \/>\n<meta name=\"twitter:site\" content=\"@FLReproFreedom\" \/>\n<meta name=\"twitter:label1\" content=\"Est. reading time\" \/>\n\t<meta name=\"twitter:data1\" content=\"1 minute\" \/>\n<script type=\"application\/ld+json\" class=\"yoast-schema-graph\">{\"@context\":\"https:\\\/\\\/schema.org\",\"@graph\":[{\"@type\":\"WebPage\",\"@id\":\"https:\\\/\\\/floridareprofreedom.org\\\/departamentos-de-salud\\\/\",\"url\":\"https:\\\/\\\/floridareprofreedom.org\\\/departamentos-de-salud\\\/\",\"name\":\"Departamentos de Salud del Condado - Floridians For Reproductive Freedom\",\"isPartOf\":{\"@id\":\"https:\\\/\\\/floridareprofreedom.org\\\/#website\"},\"datePublished\":\"2021-05-18T20:27:30+00:00\",\"dateModified\":\"2021-05-19T18:58:01+00:00\",\"breadcrumb\":{\"@id\":\"https:\\\/\\\/floridareprofreedom.org\\\/departamentos-de-salud\\\/#breadcrumb\"},\"inLanguage\":\"ht\",\"potentialAction\":[{\"@type\":\"ReadAction\",\"target\":[\"https:\\\/\\\/floridareprofreedom.org\\\/departamentos-de-salud\\\/\"]}]},{\"@type\":\"BreadcrumbList\",\"@id\":\"https:\\\/\\\/floridareprofreedom.org\\\/departamentos-de-salud\\\/#breadcrumb\",\"itemListElement\":[{\"@type\":\"ListItem\",\"position\":1,\"name\":\"Home\",\"item\":\"https:\\\/\\\/floridareprofreedom.org\\\/\"},{\"@type\":\"ListItem\",\"position\":2,\"name\":\"Departamentos de Salud del Condado\"}]},{\"@type\":\"WebSite\",\"@id\":\"https:\\\/\\\/floridareprofreedom.org\\\/#website\",\"url\":\"https:\\\/\\\/floridareprofreedom.org\\\/\",\"name\":\"Floridians For Reproductive Freedom\",\"description\":\"Advocating for convenient, affordable, and safe access to reproductive health care, including abortion.\",\"publisher\":{\"@id\":\"https:\\\/\\\/floridareprofreedom.org\\\/#organization\"},\"potentialAction\":[{\"@type\":\"SearchAction\",\"target\":{\"@type\":\"EntryPoint\",\"urlTemplate\":\"https:\\\/\\\/floridareprofreedom.org\\\/?s={search_term_string}\"},\"query-input\":{\"@type\":\"PropertyValueSpecification\",\"valueRequired\":true,\"valueName\":\"search_term_string\"}}],\"inLanguage\":\"ht\"},{\"@type\":\"Organization\",\"@id\":\"https:\\\/\\\/floridareprofreedom.org\\\/#organization\",\"name\":\"Floridians for Reproductive Freedom\",\"url\":\"https:\\\/\\\/floridareprofreedom.org\\\/\",\"logo\":{\"@type\":\"ImageObject\",\"inLanguage\":\"ht\",\"@id\":\"https:\\\/\\\/floridareprofreedom.org\\\/#\\\/schema\\\/logo\\\/image\\\/\",\"url\":\"https:\\\/\\\/floridareprofreedom.org\\\/wp-content\\\/uploads\\\/2019\\\/05\\\/Untitled.jpg\",\"contentUrl\":\"https:\\\/\\\/floridareprofreedom.org\\\/wp-content\\\/uploads\\\/2019\\\/05\\\/Untitled.jpg\",\"width\":174,\"height\":180,\"caption\":\"Floridians for Reproductive Freedom\"},\"image\":{\"@id\":\"https:\\\/\\\/floridareprofreedom.org\\\/#\\\/schema\\\/logo\\\/image\\\/\"},\"sameAs\":[\"https:\\\/\\\/www.facebook.com\\\/FloridaReproFreedom\\\/\",\"https:\\\/\\\/x.com\\\/FLReproFreedom\",\"https:\\\/\\\/www.instagram.com\\\/floridareprofreedom\\\/\"]}]}<\/script>\n<!-- \/ Yoast SEO plugin. -->","yoast_head_json":{"title":"Departamentos de Salud del Condado - Floridyen Pou Lib\u00e8te Repwodiksyon","robots":{"index":"index","follow":"follow","max-snippet":"max-snippet:-1","max-image-preview":"max-image-preview:large","max-video-preview":"max-video-preview:-1"},"canonical":"https:\/\/floridareprofreedom.org\/ht\/depatman-sante-yo-2\/","og_locale":"ht_HT","og_type":"article","og_title":"Departamentos de Salud del Condado - Floridians For Reproductive Freedom","og_description":"Los servicios de planificaci\u00f3n familiar y los de salud preventiva de Florida est\u00e1n disponibles para todos los residentes del estado, incluyendo los j\u00f3venes, en los 67 condados a trav\u00e9s de los departamentos de salud de cada condado local o de agencias contratadas. Los servicios de planificaci\u00f3n familiar se prestan de forma voluntaria y de manera [&hellip;]","og_url":"https:\/\/floridareprofreedom.org\/ht\/depatman-sante-yo-2\/","og_site_name":"Floridians For Reproductive Freedom","article_publisher":"https:\/\/www.facebook.com\/FloridaReproFreedom\/","article_modified_time":"2021-05-19T18:58:01+00:00","twitter_card":"summary_large_image","twitter_site":"@FLReproFreedom","twitter_misc":{"Est. reading time":"1 minute"},"schema":{"@context":"https:\/\/schema.org","@graph":[{"@type":"WebPage","@id":"https:\/\/floridareprofreedom.org\/departamentos-de-salud\/","url":"https:\/\/floridareprofreedom.org\/departamentos-de-salud\/","name":"Departamentos de Salud del Condado - Floridyen Pou Lib\u00e8te Repwodiksyon","isPartOf":{"@id":"https:\/\/floridareprofreedom.org\/#website"},"datePublished":"2021-05-18T20:27:30+00:00","dateModified":"2021-05-19T18:58:01+00:00","breadcrumb":{"@id":"https:\/\/floridareprofreedom.org\/departamentos-de-salud\/#breadcrumb"},"inLanguage":"ht","potentialAction":[{"@type":"ReadAction","target":["https:\/\/floridareprofreedom.org\/departamentos-de-salud\/"]}]},{"@type":"BreadcrumbList","@id":"https:\/\/floridareprofreedom.org\/departamentos-de-salud\/#breadcrumb","itemListElement":[{"@type":"ListItem","position":1,"name":"Home","item":"https:\/\/floridareprofreedom.org\/"},{"@type":"ListItem","position":2,"name":"Departamentos de Salud del Condado"}]},{"@type":"WebSite","@id":"https:\/\/floridareprofreedom.org\/#website","url":"https:\/\/floridareprofreedom.org\/","name":"Floridyen pou lib\u00e8te repwodiktif","description":"Ap defann aks\u00e8 pratik, ab\u00f2dab, epi an sekirite a swen sante repwodiktif, tankou av\u00f2tman.","publisher":{"@id":"https:\/\/floridareprofreedom.org\/#organization"},"potentialAction":[{"@type":"SearchAction","target":{"@type":"EntryPoint","urlTemplate":"https:\/\/floridareprofreedom.org\/?s={search_term_string}"},"query-input":{"@type":"PropertyValueSpecification","valueRequired":true,"valueName":"search_term_string"}}],"inLanguage":"ht"},{"@type":"Organization","@id":"https:\/\/floridareprofreedom.org\/#organization","name":"Floridyen pou Lib\u00e8te Repwodiktif","url":"https:\/\/floridareprofreedom.org\/","logo":{"@type":"ImageObject","inLanguage":"ht","@id":"https:\/\/floridareprofreedom.org\/#\/schema\/logo\/image\/","url":"https:\/\/floridareprofreedom.org\/wp-content\/uploads\/2019\/05\/Untitled.jpg","contentUrl":"https:\/\/floridareprofreedom.org\/wp-content\/uploads\/2019\/05\/Untitled.jpg","width":174,"height":180,"caption":"Floridians for Reproductive Freedom"},"image":{"@id":"https:\/\/floridareprofreedom.org\/#\/schema\/logo\/image\/"},"sameAs":["https:\/\/www.facebook.com\/FloridaReproFreedom\/","https:\/\/x.com\/FLReproFreedom","https:\/\/www.instagram.com\/floridareprofreedom\/"]}]}},"_links":{"self":[{"href":"https:\/\/floridareprofreedom.org\/ht\/wp-json\/wp\/v2\/pages\/1981","targetHints":{"allow":["GET"]}}],"collection":[{"href":"https:\/\/floridareprofreedom.org\/ht\/wp-json\/wp\/v2\/pages"}],"about":[{"href":"https:\/\/floridareprofreedom.org\/ht\/wp-json\/wp\/v2\/types\/page"}],"author":[{"embeddable":true,"href":"https:\/\/floridareprofreedom.org\/ht\/wp-json\/wp\/v2\/users\/3"}],"replies":[{"embeddable":true,"href":"https:\/\/floridareprofreedom.org\/ht\/wp-json\/wp\/v2\/comments?post=1981"}],"version-history":[{"count":4,"href":"https:\/\/floridareprofreedom.org\/ht\/wp-json\/wp\/v2\/pages\/1981\/revisions"}],"predecessor-version":[{"id":2000,"href":"https:\/\/floridareprofreedom.org\/ht\/wp-json\/wp\/v2\/pages\/1981\/revisions\/2000"}],"wp:attachment":[{"href":"https:\/\/floridareprofreedom.org\/ht\/wp-json\/wp\/v2\/media?parent=1981"}],"wp:term":[{"taxonomy":"folder","embeddable":true,"href":"https:\/\/floridareprofreedom.org\/ht\/wp-json\/wp\/v2\/folder?post=1981"}],"curies":[{"name":"wp","href":"https:\/\/api.w.org\/{rel}","templated":true}]}}