{"id":2057,"date":"2021-08-12T16:51:07","date_gmt":"2021-08-12T16:51:07","guid":{"rendered":"https:\/\/floridareprofreedom.org\/?page_id=2057"},"modified":"2026-03-19T16:04:59","modified_gmt":"2026-03-19T16:04:59","slug":"eskot-pasyan","status":"publish","type":"page","link":"https:\/\/floridareprofreedom.org\/ht\/patientescort\/","title":{"rendered":"Aks\u00e8 a av\u00f2tman: Vin yon volont\u00e8 k\u00f2m esk\u00f2t pasyan"},"content":{"rendered":"<p>Yon fwa yon moun deside f\u00e8 yon av\u00f2tman, pa ta dwe gen okenn wont oswa presyon. Sepandan, kantite moun ki vin anm\u00e8de pasyan nan klinik sante repwodiktif nan Florid ap ogmante epi moun k ap anm\u00e8de yo ap vin pi agresif anv\u00e8 pasyan yo pandan y ap rive epi y ap ale. Wont an piblik, antre san otorizasyon, filme, kreye yon s\u00e8n ki f\u00e8 bwi, kaotik, ak bloke ak redireksyon trafik se taktik tipik.<\/p>\n<p><strong>Nou bezwen plis volont\u00e8 pou esk\u00f2te pasyan klinik yo anpil.<\/strong><\/p>\n<p><strong>Men sa sa vle di:<\/strong><\/p>\n<ul>\n<li>Ou akonpaye (av\u00e8k konsantman yo) pasyan k ap ch\u00e8che swen repwodiktif sou wout la soti nan transp\u00f2 yo rive nan klinik la, pandan wout la li pwobab ke pasyan an ap rankontre manifestan kont av\u00f2tman k ap eseye f\u00e8 yo wont oswa dekouraje yo pou yo pa f\u00e8 pwosedi a.<\/li>\n<li>Ou sip\u00f2te manm fanmi yo, zanmi yo, oswa pitit yo epi ou travay pou amelyore eksperyans lan.<\/li>\n<li>Moun ki esk\u00f2te pasyan yo kontribye nan kreye yon anviw\u00f2nman akeyan ak sip\u00f2 pou pasyan yo, epi yo jwe yon w\u00f2l esansy\u00e8l nan de-estigmatizasyon av\u00f2tman \u2014 yon pati n\u00f2mal nan swen sante.<\/li>\n<li><strong>Moun k ap esk\u00f2te pasyan yo PA angaje yo ak manifestan yo. Sa a se pa yon rasanbleman oswa yon ev\u00e8nman sosyal; li konsantre n\u00e8t sou swen, sekirite ak byenn\u00e8t mantal moun. <em>pasyan yo<\/em>.<\/strong><\/li>\n<\/ul>\n<p>Aks\u00e8 a yon av\u00f2tman ka gen anpil sibtilite, kidonk moun k ap akonpaye pasyan yo dwe respekte tout eksperyans ak rezon ki f\u00e8 yon moun ka ap jwenn swen.<\/p>\n<ul>\n<li aria-level=\"1\"><strong>Kl\u00e8dlo\u00a0<\/strong>\u2013 Sant Sante Fanm Bread and Roses. Kontakte kow\u00f2donat\u00e8 esk\u00f2t Jean nan <a href=\"mailto:jeanj1356@icloud.com\">jeanj1356@icloud.com<\/a> pou enf\u00f2masyon sou f\u00f2masyon. Esk\u00f2t yo pwograme chak samdi sou yon wotasyon mansy\u00e8l; apepr\u00e8 yon chanjman chak mwa.<\/li>\n<li aria-level=\"1\"><strong>Jacksonville\u00a0<\/strong>\u2013 Chwa yon Fanm. Ranpli\u00a0<a href=\"https:\/\/progressflorida.actionkit.com\/go\/256592?t=5&amp;akid=23390%2E239463%2E3EImNb\" target=\"_blank\" rel=\"noopener\" data-saferedirecturl=\"https:\/\/www.google.com\/url?q=https:\/\/progressflorida.actionkit.com\/go\/256592?t%3D5%26akid%3D23390%252E239463%252E3EImNb&amp;source=gmail&amp;ust=1628873171215000&amp;usg=AFQjCNEp3PasCH3xLnwblcoSZXiTLSbq5A\">Aplikasyon pou Esk\u00f2t Volont\u00e8 sou Ent\u00e8n\u00e8t<\/a>.<\/li>\n<li aria-level=\"1\"><strong><span class=\"il\">Lakeland<\/span>\u00a0<\/strong>\u2013\u00a0<span class=\"il\">Lakeland<\/span>\u00a0Sant Sante Fanm.\u00a0<a href=\"https:\/\/progressflorida.actionkit.com\/go\/256593?t=6&amp;akid=23390%2E239463%2E3EImNb\" target=\"_blank\" rel=\"noopener\" data-saferedirecturl=\"https:\/\/www.google.com\/url?q=https:\/\/progressflorida.actionkit.com\/go\/256593?t%3D6%26akid%3D23390%252E239463%252E3EImNb&amp;source=gmail&amp;ust=1628873171215000&amp;usg=AFQjCNEU_7Ubb8VOG0JMOZ-bA_W_aWpe7w\">Antre nan gwoup Facebook Polk Pro-choice Advocacy League (PAL) la<\/a>\u00a0kote yo toujou afiche yon or\u00e8 anl\u00e8 paj la oubyen kontakte kow\u00f2donat\u00e8 esk\u00f2t yo\u00a0<a href=\"mailto:PALofPolkCounty@gmail.com\" target=\"_blank\" rel=\"noopener\">via im\u00e8l<\/a>.<\/li>\n<li aria-level=\"1\"><strong>Plaj Palm Lw\u00e8s<\/strong>\u00a0\u2013 Sant Prezidansy\u00e8l pou Fanm yo.\u00a0<a href=\"mailto:EBenavides@presidentialcenter.com\" target=\"_blank\" rel=\"noopener\">Kontakte kow\u00f2dinat\u00e8 esk\u00f2t Ellen<\/a>\u00a0pou enf\u00f2masyon sou f\u00f2masyon. Yo bezwen esk\u00f2t pou jou samdi yo.<\/li>\n<\/ul>\n<p>Si w ap viv nan yon l\u00f2t kominote apa de sa yo ki nan lis anwo a,\u00a0<a href=\"http:\/\/ineedana.com\/\" target=\"_blank\" rel=\"noopener\" data-saferedirecturl=\"https:\/\/www.google.com\/url?q=https:\/\/progressflorida.actionkit.com\/go\/252778?t%3D7%26akid%3D23390%252E239463%252E3EImNb&amp;source=gmail&amp;ust=1628873171215000&amp;usg=AFQjCNHPOjWWsTU_jpoARQMu94P3A9QlDA\">Jwenn founis\u00e8 av\u00f2tman lokal ou yo isit la<\/a>Apre sa, yon fwa ou fin deside sou youn oubyen de kote ou ta renmen f\u00e8 volontarya, kontakte founis\u00e8 a pou mande l sou bezwen li yo.<\/p>\n<p><strong>Yon l\u00f2t fason pou sip\u00f2te pasyan nan kominote w la ki bezwen av\u00f2tman se f\u00e8 don nan fon av\u00f2tman lokal ou a.<\/strong> \u2013 \u00f2ganizasyon ki angaje pou retire bary\u00e8 finansye ak lojistik ki anpeche pasyan ki nan bezwen jwenn aks\u00e8 a av\u00f2tman. <a href=\"https:\/\/floridaabortionfunds.com\/\" target=\"_blank\" rel=\"noopener\" data-saferedirecturl=\"https:\/\/www.google.com\/url?q=https:\/\/progressflorida.actionkit.com\/go\/256594?t%3D9%26akid%3D23390%252E239463%252E3EImNb&amp;source=gmail&amp;ust=1628873171215000&amp;usg=AFQjCNEO_wRTIwbIxhc1PfQ3NkraBgpiIg\">Jwenn fon k ap s\u00e8vi pasyan nan rejyon Florid ou a isit la.<\/a>.<\/p>","protected":false},"excerpt":{"rendered":"<p>Once someone has decided to have an abortion, there should be no shame or pressure. However, the number of people showing up to harass patients at reproductive health clinics in Florida is escalating and the harassers are getting more aggressive toward patients as they arrive and depart. Public shaming, trespassing, filming, creating a noisy, chaotic [&hellip;]<\/p>\n","protected":false},"author":3,"featured_media":0,"parent":0,"menu_order":0,"comment_status":"closed","ping_status":"closed","template":"","meta":{"footnotes":""},"folder":[],"class_list":["post-2057","page","type-page","status-publish","hentry"],"yoast_head":"<!-- This site is optimized with the Yoast SEO plugin v27.5 - https:\/\/yoast.com\/product\/yoast-seo-wordpress\/ -->\n<title>Abortion Access: Volunteer as a Patient Escort - Floridians For Reproductive Freedom<\/title>\n<meta name=\"robots\" content=\"index, follow, max-snippet:-1, max-image-preview:large, max-video-preview:-1\" \/>\n<link rel=\"canonical\" href=\"https:\/\/floridareprofreedom.org\/ht\/eskot-pasyan\/\" \/>\n<meta property=\"og:locale\" content=\"ht_HT\" \/>\n<meta property=\"og:type\" content=\"article\" \/>\n<meta property=\"og:title\" content=\"Abortion Access: Volunteer as a Patient Escort - Floridians For Reproductive Freedom\" \/>\n<meta property=\"og:description\" content=\"Once someone has decided to have an abortion, there should be no shame or pressure. However, the number of people showing up to harass patients at reproductive health clinics in Florida is escalating and the harassers are getting more aggressive toward patients as they arrive and depart. Public shaming, trespassing, filming, creating a noisy, chaotic [&hellip;]\" \/>\n<meta property=\"og:url\" content=\"https:\/\/floridareprofreedom.org\/ht\/eskot-pasyan\/\" \/>\n<meta property=\"og:site_name\" content=\"Floridians For Reproductive Freedom\" \/>\n<meta property=\"article:publisher\" content=\"https:\/\/www.facebook.com\/FloridaReproFreedom\/\" \/>\n<meta property=\"article:modified_time\" content=\"2026-03-19T16:04:59+00:00\" \/>\n<meta name=\"twitter:card\" content=\"summary_large_image\" \/>\n<meta name=\"twitter:site\" content=\"@FLReproFreedom\" \/>\n<meta name=\"twitter:label1\" content=\"Est. reading time\" \/>\n\t<meta name=\"twitter:data1\" content=\"2 minutes\" \/>\n<script type=\"application\/ld+json\" class=\"yoast-schema-graph\">{\"@context\":\"https:\\\/\\\/schema.org\",\"@graph\":[{\"@type\":\"WebPage\",\"@id\":\"https:\\\/\\\/floridareprofreedom.org\\\/patientescort\\\/\",\"url\":\"https:\\\/\\\/floridareprofreedom.org\\\/patientescort\\\/\",\"name\":\"Abortion Access: Volunteer as a Patient Escort - Floridians For Reproductive Freedom\",\"isPartOf\":{\"@id\":\"https:\\\/\\\/floridareprofreedom.org\\\/#website\"},\"datePublished\":\"2021-08-12T16:51:07+00:00\",\"dateModified\":\"2026-03-19T16:04:59+00:00\",\"breadcrumb\":{\"@id\":\"https:\\\/\\\/floridareprofreedom.org\\\/patientescort\\\/#breadcrumb\"},\"inLanguage\":\"ht\",\"potentialAction\":[{\"@type\":\"ReadAction\",\"target\":[\"https:\\\/\\\/floridareprofreedom.org\\\/patientescort\\\/\"]}]},{\"@type\":\"BreadcrumbList\",\"@id\":\"https:\\\/\\\/floridareprofreedom.org\\\/patientescort\\\/#breadcrumb\",\"itemListElement\":[{\"@type\":\"ListItem\",\"position\":1,\"name\":\"Home\",\"item\":\"https:\\\/\\\/floridareprofreedom.org\\\/\"},{\"@type\":\"ListItem\",\"position\":2,\"name\":\"Abortion Access: Volunteer as a Patient Escort\"}]},{\"@type\":\"WebSite\",\"@id\":\"https:\\\/\\\/floridareprofreedom.org\\\/#website\",\"url\":\"https:\\\/\\\/floridareprofreedom.org\\\/\",\"name\":\"Floridians For Reproductive Freedom\",\"description\":\"Advocating for convenient, affordable, and safe access to reproductive health care, including abortion.\",\"publisher\":{\"@id\":\"https:\\\/\\\/floridareprofreedom.org\\\/#organization\"},\"potentialAction\":[{\"@type\":\"SearchAction\",\"target\":{\"@type\":\"EntryPoint\",\"urlTemplate\":\"https:\\\/\\\/floridareprofreedom.org\\\/?s={search_term_string}\"},\"query-input\":{\"@type\":\"PropertyValueSpecification\",\"valueRequired\":true,\"valueName\":\"search_term_string\"}}],\"inLanguage\":\"ht\"},{\"@type\":\"Organization\",\"@id\":\"https:\\\/\\\/floridareprofreedom.org\\\/#organization\",\"name\":\"Floridians for Reproductive Freedom\",\"url\":\"https:\\\/\\\/floridareprofreedom.org\\\/\",\"logo\":{\"@type\":\"ImageObject\",\"inLanguage\":\"ht\",\"@id\":\"https:\\\/\\\/floridareprofreedom.org\\\/#\\\/schema\\\/logo\\\/image\\\/\",\"url\":\"https:\\\/\\\/floridareprofreedom.org\\\/wp-content\\\/uploads\\\/2019\\\/05\\\/Untitled.jpg\",\"contentUrl\":\"https:\\\/\\\/floridareprofreedom.org\\\/wp-content\\\/uploads\\\/2019\\\/05\\\/Untitled.jpg\",\"width\":174,\"height\":180,\"caption\":\"Floridians for Reproductive Freedom\"},\"image\":{\"@id\":\"https:\\\/\\\/floridareprofreedom.org\\\/#\\\/schema\\\/logo\\\/image\\\/\"},\"sameAs\":[\"https:\\\/\\\/www.facebook.com\\\/FloridaReproFreedom\\\/\",\"https:\\\/\\\/x.com\\\/FLReproFreedom\",\"https:\\\/\\\/www.instagram.com\\\/floridareprofreedom\\\/\"]}]}<\/script>\n<!-- \/ Yoast SEO plugin. -->","yoast_head_json":{"title":"Aks\u00e8 a av\u00f2tman: Vin yon volont\u00e8 k\u00f2m esk\u00f2t pasyan - Floridyen pou lib\u00e8te repwodiktif","robots":{"index":"index","follow":"follow","max-snippet":"max-snippet:-1","max-image-preview":"max-image-preview:large","max-video-preview":"max-video-preview:-1"},"canonical":"https:\/\/floridareprofreedom.org\/ht\/eskot-pasyan\/","og_locale":"ht_HT","og_type":"article","og_title":"Abortion Access: Volunteer as a Patient Escort - Floridians For Reproductive Freedom","og_description":"Once someone has decided to have an abortion, there should be no shame or pressure. However, the number of people showing up to harass patients at reproductive health clinics in Florida is escalating and the harassers are getting more aggressive toward patients as they arrive and depart. Public shaming, trespassing, filming, creating a noisy, chaotic [&hellip;]","og_url":"https:\/\/floridareprofreedom.org\/ht\/eskot-pasyan\/","og_site_name":"Floridians For Reproductive Freedom","article_publisher":"https:\/\/www.facebook.com\/FloridaReproFreedom\/","article_modified_time":"2026-03-19T16:04:59+00:00","twitter_card":"summary_large_image","twitter_site":"@FLReproFreedom","twitter_misc":{"Est. reading time":"2 minutes"},"schema":{"@context":"https:\/\/schema.org","@graph":[{"@type":"WebPage","@id":"https:\/\/floridareprofreedom.org\/patientescort\/","url":"https:\/\/floridareprofreedom.org\/patientescort\/","name":"Aks\u00e8 a av\u00f2tman: Vin yon volont\u00e8 k\u00f2m esk\u00f2t pasyan - Floridyen pou lib\u00e8te repwodiktif","isPartOf":{"@id":"https:\/\/floridareprofreedom.org\/#website"},"datePublished":"2021-08-12T16:51:07+00:00","dateModified":"2026-03-19T16:04:59+00:00","breadcrumb":{"@id":"https:\/\/floridareprofreedom.org\/patientescort\/#breadcrumb"},"inLanguage":"ht","potentialAction":[{"@type":"ReadAction","target":["https:\/\/floridareprofreedom.org\/patientescort\/"]}]},{"@type":"BreadcrumbList","@id":"https:\/\/floridareprofreedom.org\/patientescort\/#breadcrumb","itemListElement":[{"@type":"ListItem","position":1,"name":"Home","item":"https:\/\/floridareprofreedom.org\/"},{"@type":"ListItem","position":2,"name":"Abortion Access: Volunteer as a Patient Escort"}]},{"@type":"WebSite","@id":"https:\/\/floridareprofreedom.org\/#website","url":"https:\/\/floridareprofreedom.org\/","name":"Floridyen pou lib\u00e8te repwodiktif","description":"Ap defann aks\u00e8 pratik, ab\u00f2dab, epi an sekirite a swen sante repwodiktif, tankou av\u00f2tman.","publisher":{"@id":"https:\/\/floridareprofreedom.org\/#organization"},"potentialAction":[{"@type":"SearchAction","target":{"@type":"EntryPoint","urlTemplate":"https:\/\/floridareprofreedom.org\/?s={search_term_string}"},"query-input":{"@type":"PropertyValueSpecification","valueRequired":true,"valueName":"search_term_string"}}],"inLanguage":"ht"},{"@type":"Organization","@id":"https:\/\/floridareprofreedom.org\/#organization","name":"Floridyen pou Lib\u00e8te Repwodiktif","url":"https:\/\/floridareprofreedom.org\/","logo":{"@type":"ImageObject","inLanguage":"ht","@id":"https:\/\/floridareprofreedom.org\/#\/schema\/logo\/image\/","url":"https:\/\/floridareprofreedom.org\/wp-content\/uploads\/2019\/05\/Untitled.jpg","contentUrl":"https:\/\/floridareprofreedom.org\/wp-content\/uploads\/2019\/05\/Untitled.jpg","width":174,"height":180,"caption":"Floridians for Reproductive Freedom"},"image":{"@id":"https:\/\/floridareprofreedom.org\/#\/schema\/logo\/image\/"},"sameAs":["https:\/\/www.facebook.com\/FloridaReproFreedom\/","https:\/\/x.com\/FLReproFreedom","https:\/\/www.instagram.com\/floridareprofreedom\/"]}]}},"_links":{"self":[{"href":"https:\/\/floridareprofreedom.org\/ht\/wp-json\/wp\/v2\/pages\/2057","targetHints":{"allow":["GET"]}}],"collection":[{"href":"https:\/\/floridareprofreedom.org\/ht\/wp-json\/wp\/v2\/pages"}],"about":[{"href":"https:\/\/floridareprofreedom.org\/ht\/wp-json\/wp\/v2\/types\/page"}],"author":[{"embeddable":true,"href":"https:\/\/floridareprofreedom.org\/ht\/wp-json\/wp\/v2\/users\/3"}],"replies":[{"embeddable":true,"href":"https:\/\/floridareprofreedom.org\/ht\/wp-json\/wp\/v2\/comments?post=2057"}],"version-history":[{"count":4,"href":"https:\/\/floridareprofreedom.org\/ht\/wp-json\/wp\/v2\/pages\/2057\/revisions"}],"predecessor-version":[{"id":4999,"href":"https:\/\/floridareprofreedom.org\/ht\/wp-json\/wp\/v2\/pages\/2057\/revisions\/4999"}],"wp:attachment":[{"href":"https:\/\/floridareprofreedom.org\/ht\/wp-json\/wp\/v2\/media?parent=2057"}],"wp:term":[{"taxonomy":"folder","embeddable":true,"href":"https:\/\/floridareprofreedom.org\/ht\/wp-json\/wp\/v2\/folder?post=2057"}],"curies":[{"name":"wp","href":"https:\/\/api.w.org\/{rel}","templated":true}]}}