{"id":2069,"date":"2021-08-18T19:07:25","date_gmt":"2021-08-18T19:07:25","guid":{"rendered":"https:\/\/floridareprofreedom.org\/?page_id=2069"},"modified":"2021-08-18T19:08:14","modified_gmt":"2021-08-18T19:08:14","slug":"akse-a-kontraseptif-nan-sant-sante","status":"publish","type":"page","link":"https:\/\/floridareprofreedom.org\/ht\/contraceptives-access-hc\/","title":{"rendered":"Gwoup Travay Aks\u00e8 Kontraseptif"},"content":{"rendered":"<p><span style=\"font-weight: 400;\">\u201cNan l\u00e8 etranj sa a, plis boulv\u00e8san pase deba sou plan, se ak ki pasyon ke fanm bezwen jistifye oswa eksplike poukisa yo pran plan-rezon sante, kontwole r\u00e8g, ou konnen, tankou gen yon bagay ki mal nan pran plan tou paske ou vle f\u00e8 s\u00e8ks san s\u00e8ks sa a pa vin lak\u00f2z gwo kantite.\u201d \u2013 Roxane Gay nan Move Feminis (Harper Perennial)<\/span><\/p>\n<h2>Aks\u00e8 kontraseptif (planin)<\/h2>\n<p><span style=\"font-weight: 400;\">Tout Floridyen ta dwe gen aks\u00e8 ab\u00f2dab epi al\u00e8 sou tout seri opsyon planin yo.<\/span><\/p>\n<p><span style=\"font-weight: 400;\">Plis pase l\u00f2t tan yo, bary\u00e8 pou jwenn plan ta dwe minimize, pandan edikasyon egzat sou plan ak s\u00e8vis swen sante repwodiksyon travay ta dwe maksimize.<\/span><\/p>\n<p><span style=\"font-weight: 400;\">Anplwa ki pa kouvri depans pou, lwa ki finanse edikasyon edikasyon ki baze sou abstinan s\u00e8lman, ak \u201cdez\u00e8 kontrasepsyon\u201d yo, pou byenn\u00e8t ak sekirite moun ki gen bezwen plan ki div\u00e8s epi inik.<\/span><\/p>\n<p><b>Gwoup Travay Aks\u00e8 Kontraseptif Floridyen pou Lib\u00e8te Repwodiksyon<\/b><span style=\"font-weight: 400;\"> (FRF) te kolekte sa yo ke nou ofri k\u00f2m yon <\/span><b>Gid Resous<\/b><span style=\"font-weight: 400;\"> sou jwenn swen pou plan nan tout edikasyon an Florid ak defann premye fwa a:<\/span><\/p>\n<ul>\n<li style=\"font-weight: 400;\" aria-level=\"1\"><a href=\"https:\/\/floridareprofreedom.org\/ht\/famasi-rabe-ak-pwogram-asistans-pasyan-konpayi-famasetik-hc\/\"><span style=\"font-weight: 400;\">Rab\u00e8 Famas ak Pwogram Asistans pou Konsomat\u00e8 ki ofri pa medikaman yo<\/span><\/a><\/li>\n<li style=\"font-weight: 400;\" aria-level=\"1\"><a href=\"https:\/\/floridareprofreedom.org\/ht\/kreyol-kontwol-nesans\/\"><span style=\"font-weight: 400;\">Opsyon plan ak pri \u2013 ki nan lis lan pa pwoj\u00e8<\/span><\/a><\/li>\n<li style=\"font-weight: 400;\" aria-level=\"1\"><a href=\"https:\/\/floridareprofreedom.org\/ht\/depatman-sante-konte-hc\/\"><span style=\"font-weight: 400;\">Pwogram Planifikasyon Fanmi nan Depatman Sante Florid (pa konte)<\/span><\/a><\/li>\n<li style=\"font-weight: 400;\" aria-level=\"1\"><a href=\"https:\/\/floridareprofreedom.org\/ht\/resous-edikasyonel-hc\/\"><span style=\"font-weight: 400;\">Resous Edikasyon ak Defans \u2013 pou Dokt\u00e8 ak Konsomat\u00e8<\/span><\/a><\/li>\n<li style=\"font-weight: 400;\" aria-level=\"1\"><span style=\"font-weight: 400;\"><a href=\"https:\/\/nwlc.org\/having-trouble-getting-birth-control\/\">Rezoud pwobl\u00e8m dwa: pa gen okenn l\u00f2t depans pou soti-nan-p\u00f2ch pou planin<\/a> (Sant Lwa Fanm Nasyonal)<\/span><\/li>\n<li style=\"font-weight: 400;\" aria-level=\"1\"><a href=\"https:\/\/floridareprofreedom.org\/ht\/ek\/\"><span style=\"font-weight: 400;\">Paj Aksyon: Hey Publix! #DontHideEC<\/span><\/a><\/li>\n<\/ul>\n<p><strong>Kons\u00e8nan Gwoup Travay Aks\u00e8 Kontraseptif yo<\/strong><\/p>\n<ul>\n<li><span style=\"font-weight: 400;\">Objektif nou se pou ede <\/span><b>kenbe aks\u00e8 ak kontras\u00e8psyon<\/b><span style=\"font-weight: 400;\"> pou moun ki gen bary\u00e8 pou swen planin tankou:<\/span>\n<ul>\n<li style=\"font-weight: 400;\" aria-level=\"1\"><span style=\"font-weight: 400;\">Manke kondisyon oswa pri ki toujou wo menm kondisyon\u00a0<\/span><\/li>\n<li style=\"font-weight: 400;\" aria-level=\"1\"><span style=\"font-weight: 400;\">Pwobl\u00e8m transp\u00f2<\/span><\/li>\n<li style=\"font-weight: 400;\" aria-level=\"1\"><span style=\"font-weight: 400;\">P\u00e8 diskriminasyon<\/span><\/li>\n<li style=\"font-weight: 400;\" aria-level=\"1\"><span style=\"font-weight: 400;\">Enkyetid sou patisipasyon paran yo<\/span><\/li>\n<li style=\"font-weight: 400;\" aria-level=\"1\"><span style=\"font-weight: 400;\">Bary\u00e8 langaj<\/span><\/li>\n<\/ul>\n<p><span style=\"font-weight: 400;\">Epi tou, nou f\u00e8 ef\u00f2 pou <\/span><b>konekte<\/b><span style=\"font-weight: 400;\"> Yo, mande medikal yo, pasyan patn\u00e8 yo, ak resous ki ofri <\/span><b>pri ki-efikas<\/b><span style=\"font-weight: 400;\">, <\/span><b>konpli<\/b><span style=\"font-weight: 400;\">, ak s\u00e8vis planin ki <\/span><b>santre-sou<\/b><span style=\"font-weight: 400;\"> pasyan.<\/span><span style=\"font-weight: 400;\"><br \/>\n<\/span><span style=\"font-weight: 400;\"><br \/>\n<\/span><span style=\"font-weight: 400;\">Nou sip\u00f2te ef\u00f2 <\/span><b>defann<\/b><span style=\"font-weight: 400;\"> ki <\/span><b>Medicaid Elaji<\/b><span style=\"font-weight: 400;\">, <\/span><b>fon gouv\u00e8nman ak asirans plan prive<\/b><span style=\"font-weight: 400;\"> pou planin; bay pasyans yo ak dwa yo <\/span><b>pouvwa<\/b><span style=\"font-weight: 400;\"> pou ou aprann <\/span><b>tout opsyon<\/b><span style=\"font-weight: 400;\"> nan plan n\u00e8t (pi plis pase sak baze sou abstinans oswa enstalasyon planifikasyon \u201cnatir\u00e8l pou fanmi an).<\/span><span style=\"font-weight: 400;\"><br \/>\n<\/span><span style=\"font-weight: 400;\"><br \/>\n<\/span><span style=\"font-weight: 400;\">Nou w\u00e8 pou ogmante messagerie ak aks\u00e8 pou <\/span><b>kontras\u00e8psyon ijans<\/b><span style=\"font-weight: 400;\"> (Plan B, Ella) ak <\/span><b>kontrasepsyon rev\u00e8sib ki aji-lontan<\/b><span style=\"font-weight: 400;\"> (LARC) tankou IUD oswa enplimant, epi <\/span><b>kote planin san preskripsyon<\/b><span style=\"font-weight: 400;\"> tou.<\/span><\/p>\n<ul>\n<li style=\"font-weight: 400;\" aria-level=\"1\"><span style=\"font-weight: 400;\">Tcheke kanpay nou gen kounye a pou mande Publix pou f\u00e8 EC aksesib a kliyan li yo, pou yo vann li nan ale d\u00e8y\u00e8 Planifikasyon Fanmi an olye nan biwo famasi a: Hey Publix! #DontHideEC<\/span>: <a href=\"https:\/\/floridareprofreedom.org\/ht\/ek\/\">Alo Publix! #DontHideEC<\/a><\/li>\n<\/ul>\n<\/li>\n<\/ul>\n<p><a href=\"https:\/\/floridareprofreedom.org\/ht\/ek\/\"><img fetchpriority=\"high\" decoding=\"async\" class=\"size-large wp-image-1374 aligncenter\" src=\"https:\/\/floridareprofreedom.org\/wp-content\/uploads\/2020\/10\/2-1-1024x791.png\" alt=\"\" width=\"800\" height=\"618\" srcset=\"https:\/\/floridareprofreedom.org\/wp-content\/uploads\/2020\/10\/2-1-1024x791.png 1024w, https:\/\/floridareprofreedom.org\/wp-content\/uploads\/2020\/10\/2-1-300x232.png 300w, https:\/\/floridareprofreedom.org\/wp-content\/uploads\/2020\/10\/2-1-768x593.png 768w, https:\/\/floridareprofreedom.org\/wp-content\/uploads\/2020\/10\/2-1-1536x1187.png 1536w, https:\/\/floridareprofreedom.org\/wp-content\/uploads\/2020\/10\/2-1.png 1650w\" sizes=\"(max-width: 800px) 100vw, 800px\" \/><\/a><\/p>\n<h2>Patisipe<\/h2>\n<p><span style=\"font-weight: 400;\">Enterese nan travay pou chanjman lwa nan nivo Eta a? Gwoup Travay Aks\u00e8 Kontraseptif FRF la akeyi patisipasyon ou.<\/span><span style=\"font-weight: 400;\"><br \/>\n<\/span><span style=\"font-weight: 400;\"><br \/>\n<\/span><span style=\"font-weight: 400;\">Pataje lyen paj sa a ak Gid Resous nou an sou rezo sosyal, lis s\u00e8vis imel, ak bilten lokal yo; pataje av\u00e8k patn\u00e8 ou yo\/lek\u00f2l\/klinik; gendwa telechaje, ekri, ak distribye tou.<\/span><span style=\"font-weight: 400;\"><br \/>\n<\/span><span style=\"font-weight: 400;\"><br \/>\n<\/span><span style=\"font-weight: 400;\">Si ou gen pou ajoute\/modifye, tanpri im\u00e8l T\u00e8t Komite <\/span><b>Gwoup Travay Aks\u00e8 Kontraseptif FRF<\/b><span style=\"font-weight: 400;\">, <\/span><a href=\"mailto: reerob71@gmail.com\">Reesa Roberts<\/a>.<\/p>\n<p><a href=\"https:\/\/progressflorida.actionkit.com\/signup\/frf-grassroots-signup\" target=\"_blank\" rel=\"noopener\"><button>Enskri pou patisipe<\/button><\/a><\/p>","protected":false},"excerpt":{"rendered":"<p>&#8220;Nan l\u00e8 etranj sa a, plis boulv\u00e8san pase deba sou planin, se ak ki pasyon ke fanm bezwen jistifye oswa eksplike poukisa yo pran planin-rezon sante, kontwole r\u00e8g, ou konnen, tankou gen yon bagay ki mal nan pran planin tou senpleman paske ou vle f\u00e8 s\u00e8ks san s\u00e8ks sa a pa vinn lak\u00f2z gwos\u00e8s.&#8221; &#8211; [&hellip;]<\/p>\n","protected":false},"author":3,"featured_media":0,"parent":0,"menu_order":0,"comment_status":"closed","ping_status":"closed","template":"","meta":{"footnotes":""},"folder":[21,10],"class_list":["post-2069","page","type-page","status-publish","hentry"],"yoast_head":"<!-- This site is optimized with the Yoast SEO plugin v27.4 - https:\/\/yoast.com\/product\/yoast-seo-wordpress\/ -->\n<title>Gwoup Travay Aks\u00e8 Kontraseptif - Floridians For Reproductive Freedom<\/title>\n<meta name=\"robots\" content=\"index, follow, max-snippet:-1, max-image-preview:large, max-video-preview:-1\" \/>\n<link rel=\"canonical\" href=\"https:\/\/floridareprofreedom.org\/ht\/akse-a-kontraseptif-nan-sant-sante\/\" \/>\n<meta property=\"og:locale\" content=\"ht_HT\" \/>\n<meta property=\"og:type\" content=\"article\" \/>\n<meta property=\"og:title\" content=\"Gwoup Travay Aks\u00e8 Kontraseptif - Floridians For Reproductive Freedom\" \/>\n<meta property=\"og:description\" content=\"&#8220;Nan l\u00e8 etranj sa a, plis boulv\u00e8san pase deba sou planin, se ak ki pasyon ke fanm bezwen jistifye oswa eksplike poukisa yo pran planin-rezon sante, kontwole r\u00e8g, ou konnen, tankou gen yon bagay ki mal nan pran planin tou senpleman paske ou vle f\u00e8 s\u00e8ks san s\u00e8ks sa a pa vinn lak\u00f2z gwos\u00e8s.&#8221; &#8211; [&hellip;]\" \/>\n<meta property=\"og:url\" content=\"https:\/\/floridareprofreedom.org\/ht\/akse-a-kontraseptif-nan-sant-sante\/\" \/>\n<meta property=\"og:site_name\" content=\"Floridians For Reproductive Freedom\" \/>\n<meta property=\"article:publisher\" content=\"https:\/\/www.facebook.com\/FloridaReproFreedom\/\" \/>\n<meta property=\"article:modified_time\" content=\"2021-08-18T19:08:14+00:00\" \/>\n<meta property=\"og:image\" content=\"https:\/\/floridareprofreedom.org\/wp-content\/uploads\/2020\/10\/2-1-1024x791.png\" \/>\n<meta name=\"twitter:card\" content=\"summary_large_image\" \/>\n<meta name=\"twitter:site\" content=\"@FLReproFreedom\" \/>\n<meta name=\"twitter:label1\" content=\"Est. reading time\" \/>\n\t<meta name=\"twitter:data1\" content=\"3 minutes\" \/>\n<script type=\"application\/ld+json\" class=\"yoast-schema-graph\">{\"@context\":\"https:\\\/\\\/schema.org\",\"@graph\":[{\"@type\":\"WebPage\",\"@id\":\"https:\\\/\\\/floridareprofreedom.org\\\/contraceptives-access-hc\\\/\",\"url\":\"https:\\\/\\\/floridareprofreedom.org\\\/contraceptives-access-hc\\\/\",\"name\":\"Gwoup Travay Aks\u00e8 Kontraseptif - Floridians For Reproductive Freedom\",\"isPartOf\":{\"@id\":\"https:\\\/\\\/floridareprofreedom.org\\\/#website\"},\"primaryImageOfPage\":{\"@id\":\"https:\\\/\\\/floridareprofreedom.org\\\/contraceptives-access-hc\\\/#primaryimage\"},\"image\":{\"@id\":\"https:\\\/\\\/floridareprofreedom.org\\\/contraceptives-access-hc\\\/#primaryimage\"},\"thumbnailUrl\":\"https:\\\/\\\/floridareprofreedom.org\\\/wp-content\\\/uploads\\\/2020\\\/10\\\/2-1-1024x791.png\",\"datePublished\":\"2021-08-18T19:07:25+00:00\",\"dateModified\":\"2021-08-18T19:08:14+00:00\",\"breadcrumb\":{\"@id\":\"https:\\\/\\\/floridareprofreedom.org\\\/contraceptives-access-hc\\\/#breadcrumb\"},\"inLanguage\":\"ht\",\"potentialAction\":[{\"@type\":\"ReadAction\",\"target\":[\"https:\\\/\\\/floridareprofreedom.org\\\/contraceptives-access-hc\\\/\"]}]},{\"@type\":\"ImageObject\",\"inLanguage\":\"ht\",\"@id\":\"https:\\\/\\\/floridareprofreedom.org\\\/contraceptives-access-hc\\\/#primaryimage\",\"url\":\"https:\\\/\\\/floridareprofreedom.org\\\/wp-content\\\/uploads\\\/2020\\\/10\\\/2-1-1024x791.png\",\"contentUrl\":\"https:\\\/\\\/floridareprofreedom.org\\\/wp-content\\\/uploads\\\/2020\\\/10\\\/2-1-1024x791.png\"},{\"@type\":\"BreadcrumbList\",\"@id\":\"https:\\\/\\\/floridareprofreedom.org\\\/contraceptives-access-hc\\\/#breadcrumb\",\"itemListElement\":[{\"@type\":\"ListItem\",\"position\":1,\"name\":\"Home\",\"item\":\"https:\\\/\\\/floridareprofreedom.org\\\/\"},{\"@type\":\"ListItem\",\"position\":2,\"name\":\"Gwoup Travay Aks\u00e8 Kontraseptif\"}]},{\"@type\":\"WebSite\",\"@id\":\"https:\\\/\\\/floridareprofreedom.org\\\/#website\",\"url\":\"https:\\\/\\\/floridareprofreedom.org\\\/\",\"name\":\"Floridians For Reproductive Freedom\",\"description\":\"Advocating for convenient, affordable, and safe access to reproductive health care, including abortion.\",\"publisher\":{\"@id\":\"https:\\\/\\\/floridareprofreedom.org\\\/#organization\"},\"potentialAction\":[{\"@type\":\"SearchAction\",\"target\":{\"@type\":\"EntryPoint\",\"urlTemplate\":\"https:\\\/\\\/floridareprofreedom.org\\\/?s={search_term_string}\"},\"query-input\":{\"@type\":\"PropertyValueSpecification\",\"valueRequired\":true,\"valueName\":\"search_term_string\"}}],\"inLanguage\":\"ht\"},{\"@type\":\"Organization\",\"@id\":\"https:\\\/\\\/floridareprofreedom.org\\\/#organization\",\"name\":\"Floridians for Reproductive Freedom\",\"url\":\"https:\\\/\\\/floridareprofreedom.org\\\/\",\"logo\":{\"@type\":\"ImageObject\",\"inLanguage\":\"ht\",\"@id\":\"https:\\\/\\\/floridareprofreedom.org\\\/#\\\/schema\\\/logo\\\/image\\\/\",\"url\":\"https:\\\/\\\/floridareprofreedom.org\\\/wp-content\\\/uploads\\\/2019\\\/05\\\/Untitled.jpg\",\"contentUrl\":\"https:\\\/\\\/floridareprofreedom.org\\\/wp-content\\\/uploads\\\/2019\\\/05\\\/Untitled.jpg\",\"width\":174,\"height\":180,\"caption\":\"Floridians for Reproductive Freedom\"},\"image\":{\"@id\":\"https:\\\/\\\/floridareprofreedom.org\\\/#\\\/schema\\\/logo\\\/image\\\/\"},\"sameAs\":[\"https:\\\/\\\/www.facebook.com\\\/FloridaReproFreedom\\\/\",\"https:\\\/\\\/x.com\\\/FLReproFreedom\",\"https:\\\/\\\/www.instagram.com\\\/floridareprofreedom\\\/\"]}]}<\/script>\n<!-- \/ Yoast SEO plugin. -->","yoast_head_json":{"title":"Gwoup Travay Aks\u00e8 Kontraseptif - Floridians For Reproductive Freedom","robots":{"index":"index","follow":"follow","max-snippet":"max-snippet:-1","max-image-preview":"max-image-preview:large","max-video-preview":"max-video-preview:-1"},"canonical":"https:\/\/floridareprofreedom.org\/ht\/akse-a-kontraseptif-nan-sant-sante\/","og_locale":"ht_HT","og_type":"article","og_title":"Gwoup Travay Aks\u00e8 Kontraseptif - Floridians For Reproductive Freedom","og_description":"&#8220;Nan l\u00e8 etranj sa a, plis boulv\u00e8san pase deba sou planin, se ak ki pasyon ke fanm bezwen jistifye oswa eksplike poukisa yo pran planin-rezon sante, kontwole r\u00e8g, ou konnen, tankou gen yon bagay ki mal nan pran planin tou senpleman paske ou vle f\u00e8 s\u00e8ks san s\u00e8ks sa a pa vinn lak\u00f2z gwos\u00e8s.&#8221; &#8211; [&hellip;]","og_url":"https:\/\/floridareprofreedom.org\/ht\/akse-a-kontraseptif-nan-sant-sante\/","og_site_name":"Floridians For Reproductive Freedom","article_publisher":"https:\/\/www.facebook.com\/FloridaReproFreedom\/","article_modified_time":"2021-08-18T19:08:14+00:00","og_image":[{"url":"https:\/\/floridareprofreedom.org\/wp-content\/uploads\/2020\/10\/2-1-1024x791.png","type":"","width":"","height":""}],"twitter_card":"summary_large_image","twitter_site":"@FLReproFreedom","twitter_misc":{"Est. reading time":"3 minutes"},"schema":{"@context":"https:\/\/schema.org","@graph":[{"@type":"WebPage","@id":"https:\/\/floridareprofreedom.org\/contraceptives-access-hc\/","url":"https:\/\/floridareprofreedom.org\/contraceptives-access-hc\/","name":"Gwoup Travay Aks\u00e8 Kontraseptif - Floridians For Reproductive Freedom","isPartOf":{"@id":"https:\/\/floridareprofreedom.org\/#website"},"primaryImageOfPage":{"@id":"https:\/\/floridareprofreedom.org\/contraceptives-access-hc\/#primaryimage"},"image":{"@id":"https:\/\/floridareprofreedom.org\/contraceptives-access-hc\/#primaryimage"},"thumbnailUrl":"https:\/\/floridareprofreedom.org\/wp-content\/uploads\/2020\/10\/2-1-1024x791.png","datePublished":"2021-08-18T19:07:25+00:00","dateModified":"2021-08-18T19:08:14+00:00","breadcrumb":{"@id":"https:\/\/floridareprofreedom.org\/contraceptives-access-hc\/#breadcrumb"},"inLanguage":"ht","potentialAction":[{"@type":"ReadAction","target":["https:\/\/floridareprofreedom.org\/contraceptives-access-hc\/"]}]},{"@type":"ImageObject","inLanguage":"ht","@id":"https:\/\/floridareprofreedom.org\/contraceptives-access-hc\/#primaryimage","url":"https:\/\/floridareprofreedom.org\/wp-content\/uploads\/2020\/10\/2-1-1024x791.png","contentUrl":"https:\/\/floridareprofreedom.org\/wp-content\/uploads\/2020\/10\/2-1-1024x791.png"},{"@type":"BreadcrumbList","@id":"https:\/\/floridareprofreedom.org\/contraceptives-access-hc\/#breadcrumb","itemListElement":[{"@type":"ListItem","position":1,"name":"Home","item":"https:\/\/floridareprofreedom.org\/"},{"@type":"ListItem","position":2,"name":"Gwoup Travay Aks\u00e8 Kontraseptif"}]},{"@type":"WebSite","@id":"https:\/\/floridareprofreedom.org\/#website","url":"https:\/\/floridareprofreedom.org\/","name":"Floridyen pou lib\u00e8te repwodiktif","description":"Ap defann aks\u00e8 pratik, ab\u00f2dab, epi an sekirite a swen sante repwodiktif, tankou av\u00f2tman.","publisher":{"@id":"https:\/\/floridareprofreedom.org\/#organization"},"potentialAction":[{"@type":"SearchAction","target":{"@type":"EntryPoint","urlTemplate":"https:\/\/floridareprofreedom.org\/?s={search_term_string}"},"query-input":{"@type":"PropertyValueSpecification","valueRequired":true,"valueName":"search_term_string"}}],"inLanguage":"ht"},{"@type":"Organization","@id":"https:\/\/floridareprofreedom.org\/#organization","name":"Floridyen pou Lib\u00e8te Repwodiktif","url":"https:\/\/floridareprofreedom.org\/","logo":{"@type":"ImageObject","inLanguage":"ht","@id":"https:\/\/floridareprofreedom.org\/#\/schema\/logo\/image\/","url":"https:\/\/floridareprofreedom.org\/wp-content\/uploads\/2019\/05\/Untitled.jpg","contentUrl":"https:\/\/floridareprofreedom.org\/wp-content\/uploads\/2019\/05\/Untitled.jpg","width":174,"height":180,"caption":"Floridians for Reproductive Freedom"},"image":{"@id":"https:\/\/floridareprofreedom.org\/#\/schema\/logo\/image\/"},"sameAs":["https:\/\/www.facebook.com\/FloridaReproFreedom\/","https:\/\/x.com\/FLReproFreedom","https:\/\/www.instagram.com\/floridareprofreedom\/"]}]}},"_links":{"self":[{"href":"https:\/\/floridareprofreedom.org\/ht\/wp-json\/wp\/v2\/pages\/2069","targetHints":{"allow":["GET"]}}],"collection":[{"href":"https:\/\/floridareprofreedom.org\/ht\/wp-json\/wp\/v2\/pages"}],"about":[{"href":"https:\/\/floridareprofreedom.org\/ht\/wp-json\/wp\/v2\/types\/page"}],"author":[{"embeddable":true,"href":"https:\/\/floridareprofreedom.org\/ht\/wp-json\/wp\/v2\/users\/3"}],"replies":[{"embeddable":true,"href":"https:\/\/floridareprofreedom.org\/ht\/wp-json\/wp\/v2\/comments?post=2069"}],"version-history":[{"count":4,"href":"https:\/\/floridareprofreedom.org\/ht\/wp-json\/wp\/v2\/pages\/2069\/revisions"}],"predecessor-version":[{"id":2079,"href":"https:\/\/floridareprofreedom.org\/ht\/wp-json\/wp\/v2\/pages\/2069\/revisions\/2079"}],"wp:attachment":[{"href":"https:\/\/floridareprofreedom.org\/ht\/wp-json\/wp\/v2\/media?parent=2069"}],"wp:term":[{"taxonomy":"folder","embeddable":true,"href":"https:\/\/floridareprofreedom.org\/ht\/wp-json\/wp\/v2\/folder?post=2069"}],"curies":[{"name":"wp","href":"https:\/\/api.w.org\/{rel}","templated":true}]}}