{"id":2073,"date":"2021-08-18T18:30:40","date_gmt":"2021-08-18T18:30:40","guid":{"rendered":"https:\/\/floridareprofreedom.org\/?page_id=2073"},"modified":"2021-08-18T19:02:40","modified_gmt":"2021-08-18T19:02:40","slug":"depatman-sante-konte-hc","status":"publish","type":"page","link":"https:\/\/floridareprofreedom.org\/ht\/county-health-departments-hc\/","title":{"rendered":"Depite Sante Konte Yo"},"content":{"rendered":"<p><span style=\"font-weight: 400;\">Planifikasyon fanmi Florid la ak s\u00e8vis sante prevantif ki gen rap\u00f2 ak sa yo disponib pou tout Floridyen, ki enkli j\u00e8n moun, nan tout 67 konte yo nan sante konte lokal yo, oswa ajans kontra yo. S\u00e8vis planifikasyon fanmi yo bay sou yon baz volont\u00e8man nan yon fason ki konfidansy\u00e8l. Enf\u00f2masyon sou kiltir\u00e8l sansib epi gen val\u00e8 nan kantite dimansyon disponib pou yo ka yon desizyon ki enf\u00f2me ki f\u00e8 itilize plan.<\/span><\/p>\n<p><span style=\"font-weight: 400;\">Tanpri gade tablo anba a pou sa nou jwenn sou s\u00e8vis ki disponib nan chak konte. Pou plis enf\u00f2masyon, <a href=\"http:\/\/www.floridahealth.gov\/programs-and-services\/womens-health\/family-planning\/index.html\">vizite sit ent\u00e8n\u00e8t Depatman Planifikasyon Sante Fanmi Florid la<\/a>.<\/span><\/p>\n<p><iframe src=\"https:\/\/docs.google.com\/spreadsheets\/d\/e\/2PACX-1vTy6Xrb7sJ746xOaPjaiOcYPTAHmcH7uKjVGS0KgEKOG4rWVRcHQea38atZSRMA1RIbpEgecIeCRYf9\/pubhtml?gid=2004341484&amp;single=true&amp;widget=true&amp;headers=false\" width=\"850\" height=\"1200\"><span data-mce-type=\"bookmark\" style=\"display: inline-block; width: 0px; overflow: hidden; line-height: 0;\" class=\"mce_SELRES_start\"><\/span><span data-mce-type=\"bookmark\" style=\"display: inline-block; width: 0px; overflow: hidden; line-height: 0;\" class=\"mce_SELRES_start\"><\/span><span data-mce-type=\"bookmark\" style=\"display: inline-block; width: 0px; overflow: hidden; line-height: 0;\" class=\"mce_SELRES_start\"><\/span><\/iframe><\/p>\n<p>&nbsp;<\/p>","protected":false},"excerpt":{"rendered":"<p>Planifikasyon fanmi Florid la ak s\u00e8vis sante prevantif ki gen rap\u00f2 ak sa yo disponib pou tout Floridyen, ki enkli j\u00e8n moun, nan tout 67 konte yo nan depatman sante konte lokal yo, oswa ajans kontra yo. S\u00e8vis planifikasyon fanmi yo bay sou yon baz volont\u00e8man nan yon fason ki konfidansy\u00e8l. Enf\u00f2masyon kiltir\u00e8l ki sansib [&hellip;]<\/p>\n","protected":false},"author":3,"featured_media":0,"parent":0,"menu_order":0,"comment_status":"closed","ping_status":"closed","template":"","meta":{"footnotes":""},"folder":[21,10],"class_list":["post-2073","page","type-page","status-publish","hentry"],"yoast_head":"<!-- This site is optimized with the Yoast SEO plugin v27.4 - https:\/\/yoast.com\/product\/yoast-seo-wordpress\/ -->\n<title>Depatman Sante Konte Yo - Floridians For Reproductive Freedom<\/title>\n<meta name=\"robots\" content=\"index, follow, max-snippet:-1, max-image-preview:large, max-video-preview:-1\" \/>\n<link rel=\"canonical\" href=\"https:\/\/floridareprofreedom.org\/ht\/depatman-sante-konte-hc\/\" \/>\n<meta property=\"og:locale\" content=\"ht_HT\" \/>\n<meta property=\"og:type\" content=\"article\" \/>\n<meta property=\"og:title\" content=\"Depatman Sante Konte Yo - Floridians For Reproductive Freedom\" \/>\n<meta property=\"og:description\" content=\"Planifikasyon fanmi Florid la ak s\u00e8vis sante prevantif ki gen rap\u00f2 ak sa yo disponib pou tout Floridyen, ki enkli j\u00e8n moun, nan tout 67 konte yo nan depatman sante konte lokal yo, oswa ajans kontra yo. S\u00e8vis planifikasyon fanmi yo bay sou yon baz volont\u00e8man nan yon fason ki konfidansy\u00e8l. Enf\u00f2masyon kiltir\u00e8l ki sansib [&hellip;]\" \/>\n<meta property=\"og:url\" content=\"https:\/\/floridareprofreedom.org\/ht\/depatman-sante-konte-hc\/\" \/>\n<meta property=\"og:site_name\" content=\"Floridians For Reproductive Freedom\" \/>\n<meta property=\"article:publisher\" content=\"https:\/\/www.facebook.com\/FloridaReproFreedom\/\" \/>\n<meta property=\"article:modified_time\" content=\"2021-08-18T19:02:40+00:00\" \/>\n<meta name=\"twitter:card\" content=\"summary_large_image\" \/>\n<meta name=\"twitter:site\" content=\"@FLReproFreedom\" \/>\n<meta name=\"twitter:label1\" content=\"Est. reading time\" \/>\n\t<meta name=\"twitter:data1\" content=\"1 minute\" \/>\n<script type=\"application\/ld+json\" class=\"yoast-schema-graph\">{\"@context\":\"https:\\\/\\\/schema.org\",\"@graph\":[{\"@type\":\"WebPage\",\"@id\":\"https:\\\/\\\/floridareprofreedom.org\\\/county-health-departments-hc\\\/\",\"url\":\"https:\\\/\\\/floridareprofreedom.org\\\/county-health-departments-hc\\\/\",\"name\":\"Depatman Sante Konte Yo - Floridians For Reproductive Freedom\",\"isPartOf\":{\"@id\":\"https:\\\/\\\/floridareprofreedom.org\\\/#website\"},\"datePublished\":\"2021-08-18T18:30:40+00:00\",\"dateModified\":\"2021-08-18T19:02:40+00:00\",\"breadcrumb\":{\"@id\":\"https:\\\/\\\/floridareprofreedom.org\\\/county-health-departments-hc\\\/#breadcrumb\"},\"inLanguage\":\"ht\",\"potentialAction\":[{\"@type\":\"ReadAction\",\"target\":[\"https:\\\/\\\/floridareprofreedom.org\\\/county-health-departments-hc\\\/\"]}]},{\"@type\":\"BreadcrumbList\",\"@id\":\"https:\\\/\\\/floridareprofreedom.org\\\/county-health-departments-hc\\\/#breadcrumb\",\"itemListElement\":[{\"@type\":\"ListItem\",\"position\":1,\"name\":\"Home\",\"item\":\"https:\\\/\\\/floridareprofreedom.org\\\/\"},{\"@type\":\"ListItem\",\"position\":2,\"name\":\"Depatman Sante Konte Yo\"}]},{\"@type\":\"WebSite\",\"@id\":\"https:\\\/\\\/floridareprofreedom.org\\\/#website\",\"url\":\"https:\\\/\\\/floridareprofreedom.org\\\/\",\"name\":\"Floridians For Reproductive Freedom\",\"description\":\"Advocating for convenient, affordable, and safe access to reproductive health care, including abortion.\",\"publisher\":{\"@id\":\"https:\\\/\\\/floridareprofreedom.org\\\/#organization\"},\"potentialAction\":[{\"@type\":\"SearchAction\",\"target\":{\"@type\":\"EntryPoint\",\"urlTemplate\":\"https:\\\/\\\/floridareprofreedom.org\\\/?s={search_term_string}\"},\"query-input\":{\"@type\":\"PropertyValueSpecification\",\"valueRequired\":true,\"valueName\":\"search_term_string\"}}],\"inLanguage\":\"ht\"},{\"@type\":\"Organization\",\"@id\":\"https:\\\/\\\/floridareprofreedom.org\\\/#organization\",\"name\":\"Floridians for Reproductive Freedom\",\"url\":\"https:\\\/\\\/floridareprofreedom.org\\\/\",\"logo\":{\"@type\":\"ImageObject\",\"inLanguage\":\"ht\",\"@id\":\"https:\\\/\\\/floridareprofreedom.org\\\/#\\\/schema\\\/logo\\\/image\\\/\",\"url\":\"https:\\\/\\\/floridareprofreedom.org\\\/wp-content\\\/uploads\\\/2019\\\/05\\\/Untitled.jpg\",\"contentUrl\":\"https:\\\/\\\/floridareprofreedom.org\\\/wp-content\\\/uploads\\\/2019\\\/05\\\/Untitled.jpg\",\"width\":174,\"height\":180,\"caption\":\"Floridians for Reproductive Freedom\"},\"image\":{\"@id\":\"https:\\\/\\\/floridareprofreedom.org\\\/#\\\/schema\\\/logo\\\/image\\\/\"},\"sameAs\":[\"https:\\\/\\\/www.facebook.com\\\/FloridaReproFreedom\\\/\",\"https:\\\/\\\/x.com\\\/FLReproFreedom\",\"https:\\\/\\\/www.instagram.com\\\/floridareprofreedom\\\/\"]}]}<\/script>\n<!-- \/ Yoast SEO plugin. -->","yoast_head_json":{"title":"Depatman Sante Konte Yo - Floridians For Reproductive Freedom","robots":{"index":"index","follow":"follow","max-snippet":"max-snippet:-1","max-image-preview":"max-image-preview:large","max-video-preview":"max-video-preview:-1"},"canonical":"https:\/\/floridareprofreedom.org\/ht\/depatman-sante-konte-hc\/","og_locale":"ht_HT","og_type":"article","og_title":"Depatman Sante Konte Yo - Floridians For Reproductive Freedom","og_description":"Planifikasyon fanmi Florid la ak s\u00e8vis sante prevantif ki gen rap\u00f2 ak sa yo disponib pou tout Floridyen, ki enkli j\u00e8n moun, nan tout 67 konte yo nan depatman sante konte lokal yo, oswa ajans kontra yo. S\u00e8vis planifikasyon fanmi yo bay sou yon baz volont\u00e8man nan yon fason ki konfidansy\u00e8l. Enf\u00f2masyon kiltir\u00e8l ki sansib [&hellip;]","og_url":"https:\/\/floridareprofreedom.org\/ht\/depatman-sante-konte-hc\/","og_site_name":"Floridians For Reproductive Freedom","article_publisher":"https:\/\/www.facebook.com\/FloridaReproFreedom\/","article_modified_time":"2021-08-18T19:02:40+00:00","twitter_card":"summary_large_image","twitter_site":"@FLReproFreedom","twitter_misc":{"Est. reading time":"1 minute"},"schema":{"@context":"https:\/\/schema.org","@graph":[{"@type":"WebPage","@id":"https:\/\/floridareprofreedom.org\/county-health-departments-hc\/","url":"https:\/\/floridareprofreedom.org\/county-health-departments-hc\/","name":"Depatman Sante Konte Yo - Floridians For Reproductive Freedom","isPartOf":{"@id":"https:\/\/floridareprofreedom.org\/#website"},"datePublished":"2021-08-18T18:30:40+00:00","dateModified":"2021-08-18T19:02:40+00:00","breadcrumb":{"@id":"https:\/\/floridareprofreedom.org\/county-health-departments-hc\/#breadcrumb"},"inLanguage":"ht","potentialAction":[{"@type":"ReadAction","target":["https:\/\/floridareprofreedom.org\/county-health-departments-hc\/"]}]},{"@type":"BreadcrumbList","@id":"https:\/\/floridareprofreedom.org\/county-health-departments-hc\/#breadcrumb","itemListElement":[{"@type":"ListItem","position":1,"name":"Home","item":"https:\/\/floridareprofreedom.org\/"},{"@type":"ListItem","position":2,"name":"Depatman Sante Konte Yo"}]},{"@type":"WebSite","@id":"https:\/\/floridareprofreedom.org\/#website","url":"https:\/\/floridareprofreedom.org\/","name":"Floridyen pou lib\u00e8te repwodiktif","description":"Ap defann aks\u00e8 pratik, ab\u00f2dab, epi an sekirite a swen sante repwodiktif, tankou av\u00f2tman.","publisher":{"@id":"https:\/\/floridareprofreedom.org\/#organization"},"potentialAction":[{"@type":"SearchAction","target":{"@type":"EntryPoint","urlTemplate":"https:\/\/floridareprofreedom.org\/?s={search_term_string}"},"query-input":{"@type":"PropertyValueSpecification","valueRequired":true,"valueName":"search_term_string"}}],"inLanguage":"ht"},{"@type":"Organization","@id":"https:\/\/floridareprofreedom.org\/#organization","name":"Floridyen pou Lib\u00e8te Repwodiktif","url":"https:\/\/floridareprofreedom.org\/","logo":{"@type":"ImageObject","inLanguage":"ht","@id":"https:\/\/floridareprofreedom.org\/#\/schema\/logo\/image\/","url":"https:\/\/floridareprofreedom.org\/wp-content\/uploads\/2019\/05\/Untitled.jpg","contentUrl":"https:\/\/floridareprofreedom.org\/wp-content\/uploads\/2019\/05\/Untitled.jpg","width":174,"height":180,"caption":"Floridians for Reproductive Freedom"},"image":{"@id":"https:\/\/floridareprofreedom.org\/#\/schema\/logo\/image\/"},"sameAs":["https:\/\/www.facebook.com\/FloridaReproFreedom\/","https:\/\/x.com\/FLReproFreedom","https:\/\/www.instagram.com\/floridareprofreedom\/"]}]}},"_links":{"self":[{"href":"https:\/\/floridareprofreedom.org\/ht\/wp-json\/wp\/v2\/pages\/2073","targetHints":{"allow":["GET"]}}],"collection":[{"href":"https:\/\/floridareprofreedom.org\/ht\/wp-json\/wp\/v2\/pages"}],"about":[{"href":"https:\/\/floridareprofreedom.org\/ht\/wp-json\/wp\/v2\/types\/page"}],"author":[{"embeddable":true,"href":"https:\/\/floridareprofreedom.org\/ht\/wp-json\/wp\/v2\/users\/3"}],"replies":[{"embeddable":true,"href":"https:\/\/floridareprofreedom.org\/ht\/wp-json\/wp\/v2\/comments?post=2073"}],"version-history":[{"count":5,"href":"https:\/\/floridareprofreedom.org\/ht\/wp-json\/wp\/v2\/pages\/2073\/revisions"}],"predecessor-version":[{"id":2083,"href":"https:\/\/floridareprofreedom.org\/ht\/wp-json\/wp\/v2\/pages\/2073\/revisions\/2083"}],"wp:attachment":[{"href":"https:\/\/floridareprofreedom.org\/ht\/wp-json\/wp\/v2\/media?parent=2073"}],"wp:term":[{"taxonomy":"folder","embeddable":true,"href":"https:\/\/floridareprofreedom.org\/ht\/wp-json\/wp\/v2\/folder?post=2073"}],"curies":[{"name":"wp","href":"https:\/\/api.w.org\/{rel}","templated":true}]}}