{"id":2333,"date":"2022-05-10T15:09:37","date_gmt":"2022-05-10T15:09:37","guid":{"rendered":"https:\/\/floridareprofreedom.org\/?page_id=2333"},"modified":"2023-09-13T16:45:34","modified_gmt":"2023-09-13T16:45:34","slug":"koporasyon-yo","status":"publish","type":"page","link":"https:\/\/floridareprofreedom.org\/ht\/corporations\/","title":{"rendered":"Rann K\u00f2porasyon Anti-Av\u00f2tman yo Responsab"},"content":{"rendered":"<div class=\"elementor-element elementor-element-3e0d6f8f elementor-widget elementor-widget-theme-post-title elementor-page-title elementor-widget-heading\" data-id=\"3e0d6f8f\" data-element_type=\"widget\" data-widget_type=\"theme-post-title.default\">\n<div class=\"elementor-widget-container\">\n<h2 class=\"elementor-heading-title elementor-size-default\">Voye yon l\u00e8t bay PDG yo<\/h2>\n<\/div>\n<\/div>\n<div class=\"elementor-element elementor-element-3f963882 elementor-widget elementor-widget-theme-post-content\" data-id=\"3f963882\" data-element_type=\"widget\" data-widget_type=\"theme-post-content.default\">\n<div class=\"elementor-widget-container\">\n<p><img fetchpriority=\"high\" decoding=\"async\" class=\"alignnone size-medium wp-image-2534\" src=\"https:\/\/floridareprofreedom.org\/wp-content\/uploads\/2022\/08\/FRF-2022-4001-SQ-3-A-1-300x300.jpg\" sizes=\"(max-width: 300px) 100vw, 300px\" srcset=\"https:\/\/floridareprofreedom.org\/wp-content\/uploads\/2022\/08\/FRF-2022-4001-SQ-3-A-1-300x300.jpg 300w, https:\/\/floridareprofreedom.org\/wp-content\/uploads\/2022\/08\/FRF-2022-4001-SQ-3-A-1-1024x1024.jpg 1024w, https:\/\/floridareprofreedom.org\/wp-content\/uploads\/2022\/08\/FRF-2022-4001-SQ-3-A-1-150x150.jpg 150w, https:\/\/floridareprofreedom.org\/wp-content\/uploads\/2022\/08\/FRF-2022-4001-SQ-3-A-1-768x768.jpg 768w, https:\/\/floridareprofreedom.org\/wp-content\/uploads\/2022\/08\/FRF-2022-4001-SQ-3-A-1.jpg 1080w\" alt=\"\" width=\"300\" height=\"300\" \/><\/p>\n<h2><strong>Li l\u00e8 pou nou sispann finanse politisyen kont av\u00f2tman yo.<\/strong><\/h2>\n<p><strong><a href=\"https:\/\/act.progressflorida.org\/letter\/Health_Care_Corp_Accountability_Haitian\/\">Krey\u00f2l Ayisyen<\/a>\u00a0 |\u00a0\u00a0<a href=\"https:\/\/act.progressflorida.org\/letter\/Health_Care_Corp_Accountability_Spanish\">Pany\u00f2l<\/a><\/strong><\/p>\n<p><strong>\u00c8ske w te konnen konpayi asirans sante ak \u00f2ganizasyon lopital tankou Florida Blue ak Florida Health Association te bay plis pase $1.7 MILYON dola bay politisyen anti-av\u00f2tman ki responsab pou ent\u00e8diksyon av\u00f2tman 15 sem\u00e8n nan Florid ak l\u00f2t restriksyon sou av\u00f2tman?\u00a0<\/strong>Sa ale dir\u00e8kteman kont misyon yo: pou s\u00e8vi bezwen swen sante Floridyen yo.<\/p>\n<p>Menm jan ak tout f\u00f2m swen sante, desizyon pou f\u00e8 av\u00f2tman se yon bagay ki tr\u00e8 p\u00e8son\u00e8l e se pou Floridyen yo ye\u2014pa pou politisyen yo ak k\u00f2porasyon ki finanse yo. Lid\u00e8 k\u00f2porasyon yo bezwen konnen moun y ap s\u00e8vi yo sip\u00f2te aks\u00e8 av\u00f2tman.<\/p>\n<h2><em><strong><a href=\"https:\/\/act.progressflorida.org\/signup\/repro-corporate-accountability\/\"><img decoding=\"async\" src=\"https:\/\/floridareprofreedom.org\/wp-content\/uploads\/2022\/05\/click-here-100.jpg\" alt=\"\" width=\"149\" height=\"74\" \/><\/a><\/strong><\/em><em><strong><a href=\"https:\/\/act.progressflorida.org\/letter\/Health_Care_Corp_Accountability\/?t=5&amp;akid=29428%2E239463%2EigH8BX\">Pran aksyon kounye a: egzije pou konpayi swen sante yo SISPANN finanse politisyen kont av\u00f2tman yo.\u00a0<\/a><\/strong><\/em><\/h2>\n<p>Ant manda abitr\u00e8 leta a sou pery\u00f2d datant 24 \u00e8dtan an, yon ent\u00e8diksyon av\u00f2tman 15 sem\u00e8n ak rediksyon\u00a0<em>Roe kont Wade<\/em>, sante mantal ak fizik plizy\u00e8 milyon moun nan Florid ak moun atrav\u00e8 peyi a an danje.<\/p>\n<p>D\u00e8nye bagay nou bezwen se pou k\u00f2porasyon nou konte sou yo pou swen sante nou an mete lajan nan p\u00f2ch politisyen kont av\u00f2tman yo.<\/p>\n<h2><em><strong><a href=\"https:\/\/act.progressflorida.org\/letter\/Health_Care_Corp_Accountability\/?t=5&amp;akid=29428%2E239463%2EigH8BX\"><img decoding=\"async\" src=\"https:\/\/floridareprofreedom.org\/wp-content\/uploads\/2022\/05\/click-here-100.jpg\" alt=\"\" width=\"149\" height=\"74\" \/>S<\/a><a href=\"https:\/\/act.progressflorida.org\/letter\/Health_Care_Corp_Accountability\/?t=6&amp;akid=29428%2E239463%2EigH8BX\">fini yon mesaj k ap mande k\u00f2porasyon sa yo pou yo sispann imedyatman sip\u00f2te kandida anti-av\u00f2tman k ap travay pou retire dwa fondamantal moun nou yo.<\/a><\/strong><\/em><\/h2>\n<p>Nou p ap sispann goumen jiskaske k\u00f2porasyon Abortion Injustice Inc. yo tande mesaj la byen f\u00f2 e byen kl\u00e8: Floridyen yo sip\u00f2te aks\u00e8 a av\u00f2tman, epi nou mande lib\u00e8te pou nou chwazi avni nou, san ent\u00e8ferans politik.<\/p>\n<\/div>\n<\/div>","protected":false},"excerpt":{"rendered":"<p>Send a letter to the CEOs It\u2019s time to stop funding anti-abortion politicians. Haitian Krey\u00f2l\u00a0 |\u00a0\u00a0Espa\u00f1ol Did you know that health insurance companies and hospital organizations like Florida Blue and Florida Health Association have donated $1.7 MILLION+ to the anti-abortion politicians responsible for Florida\u2019s 15-week abortion ban and other abortion restrictions?\u00a0This goes directly against their [&hellip;]<\/p>\n","protected":false},"author":3,"featured_media":0,"parent":0,"menu_order":0,"comment_status":"closed","ping_status":"closed","template":"","meta":{"footnotes":""},"folder":[],"class_list":["post-2333","page","type-page","status-publish","hentry"],"yoast_head":"<!-- This site is optimized with the Yoast SEO plugin v27.4 - https:\/\/yoast.com\/product\/yoast-seo-wordpress\/ -->\n<title>Hold Anti-Abortion Corporations Accountable - Floridians For Reproductive Freedom<\/title>\n<meta name=\"description\" content=\"Send a message calling on these corporations to immediately stop supporting anti-abortion candidates who are working to strip away our basic human rights.\" \/>\n<meta name=\"robots\" content=\"index, follow, max-snippet:-1, max-image-preview:large, max-video-preview:-1\" \/>\n<link rel=\"canonical\" href=\"https:\/\/floridareprofreedom.org\/ht\/koporasyon-yo\/\" \/>\n<meta property=\"og:locale\" content=\"ht_HT\" \/>\n<meta property=\"og:type\" content=\"article\" \/>\n<meta property=\"og:title\" content=\"Hold Anti-Abortion Corporations Accountable - Floridians For Reproductive Freedom\" \/>\n<meta property=\"og:description\" content=\"Send a message calling on these corporations to immediately stop supporting anti-abortion candidates who are working to strip away our basic human rights.\" \/>\n<meta property=\"og:url\" content=\"https:\/\/floridareprofreedom.org\/ht\/koporasyon-yo\/\" \/>\n<meta property=\"og:site_name\" content=\"Floridians For Reproductive Freedom\" \/>\n<meta property=\"article:publisher\" content=\"https:\/\/www.facebook.com\/FloridaReproFreedom\/\" \/>\n<meta property=\"article:modified_time\" content=\"2023-09-13T16:45:34+00:00\" \/>\n<meta property=\"og:image\" content=\"https:\/\/floridareprofreedom.org\/wp-content\/uploads\/2022\/08\/FRF-2022-4001-SQ-3-A-1-300x300.jpg\" \/>\n<meta name=\"twitter:card\" content=\"summary_large_image\" \/>\n<meta name=\"twitter:site\" content=\"@FLReproFreedom\" \/>\n<meta name=\"twitter:label1\" content=\"Est. reading time\" \/>\n\t<meta name=\"twitter:data1\" content=\"2 minutes\" \/>\n<script type=\"application\/ld+json\" class=\"yoast-schema-graph\">{\"@context\":\"https:\\\/\\\/schema.org\",\"@graph\":[{\"@type\":\"WebPage\",\"@id\":\"https:\\\/\\\/floridareprofreedom.org\\\/corporations\\\/\",\"url\":\"https:\\\/\\\/floridareprofreedom.org\\\/corporations\\\/\",\"name\":\"Hold Anti-Abortion Corporations Accountable - Floridians For Reproductive Freedom\",\"isPartOf\":{\"@id\":\"https:\\\/\\\/floridareprofreedom.org\\\/#website\"},\"primaryImageOfPage\":{\"@id\":\"https:\\\/\\\/floridareprofreedom.org\\\/corporations\\\/#primaryimage\"},\"image\":{\"@id\":\"https:\\\/\\\/floridareprofreedom.org\\\/corporations\\\/#primaryimage\"},\"thumbnailUrl\":\"https:\\\/\\\/floridareprofreedom.org\\\/wp-content\\\/uploads\\\/2022\\\/08\\\/FRF-2022-4001-SQ-3-A-1-300x300.jpg\",\"datePublished\":\"2022-05-10T15:09:37+00:00\",\"dateModified\":\"2023-09-13T16:45:34+00:00\",\"description\":\"Send a message calling on these corporations to immediately stop supporting anti-abortion candidates who are working to strip away our basic human rights.\",\"breadcrumb\":{\"@id\":\"https:\\\/\\\/floridareprofreedom.org\\\/corporations\\\/#breadcrumb\"},\"inLanguage\":\"ht\",\"potentialAction\":[{\"@type\":\"ReadAction\",\"target\":[\"https:\\\/\\\/floridareprofreedom.org\\\/corporations\\\/\"]}]},{\"@type\":\"ImageObject\",\"inLanguage\":\"ht\",\"@id\":\"https:\\\/\\\/floridareprofreedom.org\\\/corporations\\\/#primaryimage\",\"url\":\"https:\\\/\\\/floridareprofreedom.org\\\/wp-content\\\/uploads\\\/2022\\\/08\\\/FRF-2022-4001-SQ-3-A-1-300x300.jpg\",\"contentUrl\":\"https:\\\/\\\/floridareprofreedom.org\\\/wp-content\\\/uploads\\\/2022\\\/08\\\/FRF-2022-4001-SQ-3-A-1-300x300.jpg\"},{\"@type\":\"BreadcrumbList\",\"@id\":\"https:\\\/\\\/floridareprofreedom.org\\\/corporations\\\/#breadcrumb\",\"itemListElement\":[{\"@type\":\"ListItem\",\"position\":1,\"name\":\"Home\",\"item\":\"https:\\\/\\\/floridareprofreedom.org\\\/\"},{\"@type\":\"ListItem\",\"position\":2,\"name\":\"Hold Anti-Abortion Corporations Accountable\"}]},{\"@type\":\"WebSite\",\"@id\":\"https:\\\/\\\/floridareprofreedom.org\\\/#website\",\"url\":\"https:\\\/\\\/floridareprofreedom.org\\\/\",\"name\":\"Floridians For Reproductive Freedom\",\"description\":\"Advocating for convenient, affordable, and safe access to reproductive health care, including abortion.\",\"publisher\":{\"@id\":\"https:\\\/\\\/floridareprofreedom.org\\\/#organization\"},\"potentialAction\":[{\"@type\":\"SearchAction\",\"target\":{\"@type\":\"EntryPoint\",\"urlTemplate\":\"https:\\\/\\\/floridareprofreedom.org\\\/?s={search_term_string}\"},\"query-input\":{\"@type\":\"PropertyValueSpecification\",\"valueRequired\":true,\"valueName\":\"search_term_string\"}}],\"inLanguage\":\"ht\"},{\"@type\":\"Organization\",\"@id\":\"https:\\\/\\\/floridareprofreedom.org\\\/#organization\",\"name\":\"Floridians for Reproductive Freedom\",\"url\":\"https:\\\/\\\/floridareprofreedom.org\\\/\",\"logo\":{\"@type\":\"ImageObject\",\"inLanguage\":\"ht\",\"@id\":\"https:\\\/\\\/floridareprofreedom.org\\\/#\\\/schema\\\/logo\\\/image\\\/\",\"url\":\"https:\\\/\\\/floridareprofreedom.org\\\/wp-content\\\/uploads\\\/2019\\\/05\\\/Untitled.jpg\",\"contentUrl\":\"https:\\\/\\\/floridareprofreedom.org\\\/wp-content\\\/uploads\\\/2019\\\/05\\\/Untitled.jpg\",\"width\":174,\"height\":180,\"caption\":\"Floridians for Reproductive Freedom\"},\"image\":{\"@id\":\"https:\\\/\\\/floridareprofreedom.org\\\/#\\\/schema\\\/logo\\\/image\\\/\"},\"sameAs\":[\"https:\\\/\\\/www.facebook.com\\\/FloridaReproFreedom\\\/\",\"https:\\\/\\\/x.com\\\/FLReproFreedom\",\"https:\\\/\\\/www.instagram.com\\\/floridareprofreedom\\\/\"]}]}<\/script>\n<!-- \/ Yoast SEO plugin. -->","yoast_head_json":{"title":"Rann K\u00f2porasyon Anti-Av\u00f2tman yo Responsab - Floridyen Pou Lib\u00e8te Repwodiktif","description":"Voye yon mesaj pou mande k\u00f2porasyon sa yo pou yo sispann imedyatman sip\u00f2te kandida anti-av\u00f2tman k ap travay pou retire dwa fondamantal moun nou yo.","robots":{"index":"index","follow":"follow","max-snippet":"max-snippet:-1","max-image-preview":"max-image-preview:large","max-video-preview":"max-video-preview:-1"},"canonical":"https:\/\/floridareprofreedom.org\/ht\/koporasyon-yo\/","og_locale":"ht_HT","og_type":"article","og_title":"Hold Anti-Abortion Corporations Accountable - Floridians For Reproductive Freedom","og_description":"Send a message calling on these corporations to immediately stop supporting anti-abortion candidates who are working to strip away our basic human rights.","og_url":"https:\/\/floridareprofreedom.org\/ht\/koporasyon-yo\/","og_site_name":"Floridians For Reproductive Freedom","article_publisher":"https:\/\/www.facebook.com\/FloridaReproFreedom\/","article_modified_time":"2023-09-13T16:45:34+00:00","og_image":[{"url":"https:\/\/floridareprofreedom.org\/wp-content\/uploads\/2022\/08\/FRF-2022-4001-SQ-3-A-1-300x300.jpg","type":"","width":"","height":""}],"twitter_card":"summary_large_image","twitter_site":"@FLReproFreedom","twitter_misc":{"Est. reading time":"2 minutes"},"schema":{"@context":"https:\/\/schema.org","@graph":[{"@type":"WebPage","@id":"https:\/\/floridareprofreedom.org\/corporations\/","url":"https:\/\/floridareprofreedom.org\/corporations\/","name":"Rann K\u00f2porasyon Anti-Av\u00f2tman yo Responsab - Floridyen Pou Lib\u00e8te Repwodiktif","isPartOf":{"@id":"https:\/\/floridareprofreedom.org\/#website"},"primaryImageOfPage":{"@id":"https:\/\/floridareprofreedom.org\/corporations\/#primaryimage"},"image":{"@id":"https:\/\/floridareprofreedom.org\/corporations\/#primaryimage"},"thumbnailUrl":"https:\/\/floridareprofreedom.org\/wp-content\/uploads\/2022\/08\/FRF-2022-4001-SQ-3-A-1-300x300.jpg","datePublished":"2022-05-10T15:09:37+00:00","dateModified":"2023-09-13T16:45:34+00:00","description":"Voye yon mesaj pou mande k\u00f2porasyon sa yo pou yo sispann imedyatman sip\u00f2te kandida anti-av\u00f2tman k ap travay pou retire dwa fondamantal moun nou yo.","breadcrumb":{"@id":"https:\/\/floridareprofreedom.org\/corporations\/#breadcrumb"},"inLanguage":"ht","potentialAction":[{"@type":"ReadAction","target":["https:\/\/floridareprofreedom.org\/corporations\/"]}]},{"@type":"ImageObject","inLanguage":"ht","@id":"https:\/\/floridareprofreedom.org\/corporations\/#primaryimage","url":"https:\/\/floridareprofreedom.org\/wp-content\/uploads\/2022\/08\/FRF-2022-4001-SQ-3-A-1-300x300.jpg","contentUrl":"https:\/\/floridareprofreedom.org\/wp-content\/uploads\/2022\/08\/FRF-2022-4001-SQ-3-A-1-300x300.jpg"},{"@type":"BreadcrumbList","@id":"https:\/\/floridareprofreedom.org\/corporations\/#breadcrumb","itemListElement":[{"@type":"ListItem","position":1,"name":"Home","item":"https:\/\/floridareprofreedom.org\/"},{"@type":"ListItem","position":2,"name":"Hold Anti-Abortion Corporations Accountable"}]},{"@type":"WebSite","@id":"https:\/\/floridareprofreedom.org\/#website","url":"https:\/\/floridareprofreedom.org\/","name":"Floridyen pou lib\u00e8te repwodiktif","description":"Ap defann aks\u00e8 pratik, ab\u00f2dab, epi an sekirite a swen sante repwodiktif, tankou av\u00f2tman.","publisher":{"@id":"https:\/\/floridareprofreedom.org\/#organization"},"potentialAction":[{"@type":"SearchAction","target":{"@type":"EntryPoint","urlTemplate":"https:\/\/floridareprofreedom.org\/?s={search_term_string}"},"query-input":{"@type":"PropertyValueSpecification","valueRequired":true,"valueName":"search_term_string"}}],"inLanguage":"ht"},{"@type":"Organization","@id":"https:\/\/floridareprofreedom.org\/#organization","name":"Floridyen pou Lib\u00e8te Repwodiktif","url":"https:\/\/floridareprofreedom.org\/","logo":{"@type":"ImageObject","inLanguage":"ht","@id":"https:\/\/floridareprofreedom.org\/#\/schema\/logo\/image\/","url":"https:\/\/floridareprofreedom.org\/wp-content\/uploads\/2019\/05\/Untitled.jpg","contentUrl":"https:\/\/floridareprofreedom.org\/wp-content\/uploads\/2019\/05\/Untitled.jpg","width":174,"height":180,"caption":"Floridians for Reproductive Freedom"},"image":{"@id":"https:\/\/floridareprofreedom.org\/#\/schema\/logo\/image\/"},"sameAs":["https:\/\/www.facebook.com\/FloridaReproFreedom\/","https:\/\/x.com\/FLReproFreedom","https:\/\/www.instagram.com\/floridareprofreedom\/"]}]}},"_links":{"self":[{"href":"https:\/\/floridareprofreedom.org\/ht\/wp-json\/wp\/v2\/pages\/2333","targetHints":{"allow":["GET"]}}],"collection":[{"href":"https:\/\/floridareprofreedom.org\/ht\/wp-json\/wp\/v2\/pages"}],"about":[{"href":"https:\/\/floridareprofreedom.org\/ht\/wp-json\/wp\/v2\/types\/page"}],"author":[{"embeddable":true,"href":"https:\/\/floridareprofreedom.org\/ht\/wp-json\/wp\/v2\/users\/3"}],"replies":[{"embeddable":true,"href":"https:\/\/floridareprofreedom.org\/ht\/wp-json\/wp\/v2\/comments?post=2333"}],"version-history":[{"count":40,"href":"https:\/\/floridareprofreedom.org\/ht\/wp-json\/wp\/v2\/pages\/2333\/revisions"}],"predecessor-version":[{"id":2941,"href":"https:\/\/floridareprofreedom.org\/ht\/wp-json\/wp\/v2\/pages\/2333\/revisions\/2941"}],"wp:attachment":[{"href":"https:\/\/floridareprofreedom.org\/ht\/wp-json\/wp\/v2\/media?parent=2333"}],"wp:term":[{"taxonomy":"folder","embeddable":true,"href":"https:\/\/floridareprofreedom.org\/ht\/wp-json\/wp\/v2\/folder?post=2333"}],"curies":[{"name":"wp","href":"https:\/\/api.w.org\/{rel}","templated":true}]}}