{"id":2533,"date":"2022-08-26T20:09:35","date_gmt":"2022-08-26T20:09:35","guid":{"rendered":"https:\/\/floridareprofreedom.org\/?page_id=2533"},"modified":"2022-08-26T20:09:35","modified_gmt":"2022-08-26T20:09:35","slug":"rann-konpayi-anti-avotman-yo-responsab","status":"publish","type":"page","link":"https:\/\/floridareprofreedom.org\/ht\/hold-anti-abortion-corporations-accountable\/","title":{"rendered":"Rann K\u00f2porasyon Swen Sante FL yo Responsab"},"content":{"rendered":"<p><img fetchpriority=\"high\" decoding=\"async\" class=\"alignnone size-medium wp-image-2534\" src=\"https:\/\/floridareprofreedom.org\/wp-content\/uploads\/2022\/08\/FRF-2022-4001-SQ-3-A-1-300x300.jpg\" alt=\"\" width=\"300\" height=\"300\" srcset=\"https:\/\/floridareprofreedom.org\/wp-content\/uploads\/2022\/08\/FRF-2022-4001-SQ-3-A-1-300x300.jpg 300w, https:\/\/floridareprofreedom.org\/wp-content\/uploads\/2022\/08\/FRF-2022-4001-SQ-3-A-1-1024x1024.jpg 1024w, https:\/\/floridareprofreedom.org\/wp-content\/uploads\/2022\/08\/FRF-2022-4001-SQ-3-A-1-150x150.jpg 150w, https:\/\/floridareprofreedom.org\/wp-content\/uploads\/2022\/08\/FRF-2022-4001-SQ-3-A-1-768x768.jpg 768w, https:\/\/floridareprofreedom.org\/wp-content\/uploads\/2022\/08\/FRF-2022-4001-SQ-3-A-1.jpg 1080w\" sizes=\"(max-width: 300px) 100vw, 300px\" \/><\/p>\n<h2><strong>Li l\u00e8 pou nou sispann finanse politisyen kont av\u00f2tman yo.<\/strong><\/h2>\n<p><strong><a href=\"https:\/\/act.progressflorida.org\/letter\/Health_Care_Corp_Accountability_Haitian\/\">Krey\u00f2l Ayisyen<\/a>\u00a0 |\u00a0 <a href=\"https:\/\/act.progressflorida.org\/letter\/Health_Care_Corp_Accountability_Spanish\">Pany\u00f2l<\/a><\/strong><\/p>\n<p>&nbsp;<\/p>\n<p><strong>\u00c8ske w te konnen konpayi asirans sante ak \u00f2ganizasyon lopital tankou Florida Blue ak Florida Health Association te bay plis pase $1.7 MILYON dola bay politisyen anti-av\u00f2tman ki responsab pou ent\u00e8diksyon av\u00f2tman 15 sem\u00e8n nan Florid ak l\u00f2t restriksyon sou av\u00f2tman? <\/strong>Sa ale dir\u00e8kteman kont misyon yo: pou s\u00e8vi bezwen swen sante Floridyen yo.<\/p>\n<p>Menm jan ak tout f\u00f2m swen sante, desizyon pou f\u00e8 av\u00f2tman se yon bagay ki tr\u00e8 p\u00e8son\u00e8l e se pou Floridyen yo ye\u2014pa pou politisyen yo ak k\u00f2porasyon ki finanse yo. Lid\u00e8 k\u00f2porasyon yo bezwen konnen moun y ap s\u00e8vi yo sip\u00f2te aks\u00e8 av\u00f2tman.<\/p>\n<h2 style=\"text-align: center;\"><em><strong><a href=\"https:\/\/act.progressflorida.org\/signup\/repro-corporate-accountability\/\"><img decoding=\"async\" src=\"https:\/\/floridareprofreedom.org\/wp-content\/uploads\/2022\/05\/click-here-100.jpg\" alt=\"\" width=\"149\" height=\"74\" \/><\/a><\/strong><\/em><em><strong><a href=\"https:\/\/act.progressflorida.org\/letter\/Health_Care_Corp_Accountability\/?t=5&amp;akid=29428%2E239463%2EigH8BX\">Pran aksyon kounye a: egzije pou konpayi swen sante yo SISPANN finanse politisyen kont av\u00f2tman yo.\u00a0<\/a><\/strong><\/em><\/h2>\n<p>Ant manda abitr\u00e8 leta a sou pery\u00f2d datant 24 \u00e8dtan an, yon ent\u00e8diksyon av\u00f2tman 15 sem\u00e8n ak rediksyon <em>Roe kont Wade<\/em>, sante mantal ak fizik plizy\u00e8 milyon moun nan Florid ak moun atrav\u00e8 peyi a an danje.<\/p>\n<p>D\u00e8nye bagay nou bezwen se pou k\u00f2porasyon nou konte sou yo pou swen sante nou yo mete lajan nan p\u00f2ch politisyen kont av\u00f2tman yo.<\/p>\n<h2 style=\"text-align: center;\"><em><strong><a href=\"https:\/\/act.progressflorida.org\/letter\/Health_Care_Corp_Accountability\/?t=5&amp;akid=29428%2E239463%2EigH8BX\"><img decoding=\"async\" src=\"https:\/\/floridareprofreedom.org\/wp-content\/uploads\/2022\/05\/click-here-100.jpg\" alt=\"\" width=\"149\" height=\"74\" \/>S<\/a><a href=\"https:\/\/act.progressflorida.org\/letter\/Health_Care_Corp_Accountability\/?t=6&amp;akid=29428%2E239463%2EigH8BX\">fini yon mesaj k ap mande k\u00f2porasyon sa yo pou yo sispann imedyatman sip\u00f2te kandida anti-av\u00f2tman k ap travay pou retire dwa fondamantal moun nou yo.<\/a><\/strong><\/em><\/h2>\n<p>Nou p ap sispann goumen jiskaske k\u00f2porasyon Abortion Injustice Inc. yo tande mesaj la byen f\u00f2 e byen kl\u00e8: Floridyen yo sip\u00f2te aks\u00e8 a av\u00f2tman, epi nou mande lib\u00e8te pou nou chwazi avni nou, san ent\u00e8ferans politik.<\/p>\n<p>&nbsp;<\/p>","protected":false},"excerpt":{"rendered":"<p>It\u2019s time to stop funding anti-abortion politicians. Haitian Krey\u00f2l\u00a0 |\u00a0 Espa\u00f1ol &nbsp; Did you know that health insurance companies and hospital organizations like Florida Blue and Florida Health Association have donated $1.7 MILLION+ to the anti-abortion politicians responsible for Florida\u2019s 15-week abortion ban and other abortion restrictions? This goes directly against their mission: to serve [&hellip;]<\/p>\n","protected":false},"author":3,"featured_media":0,"parent":0,"menu_order":0,"comment_status":"closed","ping_status":"closed","template":"","meta":{"footnotes":""},"folder":[],"class_list":["post-2533","page","type-page","status-publish","hentry"],"yoast_head":"<!-- This site is optimized with the Yoast SEO plugin v27.4 - https:\/\/yoast.com\/product\/yoast-seo-wordpress\/ -->\n<title>Hold FL Health Care Corporations Accountable - Floridians For Reproductive Freedom<\/title>\n<meta name=\"robots\" content=\"index, follow, max-snippet:-1, max-image-preview:large, max-video-preview:-1\" \/>\n<link rel=\"canonical\" href=\"https:\/\/floridareprofreedom.org\/ht\/rann-konpayi-anti-avotman-yo-responsab\/\" \/>\n<meta property=\"og:locale\" content=\"ht_HT\" \/>\n<meta property=\"og:type\" content=\"article\" \/>\n<meta property=\"og:title\" content=\"Hold FL Health Care Corporations Accountable - Floridians For Reproductive Freedom\" \/>\n<meta property=\"og:description\" content=\"It\u2019s time to stop funding anti-abortion politicians. Haitian Krey\u00f2l\u00a0 |\u00a0 Espa\u00f1ol &nbsp; Did you know that health insurance companies and hospital organizations like Florida Blue and Florida Health Association have donated $1.7 MILLION+ to the anti-abortion politicians responsible for Florida\u2019s 15-week abortion ban and other abortion restrictions? This goes directly against their mission: to serve [&hellip;]\" \/>\n<meta property=\"og:url\" content=\"https:\/\/floridareprofreedom.org\/ht\/rann-konpayi-anti-avotman-yo-responsab\/\" \/>\n<meta property=\"og:site_name\" content=\"Floridians For Reproductive Freedom\" \/>\n<meta property=\"article:publisher\" content=\"https:\/\/www.facebook.com\/FloridaReproFreedom\/\" \/>\n<meta property=\"og:image\" content=\"https:\/\/floridareprofreedom.org\/wp-content\/uploads\/2022\/08\/FRF-2022-4001-SQ-3-A-1-300x300.jpg\" \/>\n<meta name=\"twitter:card\" content=\"summary_large_image\" \/>\n<meta name=\"twitter:site\" content=\"@FLReproFreedom\" \/>\n<meta name=\"twitter:label1\" content=\"Est. reading time\" \/>\n\t<meta name=\"twitter:data1\" content=\"2 minutes\" \/>\n<script type=\"application\/ld+json\" class=\"yoast-schema-graph\">{\"@context\":\"https:\\\/\\\/schema.org\",\"@graph\":[{\"@type\":\"WebPage\",\"@id\":\"https:\\\/\\\/floridareprofreedom.org\\\/hold-anti-abortion-corporations-accountable\\\/\",\"url\":\"https:\\\/\\\/floridareprofreedom.org\\\/hold-anti-abortion-corporations-accountable\\\/\",\"name\":\"Hold FL Health Care Corporations Accountable - Floridians For Reproductive Freedom\",\"isPartOf\":{\"@id\":\"https:\\\/\\\/floridareprofreedom.org\\\/#website\"},\"primaryImageOfPage\":{\"@id\":\"https:\\\/\\\/floridareprofreedom.org\\\/hold-anti-abortion-corporations-accountable\\\/#primaryimage\"},\"image\":{\"@id\":\"https:\\\/\\\/floridareprofreedom.org\\\/hold-anti-abortion-corporations-accountable\\\/#primaryimage\"},\"thumbnailUrl\":\"https:\\\/\\\/floridareprofreedom.org\\\/wp-content\\\/uploads\\\/2022\\\/08\\\/FRF-2022-4001-SQ-3-A-1-300x300.jpg\",\"datePublished\":\"2022-08-26T20:09:35+00:00\",\"breadcrumb\":{\"@id\":\"https:\\\/\\\/floridareprofreedom.org\\\/hold-anti-abortion-corporations-accountable\\\/#breadcrumb\"},\"inLanguage\":\"ht\",\"potentialAction\":[{\"@type\":\"ReadAction\",\"target\":[\"https:\\\/\\\/floridareprofreedom.org\\\/hold-anti-abortion-corporations-accountable\\\/\"]}]},{\"@type\":\"ImageObject\",\"inLanguage\":\"ht\",\"@id\":\"https:\\\/\\\/floridareprofreedom.org\\\/hold-anti-abortion-corporations-accountable\\\/#primaryimage\",\"url\":\"https:\\\/\\\/floridareprofreedom.org\\\/wp-content\\\/uploads\\\/2022\\\/08\\\/FRF-2022-4001-SQ-3-A-1-300x300.jpg\",\"contentUrl\":\"https:\\\/\\\/floridareprofreedom.org\\\/wp-content\\\/uploads\\\/2022\\\/08\\\/FRF-2022-4001-SQ-3-A-1-300x300.jpg\"},{\"@type\":\"BreadcrumbList\",\"@id\":\"https:\\\/\\\/floridareprofreedom.org\\\/hold-anti-abortion-corporations-accountable\\\/#breadcrumb\",\"itemListElement\":[{\"@type\":\"ListItem\",\"position\":1,\"name\":\"Home\",\"item\":\"https:\\\/\\\/floridareprofreedom.org\\\/\"},{\"@type\":\"ListItem\",\"position\":2,\"name\":\"Hold FL Health Care Corporations Accountable\"}]},{\"@type\":\"WebSite\",\"@id\":\"https:\\\/\\\/floridareprofreedom.org\\\/#website\",\"url\":\"https:\\\/\\\/floridareprofreedom.org\\\/\",\"name\":\"Floridians For Reproductive Freedom\",\"description\":\"Advocating for convenient, affordable, and safe access to reproductive health care, including abortion.\",\"publisher\":{\"@id\":\"https:\\\/\\\/floridareprofreedom.org\\\/#organization\"},\"potentialAction\":[{\"@type\":\"SearchAction\",\"target\":{\"@type\":\"EntryPoint\",\"urlTemplate\":\"https:\\\/\\\/floridareprofreedom.org\\\/?s={search_term_string}\"},\"query-input\":{\"@type\":\"PropertyValueSpecification\",\"valueRequired\":true,\"valueName\":\"search_term_string\"}}],\"inLanguage\":\"ht\"},{\"@type\":\"Organization\",\"@id\":\"https:\\\/\\\/floridareprofreedom.org\\\/#organization\",\"name\":\"Floridians for Reproductive Freedom\",\"url\":\"https:\\\/\\\/floridareprofreedom.org\\\/\",\"logo\":{\"@type\":\"ImageObject\",\"inLanguage\":\"ht\",\"@id\":\"https:\\\/\\\/floridareprofreedom.org\\\/#\\\/schema\\\/logo\\\/image\\\/\",\"url\":\"https:\\\/\\\/floridareprofreedom.org\\\/wp-content\\\/uploads\\\/2019\\\/05\\\/Untitled.jpg\",\"contentUrl\":\"https:\\\/\\\/floridareprofreedom.org\\\/wp-content\\\/uploads\\\/2019\\\/05\\\/Untitled.jpg\",\"width\":174,\"height\":180,\"caption\":\"Floridians for Reproductive Freedom\"},\"image\":{\"@id\":\"https:\\\/\\\/floridareprofreedom.org\\\/#\\\/schema\\\/logo\\\/image\\\/\"},\"sameAs\":[\"https:\\\/\\\/www.facebook.com\\\/FloridaReproFreedom\\\/\",\"https:\\\/\\\/x.com\\\/FLReproFreedom\",\"https:\\\/\\\/www.instagram.com\\\/floridareprofreedom\\\/\"]}]}<\/script>\n<!-- \/ Yoast SEO plugin. -->","yoast_head_json":{"title":"Rann K\u00f2porasyon Swen Sante FL yo Responsab - Floridyen Pou Lib\u00e8te Repwodiktif","robots":{"index":"index","follow":"follow","max-snippet":"max-snippet:-1","max-image-preview":"max-image-preview:large","max-video-preview":"max-video-preview:-1"},"canonical":"https:\/\/floridareprofreedom.org\/ht\/rann-konpayi-anti-avotman-yo-responsab\/","og_locale":"ht_HT","og_type":"article","og_title":"Hold FL Health Care Corporations Accountable - Floridians For Reproductive Freedom","og_description":"It\u2019s time to stop funding anti-abortion politicians. Haitian Krey\u00f2l\u00a0 |\u00a0 Espa\u00f1ol &nbsp; Did you know that health insurance companies and hospital organizations like Florida Blue and Florida Health Association have donated $1.7 MILLION+ to the anti-abortion politicians responsible for Florida\u2019s 15-week abortion ban and other abortion restrictions? This goes directly against their mission: to serve [&hellip;]","og_url":"https:\/\/floridareprofreedom.org\/ht\/rann-konpayi-anti-avotman-yo-responsab\/","og_site_name":"Floridians For Reproductive Freedom","article_publisher":"https:\/\/www.facebook.com\/FloridaReproFreedom\/","og_image":[{"url":"https:\/\/floridareprofreedom.org\/wp-content\/uploads\/2022\/08\/FRF-2022-4001-SQ-3-A-1-300x300.jpg","type":"","width":"","height":""}],"twitter_card":"summary_large_image","twitter_site":"@FLReproFreedom","twitter_misc":{"Est. reading time":"2 minutes"},"schema":{"@context":"https:\/\/schema.org","@graph":[{"@type":"WebPage","@id":"https:\/\/floridareprofreedom.org\/hold-anti-abortion-corporations-accountable\/","url":"https:\/\/floridareprofreedom.org\/hold-anti-abortion-corporations-accountable\/","name":"Rann K\u00f2porasyon Swen Sante FL yo Responsab - Floridyen Pou Lib\u00e8te Repwodiktif","isPartOf":{"@id":"https:\/\/floridareprofreedom.org\/#website"},"primaryImageOfPage":{"@id":"https:\/\/floridareprofreedom.org\/hold-anti-abortion-corporations-accountable\/#primaryimage"},"image":{"@id":"https:\/\/floridareprofreedom.org\/hold-anti-abortion-corporations-accountable\/#primaryimage"},"thumbnailUrl":"https:\/\/floridareprofreedom.org\/wp-content\/uploads\/2022\/08\/FRF-2022-4001-SQ-3-A-1-300x300.jpg","datePublished":"2022-08-26T20:09:35+00:00","breadcrumb":{"@id":"https:\/\/floridareprofreedom.org\/hold-anti-abortion-corporations-accountable\/#breadcrumb"},"inLanguage":"ht","potentialAction":[{"@type":"ReadAction","target":["https:\/\/floridareprofreedom.org\/hold-anti-abortion-corporations-accountable\/"]}]},{"@type":"ImageObject","inLanguage":"ht","@id":"https:\/\/floridareprofreedom.org\/hold-anti-abortion-corporations-accountable\/#primaryimage","url":"https:\/\/floridareprofreedom.org\/wp-content\/uploads\/2022\/08\/FRF-2022-4001-SQ-3-A-1-300x300.jpg","contentUrl":"https:\/\/floridareprofreedom.org\/wp-content\/uploads\/2022\/08\/FRF-2022-4001-SQ-3-A-1-300x300.jpg"},{"@type":"BreadcrumbList","@id":"https:\/\/floridareprofreedom.org\/hold-anti-abortion-corporations-accountable\/#breadcrumb","itemListElement":[{"@type":"ListItem","position":1,"name":"Home","item":"https:\/\/floridareprofreedom.org\/"},{"@type":"ListItem","position":2,"name":"Hold FL Health Care Corporations Accountable"}]},{"@type":"WebSite","@id":"https:\/\/floridareprofreedom.org\/#website","url":"https:\/\/floridareprofreedom.org\/","name":"Floridyen pou lib\u00e8te repwodiktif","description":"Ap defann aks\u00e8 pratik, ab\u00f2dab, epi an sekirite a swen sante repwodiktif, tankou av\u00f2tman.","publisher":{"@id":"https:\/\/floridareprofreedom.org\/#organization"},"potentialAction":[{"@type":"SearchAction","target":{"@type":"EntryPoint","urlTemplate":"https:\/\/floridareprofreedom.org\/?s={search_term_string}"},"query-input":{"@type":"PropertyValueSpecification","valueRequired":true,"valueName":"search_term_string"}}],"inLanguage":"ht"},{"@type":"Organization","@id":"https:\/\/floridareprofreedom.org\/#organization","name":"Floridyen pou Lib\u00e8te Repwodiktif","url":"https:\/\/floridareprofreedom.org\/","logo":{"@type":"ImageObject","inLanguage":"ht","@id":"https:\/\/floridareprofreedom.org\/#\/schema\/logo\/image\/","url":"https:\/\/floridareprofreedom.org\/wp-content\/uploads\/2019\/05\/Untitled.jpg","contentUrl":"https:\/\/floridareprofreedom.org\/wp-content\/uploads\/2019\/05\/Untitled.jpg","width":174,"height":180,"caption":"Floridians for Reproductive Freedom"},"image":{"@id":"https:\/\/floridareprofreedom.org\/#\/schema\/logo\/image\/"},"sameAs":["https:\/\/www.facebook.com\/FloridaReproFreedom\/","https:\/\/x.com\/FLReproFreedom","https:\/\/www.instagram.com\/floridareprofreedom\/"]}]}},"_links":{"self":[{"href":"https:\/\/floridareprofreedom.org\/ht\/wp-json\/wp\/v2\/pages\/2533","targetHints":{"allow":["GET"]}}],"collection":[{"href":"https:\/\/floridareprofreedom.org\/ht\/wp-json\/wp\/v2\/pages"}],"about":[{"href":"https:\/\/floridareprofreedom.org\/ht\/wp-json\/wp\/v2\/types\/page"}],"author":[{"embeddable":true,"href":"https:\/\/floridareprofreedom.org\/ht\/wp-json\/wp\/v2\/users\/3"}],"replies":[{"embeddable":true,"href":"https:\/\/floridareprofreedom.org\/ht\/wp-json\/wp\/v2\/comments?post=2533"}],"version-history":[{"count":1,"href":"https:\/\/floridareprofreedom.org\/ht\/wp-json\/wp\/v2\/pages\/2533\/revisions"}],"predecessor-version":[{"id":2535,"href":"https:\/\/floridareprofreedom.org\/ht\/wp-json\/wp\/v2\/pages\/2533\/revisions\/2535"}],"wp:attachment":[{"href":"https:\/\/floridareprofreedom.org\/ht\/wp-json\/wp\/v2\/media?parent=2533"}],"wp:term":[{"taxonomy":"folder","embeddable":true,"href":"https:\/\/floridareprofreedom.org\/ht\/wp-json\/wp\/v2\/folder?post=2533"}],"curies":[{"name":"wp","href":"https:\/\/api.w.org\/{rel}","templated":true}]}}