{"id":3165,"date":"2024-01-02T22:09:04","date_gmt":"2024-01-02T22:09:04","guid":{"rendered":"https:\/\/floridareprofreedom.org\/?page_id=3165"},"modified":"2024-01-02T22:23:58","modified_gmt":"2024-01-02T22:23:58","slug":"ki-sa-ki-yon-egzansyon-jidisye-pou-avotman","status":"publish","type":"page","link":"https:\/\/floridareprofreedom.org\/ht\/judicialbypass\/egzansyon-jidisye-an-florid\/ki-sa-ki-yon-egzansyon-jidisye-pou-avotman\/","title":{"rendered":"Ki sa ki yon egzansyon jidisy\u00e8 pou av\u00f2tman?"},"content":{"rendered":"<p><span style=\"font-weight: 400;\">L\u00e8 yon j\u00e8n nan Florid pa ka pale ak fanmi l sou desizyon av\u00f2tman l, li gen opsyon pou li f\u00e8 demann pou yon egzansyon jidisy\u00e8, ki rele tou yon egzansyon jidisy\u00e8 oswa yon \u201cl\u00f2d\u201d. <strong>Yon egzansyon jidisy\u00e8 bay j\u00e8n ki poko gen 18 an p\u00e8misyon pou yo f\u00e8 yon av\u00f2tman san patisipasyon paran yo.<\/strong><\/span><\/p>\n<p><span style=\"font-weight: 400;\">Pou jwenn yon egzansyon jidisy\u00e8, ou dwe aplike an p\u00e8s\u00f2n nan yon tribinal. moun ale nan tribinal nan pw\u00f2p zon yo, men si w gen dwa pou enfomasyon w ret prive, ou ka ale nan yon tribinal nan yon l\u00f2t zon, men li dwe nan. <strong>sikwi<\/strong> kote w ap viv la. Zon Florid yo gwoupe ansanm pou f\u00f2me <strong>20 sikwi<\/strong>, wap jwenn zon ou sou kat la oswa lis ki paret anba a pou jwenn nan ki sikwi w ap viv.<\/span><\/p>\n<p><span style=\"font-weight: 400;\">Detay sou ki kote pou ale ak moun pou pale avek yo nan chak zon ak lokal ki disponib pou fe demann nan, ap nan lis nan tablo ki anba paj la. <strong>L\u00e8 w ap aplike pou yon egzansyon jidisy\u00e8<\/strong>,kontakte grefye tribinal la davans pou verifye ki kote pou w ale ak sa pou w f\u00e8 pou travay. Gen k\u00e8k diferans nan chak zon. Konfime l\u00e8 operasyon yo, lokal yo ak pakin yo.<\/span><\/p>\n<p><span style=\"font-weight: 400;\"><strong>Jenerasyon 2 f\u00f2mil ki dwe ranpli.<\/strong> Nan k\u00e8k zon, yon grefye ap ba w f\u00f2mile yo pou w ranpli poukont ou, nan l\u00f2t zon yon grefye ap ede w ranpli f\u00f2m yo, al\u00f2ske nan l\u00f2t lokal ap gen yon avoka ki nonmen nan tribinal la pou ede w oswa menm f\u00e8 li sou non w apre yo fin pale av\u00e8k ou. Gade tablo ki anba a pou konnen kijan yo aksepte f\u00f2mil yo nan zon wa p viv la.\u00a0<\/span><\/p>\n<p><span style=\"font-weight: 400;\"><strong>\u201cDeklarasyon S\u00e8man sou Vr\u00e8 Non w ak Psedonim\u201d<\/strong> \u2013 Dokiman sa a asire w ke p\u00e8sonn pa p konnen si w ale nan Tribinal pou w jwenn egzansyon sa a. Li p\u00e8m\u00e8t ou chwazi yon non diferan pou Tribinal la itilize, olye de ki pa posib ou. Yon fwa fom sa a ranpli Tribinal la pral itilize inisyal oswa psedonim ke ou te chwazi yo. Li pwoteje dwa w pou w f\u00e8 av\u00f2tman san paran w oswa gadyen w pa konnen.<\/span><\/p>\n<p><span style=\"font-weight: 400;\"><strong>\u201cPetisyon egzansyon Jidisy\u00e8\u201d<\/strong> \u2013 Papye sa a se yon demann pou Jij la. Ou ka chwazi pou w ekri pw\u00f2p petisyon w epi pote l av\u00e8k ou, oswa ou ka ranpli f\u00f2m sa a. Petisyon ou ta dwe genyen ladan l:<\/span><\/p>\n<ol>\n<li style=\"list-style-type: none;\">\n<ol>\n<li><span style=\"font-weight: 400;\"> ou gen ase matirite pou w deside poukont ou si w ap f\u00e8 yon av\u00f2tman;<\/span><\/li>\n<li><span style=\"font-weight: 400;\"> ou se yon viktim abi sou timoun oswa abi sipery\u00e8 nan men paran w oswa gadyen w; oswa<\/span><\/li>\n<li><span style=\"font-weight: 400;\"> si w ta notifye yon paran oswa gadyen legal ou li pa ta p nan pi bon kalite ou.<\/span>\n<ol>\n<li style=\"font-weight: 400;\" aria-level=\"1\"><span style=\"font-weight: 400;\">Psedonim ou oswa inisyal ou (k\u00e8lkeswa sa w chwazi pou w itilize sou Deklarasyon S\u00e8man Vr\u00e8 Non ak Psedonim ou)<\/span><\/li>\n<li style=\"font-weight: 400;\" aria-level=\"1\"><span style=\"font-weight: 400;\">Laj ou<\/span><\/li>\n<li style=\"font-weight: 400;\" aria-level=\"1\"><span style=\"font-weight: 400;\">Yon fwa ke ou ansent e ke pou ou pa konnen si w chwazi yon av\u00f2tman oswa yo pa dak\u00f2 pou p\u00e8m\u00e8t ou f\u00e8 yon av\u00f2tman.<\/span><\/li>\n<li style=\"font-weight: 400;\" aria-level=\"1\"><span style=\"font-weight: 400;\">Yon ke ou vle mete fen nan gwos\u00e8 ou (f\u00e8 yon av\u00f2tman) san w pa di paran w oswa gadyen legal ou.<\/span><\/li>\n<li style=\"font-weight: 400;\" aria-level=\"1\"><span style=\"font-weight: 400;\">Yon eksplikasyon sou rezon ou vle mete fen nan gwos\u00e8 ou. Gen twa fason ou ka jwenn yon egzansyon jidisy\u00e8 nan men jij la. Ou dwe gen omwen youn nan twa rezon sa yo. Si plis pase youn aplike pou ou, ou ta dwe prepare chak rezon ki aplike. Twa rezon yo se:\u00a0<\/span>\n<ol>\n<li aria-level=\"1\"><span style=\"font-weight: 400;\">\u00a0ou gen ase matirite pou w deside poukont ou si w ap f\u00e8 yon av\u00f2tman;<\/span><\/li>\n<li aria-level=\"1\"><span style=\"font-weight: 400;\">ou se yon viktim abi sou timoun oswa abi sipery\u00e8 nan men paran w oswa gadyen w; oswa<\/span><\/li>\n<li><span style=\"font-weight: 400;\"> si w ta notifye yon paran oswa gadyen legal ou li pa ta p nan pi bon kalite ou.<\/span><\/li>\n<\/ol>\n<\/li>\n<\/ol>\n<\/li>\n<\/ol>\n<\/li>\n<\/ol>\n<p><span style=\"font-weight: 400;\">Apre w fin jwenn tribinal la, yo pral pwograme pale ak yon prive kote w ap f\u00e8 w gen matirite oswa ou byen enf\u00f2me pou w prepare avotman pa w. Pou plis detay sou sa Jij la ap ch\u00e8che konnen, gade nan pwochen paj \u201cKisa jij la pral lokal?\u201d<\/span><\/p>\n<p><span style=\"font-weight: 400;\">** Si w ap bezwen pale ak paran w sou desizyon w epi w \u00e8 bezwen pou w reflechi sou fason pou w pale sou sa, ou ka jwenn kons\u00e8y nan patn\u00e8 nou an, <a href=\"https:\/\/janesdueprocess.org\/blog\/talking-to-parents-about-abortion\/\">Blog Pwosesis Apwopriye Jane nan sou li a<\/a>.<\/span><\/p>\n<p><img fetchpriority=\"high\" decoding=\"async\" class=\"alignnone size-full wp-image-1001\" src=\"https:\/\/floridareprofreedom.org\/wp-content\/uploads\/2020\/05\/flcircuitmap.jpeg\" alt=\"\" width=\"465\" height=\"390\" srcset=\"https:\/\/floridareprofreedom.org\/wp-content\/uploads\/2020\/05\/flcircuitmap.jpeg 465w, https:\/\/floridareprofreedom.org\/wp-content\/uploads\/2020\/05\/flcircuitmap-300x252.jpeg 300w\" sizes=\"(max-width: 465px) 100vw, 465px\" \/><\/p>\n<p><iframe src=\"https:\/\/docs.google.com\/spreadsheets\/d\/e\/2PACX-1vQB6krgtRma-96mkc9NufqrFn2t3gYItPYTXhaTc_euzRTZEXyRs9x90T-YutHr6CS_eNVijuyheuHR\/pubhtml?gid=1415876535&amp;single=true&amp;widget=true&amp;headers=false\" width=\"850\" height=\"1200\"><\/iframe><\/p>","protected":false},"excerpt":{"rendered":"<p>L\u00e8 yon j\u00e8n nan Florid pa ka pale ak fanmi l sou desizyon av\u00f2tman l, li gen opsyon pou li fe demann pou yon egzansyon jidisy\u00e8, ki rele tou yon egzansyon jidisy\u00e8 oswa yon &#8220;l\u00f2d&#8221;. Yon egzansyon jidisy\u00e8 bay j\u00e8n ki poko gen 18 an p\u00e8misyon pou yo f\u00e8 yon av\u00f2tman san patisipasyon paran yo. [&hellip;]<\/p>\n","protected":false},"author":7,"featured_media":0,"parent":3142,"menu_order":0,"comment_status":"closed","ping_status":"closed","template":"","meta":{"footnotes":""},"folder":[35],"class_list":["post-3165","page","type-page","status-publish","hentry"],"yoast_head":"<!-- This site is optimized with the Yoast SEO plugin v27.3 - https:\/\/yoast.com\/product\/yoast-seo-wordpress\/ -->\n<title>Ki sa ki yon egzansyon jidisy\u00e8 pou av\u00f2tman? - Floridians For Reproductive Freedom<\/title>\n<meta name=\"description\" content=\"Si w pa ka jwenn p\u00e8misyon paran w oswa mande paran w, ou ka f\u00e8 yon av\u00f2tman san okenn paran w pa enplike si w ale nan tribinal epi yo ba w yon \u201cegzansyon jidisy\u00e8\u201d.\" \/>\n<meta name=\"robots\" content=\"index, follow, max-snippet:-1, max-image-preview:large, max-video-preview:-1\" \/>\n<link rel=\"canonical\" href=\"https:\/\/floridareprofreedom.org\/ht\/kontouneman-jidisye\/egzansyon-jidisye-an-florid\/ki-sa-ki-yon-egzansyon-jidisye-pou-avotman\/\" \/>\n<meta property=\"og:locale\" content=\"ht_HT\" \/>\n<meta property=\"og:type\" content=\"article\" \/>\n<meta property=\"og:title\" content=\"Ki sa ki yon egzansyon jidisy\u00e8 pou av\u00f2tman? - Floridians For Reproductive Freedom\" \/>\n<meta property=\"og:description\" content=\"Si w pa ka jwenn p\u00e8misyon paran w oswa mande paran w, ou ka f\u00e8 yon av\u00f2tman san okenn paran w pa enplike si w ale nan tribinal epi yo ba w yon \u201cegzansyon jidisy\u00e8\u201d.\" \/>\n<meta property=\"og:url\" content=\"https:\/\/floridareprofreedom.org\/ht\/kontouneman-jidisye\/egzansyon-jidisye-an-florid\/ki-sa-ki-yon-egzansyon-jidisye-pou-avotman\/\" \/>\n<meta property=\"og:site_name\" content=\"Floridians For Reproductive Freedom\" \/>\n<meta property=\"article:publisher\" content=\"https:\/\/www.facebook.com\/FloridaReproFreedom\/\" \/>\n<meta property=\"article:modified_time\" content=\"2024-01-02T22:23:58+00:00\" \/>\n<meta property=\"og:image\" content=\"https:\/\/floridareprofreedom.org\/wp-content\/uploads\/2020\/05\/flcircuitmap.jpeg\" \/>\n<meta name=\"twitter:card\" content=\"summary_large_image\" \/>\n<meta name=\"twitter:site\" content=\"@FLReproFreedom\" \/>\n<meta name=\"twitter:label1\" content=\"Est. reading time\" \/>\n\t<meta name=\"twitter:data1\" content=\"4 minutes\" \/>\n<script type=\"application\/ld+json\" class=\"yoast-schema-graph\">{\"@context\":\"https:\\\/\\\/schema.org\",\"@graph\":[{\"@type\":\"WebPage\",\"@id\":\"https:\\\/\\\/floridareprofreedom.org\\\/judicialbypass\\\/egzansyon-jidisye-an-florid\\\/ki-sa-ki-yon-egzansyon-jidisye-pou-avotman\\\/\",\"url\":\"https:\\\/\\\/floridareprofreedom.org\\\/judicialbypass\\\/egzansyon-jidisye-an-florid\\\/ki-sa-ki-yon-egzansyon-jidisye-pou-avotman\\\/\",\"name\":\"Ki sa ki yon egzansyon jidisy\u00e8 pou av\u00f2tman? - Floridians For Reproductive Freedom\",\"isPartOf\":{\"@id\":\"https:\\\/\\\/floridareprofreedom.org\\\/#website\"},\"primaryImageOfPage\":{\"@id\":\"https:\\\/\\\/floridareprofreedom.org\\\/judicialbypass\\\/egzansyon-jidisye-an-florid\\\/ki-sa-ki-yon-egzansyon-jidisye-pou-avotman\\\/#primaryimage\"},\"image\":{\"@id\":\"https:\\\/\\\/floridareprofreedom.org\\\/judicialbypass\\\/egzansyon-jidisye-an-florid\\\/ki-sa-ki-yon-egzansyon-jidisye-pou-avotman\\\/#primaryimage\"},\"thumbnailUrl\":\"https:\\\/\\\/floridareprofreedom.org\\\/wp-content\\\/uploads\\\/2020\\\/05\\\/flcircuitmap.jpeg\",\"datePublished\":\"2024-01-02T22:09:04+00:00\",\"dateModified\":\"2024-01-02T22:23:58+00:00\",\"description\":\"Si w pa ka jwenn p\u00e8misyon paran w oswa mande paran w, ou ka f\u00e8 yon av\u00f2tman san okenn paran w pa enplike si w ale nan tribinal epi yo ba w yon \u201cegzansyon jidisy\u00e8\u201d.\",\"breadcrumb\":{\"@id\":\"https:\\\/\\\/floridareprofreedom.org\\\/judicialbypass\\\/egzansyon-jidisye-an-florid\\\/ki-sa-ki-yon-egzansyon-jidisye-pou-avotman\\\/#breadcrumb\"},\"inLanguage\":\"ht\",\"potentialAction\":[{\"@type\":\"ReadAction\",\"target\":[\"https:\\\/\\\/floridareprofreedom.org\\\/judicialbypass\\\/egzansyon-jidisye-an-florid\\\/ki-sa-ki-yon-egzansyon-jidisye-pou-avotman\\\/\"]}]},{\"@type\":\"ImageObject\",\"inLanguage\":\"ht\",\"@id\":\"https:\\\/\\\/floridareprofreedom.org\\\/judicialbypass\\\/egzansyon-jidisye-an-florid\\\/ki-sa-ki-yon-egzansyon-jidisye-pou-avotman\\\/#primaryimage\",\"url\":\"https:\\\/\\\/floridareprofreedom.org\\\/wp-content\\\/uploads\\\/2020\\\/05\\\/flcircuitmap.jpeg\",\"contentUrl\":\"https:\\\/\\\/floridareprofreedom.org\\\/wp-content\\\/uploads\\\/2020\\\/05\\\/flcircuitmap.jpeg\"},{\"@type\":\"BreadcrumbList\",\"@id\":\"https:\\\/\\\/floridareprofreedom.org\\\/judicialbypass\\\/egzansyon-jidisye-an-florid\\\/ki-sa-ki-yon-egzansyon-jidisye-pou-avotman\\\/#breadcrumb\",\"itemListElement\":[{\"@type\":\"ListItem\",\"position\":1,\"name\":\"Home\",\"item\":\"https:\\\/\\\/floridareprofreedom.org\\\/\"},{\"@type\":\"ListItem\",\"position\":2,\"name\":\"Judicial Bypass in Florida\",\"item\":\"https:\\\/\\\/floridareprofreedom.org\\\/judicialbypass\\\/\"},{\"@type\":\"ListItem\",\"position\":3,\"name\":\"Egzansyon Jidisy\u00e8 an Florid\",\"item\":\"https:\\\/\\\/floridareprofreedom.org\\\/judicialbypass\\\/egzansyon-jidisye-an-florid\\\/\"},{\"@type\":\"ListItem\",\"position\":4,\"name\":\"Ki sa ki yon egzansyon jidisy\u00e8 pou av\u00f2tman?\"}]},{\"@type\":\"WebSite\",\"@id\":\"https:\\\/\\\/floridareprofreedom.org\\\/#website\",\"url\":\"https:\\\/\\\/floridareprofreedom.org\\\/\",\"name\":\"Floridians For Reproductive Freedom\",\"description\":\"Advocating for convenient, affordable, and safe access to reproductive health care, including abortion.\",\"publisher\":{\"@id\":\"https:\\\/\\\/floridareprofreedom.org\\\/#organization\"},\"potentialAction\":[{\"@type\":\"SearchAction\",\"target\":{\"@type\":\"EntryPoint\",\"urlTemplate\":\"https:\\\/\\\/floridareprofreedom.org\\\/?s={search_term_string}\"},\"query-input\":{\"@type\":\"PropertyValueSpecification\",\"valueRequired\":true,\"valueName\":\"search_term_string\"}}],\"inLanguage\":\"ht\"},{\"@type\":\"Organization\",\"@id\":\"https:\\\/\\\/floridareprofreedom.org\\\/#organization\",\"name\":\"Floridians for Reproductive Freedom\",\"url\":\"https:\\\/\\\/floridareprofreedom.org\\\/\",\"logo\":{\"@type\":\"ImageObject\",\"inLanguage\":\"ht\",\"@id\":\"https:\\\/\\\/floridareprofreedom.org\\\/#\\\/schema\\\/logo\\\/image\\\/\",\"url\":\"https:\\\/\\\/floridareprofreedom.org\\\/wp-content\\\/uploads\\\/2019\\\/05\\\/Untitled.jpg\",\"contentUrl\":\"https:\\\/\\\/floridareprofreedom.org\\\/wp-content\\\/uploads\\\/2019\\\/05\\\/Untitled.jpg\",\"width\":174,\"height\":180,\"caption\":\"Floridians for Reproductive Freedom\"},\"image\":{\"@id\":\"https:\\\/\\\/floridareprofreedom.org\\\/#\\\/schema\\\/logo\\\/image\\\/\"},\"sameAs\":[\"https:\\\/\\\/www.facebook.com\\\/FloridaReproFreedom\\\/\",\"https:\\\/\\\/x.com\\\/FLReproFreedom\",\"https:\\\/\\\/www.instagram.com\\\/floridareprofreedom\\\/\"]}]}<\/script>\n<!-- \/ Yoast SEO plugin. -->","yoast_head_json":{"title":"Ki sa ki yon egzansyon jidisy\u00e8 pou av\u00f2tman? - Floridyen Pou Lib\u00e8te Repwodiksyon","description":"Si w pa ka jwenn p\u00e8misyon paran w oswa mande paran w, ou ka f\u00e8 yon av\u00f2tman san okenn paran w pa jwenn si w ale nan tribinal epi yo ba w yon \u201cegzansyon jidisy\u00e8\u201d.","robots":{"index":"index","follow":"follow","max-snippet":"max-snippet:-1","max-image-preview":"max-image-preview:large","max-video-preview":"max-video-preview:-1"},"canonical":"https:\/\/floridareprofreedom.org\/ht\/kontouneman-jidisye\/egzansyon-jidisye-an-florid\/ki-sa-ki-yon-egzansyon-jidisye-pou-avotman\/","og_locale":"ht_HT","og_type":"article","og_title":"Ki sa ki yon egzansyon jidisy\u00e8 pou av\u00f2tman? - Floridians For Reproductive Freedom","og_description":"Si w pa ka jwenn p\u00e8misyon paran w oswa mande paran w, ou ka f\u00e8 yon av\u00f2tman san okenn paran w pa enplike si w ale nan tribinal epi yo ba w yon \u201cegzansyon jidisy\u00e8\u201d.","og_url":"https:\/\/floridareprofreedom.org\/ht\/kontouneman-jidisye\/egzansyon-jidisye-an-florid\/ki-sa-ki-yon-egzansyon-jidisye-pou-avotman\/","og_site_name":"Floridians For Reproductive Freedom","article_publisher":"https:\/\/www.facebook.com\/FloridaReproFreedom\/","article_modified_time":"2024-01-02T22:23:58+00:00","og_image":[{"url":"https:\/\/floridareprofreedom.org\/wp-content\/uploads\/2020\/05\/flcircuitmap.jpeg","type":"","width":"","height":""}],"twitter_card":"summary_large_image","twitter_site":"@FLReproFreedom","twitter_misc":{"Est. reading time":"4 minutes"},"schema":{"@context":"https:\/\/schema.org","@graph":[{"@type":"WebPage","@id":"https:\/\/floridareprofreedom.org\/judicialbypass\/egzansyon-jidisye-an-florid\/ki-sa-ki-yon-egzansyon-jidisye-pou-avotman\/","url":"https:\/\/floridareprofreedom.org\/judicialbypass\/egzansyon-jidisye-an-florid\/ki-sa-ki-yon-egzansyon-jidisye-pou-avotman\/","name":"Ki sa ki yon egzansyon jidisy\u00e8 pou av\u00f2tman? - Floridyen Pou Lib\u00e8te Repwodiksyon","isPartOf":{"@id":"https:\/\/floridareprofreedom.org\/#website"},"primaryImageOfPage":{"@id":"https:\/\/floridareprofreedom.org\/judicialbypass\/egzansyon-jidisye-an-florid\/ki-sa-ki-yon-egzansyon-jidisye-pou-avotman\/#primaryimage"},"image":{"@id":"https:\/\/floridareprofreedom.org\/judicialbypass\/egzansyon-jidisye-an-florid\/ki-sa-ki-yon-egzansyon-jidisye-pou-avotman\/#primaryimage"},"thumbnailUrl":"https:\/\/floridareprofreedom.org\/wp-content\/uploads\/2020\/05\/flcircuitmap.jpeg","datePublished":"2024-01-02T22:09:04+00:00","dateModified":"2024-01-02T22:23:58+00:00","description":"Si w pa ka jwenn p\u00e8misyon paran w oswa mande paran w, ou ka f\u00e8 yon av\u00f2tman san okenn paran w pa jwenn si w ale nan tribinal epi yo ba w yon \u201cegzansyon jidisy\u00e8\u201d.","breadcrumb":{"@id":"https:\/\/floridareprofreedom.org\/judicialbypass\/egzansyon-jidisye-an-florid\/ki-sa-ki-yon-egzansyon-jidisye-pou-avotman\/#breadcrumb"},"inLanguage":"ht","potentialAction":[{"@type":"ReadAction","target":["https:\/\/floridareprofreedom.org\/judicialbypass\/egzansyon-jidisye-an-florid\/ki-sa-ki-yon-egzansyon-jidisye-pou-avotman\/"]}]},{"@type":"ImageObject","inLanguage":"ht","@id":"https:\/\/floridareprofreedom.org\/judicialbypass\/egzansyon-jidisye-an-florid\/ki-sa-ki-yon-egzansyon-jidisye-pou-avotman\/#primaryimage","url":"https:\/\/floridareprofreedom.org\/wp-content\/uploads\/2020\/05\/flcircuitmap.jpeg","contentUrl":"https:\/\/floridareprofreedom.org\/wp-content\/uploads\/2020\/05\/flcircuitmap.jpeg"},{"@type":"BreadcrumbList","@id":"https:\/\/floridareprofreedom.org\/judicialbypass\/egzansyon-jidisye-an-florid\/ki-sa-ki-yon-egzansyon-jidisye-pou-avotman\/#breadcrumb","itemListElement":[{"@type":"ListItem","position":1,"name":"Home","item":"https:\/\/floridareprofreedom.org\/"},{"@type":"ListItem","position":2,"name":"Judicial Bypass in Florida","item":"https:\/\/floridareprofreedom.org\/judicialbypass\/"},{"@type":"ListItem","position":3,"name":"Egzansyon Jidisy\u00e8 an Florid","item":"https:\/\/floridareprofreedom.org\/judicialbypass\/egzansyon-jidisye-an-florid\/"},{"@type":"ListItem","position":4,"name":"Ki sa ki yon egzansyon jidisy\u00e8 pou av\u00f2tman?"}]},{"@type":"WebSite","@id":"https:\/\/floridareprofreedom.org\/#website","url":"https:\/\/floridareprofreedom.org\/","name":"Floridyen pou lib\u00e8te repwodiktif","description":"Ap defann aks\u00e8 pratik, ab\u00f2dab, epi an sekirite a swen sante repwodiktif, tankou av\u00f2tman.","publisher":{"@id":"https:\/\/floridareprofreedom.org\/#organization"},"potentialAction":[{"@type":"SearchAction","target":{"@type":"EntryPoint","urlTemplate":"https:\/\/floridareprofreedom.org\/?s={search_term_string}"},"query-input":{"@type":"PropertyValueSpecification","valueRequired":true,"valueName":"search_term_string"}}],"inLanguage":"ht"},{"@type":"Organization","@id":"https:\/\/floridareprofreedom.org\/#organization","name":"Floridyen pou Lib\u00e8te Repwodiktif","url":"https:\/\/floridareprofreedom.org\/","logo":{"@type":"ImageObject","inLanguage":"ht","@id":"https:\/\/floridareprofreedom.org\/#\/schema\/logo\/image\/","url":"https:\/\/floridareprofreedom.org\/wp-content\/uploads\/2019\/05\/Untitled.jpg","contentUrl":"https:\/\/floridareprofreedom.org\/wp-content\/uploads\/2019\/05\/Untitled.jpg","width":174,"height":180,"caption":"Floridians for Reproductive Freedom"},"image":{"@id":"https:\/\/floridareprofreedom.org\/#\/schema\/logo\/image\/"},"sameAs":["https:\/\/www.facebook.com\/FloridaReproFreedom\/","https:\/\/x.com\/FLReproFreedom","https:\/\/www.instagram.com\/floridareprofreedom\/"]}]}},"_links":{"self":[{"href":"https:\/\/floridareprofreedom.org\/ht\/wp-json\/wp\/v2\/pages\/3165","targetHints":{"allow":["GET"]}}],"collection":[{"href":"https:\/\/floridareprofreedom.org\/ht\/wp-json\/wp\/v2\/pages"}],"about":[{"href":"https:\/\/floridareprofreedom.org\/ht\/wp-json\/wp\/v2\/types\/page"}],"author":[{"embeddable":true,"href":"https:\/\/floridareprofreedom.org\/ht\/wp-json\/wp\/v2\/users\/7"}],"replies":[{"embeddable":true,"href":"https:\/\/floridareprofreedom.org\/ht\/wp-json\/wp\/v2\/comments?post=3165"}],"version-history":[{"count":2,"href":"https:\/\/floridareprofreedom.org\/ht\/wp-json\/wp\/v2\/pages\/3165\/revisions"}],"predecessor-version":[{"id":3173,"href":"https:\/\/floridareprofreedom.org\/ht\/wp-json\/wp\/v2\/pages\/3165\/revisions\/3173"}],"up":[{"embeddable":true,"href":"https:\/\/floridareprofreedom.org\/ht\/wp-json\/wp\/v2\/pages\/3142"}],"wp:attachment":[{"href":"https:\/\/floridareprofreedom.org\/ht\/wp-json\/wp\/v2\/media?parent=3165"}],"wp:term":[{"taxonomy":"folder","embeddable":true,"href":"https:\/\/floridareprofreedom.org\/ht\/wp-json\/wp\/v2\/folder?post=3165"}],"curies":[{"name":"wp","href":"https:\/\/api.w.org\/{rel}","templated":true}]}}