{"id":3181,"date":"2024-01-02T22:39:21","date_gmt":"2024-01-02T22:39:21","guid":{"rendered":"https:\/\/floridareprofreedom.org\/?page_id=3181"},"modified":"2024-01-02T22:39:21","modified_gmt":"2024-01-02T22:39:21","slug":"eske-sa-koute-kob-pou-mwen-applike-pou-yon-egzansyon-jidisye","status":"publish","type":"page","link":"https:\/\/floridareprofreedom.org\/ht\/judicialbypass\/egzansyon-jidisye-an-florid\/eske-sa-koute-kob-pou-mwen-applike-pou-yon-egzansyon-jidisye\/","title":{"rendered":"\u00c8ske sa koute k\u00f2b pou mwen applike pou yon egzansyon jidisy\u00e8?"},"content":{"rendered":"<p><span style=\"font-weight: 400;\">Pa gen okenn fr\u00e8 legal l\u00e8 wap aplike pou egzansyon jidisy\u00e8 nan florid. Si ou vle yon tribinal la chwazi pou edew, Ou pap peye pou sa. (<a href=\"https:\/\/floridareprofreedom.org\/ht\/kontouneman-jidisye\/egzansyon-jidisye-an-florid\/eske-mwen-bezwen-yon-avoka\/\">Gade \u00e8ske mwen bezwen yon avoka? Pou plis enf\u00f2masyon<\/a>).<\/span><\/p>\n<p><span style=\"font-weight: 400;\">Nan k\u00e8k tribinal Ou ka bezwen Peye pouw pake.<\/span><\/p>\n<p><span style=\"font-weight: 400;\">Wap gen pouw peye randevou klinik la pou travay a. Si ou pa gen mwayen pouw peye pou av\u00f2tman ou an, gen k\u00e8k rezo finansman lokal ak nasyonal ki kapab ede. (Gade lis ki anba a).<\/span><\/p>\n<p><span style=\"font-weight: 400;\">Oubyen tou ou kapab mande klinik ki moun kap f\u00e8 av\u00f2tman an pou ou a, si yo kapab edew peye pou li .\u00a0<\/span><\/p>\n<ul>\n<li style=\"font-weight: 400;\" aria-level=\"1\"><a href=\"https:\/\/www.prochoice.org\/\"><span style=\"font-weight: 400;\">Federasyon Nasyonal Av\u00f2tman<\/span><\/a><span style=\"font-weight: 400;\">: 1-800-772-9100<\/span><\/li>\n<li style=\"font-weight: 400;\" aria-level=\"1\"><a href=\"https:\/\/www.plannedparenthood.org\/teens\"><span style=\"font-weight: 400;\">Planifikasyon Paran yo<\/span><\/a><span style=\"font-weight: 400;\">: 1-800-230-7526<\/span><\/li>\n<li style=\"font-weight: 400;\" aria-level=\"1\"><a href=\"http:\/\/www.flaccessnetwork.org\/\"><span style=\"font-weight: 400;\">Rezo Aks\u00e8 Florid<\/span><\/a><span style=\"font-weight: 400;\">Sip\u00f2 nan tout Florid<\/span><\/li>\n<li style=\"font-weight: 400;\" aria-level=\"1\"><a href=\"https:\/\/emawpb.org\/\"><span style=\"font-weight: 400;\">Asistans Medikal Ijans Inc.<\/span><\/a><span style=\"font-weight: 400;\">Palm Beaches ak K\u00f2t Trez\u00f2<\/span><\/li>\n<li style=\"font-weight: 400;\" aria-level=\"1\"><a href=\"https:\/\/bwefund.org\/site\/\"><span style=\"font-weight: 400;\">Div\u00e8tisman Ijans pou Fanm Broward yo<\/span><\/a><span style=\"font-weight: 400;\">d: Konte Broward<\/span><\/li>\n<li style=\"font-weight: 400;\" aria-level=\"1\"><a href=\"https:\/\/abortionfunds.org\/fund\/womens-emergency-network\/\"><span style=\"font-weight: 400;\">Rezo Ijans pou Fanm<\/span><\/a><span style=\"font-weight: 400;\">Konte Miami-Dade, Broward, ak Monroe<\/span><\/li>\n<li style=\"font-weight: 400;\" aria-level=\"1\"><a href=\"https:\/\/abortionfunds.org\/fund\/tampa-bay-abortion-fund\/\"><span style=\"font-weight: 400;\">Fon Av\u00f2tman Tampa Bay<\/span><\/a><span style=\"font-weight: 400;\">Konte Pinellas, Hillsborough, Pasco, ak Polk<\/span><\/li>\n<\/ul>","protected":false},"excerpt":{"rendered":"<p>Pa gen okenn fr\u00e8 legal l\u00e8 wap applike pou egzansyon jidisy\u00e8 nan florid. Si ou vle yon avoka tribinal la chwazi pou edew, Ou pap peye pou sa. (Gade \u00e8ske mwen bezwen yon avoka? Pou plis enf\u00f2masyon). Nan k\u00e8k tribinal Ou ka bezwen Peye pouw pake. Wap gen pouw peye randevou klinik la pou pwosedi [&hellip;]<\/p>\n","protected":false},"author":7,"featured_media":0,"parent":3142,"menu_order":0,"comment_status":"closed","ping_status":"closed","template":"","meta":{"footnotes":""},"folder":[35,8],"class_list":["post-3181","page","type-page","status-publish","hentry"],"yoast_head":"<!-- This site is optimized with the Yoast SEO plugin v27.3 - https:\/\/yoast.com\/product\/yoast-seo-wordpress\/ -->\n<title>\u00c8ske sa koute k\u00f2b pou mwen applike pou yon egzansyon jidisy\u00e8? - Floridians For Reproductive Freedom<\/title>\n<meta name=\"description\" content=\"Si ou pa gen mwayen pouw peye pou av\u00f2tman ou an, gen k\u00e8k rezo finansman lokal ak nasyonal ki kapab edew.\" \/>\n<meta name=\"robots\" content=\"index, follow, max-snippet:-1, max-image-preview:large, max-video-preview:-1\" \/>\n<link rel=\"canonical\" href=\"https:\/\/floridareprofreedom.org\/ht\/kontouneman-jidisye\/egzansyon-jidisye-an-florid\/eske-sa-koute-kob-pou-mwen-applike-pou-yon-egzansyon-jidisye\/\" \/>\n<meta property=\"og:locale\" content=\"ht_HT\" \/>\n<meta property=\"og:type\" content=\"article\" \/>\n<meta property=\"og:title\" content=\"\u00c8ske sa koute k\u00f2b pou mwen applike pou yon egzansyon jidisy\u00e8? - Floridians For Reproductive Freedom\" \/>\n<meta property=\"og:description\" content=\"Si ou pa gen mwayen pouw peye pou av\u00f2tman ou an, gen k\u00e8k rezo finansman lokal ak nasyonal ki kapab edew.\" \/>\n<meta property=\"og:url\" content=\"https:\/\/floridareprofreedom.org\/ht\/kontouneman-jidisye\/egzansyon-jidisye-an-florid\/eske-sa-koute-kob-pou-mwen-applike-pou-yon-egzansyon-jidisye\/\" \/>\n<meta property=\"og:site_name\" content=\"Floridians For Reproductive Freedom\" \/>\n<meta property=\"article:publisher\" content=\"https:\/\/www.facebook.com\/FloridaReproFreedom\/\" \/>\n<meta name=\"twitter:card\" content=\"summary_large_image\" \/>\n<meta name=\"twitter:site\" content=\"@FLReproFreedom\" \/>\n<meta name=\"twitter:label1\" content=\"Est. reading time\" \/>\n\t<meta name=\"twitter:data1\" content=\"1 minute\" \/>\n<script type=\"application\/ld+json\" class=\"yoast-schema-graph\">{\"@context\":\"https:\\\/\\\/schema.org\",\"@graph\":[{\"@type\":\"WebPage\",\"@id\":\"https:\\\/\\\/floridareprofreedom.org\\\/judicialbypass\\\/egzansyon-jidisye-an-florid\\\/eske-sa-koute-kob-pou-mwen-applike-pou-yon-egzansyon-jidisye\\\/\",\"url\":\"https:\\\/\\\/floridareprofreedom.org\\\/judicialbypass\\\/egzansyon-jidisye-an-florid\\\/eske-sa-koute-kob-pou-mwen-applike-pou-yon-egzansyon-jidisye\\\/\",\"name\":\"\u00c8ske sa koute k\u00f2b pou mwen applike pou yon egzansyon jidisy\u00e8? - Floridians For Reproductive Freedom\",\"isPartOf\":{\"@id\":\"https:\\\/\\\/floridareprofreedom.org\\\/#website\"},\"datePublished\":\"2024-01-02T22:39:21+00:00\",\"description\":\"Si ou pa gen mwayen pouw peye pou av\u00f2tman ou an, gen k\u00e8k rezo finansman lokal ak nasyonal ki kapab edew.\",\"breadcrumb\":{\"@id\":\"https:\\\/\\\/floridareprofreedom.org\\\/judicialbypass\\\/egzansyon-jidisye-an-florid\\\/eske-sa-koute-kob-pou-mwen-applike-pou-yon-egzansyon-jidisye\\\/#breadcrumb\"},\"inLanguage\":\"ht\",\"potentialAction\":[{\"@type\":\"ReadAction\",\"target\":[\"https:\\\/\\\/floridareprofreedom.org\\\/judicialbypass\\\/egzansyon-jidisye-an-florid\\\/eske-sa-koute-kob-pou-mwen-applike-pou-yon-egzansyon-jidisye\\\/\"]}]},{\"@type\":\"BreadcrumbList\",\"@id\":\"https:\\\/\\\/floridareprofreedom.org\\\/judicialbypass\\\/egzansyon-jidisye-an-florid\\\/eske-sa-koute-kob-pou-mwen-applike-pou-yon-egzansyon-jidisye\\\/#breadcrumb\",\"itemListElement\":[{\"@type\":\"ListItem\",\"position\":1,\"name\":\"Home\",\"item\":\"https:\\\/\\\/floridareprofreedom.org\\\/\"},{\"@type\":\"ListItem\",\"position\":2,\"name\":\"Judicial Bypass in Florida\",\"item\":\"https:\\\/\\\/floridareprofreedom.org\\\/judicialbypass\\\/\"},{\"@type\":\"ListItem\",\"position\":3,\"name\":\"Egzansyon Jidisy\u00e8 an Florid\",\"item\":\"https:\\\/\\\/floridareprofreedom.org\\\/judicialbypass\\\/egzansyon-jidisye-an-florid\\\/\"},{\"@type\":\"ListItem\",\"position\":4,\"name\":\"\u00c8ske sa koute k\u00f2b pou mwen applike pou yon egzansyon jidisy\u00e8?\"}]},{\"@type\":\"WebSite\",\"@id\":\"https:\\\/\\\/floridareprofreedom.org\\\/#website\",\"url\":\"https:\\\/\\\/floridareprofreedom.org\\\/\",\"name\":\"Floridians For Reproductive Freedom\",\"description\":\"Advocating for convenient, affordable, and safe access to reproductive health care, including abortion.\",\"publisher\":{\"@id\":\"https:\\\/\\\/floridareprofreedom.org\\\/#organization\"},\"potentialAction\":[{\"@type\":\"SearchAction\",\"target\":{\"@type\":\"EntryPoint\",\"urlTemplate\":\"https:\\\/\\\/floridareprofreedom.org\\\/?s={search_term_string}\"},\"query-input\":{\"@type\":\"PropertyValueSpecification\",\"valueRequired\":true,\"valueName\":\"search_term_string\"}}],\"inLanguage\":\"ht\"},{\"@type\":\"Organization\",\"@id\":\"https:\\\/\\\/floridareprofreedom.org\\\/#organization\",\"name\":\"Floridians for Reproductive Freedom\",\"url\":\"https:\\\/\\\/floridareprofreedom.org\\\/\",\"logo\":{\"@type\":\"ImageObject\",\"inLanguage\":\"ht\",\"@id\":\"https:\\\/\\\/floridareprofreedom.org\\\/#\\\/schema\\\/logo\\\/image\\\/\",\"url\":\"https:\\\/\\\/floridareprofreedom.org\\\/wp-content\\\/uploads\\\/2019\\\/05\\\/Untitled.jpg\",\"contentUrl\":\"https:\\\/\\\/floridareprofreedom.org\\\/wp-content\\\/uploads\\\/2019\\\/05\\\/Untitled.jpg\",\"width\":174,\"height\":180,\"caption\":\"Floridians for Reproductive Freedom\"},\"image\":{\"@id\":\"https:\\\/\\\/floridareprofreedom.org\\\/#\\\/schema\\\/logo\\\/image\\\/\"},\"sameAs\":[\"https:\\\/\\\/www.facebook.com\\\/FloridaReproFreedom\\\/\",\"https:\\\/\\\/x.com\\\/FLReproFreedom\",\"https:\\\/\\\/www.instagram.com\\\/floridareprofreedom\\\/\"]}]}<\/script>\n<!-- \/ Yoast SEO plugin. -->","yoast_head_json":{"title":"\u00c8ske sa koute k\u00f2b pou mwen applike pou yon egzansyon jidisy\u00e8? - Floridyen Pou Lib\u00e8te Repwodiksyon","description":"Si ou pa gen mwayen pouw peye pou av\u00f2tman ou an, gen k\u00e8k rezo finansman lokal ak nasyonal ki kapab ede.","robots":{"index":"index","follow":"follow","max-snippet":"max-snippet:-1","max-image-preview":"max-image-preview:large","max-video-preview":"max-video-preview:-1"},"canonical":"https:\/\/floridareprofreedom.org\/ht\/kontouneman-jidisye\/egzansyon-jidisye-an-florid\/eske-sa-koute-kob-pou-mwen-applike-pou-yon-egzansyon-jidisye\/","og_locale":"ht_HT","og_type":"article","og_title":"\u00c8ske sa koute k\u00f2b pou mwen applike pou yon egzansyon jidisy\u00e8? - Floridians For Reproductive Freedom","og_description":"Si ou pa gen mwayen pouw peye pou av\u00f2tman ou an, gen k\u00e8k rezo finansman lokal ak nasyonal ki kapab edew.","og_url":"https:\/\/floridareprofreedom.org\/ht\/kontouneman-jidisye\/egzansyon-jidisye-an-florid\/eske-sa-koute-kob-pou-mwen-applike-pou-yon-egzansyon-jidisye\/","og_site_name":"Floridians For Reproductive Freedom","article_publisher":"https:\/\/www.facebook.com\/FloridaReproFreedom\/","twitter_card":"summary_large_image","twitter_site":"@FLReproFreedom","twitter_misc":{"Est. reading time":"1 minute"},"schema":{"@context":"https:\/\/schema.org","@graph":[{"@type":"WebPage","@id":"https:\/\/floridareprofreedom.org\/judicialbypass\/egzansyon-jidisye-an-florid\/eske-sa-koute-kob-pou-mwen-applike-pou-yon-egzansyon-jidisye\/","url":"https:\/\/floridareprofreedom.org\/judicialbypass\/egzansyon-jidisye-an-florid\/eske-sa-koute-kob-pou-mwen-applike-pou-yon-egzansyon-jidisye\/","name":"\u00c8ske sa koute k\u00f2b pou mwen applike pou yon egzansyon jidisy\u00e8? - Floridyen Pou Lib\u00e8te Repwodiksyon","isPartOf":{"@id":"https:\/\/floridareprofreedom.org\/#website"},"datePublished":"2024-01-02T22:39:21+00:00","description":"Si ou pa gen mwayen pouw peye pou av\u00f2tman ou an, gen k\u00e8k rezo finansman lokal ak nasyonal ki kapab ede.","breadcrumb":{"@id":"https:\/\/floridareprofreedom.org\/judicialbypass\/egzansyon-jidisye-an-florid\/eske-sa-koute-kob-pou-mwen-applike-pou-yon-egzansyon-jidisye\/#breadcrumb"},"inLanguage":"ht","potentialAction":[{"@type":"ReadAction","target":["https:\/\/floridareprofreedom.org\/judicialbypass\/egzansyon-jidisye-an-florid\/eske-sa-koute-kob-pou-mwen-applike-pou-yon-egzansyon-jidisye\/"]}]},{"@type":"BreadcrumbList","@id":"https:\/\/floridareprofreedom.org\/judicialbypass\/egzansyon-jidisye-an-florid\/eske-sa-koute-kob-pou-mwen-applike-pou-yon-egzansyon-jidisye\/#breadcrumb","itemListElement":[{"@type":"ListItem","position":1,"name":"Home","item":"https:\/\/floridareprofreedom.org\/"},{"@type":"ListItem","position":2,"name":"Judicial Bypass in Florida","item":"https:\/\/floridareprofreedom.org\/judicialbypass\/"},{"@type":"ListItem","position":3,"name":"Egzansyon Jidisy\u00e8 an Florid","item":"https:\/\/floridareprofreedom.org\/judicialbypass\/egzansyon-jidisye-an-florid\/"},{"@type":"ListItem","position":4,"name":"\u00c8ske sa koute k\u00f2b pou mwen applike pou yon egzansyon jidisy\u00e8?"}]},{"@type":"WebSite","@id":"https:\/\/floridareprofreedom.org\/#website","url":"https:\/\/floridareprofreedom.org\/","name":"Floridyen pou lib\u00e8te repwodiktif","description":"Ap defann aks\u00e8 pratik, ab\u00f2dab, epi an sekirite a swen sante repwodiktif, tankou av\u00f2tman.","publisher":{"@id":"https:\/\/floridareprofreedom.org\/#organization"},"potentialAction":[{"@type":"SearchAction","target":{"@type":"EntryPoint","urlTemplate":"https:\/\/floridareprofreedom.org\/?s={search_term_string}"},"query-input":{"@type":"PropertyValueSpecification","valueRequired":true,"valueName":"search_term_string"}}],"inLanguage":"ht"},{"@type":"Organization","@id":"https:\/\/floridareprofreedom.org\/#organization","name":"Floridyen pou Lib\u00e8te Repwodiktif","url":"https:\/\/floridareprofreedom.org\/","logo":{"@type":"ImageObject","inLanguage":"ht","@id":"https:\/\/floridareprofreedom.org\/#\/schema\/logo\/image\/","url":"https:\/\/floridareprofreedom.org\/wp-content\/uploads\/2019\/05\/Untitled.jpg","contentUrl":"https:\/\/floridareprofreedom.org\/wp-content\/uploads\/2019\/05\/Untitled.jpg","width":174,"height":180,"caption":"Floridians for Reproductive Freedom"},"image":{"@id":"https:\/\/floridareprofreedom.org\/#\/schema\/logo\/image\/"},"sameAs":["https:\/\/www.facebook.com\/FloridaReproFreedom\/","https:\/\/x.com\/FLReproFreedom","https:\/\/www.instagram.com\/floridareprofreedom\/"]}]}},"_links":{"self":[{"href":"https:\/\/floridareprofreedom.org\/ht\/wp-json\/wp\/v2\/pages\/3181","targetHints":{"allow":["GET"]}}],"collection":[{"href":"https:\/\/floridareprofreedom.org\/ht\/wp-json\/wp\/v2\/pages"}],"about":[{"href":"https:\/\/floridareprofreedom.org\/ht\/wp-json\/wp\/v2\/types\/page"}],"author":[{"embeddable":true,"href":"https:\/\/floridareprofreedom.org\/ht\/wp-json\/wp\/v2\/users\/7"}],"replies":[{"embeddable":true,"href":"https:\/\/floridareprofreedom.org\/ht\/wp-json\/wp\/v2\/comments?post=3181"}],"version-history":[{"count":1,"href":"https:\/\/floridareprofreedom.org\/ht\/wp-json\/wp\/v2\/pages\/3181\/revisions"}],"predecessor-version":[{"id":3182,"href":"https:\/\/floridareprofreedom.org\/ht\/wp-json\/wp\/v2\/pages\/3181\/revisions\/3182"}],"up":[{"embeddable":true,"href":"https:\/\/floridareprofreedom.org\/ht\/wp-json\/wp\/v2\/pages\/3142"}],"wp:attachment":[{"href":"https:\/\/floridareprofreedom.org\/ht\/wp-json\/wp\/v2\/media?parent=3181"}],"wp:term":[{"taxonomy":"folder","embeddable":true,"href":"https:\/\/floridareprofreedom.org\/ht\/wp-json\/wp\/v2\/folder?post=3181"}],"curies":[{"name":"wp","href":"https:\/\/api.w.org\/{rel}","templated":true}]}}