{"id":3183,"date":"2024-01-02T22:51:53","date_gmt":"2024-01-02T22:51:53","guid":{"rendered":"https:\/\/floridareprofreedom.org\/?page_id=3183"},"modified":"2024-01-02T22:51:53","modified_gmt":"2024-01-02T22:51:53","slug":"eske-moun-ap-konnen-mwen-te-ale-nan-tribinal-pou-egzansyon-jidisye","status":"publish","type":"page","link":"https:\/\/floridareprofreedom.org\/ht\/judicialbypass\/egzansyon-jidisye-an-florid\/eske-moun-ap-konnen-mwen-te-ale-nan-tribinal-pou-egzansyon-jidisye\/","title":{"rendered":"\u00c8ske moun ap konnen mwen te ale nan tribinal pou egzansyon jidisy\u00e8?"},"content":{"rendered":"<p><span style=\"font-weight: 400;\">Pwosesis egzansyon jidisy\u00e8 a, selon lalwa se yon konfidansyalite. Pa gen moun ki ta poze ka konnen non w, konnen ou depoze yon aplikasyon, pa menm paran w. Menm jij la pa bezwen konnen non ou, tout dosye tribinal yo ap itilize inisyal ou nenp\u00f2t fo non ou chwazi a.\u00a0<\/span><\/p>\n<p><span style=\"font-weight: 400;\">Ou menm ak avokaw ap rankontre ak yon jij an prive nan yon chanm fanm. Yo ankouraje jij yo pou kenbe lodyans sa yo nan yon kote ak tan ki p\u00e8m\u00e8t ou kenbe sa an prive. Yo sipoze asire ou okenn moun ki pa otorize pa nan sal tribinal la ka w\u00e8 osinon tande la. Jij la dwe konprann sansibilite sa wap f\u00e8 a.<\/span><\/p>\n<p><span style=\"font-weight: 400;\">An reyalite, si lalwa mande pou pwosesi la rete konfidansy\u00e8l, toujou gen posiblite pouw kontre yon moun ou konnen nan tribinal la, espesifik z\u00f2n wap viv la, kote menm tribinal la ye a piti anpil.Si yon moun ki rekon\u00e8t ou rive w\u00e8w nan tribinal la, pa gen anyen ki anpeche yo al di l\u00f2t moun yo te w\u00e8w. Li enp\u00f2tan pouw konnen e prepare pou ris yo.<\/span><\/p>\n<p><strong>Yon lot mwayen ou ka itilize pouw ale nan tribinal nan kominn ou an:<\/strong><\/p>\n<ul>\n<li style=\"font-weight: 400;\" aria-level=\"1\"><span style=\"font-weight: 400;\">Si ou gen mwayen transp\u00f2 ak tan ou ka depoze petisyon w lan nan yon tribinal nan yon l\u00f2t kominote men ki toujou nan sikwi ou ye a. Lalwa di f\u00f2k petisyon an depoze nan yon tribinal ki nan sikwi ou ye a. (kominn florid yo tout ansanm regwoupe an 20 sikwi, ch\u00e8che kominn wap viv la nan kat ki anba paj la pouw ka konen nan ki sikwi wap viv)<\/span><\/li>\n<li style=\"font-weight: 400;\" aria-level=\"1\"><span style=\"font-weight: 400;\">Detay sou ki kote pouw ale, ak ki moun pouw pale nan chak kominn, si yo disponib, wap jwenn yo nan tablo ki anba paj la. L\u00e8 wap applike pou yon detou jidisy\u00e8, <strong>kontakte travay la avan ou ale ka verifye ki kote pouw ale ak kisa pouw kapab koumanse etabli la.<\/strong>. Gen kek differans ant kominn yo. Avan ou ale ale l\u00e8 yo enstale, kote yo ak kijan pouw pake le ou rive.<\/span><\/li>\n<\/ul>\n<p><img fetchpriority=\"high\" decoding=\"async\" class=\"wp-image-1001 aligncenter\" src=\"https:\/\/floridareprofreedom.org\/wp-content\/uploads\/2020\/05\/flcircuitmap.jpeg\" alt=\"\" width=\"601\" height=\"503\" srcset=\"https:\/\/floridareprofreedom.org\/wp-content\/uploads\/2020\/05\/flcircuitmap.jpeg 465w, https:\/\/floridareprofreedom.org\/wp-content\/uploads\/2020\/05\/flcircuitmap-300x252.jpeg 300w\" sizes=\"(max-width: 601px) 100vw, 601px\" \/><\/p>\n<p><b>Sitw\u00e8b Tribinal Awondisman yo<\/b><\/p>\n<ol>\n<li><a href=\"http:\/\/www.firstjudicialcircuit.org\/\"><span style=\"font-weight: 400;\">Premye Sikwi<\/span><\/a><span style=\"font-weight: 400;\"> \u2014 Escambia, Okaloosa, Santa Rosa ak Walton<\/span><\/li>\n<li><a href=\"http:\/\/2ndcircuit.leoncountyfl.gov\/\"><span style=\"font-weight: 400;\">Dezy\u00e8m Sikwi<\/span><\/a> <span style=\"font-weight: 400;\">\u2014 Franklin, Gadsden, Jefferson, Leon, Liberty, ak Wakulla<\/span><\/li>\n<li><a href=\"http:\/\/www.jud3.flcourts.org\/\"><span style=\"font-weight: 400;\">Twazy\u00e8m Sikwi<\/span><\/a><span style=\"font-weight: 400;\"> \u2014 Columbia, Dixie, Hamilton, Lafayette, Madison, Suwannee ak Taylor<\/span><\/li>\n<li><a href=\"http:\/\/www.coj.net\/departments\/fourth-judicial-circuit-court.aspx\"><span style=\"font-weight: 400;\">Katriy\u00e8m Sikwi<\/span><\/a><span style=\"font-weight: 400;\"> \u2014 Clay, Duval ak Nassau<\/span><\/li>\n<li><a href=\"http:\/\/www.circuit5.org\/c5\/\"><span style=\"font-weight: 400;\">Senky\u00e8m Awondisman<\/span><\/a><span style=\"font-weight: 400;\"> \u2014 Citrus, Hernando, Lake, Marion ak Sumter<\/span><\/li>\n<li><a href=\"http:\/\/www.jud6.org\/\"><span style=\"font-weight: 400;\">Sizy\u00e8m Awondisman<\/span><\/a> <span style=\"font-weight: 400;\">\u2014 Pasco ak Pinellas<\/span><\/li>\n<li><a href=\"http:\/\/www.circuit7.org\/\"><span style=\"font-weight: 400;\">Sety\u00e8m Sikwi<\/span> <\/a><span style=\"font-weight: 400;\">\u2014 St. Johns, Volusia, Flagler ak Putnam<\/span><\/li>\n<li><a href=\"http:\/\/www.circuit8.org\/\"><span style=\"font-weight: 400;\">Wity\u00e8m Sikwi<\/span><\/a><span style=\"font-weight: 400;\"> \u2014 Alachua, Baker, Bradford, Gilchrist, Levy, ak Union<\/span><\/li>\n<li><a href=\"http:\/\/www.ninthcircuit.org\/\"><span style=\"font-weight: 400;\">Nevy\u00e8m Sikwi<\/span><\/a><span style=\"font-weight: 400;\"> \u2014 Orange ak Osceola<\/span><\/li>\n<li><a href=\"http:\/\/www.jud10.flcourts.org\/\"><span style=\"font-weight: 400;\">Dizy\u00e8m Sikwi<\/span><\/a><span style=\"font-weight: 400;\">t<\/span><span style=\"font-weight: 400;\"> \u2014 Hardee, Highlands, ak Polk<\/span><\/li>\n<li><a href=\"http:\/\/www.jud11.flcourts.org\/\"><span style=\"font-weight: 400;\">Onzy\u00e8m Sikwi<\/span><\/a><span style=\"font-weight: 400;\"> \u2014 Dade<\/span><\/li>\n<li><a href=\"http:\/\/www.jud12.flcourts.org\/\"><span style=\"font-weight: 400;\">Douzy\u00e8m Awondisman<\/span><\/a><span style=\"font-weight: 400;\"> \u2014 DeSoto, Manatee, ak Sarasota<\/span><\/li>\n<li><a href=\"http:\/\/www.fljud13.org\/\"><span style=\"font-weight: 400;\">Tr\u00e8zy\u00e8m Sikwi<\/span><\/a><span style=\"font-weight: 400;\"> \u2014 Hillsborough<\/span><\/li>\n<li><a href=\"http:\/\/www.jud14.flcourts.org\/index.htm\"><span style=\"font-weight: 400;\">Kat\u00f2zy\u00e8m Sikwi<\/span><\/a><span style=\"font-weight: 400;\">t<\/span><span style=\"font-weight: 400;\"> \u2014 Bay, Calhoun, Gulf, Holmes, Jackson ak Washington<\/span><\/li>\n<li><a href=\"http:\/\/15thcircuit.co.palm-beach.fl.us\/\"><span style=\"font-weight: 400;\">Kenzy\u00e8m Sikwi<\/span> <\/a><span style=\"font-weight: 400;\">\u2014 Palm Beach<\/span><\/li>\n<li><a href=\"http:\/\/www.keyscourts.net\/\"><span style=\"font-weight: 400;\">S\u00e8zy\u00e8m Sikwi<\/span><\/a><span style=\"font-weight: 400;\"> \u2014 Monroe<\/span><\/li>\n<li><a href=\"http:\/\/www.17th.flcourts.org\/\"><span style=\"font-weight: 400;\">Dis\u00e8ty\u00e8m Sikwi<\/span><\/a><span style=\"font-weight: 400;\"> \u2014 Broward<\/span><\/li>\n<li><a href=\"http:\/\/www.flcourts18.org\/page.php?2\"><span style=\"font-weight: 400;\">Dizwity\u00e8m Sikwi<\/span><\/a><span style=\"font-weight: 400;\"> \u2014 Brevard ak Seminole<\/span><\/li>\n<li><a href=\"http:\/\/www.circuit19.org\/\"><span style=\"font-weight: 400;\">Diznevy\u00e8m Sikwi<\/span><\/a><span style=\"font-weight: 400;\"> \u2014 Indian River, Martin, Okeechobee ak St. Lucie<\/span><\/li>\n<li><a href=\"http:\/\/www.ca.cjis20.org\/home\/main\/homepage.asp\"><span style=\"font-weight: 400;\">Venty\u00e8m Sikwi<\/span><\/a><span style=\"font-weight: 400;\"> \u2014 Charlotte, Collier, Glades, Hendry ak Lee<\/span><\/li>\n<\/ol>\n<p><iframe src=\"https:\/\/docs.google.com\/spreadsheets\/d\/e\/2PACX-1vQB6krgtRma-96mkc9NufqrFn2t3gYItPYTXhaTc_euzRTZEXyRs9x90T-YutHr6CS_eNVijuyheuHR\/pubhtml?gid=1415876535&amp;single=true&amp;widget=true&amp;headers=false\" width=\"850\" height=\"1200\"><\/iframe><\/p>","protected":false},"excerpt":{"rendered":"<p>Pwosesis egzansyon jidisy\u00e8 a, selon la lwa se yon pwosesis konfidansy\u00e8l. Pa gen moun ki ta sipoze ka konnen non w, oubyen konnen ou depoze yon aplikasyon, pa menm paran w. Menm jij la pa bezwen konnen non ou, tout dosye tribinal yo ap itilize inisyal ou oubyen fo non ou chwazi a.\u00a0 Ou menm [&hellip;]<\/p>\n","protected":false},"author":7,"featured_media":0,"parent":3142,"menu_order":0,"comment_status":"closed","ping_status":"closed","template":"","meta":{"footnotes":""},"folder":[35,8],"class_list":["post-3183","page","type-page","status-publish","hentry"],"yoast_head":"<!-- This site is optimized with the Yoast SEO plugin v27.3 - https:\/\/yoast.com\/product\/yoast-seo-wordpress\/ -->\n<title>\u00c8ske moun ap konnen mwen te ale nan tribinal pou egzansyon jidisy\u00e8? - Floridians For Reproductive Freedom<\/title>\n<meta name=\"description\" content=\"Pwosesis egzansyon jidisy\u00e8 a, selon la lwa se yon pwosesis konfidansy\u00e8l.\" \/>\n<meta name=\"robots\" content=\"index, follow, max-snippet:-1, max-image-preview:large, max-video-preview:-1\" \/>\n<link rel=\"canonical\" href=\"https:\/\/floridareprofreedom.org\/ht\/kontouneman-jidisye\/egzansyon-jidisye-an-florid\/eske-moun-ap-konnen-mwen-te-ale-nan-tribinal-pou-egzansyon-jidisye\/\" \/>\n<meta property=\"og:locale\" content=\"ht_HT\" \/>\n<meta property=\"og:type\" content=\"article\" \/>\n<meta property=\"og:title\" content=\"\u00c8ske moun ap konnen mwen te ale nan tribinal pou egzansyon jidisy\u00e8? - Floridians For Reproductive Freedom\" \/>\n<meta property=\"og:description\" content=\"Pwosesis egzansyon jidisy\u00e8 a, selon la lwa se yon pwosesis konfidansy\u00e8l.\" \/>\n<meta property=\"og:url\" content=\"https:\/\/floridareprofreedom.org\/ht\/kontouneman-jidisye\/egzansyon-jidisye-an-florid\/eske-moun-ap-konnen-mwen-te-ale-nan-tribinal-pou-egzansyon-jidisye\/\" \/>\n<meta property=\"og:site_name\" content=\"Floridians For Reproductive Freedom\" \/>\n<meta property=\"article:publisher\" content=\"https:\/\/www.facebook.com\/FloridaReproFreedom\/\" \/>\n<meta property=\"og:image\" content=\"https:\/\/floridareprofreedom.org\/wp-content\/uploads\/2020\/05\/flcircuitmap.jpeg\" \/>\n<meta name=\"twitter:card\" content=\"summary_large_image\" \/>\n<meta name=\"twitter:site\" content=\"@FLReproFreedom\" \/>\n<meta name=\"twitter:label1\" content=\"Est. reading time\" \/>\n\t<meta name=\"twitter:data1\" content=\"3 minutes\" \/>\n<script type=\"application\/ld+json\" class=\"yoast-schema-graph\">{\"@context\":\"https:\\\/\\\/schema.org\",\"@graph\":[{\"@type\":\"WebPage\",\"@id\":\"https:\\\/\\\/floridareprofreedom.org\\\/judicialbypass\\\/egzansyon-jidisye-an-florid\\\/eske-moun-ap-konnen-mwen-te-ale-nan-tribinal-pou-egzansyon-jidisye\\\/\",\"url\":\"https:\\\/\\\/floridareprofreedom.org\\\/judicialbypass\\\/egzansyon-jidisye-an-florid\\\/eske-moun-ap-konnen-mwen-te-ale-nan-tribinal-pou-egzansyon-jidisye\\\/\",\"name\":\"\u00c8ske moun ap konnen mwen te ale nan tribinal pou egzansyon jidisy\u00e8? - Floridians For Reproductive Freedom\",\"isPartOf\":{\"@id\":\"https:\\\/\\\/floridareprofreedom.org\\\/#website\"},\"primaryImageOfPage\":{\"@id\":\"https:\\\/\\\/floridareprofreedom.org\\\/judicialbypass\\\/egzansyon-jidisye-an-florid\\\/eske-moun-ap-konnen-mwen-te-ale-nan-tribinal-pou-egzansyon-jidisye\\\/#primaryimage\"},\"image\":{\"@id\":\"https:\\\/\\\/floridareprofreedom.org\\\/judicialbypass\\\/egzansyon-jidisye-an-florid\\\/eske-moun-ap-konnen-mwen-te-ale-nan-tribinal-pou-egzansyon-jidisye\\\/#primaryimage\"},\"thumbnailUrl\":\"https:\\\/\\\/floridareprofreedom.org\\\/wp-content\\\/uploads\\\/2020\\\/05\\\/flcircuitmap.jpeg\",\"datePublished\":\"2024-01-02T22:51:53+00:00\",\"description\":\"Pwosesis egzansyon jidisy\u00e8 a, selon la lwa se yon pwosesis konfidansy\u00e8l.\",\"breadcrumb\":{\"@id\":\"https:\\\/\\\/floridareprofreedom.org\\\/judicialbypass\\\/egzansyon-jidisye-an-florid\\\/eske-moun-ap-konnen-mwen-te-ale-nan-tribinal-pou-egzansyon-jidisye\\\/#breadcrumb\"},\"inLanguage\":\"ht\",\"potentialAction\":[{\"@type\":\"ReadAction\",\"target\":[\"https:\\\/\\\/floridareprofreedom.org\\\/judicialbypass\\\/egzansyon-jidisye-an-florid\\\/eske-moun-ap-konnen-mwen-te-ale-nan-tribinal-pou-egzansyon-jidisye\\\/\"]}]},{\"@type\":\"ImageObject\",\"inLanguage\":\"ht\",\"@id\":\"https:\\\/\\\/floridareprofreedom.org\\\/judicialbypass\\\/egzansyon-jidisye-an-florid\\\/eske-moun-ap-konnen-mwen-te-ale-nan-tribinal-pou-egzansyon-jidisye\\\/#primaryimage\",\"url\":\"https:\\\/\\\/floridareprofreedom.org\\\/wp-content\\\/uploads\\\/2020\\\/05\\\/flcircuitmap.jpeg\",\"contentUrl\":\"https:\\\/\\\/floridareprofreedom.org\\\/wp-content\\\/uploads\\\/2020\\\/05\\\/flcircuitmap.jpeg\"},{\"@type\":\"BreadcrumbList\",\"@id\":\"https:\\\/\\\/floridareprofreedom.org\\\/judicialbypass\\\/egzansyon-jidisye-an-florid\\\/eske-moun-ap-konnen-mwen-te-ale-nan-tribinal-pou-egzansyon-jidisye\\\/#breadcrumb\",\"itemListElement\":[{\"@type\":\"ListItem\",\"position\":1,\"name\":\"Home\",\"item\":\"https:\\\/\\\/floridareprofreedom.org\\\/\"},{\"@type\":\"ListItem\",\"position\":2,\"name\":\"Judicial Bypass in Florida\",\"item\":\"https:\\\/\\\/floridareprofreedom.org\\\/judicialbypass\\\/\"},{\"@type\":\"ListItem\",\"position\":3,\"name\":\"Egzansyon Jidisy\u00e8 an Florid\",\"item\":\"https:\\\/\\\/floridareprofreedom.org\\\/judicialbypass\\\/egzansyon-jidisye-an-florid\\\/\"},{\"@type\":\"ListItem\",\"position\":4,\"name\":\"\u00c8ske moun ap konnen mwen te ale nan tribinal pou egzansyon jidisy\u00e8?\"}]},{\"@type\":\"WebSite\",\"@id\":\"https:\\\/\\\/floridareprofreedom.org\\\/#website\",\"url\":\"https:\\\/\\\/floridareprofreedom.org\\\/\",\"name\":\"Floridians For Reproductive Freedom\",\"description\":\"Advocating for convenient, affordable, and safe access to reproductive health care, including abortion.\",\"publisher\":{\"@id\":\"https:\\\/\\\/floridareprofreedom.org\\\/#organization\"},\"potentialAction\":[{\"@type\":\"SearchAction\",\"target\":{\"@type\":\"EntryPoint\",\"urlTemplate\":\"https:\\\/\\\/floridareprofreedom.org\\\/?s={search_term_string}\"},\"query-input\":{\"@type\":\"PropertyValueSpecification\",\"valueRequired\":true,\"valueName\":\"search_term_string\"}}],\"inLanguage\":\"ht\"},{\"@type\":\"Organization\",\"@id\":\"https:\\\/\\\/floridareprofreedom.org\\\/#organization\",\"name\":\"Floridians for Reproductive Freedom\",\"url\":\"https:\\\/\\\/floridareprofreedom.org\\\/\",\"logo\":{\"@type\":\"ImageObject\",\"inLanguage\":\"ht\",\"@id\":\"https:\\\/\\\/floridareprofreedom.org\\\/#\\\/schema\\\/logo\\\/image\\\/\",\"url\":\"https:\\\/\\\/floridareprofreedom.org\\\/wp-content\\\/uploads\\\/2019\\\/05\\\/Untitled.jpg\",\"contentUrl\":\"https:\\\/\\\/floridareprofreedom.org\\\/wp-content\\\/uploads\\\/2019\\\/05\\\/Untitled.jpg\",\"width\":174,\"height\":180,\"caption\":\"Floridians for Reproductive Freedom\"},\"image\":{\"@id\":\"https:\\\/\\\/floridareprofreedom.org\\\/#\\\/schema\\\/logo\\\/image\\\/\"},\"sameAs\":[\"https:\\\/\\\/www.facebook.com\\\/FloridaReproFreedom\\\/\",\"https:\\\/\\\/x.com\\\/FLReproFreedom\",\"https:\\\/\\\/www.instagram.com\\\/floridareprofreedom\\\/\"]}]}<\/script>\n<!-- \/ Yoast SEO plugin. -->","yoast_head_json":{"title":"\u00c8ske moun ap konnen mwen te ale nan tribinal pou egzansyon jidisy\u00e8? - Floridyen Pou Lib\u00e8te Repwodiksyon","description":"Pwosesis egzansyon jidisy\u00e8 a, selon lalwa se yon konfidansyalite.","robots":{"index":"index","follow":"follow","max-snippet":"max-snippet:-1","max-image-preview":"max-image-preview:large","max-video-preview":"max-video-preview:-1"},"canonical":"https:\/\/floridareprofreedom.org\/ht\/kontouneman-jidisye\/egzansyon-jidisye-an-florid\/eske-moun-ap-konnen-mwen-te-ale-nan-tribinal-pou-egzansyon-jidisye\/","og_locale":"ht_HT","og_type":"article","og_title":"\u00c8ske moun ap konnen mwen te ale nan tribinal pou egzansyon jidisy\u00e8? - Floridians For Reproductive Freedom","og_description":"Pwosesis egzansyon jidisy\u00e8 a, selon la lwa se yon pwosesis konfidansy\u00e8l.","og_url":"https:\/\/floridareprofreedom.org\/ht\/kontouneman-jidisye\/egzansyon-jidisye-an-florid\/eske-moun-ap-konnen-mwen-te-ale-nan-tribinal-pou-egzansyon-jidisye\/","og_site_name":"Floridians For Reproductive Freedom","article_publisher":"https:\/\/www.facebook.com\/FloridaReproFreedom\/","og_image":[{"url":"https:\/\/floridareprofreedom.org\/wp-content\/uploads\/2020\/05\/flcircuitmap.jpeg","type":"","width":"","height":""}],"twitter_card":"summary_large_image","twitter_site":"@FLReproFreedom","twitter_misc":{"Est. reading time":"3 minutes"},"schema":{"@context":"https:\/\/schema.org","@graph":[{"@type":"WebPage","@id":"https:\/\/floridareprofreedom.org\/judicialbypass\/egzansyon-jidisye-an-florid\/eske-moun-ap-konnen-mwen-te-ale-nan-tribinal-pou-egzansyon-jidisye\/","url":"https:\/\/floridareprofreedom.org\/judicialbypass\/egzansyon-jidisye-an-florid\/eske-moun-ap-konnen-mwen-te-ale-nan-tribinal-pou-egzansyon-jidisye\/","name":"\u00c8ske moun ap konnen mwen te ale nan tribinal pou egzansyon jidisy\u00e8? - Floridyen Pou Lib\u00e8te Repwodiksyon","isPartOf":{"@id":"https:\/\/floridareprofreedom.org\/#website"},"primaryImageOfPage":{"@id":"https:\/\/floridareprofreedom.org\/judicialbypass\/egzansyon-jidisye-an-florid\/eske-moun-ap-konnen-mwen-te-ale-nan-tribinal-pou-egzansyon-jidisye\/#primaryimage"},"image":{"@id":"https:\/\/floridareprofreedom.org\/judicialbypass\/egzansyon-jidisye-an-florid\/eske-moun-ap-konnen-mwen-te-ale-nan-tribinal-pou-egzansyon-jidisye\/#primaryimage"},"thumbnailUrl":"https:\/\/floridareprofreedom.org\/wp-content\/uploads\/2020\/05\/flcircuitmap.jpeg","datePublished":"2024-01-02T22:51:53+00:00","description":"Pwosesis egzansyon jidisy\u00e8 a, selon lalwa se yon konfidansyalite.","breadcrumb":{"@id":"https:\/\/floridareprofreedom.org\/judicialbypass\/egzansyon-jidisye-an-florid\/eske-moun-ap-konnen-mwen-te-ale-nan-tribinal-pou-egzansyon-jidisye\/#breadcrumb"},"inLanguage":"ht","potentialAction":[{"@type":"ReadAction","target":["https:\/\/floridareprofreedom.org\/judicialbypass\/egzansyon-jidisye-an-florid\/eske-moun-ap-konnen-mwen-te-ale-nan-tribinal-pou-egzansyon-jidisye\/"]}]},{"@type":"ImageObject","inLanguage":"ht","@id":"https:\/\/floridareprofreedom.org\/judicialbypass\/egzansyon-jidisye-an-florid\/eske-moun-ap-konnen-mwen-te-ale-nan-tribinal-pou-egzansyon-jidisye\/#primaryimage","url":"https:\/\/floridareprofreedom.org\/wp-content\/uploads\/2020\/05\/flcircuitmap.jpeg","contentUrl":"https:\/\/floridareprofreedom.org\/wp-content\/uploads\/2020\/05\/flcircuitmap.jpeg"},{"@type":"BreadcrumbList","@id":"https:\/\/floridareprofreedom.org\/judicialbypass\/egzansyon-jidisye-an-florid\/eske-moun-ap-konnen-mwen-te-ale-nan-tribinal-pou-egzansyon-jidisye\/#breadcrumb","itemListElement":[{"@type":"ListItem","position":1,"name":"Home","item":"https:\/\/floridareprofreedom.org\/"},{"@type":"ListItem","position":2,"name":"Judicial Bypass in Florida","item":"https:\/\/floridareprofreedom.org\/judicialbypass\/"},{"@type":"ListItem","position":3,"name":"Egzansyon Jidisy\u00e8 an Florid","item":"https:\/\/floridareprofreedom.org\/judicialbypass\/egzansyon-jidisye-an-florid\/"},{"@type":"ListItem","position":4,"name":"\u00c8ske moun ap konnen mwen te ale nan tribinal pou egzansyon jidisy\u00e8?"}]},{"@type":"WebSite","@id":"https:\/\/floridareprofreedom.org\/#website","url":"https:\/\/floridareprofreedom.org\/","name":"Floridyen pou lib\u00e8te repwodiktif","description":"Ap defann aks\u00e8 pratik, ab\u00f2dab, epi an sekirite a swen sante repwodiktif, tankou av\u00f2tman.","publisher":{"@id":"https:\/\/floridareprofreedom.org\/#organization"},"potentialAction":[{"@type":"SearchAction","target":{"@type":"EntryPoint","urlTemplate":"https:\/\/floridareprofreedom.org\/?s={search_term_string}"},"query-input":{"@type":"PropertyValueSpecification","valueRequired":true,"valueName":"search_term_string"}}],"inLanguage":"ht"},{"@type":"Organization","@id":"https:\/\/floridareprofreedom.org\/#organization","name":"Floridyen pou Lib\u00e8te Repwodiktif","url":"https:\/\/floridareprofreedom.org\/","logo":{"@type":"ImageObject","inLanguage":"ht","@id":"https:\/\/floridareprofreedom.org\/#\/schema\/logo\/image\/","url":"https:\/\/floridareprofreedom.org\/wp-content\/uploads\/2019\/05\/Untitled.jpg","contentUrl":"https:\/\/floridareprofreedom.org\/wp-content\/uploads\/2019\/05\/Untitled.jpg","width":174,"height":180,"caption":"Floridians for Reproductive Freedom"},"image":{"@id":"https:\/\/floridareprofreedom.org\/#\/schema\/logo\/image\/"},"sameAs":["https:\/\/www.facebook.com\/FloridaReproFreedom\/","https:\/\/x.com\/FLReproFreedom","https:\/\/www.instagram.com\/floridareprofreedom\/"]}]}},"_links":{"self":[{"href":"https:\/\/floridareprofreedom.org\/ht\/wp-json\/wp\/v2\/pages\/3183","targetHints":{"allow":["GET"]}}],"collection":[{"href":"https:\/\/floridareprofreedom.org\/ht\/wp-json\/wp\/v2\/pages"}],"about":[{"href":"https:\/\/floridareprofreedom.org\/ht\/wp-json\/wp\/v2\/types\/page"}],"author":[{"embeddable":true,"href":"https:\/\/floridareprofreedom.org\/ht\/wp-json\/wp\/v2\/users\/7"}],"replies":[{"embeddable":true,"href":"https:\/\/floridareprofreedom.org\/ht\/wp-json\/wp\/v2\/comments?post=3183"}],"version-history":[{"count":1,"href":"https:\/\/floridareprofreedom.org\/ht\/wp-json\/wp\/v2\/pages\/3183\/revisions"}],"predecessor-version":[{"id":3184,"href":"https:\/\/floridareprofreedom.org\/ht\/wp-json\/wp\/v2\/pages\/3183\/revisions\/3184"}],"up":[{"embeddable":true,"href":"https:\/\/floridareprofreedom.org\/ht\/wp-json\/wp\/v2\/pages\/3142"}],"wp:attachment":[{"href":"https:\/\/floridareprofreedom.org\/ht\/wp-json\/wp\/v2\/media?parent=3183"}],"wp:term":[{"taxonomy":"folder","embeddable":true,"href":"https:\/\/floridareprofreedom.org\/ht\/wp-json\/wp\/v2\/folder?post=3183"}],"curies":[{"name":"wp","href":"https:\/\/api.w.org\/{rel}","templated":true}]}}