{"id":3194,"date":"2024-01-02T23:09:09","date_gmt":"2024-01-02T23:09:09","guid":{"rendered":"https:\/\/floridareprofreedom.org\/?page_id=3194"},"modified":"2024-01-02T23:09:09","modified_gmt":"2024-01-02T23:09:09","slug":"sitwayen-ameriken","status":"publish","type":"page","link":"https:\/\/floridareprofreedom.org\/ht\/judicialbypass\/egzansyon-jidisye-an-florid\/sitwayen-ameriken\/","title":{"rendered":"\u00c8ske mwen dwe yon Ameriken pou mwen fe yon av\u00f2tman? E si mwen pa pale angl\u00e8 byen?"},"content":{"rendered":"<p><span style=\"font-weight: 400;\">Ou pa gen pou jwenn yon etranje pou jwenn yon av\u00f2tman ak yo pap kontakte imigrasyon Ameriken an. Gen k\u00e8k tribinal id ki genyen mande w pou yon fason an ki pa mande. Si ou pa gen papye epi ou pa gen yon kat idantite gouv\u00e8nman an, asire w ke ou gen yon bagay ki ka idantite w.<\/span><\/p>\n<p><span style=\"font-weight: 400;\">Ou ka jwenn yon jidisy\u00e8 egzansyon k\u00e8lkeswa si ou pale angle oswa ou pa pale angle a byen. Gen tradikt\u00e8 kap disponib.<\/span><\/p>","protected":false},"excerpt":{"rendered":"<p>Ou pa oblije yon sitwayen Ameriken pou jwenn yon av\u00f2tman et yo pap kontakte imigrasyon Ameriken an. Gen k\u00e8k tribinal ki mande w pou yon kat idantite e nan menm fason an genyen ki pa mande. Si ou pa gen papye epi ou pa gen yon kat idantite gouv\u00e8nman, asire w ke ou gen yon [&hellip;]<\/p>\n","protected":false},"author":7,"featured_media":0,"parent":3142,"menu_order":0,"comment_status":"closed","ping_status":"closed","template":"","meta":{"footnotes":""},"folder":[35,8],"class_list":["post-3194","page","type-page","status-publish","hentry"],"yoast_head":"<!-- This site is optimized with the Yoast SEO plugin v27.3 - https:\/\/yoast.com\/product\/yoast-seo-wordpress\/ -->\n<title>\u00c8ske mwen dwe yon sitwayen Ameriken pou mwen fe yon av\u00f2tman? E si mwen pa pale angl\u00e8 byen? - Floridians For Reproductive Freedom<\/title>\n<meta name=\"description\" content=\"Ou pa oblije yon sitwayen Ameriken pou jwenn yon av\u00f2tman et yo pap kontakte imigrasyon Ameriken an.\" \/>\n<meta name=\"robots\" content=\"index, follow, max-snippet:-1, max-image-preview:large, max-video-preview:-1\" \/>\n<link rel=\"canonical\" href=\"https:\/\/floridareprofreedom.org\/ht\/kontouneman-jidisye\/egzansyon-jidisye-an-florid\/sitwayen-ameriken\/\" \/>\n<meta property=\"og:locale\" content=\"ht_HT\" \/>\n<meta property=\"og:type\" content=\"article\" \/>\n<meta property=\"og:title\" content=\"\u00c8ske mwen dwe yon sitwayen Ameriken pou mwen fe yon av\u00f2tman? E si mwen pa pale angl\u00e8 byen? - Floridians For Reproductive Freedom\" \/>\n<meta property=\"og:description\" content=\"Ou pa oblije yon sitwayen Ameriken pou jwenn yon av\u00f2tman et yo pap kontakte imigrasyon Ameriken an.\" \/>\n<meta property=\"og:url\" content=\"https:\/\/floridareprofreedom.org\/ht\/kontouneman-jidisye\/egzansyon-jidisye-an-florid\/sitwayen-ameriken\/\" \/>\n<meta property=\"og:site_name\" content=\"Floridians For Reproductive Freedom\" \/>\n<meta property=\"article:publisher\" content=\"https:\/\/www.facebook.com\/FloridaReproFreedom\/\" \/>\n<meta name=\"twitter:card\" content=\"summary_large_image\" \/>\n<meta name=\"twitter:site\" content=\"@FLReproFreedom\" \/>\n<meta name=\"twitter:label1\" content=\"Est. reading time\" \/>\n\t<meta name=\"twitter:data1\" content=\"1 minute\" \/>\n<script type=\"application\/ld+json\" class=\"yoast-schema-graph\">{\"@context\":\"https:\\\/\\\/schema.org\",\"@graph\":[{\"@type\":\"WebPage\",\"@id\":\"https:\\\/\\\/floridareprofreedom.org\\\/judicialbypass\\\/egzansyon-jidisye-an-florid\\\/sitwayen-ameriken\\\/\",\"url\":\"https:\\\/\\\/floridareprofreedom.org\\\/judicialbypass\\\/egzansyon-jidisye-an-florid\\\/sitwayen-ameriken\\\/\",\"name\":\"\u00c8ske mwen dwe yon sitwayen Ameriken pou mwen fe yon av\u00f2tman? E si mwen pa pale angl\u00e8 byen? - Floridians For Reproductive Freedom\",\"isPartOf\":{\"@id\":\"https:\\\/\\\/floridareprofreedom.org\\\/#website\"},\"datePublished\":\"2024-01-02T23:09:09+00:00\",\"description\":\"Ou pa oblije yon sitwayen Ameriken pou jwenn yon av\u00f2tman et yo pap kontakte imigrasyon Ameriken an.\",\"breadcrumb\":{\"@id\":\"https:\\\/\\\/floridareprofreedom.org\\\/judicialbypass\\\/egzansyon-jidisye-an-florid\\\/sitwayen-ameriken\\\/#breadcrumb\"},\"inLanguage\":\"ht\",\"potentialAction\":[{\"@type\":\"ReadAction\",\"target\":[\"https:\\\/\\\/floridareprofreedom.org\\\/judicialbypass\\\/egzansyon-jidisye-an-florid\\\/sitwayen-ameriken\\\/\"]}]},{\"@type\":\"BreadcrumbList\",\"@id\":\"https:\\\/\\\/floridareprofreedom.org\\\/judicialbypass\\\/egzansyon-jidisye-an-florid\\\/sitwayen-ameriken\\\/#breadcrumb\",\"itemListElement\":[{\"@type\":\"ListItem\",\"position\":1,\"name\":\"Home\",\"item\":\"https:\\\/\\\/floridareprofreedom.org\\\/\"},{\"@type\":\"ListItem\",\"position\":2,\"name\":\"Judicial Bypass in Florida\",\"item\":\"https:\\\/\\\/floridareprofreedom.org\\\/judicialbypass\\\/\"},{\"@type\":\"ListItem\",\"position\":3,\"name\":\"Egzansyon Jidisy\u00e8 an Florid\",\"item\":\"https:\\\/\\\/floridareprofreedom.org\\\/judicialbypass\\\/egzansyon-jidisye-an-florid\\\/\"},{\"@type\":\"ListItem\",\"position\":4,\"name\":\"\u00c8ske mwen dwe yon sitwayen Ameriken pou mwen fe yon av\u00f2tman? E si mwen pa pale angl\u00e8 byen?\"}]},{\"@type\":\"WebSite\",\"@id\":\"https:\\\/\\\/floridareprofreedom.org\\\/#website\",\"url\":\"https:\\\/\\\/floridareprofreedom.org\\\/\",\"name\":\"Floridians For Reproductive Freedom\",\"description\":\"Advocating for convenient, affordable, and safe access to reproductive health care, including abortion.\",\"publisher\":{\"@id\":\"https:\\\/\\\/floridareprofreedom.org\\\/#organization\"},\"potentialAction\":[{\"@type\":\"SearchAction\",\"target\":{\"@type\":\"EntryPoint\",\"urlTemplate\":\"https:\\\/\\\/floridareprofreedom.org\\\/?s={search_term_string}\"},\"query-input\":{\"@type\":\"PropertyValueSpecification\",\"valueRequired\":true,\"valueName\":\"search_term_string\"}}],\"inLanguage\":\"ht\"},{\"@type\":\"Organization\",\"@id\":\"https:\\\/\\\/floridareprofreedom.org\\\/#organization\",\"name\":\"Floridians for Reproductive Freedom\",\"url\":\"https:\\\/\\\/floridareprofreedom.org\\\/\",\"logo\":{\"@type\":\"ImageObject\",\"inLanguage\":\"ht\",\"@id\":\"https:\\\/\\\/floridareprofreedom.org\\\/#\\\/schema\\\/logo\\\/image\\\/\",\"url\":\"https:\\\/\\\/floridareprofreedom.org\\\/wp-content\\\/uploads\\\/2019\\\/05\\\/Untitled.jpg\",\"contentUrl\":\"https:\\\/\\\/floridareprofreedom.org\\\/wp-content\\\/uploads\\\/2019\\\/05\\\/Untitled.jpg\",\"width\":174,\"height\":180,\"caption\":\"Floridians for Reproductive Freedom\"},\"image\":{\"@id\":\"https:\\\/\\\/floridareprofreedom.org\\\/#\\\/schema\\\/logo\\\/image\\\/\"},\"sameAs\":[\"https:\\\/\\\/www.facebook.com\\\/FloridaReproFreedom\\\/\",\"https:\\\/\\\/x.com\\\/FLReproFreedom\",\"https:\\\/\\\/www.instagram.com\\\/floridareprofreedom\\\/\"]}]}<\/script>\n<!-- \/ Yoast SEO plugin. -->","yoast_head_json":{"title":"\u00c8ske mwen dwe yon enf\u00f2masyon Ameriken pou mwen fe yon av\u00f2tman? E si mwen pa pale angl\u00e8 byen? - Floridyen Pou Lib\u00e8te Repwodiksyon","description":"Ou pa gen pou yon l\u00f2t Ameriken pou jwenn yon av\u00f2tman ak yo pap kontakte imigrasyon Ameriken an.","robots":{"index":"index","follow":"follow","max-snippet":"max-snippet:-1","max-image-preview":"max-image-preview:large","max-video-preview":"max-video-preview:-1"},"canonical":"https:\/\/floridareprofreedom.org\/ht\/kontouneman-jidisye\/egzansyon-jidisye-an-florid\/sitwayen-ameriken\/","og_locale":"ht_HT","og_type":"article","og_title":"\u00c8ske mwen dwe yon sitwayen Ameriken pou mwen fe yon av\u00f2tman? E si mwen pa pale angl\u00e8 byen? - Floridians For Reproductive Freedom","og_description":"Ou pa oblije yon sitwayen Ameriken pou jwenn yon av\u00f2tman et yo pap kontakte imigrasyon Ameriken an.","og_url":"https:\/\/floridareprofreedom.org\/ht\/kontouneman-jidisye\/egzansyon-jidisye-an-florid\/sitwayen-ameriken\/","og_site_name":"Floridians For Reproductive Freedom","article_publisher":"https:\/\/www.facebook.com\/FloridaReproFreedom\/","twitter_card":"summary_large_image","twitter_site":"@FLReproFreedom","twitter_misc":{"Est. reading time":"1 minute"},"schema":{"@context":"https:\/\/schema.org","@graph":[{"@type":"WebPage","@id":"https:\/\/floridareprofreedom.org\/judicialbypass\/egzansyon-jidisye-an-florid\/sitwayen-ameriken\/","url":"https:\/\/floridareprofreedom.org\/judicialbypass\/egzansyon-jidisye-an-florid\/sitwayen-ameriken\/","name":"\u00c8ske mwen dwe yon enf\u00f2masyon Ameriken pou mwen fe yon av\u00f2tman? E si mwen pa pale angl\u00e8 byen? - Floridyen Pou Lib\u00e8te Repwodiksyon","isPartOf":{"@id":"https:\/\/floridareprofreedom.org\/#website"},"datePublished":"2024-01-02T23:09:09+00:00","description":"Ou pa gen pou yon l\u00f2t Ameriken pou jwenn yon av\u00f2tman ak yo pap kontakte imigrasyon Ameriken an.","breadcrumb":{"@id":"https:\/\/floridareprofreedom.org\/judicialbypass\/egzansyon-jidisye-an-florid\/sitwayen-ameriken\/#breadcrumb"},"inLanguage":"ht","potentialAction":[{"@type":"ReadAction","target":["https:\/\/floridareprofreedom.org\/judicialbypass\/egzansyon-jidisye-an-florid\/sitwayen-ameriken\/"]}]},{"@type":"BreadcrumbList","@id":"https:\/\/floridareprofreedom.org\/judicialbypass\/egzansyon-jidisye-an-florid\/sitwayen-ameriken\/#breadcrumb","itemListElement":[{"@type":"ListItem","position":1,"name":"Home","item":"https:\/\/floridareprofreedom.org\/"},{"@type":"ListItem","position":2,"name":"Judicial Bypass in Florida","item":"https:\/\/floridareprofreedom.org\/judicialbypass\/"},{"@type":"ListItem","position":3,"name":"Egzansyon Jidisy\u00e8 an Florid","item":"https:\/\/floridareprofreedom.org\/judicialbypass\/egzansyon-jidisye-an-florid\/"},{"@type":"ListItem","position":4,"name":"\u00c8ske mwen dwe yon sitwayen Ameriken pou mwen fe yon av\u00f2tman? E si mwen pa pale angl\u00e8 byen?"}]},{"@type":"WebSite","@id":"https:\/\/floridareprofreedom.org\/#website","url":"https:\/\/floridareprofreedom.org\/","name":"Floridyen pou lib\u00e8te repwodiktif","description":"Ap defann aks\u00e8 pratik, ab\u00f2dab, epi an sekirite a swen sante repwodiktif, tankou av\u00f2tman.","publisher":{"@id":"https:\/\/floridareprofreedom.org\/#organization"},"potentialAction":[{"@type":"SearchAction","target":{"@type":"EntryPoint","urlTemplate":"https:\/\/floridareprofreedom.org\/?s={search_term_string}"},"query-input":{"@type":"PropertyValueSpecification","valueRequired":true,"valueName":"search_term_string"}}],"inLanguage":"ht"},{"@type":"Organization","@id":"https:\/\/floridareprofreedom.org\/#organization","name":"Floridyen pou Lib\u00e8te Repwodiktif","url":"https:\/\/floridareprofreedom.org\/","logo":{"@type":"ImageObject","inLanguage":"ht","@id":"https:\/\/floridareprofreedom.org\/#\/schema\/logo\/image\/","url":"https:\/\/floridareprofreedom.org\/wp-content\/uploads\/2019\/05\/Untitled.jpg","contentUrl":"https:\/\/floridareprofreedom.org\/wp-content\/uploads\/2019\/05\/Untitled.jpg","width":174,"height":180,"caption":"Floridians for Reproductive Freedom"},"image":{"@id":"https:\/\/floridareprofreedom.org\/#\/schema\/logo\/image\/"},"sameAs":["https:\/\/www.facebook.com\/FloridaReproFreedom\/","https:\/\/x.com\/FLReproFreedom","https:\/\/www.instagram.com\/floridareprofreedom\/"]}]}},"_links":{"self":[{"href":"https:\/\/floridareprofreedom.org\/ht\/wp-json\/wp\/v2\/pages\/3194","targetHints":{"allow":["GET"]}}],"collection":[{"href":"https:\/\/floridareprofreedom.org\/ht\/wp-json\/wp\/v2\/pages"}],"about":[{"href":"https:\/\/floridareprofreedom.org\/ht\/wp-json\/wp\/v2\/types\/page"}],"author":[{"embeddable":true,"href":"https:\/\/floridareprofreedom.org\/ht\/wp-json\/wp\/v2\/users\/7"}],"replies":[{"embeddable":true,"href":"https:\/\/floridareprofreedom.org\/ht\/wp-json\/wp\/v2\/comments?post=3194"}],"version-history":[{"count":1,"href":"https:\/\/floridareprofreedom.org\/ht\/wp-json\/wp\/v2\/pages\/3194\/revisions"}],"predecessor-version":[{"id":3195,"href":"https:\/\/floridareprofreedom.org\/ht\/wp-json\/wp\/v2\/pages\/3194\/revisions\/3195"}],"up":[{"embeddable":true,"href":"https:\/\/floridareprofreedom.org\/ht\/wp-json\/wp\/v2\/pages\/3142"}],"wp:attachment":[{"href":"https:\/\/floridareprofreedom.org\/ht\/wp-json\/wp\/v2\/media?parent=3194"}],"wp:term":[{"taxonomy":"folder","embeddable":true,"href":"https:\/\/floridareprofreedom.org\/ht\/wp-json\/wp\/v2\/folder?post=3194"}],"curies":[{"name":"wp","href":"https:\/\/api.w.org\/{rel}","templated":true}]}}