{"id":416,"date":"2019-05-31T16:08:44","date_gmt":"2019-05-31T16:08:44","guid":{"rendered":"https:\/\/floridareprofreedom.org\/?page_id=416"},"modified":"2019-06-03T16:05:09","modified_gmt":"2019-06-03T16:05:09","slug":"avotman-4","status":"publish","type":"page","link":"https:\/\/floridareprofreedom.org\/ht\/abortion-2\/","title":{"rendered":"Av\u00f2tman"},"content":{"rendered":"<h2>Viv yon vi ki an sekirite e ki an sante se yon dwa fondamantal \u2013 menm jan ak lib\u00e8te pou defini pw\u00f2p chemen pa nou.<\/h2>\n<p>Nou pa vr\u00e8man lib si nou pa ka pran pw\u00f2p desizyon nou sou k\u00f2 nou, lavi nou, ak avni nou\u2014kit se di non a avans seksy\u00e8l endezirab, non a yon gwos\u00e8s ki pa te planifye, oswa wi pou vin paran. L\u00e8 yon moun deside f\u00e8 yon av\u00f2tman, li ta dwe an sekirite, ab\u00f2dab, epi san pinisyon oswa jijman. Desizyon sou si wi ou non ak ki l\u00e8 pou vin paran se youn nan desizyon ki pi enp\u00f2tan nou pran nan lavi a. L\u00e8 moun ka pran desizyon ki pi bon pou lavi yo, fanmi yo pwospere epi nou bati kominote kote chak nan nou ka patisipe av\u00e8k diyite.<\/p>\n<h2>Toupatou nan peyi a, politisyen kont av\u00f2tman yo ap travay pou pouse swen av\u00f2tman yon kote moun pa ka rive jwenn li oubyen ent\u00e8di li n\u00e8t.<\/h2>\n<p>Ekstremis nan Lejislati Florid la vote restriksyon ki pa neses\u00e8 medikalman e ki motive pa politik, sa kreye yon rezo bary\u00e8 ki pouse swen av\u00f2tman ki an sekirite e ab\u00f2dab andey\u00f2 aks\u00e8, sitou pou fanm p\u00f2v, j\u00e8n moun ak moun de koul\u00e8. Yo eseye vote lwa ki f\u00f2se founis\u00e8 swen sante yo bay pasyan yo manti; f\u00f2se fanm yo ale nan plizy\u00e8 randevou ki pa neses\u00e8 medikalman; epi egzije pasyan yo sibi pwosedi ki pa neses\u00e8 medikalman e pafwa ki anvayisan. Lwa ki egzije estanda konstriksyon ki pi sev\u00e8 pou founis\u00e8 av\u00f2tman pase l\u00f2t founis\u00e8 swen sante yo se yon tantativ flagran pou lak\u00f2z klinik yo f\u00e8men.<\/p>\n<p>F\u00f2se yon moun pote yon gwos\u00e8s ka gen konsekans devastat\u00e8 ak dirab pou yon fanm ak fanmi li. <a href=\"https:\/\/www.ansirh.org\/resources\/issue-briefs\">Etid<\/a> montre yon fanm ki pa resevwa swen pou av\u00f2tman gen plis chans pou tonbe nan povrete pase yon fanm ki resevwa swen li bezwen an. Apre yo fin refize yon av\u00f2tman, yon fanm gen twa fwa plis chans pou l pa gen travay pase yon fanm ki te kapab jwenn swen pou av\u00f2tman. Yon l\u00f2t b\u00f2, fanm ki kapab jwenn swen pou av\u00f2tman, konpare ak sa yo ki pa resevwa swen pou av\u00f2tman, gen sis fwa plis chans pou yo gen plan pozitif pou lavi epi pou yo reyalize yo.<\/p>","protected":false},"excerpt":{"rendered":"<p>Living a safe and healthy life is a basic right \u2013 as is the freedom to define our own path. We aren\u2019t truly free if we cannot make our own decisions about our bodies, our lives, and our futures\u2014whether that is saying no to unwanted sexual advances, no to an unintended pregnancy, or yes to [&hellip;]<\/p>\n","protected":false},"author":3,"featured_media":0,"parent":0,"menu_order":0,"comment_status":"closed","ping_status":"closed","template":"","meta":{"footnotes":""},"folder":[],"class_list":["post-416","page","type-page","status-publish","hentry"],"yoast_head":"<!-- This site is optimized with the Yoast SEO plugin v27.4 - https:\/\/yoast.com\/product\/yoast-seo-wordpress\/ -->\n<title>Abortion - Floridians For Reproductive Freedom<\/title>\n<meta name=\"robots\" content=\"index, follow, max-snippet:-1, max-image-preview:large, max-video-preview:-1\" \/>\n<link rel=\"canonical\" href=\"https:\/\/floridareprofreedom.org\/ht\/avotman-4\/\" \/>\n<meta property=\"og:locale\" content=\"ht_HT\" \/>\n<meta property=\"og:type\" content=\"article\" \/>\n<meta property=\"og:title\" content=\"Abortion - Floridians For Reproductive Freedom\" \/>\n<meta property=\"og:description\" content=\"Living a safe and healthy life is a basic right \u2013 as is the freedom to define our own path. We aren\u2019t truly free if we cannot make our own decisions about our bodies, our lives, and our futures\u2014whether that is saying no to unwanted sexual advances, no to an unintended pregnancy, or yes to [&hellip;]\" \/>\n<meta property=\"og:url\" content=\"https:\/\/floridareprofreedom.org\/ht\/avotman-4\/\" \/>\n<meta property=\"og:site_name\" content=\"Floridians For Reproductive Freedom\" \/>\n<meta property=\"article:publisher\" content=\"https:\/\/www.facebook.com\/FloridaReproFreedom\/\" \/>\n<meta property=\"article:modified_time\" content=\"2019-06-03T16:05:09+00:00\" \/>\n<meta name=\"twitter:card\" content=\"summary_large_image\" \/>\n<meta name=\"twitter:site\" content=\"@FLReproFreedom\" \/>\n<meta name=\"twitter:label1\" content=\"Est. reading time\" \/>\n\t<meta name=\"twitter:data1\" content=\"2 minutes\" \/>\n<script type=\"application\/ld+json\" class=\"yoast-schema-graph\">{\"@context\":\"https:\\\/\\\/schema.org\",\"@graph\":[{\"@type\":\"WebPage\",\"@id\":\"https:\\\/\\\/floridareprofreedom.org\\\/abortion-2\\\/\",\"url\":\"https:\\\/\\\/floridareprofreedom.org\\\/abortion-2\\\/\",\"name\":\"Abortion - Floridians For Reproductive Freedom\",\"isPartOf\":{\"@id\":\"https:\\\/\\\/floridareprofreedom.org\\\/#website\"},\"datePublished\":\"2019-05-31T16:08:44+00:00\",\"dateModified\":\"2019-06-03T16:05:09+00:00\",\"breadcrumb\":{\"@id\":\"https:\\\/\\\/floridareprofreedom.org\\\/abortion-2\\\/#breadcrumb\"},\"inLanguage\":\"ht\",\"potentialAction\":[{\"@type\":\"ReadAction\",\"target\":[\"https:\\\/\\\/floridareprofreedom.org\\\/abortion-2\\\/\"]}]},{\"@type\":\"BreadcrumbList\",\"@id\":\"https:\\\/\\\/floridareprofreedom.org\\\/abortion-2\\\/#breadcrumb\",\"itemListElement\":[{\"@type\":\"ListItem\",\"position\":1,\"name\":\"Home\",\"item\":\"https:\\\/\\\/floridareprofreedom.org\\\/\"},{\"@type\":\"ListItem\",\"position\":2,\"name\":\"Abortion\"}]},{\"@type\":\"WebSite\",\"@id\":\"https:\\\/\\\/floridareprofreedom.org\\\/#website\",\"url\":\"https:\\\/\\\/floridareprofreedom.org\\\/\",\"name\":\"Floridians For Reproductive Freedom\",\"description\":\"Advocating for convenient, affordable, and safe access to reproductive health care, including abortion.\",\"publisher\":{\"@id\":\"https:\\\/\\\/floridareprofreedom.org\\\/#organization\"},\"potentialAction\":[{\"@type\":\"SearchAction\",\"target\":{\"@type\":\"EntryPoint\",\"urlTemplate\":\"https:\\\/\\\/floridareprofreedom.org\\\/?s={search_term_string}\"},\"query-input\":{\"@type\":\"PropertyValueSpecification\",\"valueRequired\":true,\"valueName\":\"search_term_string\"}}],\"inLanguage\":\"ht\"},{\"@type\":\"Organization\",\"@id\":\"https:\\\/\\\/floridareprofreedom.org\\\/#organization\",\"name\":\"Floridians for Reproductive Freedom\",\"url\":\"https:\\\/\\\/floridareprofreedom.org\\\/\",\"logo\":{\"@type\":\"ImageObject\",\"inLanguage\":\"ht\",\"@id\":\"https:\\\/\\\/floridareprofreedom.org\\\/#\\\/schema\\\/logo\\\/image\\\/\",\"url\":\"https:\\\/\\\/floridareprofreedom.org\\\/wp-content\\\/uploads\\\/2019\\\/05\\\/Untitled.jpg\",\"contentUrl\":\"https:\\\/\\\/floridareprofreedom.org\\\/wp-content\\\/uploads\\\/2019\\\/05\\\/Untitled.jpg\",\"width\":174,\"height\":180,\"caption\":\"Floridians for Reproductive Freedom\"},\"image\":{\"@id\":\"https:\\\/\\\/floridareprofreedom.org\\\/#\\\/schema\\\/logo\\\/image\\\/\"},\"sameAs\":[\"https:\\\/\\\/www.facebook.com\\\/FloridaReproFreedom\\\/\",\"https:\\\/\\\/x.com\\\/FLReproFreedom\",\"https:\\\/\\\/www.instagram.com\\\/floridareprofreedom\\\/\"]}]}<\/script>\n<!-- \/ Yoast SEO plugin. -->","yoast_head_json":{"title":"Av\u00f2tman - Floridyen pou lib\u00e8te repwodiktif","robots":{"index":"index","follow":"follow","max-snippet":"max-snippet:-1","max-image-preview":"max-image-preview:large","max-video-preview":"max-video-preview:-1"},"canonical":"https:\/\/floridareprofreedom.org\/ht\/avotman-4\/","og_locale":"ht_HT","og_type":"article","og_title":"Abortion - Floridians For Reproductive Freedom","og_description":"Living a safe and healthy life is a basic right \u2013 as is the freedom to define our own path. We aren\u2019t truly free if we cannot make our own decisions about our bodies, our lives, and our futures\u2014whether that is saying no to unwanted sexual advances, no to an unintended pregnancy, or yes to [&hellip;]","og_url":"https:\/\/floridareprofreedom.org\/ht\/avotman-4\/","og_site_name":"Floridians For Reproductive Freedom","article_publisher":"https:\/\/www.facebook.com\/FloridaReproFreedom\/","article_modified_time":"2019-06-03T16:05:09+00:00","twitter_card":"summary_large_image","twitter_site":"@FLReproFreedom","twitter_misc":{"Est. reading time":"2 minutes"},"schema":{"@context":"https:\/\/schema.org","@graph":[{"@type":"WebPage","@id":"https:\/\/floridareprofreedom.org\/abortion-2\/","url":"https:\/\/floridareprofreedom.org\/abortion-2\/","name":"Av\u00f2tman - Floridyen pou lib\u00e8te repwodiktif","isPartOf":{"@id":"https:\/\/floridareprofreedom.org\/#website"},"datePublished":"2019-05-31T16:08:44+00:00","dateModified":"2019-06-03T16:05:09+00:00","breadcrumb":{"@id":"https:\/\/floridareprofreedom.org\/abortion-2\/#breadcrumb"},"inLanguage":"ht","potentialAction":[{"@type":"ReadAction","target":["https:\/\/floridareprofreedom.org\/abortion-2\/"]}]},{"@type":"BreadcrumbList","@id":"https:\/\/floridareprofreedom.org\/abortion-2\/#breadcrumb","itemListElement":[{"@type":"ListItem","position":1,"name":"Home","item":"https:\/\/floridareprofreedom.org\/"},{"@type":"ListItem","position":2,"name":"Abortion"}]},{"@type":"WebSite","@id":"https:\/\/floridareprofreedom.org\/#website","url":"https:\/\/floridareprofreedom.org\/","name":"Floridyen pou lib\u00e8te repwodiktif","description":"Ap defann aks\u00e8 pratik, ab\u00f2dab, epi an sekirite a swen sante repwodiktif, tankou av\u00f2tman.","publisher":{"@id":"https:\/\/floridareprofreedom.org\/#organization"},"potentialAction":[{"@type":"SearchAction","target":{"@type":"EntryPoint","urlTemplate":"https:\/\/floridareprofreedom.org\/?s={search_term_string}"},"query-input":{"@type":"PropertyValueSpecification","valueRequired":true,"valueName":"search_term_string"}}],"inLanguage":"ht"},{"@type":"Organization","@id":"https:\/\/floridareprofreedom.org\/#organization","name":"Floridyen pou Lib\u00e8te Repwodiktif","url":"https:\/\/floridareprofreedom.org\/","logo":{"@type":"ImageObject","inLanguage":"ht","@id":"https:\/\/floridareprofreedom.org\/#\/schema\/logo\/image\/","url":"https:\/\/floridareprofreedom.org\/wp-content\/uploads\/2019\/05\/Untitled.jpg","contentUrl":"https:\/\/floridareprofreedom.org\/wp-content\/uploads\/2019\/05\/Untitled.jpg","width":174,"height":180,"caption":"Floridians for Reproductive Freedom"},"image":{"@id":"https:\/\/floridareprofreedom.org\/#\/schema\/logo\/image\/"},"sameAs":["https:\/\/www.facebook.com\/FloridaReproFreedom\/","https:\/\/x.com\/FLReproFreedom","https:\/\/www.instagram.com\/floridareprofreedom\/"]}]}},"_links":{"self":[{"href":"https:\/\/floridareprofreedom.org\/ht\/wp-json\/wp\/v2\/pages\/416","targetHints":{"allow":["GET"]}}],"collection":[{"href":"https:\/\/floridareprofreedom.org\/ht\/wp-json\/wp\/v2\/pages"}],"about":[{"href":"https:\/\/floridareprofreedom.org\/ht\/wp-json\/wp\/v2\/types\/page"}],"author":[{"embeddable":true,"href":"https:\/\/floridareprofreedom.org\/ht\/wp-json\/wp\/v2\/users\/3"}],"replies":[{"embeddable":true,"href":"https:\/\/floridareprofreedom.org\/ht\/wp-json\/wp\/v2\/comments?post=416"}],"version-history":[{"count":2,"href":"https:\/\/floridareprofreedom.org\/ht\/wp-json\/wp\/v2\/pages\/416\/revisions"}],"predecessor-version":[{"id":651,"href":"https:\/\/floridareprofreedom.org\/ht\/wp-json\/wp\/v2\/pages\/416\/revisions\/651"}],"wp:attachment":[{"href":"https:\/\/floridareprofreedom.org\/ht\/wp-json\/wp\/v2\/media?parent=416"}],"wp:term":[{"taxonomy":"folder","embeddable":true,"href":"https:\/\/floridareprofreedom.org\/ht\/wp-json\/wp\/v2\/folder?post=416"}],"curies":[{"name":"wp","href":"https:\/\/api.w.org\/{rel}","templated":true}]}}