{"id":432,"date":"2019-02-18T21:31:12","date_gmt":"2019-02-18T21:31:12","guid":{"rendered":"https:\/\/floridareprofreedom.org\/?page_id=432"},"modified":"2023-08-17T14:48:27","modified_gmt":"2023-08-17T14:48:27","slug":"avotman","status":"publish","type":"page","link":"https:\/\/floridareprofreedom.org\/ht\/abortion\/","title":{"rendered":"Av\u00f2tman se swen sante"},"content":{"rendered":"<h4><em><a href=\"https:\/\/floridareprofreedom.org\/ht\/avotman-legal-nan-florid\/\"><strong>Ap ch\u00e8che yon moun k ap f\u00e8 av\u00f2tman? Klike la a.<\/strong><\/a><\/em><\/h4>\n<h4><strong>Nou pran swen fanmi nou l\u00e8 nou pran swen t\u00e8t nou.<\/strong><\/h4>\n<h4><strong><img fetchpriority=\"high\" decoding=\"async\" class=\"size-medium wp-image-489 alignleft\" src=\"https:\/\/floridareprofreedom.org\/wp-content\/uploads\/2019\/02\/acare-billboard-300x200.jpg\" alt=\"\" width=\"300\" height=\"200\" srcset=\"https:\/\/floridareprofreedom.org\/wp-content\/uploads\/2019\/02\/acare-billboard-300x200.jpg 300w, https:\/\/floridareprofreedom.org\/wp-content\/uploads\/2019\/02\/acare-billboard.jpg 600w\" sizes=\"(max-width: 300px) 100vw, 300px\" \/><\/strong><strong>Sante ak sekirite se dwa fondamantal \u2013 menm jan ak lib\u00e8te pou defini pw\u00f2p chemen pa nou.<\/strong><\/h4>\n<p>Floridyen yo pa vr\u00e8man lib si nou pa ka pran pw\u00f2p desizyon nou sou k\u00f2 nou, lavi nou, ak avni nou\u2014kit se di non a avans seksy\u00e8l endezirab, non a yon gwos\u00e8s ki pa te planifye, oswa wi pou vin paran. L\u00e8 yon moun deside f\u00e8 yon av\u00f2tman, li ta dwe an sekirite, ab\u00f2dab, epi san pinisyon oswa jijman.<\/p>\n<h4><strong>Toupatou nan peyi a ak nan Florid, politisyen kont av\u00f2tman yo ap travay pou pouse swen av\u00f2tman yon kote moun pa ka rive jwenn li oswa ent\u00e8di li n\u00e8t.<\/strong><\/h4>\n<p><img decoding=\"async\" class=\"alignright\" src=\"\/wp-content\/uploads\/2019\/02\/oneinfour-1.jpg\" width=\"250\" height=\"250\" \/>Chak ane, lejislat\u00e8 kont av\u00f2tman yo ap pouse pwoj\u00e8 lwa ak restriksyon ki pa neses\u00e8 medikalman e ki motive politikman. Yo vle kreye yon rezo bary\u00e8 ki anpeche swen av\u00f2tman ki an sekirite e ab\u00f2dab, sitou pou moun ki gen ti revni, j\u00e8n moun ak moun de koul\u00e8. Ef\u00f2 sa yo kow\u00f2done sou nivo nasyonal k\u00f2m yon pati nan yon ajanda pou finalman, ti kras pa ti kras, ent\u00e8di av\u00f2tman n\u00e8t.<\/p>\n<p>Lejislat\u00e8 kont av\u00f2tman yo vote oubyen eseye vote lwa ki kopye l\u00f2t eta ki f\u00f2se founis\u00e8 swen sante yo bay pasyan yo manti; f\u00f2se pasyan yo ale nan plizy\u00e8 randevou ki pa neses\u00e8 pou rezon medikal; epi egzije pasyan yo sibi pwosedi ki pa neses\u00e8 pou rezon medikal e pafwa ki anvayisan. Lwa ki egzije estanda konstriksyon ki pi sev\u00e8 pou founis\u00e8 av\u00f2tman pase l\u00f2t founis\u00e8 swen sante yo se yon tantativ flagran pou lak\u00f2z klinik nan Florid f\u00e8men. Kounye a, 70% nan konte Florid yo pa gen okenn founis\u00e8 ki ofri av\u00f2tman.<\/p>\n<h4><strong>F\u00f2se yon moun pote yon gwos\u00e8s ka gen konsekans devastat\u00e8 ak dirab.<\/strong><\/h4>\n<p><img decoding=\"async\" class=\"size-medium wp-image-484 alignleft\" src=\"https:\/\/floridareprofreedom.org\/wp-content\/uploads\/2019\/02\/acare-1-1-300x300.jpg\" alt=\"\" width=\"300\" height=\"300\" srcset=\"https:\/\/floridareprofreedom.org\/wp-content\/uploads\/2019\/02\/acare-1-1-300x300.jpg 300w, https:\/\/floridareprofreedom.org\/wp-content\/uploads\/2019\/02\/acare-1-1-150x150.jpg 150w, https:\/\/floridareprofreedom.org\/wp-content\/uploads\/2019\/02\/acare-1-1-768x768.jpg 768w, https:\/\/floridareprofreedom.org\/wp-content\/uploads\/2019\/02\/acare-1-1.jpg 800w\" sizes=\"(max-width: 300px) 100vw, 300px\" \/>Etid yo montre l\u00e8 yon moun pa jwenn swen pou av\u00f2tman, li gen plis chans pou l tonbe nan povrete pase moun ki resevwa swen li bezwen an. Apre yo fin refize yon av\u00f2tman, yon moun gen twa fwa plis chans pou l pa gen travay pase yon moun ki te kapab jwenn swen pou av\u00f2tman. Yon l\u00f2t b\u00f2, moun ki kapab jwenn swen pou av\u00f2tman, konpare ak moun ki pa jwenn swen, gen sis fwa plis chans pou yo gen plan pozitif pou lavi epi pou yo reyalize yo.<\/p>\n<div class=\"row bottom-buffer\">\n<div class=\"col-md-9\">\n<h4><strong>Li l\u00e8 pou nou pale f\u00f2 epi pou nou leve kanpe pou asire ke swen av\u00f2tman av\u00e8k diyite ak resp\u00e8 disponib nan kominote Florid yo \u2014 epi pou nou mete yon fen nan restriksyon ki baze sou laj, idantite, oswa kote nou rete a.<\/strong><\/h4>\n<p>Kowalisyon Floridyen pou Lib\u00e8te Repwodiktif la ap kreye yon avni ki pwoteje swen av\u00f2tman, ki defann dwa fondamantal ak jistis, epi ki respekte fason nou pran desizyon. N ap mobilize s\u00e8t sou dis Floridyen ki sip\u00f2te av\u00f2tman legal pou kontinye mete presyon sou tribinal nou yo, Lejislati a, ak Gouv\u00e8n\u00e8 a. Vin jwenn nou pou ranf\u00f2se pwoteksyon pou dwa av\u00f2tman epi pou sispann plis atak sou aks\u00e8 a av\u00f2tman. Enskri kounye a pou resevwa al\u00e8t aksyon ak enf\u00f2masyon sou kijan pou w konekte ak mouvman nou an.<\/p>\n<\/div>\n<\/div>\n<h4><strong>Nou bezwen ou patisipe. Vin jwenn mouvman pou lib\u00e8te repwodiktif ak dwa av\u00f2tman jodi a.<\/strong><\/h4>\n<p><a href=\"https:\/\/progressflorida.actionkit.com\/signup\/frf-grassroots-signup\" target=\"_blank\" rel=\"noopener\"><button>Enskri pou patisipe<\/button><\/a><\/p>","protected":false},"excerpt":{"rendered":"<p>Seeking an abortion provider? Click here. We take care of our families by taking care of ourselves. Health and safety are basic rights \u2013 as is the freedom to define our own path. Floridians aren\u2019t truly free if we can\u2019t make our own decisions about our bodies, our lives, and our futures\u2014whether that is saying [&hellip;]<\/p>\n","protected":false},"author":4,"featured_media":0,"parent":0,"menu_order":0,"comment_status":"closed","ping_status":"closed","template":"","meta":{"footnotes":""},"folder":[],"class_list":["post-432","page","type-page","status-publish","hentry"],"yoast_head":"<!-- This site is optimized with the Yoast SEO plugin v27.3 - https:\/\/yoast.com\/product\/yoast-seo-wordpress\/ -->\n<title>Abortion is Health Care - Floridians For Reproductive Freedom<\/title>\n<meta name=\"robots\" content=\"index, follow, max-snippet:-1, max-image-preview:large, max-video-preview:-1\" \/>\n<link rel=\"canonical\" href=\"https:\/\/floridareprofreedom.org\/ht\/avotman\/\" \/>\n<meta property=\"og:locale\" content=\"ht_HT\" \/>\n<meta property=\"og:type\" content=\"article\" \/>\n<meta property=\"og:title\" content=\"Abortion is Health Care - Floridians For Reproductive Freedom\" \/>\n<meta property=\"og:description\" content=\"Seeking an abortion provider? Click here. We take care of our families by taking care of ourselves. Health and safety are basic rights \u2013 as is the freedom to define our own path. Floridians aren\u2019t truly free if we can\u2019t make our own decisions about our bodies, our lives, and our futures\u2014whether that is saying [&hellip;]\" \/>\n<meta property=\"og:url\" content=\"https:\/\/floridareprofreedom.org\/ht\/avotman\/\" \/>\n<meta property=\"og:site_name\" content=\"Floridians For Reproductive Freedom\" \/>\n<meta property=\"article:publisher\" content=\"https:\/\/www.facebook.com\/FloridaReproFreedom\/\" \/>\n<meta property=\"article:modified_time\" content=\"2023-08-17T14:48:27+00:00\" \/>\n<meta property=\"og:image\" content=\"https:\/\/floridareprofreedom.org\/wp-content\/uploads\/2019\/02\/acare-billboard-300x200.jpg\" \/>\n<meta name=\"twitter:card\" content=\"summary_large_image\" \/>\n<meta name=\"twitter:site\" content=\"@FLReproFreedom\" \/>\n<meta name=\"twitter:label1\" content=\"Est. reading time\" \/>\n\t<meta name=\"twitter:data1\" content=\"3 minutes\" \/>\n<script type=\"application\/ld+json\" class=\"yoast-schema-graph\">{\"@context\":\"https:\\\/\\\/schema.org\",\"@graph\":[{\"@type\":\"WebPage\",\"@id\":\"https:\\\/\\\/floridareprofreedom.org\\\/abortion\\\/\",\"url\":\"https:\\\/\\\/floridareprofreedom.org\\\/abortion\\\/\",\"name\":\"Abortion is Health Care - Floridians For Reproductive Freedom\",\"isPartOf\":{\"@id\":\"https:\\\/\\\/floridareprofreedom.org\\\/#website\"},\"primaryImageOfPage\":{\"@id\":\"https:\\\/\\\/floridareprofreedom.org\\\/abortion\\\/#primaryimage\"},\"image\":{\"@id\":\"https:\\\/\\\/floridareprofreedom.org\\\/abortion\\\/#primaryimage\"},\"thumbnailUrl\":\"https:\\\/\\\/floridareprofreedom.org\\\/wp-content\\\/uploads\\\/2019\\\/02\\\/acare-billboard-300x200.jpg\",\"datePublished\":\"2019-02-18T21:31:12+00:00\",\"dateModified\":\"2023-08-17T14:48:27+00:00\",\"breadcrumb\":{\"@id\":\"https:\\\/\\\/floridareprofreedom.org\\\/abortion\\\/#breadcrumb\"},\"inLanguage\":\"ht\",\"potentialAction\":[{\"@type\":\"ReadAction\",\"target\":[\"https:\\\/\\\/floridareprofreedom.org\\\/abortion\\\/\"]}]},{\"@type\":\"ImageObject\",\"inLanguage\":\"ht\",\"@id\":\"https:\\\/\\\/floridareprofreedom.org\\\/abortion\\\/#primaryimage\",\"url\":\"https:\\\/\\\/floridareprofreedom.org\\\/wp-content\\\/uploads\\\/2019\\\/02\\\/acare-billboard-300x200.jpg\",\"contentUrl\":\"https:\\\/\\\/floridareprofreedom.org\\\/wp-content\\\/uploads\\\/2019\\\/02\\\/acare-billboard-300x200.jpg\"},{\"@type\":\"BreadcrumbList\",\"@id\":\"https:\\\/\\\/floridareprofreedom.org\\\/abortion\\\/#breadcrumb\",\"itemListElement\":[{\"@type\":\"ListItem\",\"position\":1,\"name\":\"Home\",\"item\":\"https:\\\/\\\/floridareprofreedom.org\\\/\"},{\"@type\":\"ListItem\",\"position\":2,\"name\":\"Abortion is Health Care\"}]},{\"@type\":\"WebSite\",\"@id\":\"https:\\\/\\\/floridareprofreedom.org\\\/#website\",\"url\":\"https:\\\/\\\/floridareprofreedom.org\\\/\",\"name\":\"Floridians For Reproductive Freedom\",\"description\":\"Advocating for convenient, affordable, and safe access to reproductive health care, including abortion.\",\"publisher\":{\"@id\":\"https:\\\/\\\/floridareprofreedom.org\\\/#organization\"},\"potentialAction\":[{\"@type\":\"SearchAction\",\"target\":{\"@type\":\"EntryPoint\",\"urlTemplate\":\"https:\\\/\\\/floridareprofreedom.org\\\/?s={search_term_string}\"},\"query-input\":{\"@type\":\"PropertyValueSpecification\",\"valueRequired\":true,\"valueName\":\"search_term_string\"}}],\"inLanguage\":\"ht\"},{\"@type\":\"Organization\",\"@id\":\"https:\\\/\\\/floridareprofreedom.org\\\/#organization\",\"name\":\"Floridians for Reproductive Freedom\",\"url\":\"https:\\\/\\\/floridareprofreedom.org\\\/\",\"logo\":{\"@type\":\"ImageObject\",\"inLanguage\":\"ht\",\"@id\":\"https:\\\/\\\/floridareprofreedom.org\\\/#\\\/schema\\\/logo\\\/image\\\/\",\"url\":\"https:\\\/\\\/floridareprofreedom.org\\\/wp-content\\\/uploads\\\/2019\\\/05\\\/Untitled.jpg\",\"contentUrl\":\"https:\\\/\\\/floridareprofreedom.org\\\/wp-content\\\/uploads\\\/2019\\\/05\\\/Untitled.jpg\",\"width\":174,\"height\":180,\"caption\":\"Floridians for Reproductive Freedom\"},\"image\":{\"@id\":\"https:\\\/\\\/floridareprofreedom.org\\\/#\\\/schema\\\/logo\\\/image\\\/\"},\"sameAs\":[\"https:\\\/\\\/www.facebook.com\\\/FloridaReproFreedom\\\/\",\"https:\\\/\\\/x.com\\\/FLReproFreedom\",\"https:\\\/\\\/www.instagram.com\\\/floridareprofreedom\\\/\"]}]}<\/script>\n<!-- \/ Yoast SEO plugin. -->","yoast_head_json":{"title":"Av\u00f2tman se Swen Sante - Floridyen Pou Lib\u00e8te Repwodiktif","robots":{"index":"index","follow":"follow","max-snippet":"max-snippet:-1","max-image-preview":"max-image-preview:large","max-video-preview":"max-video-preview:-1"},"canonical":"https:\/\/floridareprofreedom.org\/ht\/avotman\/","og_locale":"ht_HT","og_type":"article","og_title":"Abortion is Health Care - Floridians For Reproductive Freedom","og_description":"Seeking an abortion provider? Click here. We take care of our families by taking care of ourselves. Health and safety are basic rights \u2013 as is the freedom to define our own path. Floridians aren\u2019t truly free if we can\u2019t make our own decisions about our bodies, our lives, and our futures\u2014whether that is saying [&hellip;]","og_url":"https:\/\/floridareprofreedom.org\/ht\/avotman\/","og_site_name":"Floridians For Reproductive Freedom","article_publisher":"https:\/\/www.facebook.com\/FloridaReproFreedom\/","article_modified_time":"2023-08-17T14:48:27+00:00","og_image":[{"url":"https:\/\/floridareprofreedom.org\/wp-content\/uploads\/2019\/02\/acare-billboard-300x200.jpg","type":"","width":"","height":""}],"twitter_card":"summary_large_image","twitter_site":"@FLReproFreedom","twitter_misc":{"Est. reading time":"3 minutes"},"schema":{"@context":"https:\/\/schema.org","@graph":[{"@type":"WebPage","@id":"https:\/\/floridareprofreedom.org\/abortion\/","url":"https:\/\/floridareprofreedom.org\/abortion\/","name":"Av\u00f2tman se Swen Sante - Floridyen Pou Lib\u00e8te Repwodiktif","isPartOf":{"@id":"https:\/\/floridareprofreedom.org\/#website"},"primaryImageOfPage":{"@id":"https:\/\/floridareprofreedom.org\/abortion\/#primaryimage"},"image":{"@id":"https:\/\/floridareprofreedom.org\/abortion\/#primaryimage"},"thumbnailUrl":"https:\/\/floridareprofreedom.org\/wp-content\/uploads\/2019\/02\/acare-billboard-300x200.jpg","datePublished":"2019-02-18T21:31:12+00:00","dateModified":"2023-08-17T14:48:27+00:00","breadcrumb":{"@id":"https:\/\/floridareprofreedom.org\/abortion\/#breadcrumb"},"inLanguage":"ht","potentialAction":[{"@type":"ReadAction","target":["https:\/\/floridareprofreedom.org\/abortion\/"]}]},{"@type":"ImageObject","inLanguage":"ht","@id":"https:\/\/floridareprofreedom.org\/abortion\/#primaryimage","url":"https:\/\/floridareprofreedom.org\/wp-content\/uploads\/2019\/02\/acare-billboard-300x200.jpg","contentUrl":"https:\/\/floridareprofreedom.org\/wp-content\/uploads\/2019\/02\/acare-billboard-300x200.jpg"},{"@type":"BreadcrumbList","@id":"https:\/\/floridareprofreedom.org\/abortion\/#breadcrumb","itemListElement":[{"@type":"ListItem","position":1,"name":"Home","item":"https:\/\/floridareprofreedom.org\/"},{"@type":"ListItem","position":2,"name":"Abortion is Health Care"}]},{"@type":"WebSite","@id":"https:\/\/floridareprofreedom.org\/#website","url":"https:\/\/floridareprofreedom.org\/","name":"Floridyen pou lib\u00e8te repwodiktif","description":"Ap defann aks\u00e8 pratik, ab\u00f2dab, epi an sekirite a swen sante repwodiktif, tankou av\u00f2tman.","publisher":{"@id":"https:\/\/floridareprofreedom.org\/#organization"},"potentialAction":[{"@type":"SearchAction","target":{"@type":"EntryPoint","urlTemplate":"https:\/\/floridareprofreedom.org\/?s={search_term_string}"},"query-input":{"@type":"PropertyValueSpecification","valueRequired":true,"valueName":"search_term_string"}}],"inLanguage":"ht"},{"@type":"Organization","@id":"https:\/\/floridareprofreedom.org\/#organization","name":"Floridyen pou Lib\u00e8te Repwodiktif","url":"https:\/\/floridareprofreedom.org\/","logo":{"@type":"ImageObject","inLanguage":"ht","@id":"https:\/\/floridareprofreedom.org\/#\/schema\/logo\/image\/","url":"https:\/\/floridareprofreedom.org\/wp-content\/uploads\/2019\/05\/Untitled.jpg","contentUrl":"https:\/\/floridareprofreedom.org\/wp-content\/uploads\/2019\/05\/Untitled.jpg","width":174,"height":180,"caption":"Floridians for Reproductive Freedom"},"image":{"@id":"https:\/\/floridareprofreedom.org\/#\/schema\/logo\/image\/"},"sameAs":["https:\/\/www.facebook.com\/FloridaReproFreedom\/","https:\/\/x.com\/FLReproFreedom","https:\/\/www.instagram.com\/floridareprofreedom\/"]}]}},"_links":{"self":[{"href":"https:\/\/floridareprofreedom.org\/ht\/wp-json\/wp\/v2\/pages\/432","targetHints":{"allow":["GET"]}}],"collection":[{"href":"https:\/\/floridareprofreedom.org\/ht\/wp-json\/wp\/v2\/pages"}],"about":[{"href":"https:\/\/floridareprofreedom.org\/ht\/wp-json\/wp\/v2\/types\/page"}],"author":[{"embeddable":true,"href":"https:\/\/floridareprofreedom.org\/ht\/wp-json\/wp\/v2\/users\/4"}],"replies":[{"embeddable":true,"href":"https:\/\/floridareprofreedom.org\/ht\/wp-json\/wp\/v2\/comments?post=432"}],"version-history":[{"count":56,"href":"https:\/\/floridareprofreedom.org\/ht\/wp-json\/wp\/v2\/pages\/432\/revisions"}],"predecessor-version":[{"id":2895,"href":"https:\/\/floridareprofreedom.org\/ht\/wp-json\/wp\/v2\/pages\/432\/revisions\/2895"}],"wp:attachment":[{"href":"https:\/\/floridareprofreedom.org\/ht\/wp-json\/wp\/v2\/media?parent=432"}],"wp:term":[{"taxonomy":"folder","embeddable":true,"href":"https:\/\/floridareprofreedom.org\/ht\/wp-json\/wp\/v2\/folder?post=432"}],"curies":[{"name":"wp","href":"https:\/\/api.w.org\/{rel}","templated":true}]}}