{"id":490,"date":"2019-02-28T14:10:16","date_gmt":"2019-02-28T14:10:16","guid":{"rendered":"https:\/\/floridareprofreedom.org\/?page_id=490"},"modified":"2019-03-07T16:11:44","modified_gmt":"2019-03-07T16:11:44","slug":"avotman-3","status":"publish","type":"page","link":"https:\/\/floridareprofreedom.org\/ht\/aborto\/","title":{"rendered":"Yon av\u00f2tman ki sekirize ak ka jwenn swen medikal"},"content":{"rendered":"<div class=\"row bottom-buffer\" style=\"background: #eee;\">\n<div class=\"col-md-4\" style=\"padding: 1.5em;\"><img decoding=\"async\" src=\"\/wp-content\/uploads\/2019\/02\/acare-2.jpg\" \/><\/div>\n<div class=\"col-md-8\" style=\"padding: 1.5em;\">\n<h4><strong>Las mujeres cuidan mejor de sus familias cuando se cuidan a s\u00ed mismas.<\/strong><\/h4>\n<h4>Gen aks\u00e8 a yon av\u00f2tman sekirite ak legal se yon pati nan sist\u00e8m nan swen sante moun yo. Una de cuatro mujeres se realiza uno. Convertirnos en padres se yon desizyon ki pi enp\u00f2tan nan lavi nou yo. Cuando somos libres de tomar las mejores decisiones para nuestro diario vivir, nuestras familias progresan y participan con dignidad e igualdad de comunidades floridanas m\u00e1s fuertes e inclusivas.<\/h4>\n<\/div>\n<\/div>\n<h4><strong>La salud y la seguridad son derechos b\u00e1sicos, tal como lo es la libertad de poder definir nuestro propio camino.<\/strong><\/h4>\n<p>Los floridanos no son del todo libres si pa gen autonom\u00eda corporal y si pa kapab decide sobre sus vidas o futuros, ya sea rechazando avances sexuales, dici\u00e9ndole \u201cno\u201d a un embarazo no deseado, oswa senpleman ak yon \u201cs\u00ed\u201d a convertise in padres. L\u00e8 yon moun deside f\u00e8 yon av\u00f2tman, li menm dwe yon moun ki asire, asekible ak lib de criminalizaci\u00f3n o prejuicios.<\/p>\n<h4><strong>Nan tout peyi a ak Florid, politik anti-derechos yo te travay difisil pou ent\u00e8di aksede yon av\u00f2tman legal, ki sekirize epi ki disponib.<\/strong><\/h4>\n<p><img fetchpriority=\"high\" decoding=\"async\" class=\"alignright\" src=\"\/wp-content\/uploads\/2019\/03\/oneinfour-espanol.jpg\" width=\"250\" height=\"250\" \/>Chak ane, legisladores anti-derechos promueven proyectos de ley que buscan implementar restricciones m\u00e9dicas y pol\u00edticas que son innecesarias.Han estado ocupados create a red de barreras para que el aborto seguro sea inaccessible para las mujeres pobres, la gente joven y las personas de color. Dicho esfuerzos son coordinados a level national as part of a agenda, finality is prohibir for complete el derecho al aborto safe and legal. <\/p>\n<p>Lejislat\u00e8 anti-av\u00f2tman yo prezante py\u00e8s lejislasyon yo oswa trate de imitasyon lejislasyon l\u00f2t eta yo ki obligatwa ak founis\u00e8 yo nan sante yo nan men yo nan pasyan yo, epitou pou yo f\u00f2se fanm yo ak asistans nan plizy\u00e8 citas medikal yo mande yo ke se k\u00e8k tan nan pwosedi medikal ki neses\u00e8 yo ak envazi. Leyes que requiren penalities or standardes more altos for the providers of aborto that no las have other providers of salud, son otro entansyon flagrante pou ke las klinik yo gen pou f\u00e8men p\u00f2t piblik yo. Kounye a, gen 70 moun nan kondat\u00e8 Florid yo pa gen s\u00e8vis av\u00f2tman. <\/p>\n<h4><strong>Oblije yon p\u00e8sonalite a mennen yon t\u00e8m nan yon gwos\u00e8s pa vle gen dwa dejar heridas emosyon\u00e8l devastadoras ak duraderas en las mujeres y su familia.<\/strong><\/h4>\n<p>Estudios demuestran ke l\u00e8 yon fanm se le niega el derecho de obtenci\u00f3n de un aborto seguro, se mucho m\u00e1s probable que termine en la pobreza que una que recibe asistencia m\u00e9dica. Por otro lado, mujeres que reciben servicios de interrupci\u00f3n de embarazo an comparaison ak las que pa resevwa asistans la, son six fois plus propens a achieve sus metas ya llevar una vida m\u00e1s positiva.<\/p>\n<div class=\"row bottom-buffer\">\n<div class=\"col-md-3\"><img decoding=\"async\" src=\"\/wp-content\/uploads\/2019\/03\/acare-1-espanol.jpg\" \/><\/div>\n<div class=\"col-md-9\">\n<h4><strong>Se moman pou alzar nuestra voz y decir presente para asegurarnos que el aborto seguro y legal es un derecho disponible para las comunidades en Florida. Se moman pou mete restriksyon ki baze sou laj, idantite oswa k\u00f2d postal kote viv.<\/strong><\/h4>\n<p>The Floridians for Reproductive Freedom se yon koalisyon ki gen misyon pou kreye yon avni ki pwoteje aks\u00e8 ak s\u00e8vis av\u00f2tman asirans, ki defann dwa fondamantal jistis ak resp\u00e8 pwosesis endividy\u00e8l yo pran desizyon yo. N ap deplase 7 nan 10 floridans ke respaldan av\u00f2tman legal pou kontinye f\u00e8 presyon sou sist\u00e8m jidisy\u00e8, lejislat\u00e8 ak gouv\u00e8n\u00e8 a. \u00danase a nuestros esfuerzos de fortalecer las protecciones existentes del aborto y detener ataques adicionales. Pwouve done yo pou resevwa al\u00e8t, demann aksyon ak enf\u00f2masyon sou k\u00f2man entegre nan mouvman an.<\/p>\n<\/div>\n<\/div>\n<form class=\"action_form\" accept-charset=\"utf-8\" action=\"https:\/\/act.progressflorida.org\/act\/\" method=\"POST\" name=\"act\"><input name=\"page\" type=\"hidden\" value=\"frf-grassroots\" \/><\/p>\n<div class=\"form-row\">\n<div class=\"field-group col-md-6\"><label for=\"id_first_name\"><br \/>\nNon<span class=\"ak-required-flag\">*<\/span><br \/>\n<\/label><br \/>\n<input id=\"id_first_name\" class=\"form-control\" name=\"first_name\" type=\"text\" \/><\/div>\n<div class=\"field-group col-md-6\"><label for=\"id_last_name\"><br \/>\nNon fanmi<span class=\"ak-required-flag\">*<\/span><br \/>\n<\/label><br \/>\n<input id=\"id_last_name\" class=\"form-control\" name=\"last_name\" type=\"text\" \/><\/div>\n<\/div>\n<div class=\"field-group\"><label for=\"id_email\"><br \/>\nLap\u00f2s Elektwonik<span class=\"ak-required-flag\">*<\/span><br \/>\n<\/label><br \/>\n<input id=\"id_email\" class=\"form-control\" name=\"email\" type=\"text\" \/><\/div>\n<div class=\"field-group\"><label for=\"id_address1\"><br \/>\nDireksyon<br \/>\n<\/label><br \/>\n<input id=\"id_address1\" class=\"form-control\" name=\"address1\" type=\"text\" \/><\/div>\n<div class=\"form-row\">\n<div class=\"field-group col-md-6\"><label for=\"id_city\"><br \/>\nVil<br \/>\n<\/label><br \/>\n<input id=\"id_city\" class=\"form-control\" name=\"city\" type=\"text\" \/><\/div>\n<div class=\"field-group col-md-4\"><label for=\"id_state\"><br \/>\nEta<br \/>\n<\/label><br \/>\n<select id=\"id_state\" class=\"form-control\" name=\"state\"><option value=\"\">Eta<\/option><option value=\"AL\">Alabama<\/option><option value=\"AK\">Alaska<\/option><option value=\"AZ\">Arizona<\/option><option value=\"AR\">Arkansas<\/option><option value=\"CA\">Kalif\u00f2ni<\/option><option value=\"CO\">Kolorado<\/option><option value=\"CT\">Kon\u00e8ktik\u00e8t<\/option><option value=\"DE\">Delaware<\/option><option value=\"DC\">Distri Kolonbi<\/option><option value=\"FL\">Florid<\/option><option value=\"GA\">J\u00f2ji<\/option><option value=\"HI\">Awayi<\/option><option value=\"ID\">Idaho<\/option><option value=\"IL\">Ilinwa<\/option><option value=\"IN\">Indiana<\/option><option value=\"IA\">Iowa<\/option><option value=\"KS\">Kansas<\/option><option value=\"KY\">Kentucky<\/option><option value=\"LA\">Lwizyana<\/option><option value=\"ME\">Maine<\/option><option value=\"MD\">Maryland<\/option><option value=\"MA\">Masachous\u00e8t<\/option><option value=\"MI\">Michigan<\/option><option value=\"MN\">Minnesota<\/option><option value=\"MS\">Misisipi<\/option><option value=\"MO\">Misouri<\/option><option value=\"MT\">Montana<\/option><option value=\"NE\">Nebraska<\/option><option value=\"NV\">Nevada<\/option><option value=\"NH\">Nouv\u00e8l Anpshire<\/option><option value=\"NJ\">Nou J\u00e8si<\/option><option value=\"NM\">Nouvo Meksik<\/option><option value=\"NY\">Nouy\u00f2k<\/option><option value=\"NC\">Karolin di N\u00f2<\/option><option value=\"ND\">Dakota Din\u00f2<\/option><option value=\"OH\">Ohio<\/option><option value=\"OK\">Oklahoma<\/option><option value=\"OR\">Oregon<\/option><option value=\"PA\">Pennsilvani<\/option><option value=\"RI\">Rhode Island<\/option><option value=\"SC\">Karolin disid<\/option><option value=\"SD\">Dakota disid<\/option><option value=\"TN\">Tennessee<\/option><option value=\"TX\">Teksas<\/option><option value=\"UT\">Utah<\/option><option value=\"VT\">V\u00e8mont<\/option><option value=\"VA\">Vijini<\/option><option value=\"WA\">Wachintonn<\/option><option value=\"DC\">Wachint\u00f2n, DC<\/option><option value=\"WV\">Vijini Lw\u00e8s<\/option><option value=\"WI\">Wisconsin<\/option><option value=\"WY\">Wyoming<\/option><\/select><\/div>\n<div class=\"field-group col-md-2\"><label for=\"id_zip\"><br \/>\nK\u00f2d Postal<span class=\"ak-required-flag\">*<\/span><br \/>\n<\/label><br \/>\n<input id=\"id_zip\" class=\"form-control\" name=\"zip\" type=\"text\" \/><\/div>\n<\/div>\n<div class=\"field-group\"><label for=\"id_phone\"><br \/>\nTelef\u00f2n<br \/>\n<\/label><br \/>\n<input id=\"id_phone\" class=\"form-control\" name=\"phone\" type=\"text\" \/><\/div>\n<p><input name=\"country\" type=\"hidden\" value=\"United States\" \/><\/p>\n<p><button class=\"btn\" type=\"submit\">Enskri<\/button><br \/>\n<small class=\"text-muted\"><br \/>\nAl proveer my information personal otorgo consentimiento a Floridians For Reproductive Freedom and your aliados for that me contacten about this u other futures campaigns.<br \/>\n<\/small><\/p>\n<\/form>","protected":false},"excerpt":{"rendered":"<p>Las mujeres cuidan mejor de sus familias cuando se cuidan a s\u00ed mismas. Tener acceso a un aborto seguro y legal es parte del sistema de cuidado de salud de los individuos. Una de cuatro mujeres se realiza uno. Convertirnos en padres es una de las decisiones m\u00e1s importantes de nuestras vidas. Cuando somos libres [&hellip;]<\/p>\n","protected":false},"author":4,"featured_media":0,"parent":0,"menu_order":0,"comment_status":"closed","ping_status":"closed","template":"","meta":{"footnotes":""},"folder":[],"class_list":["post-490","page","type-page","status-publish","hentry"],"yoast_head":"<!-- This site is optimized with the Yoast SEO plugin v27.4 - https:\/\/yoast.com\/product\/yoast-seo-wordpress\/ -->\n<title>Un aborto seguro y accesible es cuidado m\u00e9dico - Floridians For Reproductive Freedom<\/title>\n<meta name=\"robots\" content=\"index, follow, max-snippet:-1, max-image-preview:large, max-video-preview:-1\" \/>\n<link rel=\"canonical\" href=\"https:\/\/floridareprofreedom.org\/ht\/avotman-3\/\" \/>\n<meta property=\"og:locale\" content=\"ht_HT\" \/>\n<meta property=\"og:type\" content=\"article\" \/>\n<meta property=\"og:title\" content=\"Un aborto seguro y accesible es cuidado m\u00e9dico - Floridians For Reproductive Freedom\" \/>\n<meta property=\"og:description\" content=\"Las mujeres cuidan mejor de sus familias cuando se cuidan a s\u00ed mismas. Tener acceso a un aborto seguro y legal es parte del sistema de cuidado de salud de los individuos. Una de cuatro mujeres se realiza uno. Convertirnos en padres es una de las decisiones m\u00e1s importantes de nuestras vidas. Cuando somos libres [&hellip;]\" \/>\n<meta property=\"og:url\" content=\"https:\/\/floridareprofreedom.org\/ht\/avotman-3\/\" \/>\n<meta property=\"og:site_name\" content=\"Floridians For Reproductive Freedom\" \/>\n<meta property=\"article:publisher\" content=\"https:\/\/www.facebook.com\/FloridaReproFreedom\/\" \/>\n<meta property=\"article:modified_time\" content=\"2019-03-07T16:11:44+00:00\" \/>\n<meta property=\"og:image\" content=\"https:\/\/floridareprofreedom.org\/wp-content\/uploads\/2019\/02\/acare-2.jpg\" \/>\n<meta name=\"twitter:card\" content=\"summary_large_image\" \/>\n<meta name=\"twitter:site\" content=\"@FLReproFreedom\" \/>\n<meta name=\"twitter:label1\" content=\"Est. reading time\" \/>\n\t<meta name=\"twitter:data1\" content=\"4 minutes\" \/>\n<script type=\"application\/ld+json\" class=\"yoast-schema-graph\">{\"@context\":\"https:\\\/\\\/schema.org\",\"@graph\":[{\"@type\":\"WebPage\",\"@id\":\"https:\\\/\\\/floridareprofreedom.org\\\/aborto\\\/\",\"url\":\"https:\\\/\\\/floridareprofreedom.org\\\/aborto\\\/\",\"name\":\"Un aborto seguro y accesible es cuidado m\u00e9dico - Floridians For Reproductive Freedom\",\"isPartOf\":{\"@id\":\"https:\\\/\\\/floridareprofreedom.org\\\/#website\"},\"datePublished\":\"2019-02-28T14:10:16+00:00\",\"dateModified\":\"2019-03-07T16:11:44+00:00\",\"breadcrumb\":{\"@id\":\"https:\\\/\\\/floridareprofreedom.org\\\/aborto\\\/#breadcrumb\"},\"inLanguage\":\"ht\",\"potentialAction\":[{\"@type\":\"ReadAction\",\"target\":[\"https:\\\/\\\/floridareprofreedom.org\\\/aborto\\\/\"]}]},{\"@type\":\"BreadcrumbList\",\"@id\":\"https:\\\/\\\/floridareprofreedom.org\\\/aborto\\\/#breadcrumb\",\"itemListElement\":[{\"@type\":\"ListItem\",\"position\":1,\"name\":\"Home\",\"item\":\"https:\\\/\\\/floridareprofreedom.org\\\/\"},{\"@type\":\"ListItem\",\"position\":2,\"name\":\"Un aborto seguro y accesible es cuidado m\u00e9dico\"}]},{\"@type\":\"WebSite\",\"@id\":\"https:\\\/\\\/floridareprofreedom.org\\\/#website\",\"url\":\"https:\\\/\\\/floridareprofreedom.org\\\/\",\"name\":\"Floridians For Reproductive Freedom\",\"description\":\"Advocating for convenient, affordable, and safe access to reproductive health care, including abortion.\",\"publisher\":{\"@id\":\"https:\\\/\\\/floridareprofreedom.org\\\/#organization\"},\"potentialAction\":[{\"@type\":\"SearchAction\",\"target\":{\"@type\":\"EntryPoint\",\"urlTemplate\":\"https:\\\/\\\/floridareprofreedom.org\\\/?s={search_term_string}\"},\"query-input\":{\"@type\":\"PropertyValueSpecification\",\"valueRequired\":true,\"valueName\":\"search_term_string\"}}],\"inLanguage\":\"ht\"},{\"@type\":\"Organization\",\"@id\":\"https:\\\/\\\/floridareprofreedom.org\\\/#organization\",\"name\":\"Floridians for Reproductive Freedom\",\"url\":\"https:\\\/\\\/floridareprofreedom.org\\\/\",\"logo\":{\"@type\":\"ImageObject\",\"inLanguage\":\"ht\",\"@id\":\"https:\\\/\\\/floridareprofreedom.org\\\/#\\\/schema\\\/logo\\\/image\\\/\",\"url\":\"https:\\\/\\\/floridareprofreedom.org\\\/wp-content\\\/uploads\\\/2019\\\/05\\\/Untitled.jpg\",\"contentUrl\":\"https:\\\/\\\/floridareprofreedom.org\\\/wp-content\\\/uploads\\\/2019\\\/05\\\/Untitled.jpg\",\"width\":174,\"height\":180,\"caption\":\"Floridians for Reproductive Freedom\"},\"image\":{\"@id\":\"https:\\\/\\\/floridareprofreedom.org\\\/#\\\/schema\\\/logo\\\/image\\\/\"},\"sameAs\":[\"https:\\\/\\\/www.facebook.com\\\/FloridaReproFreedom\\\/\",\"https:\\\/\\\/x.com\\\/FLReproFreedom\",\"https:\\\/\\\/www.instagram.com\\\/floridareprofreedom\\\/\"]}]}<\/script>\n<!-- \/ Yoast SEO plugin. -->","yoast_head_json":{"title":"Un aborto seguro y accesible es cuidado m\u00e9dico - Floridians For Reproductive Freedom","robots":{"index":"index","follow":"follow","max-snippet":"max-snippet:-1","max-image-preview":"max-image-preview:large","max-video-preview":"max-video-preview:-1"},"canonical":"https:\/\/floridareprofreedom.org\/ht\/avotman-3\/","og_locale":"ht_HT","og_type":"article","og_title":"Un aborto seguro y accesible es cuidado m\u00e9dico - Floridians For Reproductive Freedom","og_description":"Las mujeres cuidan mejor de sus familias cuando se cuidan a s\u00ed mismas. Tener acceso a un aborto seguro y legal es parte del sistema de cuidado de salud de los individuos. Una de cuatro mujeres se realiza uno. Convertirnos en padres es una de las decisiones m\u00e1s importantes de nuestras vidas. Cuando somos libres [&hellip;]","og_url":"https:\/\/floridareprofreedom.org\/ht\/avotman-3\/","og_site_name":"Floridians For Reproductive Freedom","article_publisher":"https:\/\/www.facebook.com\/FloridaReproFreedom\/","article_modified_time":"2019-03-07T16:11:44+00:00","og_image":[{"url":"https:\/\/floridareprofreedom.org\/wp-content\/uploads\/2019\/02\/acare-2.jpg","type":"","width":"","height":""}],"twitter_card":"summary_large_image","twitter_site":"@FLReproFreedom","twitter_misc":{"Est. reading time":"4 minutes"},"schema":{"@context":"https:\/\/schema.org","@graph":[{"@type":"WebPage","@id":"https:\/\/floridareprofreedom.org\/aborto\/","url":"https:\/\/floridareprofreedom.org\/aborto\/","name":"Un aborto seguro y accesible es cuidado m\u00e9dico - Floridians For Reproductive Freedom","isPartOf":{"@id":"https:\/\/floridareprofreedom.org\/#website"},"datePublished":"2019-02-28T14:10:16+00:00","dateModified":"2019-03-07T16:11:44+00:00","breadcrumb":{"@id":"https:\/\/floridareprofreedom.org\/aborto\/#breadcrumb"},"inLanguage":"ht","potentialAction":[{"@type":"ReadAction","target":["https:\/\/floridareprofreedom.org\/aborto\/"]}]},{"@type":"BreadcrumbList","@id":"https:\/\/floridareprofreedom.org\/aborto\/#breadcrumb","itemListElement":[{"@type":"ListItem","position":1,"name":"Home","item":"https:\/\/floridareprofreedom.org\/"},{"@type":"ListItem","position":2,"name":"Un aborto seguro y accesible es cuidado m\u00e9dico"}]},{"@type":"WebSite","@id":"https:\/\/floridareprofreedom.org\/#website","url":"https:\/\/floridareprofreedom.org\/","name":"Floridyen pou lib\u00e8te repwodiktif","description":"Ap defann aks\u00e8 pratik, ab\u00f2dab, epi an sekirite a swen sante repwodiktif, tankou av\u00f2tman.","publisher":{"@id":"https:\/\/floridareprofreedom.org\/#organization"},"potentialAction":[{"@type":"SearchAction","target":{"@type":"EntryPoint","urlTemplate":"https:\/\/floridareprofreedom.org\/?s={search_term_string}"},"query-input":{"@type":"PropertyValueSpecification","valueRequired":true,"valueName":"search_term_string"}}],"inLanguage":"ht"},{"@type":"Organization","@id":"https:\/\/floridareprofreedom.org\/#organization","name":"Floridyen pou Lib\u00e8te Repwodiktif","url":"https:\/\/floridareprofreedom.org\/","logo":{"@type":"ImageObject","inLanguage":"ht","@id":"https:\/\/floridareprofreedom.org\/#\/schema\/logo\/image\/","url":"https:\/\/floridareprofreedom.org\/wp-content\/uploads\/2019\/05\/Untitled.jpg","contentUrl":"https:\/\/floridareprofreedom.org\/wp-content\/uploads\/2019\/05\/Untitled.jpg","width":174,"height":180,"caption":"Floridians for Reproductive Freedom"},"image":{"@id":"https:\/\/floridareprofreedom.org\/#\/schema\/logo\/image\/"},"sameAs":["https:\/\/www.facebook.com\/FloridaReproFreedom\/","https:\/\/x.com\/FLReproFreedom","https:\/\/www.instagram.com\/floridareprofreedom\/"]}]}},"_links":{"self":[{"href":"https:\/\/floridareprofreedom.org\/ht\/wp-json\/wp\/v2\/pages\/490","targetHints":{"allow":["GET"]}}],"collection":[{"href":"https:\/\/floridareprofreedom.org\/ht\/wp-json\/wp\/v2\/pages"}],"about":[{"href":"https:\/\/floridareprofreedom.org\/ht\/wp-json\/wp\/v2\/types\/page"}],"author":[{"embeddable":true,"href":"https:\/\/floridareprofreedom.org\/ht\/wp-json\/wp\/v2\/users\/4"}],"replies":[{"embeddable":true,"href":"https:\/\/floridareprofreedom.org\/ht\/wp-json\/wp\/v2\/comments?post=490"}],"version-history":[{"count":7,"href":"https:\/\/floridareprofreedom.org\/ht\/wp-json\/wp\/v2\/pages\/490\/revisions"}],"predecessor-version":[{"id":515,"href":"https:\/\/floridareprofreedom.org\/ht\/wp-json\/wp\/v2\/pages\/490\/revisions\/515"}],"wp:attachment":[{"href":"https:\/\/floridareprofreedom.org\/ht\/wp-json\/wp\/v2\/media?parent=490"}],"wp:term":[{"taxonomy":"folder","embeddable":true,"href":"https:\/\/floridareprofreedom.org\/ht\/wp-json\/wp\/v2\/folder?post=490"}],"curies":[{"name":"wp","href":"https:\/\/api.w.org\/{rel}","templated":true}]}}