{"id":963,"date":"2020-05-20T13:29:48","date_gmt":"2020-05-20T13:29:48","guid":{"rendered":"https:\/\/floridareprofreedom.org\/?page_id=963"},"modified":"2025-11-17T14:19:40","modified_gmt":"2025-11-17T14:19:40","slug":"kontouneman-jidisye","status":"publish","type":"page","link":"https:\/\/floridareprofreedom.org\/ht\/judicialbypass\/","title":{"rendered":"Kontoune Jidisy\u00e8 nan Florid"},"content":{"rendered":"<h3>\u27a1\ufe0f<a href=\"https:\/\/floridareprofreedom.org\/ht\/alternatif-jidisye-nan-florida\/\">Pany\u00f2l<\/a><br \/>\n\u27a1\ufe0f<a href=\"https:\/\/floridareprofreedom.org\/ht\/kontouneman-jidisye\/egzansyon-jidisye-an-florid\/\">Krey\u00f2l<\/a><\/h3>\n<h3><em>F\u00e8 yon av\u00f2tman san paran pa enplike.\u00a0 \u00a0<\/em><\/h3>\n<p>Bezwen asistans legal gratis pou yon kontouneman jidisy\u00e8 nan Florid? Kontakte The Jane Network nan nimewo sa a:\u00a0<a href=\"mailto:info@janenetworkfl.org\">info@janenetworkfl.org<\/a> oswa aks\u00e8 <a href=\"https:\/\/janenetworkfl.org\/\">sit ent\u00e8n\u00e8t yo isit la<\/a> pou \u00e8d.<\/p>\n<p><b>Lalwa Florid egzije pou yon paran bay p\u00e8misyon<\/b> <b>si yon j\u00e8n moun ki poko gen 18 an ap eseye f\u00e8 av\u00f2tman.<\/b><span style=\"font-weight: 400;\"> (Plis enf\u00f2masyon sou <\/span><a href=\"https:\/\/reprolegalhelpline.org\/abortion-laws-by-state\/florida\/\"><span style=\"font-weight: 400;\">Lwa Florid yo isit la<\/span><\/a><span style=\"font-weight: 400;\">.) Nou konnen pif\u00f2 j\u00e8n moun pale ak paran yo l\u00e8 yo bezwen yon av\u00f2tman \u2013 men gen k\u00e8k ki pa kapab, pou pw\u00f2p sekirite yo oswa ak\u00f2z bary\u00e8 lojistik. Tout moun, k\u00e8lkeswa laj yo oswa sikonstans yo, ta dwe kapab jwenn aks\u00e8 a swen repwodiktif \u2013 tankou av\u00f2tman.<\/span><\/p>\n<p><b>Si ou pa ka jwenn p\u00e8misyon paran ou oswa ou pa kapab mande paran ou yo, ou ka kapab f\u00e8 yon av\u00f2tman san paran ou pa enplike.<\/b><span style=\"font-weight: 400;\"> si ou ale nan tribinal epi yo ba ou yon &quot;kontoune jidisy\u00e8&quot;. <\/span><span style=\"font-weight: 400;\"><br \/>\n<\/span><span style=\"font-weight: 400;\">Sa a se yon egzansyon tribinal la bay ki pral p\u00e8m\u00e8t ou f\u00e8 yon av\u00f2tman san paran ou pa enplike nan s\u00e8ten sitiyasyon tankou <\/span><span style=\"font-weight: 400;\">men pa limite a<\/span><span style=\"font-weight: 400;\"> si:<\/span><span style=\"font-weight: 400;\"><br \/>\n<\/span><\/p>\n<ul>\n<li style=\"font-weight: 400;\" aria-level=\"1\"><span style=\"font-weight: 400;\">Ou nan sist\u00e8m ak\u00e8y timoun oubyen ou anba gad leta apre patisipasyon Depatman Timoun ak Fanmi Florid la.\u00a0<\/span><\/li>\n<li style=\"font-weight: 400;\" aria-level=\"1\"><span style=\"font-weight: 400;\">Ou ap sibi abi oswa abi seksy\u00e8l nan men paran ou oswa gadyen legal ou.<\/span><\/li>\n<\/ul>\n<p><span style=\"font-weight: 400;\"><br \/>\nAk\u00f2z restriksyon Florid yo sou av\u00f2tman, del\u00e8 sa a ap deplase rapidman. <\/span>Si ou panse ou ta ka bezwen yon kontouneman jidisy\u00e8\u2014oswa ou pa s\u00e8ten si sitiyasyon ou an kalifye\u2014<strong>kontak\u00a0<a href=\"https:\/\/share.hsforms.com\/1jrl5GO2gThWo8Cl3yE7nUgnq4ky\" target=\"_blank\" rel=\"noopener\" data-saferedirecturl=\"https:\/\/www.google.com\/url?q=https:\/\/share.hsforms.com\/1jrl5GO2gThWo8Cl3yE7nUgnq4ky&amp;source=gmail&amp;ust=1749570774849000&amp;usg=AOvVaw2OWP7psYsEiPR3FQCIeLoz\">Rezo Jane nan<\/a>\u00a0pou sip\u00f2 legal gratis.<\/strong><\/p>\n<p><span style=\"font-weight: 400;\">Yon desizyon tribinal resan nan Florid limite aks\u00e8 a pwosesis kontouneman jidisy\u00e8 a, men Jane Network la ka ede w konprann si li aplike pou ou epi kijan li aplike pou ou. <\/span><span style=\"font-weight: 400;\">(Pou plis enf\u00f2masyon sou Rezo Jane a, <\/span><a href=\"https:\/\/www.janenetworkfl.org\/\"><span style=\"font-weight: 400;\">klike la a<\/span><\/a><span style=\"font-weight: 400;\">.)<\/span><span style=\"font-weight: 400;\">\u00a0<\/span><\/p>\n<p><b>Ou ka <\/b><b>pa<\/b><b> ou bezwen yon paran, yon gadyen legal, oswa yon egzansyon jidisy\u00e8 pou f\u00e8 yon av\u00f2tman si youn nan sitiyasyon sa yo aplike pou ou.<\/b><span style=\"font-weight: 400;\"> Nan l\u00f2t mo, ou ka kapab f\u00e8 yon av\u00f2tman san ou pa enplike yon paran OSWA pase nan pwosesis kontoune jidisy\u00e8 a si:<\/span><\/p>\n<ul>\n<li style=\"font-weight: 400;\" aria-level=\"1\"><span style=\"font-weight: 400;\">Ou te marye oswa ou marye\u00a0<\/span><\/li>\n<li style=\"font-weight: 400;\" aria-level=\"1\"><span style=\"font-weight: 400;\">Ou deja gen timoun<\/span><\/li>\n<li style=\"font-weight: 400;\" aria-level=\"1\"><span style=\"font-weight: 400;\">Ou te emansipe (yo te retire &quot;andikap min\u00e8 a&quot;) anba lalwa eta a<\/span><\/li>\n<\/ul>\n<p><strong><br \/>\nKesyon Komen:<\/strong><\/p>\n<ul>\n<li style=\"font-weight: 400;\"><a href=\"https:\/\/floridareprofreedom.org\/ht\/kontouneman-jidisye-2\/\"><span style=\"font-weight: 400;\">Ki sa ki yon kontoune jidisy\u00e8 pou av\u00f2tman?<\/span><\/a><\/li>\n<li><a href=\"https:\/\/floridareprofreedom.org\/ht\/kote\/\">Ki kote pou m ale pou m jwenn yon bypass jidisy\u00e8?<\/a><\/li>\n<li><a href=\"https:\/\/floridareprofreedom.org\/ht\/fom-yo\/\">Ki f\u00f2m mwen bezwen?<\/a><\/li>\n<li style=\"font-weight: 400;\"><a href=\"https:\/\/floridareprofreedom.org\/ht\/avoka\/\"><span style=\"font-weight: 400;\">\u00c8ske mwen bezwen yon avoka?<\/span><\/a><\/li>\n<li style=\"font-weight: 400;\"><a href=\"https:\/\/floridareprofreedom.org\/ht\/konbyen-tan\/\"><span style=\"font-weight: 400;\">Konbyen tan li pran pou jwenn yon kontouneman jidisy\u00e8?<\/span><\/a><\/li>\n<li style=\"font-weight: 400;\"><a href=\"https:\/\/floridareprofreedom.org\/ht\/pri\/\"><span style=\"font-weight: 400;\">\u00c8ske li koute lajan pou jwenn yon kontoune jidisy\u00e8?<\/span><\/a><\/li>\n<li style=\"font-weight: 400;\"><a href=\"https:\/\/floridareprofreedom.org\/ht\/nenpot-moun-konnen\/\"><span style=\"font-weight: 400;\">\u00c8ske gen moun ki pral konnen si mwen jwenn yon kontoune jidisy\u00e8 pou av\u00f2tman?<\/span><\/a><\/li>\n<li style=\"font-weight: 400;\"><a href=\"https:\/\/floridareprofreedom.org\/ht\/kesyonjij\/\"><span style=\"font-weight: 400;\">Ki kalite kesyon jij la pral poze m?<\/span><\/a><\/li>\n<li style=\"font-weight: 400;\"><a href=\"https:\/\/floridareprofreedom.org\/ht\/mete\/\"><span style=\"font-weight: 400;\">Kisa pou m mete pou m al nan tribinal la?<\/span><\/a><\/li>\n<li style=\"font-weight: 400;\"><a href=\"https:\/\/floridareprofreedom.org\/ht\/pwograme\/\"><span style=\"font-weight: 400;\">Kisa k ap pase si odyans mwen an pwograme pandan yon jounen lek\u00f2l?<\/span><\/a><\/li>\n<li style=\"font-weight: 400;\"><a href=\"https:\/\/floridareprofreedom.org\/ht\/lot-moun\/\"><span style=\"font-weight: 400;\">\u00c8ske l\u00f2t moun ki enplike nan gwos\u00e8s mwen an gen yon opinyon sou chwa mwen pou m f\u00e8 av\u00f2tman?<\/span><\/a><\/li>\n<li style=\"font-weight: 400;\"><a href=\"https:\/\/floridareprofreedom.org\/ht\/sitwayen\/\"><span style=\"font-weight: 400;\">\u00c8ske mwen oblije yon sitwayen ameriken pou mwen ka f\u00e8 yon av\u00f2tman? E si mwen pa pale angle byen?<\/span><\/a><\/li>\n<li style=\"font-weight: 400;\"><a href=\"https:\/\/floridareprofreedom.org\/ht\/chanjman\/\"><span style=\"font-weight: 400;\">\u00c8ske m ka chanje lide apre m fin f\u00e8 bypass la?<\/span><\/a><\/li>\n<li><a href=\"https:\/\/floridareprofreedom.org\/ht\/nye\/\">E si jij la refize demann mwen pou yon kontouneman?<\/a><\/li>\n<\/ul>\n<p><strong><br \/>\nRezo Jane nan<\/strong> ka mete ou an kontak ak yon avoka ki ka reprezante ou nan ka kontoune jidisy\u00e8 ou a gratis. <a href=\"https:\/\/www.janenetworkfl.org\/\">Klike la a pou jwenn aks\u00e8 nan sit ent\u00e8n\u00e8t yo a<\/a>.<\/p>\n<p><b>\u00c8ske w ap ch\u00e8che enf\u00f2masyon sou yon kontouneman jidisy\u00e8 pou yon eta ki pa Florid? <\/b><b><br \/>\n<\/b><span style=\"font-weight: 400;\">Tcheke <\/span><a href=\"https:\/\/judicialbypasswiki.ifwhenhow.org\/\"><span style=\"font-weight: 400;\">sitw\u00e8b patn\u00e8 nasyonal nou an, Si\/Kil\u00e8\/Kijan<\/span><\/a><span style=\"font-weight: 400;\">, pou \u00e8d.<\/span><\/p>\n<p><a href=\"https:\/\/www.janenetworkfl.org\/\"><img fetchpriority=\"high\" decoding=\"async\" class=\"alignnone size-full wp-image-1325\" src=\"https:\/\/floridareprofreedom.org\/wp-content\/uploads\/2020\/08\/webpage-image-2-JB-website-1.png\" alt=\"\" width=\"820\" height=\"312\" srcset=\"https:\/\/floridareprofreedom.org\/wp-content\/uploads\/2020\/08\/webpage-image-2-JB-website-1.png 820w, https:\/\/floridareprofreedom.org\/wp-content\/uploads\/2020\/08\/webpage-image-2-JB-website-1-300x114.png 300w, https:\/\/floridareprofreedom.org\/wp-content\/uploads\/2020\/08\/webpage-image-2-JB-website-1-768x292.png 768w\" sizes=\"(max-width: 820px) 100vw, 820px\" \/><\/a><\/p>","protected":false},"excerpt":{"rendered":"<p>\u27a1\ufe0fEspa\u00f1ol \u27a1\ufe0fCreole Get an abortion without a parent involved.\u00a0 \u00a0 Need free legal assistance for a judicial bypass in\u00a0Florida? Contact The Jane\u00a0Network at\u00a0info@janenetworkfl.org or access their website here for help. Florida law requires a parent to give permission if a young person under 18 years old is trying to get an abortion. (More info on [&hellip;]<\/p>\n","protected":false},"author":3,"featured_media":0,"parent":0,"menu_order":0,"comment_status":"closed","ping_status":"closed","template":"","meta":{"footnotes":""},"folder":[],"class_list":["post-963","page","type-page","status-publish","hentry"],"yoast_head":"<!-- This site is optimized with the Yoast SEO plugin v27.3 - https:\/\/yoast.com\/product\/yoast-seo-wordpress\/ -->\n<title>Judicial Bypass in Florida - Floridians For Reproductive Freedom<\/title>\n<meta name=\"description\" content=\"Under 18 in Florida and need an abortion, but can&#039;t involve a parent? You can get an abortion without a parent involved if a judge allows it.\" \/>\n<meta name=\"robots\" content=\"index, follow, max-snippet:-1, max-image-preview:large, max-video-preview:-1\" \/>\n<link rel=\"canonical\" href=\"https:\/\/floridareprofreedom.org\/ht\/kontouneman-jidisye\/\" \/>\n<meta property=\"og:locale\" content=\"ht_HT\" \/>\n<meta property=\"og:type\" content=\"article\" \/>\n<meta property=\"og:title\" content=\"Judicial Bypass in Florida - Floridians For Reproductive Freedom\" \/>\n<meta property=\"og:description\" content=\"Under 18 in Florida and need an abortion, but can&#039;t involve a parent? You can get an abortion without a parent involved if a judge allows it.\" \/>\n<meta property=\"og:url\" content=\"https:\/\/floridareprofreedom.org\/ht\/kontouneman-jidisye\/\" \/>\n<meta property=\"og:site_name\" content=\"Floridians For Reproductive Freedom\" \/>\n<meta property=\"article:publisher\" content=\"https:\/\/www.facebook.com\/FloridaReproFreedom\/\" \/>\n<meta property=\"article:modified_time\" content=\"2025-11-17T14:19:40+00:00\" \/>\n<meta property=\"og:image\" content=\"https:\/\/floridareprofreedom.org\/wp-content\/uploads\/2020\/08\/webpage-image-2-JB-website-1.png\" \/>\n\t<meta property=\"og:image:width\" content=\"820\" \/>\n\t<meta property=\"og:image:height\" content=\"312\" \/>\n\t<meta property=\"og:image:type\" content=\"image\/png\" \/>\n<meta name=\"twitter:card\" content=\"summary_large_image\" \/>\n<meta name=\"twitter:site\" content=\"@FLReproFreedom\" \/>\n<meta name=\"twitter:label1\" content=\"Est. reading time\" \/>\n\t<meta name=\"twitter:data1\" content=\"3 minutes\" \/>\n<script type=\"application\/ld+json\" class=\"yoast-schema-graph\">{\"@context\":\"https:\\\/\\\/schema.org\",\"@graph\":[{\"@type\":\"WebPage\",\"@id\":\"https:\\\/\\\/floridareprofreedom.org\\\/judicialbypass\\\/\",\"url\":\"https:\\\/\\\/floridareprofreedom.org\\\/judicialbypass\\\/\",\"name\":\"Judicial Bypass in Florida - Floridians For Reproductive Freedom\",\"isPartOf\":{\"@id\":\"https:\\\/\\\/floridareprofreedom.org\\\/#website\"},\"primaryImageOfPage\":{\"@id\":\"https:\\\/\\\/floridareprofreedom.org\\\/judicialbypass\\\/#primaryimage\"},\"image\":{\"@id\":\"https:\\\/\\\/floridareprofreedom.org\\\/judicialbypass\\\/#primaryimage\"},\"thumbnailUrl\":\"https:\\\/\\\/floridareprofreedom.org\\\/wp-content\\\/uploads\\\/2020\\\/08\\\/webpage-image-2-JB-website-1.png\",\"datePublished\":\"2020-05-20T13:29:48+00:00\",\"dateModified\":\"2025-11-17T14:19:40+00:00\",\"description\":\"Under 18 in Florida and need an abortion, but can't involve a parent? You can get an abortion without a parent involved if a judge allows it.\",\"breadcrumb\":{\"@id\":\"https:\\\/\\\/floridareprofreedom.org\\\/judicialbypass\\\/#breadcrumb\"},\"inLanguage\":\"ht\",\"potentialAction\":[{\"@type\":\"ReadAction\",\"target\":[\"https:\\\/\\\/floridareprofreedom.org\\\/judicialbypass\\\/\"]}]},{\"@type\":\"ImageObject\",\"inLanguage\":\"ht\",\"@id\":\"https:\\\/\\\/floridareprofreedom.org\\\/judicialbypass\\\/#primaryimage\",\"url\":\"https:\\\/\\\/floridareprofreedom.org\\\/wp-content\\\/uploads\\\/2020\\\/08\\\/webpage-image-2-JB-website-1.png\",\"contentUrl\":\"https:\\\/\\\/floridareprofreedom.org\\\/wp-content\\\/uploads\\\/2020\\\/08\\\/webpage-image-2-JB-website-1.png\"},{\"@type\":\"BreadcrumbList\",\"@id\":\"https:\\\/\\\/floridareprofreedom.org\\\/judicialbypass\\\/#breadcrumb\",\"itemListElement\":[{\"@type\":\"ListItem\",\"position\":1,\"name\":\"Home\",\"item\":\"https:\\\/\\\/floridareprofreedom.org\\\/\"},{\"@type\":\"ListItem\",\"position\":2,\"name\":\"Judicial Bypass in Florida\"}]},{\"@type\":\"WebSite\",\"@id\":\"https:\\\/\\\/floridareprofreedom.org\\\/#website\",\"url\":\"https:\\\/\\\/floridareprofreedom.org\\\/\",\"name\":\"Floridians For Reproductive Freedom\",\"description\":\"Advocating for convenient, affordable, and safe access to reproductive health care, including abortion.\",\"publisher\":{\"@id\":\"https:\\\/\\\/floridareprofreedom.org\\\/#organization\"},\"potentialAction\":[{\"@type\":\"SearchAction\",\"target\":{\"@type\":\"EntryPoint\",\"urlTemplate\":\"https:\\\/\\\/floridareprofreedom.org\\\/?s={search_term_string}\"},\"query-input\":{\"@type\":\"PropertyValueSpecification\",\"valueRequired\":true,\"valueName\":\"search_term_string\"}}],\"inLanguage\":\"ht\"},{\"@type\":\"Organization\",\"@id\":\"https:\\\/\\\/floridareprofreedom.org\\\/#organization\",\"name\":\"Floridians for Reproductive Freedom\",\"url\":\"https:\\\/\\\/floridareprofreedom.org\\\/\",\"logo\":{\"@type\":\"ImageObject\",\"inLanguage\":\"ht\",\"@id\":\"https:\\\/\\\/floridareprofreedom.org\\\/#\\\/schema\\\/logo\\\/image\\\/\",\"url\":\"https:\\\/\\\/floridareprofreedom.org\\\/wp-content\\\/uploads\\\/2019\\\/05\\\/Untitled.jpg\",\"contentUrl\":\"https:\\\/\\\/floridareprofreedom.org\\\/wp-content\\\/uploads\\\/2019\\\/05\\\/Untitled.jpg\",\"width\":174,\"height\":180,\"caption\":\"Floridians for Reproductive Freedom\"},\"image\":{\"@id\":\"https:\\\/\\\/floridareprofreedom.org\\\/#\\\/schema\\\/logo\\\/image\\\/\"},\"sameAs\":[\"https:\\\/\\\/www.facebook.com\\\/FloridaReproFreedom\\\/\",\"https:\\\/\\\/x.com\\\/FLReproFreedom\",\"https:\\\/\\\/www.instagram.com\\\/floridareprofreedom\\\/\"]}]}<\/script>\n<!-- \/ Yoast SEO plugin. -->","yoast_head_json":{"title":"Kontoune Jidisy\u00e8 an Florid - Floridyen Pou Lib\u00e8te Repwodiktif","description":"Ou gen mwens pase 18 an nan Florid epi ou bezwen yon av\u00f2tman, men ou pa ka enplike yon paran? Ou ka f\u00e8 yon av\u00f2tman san yon paran pa enplike si yon jij p\u00e8m\u00e8t sa.","robots":{"index":"index","follow":"follow","max-snippet":"max-snippet:-1","max-image-preview":"max-image-preview:large","max-video-preview":"max-video-preview:-1"},"canonical":"https:\/\/floridareprofreedom.org\/ht\/kontouneman-jidisye\/","og_locale":"ht_HT","og_type":"article","og_title":"Judicial Bypass in Florida - Floridians For Reproductive Freedom","og_description":"Under 18 in Florida and need an abortion, but can't involve a parent? You can get an abortion without a parent involved if a judge allows it.","og_url":"https:\/\/floridareprofreedom.org\/ht\/kontouneman-jidisye\/","og_site_name":"Floridians For Reproductive Freedom","article_publisher":"https:\/\/www.facebook.com\/FloridaReproFreedom\/","article_modified_time":"2025-11-17T14:19:40+00:00","og_image":[{"width":820,"height":312,"url":"https:\/\/floridareprofreedom.org\/wp-content\/uploads\/2020\/08\/webpage-image-2-JB-website-1.png","type":"image\/png"}],"twitter_card":"summary_large_image","twitter_site":"@FLReproFreedom","twitter_misc":{"Est. reading time":"3 minutes"},"schema":{"@context":"https:\/\/schema.org","@graph":[{"@type":"WebPage","@id":"https:\/\/floridareprofreedom.org\/judicialbypass\/","url":"https:\/\/floridareprofreedom.org\/judicialbypass\/","name":"Kontoune Jidisy\u00e8 an Florid - Floridyen Pou Lib\u00e8te Repwodiktif","isPartOf":{"@id":"https:\/\/floridareprofreedom.org\/#website"},"primaryImageOfPage":{"@id":"https:\/\/floridareprofreedom.org\/judicialbypass\/#primaryimage"},"image":{"@id":"https:\/\/floridareprofreedom.org\/judicialbypass\/#primaryimage"},"thumbnailUrl":"https:\/\/floridareprofreedom.org\/wp-content\/uploads\/2020\/08\/webpage-image-2-JB-website-1.png","datePublished":"2020-05-20T13:29:48+00:00","dateModified":"2025-11-17T14:19:40+00:00","description":"Ou gen mwens pase 18 an nan Florid epi ou bezwen yon av\u00f2tman, men ou pa ka enplike yon paran? Ou ka f\u00e8 yon av\u00f2tman san yon paran pa enplike si yon jij p\u00e8m\u00e8t sa.","breadcrumb":{"@id":"https:\/\/floridareprofreedom.org\/judicialbypass\/#breadcrumb"},"inLanguage":"ht","potentialAction":[{"@type":"ReadAction","target":["https:\/\/floridareprofreedom.org\/judicialbypass\/"]}]},{"@type":"ImageObject","inLanguage":"ht","@id":"https:\/\/floridareprofreedom.org\/judicialbypass\/#primaryimage","url":"https:\/\/floridareprofreedom.org\/wp-content\/uploads\/2020\/08\/webpage-image-2-JB-website-1.png","contentUrl":"https:\/\/floridareprofreedom.org\/wp-content\/uploads\/2020\/08\/webpage-image-2-JB-website-1.png"},{"@type":"BreadcrumbList","@id":"https:\/\/floridareprofreedom.org\/judicialbypass\/#breadcrumb","itemListElement":[{"@type":"ListItem","position":1,"name":"Home","item":"https:\/\/floridareprofreedom.org\/"},{"@type":"ListItem","position":2,"name":"Judicial Bypass in Florida"}]},{"@type":"WebSite","@id":"https:\/\/floridareprofreedom.org\/#website","url":"https:\/\/floridareprofreedom.org\/","name":"Floridyen pou lib\u00e8te repwodiktif","description":"Ap defann aks\u00e8 pratik, ab\u00f2dab, epi an sekirite a swen sante repwodiktif, tankou av\u00f2tman.","publisher":{"@id":"https:\/\/floridareprofreedom.org\/#organization"},"potentialAction":[{"@type":"SearchAction","target":{"@type":"EntryPoint","urlTemplate":"https:\/\/floridareprofreedom.org\/?s={search_term_string}"},"query-input":{"@type":"PropertyValueSpecification","valueRequired":true,"valueName":"search_term_string"}}],"inLanguage":"ht"},{"@type":"Organization","@id":"https:\/\/floridareprofreedom.org\/#organization","name":"Floridyen pou Lib\u00e8te Repwodiktif","url":"https:\/\/floridareprofreedom.org\/","logo":{"@type":"ImageObject","inLanguage":"ht","@id":"https:\/\/floridareprofreedom.org\/#\/schema\/logo\/image\/","url":"https:\/\/floridareprofreedom.org\/wp-content\/uploads\/2019\/05\/Untitled.jpg","contentUrl":"https:\/\/floridareprofreedom.org\/wp-content\/uploads\/2019\/05\/Untitled.jpg","width":174,"height":180,"caption":"Floridians for Reproductive Freedom"},"image":{"@id":"https:\/\/floridareprofreedom.org\/#\/schema\/logo\/image\/"},"sameAs":["https:\/\/www.facebook.com\/FloridaReproFreedom\/","https:\/\/x.com\/FLReproFreedom","https:\/\/www.instagram.com\/floridareprofreedom\/"]}]}},"_links":{"self":[{"href":"https:\/\/floridareprofreedom.org\/ht\/wp-json\/wp\/v2\/pages\/963","targetHints":{"allow":["GET"]}}],"collection":[{"href":"https:\/\/floridareprofreedom.org\/ht\/wp-json\/wp\/v2\/pages"}],"about":[{"href":"https:\/\/floridareprofreedom.org\/ht\/wp-json\/wp\/v2\/types\/page"}],"author":[{"embeddable":true,"href":"https:\/\/floridareprofreedom.org\/ht\/wp-json\/wp\/v2\/users\/3"}],"replies":[{"embeddable":true,"href":"https:\/\/floridareprofreedom.org\/ht\/wp-json\/wp\/v2\/comments?post=963"}],"version-history":[{"count":41,"href":"https:\/\/floridareprofreedom.org\/ht\/wp-json\/wp\/v2\/pages\/963\/revisions"}],"predecessor-version":[{"id":4398,"href":"https:\/\/floridareprofreedom.org\/ht\/wp-json\/wp\/v2\/pages\/963\/revisions\/4398"}],"wp:attachment":[{"href":"https:\/\/floridareprofreedom.org\/ht\/wp-json\/wp\/v2\/media?parent=963"}],"wp:term":[{"taxonomy":"folder","embeddable":true,"href":"https:\/\/floridareprofreedom.org\/ht\/wp-json\/wp\/v2\/folder?post=963"}],"curies":[{"name":"wp","href":"https:\/\/api.w.org\/{rel}","templated":true}]}}