{"id":965,"date":"2020-06-01T13:02:53","date_gmt":"2020-06-01T13:02:53","guid":{"rendered":"https:\/\/floridareprofreedom.org\/?page_id=965"},"modified":"2025-10-06T16:25:32","modified_gmt":"2025-10-06T16:25:32","slug":"kontouneman-jidisye-2","status":"publish","type":"page","link":"https:\/\/floridareprofreedom.org\/ht\/judicial-bypass\/","title":{"rendered":"Ki sa ki yon kontoune jidisy\u00e8 pou av\u00f2tman?"},"content":{"rendered":"<p><span style=\"font-weight: 400;\"><a href=\"mailto:info@janenetworkfl.org\"><img fetchpriority=\"high\" decoding=\"async\" class=\"alignright wp-image-2731 size-medium\" src=\"https:\/\/floridareprofreedom.org\/wp-content\/uploads\/2023\/05\/Jane.Network-240x300.jpg\" alt=\"\" width=\"240\" height=\"300\" srcset=\"https:\/\/floridareprofreedom.org\/wp-content\/uploads\/2023\/05\/Jane.Network-240x300.jpg 240w, https:\/\/floridareprofreedom.org\/wp-content\/uploads\/2023\/05\/Jane.Network-819x1024.jpg 819w, https:\/\/floridareprofreedom.org\/wp-content\/uploads\/2023\/05\/Jane.Network-768x960.jpg 768w, https:\/\/floridareprofreedom.org\/wp-content\/uploads\/2023\/05\/Jane.Network.jpg 1080w\" sizes=\"(max-width: 240px) 100vw, 240px\" \/><\/a><\/span><\/p>\n<h3><em>Ou pa ka f\u00e8 yon paran patisipe nan desizyon w pou w f\u00e8 av\u00f2tman? Kontinye li.\u00a0 \u00a0<\/em><\/h3>\n<p>Bezwen asistans legal gratis pou yon kontouneman jidisy\u00e8 nan Florid? Kontakte The Jane Network nan nimewo sa a:\u00a0<a href=\"mailto:info@janenetworkfl.org\">info@janenetworkfl.org<\/a>\u00a0oswa aks\u00e8\u00a0<a href=\"https:\/\/janenetworkfl.org\/\">sit ent\u00e8n\u00e8t yo isit la<\/a>\u00a0pou \u00e8d.<\/p>\n<p><b>Lalwa Florid egzije pou yon paran bay p\u00e8misyon<\/b>\u00a0<b>si yon j\u00e8n moun ki poko gen 18 an ap eseye f\u00e8 av\u00f2tman.<\/b>\u00a0(Plis enf\u00f2masyon sou\u00a0<a href=\"https:\/\/reprolegalhelpline.org\/abortion-laws-by-state\/florida\/\">Lwa Florid yo isit la<\/a>.) Nou konnen pif\u00f2 j\u00e8n moun pale ak paran yo l\u00e8 yo bezwen yon av\u00f2tman \u2013 men gen k\u00e8k ki pa kapab, pou pw\u00f2p sekirite yo oswa ak\u00f2z bary\u00e8 lojistik. Tout moun, k\u00e8lkeswa laj yo oswa sikonstans yo, ta dwe kapab jwenn aks\u00e8 a swen repwodiktif \u2013 tankou av\u00f2tman.<\/p>\n<p><b>Si ou pa ka jwenn p\u00e8misyon paran ou oswa ou pa kapab mande paran ou yo, ou ka kapab f\u00e8 yon av\u00f2tman san paran ou pa enplike.<\/b>\u00a0si ou ale nan tribinal epi yo ba ou yon &quot;kontoune jidisy\u00e8&quot;.<br \/>\nSa a se yon egzansyon tribinal la bay ki pral p\u00e8m\u00e8t ou f\u00e8 yon av\u00f2tman san paran ou pa enplike nan s\u00e8ten sitiyasyon, tankou men pa limite a si:<\/p>\n<ul>\n<li aria-level=\"1\">Ou nan sist\u00e8m ak\u00e8y timoun oubyen ou anba gad leta apre patisipasyon Depatman Timoun ak Fanmi Florid la.<\/li>\n<li aria-level=\"1\">Ou ap sibi abi oswa abi seksy\u00e8l nan men paran ou oswa gadyen legal ou.<\/li>\n<\/ul>\n<p>Ak\u00f2z restriksyon Florid yo sou av\u00f2tman, del\u00e8 sa a ap pase rapidman. Si ou panse ou ta ka bezwen yon kontouneman jidisy\u00e8\u2014oswa ou pa s\u00e8ten si sitiyasyon ou an kalifye\u2014<strong>kontak\u00a0<a href=\"https:\/\/share.hsforms.com\/1jrl5GO2gThWo8Cl3yE7nUgnq4ky\" target=\"_blank\" rel=\"noopener\" data-saferedirecturl=\"https:\/\/www.google.com\/url?q=https:\/\/share.hsforms.com\/1jrl5GO2gThWo8Cl3yE7nUgnq4ky&amp;source=gmail&amp;ust=1749570774849000&amp;usg=AOvVaw2OWP7psYsEiPR3FQCIeLoz\">Rezo Jane nan<\/a>\u00a0pou sip\u00f2 legal gratis.<\/strong><\/p>\n<p>Yon desizyon tribinal Florid ki f\u00e8t resamman limite aks\u00e8 a pwosesis kontouneman jidisy\u00e8 a, men Jane Network la ka ede w konprann si li aplike pou ou epi kijan li aplike pou ou. (Pou plis enf\u00f2masyon sou Jane Network la,\u00a0<a href=\"https:\/\/www.janenetworkfl.org\/\">klike la a<\/a>.)<\/p>\n<p><b>Ou ka\u00a0<\/b><b>pa<\/b><b>\u00a0ou bezwen yon paran, yon gadyen legal, oswa yon egzansyon jidisy\u00e8 pou f\u00e8 yon av\u00f2tman si youn nan sitiyasyon sa yo aplike pou ou.<\/b>\u00a0Nan l\u00f2t mo, ou ka kapab f\u00e8 yon av\u00f2tman san ou pa enplike yon paran OSWA pase nan pwosesis kontoune jidisy\u00e8 a si:<\/p>\n<ul>\n<li aria-level=\"1\">Ou te marye oswa ou marye<\/li>\n<li aria-level=\"1\">Ou deja gen timoun<\/li>\n<li aria-level=\"1\">Ou te emansipe (yo te retire &quot;andikap min\u00e8 a&quot;) anba lalwa eta a<\/li>\n<\/ul>\n<p><span style=\"font-weight: 400;\">Si w ap panse pou w di paran w yo desizyon w lan epi w bezwen \u00e8d pou w reflechi sou kijan pou w pale sou li, ou ka jwenn kons\u00e8y <\/span><a href=\"https:\/\/janesdueprocess.org\/blog\/talking-to-parents-about-abortion\/\"><span style=\"font-weight: 400;\">sou blog sa a<\/span><\/a><span style=\"font-weight: 400;\"> pa patn\u00e8 nou an, Jane&#039;s Due Process.\u00a0<\/span><\/p>\n<p style=\"text-align: center;\"><a href=\"https:\/\/floridareprofreedom.org\/ht\/kontouneman-jidisye\/\"><strong>Retounen nan paj dak\u00e8y Kontouneman Jidisy\u00e8 a<\/strong><\/a>\u00a0 \u00a0 <a href=\"https:\/\/floridareprofreedom.org\/ht\/kote\/\"><img decoding=\"async\" class=\"alignnone wp-image-1015 size-full\" src=\"https:\/\/floridareprofreedom.org\/wp-content\/uploads\/2020\/05\/next.gif\" alt=\"\" width=\"231\" height=\"32\" \/><\/a><\/p>\n<p><b>Kesyon ki gen rap\u00f2<\/b><\/p>\n<ul>\n<li><a href=\"https:\/\/floridareprofreedom.org\/ht\/kote\/\" data-saferedirecturl=\"https:\/\/www.google.com\/url?q=https:\/\/floridareprofreedom.org\/where\/&amp;source=gmail&amp;ust=1683906476472000&amp;usg=AOvVaw3mu6YVFgqkD4Pez6NjG8ld\">Ki kote pou m ale pou m jwenn yon bypass jidisy\u00e8?<\/a><\/li>\n<li><a href=\"https:\/\/floridareprofreedom.org\/ht\/fom-yo\/\" data-saferedirecturl=\"https:\/\/www.google.com\/url?q=https:\/\/floridareprofreedom.org\/forms\/&amp;source=gmail&amp;ust=1683906476472000&amp;usg=AOvVaw136dOx90JsVdnnw2DC-2w-\">Ki f\u00f2m mwen bezwen?<\/a><\/li>\n<li><a href=\"https:\/\/floridareprofreedom.org\/ht\/jij\/\" data-saferedirecturl=\"https:\/\/www.google.com\/url?q=https:\/\/floridareprofreedom.org\/judge\/&amp;source=gmail&amp;ust=1683906476472000&amp;usg=AOvVaw2P7ymQUJRCzhqMXd4UNaJ7\">Kisa jij la pral konsidere?<\/a><\/li>\n<li><a href=\"https:\/\/floridareprofreedom.org\/ht\/avoka\/\" data-saferedirecturl=\"https:\/\/www.google.com\/url?q=https:\/\/floridareprofreedom.org\/lawyer\/&amp;source=gmail&amp;ust=1683906476472000&amp;usg=AOvVaw1VWcwoUhzhE3Mgd7GYDccH\">\u00c8ske mwen bezwen yon avoka?<\/a><\/li>\n<li><a href=\"https:\/\/floridareprofreedom.org\/ht\/konbyen-tan\/\" data-saferedirecturl=\"https:\/\/www.google.com\/url?q=https:\/\/floridareprofreedom.org\/howlong\/&amp;source=gmail&amp;ust=1683906476472000&amp;usg=AOvVaw1e3sl8iXIwNIDxaizz5i5g\">Konbyen tan li pran pou jwenn yon kontouneman jidisy\u00e8?<\/a><\/li>\n<li><a href=\"https:\/\/floridareprofreedom.org\/ht\/pri\/\" data-saferedirecturl=\"https:\/\/www.google.com\/url?q=https:\/\/floridareprofreedom.org\/cost\/&amp;source=gmail&amp;ust=1683906476472000&amp;usg=AOvVaw1fuUIxBoSRoq3s7dK2V5gQ\">\u00c8ske li koute lajan pou jwenn yon kontoune jidisy\u00e8?<\/a><\/li>\n<li><a href=\"https:\/\/floridareprofreedom.org\/ht\/nenpot-moun-konnen\/\" data-saferedirecturl=\"https:\/\/www.google.com\/url?q=https:\/\/floridareprofreedom.org\/anyoneknow\/&amp;source=gmail&amp;ust=1683906476472000&amp;usg=AOvVaw37ej9zAF1sjNn2VvNU32l7\">\u00c8ske gen moun ki pral konnen si mwen jwenn yon kontoune jidisy\u00e8 pou av\u00f2tman?<\/a><\/li>\n<li><a href=\"https:\/\/floridareprofreedom.org\/ht\/kesyonjij\/\" data-saferedirecturl=\"https:\/\/www.google.com\/url?q=https:\/\/floridareprofreedom.org\/questionsjudge\/&amp;source=gmail&amp;ust=1683906476472000&amp;usg=AOvVaw3dAjcFd4rHWPQLnuW5luOy\">Ki kalite kesyon jij la pral poze m?<\/a><\/li>\n<li><a href=\"https:\/\/floridareprofreedom.org\/ht\/mete\/\" data-saferedirecturl=\"https:\/\/www.google.com\/url?q=https:\/\/floridareprofreedom.org\/wear\/&amp;source=gmail&amp;ust=1683906476472000&amp;usg=AOvVaw1DZMIlo7hGRfuHrMBramoR\">Kisa pou m mete pou m al nan tribinal la?<\/a><\/li>\n<li><a href=\"https:\/\/floridareprofreedom.org\/ht\/pwograme\/\" data-saferedirecturl=\"https:\/\/www.google.com\/url?q=https:\/\/floridareprofreedom.org\/scheduled\/&amp;source=gmail&amp;ust=1683906476472000&amp;usg=AOvVaw1xn17zmaHRp-mTJeGEMVJJ\">Kisa k ap pase si odyans mwen an pwograme pandan yon jounen lek\u00f2l?<\/a><\/li>\n<li><a href=\"https:\/\/floridareprofreedom.org\/ht\/lot-moun\/\" data-saferedirecturl=\"https:\/\/www.google.com\/url?q=https:\/\/floridareprofreedom.org\/otherperson\/&amp;source=gmail&amp;ust=1683906476472000&amp;usg=AOvVaw3uTwbO2--bonngguSJ12xd\">\u00c8ske l\u00f2t moun ki enplike nan gwos\u00e8s mwen an gen yon opinyon sou chwa mwen pou m f\u00e8 av\u00f2tman?<\/a><\/li>\n<li><a href=\"https:\/\/floridareprofreedom.org\/ht\/sitwayen\/\" data-saferedirecturl=\"https:\/\/www.google.com\/url?q=https:\/\/floridareprofreedom.org\/citizen\/&amp;source=gmail&amp;ust=1683906476472000&amp;usg=AOvVaw1Y2l43i6aWQo-5DlHJx17Y\">\u00c8ske mwen oblije yon sitwayen ameriken pou mwen ka f\u00e8 yon av\u00f2tman? E si mwen pa pale angle byen?<\/a><\/li>\n<li><a href=\"https:\/\/floridareprofreedom.org\/ht\/chanjman\/\" data-saferedirecturl=\"https:\/\/www.google.com\/url?q=https:\/\/floridareprofreedom.org\/change\/&amp;source=gmail&amp;ust=1683906476472000&amp;usg=AOvVaw2NLUMPBzAbIB4_0_AwaxUX\">\u00c8ske m ka chanje lide apre m fin f\u00e8 bypass la?<\/a><\/li>\n<li><a href=\"https:\/\/floridareprofreedom.org\/ht\/nye\/\" data-saferedirecturl=\"https:\/\/www.google.com\/url?q=https:\/\/floridareprofreedom.org\/denies\/&amp;source=gmail&amp;ust=1683906476472000&amp;usg=AOvVaw3bGAnbvux63X3E7mPLosTY\">E si jij la refize demann mwen pou yon kontouneman?<\/a><\/li>\n<\/ul>","protected":false},"excerpt":{"rendered":"<p>Can&#8217;t get a parent involved in your decision to get an abortion? Read on.\u00a0 \u00a0 Need free legal assistance for a judicial bypass in\u00a0Florida? Contact The Jane\u00a0Network at\u00a0info@janenetworkfl.org\u00a0or access\u00a0their website here\u00a0for help. Florida law requires a parent to give permission\u00a0if a young person under 18 years old is trying to get an abortion.\u00a0(More info on [&hellip;]<\/p>\n","protected":false},"author":3,"featured_media":0,"parent":0,"menu_order":0,"comment_status":"closed","ping_status":"closed","template":"","meta":{"footnotes":""},"folder":[8],"class_list":["post-965","page","type-page","status-publish","hentry"],"yoast_head":"<!-- This site is optimized with the Yoast SEO plugin v27.4 - https:\/\/yoast.com\/product\/yoast-seo-wordpress\/ -->\n<title>What is a judicial bypass for abortion? - Floridians For Reproductive Freedom<\/title>\n<meta name=\"robots\" content=\"index, follow, max-snippet:-1, max-image-preview:large, max-video-preview:-1\" \/>\n<link rel=\"canonical\" href=\"https:\/\/floridareprofreedom.org\/ht\/kontouneman-jidisye-2\/\" \/>\n<meta property=\"og:locale\" content=\"ht_HT\" \/>\n<meta property=\"og:type\" content=\"article\" \/>\n<meta property=\"og:title\" content=\"What is a judicial bypass for abortion? - Floridians For Reproductive Freedom\" \/>\n<meta property=\"og:description\" content=\"Can&#8217;t get a parent involved in your decision to get an abortion? Read on.\u00a0 \u00a0 Need free legal assistance for a judicial bypass in\u00a0Florida? Contact The Jane\u00a0Network at\u00a0info@janenetworkfl.org\u00a0or access\u00a0their website here\u00a0for help. Florida law requires a parent to give permission\u00a0if a young person under 18 years old is trying to get an abortion.\u00a0(More info on [&hellip;]\" \/>\n<meta property=\"og:url\" content=\"https:\/\/floridareprofreedom.org\/ht\/kontouneman-jidisye-2\/\" \/>\n<meta property=\"og:site_name\" content=\"Floridians For Reproductive Freedom\" \/>\n<meta property=\"article:publisher\" content=\"https:\/\/www.facebook.com\/FloridaReproFreedom\/\" \/>\n<meta property=\"article:modified_time\" content=\"2025-10-06T16:25:32+00:00\" \/>\n<meta property=\"og:image\" content=\"https:\/\/floridareprofreedom.org\/wp-content\/uploads\/2023\/05\/Jane.Network.jpg\" \/>\n\t<meta property=\"og:image:width\" content=\"1080\" \/>\n\t<meta property=\"og:image:height\" content=\"1350\" \/>\n\t<meta property=\"og:image:type\" content=\"image\/jpeg\" \/>\n<meta name=\"twitter:card\" content=\"summary_large_image\" \/>\n<meta name=\"twitter:site\" content=\"@FLReproFreedom\" \/>\n<meta name=\"twitter:label1\" content=\"Est. reading time\" \/>\n\t<meta name=\"twitter:data1\" content=\"3 minutes\" \/>\n<script type=\"application\/ld+json\" class=\"yoast-schema-graph\">{\"@context\":\"https:\\\/\\\/schema.org\",\"@graph\":[{\"@type\":\"WebPage\",\"@id\":\"https:\\\/\\\/floridareprofreedom.org\\\/judicial-bypass\\\/\",\"url\":\"https:\\\/\\\/floridareprofreedom.org\\\/judicial-bypass\\\/\",\"name\":\"What is a judicial bypass for abortion? - Floridians For Reproductive Freedom\",\"isPartOf\":{\"@id\":\"https:\\\/\\\/floridareprofreedom.org\\\/#website\"},\"primaryImageOfPage\":{\"@id\":\"https:\\\/\\\/floridareprofreedom.org\\\/judicial-bypass\\\/#primaryimage\"},\"image\":{\"@id\":\"https:\\\/\\\/floridareprofreedom.org\\\/judicial-bypass\\\/#primaryimage\"},\"thumbnailUrl\":\"https:\\\/\\\/floridareprofreedom.org\\\/wp-content\\\/uploads\\\/2023\\\/05\\\/Jane.Network-240x300.jpg\",\"datePublished\":\"2020-06-01T13:02:53+00:00\",\"dateModified\":\"2025-10-06T16:25:32+00:00\",\"breadcrumb\":{\"@id\":\"https:\\\/\\\/floridareprofreedom.org\\\/judicial-bypass\\\/#breadcrumb\"},\"inLanguage\":\"ht\",\"potentialAction\":[{\"@type\":\"ReadAction\",\"target\":[\"https:\\\/\\\/floridareprofreedom.org\\\/judicial-bypass\\\/\"]}]},{\"@type\":\"ImageObject\",\"inLanguage\":\"ht\",\"@id\":\"https:\\\/\\\/floridareprofreedom.org\\\/judicial-bypass\\\/#primaryimage\",\"url\":\"https:\\\/\\\/floridareprofreedom.org\\\/wp-content\\\/uploads\\\/2023\\\/05\\\/Jane.Network-240x300.jpg\",\"contentUrl\":\"https:\\\/\\\/floridareprofreedom.org\\\/wp-content\\\/uploads\\\/2023\\\/05\\\/Jane.Network-240x300.jpg\"},{\"@type\":\"BreadcrumbList\",\"@id\":\"https:\\\/\\\/floridareprofreedom.org\\\/judicial-bypass\\\/#breadcrumb\",\"itemListElement\":[{\"@type\":\"ListItem\",\"position\":1,\"name\":\"Home\",\"item\":\"https:\\\/\\\/floridareprofreedom.org\\\/\"},{\"@type\":\"ListItem\",\"position\":2,\"name\":\"What is a judicial bypass for abortion?\"}]},{\"@type\":\"WebSite\",\"@id\":\"https:\\\/\\\/floridareprofreedom.org\\\/#website\",\"url\":\"https:\\\/\\\/floridareprofreedom.org\\\/\",\"name\":\"Floridians For Reproductive Freedom\",\"description\":\"Advocating for convenient, affordable, and safe access to reproductive health care, including abortion.\",\"publisher\":{\"@id\":\"https:\\\/\\\/floridareprofreedom.org\\\/#organization\"},\"potentialAction\":[{\"@type\":\"SearchAction\",\"target\":{\"@type\":\"EntryPoint\",\"urlTemplate\":\"https:\\\/\\\/floridareprofreedom.org\\\/?s={search_term_string}\"},\"query-input\":{\"@type\":\"PropertyValueSpecification\",\"valueRequired\":true,\"valueName\":\"search_term_string\"}}],\"inLanguage\":\"ht\"},{\"@type\":\"Organization\",\"@id\":\"https:\\\/\\\/floridareprofreedom.org\\\/#organization\",\"name\":\"Floridians for Reproductive Freedom\",\"url\":\"https:\\\/\\\/floridareprofreedom.org\\\/\",\"logo\":{\"@type\":\"ImageObject\",\"inLanguage\":\"ht\",\"@id\":\"https:\\\/\\\/floridareprofreedom.org\\\/#\\\/schema\\\/logo\\\/image\\\/\",\"url\":\"https:\\\/\\\/floridareprofreedom.org\\\/wp-content\\\/uploads\\\/2019\\\/05\\\/Untitled.jpg\",\"contentUrl\":\"https:\\\/\\\/floridareprofreedom.org\\\/wp-content\\\/uploads\\\/2019\\\/05\\\/Untitled.jpg\",\"width\":174,\"height\":180,\"caption\":\"Floridians for Reproductive Freedom\"},\"image\":{\"@id\":\"https:\\\/\\\/floridareprofreedom.org\\\/#\\\/schema\\\/logo\\\/image\\\/\"},\"sameAs\":[\"https:\\\/\\\/www.facebook.com\\\/FloridaReproFreedom\\\/\",\"https:\\\/\\\/x.com\\\/FLReproFreedom\",\"https:\\\/\\\/www.instagram.com\\\/floridareprofreedom\\\/\"]}]}<\/script>\n<!-- \/ Yoast SEO plugin. -->","yoast_head_json":{"title":"Kisa yon kontoune jidisy\u00e8 pou av\u00f2tman ye? - Floridyen Pou Lib\u00e8te Repwodiktif","robots":{"index":"index","follow":"follow","max-snippet":"max-snippet:-1","max-image-preview":"max-image-preview:large","max-video-preview":"max-video-preview:-1"},"canonical":"https:\/\/floridareprofreedom.org\/ht\/kontouneman-jidisye-2\/","og_locale":"ht_HT","og_type":"article","og_title":"What is a judicial bypass for abortion? - Floridians For Reproductive Freedom","og_description":"Can&#8217;t get a parent involved in your decision to get an abortion? Read on.\u00a0 \u00a0 Need free legal assistance for a judicial bypass in\u00a0Florida? Contact The Jane\u00a0Network at\u00a0info@janenetworkfl.org\u00a0or access\u00a0their website here\u00a0for help. Florida law requires a parent to give permission\u00a0if a young person under 18 years old is trying to get an abortion.\u00a0(More info on [&hellip;]","og_url":"https:\/\/floridareprofreedom.org\/ht\/kontouneman-jidisye-2\/","og_site_name":"Floridians For Reproductive Freedom","article_publisher":"https:\/\/www.facebook.com\/FloridaReproFreedom\/","article_modified_time":"2025-10-06T16:25:32+00:00","og_image":[{"width":1080,"height":1350,"url":"https:\/\/floridareprofreedom.org\/wp-content\/uploads\/2023\/05\/Jane.Network.jpg","type":"image\/jpeg"}],"twitter_card":"summary_large_image","twitter_site":"@FLReproFreedom","twitter_misc":{"Est. reading time":"3 minutes"},"schema":{"@context":"https:\/\/schema.org","@graph":[{"@type":"WebPage","@id":"https:\/\/floridareprofreedom.org\/judicial-bypass\/","url":"https:\/\/floridareprofreedom.org\/judicial-bypass\/","name":"Kisa yon kontoune jidisy\u00e8 pou av\u00f2tman ye? - Floridyen Pou Lib\u00e8te Repwodiktif","isPartOf":{"@id":"https:\/\/floridareprofreedom.org\/#website"},"primaryImageOfPage":{"@id":"https:\/\/floridareprofreedom.org\/judicial-bypass\/#primaryimage"},"image":{"@id":"https:\/\/floridareprofreedom.org\/judicial-bypass\/#primaryimage"},"thumbnailUrl":"https:\/\/floridareprofreedom.org\/wp-content\/uploads\/2023\/05\/Jane.Network-240x300.jpg","datePublished":"2020-06-01T13:02:53+00:00","dateModified":"2025-10-06T16:25:32+00:00","breadcrumb":{"@id":"https:\/\/floridareprofreedom.org\/judicial-bypass\/#breadcrumb"},"inLanguage":"ht","potentialAction":[{"@type":"ReadAction","target":["https:\/\/floridareprofreedom.org\/judicial-bypass\/"]}]},{"@type":"ImageObject","inLanguage":"ht","@id":"https:\/\/floridareprofreedom.org\/judicial-bypass\/#primaryimage","url":"https:\/\/floridareprofreedom.org\/wp-content\/uploads\/2023\/05\/Jane.Network-240x300.jpg","contentUrl":"https:\/\/floridareprofreedom.org\/wp-content\/uploads\/2023\/05\/Jane.Network-240x300.jpg"},{"@type":"BreadcrumbList","@id":"https:\/\/floridareprofreedom.org\/judicial-bypass\/#breadcrumb","itemListElement":[{"@type":"ListItem","position":1,"name":"Home","item":"https:\/\/floridareprofreedom.org\/"},{"@type":"ListItem","position":2,"name":"What is a judicial bypass for abortion?"}]},{"@type":"WebSite","@id":"https:\/\/floridareprofreedom.org\/#website","url":"https:\/\/floridareprofreedom.org\/","name":"Floridyen pou lib\u00e8te repwodiktif","description":"Ap defann aks\u00e8 pratik, ab\u00f2dab, epi an sekirite a swen sante repwodiktif, tankou av\u00f2tman.","publisher":{"@id":"https:\/\/floridareprofreedom.org\/#organization"},"potentialAction":[{"@type":"SearchAction","target":{"@type":"EntryPoint","urlTemplate":"https:\/\/floridareprofreedom.org\/?s={search_term_string}"},"query-input":{"@type":"PropertyValueSpecification","valueRequired":true,"valueName":"search_term_string"}}],"inLanguage":"ht"},{"@type":"Organization","@id":"https:\/\/floridareprofreedom.org\/#organization","name":"Floridyen pou Lib\u00e8te Repwodiktif","url":"https:\/\/floridareprofreedom.org\/","logo":{"@type":"ImageObject","inLanguage":"ht","@id":"https:\/\/floridareprofreedom.org\/#\/schema\/logo\/image\/","url":"https:\/\/floridareprofreedom.org\/wp-content\/uploads\/2019\/05\/Untitled.jpg","contentUrl":"https:\/\/floridareprofreedom.org\/wp-content\/uploads\/2019\/05\/Untitled.jpg","width":174,"height":180,"caption":"Floridians for Reproductive Freedom"},"image":{"@id":"https:\/\/floridareprofreedom.org\/#\/schema\/logo\/image\/"},"sameAs":["https:\/\/www.facebook.com\/FloridaReproFreedom\/","https:\/\/x.com\/FLReproFreedom","https:\/\/www.instagram.com\/floridareprofreedom\/"]}]}},"_links":{"self":[{"href":"https:\/\/floridareprofreedom.org\/ht\/wp-json\/wp\/v2\/pages\/965","targetHints":{"allow":["GET"]}}],"collection":[{"href":"https:\/\/floridareprofreedom.org\/ht\/wp-json\/wp\/v2\/pages"}],"about":[{"href":"https:\/\/floridareprofreedom.org\/ht\/wp-json\/wp\/v2\/types\/page"}],"author":[{"embeddable":true,"href":"https:\/\/floridareprofreedom.org\/ht\/wp-json\/wp\/v2\/users\/3"}],"replies":[{"embeddable":true,"href":"https:\/\/floridareprofreedom.org\/ht\/wp-json\/wp\/v2\/comments?post=965"}],"version-history":[{"count":27,"href":"https:\/\/floridareprofreedom.org\/ht\/wp-json\/wp\/v2\/pages\/965\/revisions"}],"predecessor-version":[{"id":4262,"href":"https:\/\/floridareprofreedom.org\/ht\/wp-json\/wp\/v2\/pages\/965\/revisions\/4262"}],"wp:attachment":[{"href":"https:\/\/floridareprofreedom.org\/ht\/wp-json\/wp\/v2\/media?parent=965"}],"wp:term":[{"taxonomy":"folder","embeddable":true,"href":"https:\/\/floridareprofreedom.org\/ht\/wp-json\/wp\/v2\/folder?post=965"}],"curies":[{"name":"wp","href":"https:\/\/api.w.org\/{rel}","templated":true}]}}