{"id":967,"date":"2020-06-01T13:03:18","date_gmt":"2020-06-01T13:03:18","guid":{"rendered":"https:\/\/floridareprofreedom.org\/?page_id=967"},"modified":"2023-05-12T19:43:57","modified_gmt":"2023-05-12T19:43:57","slug":"jij","status":"publish","type":"page","link":"https:\/\/floridareprofreedom.org\/ht\/judge\/","title":{"rendered":"Kisa jij la pral konsidere?"},"content":{"rendered":"<p><img fetchpriority=\"high\" decoding=\"async\" class=\"size-medium wp-image-2731 alignright\" src=\"https:\/\/floridareprofreedom.org\/wp-content\/uploads\/2023\/05\/Jane.Network-240x300.jpg\" alt=\"\" width=\"240\" height=\"300\" srcset=\"https:\/\/floridareprofreedom.org\/wp-content\/uploads\/2023\/05\/Jane.Network-240x300.jpg 240w, https:\/\/floridareprofreedom.org\/wp-content\/uploads\/2023\/05\/Jane.Network-819x1024.jpg 819w, https:\/\/floridareprofreedom.org\/wp-content\/uploads\/2023\/05\/Jane.Network-768x960.jpg 768w, https:\/\/floridareprofreedom.org\/wp-content\/uploads\/2023\/05\/Jane.Network.jpg 1080w\" sizes=\"(max-width: 240px) 100vw, 240px\" \/><\/p>\n<p><span style=\"font-weight: 400;\">Gen twa rezon diferan pou yon jij deside bay yon kontouneman jidisy\u00e8. Ou dwe pwouve <\/span><b><i>omwen youn<\/i><\/b><span style=\"font-weight: 400;\"> nan twa rezon sa yo. Si plis pase youn aplike pou ou, ou ta dwe eksplike chak rezon ki aplike. Twa rezon yo se:<\/span><\/p>\n<p><b>Ke ou gen ase matirite<\/b><\/p>\n<ul>\n<li style=\"font-weight: 400;\"><span style=\"font-weight: 400;\">Pou pwouve ou gen ase matirite pou deside mete fen nan gwos\u00e8s ou a, ou pral bezwen montre sa pa &quot;<\/span><i><span style=\"font-weight: 400;\">pr\u00e8v kl\u00e8 ak konvenkan<\/span><\/i><span style=\"font-weight: 400;\">Sa vle di ke li dwe gen plis chans pase pa ke ou gen ase matirite pou pran desizyon sa a poukont ou.<\/span><\/li>\n<li>Pou det\u00e8mine si ou gen ase matirite pou pran desizyon sa a poukont ou, lalwa Florid egzije pou jij la konsidere:\n<ul>\n<li>laj<\/li>\n<li>ent\u00e8lijans jeneral<\/li>\n<li>devlopman emosyon\u00e8l ak estabilite<\/li>\n<li>kredibilite ak fason ou aji<\/li>\n<li>kapasite pou aksepte responsablite<\/li>\n<li>kapasite pou konsidere konsekans imedya ak alont\u00e8m yon av\u00f2tman<\/li>\n<li>kapasite pou konprann epi eksplike risk medikal ki genyen nan mete fen nan gwos\u00e8s ou, epi kapasite pou aplike konpreyansyon sa a nan desizyon ou.<\/li>\n<\/ul>\n<\/li>\n<li>Lalwa egzije pou jij la deside pa gen okenn &quot;enfliyans endezirab&quot; nan men yon l\u00f2t moun sou desizyon w pou w f\u00e8 av\u00f2tman. Enfliyans endezirab vle di yon l\u00f2t moun f\u00f2se w pran desizyon sa a si se pa desizyon sa a ou vle pran.\n<ul>\n<li>Pa egzanp, si yon mennaj, yon zanmi, oswa yon l\u00f2t moun ap eseye konvenk ou pou f\u00e8 yon av\u00f2tman al\u00f2ske se pa vr\u00e8man sa ou vle f\u00e8 a, Jij la ap pran sa an konsiderasyon l\u00e8 l ap deside si li pral ak\u00f2de oswa refize demann ou an pou dispans jidisy\u00e8 a.<\/li>\n<\/ul>\n<\/li>\n<li style=\"font-weight: 400;\"><span style=\"font-weight: 400;\">Pou ede jij la pwouve ou gen ase matirite pou chwazi mete fen nan gwos\u00e8s ou san ou pa enplike yon paran, ou ta dwe bay jij la enf\u00f2masyon sou l\u00e8 w lek\u00f2l, patisipasyon w nan kominote a, eksperyans travay, ak plan konkr\u00e8 pou lavni, tankou plan pou ale nan iniv\u00e8site oswa pouswiv yon s\u00e8ten kary\u00e8 oswa chemen vokasyon\u00e8l.\u00a0<\/span><\/li>\n<li style=\"font-weight: 400;\"><span style=\"font-weight: 400;\">Jij la ka mande w si w te pale ak l\u00f2t granmoun ou f\u00e8 konfyans sou desizyon w lan. Anjeneral, jij yo gade yon fason favorab pou min\u00e8 ki gen yon sist\u00e8m sip\u00f2 ki te ede yo pran desizyon sa a, moun yo te ka konte sou yo si gen nenp\u00f2t konplikasyon medikal oswa mantal apre av\u00f2tman an, kit se yon l\u00f2t manm fanmi, yon zanmi granmoun, oswa yon konseye.\u00a0<\/span><\/li>\n<li style=\"font-weight: 400;\"><span style=\"font-weight: 400;\">Prepare w pou w eksplike kijan w pral peye av\u00f2tman an poukont ou, san \u00e8d paran w.\u00a0<\/span><\/li>\n<li style=\"font-weight: 400;\"><span style=\"font-weight: 400;\">Yon jij ka vle w\u00e8 tou si ou te rankontre ak yon dokt\u00e8 epi si ou konnen pwosedi a ak risk ki genyen nan f\u00e8 sa.<\/span><\/li>\n<li style=\"font-weight: 400;\">Pafwa jij yo deside ke yon min\u00e8 pa gen ase matirite pou deside f\u00e8 yon av\u00f2tman san enplike yon paran. Sa rive l\u00e8 min\u00e8 a te <i>enkapab <\/i>pou demontre:\n<ul>\n<li style=\"font-weight: 400;\">nenp\u00f2t konesans kons\u00e8nan pwobl\u00e8m fizik, emosyon\u00e8l, oswa sikolojik espesifik imedya oswa alont\u00e8m<strong> risk pou f\u00e8 av\u00f2tman<\/strong>,<\/li>\n<li style=\"font-weight: 400;\">pr\u00e8v ke yo te ch\u00e8che kons\u00e8y oswa emosyon\u00e8l <strong>sip\u00f2 nan men nenp\u00f2t granmoun<\/strong>,<\/li>\n<li style=\"font-weight: 400;\">sa li ta f\u00e8 si li ta gen nenp\u00f2t pwobl\u00e8m fizik oswa emosyon\u00e8l <strong>konplikasyon<\/strong> soti nan av\u00f2tman,<\/li>\n<li style=\"font-weight: 400;\">konesans de <strong>kijan eksperyans av\u00f2tman an ye<\/strong> oubyen konplikasyon potansy\u00e8l yo.<\/li>\n<\/ul>\n<\/li>\n<li style=\"font-weight: 400;\"><span style=\"font-weight: 400;\">Tribinal Florid yo det\u00e8mine matirite l\u00e8 yo tire &quot;konklizyon&quot; apati kalm min\u00e8 a, kapasite analiz li, aparans li, refleksyon li, ton vwa li, ekspresyon li, ak kapasite li pou l atikile rez\u00f2nman ak konklizyon li yo. Tribinal yo ka konsidere tou eksperyans ou tankou eksperyans travay anvan, eksperyans ou nan viv lwen lakay ou, oswa eksperyans ou nan jere finans p\u00e8son\u00e8l.<\/span><i><span style=\"font-weight: 400;\">\u00a0<\/span><\/i><\/li>\n<li style=\"font-weight: 400;\"><span style=\"font-weight: 400;\">Chak min\u00e8 diferan, epi yo ta dwe deside matirite a dapre sikonstans p\u00e8son\u00e8l ak istwa lavi chak moun, olye de yon s\u00e8l estanda matirite.\u00a0\u00a0<\/span><\/li>\n<\/ul>\n<p><span style=\"font-weight: 400;\">\u00a0<\/span><b>Ke ou se yon viktim abi<\/b><\/p>\n<ul>\n<li style=\"font-weight: 400;\"><span style=\"font-weight: 400;\">Si w ap eseye pwouve ke yon paran oswa yon gadyen legal te maltrete w, w ap bezwen pwouve sa bay jij la av\u00e8k yon &quot;preponderans pr\u00e8v&quot;. Sa vle di jij la bezwen tande ke gen plis chans ke ou te sibi abi sa a pase pa. Li ka difisil pou di jij la egzakteman ki sa abi a te ye, men li enp\u00f2tan pou ou di verite a epi bay jij la detay espesifik pou l ka konprann poukisa ou vle mete fen nan gwos\u00e8s ou.\u00a0<\/span><\/li>\n<li style=\"font-weight: 400;\"><span style=\"font-weight: 400;\">Remake byen ke si tribinal la jwenn pr\u00e8v abi sou timoun oswa abi seksy\u00e8l pa nenp\u00f2t moun, tribinal la gen obligasyon anba lalwa pou rap\u00f2te pr\u00e8v abi sou timoun oswa abi seksy\u00e8l la.\u00a0<\/span><\/li>\n<\/ul>\n<p><b>Ke li nan pi bon enter\u00e8 ou<\/b><\/p>\n<ul>\n<li style=\"font-weight: 400;\"><span style=\"font-weight: 400;\">Si w ap eseye pwouve ke enplike yon paran (oswa yon gadyen legal) kons\u00e8nan gwos\u00e8s ou a pa nan pi bon enter\u00e8 w, w ap gen pou pwouve sa bay jij la av\u00e8k pr\u00e8v kl\u00e8 ak konvenkan. Pr\u00e8v kl\u00e8 ak konvenkan vle di w ap gen pou pwouve ke li pi pwobab pase pa ke li pa nan pi bon enter\u00e8 w pou enplike paran w oswa gadyen w.<\/span><\/li>\n<li style=\"font-weight: 400;\"><span style=\"font-weight: 400;\">Tribinal Florid yo pa konsidere <\/span><b><i>p\u00e8 <\/i><\/b><span style=\"font-weight: 400;\">Enplike yon paran se yon rezon ase pou ou jwenn yon egzansyon jidisy\u00e8 pou egzijans avi a. L\u00e8 w gen yon laper\u00e8z jeneral ke yon paran p ap konprann av\u00f2tman oswa p ap fache pout\u00e8t gwos\u00e8s ou a, anjeneral, sa pa ase pou etabli ke li nan pi bon enter\u00e8 w pou w pa enplike paran w oswa gadyen w lan.\u00a0<\/span><\/li>\n<li style=\"font-weight: 400;\"><span style=\"font-weight: 400;\">Plizy\u00e8 tribinal Florid te baze desizyon yo pou det\u00e8mine ke yon egzansyon jidisy\u00e8 se nan pi bon enter\u00e8 min\u00e8 a sou konsiderasyon fakt\u00e8 sa yo:\u00a0<\/span>\n<ul>\n<li style=\"font-weight: 400;\"><span style=\"font-weight: 400;\">bezwen emosyon\u00e8l oswa fizik min\u00e8 a;\u00a0<\/span><\/li>\n<li style=\"font-weight: 400;\"><span style=\"font-weight: 400;\">posibilite pou min\u00e8 a sibi entimidasyon, l\u00f2t blesi emosyon\u00e8l, oswa danje fizik;\u00a0<\/span><\/li>\n<li style=\"font-weight: 400;\"><span style=\"font-weight: 400;\">estabilite kay min\u00e8 a ak posiblite pou notifikasyon an ta lak\u00f2z domaj grav ak dirab nan estrikti fanmi an;\u00a0<\/span><\/li>\n<li style=\"font-weight: 400;\"><span style=\"font-weight: 400;\">relasyon ki genyen ant paran yo ak min\u00e8 a epi ef\u00e8 notifikasyon an genyen sou relasyon sa a, epi\u00a0<\/span><\/li>\n<li style=\"font-weight: 400;\"><span style=\"font-weight: 400;\">posiblite pou notifikasyon an ka f\u00e8 paran yo retire k\u00f2 yo sou plan emosyon\u00e8l<\/span><\/li>\n<\/ul>\n<\/li>\n<\/ul>\n<p>Gade tou &quot;<a href=\"https:\/\/floridareprofreedom.org\/ht\/kesyonjij\/\">Ki kalite kesyon jij la pral poze m?<\/a>\u201c&quot;.<\/p>\n<p><a href=\"https:\/\/floridareprofreedom.org\/ht\/fom-yo\/\"><img decoding=\"async\" class=\"alignnone size-full wp-image-1014\" src=\"https:\/\/floridareprofreedom.org\/wp-content\/uploads\/2020\/05\/previous.gif\" alt=\"\" width=\"231\" height=\"32\" \/><\/a> <a href=\"https:\/\/floridareprofreedom.org\/ht\/avoka\/\"><img decoding=\"async\" class=\"alignnone size-full wp-image-1015\" src=\"https:\/\/floridareprofreedom.org\/wp-content\/uploads\/2020\/05\/next.gif\" alt=\"\" width=\"231\" height=\"32\" \/><\/a><\/p>\n<p><b>Kesyon ki gen rap\u00f2<\/b><\/p>\n<ul>\n<li><a href=\"https:\/\/floridareprofreedom.org\/ht\/kote\/\" data-saferedirecturl=\"https:\/\/www.google.com\/url?q=https:\/\/floridareprofreedom.org\/where\/&amp;source=gmail&amp;ust=1683906476472000&amp;usg=AOvVaw3mu6YVFgqkD4Pez6NjG8ld\">Ki kote pou m ale pou m jwenn yon bypass jidisy\u00e8?<\/a><\/li>\n<li><a href=\"https:\/\/floridareprofreedom.org\/ht\/fom-yo\/\" data-saferedirecturl=\"https:\/\/www.google.com\/url?q=https:\/\/floridareprofreedom.org\/forms\/&amp;source=gmail&amp;ust=1683906476472000&amp;usg=AOvVaw136dOx90JsVdnnw2DC-2w-\">Ki f\u00f2m mwen bezwen?<\/a><\/li>\n<li><a href=\"https:\/\/floridareprofreedom.org\/ht\/jij\/\" data-saferedirecturl=\"https:\/\/www.google.com\/url?q=https:\/\/floridareprofreedom.org\/judge\/&amp;source=gmail&amp;ust=1683906476472000&amp;usg=AOvVaw2P7ymQUJRCzhqMXd4UNaJ7\">Kisa jij la pral konsidere?<\/a><\/li>\n<li><a href=\"https:\/\/floridareprofreedom.org\/ht\/avoka\/\" data-saferedirecturl=\"https:\/\/www.google.com\/url?q=https:\/\/floridareprofreedom.org\/lawyer\/&amp;source=gmail&amp;ust=1683906476472000&amp;usg=AOvVaw1VWcwoUhzhE3Mgd7GYDccH\">\u00c8ske mwen bezwen yon avoka?<\/a><\/li>\n<li><a href=\"https:\/\/floridareprofreedom.org\/ht\/konbyen-tan\/\" data-saferedirecturl=\"https:\/\/www.google.com\/url?q=https:\/\/floridareprofreedom.org\/howlong\/&amp;source=gmail&amp;ust=1683906476472000&amp;usg=AOvVaw1e3sl8iXIwNIDxaizz5i5g\">Konbyen tan li pran pou jwenn yon kontouneman jidisy\u00e8?<\/a><\/li>\n<li><a href=\"https:\/\/floridareprofreedom.org\/ht\/pri\/\" data-saferedirecturl=\"https:\/\/www.google.com\/url?q=https:\/\/floridareprofreedom.org\/cost\/&amp;source=gmail&amp;ust=1683906476472000&amp;usg=AOvVaw1fuUIxBoSRoq3s7dK2V5gQ\">\u00c8ske li koute lajan pou jwenn yon kontoune jidisy\u00e8?<\/a><\/li>\n<li><a href=\"https:\/\/floridareprofreedom.org\/ht\/nenpot-moun-konnen\/\" data-saferedirecturl=\"https:\/\/www.google.com\/url?q=https:\/\/floridareprofreedom.org\/anyoneknow\/&amp;source=gmail&amp;ust=1683906476472000&amp;usg=AOvVaw37ej9zAF1sjNn2VvNU32l7\">\u00c8ske gen moun ki pral konnen si mwen jwenn yon kontoune jidisy\u00e8 pou av\u00f2tman?<\/a><\/li>\n<li><a href=\"https:\/\/floridareprofreedom.org\/ht\/kesyonjij\/\" data-saferedirecturl=\"https:\/\/www.google.com\/url?q=https:\/\/floridareprofreedom.org\/questionsjudge\/&amp;source=gmail&amp;ust=1683906476472000&amp;usg=AOvVaw3dAjcFd4rHWPQLnuW5luOy\">Ki kalite kesyon jij la pral poze m?<\/a><\/li>\n<li><a href=\"https:\/\/floridareprofreedom.org\/ht\/mete\/\" data-saferedirecturl=\"https:\/\/www.google.com\/url?q=https:\/\/floridareprofreedom.org\/wear\/&amp;source=gmail&amp;ust=1683906476472000&amp;usg=AOvVaw1DZMIlo7hGRfuHrMBramoR\">Kisa pou m mete pou m al nan tribinal la?<\/a><\/li>\n<li><a href=\"https:\/\/floridareprofreedom.org\/ht\/pwograme\/\" data-saferedirecturl=\"https:\/\/www.google.com\/url?q=https:\/\/floridareprofreedom.org\/scheduled\/&amp;source=gmail&amp;ust=1683906476472000&amp;usg=AOvVaw1xn17zmaHRp-mTJeGEMVJJ\">Kisa k ap pase si odyans mwen an pwograme pandan yon jounen lek\u00f2l?<\/a><\/li>\n<li><a href=\"https:\/\/floridareprofreedom.org\/ht\/lot-moun\/\" data-saferedirecturl=\"https:\/\/www.google.com\/url?q=https:\/\/floridareprofreedom.org\/otherperson\/&amp;source=gmail&amp;ust=1683906476472000&amp;usg=AOvVaw3uTwbO2--bonngguSJ12xd\">\u00c8ske l\u00f2t moun ki enplike nan gwos\u00e8s mwen an gen yon opinyon sou chwa mwen pou m f\u00e8 av\u00f2tman?<\/a><\/li>\n<li><a href=\"https:\/\/floridareprofreedom.org\/ht\/sitwayen\/\" data-saferedirecturl=\"https:\/\/www.google.com\/url?q=https:\/\/floridareprofreedom.org\/citizen\/&amp;source=gmail&amp;ust=1683906476472000&amp;usg=AOvVaw1Y2l43i6aWQo-5DlHJx17Y\">\u00c8ske mwen oblije yon sitwayen ameriken pou mwen ka f\u00e8 yon av\u00f2tman? E si mwen pa pale angle byen?<\/a><\/li>\n<li><a href=\"https:\/\/floridareprofreedom.org\/ht\/chanjman\/\" data-saferedirecturl=\"https:\/\/www.google.com\/url?q=https:\/\/floridareprofreedom.org\/change\/&amp;source=gmail&amp;ust=1683906476472000&amp;usg=AOvVaw2NLUMPBzAbIB4_0_AwaxUX\">\u00c8ske m ka chanje lide apre m fin f\u00e8 bypass la?<\/a><\/li>\n<li><a href=\"https:\/\/floridareprofreedom.org\/ht\/nye\/\" data-saferedirecturl=\"https:\/\/www.google.com\/url?q=https:\/\/floridareprofreedom.org\/denies\/&amp;source=gmail&amp;ust=1683906476472000&amp;usg=AOvVaw3bGAnbvux63X3E7mPLosTY\">E si jij la refize demann mwen pou yon kontouneman?<\/a><\/li>\n<\/ul>","protected":false},"excerpt":{"rendered":"<p>There are three different reasons a judge will decide to give a judicial bypass. You have to prove at least one of those three\u00a0reasons. If more than one applies to you then you should explain each reason that applies. The three reasons are: That you are mature enough To prove that you are sufficiently mature [&hellip;]<\/p>\n","protected":false},"author":3,"featured_media":0,"parent":0,"menu_order":0,"comment_status":"closed","ping_status":"closed","template":"","meta":{"footnotes":""},"folder":[8],"class_list":["post-967","page","type-page","status-publish","hentry"],"yoast_head":"<!-- This site is optimized with the Yoast SEO plugin v27.3 - https:\/\/yoast.com\/product\/yoast-seo-wordpress\/ -->\n<title>What will the judge consider? - Floridians For Reproductive Freedom<\/title>\n<meta name=\"robots\" content=\"index, follow, max-snippet:-1, max-image-preview:large, max-video-preview:-1\" \/>\n<link rel=\"canonical\" href=\"https:\/\/floridareprofreedom.org\/ht\/jij\/\" \/>\n<meta property=\"og:locale\" content=\"ht_HT\" \/>\n<meta property=\"og:type\" content=\"article\" \/>\n<meta property=\"og:title\" content=\"What will the judge consider? - Floridians For Reproductive Freedom\" \/>\n<meta property=\"og:description\" content=\"There are three different reasons a judge will decide to give a judicial bypass. You have to prove at least one of those three\u00a0reasons. If more than one applies to you then you should explain each reason that applies. The three reasons are: That you are mature enough To prove that you are sufficiently mature [&hellip;]\" \/>\n<meta property=\"og:url\" content=\"https:\/\/floridareprofreedom.org\/ht\/jij\/\" \/>\n<meta property=\"og:site_name\" content=\"Floridians For Reproductive Freedom\" \/>\n<meta property=\"article:publisher\" content=\"https:\/\/www.facebook.com\/FloridaReproFreedom\/\" \/>\n<meta property=\"article:modified_time\" content=\"2023-05-12T19:43:57+00:00\" \/>\n<meta property=\"og:image\" content=\"https:\/\/floridareprofreedom.org\/wp-content\/uploads\/2023\/05\/Jane.Network-240x300.jpg\" \/>\n<meta name=\"twitter:card\" content=\"summary_large_image\" \/>\n<meta name=\"twitter:site\" content=\"@FLReproFreedom\" \/>\n<meta name=\"twitter:label1\" content=\"Est. reading time\" \/>\n\t<meta name=\"twitter:data1\" content=\"6 minutes\" \/>\n<script type=\"application\/ld+json\" class=\"yoast-schema-graph\">{\"@context\":\"https:\\\/\\\/schema.org\",\"@graph\":[{\"@type\":\"WebPage\",\"@id\":\"https:\\\/\\\/floridareprofreedom.org\\\/judge\\\/\",\"url\":\"https:\\\/\\\/floridareprofreedom.org\\\/judge\\\/\",\"name\":\"What will the judge consider? - Floridians For Reproductive Freedom\",\"isPartOf\":{\"@id\":\"https:\\\/\\\/floridareprofreedom.org\\\/#website\"},\"primaryImageOfPage\":{\"@id\":\"https:\\\/\\\/floridareprofreedom.org\\\/judge\\\/#primaryimage\"},\"image\":{\"@id\":\"https:\\\/\\\/floridareprofreedom.org\\\/judge\\\/#primaryimage\"},\"thumbnailUrl\":\"https:\\\/\\\/floridareprofreedom.org\\\/wp-content\\\/uploads\\\/2023\\\/05\\\/Jane.Network-240x300.jpg\",\"datePublished\":\"2020-06-01T13:03:18+00:00\",\"dateModified\":\"2023-05-12T19:43:57+00:00\",\"breadcrumb\":{\"@id\":\"https:\\\/\\\/floridareprofreedom.org\\\/judge\\\/#breadcrumb\"},\"inLanguage\":\"ht\",\"potentialAction\":[{\"@type\":\"ReadAction\",\"target\":[\"https:\\\/\\\/floridareprofreedom.org\\\/judge\\\/\"]}]},{\"@type\":\"ImageObject\",\"inLanguage\":\"ht\",\"@id\":\"https:\\\/\\\/floridareprofreedom.org\\\/judge\\\/#primaryimage\",\"url\":\"https:\\\/\\\/floridareprofreedom.org\\\/wp-content\\\/uploads\\\/2023\\\/05\\\/Jane.Network-240x300.jpg\",\"contentUrl\":\"https:\\\/\\\/floridareprofreedom.org\\\/wp-content\\\/uploads\\\/2023\\\/05\\\/Jane.Network-240x300.jpg\"},{\"@type\":\"BreadcrumbList\",\"@id\":\"https:\\\/\\\/floridareprofreedom.org\\\/judge\\\/#breadcrumb\",\"itemListElement\":[{\"@type\":\"ListItem\",\"position\":1,\"name\":\"Home\",\"item\":\"https:\\\/\\\/floridareprofreedom.org\\\/\"},{\"@type\":\"ListItem\",\"position\":2,\"name\":\"What will the judge consider?\"}]},{\"@type\":\"WebSite\",\"@id\":\"https:\\\/\\\/floridareprofreedom.org\\\/#website\",\"url\":\"https:\\\/\\\/floridareprofreedom.org\\\/\",\"name\":\"Floridians For Reproductive Freedom\",\"description\":\"Advocating for convenient, affordable, and safe access to reproductive health care, including abortion.\",\"publisher\":{\"@id\":\"https:\\\/\\\/floridareprofreedom.org\\\/#organization\"},\"potentialAction\":[{\"@type\":\"SearchAction\",\"target\":{\"@type\":\"EntryPoint\",\"urlTemplate\":\"https:\\\/\\\/floridareprofreedom.org\\\/?s={search_term_string}\"},\"query-input\":{\"@type\":\"PropertyValueSpecification\",\"valueRequired\":true,\"valueName\":\"search_term_string\"}}],\"inLanguage\":\"ht\"},{\"@type\":\"Organization\",\"@id\":\"https:\\\/\\\/floridareprofreedom.org\\\/#organization\",\"name\":\"Floridians for Reproductive Freedom\",\"url\":\"https:\\\/\\\/floridareprofreedom.org\\\/\",\"logo\":{\"@type\":\"ImageObject\",\"inLanguage\":\"ht\",\"@id\":\"https:\\\/\\\/floridareprofreedom.org\\\/#\\\/schema\\\/logo\\\/image\\\/\",\"url\":\"https:\\\/\\\/floridareprofreedom.org\\\/wp-content\\\/uploads\\\/2019\\\/05\\\/Untitled.jpg\",\"contentUrl\":\"https:\\\/\\\/floridareprofreedom.org\\\/wp-content\\\/uploads\\\/2019\\\/05\\\/Untitled.jpg\",\"width\":174,\"height\":180,\"caption\":\"Floridians for Reproductive Freedom\"},\"image\":{\"@id\":\"https:\\\/\\\/floridareprofreedom.org\\\/#\\\/schema\\\/logo\\\/image\\\/\"},\"sameAs\":[\"https:\\\/\\\/www.facebook.com\\\/FloridaReproFreedom\\\/\",\"https:\\\/\\\/x.com\\\/FLReproFreedom\",\"https:\\\/\\\/www.instagram.com\\\/floridareprofreedom\\\/\"]}]}<\/script>\n<!-- \/ Yoast SEO plugin. -->","yoast_head_json":{"title":"Kisa jij la pral konsidere? - Floridyen Pou Lib\u00e8te Repwodiktif","robots":{"index":"index","follow":"follow","max-snippet":"max-snippet:-1","max-image-preview":"max-image-preview:large","max-video-preview":"max-video-preview:-1"},"canonical":"https:\/\/floridareprofreedom.org\/ht\/jij\/","og_locale":"ht_HT","og_type":"article","og_title":"What will the judge consider? - Floridians For Reproductive Freedom","og_description":"There are three different reasons a judge will decide to give a judicial bypass. You have to prove at least one of those three\u00a0reasons. If more than one applies to you then you should explain each reason that applies. The three reasons are: That you are mature enough To prove that you are sufficiently mature [&hellip;]","og_url":"https:\/\/floridareprofreedom.org\/ht\/jij\/","og_site_name":"Floridians For Reproductive Freedom","article_publisher":"https:\/\/www.facebook.com\/FloridaReproFreedom\/","article_modified_time":"2023-05-12T19:43:57+00:00","og_image":[{"url":"https:\/\/floridareprofreedom.org\/wp-content\/uploads\/2023\/05\/Jane.Network-240x300.jpg","type":"","width":"","height":""}],"twitter_card":"summary_large_image","twitter_site":"@FLReproFreedom","twitter_misc":{"Est. reading time":"6 minutes"},"schema":{"@context":"https:\/\/schema.org","@graph":[{"@type":"WebPage","@id":"https:\/\/floridareprofreedom.org\/judge\/","url":"https:\/\/floridareprofreedom.org\/judge\/","name":"Kisa jij la pral konsidere? - Floridyen Pou Lib\u00e8te Repwodiktif","isPartOf":{"@id":"https:\/\/floridareprofreedom.org\/#website"},"primaryImageOfPage":{"@id":"https:\/\/floridareprofreedom.org\/judge\/#primaryimage"},"image":{"@id":"https:\/\/floridareprofreedom.org\/judge\/#primaryimage"},"thumbnailUrl":"https:\/\/floridareprofreedom.org\/wp-content\/uploads\/2023\/05\/Jane.Network-240x300.jpg","datePublished":"2020-06-01T13:03:18+00:00","dateModified":"2023-05-12T19:43:57+00:00","breadcrumb":{"@id":"https:\/\/floridareprofreedom.org\/judge\/#breadcrumb"},"inLanguage":"ht","potentialAction":[{"@type":"ReadAction","target":["https:\/\/floridareprofreedom.org\/judge\/"]}]},{"@type":"ImageObject","inLanguage":"ht","@id":"https:\/\/floridareprofreedom.org\/judge\/#primaryimage","url":"https:\/\/floridareprofreedom.org\/wp-content\/uploads\/2023\/05\/Jane.Network-240x300.jpg","contentUrl":"https:\/\/floridareprofreedom.org\/wp-content\/uploads\/2023\/05\/Jane.Network-240x300.jpg"},{"@type":"BreadcrumbList","@id":"https:\/\/floridareprofreedom.org\/judge\/#breadcrumb","itemListElement":[{"@type":"ListItem","position":1,"name":"Home","item":"https:\/\/floridareprofreedom.org\/"},{"@type":"ListItem","position":2,"name":"What will the judge consider?"}]},{"@type":"WebSite","@id":"https:\/\/floridareprofreedom.org\/#website","url":"https:\/\/floridareprofreedom.org\/","name":"Floridyen pou lib\u00e8te repwodiktif","description":"Ap defann aks\u00e8 pratik, ab\u00f2dab, epi an sekirite a swen sante repwodiktif, tankou av\u00f2tman.","publisher":{"@id":"https:\/\/floridareprofreedom.org\/#organization"},"potentialAction":[{"@type":"SearchAction","target":{"@type":"EntryPoint","urlTemplate":"https:\/\/floridareprofreedom.org\/?s={search_term_string}"},"query-input":{"@type":"PropertyValueSpecification","valueRequired":true,"valueName":"search_term_string"}}],"inLanguage":"ht"},{"@type":"Organization","@id":"https:\/\/floridareprofreedom.org\/#organization","name":"Floridyen pou Lib\u00e8te Repwodiktif","url":"https:\/\/floridareprofreedom.org\/","logo":{"@type":"ImageObject","inLanguage":"ht","@id":"https:\/\/floridareprofreedom.org\/#\/schema\/logo\/image\/","url":"https:\/\/floridareprofreedom.org\/wp-content\/uploads\/2019\/05\/Untitled.jpg","contentUrl":"https:\/\/floridareprofreedom.org\/wp-content\/uploads\/2019\/05\/Untitled.jpg","width":174,"height":180,"caption":"Floridians for Reproductive Freedom"},"image":{"@id":"https:\/\/floridareprofreedom.org\/#\/schema\/logo\/image\/"},"sameAs":["https:\/\/www.facebook.com\/FloridaReproFreedom\/","https:\/\/x.com\/FLReproFreedom","https:\/\/www.instagram.com\/floridareprofreedom\/"]}]}},"_links":{"self":[{"href":"https:\/\/floridareprofreedom.org\/ht\/wp-json\/wp\/v2\/pages\/967","targetHints":{"allow":["GET"]}}],"collection":[{"href":"https:\/\/floridareprofreedom.org\/ht\/wp-json\/wp\/v2\/pages"}],"about":[{"href":"https:\/\/floridareprofreedom.org\/ht\/wp-json\/wp\/v2\/types\/page"}],"author":[{"embeddable":true,"href":"https:\/\/floridareprofreedom.org\/ht\/wp-json\/wp\/v2\/users\/3"}],"replies":[{"embeddable":true,"href":"https:\/\/floridareprofreedom.org\/ht\/wp-json\/wp\/v2\/comments?post=967"}],"version-history":[{"count":15,"href":"https:\/\/floridareprofreedom.org\/ht\/wp-json\/wp\/v2\/pages\/967\/revisions"}],"predecessor-version":[{"id":2779,"href":"https:\/\/floridareprofreedom.org\/ht\/wp-json\/wp\/v2\/pages\/967\/revisions\/2779"}],"wp:attachment":[{"href":"https:\/\/floridareprofreedom.org\/ht\/wp-json\/wp\/v2\/media?parent=967"}],"wp:term":[{"taxonomy":"folder","embeddable":true,"href":"https:\/\/floridareprofreedom.org\/ht\/wp-json\/wp\/v2\/folder?post=967"}],"curies":[{"name":"wp","href":"https:\/\/api.w.org\/{rel}","templated":true}]}}