{"id":975,"date":"2020-06-01T13:03:58","date_gmt":"2020-06-01T13:03:58","guid":{"rendered":"https:\/\/floridareprofreedom.org\/?page_id=975"},"modified":"2025-11-17T14:30:39","modified_gmt":"2025-11-17T14:30:39","slug":"nenpot-moun-konnen","status":"publish","type":"page","link":"https:\/\/floridareprofreedom.org\/ht\/anyoneknow\/","title":{"rendered":"\u00c8ske gen moun ki pral konnen mwen te al nan tribinal pou yon kontouneman jidisy\u00e8?"},"content":{"rendered":"<p><img fetchpriority=\"high\" decoding=\"async\" class=\"size-medium wp-image-2731 alignright\" src=\"https:\/\/floridareprofreedom.org\/wp-content\/uploads\/2023\/05\/Jane.Network-240x300.jpg\" alt=\"\" width=\"240\" height=\"300\" srcset=\"https:\/\/floridareprofreedom.org\/wp-content\/uploads\/2023\/05\/Jane.Network-240x300.jpg 240w, https:\/\/floridareprofreedom.org\/wp-content\/uploads\/2023\/05\/Jane.Network-819x1024.jpg 819w, https:\/\/floridareprofreedom.org\/wp-content\/uploads\/2023\/05\/Jane.Network-768x960.jpg 768w, https:\/\/floridareprofreedom.org\/wp-content\/uploads\/2023\/05\/Jane.Network.jpg 1080w\" sizes=\"(max-width: 240px) 100vw, 240px\" \/><\/p>\n<p><span style=\"font-weight: 400;\">Pwosesis kontoune jidisy\u00e8 a, dapre lalwa, se yon pwosesis konfidansy\u00e8l. P\u00e8sonn pa ta dwe kapab konnen non w oswa ke ou te depoze yon aplikasyon, pa menm paran w. Menm jij la pa oblije konnen non w. Nenp\u00f2t dosye tribinal ap itilize inisyal ou oswa psedonim ou (fo non).\u00a0<\/span><\/p>\n<p><span style=\"font-weight: 400;\">Ou menm ak avoka w la ap rankontre ak yon jij an prive nan yon chanm f\u00e8men. Nou ankouraje jij yo pou yo f\u00e8 odyans sa yo nan yon kote ak yon l\u00e8 ki pral ba ou maksim\u00f2m vi prive. Yo dwe asire ke pa gen moun ki pa otorize nan sal tribinal la, ni yo pa w\u00e8 oswa tande pwosedi yo. Jij yo ta dwe rekon\u00e8t nati sansib sa w ap f\u00e8 a.<\/span><\/p>\n<p><span style=\"font-weight: 400;\">Pou nou kl\u00e8, byenke lalwa egzije pou pwosesis sa a rete konfidansy\u00e8l, gen yon posibilite pou ou rankontre yon moun ou konnen nan tribinal la, sitou si w ap viv nan yon ti vil kote tribinal la ye a. Si yon moun ou konnen w\u00e8 w nan tribinal la, pa gen anyen ki ka anpeche l di l\u00f2t moun ke li te w\u00e8 w. Li enp\u00f2tan pou w konnen epi prepare w pou risk sa a.<br \/>\n<\/span><\/p>\n<p>Li enp\u00f2tan tou pou rekon\u00e8t ke, si jij la deside te gen yon paran oswa yon gadyen ki te kom\u00e8t abi, jij la oblije rele liy dir\u00e8k abi a. Sa ka lak\u00f2z yon ank\u00e8t pa Depatman Timoun ak Fanmi Florid la, ki gen risk pou yo devwale k\u00e8k enf\u00f2masyon bay paran yo.<\/p>\n<p><span style=\"font-weight: 400;\"><strong>Yon l\u00f2t alt\u00e8nativ pou ale nan tribinal nan konte w la:<\/strong><\/span><\/p>\n<ul>\n<li style=\"font-weight: 400;\"><span style=\"font-weight: 400;\">Si ou gen mwayen transp\u00f2 ak tan, ou ta ka konsidere depoze petisyon ou nan yon tribinal nan yon l\u00f2t konte, men ki toujou nan sikonskripsyon ou an. Lalwa di petisyon ou an dwe depoze nan yon tribinal nan sikonskripsyon kote ou rete a. (Konte Florid yo gwoupe ansanm pou f\u00f2me 20 sikonskripsyon, jwenn konte ou a sou kat jeyografik la oswa lis ki anba a pou det\u00e8mine nan ki sikonskripsyon ou rete.)<\/span><\/li>\n<li><span style=\"font-weight: 400;\">Detay sou kote pou ale ak ak ki moun pou pale nan chak konte, kote yo disponib, yo bay nan tablo ki anba a. <\/span><b>L\u00e8 w ap aplike pou yon kontouneman jidisy\u00e8,<\/b><span style=\"font-weight: 400;\"> konsidere kontakte grefye tribinal la davans pou verifye ki kote pou ale ak sa pou f\u00e8 pou k\u00f2manse. Gen k\u00e8k diferans de konte a konte. Konfime l\u00e8 ouv\u00e8ti yo, kote yo ye a, ak pakin yo.<\/span><\/li>\n<\/ul>\n<p><img decoding=\"async\" class=\"wp-image-1001 aligncenter\" src=\"https:\/\/floridareprofreedom.org\/wp-content\/uploads\/2020\/05\/flcircuitmap.jpeg\" alt=\"\" width=\"601\" height=\"503\" srcset=\"https:\/\/floridareprofreedom.org\/wp-content\/uploads\/2020\/05\/flcircuitmap.jpeg 465w, https:\/\/floridareprofreedom.org\/wp-content\/uploads\/2020\/05\/flcircuitmap-300x252.jpeg 300w\" sizes=\"(max-width: 601px) 100vw, 601px\" \/><\/p>\n<p><b>Sitw\u00e8b Tribinal Awondisman yo<\/b><\/p>\n<ol>\n<li><a href=\"http:\/\/www.firstjudicialcircuit.org\/\"><span style=\"font-weight: 400;\">Premye Sikwi<\/span><\/a><span style=\"font-weight: 400;\"> \u2014 Escambia, Okaloosa, Santa Rosa ak Walton<\/span><\/li>\n<li><a href=\"http:\/\/2ndcircuit.leoncountyfl.gov\/\"><span style=\"font-weight: 400;\">Dezy\u00e8m Sikwi<\/span><\/a> <span style=\"font-weight: 400;\">\u2014 Franklin, Gadsden, Jefferson, Leon, Liberty, ak Wakulla<\/span><\/li>\n<li><a href=\"http:\/\/www.jud3.flcourts.org\/\"><span style=\"font-weight: 400;\">Twazy\u00e8m Sikwi<\/span><\/a><span style=\"font-weight: 400;\"> \u2014 Columbia, Dixie, Hamilton, Lafayette, Madison, Suwannee ak Taylor<\/span><\/li>\n<li><a href=\"http:\/\/www.coj.net\/departments\/fourth-judicial-circuit-court.aspx\"><span style=\"font-weight: 400;\">Katriy\u00e8m Sikwi<\/span><\/a><span style=\"font-weight: 400;\"> \u2014 Clay, Duval ak Nassau<\/span><\/li>\n<li><a href=\"http:\/\/www.circuit5.org\/c5\/\"><span style=\"font-weight: 400;\">Senky\u00e8m Awondisman<\/span><\/a><span style=\"font-weight: 400;\"> \u2014 Citrus, Hernando, Lake, Marion ak Sumter<\/span><\/li>\n<li><a href=\"http:\/\/www.jud6.org\/\"><span style=\"font-weight: 400;\">Sizy\u00e8m Awondisman<\/span><\/a> <span style=\"font-weight: 400;\">\u2014 Pasco ak Pinellas<\/span><\/li>\n<li><a href=\"http:\/\/www.circuit7.org\/\"><span style=\"font-weight: 400;\">Sety\u00e8m Sikwi<\/span> <\/a><span style=\"font-weight: 400;\">\u2014 St. Johns, Volusia, Flagler ak Putnam<\/span><\/li>\n<li><a href=\"http:\/\/www.circuit8.org\/\"><span style=\"font-weight: 400;\">Wity\u00e8m Sikwi<\/span><\/a><span style=\"font-weight: 400;\"> \u2014 Alachua, Baker, Bradford, Gilchrist, Levy, ak Union<\/span><\/li>\n<li><a href=\"http:\/\/www.ninthcircuit.org\/\"><span style=\"font-weight: 400;\">Nevy\u00e8m Sikwi<\/span><\/a><span style=\"font-weight: 400;\"> \u2014 Orange ak Osceola<\/span><\/li>\n<li><a href=\"http:\/\/www.jud10.flcourts.org\/\"><span style=\"font-weight: 400;\">Dizy\u00e8m Sikwi<\/span><\/a><span style=\"font-weight: 400;\">t<\/span><span style=\"font-weight: 400;\"> \u2014 Hardee, Highlands, ak Polk<\/span><\/li>\n<li><a href=\"http:\/\/www.jud11.flcourts.org\/\"><span style=\"font-weight: 400;\">Onzy\u00e8m Sikwi<\/span><\/a><span style=\"font-weight: 400;\"> \u2014 Dade<\/span><\/li>\n<li><a href=\"http:\/\/www.jud12.flcourts.org\/\"><span style=\"font-weight: 400;\">Douzy\u00e8m Awondisman<\/span><\/a><span style=\"font-weight: 400;\"> \u2014 DeSoto, Manatee, ak Sarasota<\/span><\/li>\n<li><a href=\"http:\/\/www.fljud13.org\/\"><span style=\"font-weight: 400;\">Tr\u00e8zy\u00e8m Sikwi<\/span><\/a><span style=\"font-weight: 400;\"> \u2014 Hillsborough<\/span><\/li>\n<li><a href=\"http:\/\/www.jud14.flcourts.org\/index.htm\"><span style=\"font-weight: 400;\">Kat\u00f2zy\u00e8m Sikwi<\/span><\/a><span style=\"font-weight: 400;\">t<\/span><span style=\"font-weight: 400;\"> \u2014 Bay, Calhoun, Gulf, Holmes, Jackson ak Washington<\/span><\/li>\n<li><a href=\"http:\/\/15thcircuit.co.palm-beach.fl.us\/\"><span style=\"font-weight: 400;\">Kenzy\u00e8m Sikwi<\/span> <\/a><span style=\"font-weight: 400;\">\u2014 Palm Beach<\/span><\/li>\n<li><a href=\"http:\/\/www.keyscourts.net\/\"><span style=\"font-weight: 400;\">S\u00e8zy\u00e8m Sikwi<\/span><\/a><span style=\"font-weight: 400;\"> \u2014 Monroe<\/span><\/li>\n<li><a href=\"http:\/\/www.17th.flcourts.org\/\"><span style=\"font-weight: 400;\">Dis\u00e8ty\u00e8m Sikwi<\/span><\/a><span style=\"font-weight: 400;\"> \u2014 Broward<\/span><\/li>\n<li><a href=\"http:\/\/www.flcourts18.org\/page.php?2\"><span style=\"font-weight: 400;\">Dizwity\u00e8m Sikwi<\/span><\/a><span style=\"font-weight: 400;\"> \u2014 Brevard ak Seminole<\/span><\/li>\n<li><a href=\"http:\/\/www.circuit19.org\/\"><span style=\"font-weight: 400;\">Diznevy\u00e8m Sikwi<\/span><\/a><span style=\"font-weight: 400;\"> \u2014 Indian River, Martin, Okeechobee ak St. Lucie<\/span><\/li>\n<li><a href=\"http:\/\/www.ca.cjis20.org\/home\/main\/homepage.asp\"><span style=\"font-weight: 400;\">Venty\u00e8m Sikwi<\/span><\/a><span style=\"font-weight: 400;\"> \u2014 Charlotte, Collier, Glades, Hendry ak Lee<\/span><\/li>\n<\/ol>\n<p><iframe src=\"https:\/\/docs.google.com\/spreadsheets\/d\/e\/2PACX-1vQB6krgtRma-96mkc9NufqrFn2t3gYItPYTXhaTc_euzRTZEXyRs9x90T-YutHr6CS_eNVijuyheuHR\/pubhtml?gid=1415876535&amp;single=true&amp;widget=true&amp;headers=false\" width=\"850\" height=\"1200\"><\/iframe><\/p>\n<p><a href=\"https:\/\/floridareprofreedom.org\/ht\/pri\/\"><img decoding=\"async\" class=\"alignnone size-full wp-image-1014\" src=\"https:\/\/floridareprofreedom.org\/wp-content\/uploads\/2020\/05\/previous.gif\" alt=\"\" width=\"231\" height=\"32\" \/><\/a> <a href=\"https:\/\/floridareprofreedom.org\/ht\/kesyonjij\/\"><img loading=\"lazy\" decoding=\"async\" class=\"alignnone size-full wp-image-1015\" src=\"https:\/\/floridareprofreedom.org\/wp-content\/uploads\/2020\/05\/next.gif\" alt=\"\" width=\"231\" height=\"32\" \/><\/a><\/p>\n<p><b>Kesyon ki gen rap\u00f2<\/b><\/p>\n<ul>\n<li style=\"font-weight: 400;\"><a href=\"https:\/\/floridareprofreedom.org\/ht\/kontouneman-jidisye-2\/\"><span style=\"font-weight: 400;\">Ki sa ki yon kontoune jidisy\u00e8 pou av\u00f2tman?<\/span><\/a><\/li>\n<li><a href=\"https:\/\/floridareprofreedom.org\/ht\/kote\/\">Ki kote pou m ale pou m jwenn yon bypass jidisy\u00e8?<\/a><\/li>\n<li><a href=\"https:\/\/floridareprofreedom.org\/ht\/fom-yo\/\">Ki f\u00f2m mwen bezwen?<\/a><\/li>\n<li><a href=\"https:\/\/floridareprofreedom.org\/ht\/jij\/\"><span style=\"font-weight: 400;\">Kisa jij la pral konsidere?<\/span><\/a><\/li>\n<li style=\"font-weight: 400;\"><a href=\"https:\/\/floridareprofreedom.org\/ht\/avoka\/\"><span style=\"font-weight: 400;\">\u00c8ske mwen bezwen yon avoka?<\/span><\/a><\/li>\n<li style=\"font-weight: 400;\"><a href=\"https:\/\/floridareprofreedom.org\/ht\/konbyen-tan\/\"><span style=\"font-weight: 400;\">Konbyen tan li pran pou jwenn yon kontouneman jidisy\u00e8?<\/span><\/a><\/li>\n<li style=\"font-weight: 400;\"><a href=\"https:\/\/floridareprofreedom.org\/ht\/pri\/\"><span style=\"font-weight: 400;\">\u00c8ske li koute lajan pou jwenn yon kontoune jidisy\u00e8?<\/span><\/a><\/li>\n<li style=\"font-weight: 400;\"><a href=\"https:\/\/floridareprofreedom.org\/ht\/nenpot-moun-konnen\/\"><span style=\"font-weight: 400;\">\u00c8ske gen moun ki pral konnen si mwen jwenn yon kontoune jidisy\u00e8 pou av\u00f2tman?<\/span><\/a><\/li>\n<li style=\"font-weight: 400;\"><a href=\"https:\/\/floridareprofreedom.org\/ht\/kesyonjij\/\"><span style=\"font-weight: 400;\">Ki kalite kesyon jij la pral poze m?<\/span><\/a><\/li>\n<li style=\"font-weight: 400;\"><a href=\"https:\/\/floridareprofreedom.org\/ht\/mete\/\"><span style=\"font-weight: 400;\">Kisa pou m mete pou m al nan tribinal la?<\/span><\/a><\/li>\n<li style=\"font-weight: 400;\"><a href=\"https:\/\/floridareprofreedom.org\/ht\/pwograme\/\"><span style=\"font-weight: 400;\">Kisa k ap pase si odyans mwen an pwograme pandan yon jounen lek\u00f2l?<\/span><\/a><\/li>\n<li style=\"font-weight: 400;\"><a href=\"https:\/\/floridareprofreedom.org\/ht\/lot-moun\/\"><span style=\"font-weight: 400;\">\u00c8ske l\u00f2t moun ki enplike nan gwos\u00e8s mwen an gen yon opinyon sou chwa mwen pou m f\u00e8 av\u00f2tman?<\/span><\/a><\/li>\n<li style=\"font-weight: 400;\"><a href=\"https:\/\/floridareprofreedom.org\/ht\/sitwayen\/\"><span style=\"font-weight: 400;\">\u00c8ske mwen oblije yon sitwayen ameriken pou mwen ka f\u00e8 yon av\u00f2tman? E si mwen pa pale angle byen?<\/span><\/a><\/li>\n<li style=\"font-weight: 400;\"><a href=\"https:\/\/floridareprofreedom.org\/ht\/chanjman\/\"><span style=\"font-weight: 400;\">\u00c8ske m ka chanje lide apre m fin f\u00e8 bypass la?<\/span><\/a><\/li>\n<li><a href=\"https:\/\/floridareprofreedom.org\/ht\/nye\/\">E si jij la refize demann mwen pou yon kontouneman?<\/a><\/li>\n<\/ul>","protected":false},"excerpt":{"rendered":"<p>The judicial bypass process is, by law, a confidential process. No one should be able to know your name or that you filed an\u00a0application, not even your parents. Even the judge does not have to know your name. Any court records will use your initials or pseudonym (fake name).\u00a0 You and your lawyer will meet [&hellip;]<\/p>\n","protected":false},"author":3,"featured_media":0,"parent":0,"menu_order":0,"comment_status":"closed","ping_status":"closed","template":"","meta":{"footnotes":""},"folder":[8],"class_list":["post-975","page","type-page","status-publish","hentry"],"yoast_head":"<!-- This site is optimized with the Yoast SEO plugin v27.3 - https:\/\/yoast.com\/product\/yoast-seo-wordpress\/ -->\n<title>Will anyone know that I went to court for a judicial bypass? - Floridians For Reproductive Freedom<\/title>\n<meta name=\"robots\" content=\"index, follow, max-snippet:-1, max-image-preview:large, max-video-preview:-1\" \/>\n<link rel=\"canonical\" href=\"https:\/\/floridareprofreedom.org\/ht\/nenpot-moun-konnen\/\" \/>\n<meta property=\"og:locale\" content=\"ht_HT\" \/>\n<meta property=\"og:type\" content=\"article\" \/>\n<meta property=\"og:title\" content=\"Will anyone know that I went to court for a judicial bypass? - Floridians For Reproductive Freedom\" \/>\n<meta property=\"og:description\" content=\"The judicial bypass process is, by law, a confidential process. No one should be able to know your name or that you filed an\u00a0application, not even your parents. Even the judge does not have to know your name. Any court records will use your initials or pseudonym (fake name).\u00a0 You and your lawyer will meet [&hellip;]\" \/>\n<meta property=\"og:url\" content=\"https:\/\/floridareprofreedom.org\/ht\/nenpot-moun-konnen\/\" \/>\n<meta property=\"og:site_name\" content=\"Floridians For Reproductive Freedom\" \/>\n<meta property=\"article:publisher\" content=\"https:\/\/www.facebook.com\/FloridaReproFreedom\/\" \/>\n<meta property=\"article:modified_time\" content=\"2025-11-17T14:30:39+00:00\" \/>\n<meta property=\"og:image\" content=\"https:\/\/floridareprofreedom.org\/wp-content\/uploads\/2023\/05\/Jane.Network.jpg\" \/>\n\t<meta property=\"og:image:width\" content=\"1080\" \/>\n\t<meta property=\"og:image:height\" content=\"1350\" \/>\n\t<meta property=\"og:image:type\" content=\"image\/jpeg\" \/>\n<meta name=\"twitter:card\" content=\"summary_large_image\" \/>\n<meta name=\"twitter:site\" content=\"@FLReproFreedom\" \/>\n<meta name=\"twitter:label1\" content=\"Est. reading time\" \/>\n\t<meta name=\"twitter:data1\" content=\"4 minutes\" \/>\n<script type=\"application\/ld+json\" class=\"yoast-schema-graph\">{\"@context\":\"https:\\\/\\\/schema.org\",\"@graph\":[{\"@type\":\"WebPage\",\"@id\":\"https:\\\/\\\/floridareprofreedom.org\\\/anyoneknow\\\/\",\"url\":\"https:\\\/\\\/floridareprofreedom.org\\\/anyoneknow\\\/\",\"name\":\"Will anyone know that I went to court for a judicial bypass? - Floridians For Reproductive Freedom\",\"isPartOf\":{\"@id\":\"https:\\\/\\\/floridareprofreedom.org\\\/#website\"},\"primaryImageOfPage\":{\"@id\":\"https:\\\/\\\/floridareprofreedom.org\\\/anyoneknow\\\/#primaryimage\"},\"image\":{\"@id\":\"https:\\\/\\\/floridareprofreedom.org\\\/anyoneknow\\\/#primaryimage\"},\"thumbnailUrl\":\"https:\\\/\\\/floridareprofreedom.org\\\/wp-content\\\/uploads\\\/2023\\\/05\\\/Jane.Network-240x300.jpg\",\"datePublished\":\"2020-06-01T13:03:58+00:00\",\"dateModified\":\"2025-11-17T14:30:39+00:00\",\"breadcrumb\":{\"@id\":\"https:\\\/\\\/floridareprofreedom.org\\\/anyoneknow\\\/#breadcrumb\"},\"inLanguage\":\"ht\",\"potentialAction\":[{\"@type\":\"ReadAction\",\"target\":[\"https:\\\/\\\/floridareprofreedom.org\\\/anyoneknow\\\/\"]}]},{\"@type\":\"ImageObject\",\"inLanguage\":\"ht\",\"@id\":\"https:\\\/\\\/floridareprofreedom.org\\\/anyoneknow\\\/#primaryimage\",\"url\":\"https:\\\/\\\/floridareprofreedom.org\\\/wp-content\\\/uploads\\\/2023\\\/05\\\/Jane.Network-240x300.jpg\",\"contentUrl\":\"https:\\\/\\\/floridareprofreedom.org\\\/wp-content\\\/uploads\\\/2023\\\/05\\\/Jane.Network-240x300.jpg\"},{\"@type\":\"BreadcrumbList\",\"@id\":\"https:\\\/\\\/floridareprofreedom.org\\\/anyoneknow\\\/#breadcrumb\",\"itemListElement\":[{\"@type\":\"ListItem\",\"position\":1,\"name\":\"Home\",\"item\":\"https:\\\/\\\/floridareprofreedom.org\\\/\"},{\"@type\":\"ListItem\",\"position\":2,\"name\":\"Will anyone know that I went to court for a judicial bypass?\"}]},{\"@type\":\"WebSite\",\"@id\":\"https:\\\/\\\/floridareprofreedom.org\\\/#website\",\"url\":\"https:\\\/\\\/floridareprofreedom.org\\\/\",\"name\":\"Floridians For Reproductive Freedom\",\"description\":\"Advocating for convenient, affordable, and safe access to reproductive health care, including abortion.\",\"publisher\":{\"@id\":\"https:\\\/\\\/floridareprofreedom.org\\\/#organization\"},\"potentialAction\":[{\"@type\":\"SearchAction\",\"target\":{\"@type\":\"EntryPoint\",\"urlTemplate\":\"https:\\\/\\\/floridareprofreedom.org\\\/?s={search_term_string}\"},\"query-input\":{\"@type\":\"PropertyValueSpecification\",\"valueRequired\":true,\"valueName\":\"search_term_string\"}}],\"inLanguage\":\"ht\"},{\"@type\":\"Organization\",\"@id\":\"https:\\\/\\\/floridareprofreedom.org\\\/#organization\",\"name\":\"Floridians for Reproductive Freedom\",\"url\":\"https:\\\/\\\/floridareprofreedom.org\\\/\",\"logo\":{\"@type\":\"ImageObject\",\"inLanguage\":\"ht\",\"@id\":\"https:\\\/\\\/floridareprofreedom.org\\\/#\\\/schema\\\/logo\\\/image\\\/\",\"url\":\"https:\\\/\\\/floridareprofreedom.org\\\/wp-content\\\/uploads\\\/2019\\\/05\\\/Untitled.jpg\",\"contentUrl\":\"https:\\\/\\\/floridareprofreedom.org\\\/wp-content\\\/uploads\\\/2019\\\/05\\\/Untitled.jpg\",\"width\":174,\"height\":180,\"caption\":\"Floridians for Reproductive Freedom\"},\"image\":{\"@id\":\"https:\\\/\\\/floridareprofreedom.org\\\/#\\\/schema\\\/logo\\\/image\\\/\"},\"sameAs\":[\"https:\\\/\\\/www.facebook.com\\\/FloridaReproFreedom\\\/\",\"https:\\\/\\\/x.com\\\/FLReproFreedom\",\"https:\\\/\\\/www.instagram.com\\\/floridareprofreedom\\\/\"]}]}<\/script>\n<!-- \/ Yoast SEO plugin. -->","yoast_head_json":{"title":"\u00c8ske gen moun ki pral konnen mwen te ale nan tribinal pou yon kontouneman jidisy\u00e8? - Floridyen Pou Lib\u00e8te Repwodiktif","robots":{"index":"index","follow":"follow","max-snippet":"max-snippet:-1","max-image-preview":"max-image-preview:large","max-video-preview":"max-video-preview:-1"},"canonical":"https:\/\/floridareprofreedom.org\/ht\/nenpot-moun-konnen\/","og_locale":"ht_HT","og_type":"article","og_title":"Will anyone know that I went to court for a judicial bypass? - Floridians For Reproductive Freedom","og_description":"The judicial bypass process is, by law, a confidential process. No one should be able to know your name or that you filed an\u00a0application, not even your parents. Even the judge does not have to know your name. Any court records will use your initials or pseudonym (fake name).\u00a0 You and your lawyer will meet [&hellip;]","og_url":"https:\/\/floridareprofreedom.org\/ht\/nenpot-moun-konnen\/","og_site_name":"Floridians For Reproductive Freedom","article_publisher":"https:\/\/www.facebook.com\/FloridaReproFreedom\/","article_modified_time":"2025-11-17T14:30:39+00:00","og_image":[{"width":1080,"height":1350,"url":"https:\/\/floridareprofreedom.org\/wp-content\/uploads\/2023\/05\/Jane.Network.jpg","type":"image\/jpeg"}],"twitter_card":"summary_large_image","twitter_site":"@FLReproFreedom","twitter_misc":{"Est. reading time":"4 minutes"},"schema":{"@context":"https:\/\/schema.org","@graph":[{"@type":"WebPage","@id":"https:\/\/floridareprofreedom.org\/anyoneknow\/","url":"https:\/\/floridareprofreedom.org\/anyoneknow\/","name":"\u00c8ske gen moun ki pral konnen mwen te ale nan tribinal pou yon kontouneman jidisy\u00e8? - Floridyen Pou Lib\u00e8te Repwodiktif","isPartOf":{"@id":"https:\/\/floridareprofreedom.org\/#website"},"primaryImageOfPage":{"@id":"https:\/\/floridareprofreedom.org\/anyoneknow\/#primaryimage"},"image":{"@id":"https:\/\/floridareprofreedom.org\/anyoneknow\/#primaryimage"},"thumbnailUrl":"https:\/\/floridareprofreedom.org\/wp-content\/uploads\/2023\/05\/Jane.Network-240x300.jpg","datePublished":"2020-06-01T13:03:58+00:00","dateModified":"2025-11-17T14:30:39+00:00","breadcrumb":{"@id":"https:\/\/floridareprofreedom.org\/anyoneknow\/#breadcrumb"},"inLanguage":"ht","potentialAction":[{"@type":"ReadAction","target":["https:\/\/floridareprofreedom.org\/anyoneknow\/"]}]},{"@type":"ImageObject","inLanguage":"ht","@id":"https:\/\/floridareprofreedom.org\/anyoneknow\/#primaryimage","url":"https:\/\/floridareprofreedom.org\/wp-content\/uploads\/2023\/05\/Jane.Network-240x300.jpg","contentUrl":"https:\/\/floridareprofreedom.org\/wp-content\/uploads\/2023\/05\/Jane.Network-240x300.jpg"},{"@type":"BreadcrumbList","@id":"https:\/\/floridareprofreedom.org\/anyoneknow\/#breadcrumb","itemListElement":[{"@type":"ListItem","position":1,"name":"Home","item":"https:\/\/floridareprofreedom.org\/"},{"@type":"ListItem","position":2,"name":"Will anyone know that I went to court for a judicial bypass?"}]},{"@type":"WebSite","@id":"https:\/\/floridareprofreedom.org\/#website","url":"https:\/\/floridareprofreedom.org\/","name":"Floridyen pou lib\u00e8te repwodiktif","description":"Ap defann aks\u00e8 pratik, ab\u00f2dab, epi an sekirite a swen sante repwodiktif, tankou av\u00f2tman.","publisher":{"@id":"https:\/\/floridareprofreedom.org\/#organization"},"potentialAction":[{"@type":"SearchAction","target":{"@type":"EntryPoint","urlTemplate":"https:\/\/floridareprofreedom.org\/?s={search_term_string}"},"query-input":{"@type":"PropertyValueSpecification","valueRequired":true,"valueName":"search_term_string"}}],"inLanguage":"ht"},{"@type":"Organization","@id":"https:\/\/floridareprofreedom.org\/#organization","name":"Floridyen pou Lib\u00e8te Repwodiktif","url":"https:\/\/floridareprofreedom.org\/","logo":{"@type":"ImageObject","inLanguage":"ht","@id":"https:\/\/floridareprofreedom.org\/#\/schema\/logo\/image\/","url":"https:\/\/floridareprofreedom.org\/wp-content\/uploads\/2019\/05\/Untitled.jpg","contentUrl":"https:\/\/floridareprofreedom.org\/wp-content\/uploads\/2019\/05\/Untitled.jpg","width":174,"height":180,"caption":"Floridians for Reproductive Freedom"},"image":{"@id":"https:\/\/floridareprofreedom.org\/#\/schema\/logo\/image\/"},"sameAs":["https:\/\/www.facebook.com\/FloridaReproFreedom\/","https:\/\/x.com\/FLReproFreedom","https:\/\/www.instagram.com\/floridareprofreedom\/"]}]}},"_links":{"self":[{"href":"https:\/\/floridareprofreedom.org\/ht\/wp-json\/wp\/v2\/pages\/975","targetHints":{"allow":["GET"]}}],"collection":[{"href":"https:\/\/floridareprofreedom.org\/ht\/wp-json\/wp\/v2\/pages"}],"about":[{"href":"https:\/\/floridareprofreedom.org\/ht\/wp-json\/wp\/v2\/types\/page"}],"author":[{"embeddable":true,"href":"https:\/\/floridareprofreedom.org\/ht\/wp-json\/wp\/v2\/users\/3"}],"replies":[{"embeddable":true,"href":"https:\/\/floridareprofreedom.org\/ht\/wp-json\/wp\/v2\/comments?post=975"}],"version-history":[{"count":17,"href":"https:\/\/floridareprofreedom.org\/ht\/wp-json\/wp\/v2\/pages\/975\/revisions"}],"predecessor-version":[{"id":4400,"href":"https:\/\/floridareprofreedom.org\/ht\/wp-json\/wp\/v2\/pages\/975\/revisions\/4400"}],"wp:attachment":[{"href":"https:\/\/floridareprofreedom.org\/ht\/wp-json\/wp\/v2\/media?parent=975"}],"wp:term":[{"taxonomy":"folder","embeddable":true,"href":"https:\/\/floridareprofreedom.org\/ht\/wp-json\/wp\/v2\/folder?post=975"}],"curies":[{"name":"wp","href":"https:\/\/api.w.org\/{rel}","templated":true}]}}