{"id":981,"date":"2020-06-01T13:02:33","date_gmt":"2020-06-01T13:02:33","guid":{"rendered":"https:\/\/floridareprofreedom.org\/?page_id=981"},"modified":"2023-05-12T19:51:34","modified_gmt":"2023-05-12T19:51:34","slug":"pwograme","status":"publish","type":"page","link":"https:\/\/floridareprofreedom.org\/ht\/scheduled\/","title":{"rendered":"Kisa k ap pase si odyans mwen an pwograme pandan yon jounen lek\u00f2l?"},"content":{"rendered":"<p><img fetchpriority=\"high\" decoding=\"async\" class=\"size-medium wp-image-2731 alignright\" src=\"https:\/\/floridareprofreedom.org\/wp-content\/uploads\/2023\/05\/Jane.Network-240x300.jpg\" alt=\"\" width=\"240\" height=\"300\" srcset=\"https:\/\/floridareprofreedom.org\/wp-content\/uploads\/2023\/05\/Jane.Network-240x300.jpg 240w, https:\/\/floridareprofreedom.org\/wp-content\/uploads\/2023\/05\/Jane.Network-819x1024.jpg 819w, https:\/\/floridareprofreedom.org\/wp-content\/uploads\/2023\/05\/Jane.Network-768x960.jpg 768w, https:\/\/floridareprofreedom.org\/wp-content\/uploads\/2023\/05\/Jane.Network.jpg 1080w\" sizes=\"(max-width: 240px) 100vw, 240px\" \/><\/p>\n<p><span style=\"font-weight: 400;\">W ap bezwen pale ak avoka w la sou pi bon fason pou asire w ke ou ka ale nan yon odyans ki pwograme pandan jounen lek\u00f2l la.<\/span><\/p>\n<p><a href=\"https:\/\/floridareprofreedom.org\/ht\/mete\/\"><img decoding=\"async\" class=\"alignnone size-full wp-image-1014\" src=\"https:\/\/floridareprofreedom.org\/wp-content\/uploads\/2020\/05\/previous.gif\" alt=\"\" width=\"231\" height=\"32\" \/><\/a> <a href=\"https:\/\/floridareprofreedom.org\/ht\/lot-moun\/\"><img decoding=\"async\" class=\"alignnone size-full wp-image-1015\" src=\"https:\/\/floridareprofreedom.org\/wp-content\/uploads\/2020\/05\/next.gif\" alt=\"\" width=\"231\" height=\"32\" \/><\/a><\/p>\n<p><b>Kesyon ki gen rap\u00f2<\/b><\/p>\n<ul>\n<li><a href=\"https:\/\/floridareprofreedom.org\/ht\/kote\/\" data-saferedirecturl=\"https:\/\/www.google.com\/url?q=https:\/\/floridareprofreedom.org\/where\/&amp;source=gmail&amp;ust=1683906476472000&amp;usg=AOvVaw3mu6YVFgqkD4Pez6NjG8ld\">Ki kote pou m ale pou m jwenn yon bypass jidisy\u00e8?<\/a><\/li>\n<li><a href=\"https:\/\/floridareprofreedom.org\/ht\/fom-yo\/\" data-saferedirecturl=\"https:\/\/www.google.com\/url?q=https:\/\/floridareprofreedom.org\/forms\/&amp;source=gmail&amp;ust=1683906476472000&amp;usg=AOvVaw136dOx90JsVdnnw2DC-2w-\">Ki f\u00f2m mwen bezwen?<\/a><\/li>\n<li><a href=\"https:\/\/floridareprofreedom.org\/ht\/jij\/\" data-saferedirecturl=\"https:\/\/www.google.com\/url?q=https:\/\/floridareprofreedom.org\/judge\/&amp;source=gmail&amp;ust=1683906476472000&amp;usg=AOvVaw2P7ymQUJRCzhqMXd4UNaJ7\">Kisa jij la pral konsidere?<\/a><\/li>\n<li><a href=\"https:\/\/floridareprofreedom.org\/ht\/avoka\/\" data-saferedirecturl=\"https:\/\/www.google.com\/url?q=https:\/\/floridareprofreedom.org\/lawyer\/&amp;source=gmail&amp;ust=1683906476472000&amp;usg=AOvVaw1VWcwoUhzhE3Mgd7GYDccH\">\u00c8ske mwen bezwen yon avoka?<\/a><\/li>\n<li><a href=\"https:\/\/floridareprofreedom.org\/ht\/konbyen-tan\/\" data-saferedirecturl=\"https:\/\/www.google.com\/url?q=https:\/\/floridareprofreedom.org\/howlong\/&amp;source=gmail&amp;ust=1683906476472000&amp;usg=AOvVaw1e3sl8iXIwNIDxaizz5i5g\">Konbyen tan li pran pou jwenn yon kontouneman jidisy\u00e8?<\/a><\/li>\n<li><a href=\"https:\/\/floridareprofreedom.org\/ht\/pri\/\" data-saferedirecturl=\"https:\/\/www.google.com\/url?q=https:\/\/floridareprofreedom.org\/cost\/&amp;source=gmail&amp;ust=1683906476472000&amp;usg=AOvVaw1fuUIxBoSRoq3s7dK2V5gQ\">\u00c8ske li koute lajan pou jwenn yon kontoune jidisy\u00e8?<\/a><\/li>\n<li><a href=\"https:\/\/floridareprofreedom.org\/ht\/nenpot-moun-konnen\/\" data-saferedirecturl=\"https:\/\/www.google.com\/url?q=https:\/\/floridareprofreedom.org\/anyoneknow\/&amp;source=gmail&amp;ust=1683906476472000&amp;usg=AOvVaw37ej9zAF1sjNn2VvNU32l7\">\u00c8ske gen moun ki pral konnen si mwen jwenn yon kontoune jidisy\u00e8 pou av\u00f2tman?<\/a><\/li>\n<li><a href=\"https:\/\/floridareprofreedom.org\/ht\/kesyonjij\/\" data-saferedirecturl=\"https:\/\/www.google.com\/url?q=https:\/\/floridareprofreedom.org\/questionsjudge\/&amp;source=gmail&amp;ust=1683906476472000&amp;usg=AOvVaw3dAjcFd4rHWPQLnuW5luOy\">Ki kalite kesyon jij la pral poze m?<\/a><\/li>\n<li><a href=\"https:\/\/floridareprofreedom.org\/ht\/mete\/\" data-saferedirecturl=\"https:\/\/www.google.com\/url?q=https:\/\/floridareprofreedom.org\/wear\/&amp;source=gmail&amp;ust=1683906476472000&amp;usg=AOvVaw1DZMIlo7hGRfuHrMBramoR\">Kisa pou m mete pou m al nan tribinal la?<\/a><\/li>\n<li><a href=\"https:\/\/floridareprofreedom.org\/ht\/pwograme\/\" data-saferedirecturl=\"https:\/\/www.google.com\/url?q=https:\/\/floridareprofreedom.org\/scheduled\/&amp;source=gmail&amp;ust=1683906476472000&amp;usg=AOvVaw1xn17zmaHRp-mTJeGEMVJJ\">Kisa k ap pase si odyans mwen an pwograme pandan yon jounen lek\u00f2l?<\/a><\/li>\n<li><a href=\"https:\/\/floridareprofreedom.org\/ht\/lot-moun\/\" data-saferedirecturl=\"https:\/\/www.google.com\/url?q=https:\/\/floridareprofreedom.org\/otherperson\/&amp;source=gmail&amp;ust=1683906476472000&amp;usg=AOvVaw3uTwbO2--bonngguSJ12xd\">\u00c8ske l\u00f2t moun ki enplike nan gwos\u00e8s mwen an gen yon opinyon sou chwa mwen pou m f\u00e8 av\u00f2tman?<\/a><\/li>\n<li><a href=\"https:\/\/floridareprofreedom.org\/ht\/sitwayen\/\" data-saferedirecturl=\"https:\/\/www.google.com\/url?q=https:\/\/floridareprofreedom.org\/citizen\/&amp;source=gmail&amp;ust=1683906476472000&amp;usg=AOvVaw1Y2l43i6aWQo-5DlHJx17Y\">\u00c8ske mwen oblije yon sitwayen ameriken pou mwen ka f\u00e8 yon av\u00f2tman? E si mwen pa pale angle byen?<\/a><\/li>\n<li><a href=\"https:\/\/floridareprofreedom.org\/ht\/chanjman\/\" data-saferedirecturl=\"https:\/\/www.google.com\/url?q=https:\/\/floridareprofreedom.org\/change\/&amp;source=gmail&amp;ust=1683906476472000&amp;usg=AOvVaw2NLUMPBzAbIB4_0_AwaxUX\">\u00c8ske m ka chanje lide apre m fin f\u00e8 bypass la?<\/a><\/li>\n<li><a href=\"https:\/\/floridareprofreedom.org\/ht\/nye\/\" data-saferedirecturl=\"https:\/\/www.google.com\/url?q=https:\/\/floridareprofreedom.org\/denies\/&amp;source=gmail&amp;ust=1683906476472000&amp;usg=AOvVaw3bGAnbvux63X3E7mPLosTY\">E si jij la refize demann mwen pou yon kontouneman?<\/a><\/li>\n<\/ul>","protected":false},"excerpt":{"rendered":"<p>You will need to talk to your lawyer about how best to make sure you can attend a hearing scheduled during the school day. Related Questions Where do I go to get a judicial bypass? What forms do I need? What will the judge consider? Do I need a lawyer? How long does it take [&hellip;]<\/p>\n","protected":false},"author":3,"featured_media":0,"parent":0,"menu_order":0,"comment_status":"closed","ping_status":"closed","template":"","meta":{"footnotes":""},"folder":[8],"class_list":["post-981","page","type-page","status-publish","hentry"],"yoast_head":"<!-- This site is optimized with the Yoast SEO plugin v27.3 - https:\/\/yoast.com\/product\/yoast-seo-wordpress\/ -->\n<title>What happens if my hearing is scheduled during a school day? - Floridians For Reproductive Freedom<\/title>\n<meta name=\"robots\" content=\"index, follow, max-snippet:-1, max-image-preview:large, max-video-preview:-1\" \/>\n<link rel=\"canonical\" href=\"https:\/\/floridareprofreedom.org\/ht\/pwograme\/\" \/>\n<meta property=\"og:locale\" content=\"ht_HT\" \/>\n<meta property=\"og:type\" content=\"article\" \/>\n<meta property=\"og:title\" content=\"What happens if my hearing is scheduled during a school day? - Floridians For Reproductive Freedom\" \/>\n<meta property=\"og:description\" content=\"You will need to talk to your lawyer about how best to make sure you can attend a hearing scheduled during the school day. Related Questions Where do I go to get a judicial bypass? What forms do I need? What will the judge consider? Do I need a lawyer? How long does it take [&hellip;]\" \/>\n<meta property=\"og:url\" content=\"https:\/\/floridareprofreedom.org\/ht\/pwograme\/\" \/>\n<meta property=\"og:site_name\" content=\"Floridians For Reproductive Freedom\" \/>\n<meta property=\"article:publisher\" content=\"https:\/\/www.facebook.com\/FloridaReproFreedom\/\" \/>\n<meta property=\"article:modified_time\" content=\"2023-05-12T19:51:34+00:00\" \/>\n<meta property=\"og:image\" content=\"https:\/\/floridareprofreedom.org\/wp-content\/uploads\/2023\/05\/Jane.Network-240x300.jpg\" \/>\n<meta name=\"twitter:card\" content=\"summary_large_image\" \/>\n<meta name=\"twitter:site\" content=\"@FLReproFreedom\" \/>\n<meta name=\"twitter:label1\" content=\"Est. reading time\" \/>\n\t<meta name=\"twitter:data1\" content=\"2 minutes\" \/>\n<script type=\"application\/ld+json\" class=\"yoast-schema-graph\">{\"@context\":\"https:\\\/\\\/schema.org\",\"@graph\":[{\"@type\":\"WebPage\",\"@id\":\"https:\\\/\\\/floridareprofreedom.org\\\/scheduled\\\/\",\"url\":\"https:\\\/\\\/floridareprofreedom.org\\\/scheduled\\\/\",\"name\":\"What happens if my hearing is scheduled during a school day? - Floridians For Reproductive Freedom\",\"isPartOf\":{\"@id\":\"https:\\\/\\\/floridareprofreedom.org\\\/#website\"},\"primaryImageOfPage\":{\"@id\":\"https:\\\/\\\/floridareprofreedom.org\\\/scheduled\\\/#primaryimage\"},\"image\":{\"@id\":\"https:\\\/\\\/floridareprofreedom.org\\\/scheduled\\\/#primaryimage\"},\"thumbnailUrl\":\"https:\\\/\\\/floridareprofreedom.org\\\/wp-content\\\/uploads\\\/2023\\\/05\\\/Jane.Network-240x300.jpg\",\"datePublished\":\"2020-06-01T13:02:33+00:00\",\"dateModified\":\"2023-05-12T19:51:34+00:00\",\"breadcrumb\":{\"@id\":\"https:\\\/\\\/floridareprofreedom.org\\\/scheduled\\\/#breadcrumb\"},\"inLanguage\":\"ht\",\"potentialAction\":[{\"@type\":\"ReadAction\",\"target\":[\"https:\\\/\\\/floridareprofreedom.org\\\/scheduled\\\/\"]}]},{\"@type\":\"ImageObject\",\"inLanguage\":\"ht\",\"@id\":\"https:\\\/\\\/floridareprofreedom.org\\\/scheduled\\\/#primaryimage\",\"url\":\"https:\\\/\\\/floridareprofreedom.org\\\/wp-content\\\/uploads\\\/2023\\\/05\\\/Jane.Network-240x300.jpg\",\"contentUrl\":\"https:\\\/\\\/floridareprofreedom.org\\\/wp-content\\\/uploads\\\/2023\\\/05\\\/Jane.Network-240x300.jpg\"},{\"@type\":\"BreadcrumbList\",\"@id\":\"https:\\\/\\\/floridareprofreedom.org\\\/scheduled\\\/#breadcrumb\",\"itemListElement\":[{\"@type\":\"ListItem\",\"position\":1,\"name\":\"Home\",\"item\":\"https:\\\/\\\/floridareprofreedom.org\\\/\"},{\"@type\":\"ListItem\",\"position\":2,\"name\":\"What happens if my hearing is scheduled during a school day?\"}]},{\"@type\":\"WebSite\",\"@id\":\"https:\\\/\\\/floridareprofreedom.org\\\/#website\",\"url\":\"https:\\\/\\\/floridareprofreedom.org\\\/\",\"name\":\"Floridians For Reproductive Freedom\",\"description\":\"Advocating for convenient, affordable, and safe access to reproductive health care, including abortion.\",\"publisher\":{\"@id\":\"https:\\\/\\\/floridareprofreedom.org\\\/#organization\"},\"potentialAction\":[{\"@type\":\"SearchAction\",\"target\":{\"@type\":\"EntryPoint\",\"urlTemplate\":\"https:\\\/\\\/floridareprofreedom.org\\\/?s={search_term_string}\"},\"query-input\":{\"@type\":\"PropertyValueSpecification\",\"valueRequired\":true,\"valueName\":\"search_term_string\"}}],\"inLanguage\":\"ht\"},{\"@type\":\"Organization\",\"@id\":\"https:\\\/\\\/floridareprofreedom.org\\\/#organization\",\"name\":\"Floridians for Reproductive Freedom\",\"url\":\"https:\\\/\\\/floridareprofreedom.org\\\/\",\"logo\":{\"@type\":\"ImageObject\",\"inLanguage\":\"ht\",\"@id\":\"https:\\\/\\\/floridareprofreedom.org\\\/#\\\/schema\\\/logo\\\/image\\\/\",\"url\":\"https:\\\/\\\/floridareprofreedom.org\\\/wp-content\\\/uploads\\\/2019\\\/05\\\/Untitled.jpg\",\"contentUrl\":\"https:\\\/\\\/floridareprofreedom.org\\\/wp-content\\\/uploads\\\/2019\\\/05\\\/Untitled.jpg\",\"width\":174,\"height\":180,\"caption\":\"Floridians for Reproductive Freedom\"},\"image\":{\"@id\":\"https:\\\/\\\/floridareprofreedom.org\\\/#\\\/schema\\\/logo\\\/image\\\/\"},\"sameAs\":[\"https:\\\/\\\/www.facebook.com\\\/FloridaReproFreedom\\\/\",\"https:\\\/\\\/x.com\\\/FLReproFreedom\",\"https:\\\/\\\/www.instagram.com\\\/floridareprofreedom\\\/\"]}]}<\/script>\n<!-- \/ Yoast SEO plugin. -->","yoast_head_json":{"title":"Kisa k ap pase si odyans mwen an pwograme pandan yon jounen lek\u00f2l? - Floridyen Pou Lib\u00e8te Repwodiktif","robots":{"index":"index","follow":"follow","max-snippet":"max-snippet:-1","max-image-preview":"max-image-preview:large","max-video-preview":"max-video-preview:-1"},"canonical":"https:\/\/floridareprofreedom.org\/ht\/pwograme\/","og_locale":"ht_HT","og_type":"article","og_title":"What happens if my hearing is scheduled during a school day? - Floridians For Reproductive Freedom","og_description":"You will need to talk to your lawyer about how best to make sure you can attend a hearing scheduled during the school day. Related Questions Where do I go to get a judicial bypass? What forms do I need? What will the judge consider? Do I need a lawyer? How long does it take [&hellip;]","og_url":"https:\/\/floridareprofreedom.org\/ht\/pwograme\/","og_site_name":"Floridians For Reproductive Freedom","article_publisher":"https:\/\/www.facebook.com\/FloridaReproFreedom\/","article_modified_time":"2023-05-12T19:51:34+00:00","og_image":[{"url":"https:\/\/floridareprofreedom.org\/wp-content\/uploads\/2023\/05\/Jane.Network-240x300.jpg","type":"","width":"","height":""}],"twitter_card":"summary_large_image","twitter_site":"@FLReproFreedom","twitter_misc":{"Est. reading time":"2 minutes"},"schema":{"@context":"https:\/\/schema.org","@graph":[{"@type":"WebPage","@id":"https:\/\/floridareprofreedom.org\/scheduled\/","url":"https:\/\/floridareprofreedom.org\/scheduled\/","name":"Kisa k ap pase si odyans mwen an pwograme pandan yon jounen lek\u00f2l? - Floridyen Pou Lib\u00e8te Repwodiktif","isPartOf":{"@id":"https:\/\/floridareprofreedom.org\/#website"},"primaryImageOfPage":{"@id":"https:\/\/floridareprofreedom.org\/scheduled\/#primaryimage"},"image":{"@id":"https:\/\/floridareprofreedom.org\/scheduled\/#primaryimage"},"thumbnailUrl":"https:\/\/floridareprofreedom.org\/wp-content\/uploads\/2023\/05\/Jane.Network-240x300.jpg","datePublished":"2020-06-01T13:02:33+00:00","dateModified":"2023-05-12T19:51:34+00:00","breadcrumb":{"@id":"https:\/\/floridareprofreedom.org\/scheduled\/#breadcrumb"},"inLanguage":"ht","potentialAction":[{"@type":"ReadAction","target":["https:\/\/floridareprofreedom.org\/scheduled\/"]}]},{"@type":"ImageObject","inLanguage":"ht","@id":"https:\/\/floridareprofreedom.org\/scheduled\/#primaryimage","url":"https:\/\/floridareprofreedom.org\/wp-content\/uploads\/2023\/05\/Jane.Network-240x300.jpg","contentUrl":"https:\/\/floridareprofreedom.org\/wp-content\/uploads\/2023\/05\/Jane.Network-240x300.jpg"},{"@type":"BreadcrumbList","@id":"https:\/\/floridareprofreedom.org\/scheduled\/#breadcrumb","itemListElement":[{"@type":"ListItem","position":1,"name":"Home","item":"https:\/\/floridareprofreedom.org\/"},{"@type":"ListItem","position":2,"name":"What happens if my hearing is scheduled during a school day?"}]},{"@type":"WebSite","@id":"https:\/\/floridareprofreedom.org\/#website","url":"https:\/\/floridareprofreedom.org\/","name":"Floridyen pou lib\u00e8te repwodiktif","description":"Ap defann aks\u00e8 pratik, ab\u00f2dab, epi an sekirite a swen sante repwodiktif, tankou av\u00f2tman.","publisher":{"@id":"https:\/\/floridareprofreedom.org\/#organization"},"potentialAction":[{"@type":"SearchAction","target":{"@type":"EntryPoint","urlTemplate":"https:\/\/floridareprofreedom.org\/?s={search_term_string}"},"query-input":{"@type":"PropertyValueSpecification","valueRequired":true,"valueName":"search_term_string"}}],"inLanguage":"ht"},{"@type":"Organization","@id":"https:\/\/floridareprofreedom.org\/#organization","name":"Floridyen pou Lib\u00e8te Repwodiktif","url":"https:\/\/floridareprofreedom.org\/","logo":{"@type":"ImageObject","inLanguage":"ht","@id":"https:\/\/floridareprofreedom.org\/#\/schema\/logo\/image\/","url":"https:\/\/floridareprofreedom.org\/wp-content\/uploads\/2019\/05\/Untitled.jpg","contentUrl":"https:\/\/floridareprofreedom.org\/wp-content\/uploads\/2019\/05\/Untitled.jpg","width":174,"height":180,"caption":"Floridians for Reproductive Freedom"},"image":{"@id":"https:\/\/floridareprofreedom.org\/#\/schema\/logo\/image\/"},"sameAs":["https:\/\/www.facebook.com\/FloridaReproFreedom\/","https:\/\/x.com\/FLReproFreedom","https:\/\/www.instagram.com\/floridareprofreedom\/"]}]}},"_links":{"self":[{"href":"https:\/\/floridareprofreedom.org\/ht\/wp-json\/wp\/v2\/pages\/981","targetHints":{"allow":["GET"]}}],"collection":[{"href":"https:\/\/floridareprofreedom.org\/ht\/wp-json\/wp\/v2\/pages"}],"about":[{"href":"https:\/\/floridareprofreedom.org\/ht\/wp-json\/wp\/v2\/types\/page"}],"author":[{"embeddable":true,"href":"https:\/\/floridareprofreedom.org\/ht\/wp-json\/wp\/v2\/users\/3"}],"replies":[{"embeddable":true,"href":"https:\/\/floridareprofreedom.org\/ht\/wp-json\/wp\/v2\/comments?post=981"}],"version-history":[{"count":10,"href":"https:\/\/floridareprofreedom.org\/ht\/wp-json\/wp\/v2\/pages\/981\/revisions"}],"predecessor-version":[{"id":2742,"href":"https:\/\/floridareprofreedom.org\/ht\/wp-json\/wp\/v2\/pages\/981\/revisions\/2742"}],"wp:attachment":[{"href":"https:\/\/floridareprofreedom.org\/ht\/wp-json\/wp\/v2\/media?parent=981"}],"wp:term":[{"taxonomy":"folder","embeddable":true,"href":"https:\/\/floridareprofreedom.org\/ht\/wp-json\/wp\/v2\/folder?post=981"}],"curies":[{"name":"wp","href":"https:\/\/api.w.org\/{rel}","templated":true}]}}