{"id":985,"date":"2020-06-01T13:00:57","date_gmt":"2020-06-01T13:00:57","guid":{"rendered":"https:\/\/floridareprofreedom.org\/?page_id=985"},"modified":"2023-05-12T19:52:54","modified_gmt":"2023-05-12T19:52:54","slug":"sitwayen","status":"publish","type":"page","link":"https:\/\/floridareprofreedom.org\/ht\/citizen\/","title":{"rendered":"\u00c8ske mwen oblije yon sitwayen ameriken pou mwen ka f\u00e8 yon av\u00f2tman? E si mwen pa pale angle byen?"},"content":{"rendered":"<p><img fetchpriority=\"high\" decoding=\"async\" class=\"size-medium wp-image-2731 alignright\" src=\"https:\/\/floridareprofreedom.org\/wp-content\/uploads\/2023\/05\/Jane.Network-240x300.jpg\" alt=\"\" width=\"240\" height=\"300\" srcset=\"https:\/\/floridareprofreedom.org\/wp-content\/uploads\/2023\/05\/Jane.Network-240x300.jpg 240w, https:\/\/floridareprofreedom.org\/wp-content\/uploads\/2023\/05\/Jane.Network-819x1024.jpg 819w, https:\/\/floridareprofreedom.org\/wp-content\/uploads\/2023\/05\/Jane.Network-768x960.jpg 768w, https:\/\/floridareprofreedom.org\/wp-content\/uploads\/2023\/05\/Jane.Network.jpg 1080w\" sizes=\"(max-width: 240px) 100vw, 240px\" \/><\/p>\n<p><span style=\"font-weight: 400;\">Ou pa bezwen sitwayen ameriken pou f\u00e8 av\u00f2tman epi yo p ap kontakte otorite imigrasyon ameriken yo. Gen k\u00e8k tribinal ki mande yon py\u00e8s idantite epi gen l\u00f2t ki pa mande l. Si ou pa gen papye epi ou pa gen yon py\u00e8s idantite gouv\u00e8nman an, asire w ou gen yon bagay ki pwouve kiy\u00e8s ou ye.<\/span><\/p>\n<p><span style=\"font-weight: 400;\">Ou ka jwenn yon bypass jidisy\u00e8 si ou pa pale angl\u00e8 oswa si ou pa pale l byen. Gen tradikt\u00e8 ki disponib.<\/span><\/p>\n<p><a href=\"https:\/\/floridareprofreedom.org\/ht\/lot-moun\/\"><img decoding=\"async\" class=\"alignnone wp-image-1014 size-full\" src=\"https:\/\/floridareprofreedom.org\/wp-content\/uploads\/2020\/05\/previous.gif\" alt=\"\" width=\"231\" height=\"32\" \/><\/a> <a href=\"https:\/\/floridareprofreedom.org\/ht\/chanjman\/\"><img decoding=\"async\" class=\"alignnone size-full wp-image-1015\" src=\"https:\/\/floridareprofreedom.org\/wp-content\/uploads\/2020\/05\/next.gif\" alt=\"\" width=\"231\" height=\"32\" \/><\/a><\/p>\n<p><b>Kesyon ki gen rap\u00f2<\/b><\/p>\n<ul>\n<li style=\"font-weight: 400;\"><a href=\"https:\/\/floridareprofreedom.org\/ht\/kontouneman-jidisye-2\/\"><span style=\"font-weight: 400;\">Ki sa ki yon kontoune jidisy\u00e8 pou av\u00f2tman?<\/span><\/a><\/li>\n<li><a href=\"https:\/\/floridareprofreedom.org\/ht\/kote\/\">Ki kote pou m ale pou m jwenn yon bypass jidisy\u00e8?<\/a><\/li>\n<li><a href=\"https:\/\/floridareprofreedom.org\/ht\/fom-yo\/\">Ki f\u00f2m mwen bezwen?<\/a><\/li>\n<li><a href=\"https:\/\/floridareprofreedom.org\/ht\/jij\/\"><span style=\"font-weight: 400;\">Kisa jij la pral konsidere?<\/span><\/a><\/li>\n<li style=\"font-weight: 400;\"><a href=\"https:\/\/floridareprofreedom.org\/ht\/avoka\/\"><span style=\"font-weight: 400;\">\u00c8ske mwen bezwen yon avoka?<\/span><\/a><\/li>\n<li style=\"font-weight: 400;\"><a href=\"https:\/\/floridareprofreedom.org\/ht\/konbyen-tan\/\"><span style=\"font-weight: 400;\">Konbyen tan li pran pou jwenn yon kontouneman jidisy\u00e8?<\/span><\/a><\/li>\n<li style=\"font-weight: 400;\"><a href=\"https:\/\/floridareprofreedom.org\/ht\/pri\/\"><span style=\"font-weight: 400;\">\u00c8ske li koute lajan pou jwenn yon kontoune jidisy\u00e8?<\/span><\/a><\/li>\n<li style=\"font-weight: 400;\"><a href=\"https:\/\/floridareprofreedom.org\/ht\/nenpot-moun-konnen\/\"><span style=\"font-weight: 400;\">\u00c8ske gen moun ki pral konnen si mwen jwenn yon kontoune jidisy\u00e8 pou av\u00f2tman?<\/span><\/a><\/li>\n<li style=\"font-weight: 400;\"><a href=\"https:\/\/floridareprofreedom.org\/ht\/kesyonjij\/\"><span style=\"font-weight: 400;\">Ki kalite kesyon jij la pral poze m?<\/span><\/a><\/li>\n<li style=\"font-weight: 400;\"><a href=\"https:\/\/floridareprofreedom.org\/ht\/mete\/\"><span style=\"font-weight: 400;\">Kisa pou m mete pou m al nan tribinal la?<\/span><\/a><\/li>\n<li style=\"font-weight: 400;\"><a href=\"https:\/\/floridareprofreedom.org\/ht\/pwograme\/\"><span style=\"font-weight: 400;\">Kisa k ap pase si odyans mwen an pwograme pandan yon jounen lek\u00f2l?<\/span><\/a><\/li>\n<li style=\"font-weight: 400;\"><a href=\"https:\/\/floridareprofreedom.org\/ht\/lot-moun\/\"><span style=\"font-weight: 400;\">\u00c8ske l\u00f2t moun ki enplike nan gwos\u00e8s mwen an gen yon opinyon sou chwa mwen pou m f\u00e8 av\u00f2tman?<\/span><\/a><\/li>\n<li style=\"font-weight: 400;\"><a href=\"https:\/\/floridareprofreedom.org\/ht\/sitwayen\/\"><span style=\"font-weight: 400;\">\u00c8ske mwen oblije yon sitwayen ameriken pou mwen ka f\u00e8 yon av\u00f2tman? E si mwen pa pale angle byen?<\/span><\/a><\/li>\n<li style=\"font-weight: 400;\"><a href=\"https:\/\/floridareprofreedom.org\/ht\/chanjman\/\"><span style=\"font-weight: 400;\">\u00c8ske m ka chanje lide apre m fin f\u00e8 bypass la?<\/span><\/a><\/li>\n<li><a href=\"https:\/\/floridareprofreedom.org\/ht\/nye\/\">E si jij la refize demann mwen pou yon kontouneman?<\/a><\/li>\n<\/ul>","protected":false},"excerpt":{"rendered":"<p>You don\u2019t have to be a citizen of the United States to get an abortion and U.S. immigration authorities will not be contacted. Some\u00a0courts require an ID and some do not. If you\u2019re undocumented and don\u2019t have a government ID, make sure to have something that proves who you are. You can get a judicial [&hellip;]<\/p>\n","protected":false},"author":3,"featured_media":0,"parent":0,"menu_order":0,"comment_status":"closed","ping_status":"closed","template":"","meta":{"footnotes":""},"folder":[8],"class_list":["post-985","page","type-page","status-publish","hentry"],"yoast_head":"<!-- This site is optimized with the Yoast SEO plugin v27.3 - https:\/\/yoast.com\/product\/yoast-seo-wordpress\/ -->\n<title>Do I have to be a US citizen to have an abortion? What if I don\u2019t speak English well? - Floridians For Reproductive Freedom<\/title>\n<meta name=\"robots\" content=\"index, follow, max-snippet:-1, max-image-preview:large, max-video-preview:-1\" \/>\n<link rel=\"canonical\" href=\"https:\/\/floridareprofreedom.org\/ht\/sitwayen\/\" \/>\n<meta property=\"og:locale\" content=\"ht_HT\" \/>\n<meta property=\"og:type\" content=\"article\" \/>\n<meta property=\"og:title\" content=\"Do I have to be a US citizen to have an abortion? What if I don\u2019t speak English well? - Floridians For Reproductive Freedom\" \/>\n<meta property=\"og:description\" content=\"You don\u2019t have to be a citizen of the United States to get an abortion and U.S. immigration authorities will not be contacted. Some\u00a0courts require an ID and some do not. If you\u2019re undocumented and don\u2019t have a government ID, make sure to have something that proves who you are. You can get a judicial [&hellip;]\" \/>\n<meta property=\"og:url\" content=\"https:\/\/floridareprofreedom.org\/ht\/sitwayen\/\" \/>\n<meta property=\"og:site_name\" content=\"Floridians For Reproductive Freedom\" \/>\n<meta property=\"article:publisher\" content=\"https:\/\/www.facebook.com\/FloridaReproFreedom\/\" \/>\n<meta property=\"article:modified_time\" content=\"2023-05-12T19:52:54+00:00\" \/>\n<meta property=\"og:image\" content=\"https:\/\/floridareprofreedom.org\/wp-content\/uploads\/2023\/05\/Jane.Network-240x300.jpg\" \/>\n<meta name=\"twitter:card\" content=\"summary_large_image\" \/>\n<meta name=\"twitter:site\" content=\"@FLReproFreedom\" \/>\n<meta name=\"twitter:label1\" content=\"Est. reading time\" \/>\n\t<meta name=\"twitter:data1\" content=\"2 minutes\" \/>\n<script type=\"application\/ld+json\" class=\"yoast-schema-graph\">{\"@context\":\"https:\\\/\\\/schema.org\",\"@graph\":[{\"@type\":\"WebPage\",\"@id\":\"https:\\\/\\\/floridareprofreedom.org\\\/citizen\\\/\",\"url\":\"https:\\\/\\\/floridareprofreedom.org\\\/citizen\\\/\",\"name\":\"Do I have to be a US citizen to have an abortion? What if I don\u2019t speak English well? - Floridians For Reproductive Freedom\",\"isPartOf\":{\"@id\":\"https:\\\/\\\/floridareprofreedom.org\\\/#website\"},\"primaryImageOfPage\":{\"@id\":\"https:\\\/\\\/floridareprofreedom.org\\\/citizen\\\/#primaryimage\"},\"image\":{\"@id\":\"https:\\\/\\\/floridareprofreedom.org\\\/citizen\\\/#primaryimage\"},\"thumbnailUrl\":\"https:\\\/\\\/floridareprofreedom.org\\\/wp-content\\\/uploads\\\/2023\\\/05\\\/Jane.Network-240x300.jpg\",\"datePublished\":\"2020-06-01T13:00:57+00:00\",\"dateModified\":\"2023-05-12T19:52:54+00:00\",\"breadcrumb\":{\"@id\":\"https:\\\/\\\/floridareprofreedom.org\\\/citizen\\\/#breadcrumb\"},\"inLanguage\":\"ht\",\"potentialAction\":[{\"@type\":\"ReadAction\",\"target\":[\"https:\\\/\\\/floridareprofreedom.org\\\/citizen\\\/\"]}]},{\"@type\":\"ImageObject\",\"inLanguage\":\"ht\",\"@id\":\"https:\\\/\\\/floridareprofreedom.org\\\/citizen\\\/#primaryimage\",\"url\":\"https:\\\/\\\/floridareprofreedom.org\\\/wp-content\\\/uploads\\\/2023\\\/05\\\/Jane.Network-240x300.jpg\",\"contentUrl\":\"https:\\\/\\\/floridareprofreedom.org\\\/wp-content\\\/uploads\\\/2023\\\/05\\\/Jane.Network-240x300.jpg\"},{\"@type\":\"BreadcrumbList\",\"@id\":\"https:\\\/\\\/floridareprofreedom.org\\\/citizen\\\/#breadcrumb\",\"itemListElement\":[{\"@type\":\"ListItem\",\"position\":1,\"name\":\"Home\",\"item\":\"https:\\\/\\\/floridareprofreedom.org\\\/\"},{\"@type\":\"ListItem\",\"position\":2,\"name\":\"Do I have to be a US citizen to have an abortion? What if I don\u2019t speak English well?\"}]},{\"@type\":\"WebSite\",\"@id\":\"https:\\\/\\\/floridareprofreedom.org\\\/#website\",\"url\":\"https:\\\/\\\/floridareprofreedom.org\\\/\",\"name\":\"Floridians For Reproductive Freedom\",\"description\":\"Advocating for convenient, affordable, and safe access to reproductive health care, including abortion.\",\"publisher\":{\"@id\":\"https:\\\/\\\/floridareprofreedom.org\\\/#organization\"},\"potentialAction\":[{\"@type\":\"SearchAction\",\"target\":{\"@type\":\"EntryPoint\",\"urlTemplate\":\"https:\\\/\\\/floridareprofreedom.org\\\/?s={search_term_string}\"},\"query-input\":{\"@type\":\"PropertyValueSpecification\",\"valueRequired\":true,\"valueName\":\"search_term_string\"}}],\"inLanguage\":\"ht\"},{\"@type\":\"Organization\",\"@id\":\"https:\\\/\\\/floridareprofreedom.org\\\/#organization\",\"name\":\"Floridians for Reproductive Freedom\",\"url\":\"https:\\\/\\\/floridareprofreedom.org\\\/\",\"logo\":{\"@type\":\"ImageObject\",\"inLanguage\":\"ht\",\"@id\":\"https:\\\/\\\/floridareprofreedom.org\\\/#\\\/schema\\\/logo\\\/image\\\/\",\"url\":\"https:\\\/\\\/floridareprofreedom.org\\\/wp-content\\\/uploads\\\/2019\\\/05\\\/Untitled.jpg\",\"contentUrl\":\"https:\\\/\\\/floridareprofreedom.org\\\/wp-content\\\/uploads\\\/2019\\\/05\\\/Untitled.jpg\",\"width\":174,\"height\":180,\"caption\":\"Floridians for Reproductive Freedom\"},\"image\":{\"@id\":\"https:\\\/\\\/floridareprofreedom.org\\\/#\\\/schema\\\/logo\\\/image\\\/\"},\"sameAs\":[\"https:\\\/\\\/www.facebook.com\\\/FloridaReproFreedom\\\/\",\"https:\\\/\\\/x.com\\\/FLReproFreedom\",\"https:\\\/\\\/www.instagram.com\\\/floridareprofreedom\\\/\"]}]}<\/script>\n<!-- \/ Yoast SEO plugin. -->","yoast_head_json":{"title":"\u00c8ske mwen oblije yon sitwayen ameriken pou mwen f\u00e8 yon av\u00f2tman? E si mwen pa pale angle byen? - Floridyen Pou Lib\u00e8te Repwodiktif","robots":{"index":"index","follow":"follow","max-snippet":"max-snippet:-1","max-image-preview":"max-image-preview:large","max-video-preview":"max-video-preview:-1"},"canonical":"https:\/\/floridareprofreedom.org\/ht\/sitwayen\/","og_locale":"ht_HT","og_type":"article","og_title":"Do I have to be a US citizen to have an abortion? What if I don\u2019t speak English well? - Floridians For Reproductive Freedom","og_description":"You don\u2019t have to be a citizen of the United States to get an abortion and U.S. immigration authorities will not be contacted. Some\u00a0courts require an ID and some do not. If you\u2019re undocumented and don\u2019t have a government ID, make sure to have something that proves who you are. You can get a judicial [&hellip;]","og_url":"https:\/\/floridareprofreedom.org\/ht\/sitwayen\/","og_site_name":"Floridians For Reproductive Freedom","article_publisher":"https:\/\/www.facebook.com\/FloridaReproFreedom\/","article_modified_time":"2023-05-12T19:52:54+00:00","og_image":[{"url":"https:\/\/floridareprofreedom.org\/wp-content\/uploads\/2023\/05\/Jane.Network-240x300.jpg","type":"","width":"","height":""}],"twitter_card":"summary_large_image","twitter_site":"@FLReproFreedom","twitter_misc":{"Est. reading time":"2 minutes"},"schema":{"@context":"https:\/\/schema.org","@graph":[{"@type":"WebPage","@id":"https:\/\/floridareprofreedom.org\/citizen\/","url":"https:\/\/floridareprofreedom.org\/citizen\/","name":"\u00c8ske mwen oblije yon sitwayen ameriken pou mwen f\u00e8 yon av\u00f2tman? E si mwen pa pale angle byen? - Floridyen Pou Lib\u00e8te Repwodiktif","isPartOf":{"@id":"https:\/\/floridareprofreedom.org\/#website"},"primaryImageOfPage":{"@id":"https:\/\/floridareprofreedom.org\/citizen\/#primaryimage"},"image":{"@id":"https:\/\/floridareprofreedom.org\/citizen\/#primaryimage"},"thumbnailUrl":"https:\/\/floridareprofreedom.org\/wp-content\/uploads\/2023\/05\/Jane.Network-240x300.jpg","datePublished":"2020-06-01T13:00:57+00:00","dateModified":"2023-05-12T19:52:54+00:00","breadcrumb":{"@id":"https:\/\/floridareprofreedom.org\/citizen\/#breadcrumb"},"inLanguage":"ht","potentialAction":[{"@type":"ReadAction","target":["https:\/\/floridareprofreedom.org\/citizen\/"]}]},{"@type":"ImageObject","inLanguage":"ht","@id":"https:\/\/floridareprofreedom.org\/citizen\/#primaryimage","url":"https:\/\/floridareprofreedom.org\/wp-content\/uploads\/2023\/05\/Jane.Network-240x300.jpg","contentUrl":"https:\/\/floridareprofreedom.org\/wp-content\/uploads\/2023\/05\/Jane.Network-240x300.jpg"},{"@type":"BreadcrumbList","@id":"https:\/\/floridareprofreedom.org\/citizen\/#breadcrumb","itemListElement":[{"@type":"ListItem","position":1,"name":"Home","item":"https:\/\/floridareprofreedom.org\/"},{"@type":"ListItem","position":2,"name":"Do I have to be a US citizen to have an abortion? What if I don\u2019t speak English well?"}]},{"@type":"WebSite","@id":"https:\/\/floridareprofreedom.org\/#website","url":"https:\/\/floridareprofreedom.org\/","name":"Floridyen pou lib\u00e8te repwodiktif","description":"Ap defann aks\u00e8 pratik, ab\u00f2dab, epi an sekirite a swen sante repwodiktif, tankou av\u00f2tman.","publisher":{"@id":"https:\/\/floridareprofreedom.org\/#organization"},"potentialAction":[{"@type":"SearchAction","target":{"@type":"EntryPoint","urlTemplate":"https:\/\/floridareprofreedom.org\/?s={search_term_string}"},"query-input":{"@type":"PropertyValueSpecification","valueRequired":true,"valueName":"search_term_string"}}],"inLanguage":"ht"},{"@type":"Organization","@id":"https:\/\/floridareprofreedom.org\/#organization","name":"Floridyen pou Lib\u00e8te Repwodiktif","url":"https:\/\/floridareprofreedom.org\/","logo":{"@type":"ImageObject","inLanguage":"ht","@id":"https:\/\/floridareprofreedom.org\/#\/schema\/logo\/image\/","url":"https:\/\/floridareprofreedom.org\/wp-content\/uploads\/2019\/05\/Untitled.jpg","contentUrl":"https:\/\/floridareprofreedom.org\/wp-content\/uploads\/2019\/05\/Untitled.jpg","width":174,"height":180,"caption":"Floridians for Reproductive Freedom"},"image":{"@id":"https:\/\/floridareprofreedom.org\/#\/schema\/logo\/image\/"},"sameAs":["https:\/\/www.facebook.com\/FloridaReproFreedom\/","https:\/\/x.com\/FLReproFreedom","https:\/\/www.instagram.com\/floridareprofreedom\/"]}]}},"_links":{"self":[{"href":"https:\/\/floridareprofreedom.org\/ht\/wp-json\/wp\/v2\/pages\/985","targetHints":{"allow":["GET"]}}],"collection":[{"href":"https:\/\/floridareprofreedom.org\/ht\/wp-json\/wp\/v2\/pages"}],"about":[{"href":"https:\/\/floridareprofreedom.org\/ht\/wp-json\/wp\/v2\/types\/page"}],"author":[{"embeddable":true,"href":"https:\/\/floridareprofreedom.org\/ht\/wp-json\/wp\/v2\/users\/3"}],"replies":[{"embeddable":true,"href":"https:\/\/floridareprofreedom.org\/ht\/wp-json\/wp\/v2\/comments?post=985"}],"version-history":[{"count":8,"href":"https:\/\/floridareprofreedom.org\/ht\/wp-json\/wp\/v2\/pages\/985\/revisions"}],"predecessor-version":[{"id":2789,"href":"https:\/\/floridareprofreedom.org\/ht\/wp-json\/wp\/v2\/pages\/985\/revisions\/2789"}],"wp:attachment":[{"href":"https:\/\/floridareprofreedom.org\/ht\/wp-json\/wp\/v2\/media?parent=985"}],"wp:term":[{"taxonomy":"folder","embeddable":true,"href":"https:\/\/floridareprofreedom.org\/ht\/wp-json\/wp\/v2\/folder?post=985"}],"curies":[{"name":"wp","href":"https:\/\/api.w.org\/{rel}","templated":true}]}}