{"id":1233,"date":"2020-08-04T19:00:16","date_gmt":"2020-08-04T19:00:16","guid":{"rendered":"https:\/\/floridareprofreedom.org\/?page_id=1233"},"modified":"2025-06-09T16:08:38","modified_gmt":"2025-06-09T16:08:38","slug":"%d9%81%d9%84%d9%88%d8%b1%db%8c%da%88%d8%a7-%d9%85%db%8c%da%ba-%d9%85%d8%aa%d8%a8%d8%a7%d8%af%d9%84-%d8%b9%d8%af%d8%a7%d9%84%d8%aa%db%8c","status":"publish","type":"page","link":"https:\/\/floridareprofreedom.org\/ur\/alternativa-judicial-en-florida\/","title":{"rendered":"Alternative Judicial para un aborto en Florida"},"content":{"rendered":"<h3>\u27a1\ufe0f<a href=\"https:\/\/floridareprofreedom.org\/ur\/%d8%b9%d8%af%d8%a7%d9%84%d8%aa%db%8c-%d8%a8%d8%a7%d8%a6%db%8c-%d9%be%d8%a7%d8%b3\/\">\u0627\u0646\u06af\u0631\u06cc\u0632\u06cc<\/a><br \/>\n\u27a1\ufe0f<a href=\"https:\/\/floridareprofreedom.org\/ur\/%d8%b9%d8%af%d8%a7%d9%84%d8%aa%db%8c-%d8%a8%d8%a7%d8%a6%db%8c-%d9%be%d8%a7%d8%b3\/egzansyon-jidisye-an-florid\/\">\u06a9\u0631\u06cc\u0648\u0644<\/a><\/h3>\n<h1><b><i>Puedes hacerte un aborto sin la intervenci\u00f3n de tus padres<\/i><\/b><\/h1>\n<p><b>La ley de Florida exige que los padres otorguen el permiso a una persona menor de 18 a\u00f1os que desee abortar. <\/b><span style=\"font-weight: 400;\">(M\u00e1s informaci\u00f3n sobre las leyes de <a href=\"https:\/\/reprolegalhelpline.org\/es\/legislacion-sobre-el-aborto-por-estado\/florida\/\">\u0641\u0644\u0648\u0631\u06cc\u0688\u0627 \u06cc\u06c1\u0627\u06ba<\/a>)\u06d4 Sabemos que la mayor\u00eda de los jovenes hablan con sus padres cuando necesitan un aborto\u060c pero algunos no pueden\u060c por su propia seguridad o por dificiultades log\u00edsticas. Todas las personas, independientemente de su edad o circunstancias, deber\u00edan poder acceder a la atenci\u00f3n reproductiva, incluido el aborto.<\/span><\/p>\n<p><b>Si no puedes obtener el permiso de tus padres o no puedes ped\u00edrselo\u060c <a href=\"https:\/\/share.hsforms.com\/1jrl5GO2gThWo8Cl3yE7nUgnq4ky\">podr\u00edas abortar sin la intervenci\u00f3n de tus padres si acudes<\/a> a los tribunales y se te concede una &quot;exenci\u00f3n judicial&quot;\u06d4<\/b><\/p>\n<p><span style=\"font-weight: 400;\">Esto se trata de una exenci\u00f3n judicial que te permitir\u00e1 abortar sin la intervenci\u00f3n de tus padres en ciertas situaciones, incluyendo, entre otras, si:<\/span><\/p>\n<ul>\n<li style=\"font-weight: 400;\" aria-level=\"1\"><span style=\"font-weight: 400;\">Est\u00e1s en un sistema de acogida o bajo custodia estatal tras la intervenci\u00f3n del Departamento de Ni\u00f1os y Familias de Florida.<\/span><\/li>\n<li style=\"font-weight: 400;\" aria-level=\"1\"><span style=\"font-weight: 400;\">Est\u00e1s sufriendo abuso o abuso sexual por parte de tus padres o tutor legal.<\/span><\/li>\n<\/ul>\n<p><span style=\"font-weight: 400;\"><br \/>\n<\/span> Debido a las retricciones al aborto en Florida, este plazo avanza r\u00e1pidamente. Si crees que podr\u00edas necesitar una excepci\u00f3n \u0639\u062f\u0627\u0644\u062a\u06cc o no est\u00e1s seguro de si tu situaci\u00f3n cumple los requisitos\u060c <b>\u0631\u0627\u0628\u0637\u06c1 \u06a9\u0631\u06cc\u06ba <a href=\"https:\/\/share.hsforms.com\/1jrl5GO2gThWo8Cl3yE7nUgnq4ky\">\u062c\u06cc\u0646 \u0646\u06cc\u0679 \u0648\u0631\u06a9<\/a> \u0642\u0627\u0646\u0648\u0646\u06cc \u0645\u0639\u0627\u0648\u0646\u062a \u06a9\u06d2 \u0644\u06cc\u06d2\u06d4 <\/b><span style=\"font-weight: 400;\">Una decisi\u00f3n reciente de un tribunal de Florida limita el acceso al proceso de excepci\u00f3n judicial, pero the Jane Network puede ayudarle a comprender si le corresponde y c\u00f3mo. (\u062f\u06cc \u062c\u06cc\u0646 \u0646\u06cc\u0679 \u0648\u0631\u06a9 \u06a9\u06d2 \u0628\u0627\u0631\u06d2 \u0645\u06cc\u06ba \u0645\u0632\u06cc\u062f \u0645\u0639\u0644\u0648\u0645\u0627\u062a \u062d\u0627\u0635\u0644 \u06a9\u0631\u06cc\u06ba\u060c <\/span><a href=\"https:\/\/www.janenetworkfl.org\/\"><span style=\"font-weight: 400;\">\u06cc\u06c1\u0627\u06ba \u06a9\u0644\u06a9 \u06a9\u0631\u06cc\u06ba\u06d4<\/span><\/a><span style=\"font-weight: 400;\">).<\/span><\/p>\n<p><b>\u06cc\u06c1 \u0645\u0645\u06a9\u0646 \u06c1\u06d2\u06d4 <\/b><b>\u0646\u06c1\u06cc\u06ba <\/b><b>necesites un padre, madre, tutor legal ni una exenci\u00f3n judicial para abortar si te encuentras en alguna de las siguientes circunstancias.<\/b><span style=\"font-weight: 400;\"> En otras palabras\u060c podr\u00edas abortar sin la intervenci\u00f3n de un padre o madre o sin pasar por el proceso de exenci\u00f3n judicial si:<\/span><\/p>\n<ul>\n<li style=\"font-weight: 400;\" aria-level=\"1\"><span style=\"font-weight: 400;\">\u06c1\u06d2 estado o est\u00e1s casada.<\/span><\/li>\n<li style=\"font-weight: 400;\" aria-level=\"1\"><span style=\"font-weight: 400;\">\u06cc\u0627 tienes hijos.<\/span><\/li>\n<li style=\"font-weight: 400;\" aria-level=\"1\"><span style=\"font-weight: 400;\">Te emancipaste (removieron tu incapacidad de decidir por no ser Mayor de edad) seg\u00fan la ley estatal.<\/span><\/li>\n<\/ul>\n<pre id=\"tw-target-text\" class=\"tw-data-text tw-text-large tw-ta\" data-placeholder=\"Translation\" aria-label=\"\u062a\u0631\u062c\u0645\u06c1 \u0634\u062f\u06c1 \u0645\u062a\u0646: preguntas\" data-ved=\"2ahUKEwjtyrD1ytONAxVmRDABHaAoGjkQ3ewLegQIChAW\"><strong><span class=\"Y2IQFc\" lang=\"es\">\u067e\u06cc\u0634\u06af\u06cc \u0633\u0648\u0627\u0644:<\/span><\/strong><\/pre>\n<ol>\n<li style=\"font-weight: 400;\"><a href=\"https:\/\/floridareprofreedom.org\/ur\/jb1\/\"><span style=\"font-weight: 400;\">\u00bfQu\u00e9 es una alternativa judicial en caso de que necesite un aborto?<\/span><\/a><\/li>\n<li style=\"font-weight: 400;\"><a href=\"https:\/\/floridareprofreedom.org\/ur\/jb2\/\"><span style=\"font-weight: 400;\">\u00bf<\/span><span style=\"font-weight: 400;\">A d\u00f3nde debo acudir para poder hacerme un aborto?<\/span><\/a><\/li>\n<li style=\"font-weight: 400;\"><a href=\"https:\/\/floridareprofreedom.org\/ur\/jb3\/\"><span style=\"font-weight: 400;\">\u00bf<\/span><span style=\"font-weight: 400;\">Qu\u00e9 tipo de formulario debo llenar<\/span><span style=\"font-weight: 400;\">?<\/span><\/a><\/li>\n<li style=\"font-weight: 400;\"><a href=\"https:\/\/floridareprofreedom.org\/ur\/jb4\/\"><span style=\"font-weight: 400;\">\u00bfQu\u00e9 considerar\u00e1 el juez para tomar una decisi\u00f3n\u061f<\/span><\/a><\/li>\n<li style=\"font-weight: 400;\"><a href=\"https:\/\/floridareprofreedom.org\/ur\/jb5\/\"><span style=\"font-weight: 400;\">\u00bfNecesito un abogado?<\/span><\/a><\/li>\n<li style=\"font-weight: 400;\"><a href=\"https:\/\/floridareprofreedom.org\/ur\/jb6\/\"><span style=\"font-weight: 400;\">\u00bf<\/span><span style=\"font-weight: 400;\">Cu\u00e1nto tarda conseguir una \u0645\u062a\u0628\u0627\u062f\u0644 \u0639\u062f\u0627\u0644\u062a\u06cc\u061f<\/span><\/a><\/li>\n<li style=\"font-weight: 400;\"><a href=\"https:\/\/floridareprofreedom.org\/ur\/jb7\/\"><span style=\"font-weight: 400;\">\u00bf<\/span><span style=\"font-weight: 400;\">Cu\u00e1nto cuesta conseguir una \u0645\u062a\u0628\u0627\u062f\u0644 \u0639\u062f\u0627\u0644\u062a\u06cc\u061f<\/span><\/a><\/li>\n<li style=\"font-weight: 400;\"><a href=\"https:\/\/floridareprofreedom.org\/ur\/jb8\/\"><span style=\"font-weight: 400;\">\u00bf<\/span><span style=\"font-weight: 400;\">Qui\u00e9nes sabr\u00e1n si he logrado obtener una alternativa judicial?<\/span><\/a><\/li>\n<li style=\"font-weight: 400;\"><a href=\"https:\/\/floridareprofreedom.org\/ur\/jb9\/\"><span style=\"font-weight: 400;\">\u00bf<\/span><span style=\"font-weight: 400;\">Qu\u00e9 tipo de preguntas me har\u00e1 el juez?<\/span><\/a><\/li>\n<li style=\"font-weight: 400;\"><a href=\"https:\/\/floridareprofreedom.org\/ur\/jb10\/\"><span style=\"font-weight: 400;\">\u00bf<\/span><span style=\"font-weight: 400;\">Qu\u00e9 vestimenta debo usar para ir a la corte?<\/span><\/a><\/li>\n<li style=\"font-weight: 400;\"><a href=\"https:\/\/floridareprofreedom.org\/ur\/jb11\/\"><span style=\"font-weight: 400;\">\u00bf<\/span><span style=\"font-weight: 400;\">Qu\u00e9 suceder\u00eda si mi audiencia est\u00e1 programada para un d\u00eda escolar<\/span><span style=\"font-weight: 400;\">?<\/span><\/a><\/li>\n<li style=\"font-weight: 400;\"><a href=\"https:\/\/floridareprofreedom.org\/ur\/jb12\/\"><span style=\"font-weight: 400;\">\u00bf<\/span><span style=\"font-weight: 400;\">La persona involucrada en mi embarazo tiene potestad para decidir sobre si debo o no practicarme un aborto<\/span><\/a><span style=\"font-weight: 400;\">?\u00a0<\/span><\/li>\n<li style=\"font-weight: 400;\"><a href=\"https:\/\/floridareprofreedom.org\/ur\/jb13\/\"><span style=\"font-weight: 400;\">\u00a0<\/span><span style=\"font-weight: 400;\">\u00bf<\/span><span style=\"font-weight: 400;\">Tengo que ser ciudadana americana para practicarme un aborto\u061f <\/span><span style=\"font-weight: 400;\">\u00bf<\/span><span style=\"font-weight: 400;\">Y si no puedo comunicarme en ingl\u00e9s?\u00a0<\/span><\/a><\/li>\n<li style=\"font-weight: 400;\"><a href=\"https:\/\/floridareprofreedom.org\/ur\/jb14\/\"><span style=\"font-weight: 400;\">\u00bf<\/span><span style=\"font-weight: 400;\">Puedo cambiar de decisi\u00f3n despu\u00e9s de una alternativa \u062c\u0648\u0688\u06cc\u0634\u0644\u061f<\/span><\/a><\/li>\n<li><a href=\"https:\/\/floridareprofreedom.org\/ur\/jb15\/\"><span style=\"font-weight: 400;\">\u00bf<\/span><span style=\"font-weight: 400;\">Qu\u00e9 pasa si el juez niega mi petici\u00f3n<\/span><span style=\"font-weight: 400;\">?<\/span><\/a><\/li>\n<\/ol>\n<p><strong><br \/>\n\u00bfEst\u00e1s buscando informaci\u00f3n sobre una alternativa \u0639\u062f\u0627\u0644\u062a\u06cc fuera del estado de Florida? <\/strong><a href=\"https:\/\/reprolegalhelpline.org\/es\/\"><span style=\"font-weight: 400;\">\u0627\u06af\u0631\/\u06a9\u0628\/\u06a9\u06cc\u0633\u06d2 \u0645\u0639\u0627\u0648\u0646\u062a \u06a9\u06d2 \u0644\u06cc\u06d2 \u0645\u0644\u0627\u062d\u0638\u06c1 \u06a9\u0631\u06cc\u06ba\u06d4<\/span><\/a><\/p>\n<p><a href=\"https:\/\/www.janenetworkfl.org\/\"><img fetchpriority=\"high\" decoding=\"async\" class=\"alignnone size-full wp-image-1141\" src=\"https:\/\/floridareprofreedom.org\/wp-content\/uploads\/2020\/06\/webpage-image-JB-website-1.png\" alt=\"\u0641\u0644\u0648\u0631\u06cc\u0688\u0627 \u0645\u06cc\u06ba \u0646\u0648\u0639\u0645\u0631 \u0628\u0686\u06d2 \u0627\u0633\u0642\u0627\u0637 \u062d\u0645\u0644 \u06a9\u0631\u0648\u0627 \u0633\u06a9\u062a\u06d2 \u06c1\u06cc\u06ba \u0628\u063a\u06cc\u0631 \u06a9\u0633\u06cc \u0648\u0627\u0644\u062f\u06cc\u0646 \u06a9\u06d2 \u0639\u062f\u0627\u0644\u062a\u06cc \u0645\u0646\u0638\u0648\u0631\u06cc \u06a9\u06d2 \u0633\u0627\u062a\u06be\u06d4\" width=\"820\" height=\"312\" srcset=\"https:\/\/floridareprofreedom.org\/wp-content\/uploads\/2020\/06\/webpage-image-JB-website-1.png 820w, https:\/\/floridareprofreedom.org\/wp-content\/uploads\/2020\/06\/webpage-image-JB-website-1-300x114.png 300w, https:\/\/floridareprofreedom.org\/wp-content\/uploads\/2020\/06\/webpage-image-JB-website-1-768x292.png 768w\" sizes=\"(max-width: 820px) 100vw, 820px\" \/><\/a><\/p>","protected":false},"excerpt":{"rendered":"<p>\u27a1\ufe0fEnglish \u27a1\ufe0fCreole Puedes hacerte un aborto sin la intervenci\u00f3n de tus padres La ley de Florida exige que los padres otorguen el permiso a una persona menor de 18 a\u00f1os que desee abortar. (M\u00e1s informaci\u00f3n sobre las leyes de Florida aqu\u00ed). Sabemos que la mayor\u00eda de los j\u00f3venes hablan con sus padres cuando necesitan un [&hellip;]<\/p>\n","protected":false},"author":3,"featured_media":0,"parent":0,"menu_order":0,"comment_status":"closed","ping_status":"closed","template":"","meta":{"footnotes":""},"folder":[9],"class_list":["post-1233","page","type-page","status-publish","hentry"],"yoast_head":"<!-- This site is optimized with the Yoast SEO plugin v27.3 - https:\/\/yoast.com\/product\/yoast-seo-wordpress\/ -->\n<title>Alternativa Judicial para un aborto en Florida - Floridians For Reproductive Freedom<\/title>\n<meta name=\"description\" content=\"Si no puedes obtener el permiso de tus padres o no puedes ped\u00edrselo, podr\u00edas abortar sin la intervenci\u00f3n de tus padres si acudes a los tribunales y se te concede una &quot;exenci\u00f3n judicial&quot;.\" \/>\n<meta name=\"robots\" content=\"index, follow, max-snippet:-1, max-image-preview:large, max-video-preview:-1\" \/>\n<link rel=\"canonical\" href=\"https:\/\/floridareprofreedom.org\/ur\/\u0641\u0644\u0648\u0631\u06cc\u0688\u0627-\u0645\u06cc\u06ba-\u0645\u062a\u0628\u0627\u062f\u0644-\u0639\u062f\u0627\u0644\u062a\u06cc\/\" \/>\n<meta property=\"og:locale\" content=\"en_US\" \/>\n<meta property=\"og:type\" content=\"article\" \/>\n<meta property=\"og:title\" content=\"Alternativa Judicial para un aborto en Florida - Floridians For Reproductive Freedom\" \/>\n<meta property=\"og:description\" content=\"Si no puedes obtener el permiso de tus padres o no puedes ped\u00edrselo, podr\u00edas abortar sin la intervenci\u00f3n de tus padres si acudes a los tribunales y se te concede una &quot;exenci\u00f3n judicial&quot;.\" \/>\n<meta property=\"og:url\" content=\"https:\/\/floridareprofreedom.org\/ur\/\u0641\u0644\u0648\u0631\u06cc\u0688\u0627-\u0645\u06cc\u06ba-\u0645\u062a\u0628\u0627\u062f\u0644-\u0639\u062f\u0627\u0644\u062a\u06cc\/\" \/>\n<meta property=\"og:site_name\" content=\"Floridians For Reproductive Freedom\" \/>\n<meta property=\"article:publisher\" content=\"https:\/\/www.facebook.com\/FloridaReproFreedom\/\" \/>\n<meta property=\"article:modified_time\" content=\"2025-06-09T16:08:38+00:00\" \/>\n<meta property=\"og:image\" content=\"https:\/\/floridareprofreedom.org\/wp-content\/uploads\/2020\/06\/webpage-image-JB-website-1.png\" \/>\n\t<meta property=\"og:image:width\" content=\"820\" \/>\n\t<meta property=\"og:image:height\" content=\"312\" \/>\n\t<meta property=\"og:image:type\" content=\"image\/png\" \/>\n<meta name=\"twitter:card\" content=\"summary_large_image\" \/>\n<meta name=\"twitter:site\" content=\"@FLReproFreedom\" \/>\n<meta name=\"twitter:label1\" content=\"Est. reading time\" \/>\n\t<meta name=\"twitter:data1\" content=\"3 \u0645\u0646\u0679\u0633\" \/>\n<script type=\"application\/ld+json\" class=\"yoast-schema-graph\">{\"@context\":\"https:\\\/\\\/schema.org\",\"@graph\":[{\"@type\":\"WebPage\",\"@id\":\"https:\\\/\\\/floridareprofreedom.org\\\/alternativa-judicial-en-florida\\\/\",\"url\":\"https:\\\/\\\/floridareprofreedom.org\\\/alternativa-judicial-en-florida\\\/\",\"name\":\"Alternativa Judicial para un aborto en Florida - Floridians For Reproductive Freedom\",\"isPartOf\":{\"@id\":\"https:\\\/\\\/floridareprofreedom.org\\\/#website\"},\"primaryImageOfPage\":{\"@id\":\"https:\\\/\\\/floridareprofreedom.org\\\/alternativa-judicial-en-florida\\\/#primaryimage\"},\"image\":{\"@id\":\"https:\\\/\\\/floridareprofreedom.org\\\/alternativa-judicial-en-florida\\\/#primaryimage\"},\"thumbnailUrl\":\"https:\\\/\\\/floridareprofreedom.org\\\/wp-content\\\/uploads\\\/2020\\\/06\\\/webpage-image-JB-website-1.png\",\"datePublished\":\"2020-08-04T19:00:16+00:00\",\"dateModified\":\"2025-06-09T16:08:38+00:00\",\"description\":\"Si no puedes obtener el permiso de tus padres o no puedes ped\u00edrselo, podr\u00edas abortar sin la intervenci\u00f3n de tus padres si acudes a los tribunales y se te concede una \\\"exenci\u00f3n judicial\\\".\",\"breadcrumb\":{\"@id\":\"https:\\\/\\\/floridareprofreedom.org\\\/alternativa-judicial-en-florida\\\/#breadcrumb\"},\"inLanguage\":\"ur\",\"potentialAction\":[{\"@type\":\"ReadAction\",\"target\":[\"https:\\\/\\\/floridareprofreedom.org\\\/alternativa-judicial-en-florida\\\/\"]}]},{\"@type\":\"ImageObject\",\"inLanguage\":\"ur\",\"@id\":\"https:\\\/\\\/floridareprofreedom.org\\\/alternativa-judicial-en-florida\\\/#primaryimage\",\"url\":\"https:\\\/\\\/floridareprofreedom.org\\\/wp-content\\\/uploads\\\/2020\\\/06\\\/webpage-image-JB-website-1.png\",\"contentUrl\":\"https:\\\/\\\/floridareprofreedom.org\\\/wp-content\\\/uploads\\\/2020\\\/06\\\/webpage-image-JB-website-1.png\"},{\"@type\":\"BreadcrumbList\",\"@id\":\"https:\\\/\\\/floridareprofreedom.org\\\/alternativa-judicial-en-florida\\\/#breadcrumb\",\"itemListElement\":[{\"@type\":\"ListItem\",\"position\":1,\"name\":\"Home\",\"item\":\"https:\\\/\\\/floridareprofreedom.org\\\/\"},{\"@type\":\"ListItem\",\"position\":2,\"name\":\"Alternativa Judicial para un aborto en Florida\"}]},{\"@type\":\"WebSite\",\"@id\":\"https:\\\/\\\/floridareprofreedom.org\\\/#website\",\"url\":\"https:\\\/\\\/floridareprofreedom.org\\\/\",\"name\":\"Floridians For Reproductive Freedom\",\"description\":\"Advocating for convenient, affordable, and safe access to reproductive health care, including abortion.\",\"publisher\":{\"@id\":\"https:\\\/\\\/floridareprofreedom.org\\\/#organization\"},\"potentialAction\":[{\"@type\":\"SearchAction\",\"target\":{\"@type\":\"EntryPoint\",\"urlTemplate\":\"https:\\\/\\\/floridareprofreedom.org\\\/?s={search_term_string}\"},\"query-input\":{\"@type\":\"PropertyValueSpecification\",\"valueRequired\":true,\"valueName\":\"search_term_string\"}}],\"inLanguage\":\"ur\"},{\"@type\":\"Organization\",\"@id\":\"https:\\\/\\\/floridareprofreedom.org\\\/#organization\",\"name\":\"Floridians for Reproductive Freedom\",\"url\":\"https:\\\/\\\/floridareprofreedom.org\\\/\",\"logo\":{\"@type\":\"ImageObject\",\"inLanguage\":\"ur\",\"@id\":\"https:\\\/\\\/floridareprofreedom.org\\\/#\\\/schema\\\/logo\\\/image\\\/\",\"url\":\"https:\\\/\\\/floridareprofreedom.org\\\/wp-content\\\/uploads\\\/2019\\\/05\\\/Untitled.jpg\",\"contentUrl\":\"https:\\\/\\\/floridareprofreedom.org\\\/wp-content\\\/uploads\\\/2019\\\/05\\\/Untitled.jpg\",\"width\":174,\"height\":180,\"caption\":\"Floridians for Reproductive Freedom\"},\"image\":{\"@id\":\"https:\\\/\\\/floridareprofreedom.org\\\/#\\\/schema\\\/logo\\\/image\\\/\"},\"sameAs\":[\"https:\\\/\\\/www.facebook.com\\\/FloridaReproFreedom\\\/\",\"https:\\\/\\\/x.com\\\/FLReproFreedom\",\"https:\\\/\\\/www.instagram.com\\\/floridareprofreedom\\\/\"]}]}<\/script>\n<!-- \/ Yoast SEO plugin. -->","yoast_head_json":{"title":"Alternativa Judicial para un aborto en Florida - Floridians For Reproductive Freedom","description":"Si no puedes obtener el permiso de tus padres o no puedes ped\u00edrselo\u060c podr\u00edas abortar sin la intervenci\u00f3n de tus padres si acudes a los tribunales y se te concede una &quot;exenci\u00f3n judicial&quot;\u06d4","robots":{"index":"index","follow":"follow","max-snippet":"max-snippet:-1","max-image-preview":"max-image-preview:large","max-video-preview":"max-video-preview:-1"},"canonical":"https:\/\/floridareprofreedom.org\/ur\/\u0641\u0644\u0648\u0631\u06cc\u0688\u0627-\u0645\u06cc\u06ba-\u0645\u062a\u0628\u0627\u062f\u0644-\u0639\u062f\u0627\u0644\u062a\u06cc\/","og_locale":"en_US","og_type":"article","og_title":"Alternativa Judicial para un aborto en Florida - Floridians For Reproductive Freedom","og_description":"Si no puedes obtener el permiso de tus padres o no puedes ped\u00edrselo, podr\u00edas abortar sin la intervenci\u00f3n de tus padres si acudes a los tribunales y se te concede una \"exenci\u00f3n judicial\".","og_url":"https:\/\/floridareprofreedom.org\/ur\/\u0641\u0644\u0648\u0631\u06cc\u0688\u0627-\u0645\u06cc\u06ba-\u0645\u062a\u0628\u0627\u062f\u0644-\u0639\u062f\u0627\u0644\u062a\u06cc\/","og_site_name":"Floridians For Reproductive Freedom","article_publisher":"https:\/\/www.facebook.com\/FloridaReproFreedom\/","article_modified_time":"2025-06-09T16:08:38+00:00","og_image":[{"width":820,"height":312,"url":"https:\/\/floridareprofreedom.org\/wp-content\/uploads\/2020\/06\/webpage-image-JB-website-1.png","type":"image\/png"}],"twitter_card":"summary_large_image","twitter_site":"@FLReproFreedom","twitter_misc":{"Est. reading time":"3 \u0645\u0646\u0679\u0633"},"schema":{"@context":"https:\/\/schema.org","@graph":[{"@type":"WebPage","@id":"https:\/\/floridareprofreedom.org\/alternativa-judicial-en-florida\/","url":"https:\/\/floridareprofreedom.org\/alternativa-judicial-en-florida\/","name":"Alternativa Judicial para un aborto en Florida - Floridians For Reproductive Freedom","isPartOf":{"@id":"https:\/\/floridareprofreedom.org\/#website"},"primaryImageOfPage":{"@id":"https:\/\/floridareprofreedom.org\/alternativa-judicial-en-florida\/#primaryimage"},"image":{"@id":"https:\/\/floridareprofreedom.org\/alternativa-judicial-en-florida\/#primaryimage"},"thumbnailUrl":"https:\/\/floridareprofreedom.org\/wp-content\/uploads\/2020\/06\/webpage-image-JB-website-1.png","datePublished":"2020-08-04T19:00:16+00:00","dateModified":"2025-06-09T16:08:38+00:00","description":"Si no puedes obtener el permiso de tus padres o no puedes ped\u00edrselo\u060c podr\u00edas abortar sin la intervenci\u00f3n de tus padres si acudes a los tribunales y se te concede una &quot;exenci\u00f3n judicial&quot;\u06d4","breadcrumb":{"@id":"https:\/\/floridareprofreedom.org\/alternativa-judicial-en-florida\/#breadcrumb"},"inLanguage":"ur","potentialAction":[{"@type":"ReadAction","target":["https:\/\/floridareprofreedom.org\/alternativa-judicial-en-florida\/"]}]},{"@type":"ImageObject","inLanguage":"ur","@id":"https:\/\/floridareprofreedom.org\/alternativa-judicial-en-florida\/#primaryimage","url":"https:\/\/floridareprofreedom.org\/wp-content\/uploads\/2020\/06\/webpage-image-JB-website-1.png","contentUrl":"https:\/\/floridareprofreedom.org\/wp-content\/uploads\/2020\/06\/webpage-image-JB-website-1.png"},{"@type":"BreadcrumbList","@id":"https:\/\/floridareprofreedom.org\/alternativa-judicial-en-florida\/#breadcrumb","itemListElement":[{"@type":"ListItem","position":1,"name":"Home","item":"https:\/\/floridareprofreedom.org\/"},{"@type":"ListItem","position":2,"name":"Alternativa Judicial para un aborto en Florida"}]},{"@type":"WebSite","@id":"https:\/\/floridareprofreedom.org\/#website","url":"https:\/\/floridareprofreedom.org\/","name":"\u0641\u0644\u0648\u0631\u06cc\u0688\u06cc\u0646 \u062a\u0648\u0644\u06cc\u062f\u06cc \u0622\u0632\u0627\u062f\u06cc \u06a9\u06d2 \u0644\u06cc\u06d2","description":"\u0627\u0633\u0642\u0627\u0637 \u062d\u0645\u0644 \u0633\u0645\u06cc\u062a \u062a\u0648\u0644\u06cc\u062f\u06cc \u0635\u062d\u062a \u06a9\u06cc \u062f\u06cc\u06a9\u06be \u0628\u06be\u0627\u0644 \u062a\u06a9 \u0622\u0633\u0627\u0646\u060c \u0633\u0633\u062a\u06cc \u0627\u0648\u0631 \u0645\u062d\u0641\u0648\u0638 \u0631\u0633\u0627\u0626\u06cc \u06a9\u06cc \u0648\u06a9\u0627\u0644\u062a \u06a9\u0631\u0646\u0627\u06d4","publisher":{"@id":"https:\/\/floridareprofreedom.org\/#organization"},"potentialAction":[{"@type":"SearchAction","target":{"@type":"EntryPoint","urlTemplate":"https:\/\/floridareprofreedom.org\/?s={search_term_string}"},"query-input":{"@type":"PropertyValueSpecification","valueRequired":true,"valueName":"search_term_string"}}],"inLanguage":"ur"},{"@type":"Organization","@id":"https:\/\/floridareprofreedom.org\/#organization","name":"\u062a\u0648\u0644\u06cc\u062f\u06cc \u0622\u0632\u0627\u062f\u06cc \u06a9\u06d2 \u0644\u06cc\u06d2 \u0641\u0644\u0648\u0631\u06cc\u0688\u06cc\u0646","url":"https:\/\/floridareprofreedom.org\/","logo":{"@type":"ImageObject","inLanguage":"ur","@id":"https:\/\/floridareprofreedom.org\/#\/schema\/logo\/image\/","url":"https:\/\/floridareprofreedom.org\/wp-content\/uploads\/2019\/05\/Untitled.jpg","contentUrl":"https:\/\/floridareprofreedom.org\/wp-content\/uploads\/2019\/05\/Untitled.jpg","width":174,"height":180,"caption":"Floridians for Reproductive Freedom"},"image":{"@id":"https:\/\/floridareprofreedom.org\/#\/schema\/logo\/image\/"},"sameAs":["https:\/\/www.facebook.com\/FloridaReproFreedom\/","https:\/\/x.com\/FLReproFreedom","https:\/\/www.instagram.com\/floridareprofreedom\/"]}]}},"_links":{"self":[{"href":"https:\/\/floridareprofreedom.org\/ur\/wp-json\/wp\/v2\/pages\/1233","targetHints":{"allow":["GET"]}}],"collection":[{"href":"https:\/\/floridareprofreedom.org\/ur\/wp-json\/wp\/v2\/pages"}],"about":[{"href":"https:\/\/floridareprofreedom.org\/ur\/wp-json\/wp\/v2\/types\/page"}],"author":[{"embeddable":true,"href":"https:\/\/floridareprofreedom.org\/ur\/wp-json\/wp\/v2\/users\/3"}],"replies":[{"embeddable":true,"href":"https:\/\/floridareprofreedom.org\/ur\/wp-json\/wp\/v2\/comments?post=1233"}],"version-history":[{"count":14,"href":"https:\/\/floridareprofreedom.org\/ur\/wp-json\/wp\/v2\/pages\/1233\/revisions"}],"predecessor-version":[{"id":4086,"href":"https:\/\/floridareprofreedom.org\/ur\/wp-json\/wp\/v2\/pages\/1233\/revisions\/4086"}],"wp:attachment":[{"href":"https:\/\/floridareprofreedom.org\/ur\/wp-json\/wp\/v2\/media?parent=1233"}],"wp:term":[{"taxonomy":"folder","embeddable":true,"href":"https:\/\/floridareprofreedom.org\/ur\/wp-json\/wp\/v2\/folder?post=1233"}],"curies":[{"name":"wp","href":"https:\/\/api.w.org\/{rel}","templated":true}]}}