{"id":1255,"date":"2020-08-05T12:10:44","date_gmt":"2020-08-05T12:10:44","guid":{"rendered":"https:\/\/floridareprofreedom.org\/?page_id=1255"},"modified":"2020-08-05T12:37:05","modified_gmt":"2020-08-05T12:37:05","slug":"jb4","status":"publish","type":"page","link":"https:\/\/floridareprofreedom.org\/ur\/jb4\/","title":{"rendered":"\u00bfQu\u00e9 tomar\u00e1 en consideraci\u00f3n el juez?"},"content":{"rendered":"<p><span style=\"font-weight: 400;\">Hay tres razones principales que un juez toma en cuenta a la hora de conceder una alternativa judicial. Para lograrlo\u060c tienes que probar por lo menos una de esas tres razones. Si tienes m\u00e1s de una raz\u00f3n que probar en tu caso\u060c entonces debes explicar cada una de ellas. \u0644\u0627\u0633 \u0679\u0631\u06cc\u0633 \u0631\u0627\u0632\u0648\u0646 \u067e\u0631\u0646\u0633\u067e\u0644 \u0628\u06cc\u0679\u0627:\u00a0<\/span><\/p>\n<p><span style=\"font-weight: 400;\"><strong>Eres lo suficientemente madura:<\/strong> <\/span><\/p>\n<p><span style=\"font-weight: 400;\">Para probarlo, necesitas presentar &quot;evidencia clara y convincente&quot;\u06d4 Esto significa, que las pruebas deben ser sustanciales para tomar esta decisi\u00f3n por cuenta propia.\u00a0<\/span><\/p>\n<p><span style=\"font-weight: 400;\">Para determinar que eres lo suficientemente madura para tomar esta decisi\u00f3n la ley de Florida requiere que consideres lo siguiente: 1) edad 2) inteligencia 3) estabilidad emocional 4) credibilidad 5) habilidad de aceptar de aceptar respadaabilidad 6) consecuencias a corto como a largo plazo de tener un aborto 6) habilidad para entender y explicar los riesgos m\u00e9dicos de terminar el embarazo y la habilidad de aplicar ese conocimiento a la decisi\u00f3n tomada.\u00a0<\/span><\/p>\n<p><span style=\"font-weight: 400;\">La ley requiere que el juez \u06a9\u0627 \u062a\u0639\u06cc\u0646 que no existen &#039;influencias externas&#039; que est\u00e9n impactando la decisi\u00f3n de interrumpir el embarazo. &#039;Influencias externas&#039; se refiere a que otra persona o personas est\u00e9n tratando de forzarte a que tome una decisi\u00f3n si no es la decisi\u00f3n que quieres tomar.\u00a0<\/span><\/p>\n<p><span style=\"font-weight: 400;\">Por ejemplo, si un novio, amigo u otra persona est\u00e1 tratando de convencerte a que te hagas un aborto cuando eso no es lo que realmente quieres, el juez considerar\u00e1 esto a la hora de decidir si concede o rechaza la alternativa.<\/span><\/p>\n<ul>\n<li style=\"font-weight: 400;\"><span style=\"font-weight: 400;\">Esto es lo que puede ayudarte a convencer a un juez que eres lo suficientemente madura para interrumpir el embarazo sin la intervenci\u00f3n de los padres: Prover al juez informaci\u00f3n sobre tu perfil como estudiante o si est\u00e1s matriculado en la liberios, como estudiante o si est\u00e1s matriculado en la, liberios, como y planes concretos para el futuro de asistir a la universidad o aspiraciones a completar una carrera vocacional.<\/span><\/li>\n<li style=\"font-weight: 400;\"><span style=\"font-weight: 400;\">El juez puede que te pregunte si has discutido tu decisi\u00f3n con otros adultos de confianza. Los jueces t\u00edpicamente favorecen a j\u00f3venes que tienen un sistema de apoyo, personas con las que pueden contar o si existen complicaciones m\u00e9dicas o Mentales despu\u00e9s del aborto, ya sea otro miembro de la familia, un amigo o amigo de apoyo.<\/span><\/li>\n<li style=\"font-weight: 400;\"><span style=\"font-weight: 400;\">Debes estar preparado para explicar c\u00f3mo pagar\u00e1s por los costos del aborto\u060c sin la ayuda de los padres.\u00a0<\/span><\/li>\n<li style=\"font-weight: 400;\"><span style=\"font-weight: 400;\">Un juez puede que quiera saber si te has reunido con \u0627\u0642\u0648\u0627\u0645 \u0645\u062a\u062d\u062f\u06c1 \u0688\u0627\u06a9\u0679\u0631 y si est\u00e1s consciente sobre c\u00f3mo es el procedimiento m\u00e9dico y cu\u00e1les son los riesgos de hacerse un aborto.<\/span><\/li>\n<li style=\"font-weight: 400;\"><span style=\"font-weight: 400;\">Algunas veces los jueces dedicen que un menor no es lo suficientemente maduro para hacerse un aborto sin el consentimiento de los padres. Esto ocurre cuando los j\u00f3venes no pueden demostrar lo siguiente: 1) no tienen conocimiento espec\u00edfico o inmediato de los riesgos f\u00edsicos a largo plazo, riesgos emocionales o sicol\u00f3gicos de hacerse de hacerse ejocabora unjoca 2) emocional o apoyo de alg\u00fan adulto 3) qu\u00e9 hacer en caso de que surjan complicaciones m\u00e9dicas o emocionales despu\u00e9s del aborto 4) conocimiento sobre la experiencia de hacerse un aborto y las posibles complicaciones\u00a0<\/span><\/li>\n<\/ul>\n<p><span style=\"font-weight: 400;\">Las cortes de Florida han determinado el nivel de la madurez de una persona bajo las siguientes consideraciones: compostura, habilidad anal\u00edtica, apariencia, tono de voz, seriedad, expresiones, habilidad de articular su raciocinio y conclusiones. Las cortes adem\u00e1s consideran la experiencia laboral, viviendo fuera de la casa de sus padres o manejando finanzas.\u00a0<\/span><\/p>\n<ul>\n<li style=\"font-weight: 400;\"><span style=\"font-weight: 400;\">Cada joven es diferente y la madurez debe ser decidida en base a las circunstancias personales y el historial de vida en lugar de un s\u00f3lo est\u00e1ndar de madurez.\u00a0<\/span><\/li>\n<\/ul>\n<p><strong>Si est\u00e1s siendo abusado:\u00a0<\/strong><\/p>\n<p><span style=\"font-weight: 400;\">Si est\u00e1s tratando de probar que has sido abusado por tus padres o custodios, necesitas probarlo ante el juez bajo \u201cpreponderancia de evidencia\u201d\u06d4 Esto significa que el juez necesita escuchar m\u00e1s all\u00e1 de tu testimonio. Puede ser dif\u00edcil decirle al juez exactamente los detalles para que pueda entender el porqu\u00e9 quieres interrumpir el embarazo. \u0646\u0648\u0679 que si la corte encuentra evidencia de que el joven ha sido abusado f\u00edsica o sexualmente por alguna persona\u060c la corte est\u00e1 en la obligaci\u00f3n bajo la ley de reportarlo a las autoridades.<\/span><\/p>\n<p><strong>\u0622\u067e \u06a9\u06cc \u062f\u0644\u0686\u0633\u067e\u06cc \u06c1\u06d2:\u00a0<\/strong><\/p>\n<ul>\n<li style=\"font-weight: 400;\"><span style=\"font-weight: 400;\">Si est\u00e1s tratando de probar que involucrar \u0627\u06cc\u06a9 \u0644\u0627\u0633 padres \u0627\u06d2 custodios en tu decisi\u00f3n de tener un aborto y que no est\u00e1n velando por tus mejores intereses, tendr\u00e1s que probarlo ante el juez usando evidencia clara y convincente.\u00a0<\/span><\/li>\n<li style=\"font-weight: 400;\"><span style=\"font-weight: 400;\">Las cortes de Florida consideran que tener miedo de involucrar a los padres en la decisi\u00f3n no es motivo suficiente para conceder una alternativa judicial. Tener miedo de que los padres no entiendan la decisi\u00f3n o se molesten por el embarazo no es suficiente para establecer que es en tu mejor inter\u00e9s no involucrar a los padres o custodios.<\/span><\/li>\n<li style=\"font-weight: 400;\"><span style=\"font-weight: 400;\">Varias cortes de Florida han basado sus decisiones para conceder una alternativa judicial considerando estos factores: 1) El bienestar emocional o f\u00edsico del joven 2) la posibilidad de intimidaci\u00f3n u otras heridas emocionales, peligro f\u00edsidel) lavenydelgar, la 3. posibilidad que una notificaci\u00f3n pueda ocasionar da\u00f1o serio y duradero a la estructura familiar , 4) la relaci\u00f3n entre los padres y el menor y el efecto de la notificaci\u00f3n en esa relaci\u00f3n y la posibilidad notificado a puedelos y la relaci\u00f3n una desconexion emotional<\/span><\/li>\n<\/ul>\n<p style=\"text-align: center;\"><a href=\"https:\/\/floridareprofreedom.org\/ur\/%d9%81%d9%84%d9%88%d8%b1%db%8c%da%88%d8%a7-%d9%85%db%8c%da%ba-%d9%85%d8%aa%d8%a8%d8%a7%d8%af%d9%84-%d8%b9%d8%af%d8%a7%d9%84%d8%aa%db%8c\/\">Regressar al inicio<\/a>\u00a0 |\u00a0\u00a0<a href=\"https:\/\/floridareprofreedom.org\/ur\/jb3\/\">Pregunta anterior<\/a>\u00a0 \u00a0 |\u00a0 <a href=\"https:\/\/floridareprofreedom.org\/ur\/jb5\/\">\u0635\u0641\u062d\u06c1 \u0635\u0641\u062d\u06c1<\/a><\/p>\n<p><b>Preguntas Relacionadas<\/b><\/p>\n<ol>\n<li style=\"font-weight: 400;\"><span style=\"font-weight: 400;\"><a href=\"https:\/\/floridareprofreedom.org\/ur\/jb1\/\">\u00bf<\/a><a href=\"https:\/\/floridareprofreedom.org\/ur\/jb1\/\">Qu\u00e9 es una alternativa judicial en caso de que necesite un aborto?<\/a><\/span><\/li>\n<li style=\"font-weight: 400;\"><a href=\"https:\/\/floridareprofreedom.org\/ur\/jb2\/\"><span style=\"font-weight: 400;\">\u00bf<\/span><span style=\"font-weight: 400;\">A d\u00f3nde debo acudir para poder hacerme un aborto?<\/span><\/a><\/li>\n<li style=\"font-weight: 400;\"><a href=\"https:\/\/floridareprofreedom.org\/ur\/jb3\/\"><span style=\"font-weight: 400;\">\u00bf<\/span><span style=\"font-weight: 400;\">Qu\u00e9 tipo de formulario debo llenar<\/span><span style=\"font-weight: 400;\">?<\/span><\/a><\/li>\n<li style=\"font-weight: 400;\"><a href=\"https:\/\/floridareprofreedom.org\/ur\/jb4\/\"><span style=\"font-weight: 400;\">\u00bfQu\u00e9 considerar\u00e1 el juez para tomar una decisi\u00f3n\u061f<\/span><\/a><\/li>\n<li style=\"font-weight: 400;\"><a href=\"https:\/\/floridareprofreedom.org\/ur\/jb5\/\"><span style=\"font-weight: 400;\">\u00bfNecesito un abogado?<\/span><\/a><\/li>\n<li style=\"font-weight: 400;\"><a href=\"https:\/\/floridareprofreedom.org\/ur\/jb6\/\"><span style=\"font-weight: 400;\">\u00bf<\/span><span style=\"font-weight: 400;\">Cu\u00e1nto tarda conseguir una \u0645\u062a\u0628\u0627\u062f\u0644 \u0639\u062f\u0627\u0644\u062a\u06cc\u061f<\/span><\/a><\/li>\n<li style=\"font-weight: 400;\"><a href=\"https:\/\/floridareprofreedom.org\/ur\/jb7\/\"><span style=\"font-weight: 400;\">\u00bf<\/span><span style=\"font-weight: 400;\">Cu\u00e1nto cuesta conseguir una \u0645\u062a\u0628\u0627\u062f\u0644 \u0639\u062f\u0627\u0644\u062a\u06cc\u061f<\/span><\/a><\/li>\n<li style=\"font-weight: 400;\"><a href=\"https:\/\/floridareprofreedom.org\/ur\/jb8\/\"><span style=\"font-weight: 400;\">\u00bf<\/span><span style=\"font-weight: 400;\">Qui\u00e9nes sabr\u00e1n si he logrado obtener una alternativa judicial?<\/span><\/a><\/li>\n<li style=\"font-weight: 400;\"><a href=\"https:\/\/floridareprofreedom.org\/ur\/jb9\/\"><span style=\"font-weight: 400;\">\u00bf<\/span><span style=\"font-weight: 400;\">Qu\u00e9 tipo de preguntas me har\u00e1 el juez?<\/span><\/a><\/li>\n<li style=\"font-weight: 400;\"><a href=\"https:\/\/floridareprofreedom.org\/ur\/jb10\/\"><span style=\"font-weight: 400;\">\u00bf<\/span><span style=\"font-weight: 400;\">Qu\u00e9 vestimenta debo usar para ir a la corte?<\/span><\/a><\/li>\n<li style=\"font-weight: 400;\"><a href=\"https:\/\/floridareprofreedom.org\/ur\/jb11\/\"><span style=\"font-weight: 400;\">\u00bf<\/span><span style=\"font-weight: 400;\">Qu\u00e9 suceder\u00eda si mi audiencia est\u00e1 programada para un d\u00eda escolar<\/span><span style=\"font-weight: 400;\">?<\/span><\/a><\/li>\n<li style=\"font-weight: 400;\"><a href=\"https:\/\/floridareprofreedom.org\/ur\/jb12\/\"><span style=\"font-weight: 400;\">\u00bf<\/span><span style=\"font-weight: 400;\">La persona involucrada en mi embarazo tiene potestad para decidir sobre si debo o no practicarme un aborto<\/span><\/a><span style=\"font-weight: 400;\">?\u00a0<\/span><\/li>\n<li style=\"font-weight: 400;\"><a href=\"https:\/\/floridareprofreedom.org\/ur\/jb13\/\"><span style=\"font-weight: 400;\">\u00a0<\/span><span style=\"font-weight: 400;\">\u00bf<\/span><span style=\"font-weight: 400;\">Tengo que ser ciudadana americana para practicarme un aborto\u061f <\/span><span style=\"font-weight: 400;\">\u00bf<\/span><span style=\"font-weight: 400;\">Y si no puedo comunicarme en ingl\u00e9s?\u00a0<\/span><\/a><\/li>\n<li style=\"font-weight: 400;\"><a href=\"https:\/\/floridareprofreedom.org\/ur\/jb14\/\"><span style=\"font-weight: 400;\">\u00bf<\/span><span style=\"font-weight: 400;\">Puedo cambiar de decisi\u00f3n despu\u00e9s de una alternativa \u062c\u0648\u0688\u06cc\u0634\u0644\u061f<\/span><\/a><\/li>\n<li><a href=\"https:\/\/floridareprofreedom.org\/ur\/jb15\/\"><span style=\"font-weight: 400;\">\u00bf<\/span><span style=\"font-weight: 400;\">Qu\u00e9 pasa si el juez niega mi petici\u00f3n<\/span><span style=\"font-weight: 400;\">?<\/span><\/a><\/li>\n<\/ol>","protected":false},"excerpt":{"rendered":"<p>Hay tres razones principales que un juez toma en cuenta a la hora de conceder una alternativa judicial. Para lograrlo, tienes que probar por lo menos una de esas tres razones. Si tienes m\u00e1s de una raz\u00f3n que probar en tu caso, entonces debes explicar cada una de ellas. Las tres razones principales son:\u00a0 Eres [&hellip;]<\/p>\n","protected":false},"author":4,"featured_media":0,"parent":0,"menu_order":0,"comment_status":"closed","ping_status":"closed","template":"","meta":{"footnotes":""},"folder":[9],"class_list":["post-1255","page","type-page","status-publish","hentry"],"yoast_head":"<!-- This site is optimized with the Yoast SEO plugin v27.3 - https:\/\/yoast.com\/product\/yoast-seo-wordpress\/ -->\n<title>\u00bfQu\u00e9 tomar\u00e1 en consideraci\u00f3n el juez? - Floridians For Reproductive Freedom<\/title>\n<meta name=\"robots\" content=\"index, follow, max-snippet:-1, max-image-preview:large, max-video-preview:-1\" \/>\n<link rel=\"canonical\" href=\"https:\/\/floridareprofreedom.org\/ur\/jb4\/\" \/>\n<meta property=\"og:locale\" content=\"en_US\" \/>\n<meta property=\"og:type\" content=\"article\" \/>\n<meta property=\"og:title\" content=\"\u00bfQu\u00e9 tomar\u00e1 en consideraci\u00f3n el juez? - Floridians For Reproductive Freedom\" \/>\n<meta property=\"og:description\" content=\"Hay tres razones principales que un juez toma en cuenta a la hora de conceder una alternativa judicial. Para lograrlo, tienes que probar por lo menos una de esas tres razones. Si tienes m\u00e1s de una raz\u00f3n que probar en tu caso, entonces debes explicar cada una de ellas. Las tres razones principales son:\u00a0 Eres [&hellip;]\" \/>\n<meta property=\"og:url\" content=\"https:\/\/floridareprofreedom.org\/ur\/jb4\/\" \/>\n<meta property=\"og:site_name\" content=\"Floridians For Reproductive Freedom\" \/>\n<meta property=\"article:publisher\" content=\"https:\/\/www.facebook.com\/FloridaReproFreedom\/\" \/>\n<meta property=\"article:modified_time\" content=\"2020-08-05T12:37:05+00:00\" \/>\n<meta name=\"twitter:card\" content=\"summary_large_image\" \/>\n<meta name=\"twitter:site\" content=\"@FLReproFreedom\" \/>\n<meta name=\"twitter:label1\" content=\"Est. reading time\" \/>\n\t<meta name=\"twitter:data1\" content=\"5 \u0645\u0646\u0679\u0633\" \/>\n<script type=\"application\/ld+json\" class=\"yoast-schema-graph\">{\"@context\":\"https:\\\/\\\/schema.org\",\"@graph\":[{\"@type\":\"WebPage\",\"@id\":\"https:\\\/\\\/floridareprofreedom.org\\\/jb4\\\/\",\"url\":\"https:\\\/\\\/floridareprofreedom.org\\\/jb4\\\/\",\"name\":\"\u00bfQu\u00e9 tomar\u00e1 en consideraci\u00f3n el juez? - Floridians For Reproductive Freedom\",\"isPartOf\":{\"@id\":\"https:\\\/\\\/floridareprofreedom.org\\\/#website\"},\"datePublished\":\"2020-08-05T12:10:44+00:00\",\"dateModified\":\"2020-08-05T12:37:05+00:00\",\"breadcrumb\":{\"@id\":\"https:\\\/\\\/floridareprofreedom.org\\\/jb4\\\/#breadcrumb\"},\"inLanguage\":\"ur\",\"potentialAction\":[{\"@type\":\"ReadAction\",\"target\":[\"https:\\\/\\\/floridareprofreedom.org\\\/jb4\\\/\"]}]},{\"@type\":\"BreadcrumbList\",\"@id\":\"https:\\\/\\\/floridareprofreedom.org\\\/jb4\\\/#breadcrumb\",\"itemListElement\":[{\"@type\":\"ListItem\",\"position\":1,\"name\":\"Home\",\"item\":\"https:\\\/\\\/floridareprofreedom.org\\\/\"},{\"@type\":\"ListItem\",\"position\":2,\"name\":\"\u00bfQu\u00e9 tomar\u00e1 en consideraci\u00f3n el juez?\"}]},{\"@type\":\"WebSite\",\"@id\":\"https:\\\/\\\/floridareprofreedom.org\\\/#website\",\"url\":\"https:\\\/\\\/floridareprofreedom.org\\\/\",\"name\":\"Floridians For Reproductive Freedom\",\"description\":\"Advocating for convenient, affordable, and safe access to reproductive health care, including abortion.\",\"publisher\":{\"@id\":\"https:\\\/\\\/floridareprofreedom.org\\\/#organization\"},\"potentialAction\":[{\"@type\":\"SearchAction\",\"target\":{\"@type\":\"EntryPoint\",\"urlTemplate\":\"https:\\\/\\\/floridareprofreedom.org\\\/?s={search_term_string}\"},\"query-input\":{\"@type\":\"PropertyValueSpecification\",\"valueRequired\":true,\"valueName\":\"search_term_string\"}}],\"inLanguage\":\"ur\"},{\"@type\":\"Organization\",\"@id\":\"https:\\\/\\\/floridareprofreedom.org\\\/#organization\",\"name\":\"Floridians for Reproductive Freedom\",\"url\":\"https:\\\/\\\/floridareprofreedom.org\\\/\",\"logo\":{\"@type\":\"ImageObject\",\"inLanguage\":\"ur\",\"@id\":\"https:\\\/\\\/floridareprofreedom.org\\\/#\\\/schema\\\/logo\\\/image\\\/\",\"url\":\"https:\\\/\\\/floridareprofreedom.org\\\/wp-content\\\/uploads\\\/2019\\\/05\\\/Untitled.jpg\",\"contentUrl\":\"https:\\\/\\\/floridareprofreedom.org\\\/wp-content\\\/uploads\\\/2019\\\/05\\\/Untitled.jpg\",\"width\":174,\"height\":180,\"caption\":\"Floridians for Reproductive Freedom\"},\"image\":{\"@id\":\"https:\\\/\\\/floridareprofreedom.org\\\/#\\\/schema\\\/logo\\\/image\\\/\"},\"sameAs\":[\"https:\\\/\\\/www.facebook.com\\\/FloridaReproFreedom\\\/\",\"https:\\\/\\\/x.com\\\/FLReproFreedom\",\"https:\\\/\\\/www.instagram.com\\\/floridareprofreedom\\\/\"]}]}<\/script>\n<!-- \/ Yoast SEO plugin. -->","yoast_head_json":{"title":"\u00bfQu\u00e9 tomar\u00e1 en consideraci\u00f3n el juez? - \u062a\u0648\u0644\u06cc\u062f\u06cc \u0622\u0632\u0627\u062f\u06cc \u06a9\u06d2 \u0644\u06cc\u06d2 \u0641\u0644\u0648\u0631\u06cc\u0688\u06cc\u0646","robots":{"index":"index","follow":"follow","max-snippet":"max-snippet:-1","max-image-preview":"max-image-preview:large","max-video-preview":"max-video-preview:-1"},"canonical":"https:\/\/floridareprofreedom.org\/ur\/jb4\/","og_locale":"en_US","og_type":"article","og_title":"\u00bfQu\u00e9 tomar\u00e1 en consideraci\u00f3n el juez? - Floridians For Reproductive Freedom","og_description":"Hay tres razones principales que un juez toma en cuenta a la hora de conceder una alternativa judicial. Para lograrlo, tienes que probar por lo menos una de esas tres razones. Si tienes m\u00e1s de una raz\u00f3n que probar en tu caso, entonces debes explicar cada una de ellas. Las tres razones principales son:\u00a0 Eres [&hellip;]","og_url":"https:\/\/floridareprofreedom.org\/ur\/jb4\/","og_site_name":"Floridians For Reproductive Freedom","article_publisher":"https:\/\/www.facebook.com\/FloridaReproFreedom\/","article_modified_time":"2020-08-05T12:37:05+00:00","twitter_card":"summary_large_image","twitter_site":"@FLReproFreedom","twitter_misc":{"Est. reading time":"5 \u0645\u0646\u0679\u0633"},"schema":{"@context":"https:\/\/schema.org","@graph":[{"@type":"WebPage","@id":"https:\/\/floridareprofreedom.org\/jb4\/","url":"https:\/\/floridareprofreedom.org\/jb4\/","name":"\u00bfQu\u00e9 tomar\u00e1 en consideraci\u00f3n el juez? - \u062a\u0648\u0644\u06cc\u062f\u06cc \u0622\u0632\u0627\u062f\u06cc \u06a9\u06d2 \u0644\u06cc\u06d2 \u0641\u0644\u0648\u0631\u06cc\u0688\u06cc\u0646","isPartOf":{"@id":"https:\/\/floridareprofreedom.org\/#website"},"datePublished":"2020-08-05T12:10:44+00:00","dateModified":"2020-08-05T12:37:05+00:00","breadcrumb":{"@id":"https:\/\/floridareprofreedom.org\/jb4\/#breadcrumb"},"inLanguage":"ur","potentialAction":[{"@type":"ReadAction","target":["https:\/\/floridareprofreedom.org\/jb4\/"]}]},{"@type":"BreadcrumbList","@id":"https:\/\/floridareprofreedom.org\/jb4\/#breadcrumb","itemListElement":[{"@type":"ListItem","position":1,"name":"Home","item":"https:\/\/floridareprofreedom.org\/"},{"@type":"ListItem","position":2,"name":"\u00bfQu\u00e9 tomar\u00e1 en consideraci\u00f3n el juez?"}]},{"@type":"WebSite","@id":"https:\/\/floridareprofreedom.org\/#website","url":"https:\/\/floridareprofreedom.org\/","name":"\u0641\u0644\u0648\u0631\u06cc\u0688\u06cc\u0646 \u062a\u0648\u0644\u06cc\u062f\u06cc \u0622\u0632\u0627\u062f\u06cc \u06a9\u06d2 \u0644\u06cc\u06d2","description":"\u0627\u0633\u0642\u0627\u0637 \u062d\u0645\u0644 \u0633\u0645\u06cc\u062a \u062a\u0648\u0644\u06cc\u062f\u06cc \u0635\u062d\u062a \u06a9\u06cc \u062f\u06cc\u06a9\u06be \u0628\u06be\u0627\u0644 \u062a\u06a9 \u0622\u0633\u0627\u0646\u060c \u0633\u0633\u062a\u06cc \u0627\u0648\u0631 \u0645\u062d\u0641\u0648\u0638 \u0631\u0633\u0627\u0626\u06cc \u06a9\u06cc \u0648\u06a9\u0627\u0644\u062a \u06a9\u0631\u0646\u0627\u06d4","publisher":{"@id":"https:\/\/floridareprofreedom.org\/#organization"},"potentialAction":[{"@type":"SearchAction","target":{"@type":"EntryPoint","urlTemplate":"https:\/\/floridareprofreedom.org\/?s={search_term_string}"},"query-input":{"@type":"PropertyValueSpecification","valueRequired":true,"valueName":"search_term_string"}}],"inLanguage":"ur"},{"@type":"Organization","@id":"https:\/\/floridareprofreedom.org\/#organization","name":"\u062a\u0648\u0644\u06cc\u062f\u06cc \u0622\u0632\u0627\u062f\u06cc \u06a9\u06d2 \u0644\u06cc\u06d2 \u0641\u0644\u0648\u0631\u06cc\u0688\u06cc\u0646","url":"https:\/\/floridareprofreedom.org\/","logo":{"@type":"ImageObject","inLanguage":"ur","@id":"https:\/\/floridareprofreedom.org\/#\/schema\/logo\/image\/","url":"https:\/\/floridareprofreedom.org\/wp-content\/uploads\/2019\/05\/Untitled.jpg","contentUrl":"https:\/\/floridareprofreedom.org\/wp-content\/uploads\/2019\/05\/Untitled.jpg","width":174,"height":180,"caption":"Floridians for Reproductive Freedom"},"image":{"@id":"https:\/\/floridareprofreedom.org\/#\/schema\/logo\/image\/"},"sameAs":["https:\/\/www.facebook.com\/FloridaReproFreedom\/","https:\/\/x.com\/FLReproFreedom","https:\/\/www.instagram.com\/floridareprofreedom\/"]}]}},"_links":{"self":[{"href":"https:\/\/floridareprofreedom.org\/ur\/wp-json\/wp\/v2\/pages\/1255","targetHints":{"allow":["GET"]}}],"collection":[{"href":"https:\/\/floridareprofreedom.org\/ur\/wp-json\/wp\/v2\/pages"}],"about":[{"href":"https:\/\/floridareprofreedom.org\/ur\/wp-json\/wp\/v2\/types\/page"}],"author":[{"embeddable":true,"href":"https:\/\/floridareprofreedom.org\/ur\/wp-json\/wp\/v2\/users\/4"}],"replies":[{"embeddable":true,"href":"https:\/\/floridareprofreedom.org\/ur\/wp-json\/wp\/v2\/comments?post=1255"}],"version-history":[{"count":5,"href":"https:\/\/floridareprofreedom.org\/ur\/wp-json\/wp\/v2\/pages\/1255\/revisions"}],"predecessor-version":[{"id":1308,"href":"https:\/\/floridareprofreedom.org\/ur\/wp-json\/wp\/v2\/pages\/1255\/revisions\/1308"}],"wp:attachment":[{"href":"https:\/\/floridareprofreedom.org\/ur\/wp-json\/wp\/v2\/media?parent=1255"}],"wp:term":[{"taxonomy":"folder","embeddable":true,"href":"https:\/\/floridareprofreedom.org\/ur\/wp-json\/wp\/v2\/folder?post=1255"}],"curies":[{"name":"wp","href":"https:\/\/api.w.org\/{rel}","templated":true}]}}