{"id":1263,"date":"2020-08-05T12:25:57","date_gmt":"2020-08-05T12:25:57","guid":{"rendered":"https:\/\/floridareprofreedom.org\/?page_id=1263"},"modified":"2020-08-05T12:26:20","modified_gmt":"2020-08-05T12:26:20","slug":"jb7","status":"publish","type":"page","link":"https:\/\/floridareprofreedom.org\/ur\/jb7\/","title":{"rendered":"\u00bfCu\u00e1nto tarda obtener una alternativa judicial?"},"content":{"rendered":"<p><span style=\"font-weight: 400;\">\u0644\u0627 \u062c\u0648\u0627\u0628 es no. No necesitas pagar honarios legales para obtener una alternativa legal que te permita hacerte un aborto en Florida. Si quieres que la corte te asigne un abogado para ayudarte\u060c esto no te costar\u00e1 un centavo. \u0648\u06cc\u0627\u060c <\/span><a href=\"https:\/\/docs.google.com\/document\/d\/1B4AdYdocQAyBSCz2_Jl0nJHqr3P7ZelheUsQ0whwSQU\/edit?usp=sharing\"><span style=\"font-weight: 400;\">\u0636\u0631\u0648\u0631\u06cc \u06c1\u06d2<\/span><\/a><span style=\"font-weight: 400;\"> \u0645\u0632\u06cc\u062f \u0645\u0639\u0644\u0648\u0645\u0627\u062a \u06a9\u06d2 \u0644\u06cc\u06d2\u06d4<\/span><\/p>\n<p><span style=\"font-weight: 400;\">En algunas cortes, vas a tener que pagar por el estacionamiento. Ten en cuenta que tendr\u00e1s que pagar por las citas a las cl\u00ednicas relacionadas con el procedimiento. Si no puedes pagar por tu aborto, existen organizaciones locales y nacionales que pueden ayudarte. Aqu\u00ed te compartimos una lista. Debes tambi\u00e9n preguntar a tu proveedor de aborto si pueden ayudar a financiar el procedimiento m\u00e9dico.<\/span><\/p>\n<ul>\n<li><a href=\"https:\/\/www.prochoice.org\/\">\u0642\u0648\u0645\u06cc \u0627\u0633\u0642\u0627\u0637 \u062d\u0645\u0644 \u0641\u06cc\u0688\u0631\u06cc\u0634\u0646<\/a>: 1-800-772-9100<\/li>\n<li><a href=\"https:\/\/www.plannedparenthood.org\/teens\">\u0645\u0646\u0635\u0648\u0628\u06c1 \u0628\u0646\u062f \u0648\u0627\u0644\u062f\u06cc\u0646\u06cc\u062a<\/a>: 1-800-230-7526<\/li>\n<li><a href=\"http:\/\/www.flaccessnetwork.org\/\">\u0641\u0644\u0648\u0631\u06cc\u0688\u0627 \u0631\u0633\u0627\u0626\u06cc \u0646\u06cc\u0679 \u0648\u0631\u06a9<\/a>: \u0641\u0644\u0648\u0631\u06cc\u0688\u0627 \u0628\u06be\u0631 \u0645\u06cc\u06ba \u0633\u067e\u0648\u0631\u0679<\/li>\n<li><a href=\"https:\/\/emawpb.org\/\">\u0627\u06cc\u0645\u0631\u062c\u0646\u0633\u06cc \u0645\u06cc\u0688\u06cc\u06a9\u0644 \u0627\u0633\u0633\u0679\u0646\u0633 \u0627\u0646\u06a9\u0627\u0631\u067e\u0648\u0631\u06cc\u0634\u0646<\/a>: \u067e\u0627\u0645 \u0628\u06cc\u0686\u0632 \u0627\u0648\u0631 \u0679\u0631\u06cc\u0632\u0631 \u06a9\u0648\u0633\u0679<\/li>\n<li><a href=\"https:\/\/bwefund.org\/site\/\">\u0628\u0631\u0648\u0648\u0631\u0688 \u062e\u0648\u0627\u062a\u06cc\u0646 \u06a9\u06cc \u06c1\u0646\u06af\u0627\u0645\u06cc \u062a\u0641\u0631\u06cc\u062d<\/a>d: \u0628\u0631\u0648\u0648\u0631\u0688 \u06a9\u0627\u0624\u0646\u0679\u06cc<\/li>\n<li><a href=\"https:\/\/abortionfunds.org\/fund\/womens-emergency-network\/\">\u062e\u0648\u0627\u062a\u06cc\u0646 \u06a9\u0627 \u0627\u06cc\u0645\u0631\u062c\u0646\u0633\u06cc \u0646\u06cc\u0679 \u0648\u0631\u06a9<\/a>: \u0645\u06cc\u0627\u0645\u06cc \u0688\u06cc\u0688\u060c \u0628\u0631\u0648\u0648\u0631\u0688\u060c \u0627\u0648\u0631 \u0645\u0646\u0631\u0648 \u06a9\u0627\u0624\u0646\u0679\u06cc\u0632<\/li>\n<li><a href=\"https:\/\/abortionfunds.org\/fund\/tampa-bay-abortion-fund\/\">\u0679\u0645\u067e\u0627 \u0628\u06d2 \u0627\u0633\u0642\u0627\u0637 \u062d\u0645\u0644 \u0641\u0646\u0688<\/a>: Pinellas, Hillsborough, Pasco, Polk Counties<\/li>\n<\/ul>\n<p style=\"text-align: center;\"><a href=\"https:\/\/floridareprofreedom.org\/ur\/%d9%81%d9%84%d9%88%d8%b1%db%8c%da%88%d8%a7-%d9%85%db%8c%da%ba-%d9%85%d8%aa%d8%a8%d8%a7%d8%af%d9%84-%d8%b9%d8%af%d8%a7%d9%84%d8%aa%db%8c\/\">Regressar al inicio<\/a>\u00a0 |\u00a0 <a href=\"https:\/\/floridareprofreedom.org\/ur\/jb6\/\">Pregunta anterior<\/a>\u00a0\u00a0 |\u00a0 <a href=\"https:\/\/floridareprofreedom.org\/ur\/jb8\/\">\u0635\u0641\u062d\u06c1 \u0635\u0641\u062d\u06c1<\/a><\/p>\n<p><b>Preguntas Relacionadas<\/b><\/p>\n<ol>\n<li style=\"font-weight: 400;\"><span style=\"font-weight: 400;\"><a href=\"https:\/\/floridareprofreedom.org\/ur\/jb1\/\">\u00bf<\/a><a href=\"https:\/\/floridareprofreedom.org\/ur\/jb1\/\">Qu\u00e9 es una alternativa judicial en caso de que necesite un aborto?<\/a><\/span><\/li>\n<li style=\"font-weight: 400;\"><a href=\"https:\/\/floridareprofreedom.org\/ur\/jb2\/\"><span style=\"font-weight: 400;\">\u00bf<\/span><span style=\"font-weight: 400;\">A d\u00f3nde debo acudir para poder hacerme un aborto?<\/span><\/a><\/li>\n<li style=\"font-weight: 400;\"><a href=\"https:\/\/floridareprofreedom.org\/ur\/jb3\/\"><span style=\"font-weight: 400;\">\u00bf<\/span><span style=\"font-weight: 400;\">Qu\u00e9 tipo de formulario debo llenar<\/span><span style=\"font-weight: 400;\">?<\/span><\/a><\/li>\n<li style=\"font-weight: 400;\"><a href=\"https:\/\/floridareprofreedom.org\/ur\/jb4\/\"><span style=\"font-weight: 400;\">\u00bfQu\u00e9 considerar\u00e1 el juez para tomar una decisi\u00f3n\u061f<\/span><\/a><\/li>\n<li style=\"font-weight: 400;\"><a href=\"https:\/\/floridareprofreedom.org\/ur\/jb5\/\"><span style=\"font-weight: 400;\">\u00bfNecesito un abogado?<\/span><\/a><\/li>\n<li style=\"font-weight: 400;\"><a href=\"https:\/\/floridareprofreedom.org\/ur\/jb6\/\"><span style=\"font-weight: 400;\">\u00bf<\/span><span style=\"font-weight: 400;\">Cu\u00e1nto tarda conseguir una \u0645\u062a\u0628\u0627\u062f\u0644 \u0639\u062f\u0627\u0644\u062a\u06cc\u061f<\/span><\/a><\/li>\n<li style=\"font-weight: 400;\"><a href=\"https:\/\/floridareprofreedom.org\/ur\/jb7\/\"><span style=\"font-weight: 400;\">\u00bf<\/span><span style=\"font-weight: 400;\">Cu\u00e1nto cuesta conseguir una \u0645\u062a\u0628\u0627\u062f\u0644 \u0639\u062f\u0627\u0644\u062a\u06cc\u061f<\/span><\/a><\/li>\n<li style=\"font-weight: 400;\"><a href=\"https:\/\/floridareprofreedom.org\/ur\/jb8\/\"><span style=\"font-weight: 400;\">\u00bf<\/span><span style=\"font-weight: 400;\">Qui\u00e9nes sabr\u00e1n si he logrado obtener una alternativa judicial?<\/span><\/a><\/li>\n<li style=\"font-weight: 400;\"><a href=\"https:\/\/floridareprofreedom.org\/ur\/jb9\/\"><span style=\"font-weight: 400;\">\u00bf<\/span><span style=\"font-weight: 400;\">Qu\u00e9 tipo de preguntas me har\u00e1 el juez?<\/span><\/a><\/li>\n<li style=\"font-weight: 400;\"><a href=\"https:\/\/floridareprofreedom.org\/ur\/jb10\/\"><span style=\"font-weight: 400;\">\u00bf<\/span><span style=\"font-weight: 400;\">Qu\u00e9 vestimenta debo usar para ir a la corte?<\/span><\/a><\/li>\n<li style=\"font-weight: 400;\"><a href=\"https:\/\/floridareprofreedom.org\/ur\/jb11\/\"><span style=\"font-weight: 400;\">\u00bf<\/span><span style=\"font-weight: 400;\">Qu\u00e9 suceder\u00eda si mi audiencia est\u00e1 programada para un d\u00eda escolar<\/span><span style=\"font-weight: 400;\">?<\/span><\/a><\/li>\n<li style=\"font-weight: 400;\"><a href=\"https:\/\/floridareprofreedom.org\/ur\/jb12\/\"><span style=\"font-weight: 400;\">\u00bf<\/span><span style=\"font-weight: 400;\">La persona involucrada en mi embarazo tiene potestad para decidir sobre si debo o no practicarme un aborto<\/span><\/a><span style=\"font-weight: 400;\">?\u00a0<\/span><\/li>\n<li style=\"font-weight: 400;\"><a href=\"https:\/\/floridareprofreedom.org\/ur\/jb13\/\"><span style=\"font-weight: 400;\">\u00a0<\/span><span style=\"font-weight: 400;\">\u00bf<\/span><span style=\"font-weight: 400;\">Tengo que ser ciudadana americana para practicarme un aborto\u061f <\/span><span style=\"font-weight: 400;\">\u00bf<\/span><span style=\"font-weight: 400;\">Y si no puedo comunicarme en ingl\u00e9s?\u00a0<\/span><\/a><\/li>\n<li style=\"font-weight: 400;\"><a href=\"https:\/\/floridareprofreedom.org\/ur\/jb14\/\"><span style=\"font-weight: 400;\">\u00bf<\/span><span style=\"font-weight: 400;\">Puedo cambiar de decisi\u00f3n despu\u00e9s de una alternativa \u062c\u0648\u0688\u06cc\u0634\u0644\u061f<\/span><\/a><\/li>\n<li><a href=\"https:\/\/floridareprofreedom.org\/ur\/jb15\/\"><span style=\"font-weight: 400;\">\u00bf<\/span><span style=\"font-weight: 400;\">Qu\u00e9 pasa si el juez niega mi petici\u00f3n<\/span><span style=\"font-weight: 400;\">?<\/span><\/a><\/li>\n<\/ol>","protected":false},"excerpt":{"rendered":"<p>La respuesta es no. No necesitas pagar honorarios legales para obtener una alternativa legal que te permita hacerte un aborto en Florida. Si quieres que la corte te asigne un abogado para ayudarte, esto no te costar\u00e1 un centavo. Vea, necesito un abogado para m\u00e1s informaci\u00f3n. En algunas cortes, vas a tener que pagar por [&hellip;]<\/p>\n","protected":false},"author":4,"featured_media":0,"parent":0,"menu_order":0,"comment_status":"closed","ping_status":"closed","template":"","meta":{"footnotes":""},"folder":[9],"class_list":["post-1263","page","type-page","status-publish","hentry"],"yoast_head":"<!-- This site is optimized with the Yoast SEO plugin v27.3 - https:\/\/yoast.com\/product\/yoast-seo-wordpress\/ -->\n<title>\u00bfCu\u00e1nto tarda obtener una alternativa judicial? - Floridians For Reproductive Freedom<\/title>\n<meta name=\"robots\" content=\"index, follow, max-snippet:-1, max-image-preview:large, max-video-preview:-1\" \/>\n<link rel=\"canonical\" href=\"https:\/\/floridareprofreedom.org\/ur\/jb7\/\" \/>\n<meta property=\"og:locale\" content=\"en_US\" \/>\n<meta property=\"og:type\" content=\"article\" \/>\n<meta property=\"og:title\" content=\"\u00bfCu\u00e1nto tarda obtener una alternativa judicial? - Floridians For Reproductive Freedom\" \/>\n<meta property=\"og:description\" content=\"La respuesta es no. No necesitas pagar honorarios legales para obtener una alternativa legal que te permita hacerte un aborto en Florida. Si quieres que la corte te asigne un abogado para ayudarte, esto no te costar\u00e1 un centavo. Vea, necesito un abogado para m\u00e1s informaci\u00f3n. En algunas cortes, vas a tener que pagar por [&hellip;]\" \/>\n<meta property=\"og:url\" content=\"https:\/\/floridareprofreedom.org\/ur\/jb7\/\" \/>\n<meta property=\"og:site_name\" content=\"Floridians For Reproductive Freedom\" \/>\n<meta property=\"article:publisher\" content=\"https:\/\/www.facebook.com\/FloridaReproFreedom\/\" \/>\n<meta property=\"article:modified_time\" content=\"2020-08-05T12:26:20+00:00\" \/>\n<meta name=\"twitter:card\" content=\"summary_large_image\" \/>\n<meta name=\"twitter:site\" content=\"@FLReproFreedom\" \/>\n<meta name=\"twitter:label1\" content=\"Est. reading time\" \/>\n\t<meta name=\"twitter:data1\" content=\"2 \u0645\u0646\u0679\u0633\" \/>\n<script type=\"application\/ld+json\" class=\"yoast-schema-graph\">{\"@context\":\"https:\\\/\\\/schema.org\",\"@graph\":[{\"@type\":\"WebPage\",\"@id\":\"https:\\\/\\\/floridareprofreedom.org\\\/jb7\\\/\",\"url\":\"https:\\\/\\\/floridareprofreedom.org\\\/jb7\\\/\",\"name\":\"\u00bfCu\u00e1nto tarda obtener una alternativa judicial? - Floridians For Reproductive Freedom\",\"isPartOf\":{\"@id\":\"https:\\\/\\\/floridareprofreedom.org\\\/#website\"},\"datePublished\":\"2020-08-05T12:25:57+00:00\",\"dateModified\":\"2020-08-05T12:26:20+00:00\",\"breadcrumb\":{\"@id\":\"https:\\\/\\\/floridareprofreedom.org\\\/jb7\\\/#breadcrumb\"},\"inLanguage\":\"ur\",\"potentialAction\":[{\"@type\":\"ReadAction\",\"target\":[\"https:\\\/\\\/floridareprofreedom.org\\\/jb7\\\/\"]}]},{\"@type\":\"BreadcrumbList\",\"@id\":\"https:\\\/\\\/floridareprofreedom.org\\\/jb7\\\/#breadcrumb\",\"itemListElement\":[{\"@type\":\"ListItem\",\"position\":1,\"name\":\"Home\",\"item\":\"https:\\\/\\\/floridareprofreedom.org\\\/\"},{\"@type\":\"ListItem\",\"position\":2,\"name\":\"\u00bfCu\u00e1nto tarda obtener una alternativa judicial?\"}]},{\"@type\":\"WebSite\",\"@id\":\"https:\\\/\\\/floridareprofreedom.org\\\/#website\",\"url\":\"https:\\\/\\\/floridareprofreedom.org\\\/\",\"name\":\"Floridians For Reproductive Freedom\",\"description\":\"Advocating for convenient, affordable, and safe access to reproductive health care, including abortion.\",\"publisher\":{\"@id\":\"https:\\\/\\\/floridareprofreedom.org\\\/#organization\"},\"potentialAction\":[{\"@type\":\"SearchAction\",\"target\":{\"@type\":\"EntryPoint\",\"urlTemplate\":\"https:\\\/\\\/floridareprofreedom.org\\\/?s={search_term_string}\"},\"query-input\":{\"@type\":\"PropertyValueSpecification\",\"valueRequired\":true,\"valueName\":\"search_term_string\"}}],\"inLanguage\":\"ur\"},{\"@type\":\"Organization\",\"@id\":\"https:\\\/\\\/floridareprofreedom.org\\\/#organization\",\"name\":\"Floridians for Reproductive Freedom\",\"url\":\"https:\\\/\\\/floridareprofreedom.org\\\/\",\"logo\":{\"@type\":\"ImageObject\",\"inLanguage\":\"ur\",\"@id\":\"https:\\\/\\\/floridareprofreedom.org\\\/#\\\/schema\\\/logo\\\/image\\\/\",\"url\":\"https:\\\/\\\/floridareprofreedom.org\\\/wp-content\\\/uploads\\\/2019\\\/05\\\/Untitled.jpg\",\"contentUrl\":\"https:\\\/\\\/floridareprofreedom.org\\\/wp-content\\\/uploads\\\/2019\\\/05\\\/Untitled.jpg\",\"width\":174,\"height\":180,\"caption\":\"Floridians for Reproductive Freedom\"},\"image\":{\"@id\":\"https:\\\/\\\/floridareprofreedom.org\\\/#\\\/schema\\\/logo\\\/image\\\/\"},\"sameAs\":[\"https:\\\/\\\/www.facebook.com\\\/FloridaReproFreedom\\\/\",\"https:\\\/\\\/x.com\\\/FLReproFreedom\",\"https:\\\/\\\/www.instagram.com\\\/floridareprofreedom\\\/\"]}]}<\/script>\n<!-- \/ Yoast SEO plugin. -->","yoast_head_json":{"title":"\u00bfCu\u00e1nto tarda obtener una alternativa judicial? - \u062a\u0648\u0644\u06cc\u062f\u06cc \u0622\u0632\u0627\u062f\u06cc \u06a9\u06d2 \u0644\u06cc\u06d2 \u0641\u0644\u0648\u0631\u06cc\u0688\u06cc\u0646","robots":{"index":"index","follow":"follow","max-snippet":"max-snippet:-1","max-image-preview":"max-image-preview:large","max-video-preview":"max-video-preview:-1"},"canonical":"https:\/\/floridareprofreedom.org\/ur\/jb7\/","og_locale":"en_US","og_type":"article","og_title":"\u00bfCu\u00e1nto tarda obtener una alternativa judicial? - Floridians For Reproductive Freedom","og_description":"La respuesta es no. No necesitas pagar honorarios legales para obtener una alternativa legal que te permita hacerte un aborto en Florida. Si quieres que la corte te asigne un abogado para ayudarte, esto no te costar\u00e1 un centavo. Vea, necesito un abogado para m\u00e1s informaci\u00f3n. En algunas cortes, vas a tener que pagar por [&hellip;]","og_url":"https:\/\/floridareprofreedom.org\/ur\/jb7\/","og_site_name":"Floridians For Reproductive Freedom","article_publisher":"https:\/\/www.facebook.com\/FloridaReproFreedom\/","article_modified_time":"2020-08-05T12:26:20+00:00","twitter_card":"summary_large_image","twitter_site":"@FLReproFreedom","twitter_misc":{"Est. reading time":"2 \u0645\u0646\u0679\u0633"},"schema":{"@context":"https:\/\/schema.org","@graph":[{"@type":"WebPage","@id":"https:\/\/floridareprofreedom.org\/jb7\/","url":"https:\/\/floridareprofreedom.org\/jb7\/","name":"\u00bfCu\u00e1nto tarda obtener una alternativa judicial? - \u062a\u0648\u0644\u06cc\u062f\u06cc \u0622\u0632\u0627\u062f\u06cc \u06a9\u06d2 \u0644\u06cc\u06d2 \u0641\u0644\u0648\u0631\u06cc\u0688\u06cc\u0646","isPartOf":{"@id":"https:\/\/floridareprofreedom.org\/#website"},"datePublished":"2020-08-05T12:25:57+00:00","dateModified":"2020-08-05T12:26:20+00:00","breadcrumb":{"@id":"https:\/\/floridareprofreedom.org\/jb7\/#breadcrumb"},"inLanguage":"ur","potentialAction":[{"@type":"ReadAction","target":["https:\/\/floridareprofreedom.org\/jb7\/"]}]},{"@type":"BreadcrumbList","@id":"https:\/\/floridareprofreedom.org\/jb7\/#breadcrumb","itemListElement":[{"@type":"ListItem","position":1,"name":"Home","item":"https:\/\/floridareprofreedom.org\/"},{"@type":"ListItem","position":2,"name":"\u00bfCu\u00e1nto tarda obtener una alternativa judicial?"}]},{"@type":"WebSite","@id":"https:\/\/floridareprofreedom.org\/#website","url":"https:\/\/floridareprofreedom.org\/","name":"\u0641\u0644\u0648\u0631\u06cc\u0688\u06cc\u0646 \u062a\u0648\u0644\u06cc\u062f\u06cc \u0622\u0632\u0627\u062f\u06cc \u06a9\u06d2 \u0644\u06cc\u06d2","description":"\u0627\u0633\u0642\u0627\u0637 \u062d\u0645\u0644 \u0633\u0645\u06cc\u062a \u062a\u0648\u0644\u06cc\u062f\u06cc \u0635\u062d\u062a \u06a9\u06cc \u062f\u06cc\u06a9\u06be \u0628\u06be\u0627\u0644 \u062a\u06a9 \u0622\u0633\u0627\u0646\u060c \u0633\u0633\u062a\u06cc \u0627\u0648\u0631 \u0645\u062d\u0641\u0648\u0638 \u0631\u0633\u0627\u0626\u06cc \u06a9\u06cc \u0648\u06a9\u0627\u0644\u062a \u06a9\u0631\u0646\u0627\u06d4","publisher":{"@id":"https:\/\/floridareprofreedom.org\/#organization"},"potentialAction":[{"@type":"SearchAction","target":{"@type":"EntryPoint","urlTemplate":"https:\/\/floridareprofreedom.org\/?s={search_term_string}"},"query-input":{"@type":"PropertyValueSpecification","valueRequired":true,"valueName":"search_term_string"}}],"inLanguage":"ur"},{"@type":"Organization","@id":"https:\/\/floridareprofreedom.org\/#organization","name":"\u062a\u0648\u0644\u06cc\u062f\u06cc \u0622\u0632\u0627\u062f\u06cc \u06a9\u06d2 \u0644\u06cc\u06d2 \u0641\u0644\u0648\u0631\u06cc\u0688\u06cc\u0646","url":"https:\/\/floridareprofreedom.org\/","logo":{"@type":"ImageObject","inLanguage":"ur","@id":"https:\/\/floridareprofreedom.org\/#\/schema\/logo\/image\/","url":"https:\/\/floridareprofreedom.org\/wp-content\/uploads\/2019\/05\/Untitled.jpg","contentUrl":"https:\/\/floridareprofreedom.org\/wp-content\/uploads\/2019\/05\/Untitled.jpg","width":174,"height":180,"caption":"Floridians for Reproductive Freedom"},"image":{"@id":"https:\/\/floridareprofreedom.org\/#\/schema\/logo\/image\/"},"sameAs":["https:\/\/www.facebook.com\/FloridaReproFreedom\/","https:\/\/x.com\/FLReproFreedom","https:\/\/www.instagram.com\/floridareprofreedom\/"]}]}},"_links":{"self":[{"href":"https:\/\/floridareprofreedom.org\/ur\/wp-json\/wp\/v2\/pages\/1263","targetHints":{"allow":["GET"]}}],"collection":[{"href":"https:\/\/floridareprofreedom.org\/ur\/wp-json\/wp\/v2\/pages"}],"about":[{"href":"https:\/\/floridareprofreedom.org\/ur\/wp-json\/wp\/v2\/types\/page"}],"author":[{"embeddable":true,"href":"https:\/\/floridareprofreedom.org\/ur\/wp-json\/wp\/v2\/users\/4"}],"replies":[{"embeddable":true,"href":"https:\/\/floridareprofreedom.org\/ur\/wp-json\/wp\/v2\/comments?post=1263"}],"version-history":[{"count":4,"href":"https:\/\/floridareprofreedom.org\/ur\/wp-json\/wp\/v2\/pages\/1263\/revisions"}],"predecessor-version":[{"id":1294,"href":"https:\/\/floridareprofreedom.org\/ur\/wp-json\/wp\/v2\/pages\/1263\/revisions\/1294"}],"wp:attachment":[{"href":"https:\/\/floridareprofreedom.org\/ur\/wp-json\/wp\/v2\/media?parent=1263"}],"wp:term":[{"taxonomy":"folder","embeddable":true,"href":"https:\/\/floridareprofreedom.org\/ur\/wp-json\/wp\/v2\/folder?post=1263"}],"curies":[{"name":"wp","href":"https:\/\/api.w.org\/{rel}","templated":true}]}}