{"id":1277,"date":"2020-08-05T12:33:01","date_gmt":"2020-08-05T12:33:01","guid":{"rendered":"https:\/\/floridareprofreedom.org\/?page_id=1277"},"modified":"2020-08-05T12:33:01","modified_gmt":"2020-08-05T12:33:01","slug":"jb14","status":"publish","type":"page","link":"https:\/\/floridareprofreedom.org\/ur\/jb14\/","title":{"rendered":"\u00bfPuedo arrepentirme de hacerme un aborto luego de obtener una alternativa judicial?"},"content":{"rendered":"<p><span style=\"font-weight: 400;\">S\u00ed Tienes derecho de cambiar tu decisi\u00f3n y continuar con tu embarazo. Una vez el juez te entrega el documento garantizando que tienes derecho a hacerte un aborto sin consultar con tus padres\u060c no tienes la obligaci\u00f3n de continuar con el proceso m\u00e9dico.<\/span><\/p>\n<p style=\"text-align: center;\"><a href=\"https:\/\/floridareprofreedom.org\/ur\/%d9%81%d9%84%d9%88%d8%b1%db%8c%da%88%d8%a7-%d9%85%db%8c%da%ba-%d9%85%d8%aa%d8%a8%d8%a7%d8%af%d9%84-%d8%b9%d8%af%d8%a7%d9%84%d8%aa%db%8c\/\">Regressar al inicio<\/a>\u00a0 |\u00a0 <a href=\"https:\/\/floridareprofreedom.org\/ur\/jb13\/\">Pregunta anterior<\/a>\u00a0 |\u00a0 <a href=\"https:\/\/floridareprofreedom.org\/ur\/jb15\/\">\u0635\u0641\u062d\u06c1 \u0635\u0641\u062d\u06c1<\/a><\/p>\n<p><b>Preguntas Relacionadas<\/b><\/p>\n<ol>\n<li style=\"font-weight: 400;\"><span style=\"font-weight: 400;\"><a href=\"https:\/\/floridareprofreedom.org\/ur\/jb1\/\">\u00bf<\/a><a href=\"https:\/\/floridareprofreedom.org\/ur\/jb1\/\">Qu\u00e9 es una alternativa judicial en caso de que necesite un aborto?<\/a><\/span><\/li>\n<li style=\"font-weight: 400;\"><a href=\"https:\/\/floridareprofreedom.org\/ur\/jb2\/\"><span style=\"font-weight: 400;\">\u00bf<\/span><span style=\"font-weight: 400;\">A d\u00f3nde debo acudir para poder hacerme un aborto?<\/span><\/a><\/li>\n<li style=\"font-weight: 400;\"><a href=\"https:\/\/floridareprofreedom.org\/ur\/jb3\/\"><span style=\"font-weight: 400;\">\u00bf<\/span><span style=\"font-weight: 400;\">Qu\u00e9 tipo de formulario debo llenar<\/span><span style=\"font-weight: 400;\">?<\/span><\/a><\/li>\n<li style=\"font-weight: 400;\"><a href=\"https:\/\/floridareprofreedom.org\/ur\/jb4\/\"><span style=\"font-weight: 400;\">\u00bfQu\u00e9 considerar\u00e1 el juez para tomar una decisi\u00f3n\u061f<\/span><\/a><\/li>\n<li style=\"font-weight: 400;\"><a href=\"https:\/\/floridareprofreedom.org\/ur\/jb5\/\"><span style=\"font-weight: 400;\">\u00bfNecesito un abogado?<\/span><\/a><\/li>\n<li style=\"font-weight: 400;\"><a href=\"https:\/\/floridareprofreedom.org\/ur\/jb6\/\"><span style=\"font-weight: 400;\">\u00bf<\/span><span style=\"font-weight: 400;\">Cu\u00e1nto tarda conseguir una \u0645\u062a\u0628\u0627\u062f\u0644 \u0639\u062f\u0627\u0644\u062a\u06cc\u061f<\/span><\/a><\/li>\n<li style=\"font-weight: 400;\"><a href=\"https:\/\/floridareprofreedom.org\/ur\/jb7\/\"><span style=\"font-weight: 400;\">\u00bf<\/span><span style=\"font-weight: 400;\">Cu\u00e1nto cuesta conseguir una \u0645\u062a\u0628\u0627\u062f\u0644 \u0639\u062f\u0627\u0644\u062a\u06cc\u061f<\/span><\/a><\/li>\n<li style=\"font-weight: 400;\"><a href=\"https:\/\/floridareprofreedom.org\/ur\/jb8\/\"><span style=\"font-weight: 400;\">\u00bf<\/span><span style=\"font-weight: 400;\">Qui\u00e9nes sabr\u00e1n si he logrado obtener una alternativa judicial?<\/span><\/a><\/li>\n<li style=\"font-weight: 400;\"><a href=\"https:\/\/floridareprofreedom.org\/ur\/jb9\/\"><span style=\"font-weight: 400;\">\u00bf<\/span><span style=\"font-weight: 400;\">Qu\u00e9 tipo de preguntas me har\u00e1 el juez?<\/span><\/a><\/li>\n<li style=\"font-weight: 400;\"><a href=\"https:\/\/floridareprofreedom.org\/ur\/jb10\/\"><span style=\"font-weight: 400;\">\u00bf<\/span><span style=\"font-weight: 400;\">Qu\u00e9 vestimenta debo usar para ir a la corte?<\/span><\/a><\/li>\n<li style=\"font-weight: 400;\"><a href=\"https:\/\/floridareprofreedom.org\/ur\/jb11\/\"><span style=\"font-weight: 400;\">\u00bf<\/span><span style=\"font-weight: 400;\">Qu\u00e9 suceder\u00eda si mi audiencia est\u00e1 programada para un d\u00eda escolar<\/span><span style=\"font-weight: 400;\">?<\/span><\/a><\/li>\n<li style=\"font-weight: 400;\"><a href=\"https:\/\/floridareprofreedom.org\/ur\/jb12\/\"><span style=\"font-weight: 400;\">\u00bf<\/span><span style=\"font-weight: 400;\">La persona involucrada en mi embarazo tiene potestad para decidir sobre si debo o no practicarme un aborto<\/span><\/a><span style=\"font-weight: 400;\">?\u00a0<\/span><\/li>\n<li style=\"font-weight: 400;\"><a href=\"https:\/\/floridareprofreedom.org\/ur\/jb13\/\"><span style=\"font-weight: 400;\">\u00a0<\/span><span style=\"font-weight: 400;\">\u00bf<\/span><span style=\"font-weight: 400;\">Tengo que ser ciudadana americana para practicarme un aborto\u061f <\/span><span style=\"font-weight: 400;\">\u00bf<\/span><span style=\"font-weight: 400;\">Y si no puedo comunicarme en ingl\u00e9s?\u00a0<\/span><\/a><\/li>\n<li style=\"font-weight: 400;\"><a href=\"https:\/\/floridareprofreedom.org\/ur\/jb14\/\"><span style=\"font-weight: 400;\">\u00bf<\/span><span style=\"font-weight: 400;\">Puedo cambiar de decisi\u00f3n despu\u00e9s de una alternativa \u062c\u0648\u0688\u06cc\u0634\u0644\u061f<\/span><\/a><\/li>\n<li><a href=\"https:\/\/floridareprofreedom.org\/ur\/jb15\/\"><span style=\"font-weight: 400;\">\u00bf<\/span><span style=\"font-weight: 400;\">Qu\u00e9 pasa si el juez niega mi petici\u00f3n<\/span><span style=\"font-weight: 400;\">?<\/span><\/a><\/li>\n<\/ol>","protected":false},"excerpt":{"rendered":"<p>S\u00ed. Tienes derecho de cambiar tu decisi\u00f3n y continuar con tu embarazo. Una vez el juez te entrega el documento garantizando que tienes derecho a hacerte un aborto sin consultar con tus padres, no tienes la obligaci\u00f3n de continuar con el proceso m\u00e9dico. Regresar al inicio\u00a0 |\u00a0 Pregunta anterior\u00a0 |\u00a0 Siguiente Pagina Preguntas Relacionadas \u00bfQu\u00e9 [&hellip;]<\/p>\n","protected":false},"author":4,"featured_media":0,"parent":0,"menu_order":0,"comment_status":"closed","ping_status":"closed","template":"","meta":{"footnotes":""},"folder":[9],"class_list":["post-1277","page","type-page","status-publish","hentry"],"yoast_head":"<!-- This site is optimized with the Yoast SEO plugin v27.3 - https:\/\/yoast.com\/product\/yoast-seo-wordpress\/ -->\n<title>\u00bfPuedo arrepentirme de hacerme un aborto luego de obtener una alternativa judicial? - Floridians For Reproductive Freedom<\/title>\n<meta name=\"robots\" content=\"index, follow, max-snippet:-1, max-image-preview:large, max-video-preview:-1\" \/>\n<link rel=\"canonical\" href=\"https:\/\/floridareprofreedom.org\/ur\/jb14\/\" \/>\n<meta property=\"og:locale\" content=\"en_US\" \/>\n<meta property=\"og:type\" content=\"article\" \/>\n<meta property=\"og:title\" content=\"\u00bfPuedo arrepentirme de hacerme un aborto luego de obtener una alternativa judicial? - Floridians For Reproductive Freedom\" \/>\n<meta property=\"og:description\" content=\"S\u00ed. Tienes derecho de cambiar tu decisi\u00f3n y continuar con tu embarazo. Una vez el juez te entrega el documento garantizando que tienes derecho a hacerte un aborto sin consultar con tus padres, no tienes la obligaci\u00f3n de continuar con el proceso m\u00e9dico. Regresar al inicio\u00a0 |\u00a0 Pregunta anterior\u00a0 |\u00a0 Siguiente Pagina Preguntas Relacionadas \u00bfQu\u00e9 [&hellip;]\" \/>\n<meta property=\"og:url\" content=\"https:\/\/floridareprofreedom.org\/ur\/jb14\/\" \/>\n<meta property=\"og:site_name\" content=\"Floridians For Reproductive Freedom\" \/>\n<meta property=\"article:publisher\" content=\"https:\/\/www.facebook.com\/FloridaReproFreedom\/\" \/>\n<meta name=\"twitter:card\" content=\"summary_large_image\" \/>\n<meta name=\"twitter:site\" content=\"@FLReproFreedom\" \/>\n<meta name=\"twitter:label1\" content=\"Est. reading time\" \/>\n\t<meta name=\"twitter:data1\" content=\"1 \u0645\u0646\u0679\" \/>\n<script type=\"application\/ld+json\" class=\"yoast-schema-graph\">{\"@context\":\"https:\\\/\\\/schema.org\",\"@graph\":[{\"@type\":\"WebPage\",\"@id\":\"https:\\\/\\\/floridareprofreedom.org\\\/jb14\\\/\",\"url\":\"https:\\\/\\\/floridareprofreedom.org\\\/jb14\\\/\",\"name\":\"\u00bfPuedo arrepentirme de hacerme un aborto luego de obtener una alternativa judicial? - Floridians For Reproductive Freedom\",\"isPartOf\":{\"@id\":\"https:\\\/\\\/floridareprofreedom.org\\\/#website\"},\"datePublished\":\"2020-08-05T12:33:01+00:00\",\"breadcrumb\":{\"@id\":\"https:\\\/\\\/floridareprofreedom.org\\\/jb14\\\/#breadcrumb\"},\"inLanguage\":\"ur\",\"potentialAction\":[{\"@type\":\"ReadAction\",\"target\":[\"https:\\\/\\\/floridareprofreedom.org\\\/jb14\\\/\"]}]},{\"@type\":\"BreadcrumbList\",\"@id\":\"https:\\\/\\\/floridareprofreedom.org\\\/jb14\\\/#breadcrumb\",\"itemListElement\":[{\"@type\":\"ListItem\",\"position\":1,\"name\":\"Home\",\"item\":\"https:\\\/\\\/floridareprofreedom.org\\\/\"},{\"@type\":\"ListItem\",\"position\":2,\"name\":\"\u00bfPuedo arrepentirme de hacerme un aborto luego de obtener una alternativa judicial?\"}]},{\"@type\":\"WebSite\",\"@id\":\"https:\\\/\\\/floridareprofreedom.org\\\/#website\",\"url\":\"https:\\\/\\\/floridareprofreedom.org\\\/\",\"name\":\"Floridians For Reproductive Freedom\",\"description\":\"Advocating for convenient, affordable, and safe access to reproductive health care, including abortion.\",\"publisher\":{\"@id\":\"https:\\\/\\\/floridareprofreedom.org\\\/#organization\"},\"potentialAction\":[{\"@type\":\"SearchAction\",\"target\":{\"@type\":\"EntryPoint\",\"urlTemplate\":\"https:\\\/\\\/floridareprofreedom.org\\\/?s={search_term_string}\"},\"query-input\":{\"@type\":\"PropertyValueSpecification\",\"valueRequired\":true,\"valueName\":\"search_term_string\"}}],\"inLanguage\":\"ur\"},{\"@type\":\"Organization\",\"@id\":\"https:\\\/\\\/floridareprofreedom.org\\\/#organization\",\"name\":\"Floridians for Reproductive Freedom\",\"url\":\"https:\\\/\\\/floridareprofreedom.org\\\/\",\"logo\":{\"@type\":\"ImageObject\",\"inLanguage\":\"ur\",\"@id\":\"https:\\\/\\\/floridareprofreedom.org\\\/#\\\/schema\\\/logo\\\/image\\\/\",\"url\":\"https:\\\/\\\/floridareprofreedom.org\\\/wp-content\\\/uploads\\\/2019\\\/05\\\/Untitled.jpg\",\"contentUrl\":\"https:\\\/\\\/floridareprofreedom.org\\\/wp-content\\\/uploads\\\/2019\\\/05\\\/Untitled.jpg\",\"width\":174,\"height\":180,\"caption\":\"Floridians for Reproductive Freedom\"},\"image\":{\"@id\":\"https:\\\/\\\/floridareprofreedom.org\\\/#\\\/schema\\\/logo\\\/image\\\/\"},\"sameAs\":[\"https:\\\/\\\/www.facebook.com\\\/FloridaReproFreedom\\\/\",\"https:\\\/\\\/x.com\\\/FLReproFreedom\",\"https:\\\/\\\/www.instagram.com\\\/floridareprofreedom\\\/\"]}]}<\/script>\n<!-- \/ Yoast SEO plugin. -->","yoast_head_json":{"title":"\u00bfPuedo arrepentirme de hacerme un aborto luego de obtener una alternativa judicial? - \u062a\u0648\u0644\u06cc\u062f\u06cc \u0622\u0632\u0627\u062f\u06cc \u06a9\u06d2 \u0644\u06cc\u06d2 \u0641\u0644\u0648\u0631\u06cc\u0688\u06cc\u0646","robots":{"index":"index","follow":"follow","max-snippet":"max-snippet:-1","max-image-preview":"max-image-preview:large","max-video-preview":"max-video-preview:-1"},"canonical":"https:\/\/floridareprofreedom.org\/ur\/jb14\/","og_locale":"en_US","og_type":"article","og_title":"\u00bfPuedo arrepentirme de hacerme un aborto luego de obtener una alternativa judicial? - Floridians For Reproductive Freedom","og_description":"S\u00ed. Tienes derecho de cambiar tu decisi\u00f3n y continuar con tu embarazo. Una vez el juez te entrega el documento garantizando que tienes derecho a hacerte un aborto sin consultar con tus padres, no tienes la obligaci\u00f3n de continuar con el proceso m\u00e9dico. Regresar al inicio\u00a0 |\u00a0 Pregunta anterior\u00a0 |\u00a0 Siguiente Pagina Preguntas Relacionadas \u00bfQu\u00e9 [&hellip;]","og_url":"https:\/\/floridareprofreedom.org\/ur\/jb14\/","og_site_name":"Floridians For Reproductive Freedom","article_publisher":"https:\/\/www.facebook.com\/FloridaReproFreedom\/","twitter_card":"summary_large_image","twitter_site":"@FLReproFreedom","twitter_misc":{"Est. reading time":"1 \u0645\u0646\u0679"},"schema":{"@context":"https:\/\/schema.org","@graph":[{"@type":"WebPage","@id":"https:\/\/floridareprofreedom.org\/jb14\/","url":"https:\/\/floridareprofreedom.org\/jb14\/","name":"\u00bfPuedo arrepentirme de hacerme un aborto luego de obtener una alternativa judicial? - \u062a\u0648\u0644\u06cc\u062f\u06cc \u0622\u0632\u0627\u062f\u06cc \u06a9\u06d2 \u0644\u06cc\u06d2 \u0641\u0644\u0648\u0631\u06cc\u0688\u06cc\u0646","isPartOf":{"@id":"https:\/\/floridareprofreedom.org\/#website"},"datePublished":"2020-08-05T12:33:01+00:00","breadcrumb":{"@id":"https:\/\/floridareprofreedom.org\/jb14\/#breadcrumb"},"inLanguage":"ur","potentialAction":[{"@type":"ReadAction","target":["https:\/\/floridareprofreedom.org\/jb14\/"]}]},{"@type":"BreadcrumbList","@id":"https:\/\/floridareprofreedom.org\/jb14\/#breadcrumb","itemListElement":[{"@type":"ListItem","position":1,"name":"Home","item":"https:\/\/floridareprofreedom.org\/"},{"@type":"ListItem","position":2,"name":"\u00bfPuedo arrepentirme de hacerme un aborto luego de obtener una alternativa judicial?"}]},{"@type":"WebSite","@id":"https:\/\/floridareprofreedom.org\/#website","url":"https:\/\/floridareprofreedom.org\/","name":"\u0641\u0644\u0648\u0631\u06cc\u0688\u06cc\u0646 \u062a\u0648\u0644\u06cc\u062f\u06cc \u0622\u0632\u0627\u062f\u06cc \u06a9\u06d2 \u0644\u06cc\u06d2","description":"\u0627\u0633\u0642\u0627\u0637 \u062d\u0645\u0644 \u0633\u0645\u06cc\u062a \u062a\u0648\u0644\u06cc\u062f\u06cc \u0635\u062d\u062a \u06a9\u06cc \u062f\u06cc\u06a9\u06be \u0628\u06be\u0627\u0644 \u062a\u06a9 \u0622\u0633\u0627\u0646\u060c \u0633\u0633\u062a\u06cc \u0627\u0648\u0631 \u0645\u062d\u0641\u0648\u0638 \u0631\u0633\u0627\u0626\u06cc \u06a9\u06cc \u0648\u06a9\u0627\u0644\u062a \u06a9\u0631\u0646\u0627\u06d4","publisher":{"@id":"https:\/\/floridareprofreedom.org\/#organization"},"potentialAction":[{"@type":"SearchAction","target":{"@type":"EntryPoint","urlTemplate":"https:\/\/floridareprofreedom.org\/?s={search_term_string}"},"query-input":{"@type":"PropertyValueSpecification","valueRequired":true,"valueName":"search_term_string"}}],"inLanguage":"ur"},{"@type":"Organization","@id":"https:\/\/floridareprofreedom.org\/#organization","name":"\u062a\u0648\u0644\u06cc\u062f\u06cc \u0622\u0632\u0627\u062f\u06cc \u06a9\u06d2 \u0644\u06cc\u06d2 \u0641\u0644\u0648\u0631\u06cc\u0688\u06cc\u0646","url":"https:\/\/floridareprofreedom.org\/","logo":{"@type":"ImageObject","inLanguage":"ur","@id":"https:\/\/floridareprofreedom.org\/#\/schema\/logo\/image\/","url":"https:\/\/floridareprofreedom.org\/wp-content\/uploads\/2019\/05\/Untitled.jpg","contentUrl":"https:\/\/floridareprofreedom.org\/wp-content\/uploads\/2019\/05\/Untitled.jpg","width":174,"height":180,"caption":"Floridians for Reproductive Freedom"},"image":{"@id":"https:\/\/floridareprofreedom.org\/#\/schema\/logo\/image\/"},"sameAs":["https:\/\/www.facebook.com\/FloridaReproFreedom\/","https:\/\/x.com\/FLReproFreedom","https:\/\/www.instagram.com\/floridareprofreedom\/"]}]}},"_links":{"self":[{"href":"https:\/\/floridareprofreedom.org\/ur\/wp-json\/wp\/v2\/pages\/1277","targetHints":{"allow":["GET"]}}],"collection":[{"href":"https:\/\/floridareprofreedom.org\/ur\/wp-json\/wp\/v2\/pages"}],"about":[{"href":"https:\/\/floridareprofreedom.org\/ur\/wp-json\/wp\/v2\/types\/page"}],"author":[{"embeddable":true,"href":"https:\/\/floridareprofreedom.org\/ur\/wp-json\/wp\/v2\/users\/4"}],"replies":[{"embeddable":true,"href":"https:\/\/floridareprofreedom.org\/ur\/wp-json\/wp\/v2\/comments?post=1277"}],"version-history":[{"count":2,"href":"https:\/\/floridareprofreedom.org\/ur\/wp-json\/wp\/v2\/pages\/1277\/revisions"}],"predecessor-version":[{"id":1303,"href":"https:\/\/floridareprofreedom.org\/ur\/wp-json\/wp\/v2\/pages\/1277\/revisions\/1303"}],"wp:attachment":[{"href":"https:\/\/floridareprofreedom.org\/ur\/wp-json\/wp\/v2\/media?parent=1277"}],"wp:term":[{"taxonomy":"folder","embeddable":true,"href":"https:\/\/floridareprofreedom.org\/ur\/wp-json\/wp\/v2\/folder?post=1277"}],"curies":[{"name":"wp","href":"https:\/\/api.w.org\/{rel}","templated":true}]}}