{"id":1529,"date":"2020-11-16T15:41:45","date_gmt":"2020-11-16T15:41:45","guid":{"rendered":"https:\/\/floridareprofreedom.org\/?page_id=1529"},"modified":"2025-08-19T19:19:23","modified_gmt":"2025-08-19T19:19:23","slug":"%d8%a7%d8%b3%d9%82%d8%a7%d8%b7-%d8%ad%d9%85%d9%84-%d9%82%d8%a7%d9%86%d9%88%d9%86%db%8c-%db%81%db%92%db%94","status":"publish","type":"page","link":"https:\/\/floridareprofreedom.org\/ur\/el-aborto-es-legal\/","title":{"rendered":"\u06c1\u0627\u06ba! El aborto sigue siendo legal en Florida."},"content":{"rendered":"<p><a href=\"https:\/\/floridareprofreedom.org\/ur\/%d8%a7%d8%b3%d9%82%d8%a7%d8%b7-%d8%ad%d9%85%d9%84-%d9%84%db%8c%da%af%d9%84%d9%86-%d9%81%d9%84%d9%88%d8%b1%db%8c%da%88%d8%a7\/\"><span style=\"font-weight: 400;\"><img decoding=\"async\" class=\"wp-image-3435 alignleft\" src=\"https:\/\/floridareprofreedom.org\/wp-content\/uploads\/2024\/04\/ENGLISH-2-e1713905338368-300x82.png\" alt=\"\" width=\"117\" height=\"32\" srcset=\"https:\/\/floridareprofreedom.org\/wp-content\/uploads\/2024\/04\/ENGLISH-2-e1713905338368-300x82.png 300w, https:\/\/floridareprofreedom.org\/wp-content\/uploads\/2024\/04\/ENGLISH-2-e1713905338368.png 532w\" sizes=\"(max-width: 117px) 100vw, 117px\" \/><\/span><\/a><\/p>\n<p>&nbsp;<\/p>\n<p><span style=\"font-weight: 400;\">Las personas quieren y merecen tomar sus propias decisiones personales, privadas y m\u00e9dicas, y <\/span><i><span style=\"font-weight: 400;\">\u0646\u0646\u06a9\u0627 <\/span><\/i><span style=\"font-weight: 400;\">dejaremos de luchar por nuestra libertad para controlar nuestros cuerpos y nuestras vidas.<\/span><\/p>\n<p><span style=\"font-weight: 400;\">El aborto es seguro y com\u00fan\u060c y puedes obtener esta atenci\u00f3n si la necesitas.<\/span><\/p>\n<p><b>Restrictiones y requisitos actuales sobre el aborto<\/b><span style=\"font-weight: 400;\">:<\/span><\/p>\n<ul>\n<li style=\"font-weight: 400;\" aria-level=\"1\"><b>\u0628\u06c1\u062a\u0631\u06cc\u0646:<\/b><span style=\"font-weight: 400;\"><span style=\"font-weight: 400;\"> A partir del 1 de mayo, el aborto ser\u00e1 prohibido en Florida despu\u00e9s de las seis semanas.<\/span><\/span>\n<ul>\n<li style=\"font-weight: 400;\" aria-level=\"1\"><span style=\"font-weight: 400;\"><span style=\"font-weight: 400;\"><strong>Embarazo de menos de 6 semanas:<\/strong> <span class=\"OYPEnA text-decoration-none text-strikethrough-none\">Una persona puede acceder a un aborto en el estado. (\u062f\u06cc\u06a9\u06be\u06cc\u06ba 2 citas) <\/span><\/span><\/span><\/li>\n<li style=\"font-weight: 400;\" aria-level=\"1\"><span style=\"font-weight: 400;\"><span style=\"font-weight: 400;\"><strong><span class=\"OYPEnA text-decoration-none text-strikethrough-none\">6 \u0633\u06cc\u0645\u06cc\u0646\u0627\u0633: <\/span><\/strong><span class=\"OYPEnA text-decoration-none text-strikethrough-none\">Una persona puede salir del estado para recibir atenci\u00f3n m\u00e9dica\u060c o puede acceder a <\/span><strong><a class=\"OYPEnA text-decoration-underline text-strikethrough-none\" draggable=\"false\" href=\"http:\/\/es.plancpills.org\" target=\"_blank\" rel=\"noopener\">es.PlanCPills.org<\/a><\/strong><span class=\"OYPEnA text-decoration-none text-strikethrough-none\"> para obtener p\u00edldoras abortivas por correo.<\/span><\/span><\/span><\/li>\n<\/ul>\n<\/li>\n<li><b>Per\u00edodo de espera requirido:<\/b><span style=\"font-weight: 400;\"> \u0641\u0644\u0648\u0631\u06cc\u0688\u0627 \u06a9\u06cc \u0636\u0631\u0648\u0631\u062a \u06c1\u06d2 24 horas\u060c lo que significa que un paciente debe recibir asesoramiento exigido por el estado al menos 24 horas antes de acceder a un aborto.<\/span><\/li>\n<li style=\"font-weight: 400;\" aria-level=\"1\"><b>Como menor de edad<\/b><span style=\"font-weight: 400;\">: Se requiere la notificaci\u00f3n y el consentimiento de los padres para que una persona menor de 18 a\u00f1os pueda acceder a un aborto. <a href=\"https:\/\/floridareprofreedom.org\/ur\/%d9%81%d9%84%d9%88%d8%b1%db%8c%da%88%d8%a7-%d9%85%db%8c%da%ba-%d9%85%d8%aa%d8%a8%d8%a7%d8%af%d9%84-%d8%b9%d8%af%d8%a7%d9%84%d8%aa%db%8c\/\">Si no puede involucrar a uno de sus padres, hay ayuda<\/a>. Haga clic aqu\u00ed para obtener informaci\u00f3n sobre c\u00f3mo obtener una derivaci\u00f3n \u062c\u0648\u0688\u06cc\u0634\u0644 \u067e\u06cc\u0631\u0627 acceder a la atenci\u00f3n sin la participaci\u00f3n de sus padres.<\/span><\/li>\n<li style=\"font-weight: 400;\" aria-level=\"1\"><b>\u00bfNecesitas conversar sobre tus opciones de aborto, por ejeplo como conserguir las p\u00edldoras abortivaspor correo\u061f<\/b><span style=\"font-weight: 400;\"> \u0648\u0627\u06cc\u0627 a <strong><a href=\"https:\/\/www.chatwithcharley.org\/es\/florida\/\">ChatWithCharley.org\/florida<\/a><\/strong> para acceder \u0627\u06cc\u06a9 \u0627\u0642\u0648\u0627\u0645 \u0645\u062a\u062d\u062f\u06c1 \u0686\u06cc\u0679 \u0628\u0648\u0679 privado y completo que te guiar\u00e1 a trav\u00e9s del acceso al aborto con pastillas\u060c la programaci\u00f3n de un procedimiento y c\u00f3mo navegar por la log\u00edstica y las retricciones legales.<\/span><\/li>\n<li aria-level=\"1\">\u00bfC\u00f3mo puede mi estatus migratorio afectar el acceso al aborto\u061f <strong><a href=\"https:\/\/www.ineedana.com\/es\/blog\/how-can-my-immigration-status-affect-abortion-access\">Una gu\u00eda para personas no ciudadanas y nuestras comunidades.<\/a><\/strong><\/li>\n<\/ul>\n<p><b>\u0648\u0632\u0679 \u06a9\u0631\u06cc\u06ba\u06d4 <a href=\"https:\/\/www.abortionfinder.org\/es\">AbortionFinder.org<\/a> y <a href=\"https:\/\/www.ineedana.com\/es\">IneedanA.com<\/a> para encontrar informaci\u00f3n segura, confidencial y actualizada sobre d\u00f3nde puede abortar.<\/b><\/p>\n<p><a href=\"https:\/\/www.abortionfinder.org\/es\"><img decoding=\"async\" src=\"https:\/\/floridareprofreedom.org\/wp-content\/uploads\/2020\/11\/play-300x284.png\" alt=\"FL \u0646\u0642\u0634\u06c1: \u0627\u0633\u0642\u0627\u0637 \u062d\u0645\u0644 \u0641\u0631\u0627\u06c1\u0645 \u06a9\u0631\u0646\u06d2 \u0648\u0627\u0644\u06d2\" \/><\/a><\/p>\n<ul>\n<li style=\"font-weight: 400;\" aria-level=\"1\"><b>Tenga cuidado con los centros antiaborto <\/b><span style=\"font-weight: 400;\">que se hacen pasar por clinicas de aborto\u060c pero averg\u00fcenzan y enga\u00f1an a las floridanas embarazadas. <a href=\"https:\/\/floridareprofreedom.org\/ur\/%d8%ac%d8%b9%d9%84%db%8c-%da%a9%d9%84%db%8c%d9%86%da%a9%d8%b3\/\">M\u00e1s informaci\u00f3n aqu\u00ed.<\/a><\/span><\/li>\n<\/ul>\n<h2><span style=\"font-weight: 400;\">\u00bfNecesitas ayuda para pagar tu aborto?<\/span><\/h2>\n<p><span style=\"font-weight: 400;\">Organizaciones y clinicas pueden ayudar con apoyo financiero y log\u00edsticas para las personas que buscan abortos en Florida. Haga clic a continuaci\u00f3n para obtener m\u00e1s informaci\u00f3n o pregunte directamente con una cl\u00ednica de abortos si tienen asistencia financiera. <strong><a href=\"https:\/\/www.ineedana.com\/es\/estimar-aborto-costos\">\u00bfCu\u00e1nto cuesta un aborto\u061f<\/a><\/strong><br \/>\n<\/span><\/p>\n<ul>\n<li style=\"font-weight: 400;\" aria-level=\"1\"><span style=\"font-weight: 400;\"><a href=\"https:\/\/bwefund.org\/site\/\"><strong>Fondo de Emergencia para Mujeres de Broward<\/strong><\/a> - \u06a9\u0648\u0646\u0688\u0627\u0688\u0648 \u0688\u06cc \u0628\u0631\u0648\u0648\u0631\u0688<\/span><\/li>\n<li style=\"font-weight: 400;\" aria-level=\"1\"><span style=\"font-weight: 400;\"><strong><a href=\"https:\/\/emawpb.org\/\">Asistencia M\u00e9dica de Emergencia Inc.<\/a><\/strong> - \u067e\u0627\u0645 \u0628\u06cc\u0686\u0632 \u0627\u0648\u0631 \u0679\u0631\u06cc\u0698\u0631 \u06a9\u0648\u0633\u0679<\/span><\/li>\n<li style=\"font-weight: 400;\" aria-level=\"1\"><span style=\"font-weight: 400;\"><a href=\"https:\/\/www.flaccessnetwork.org\/\"><strong>\u0631\u06cc\u0688 \u0688\u06cc \u0627\u06cc\u06a9\u06cc\u0633\u0648 \u0688\u06cc \u0641\u0644\u0648\u0631\u06cc\u0688\u0627<\/strong><\/a> - En todo el estado<\/span><\/li>\n<li style=\"font-weight: 400;\" aria-level=\"1\"><span style=\"font-weight: 400;\"><a href=\"http:\/\/tbafund.com\/\"><strong>Fondo de Aborto de la Bah\u00eda de Tampa<\/strong><\/a> - \u0631\u06cc\u062c\u0646 \u0688\u06cc \u0644\u0627 \u0628\u0627\u06c1\u06cc\u0627 \u0688\u06cc \u0679\u0645\u067e\u0627<\/span><\/li>\n<li style=\"font-weight: 400;\" aria-level=\"1\"><span style=\"font-weight: 400;\"><strong><a href=\"http:\/\/www.wen-online.org\/get-help-1.html\">\u0631\u06cc\u0688 \u0688\u06cc \u0627\u06cc\u0645\u0631\u062c\u0646\u0633\u06cc \u0688\u06cc \u0645\u062c\u0631\u06cc\u0632<\/a> <\/strong>- \u0633\u0648\u0631 \u0688\u06cc \u0644\u0627 \u0641\u0644\u0648\u0631\u06cc\u0688\u0627<\/span><\/li>\n<li style=\"font-weight: 400;\" aria-level=\"1\"><span style=\"font-weight: 400;\"><strong><a href=\"https:\/\/arc-southeast.org\/\">Acceso a la Atenci\u00f3n Reproductiva del Sureste<\/a> <\/strong>- \u0645\u0644\u0679\u06cc \u0627\u0633\u0679\u06cc\u0679\u0644<\/span><\/li>\n<li style=\"font-weight: 400;\" aria-level=\"1\"><span style=\"font-weight: 400;\"><strong><a href=\"https:\/\/abortionfunds.org\/need-abortion\/\">Red Nacional de Fondos para el Aborto<\/a> <\/strong>- En todo el pais<\/span><\/li>\n<\/ul>\n<p><span style=\"font-weight: 400;\">La gente sigue recibiendo <\/span><b>p\u00edldoras abortivas por correo <\/b><span style=\"font-weight: 400;\">en<\/span><i><span style=\"font-weight: 400;\"> los 50 estados.<\/span><\/i><span style=\"font-weight: 400;\"> Ya sea para una necesidad inmediata o \u201cpor si acaso\u201d, las tarifas de escala m\u00f3vil est\u00e1n disponibles para las p\u00edldoras abortivas en <strong><a href=\"https:\/\/es.plancpills.org\/\">PlanCPills.org<\/a>.<\/strong><\/span><\/p>\n<p><b>Tome Medidas para que el aborto siga siendo legal:<\/b><\/p>\n<ul>\n<li style=\"font-weight: 400;\" aria-level=\"1\"><span style=\"font-weight: 400;\">\u00danase a nosotros mientras luchamos por el acceso completo a la salud reproductiva.<\/span><a href=\"https:\/\/bit.ly\/reproinfl\"><b> Reg\u00edstrese aqu\u00ed para recibir el bolet\u00edn semanal de Floridanos por la Libertad Reproductiva y alertas de acci\u00f3n.<\/b><\/a><\/li>\n<\/ul>","protected":false},"excerpt":{"rendered":"<p>&nbsp; Las personas quieren y merecen tomar sus propias decisiones personales, privadas y m\u00e9dicas, y nunca dejaremos de luchar por nuestra libertad para controlar nuestros cuerpos y nuestras vidas. El aborto es seguro y com\u00fan, y puedes obtener esta atenci\u00f3n si la necesitas. Restricciones y requisitos actuales sobre el aborto: Lo \u00faltimo: A partir del [&hellip;]<\/p>\n","protected":false},"author":3,"featured_media":1415,"parent":0,"menu_order":0,"comment_status":"closed","ping_status":"closed","template":"","meta":{"footnotes":""},"folder":[11],"class_list":["post-1529","page","type-page","status-publish","has-post-thumbnail","hentry"],"yoast_head":"<!-- This site is optimized with the Yoast SEO plugin v27.4 - https:\/\/yoast.com\/product\/yoast-seo-wordpress\/ -->\n<title>\u00a1S\u00ed! El aborto sigue siendo legal en Florida. - Floridians For Reproductive Freedom<\/title>\n<meta name=\"description\" content=\"Ahora mismo, el aborto es legal en Florida hasta las 15 semanas. Os mantendremos informados.\" \/>\n<meta name=\"robots\" content=\"index, follow, max-snippet:-1, max-image-preview:large, max-video-preview:-1\" \/>\n<link rel=\"canonical\" href=\"https:\/\/floridareprofreedom.org\/ur\/\u0627\u0633\u0642\u0627\u0637-\u062d\u0645\u0644-\u0642\u0627\u0646\u0648\u0646\u06cc-\u06c1\u06d2\u06d4\/\" \/>\n<meta property=\"og:locale\" content=\"en_US\" \/>\n<meta property=\"og:type\" content=\"article\" \/>\n<meta property=\"og:title\" content=\"\u00a1S\u00ed! El aborto sigue siendo legal en Florida. - Floridians For Reproductive Freedom\" \/>\n<meta property=\"og:description\" content=\"Ahora mismo, el aborto es legal en Florida hasta las 15 semanas. Os mantendremos informados.\" \/>\n<meta property=\"og:url\" content=\"https:\/\/floridareprofreedom.org\/ur\/\u0627\u0633\u0642\u0627\u0637-\u062d\u0645\u0644-\u0642\u0627\u0646\u0648\u0646\u06cc-\u06c1\u06d2\u06d4\/\" \/>\n<meta property=\"og:site_name\" content=\"Floridians For Reproductive Freedom\" \/>\n<meta property=\"article:publisher\" content=\"https:\/\/www.facebook.com\/FloridaReproFreedom\/\" \/>\n<meta property=\"article:modified_time\" content=\"2025-08-19T19:19:23+00:00\" \/>\n<meta property=\"og:image\" content=\"https:\/\/floridareprofreedom.org\/wp-content\/uploads\/2020\/11\/play.png\" \/>\n\t<meta property=\"og:image:width\" content=\"750\" \/>\n\t<meta property=\"og:image:height\" content=\"711\" \/>\n\t<meta property=\"og:image:type\" content=\"image\/png\" \/>\n<meta name=\"twitter:card\" content=\"summary_large_image\" \/>\n<meta name=\"twitter:site\" content=\"@FLReproFreedom\" \/>\n<meta name=\"twitter:label1\" content=\"Est. reading time\" \/>\n\t<meta name=\"twitter:data1\" content=\"3 \u0645\u0646\u0679\u0633\" \/>\n<script type=\"application\/ld+json\" class=\"yoast-schema-graph\">{\"@context\":\"https:\\\/\\\/schema.org\",\"@graph\":[{\"@type\":\"WebPage\",\"@id\":\"https:\\\/\\\/floridareprofreedom.org\\\/el-aborto-es-legal\\\/\",\"url\":\"https:\\\/\\\/floridareprofreedom.org\\\/el-aborto-es-legal\\\/\",\"name\":\"\u00a1S\u00ed! El aborto sigue siendo legal en Florida. - Floridians For Reproductive Freedom\",\"isPartOf\":{\"@id\":\"https:\\\/\\\/floridareprofreedom.org\\\/#website\"},\"primaryImageOfPage\":{\"@id\":\"https:\\\/\\\/floridareprofreedom.org\\\/el-aborto-es-legal\\\/#primaryimage\"},\"image\":{\"@id\":\"https:\\\/\\\/floridareprofreedom.org\\\/el-aborto-es-legal\\\/#primaryimage\"},\"thumbnailUrl\":\"https:\\\/\\\/floridareprofreedom.org\\\/wp-content\\\/uploads\\\/2020\\\/11\\\/play.png\",\"datePublished\":\"2020-11-16T15:41:45+00:00\",\"dateModified\":\"2025-08-19T19:19:23+00:00\",\"description\":\"Ahora mismo, el aborto es legal en Florida hasta las 15 semanas. Os mantendremos informados.\",\"breadcrumb\":{\"@id\":\"https:\\\/\\\/floridareprofreedom.org\\\/el-aborto-es-legal\\\/#breadcrumb\"},\"inLanguage\":\"ur\",\"potentialAction\":[{\"@type\":\"ReadAction\",\"target\":[\"https:\\\/\\\/floridareprofreedom.org\\\/el-aborto-es-legal\\\/\"]}]},{\"@type\":\"ImageObject\",\"inLanguage\":\"ur\",\"@id\":\"https:\\\/\\\/floridareprofreedom.org\\\/el-aborto-es-legal\\\/#primaryimage\",\"url\":\"https:\\\/\\\/floridareprofreedom.org\\\/wp-content\\\/uploads\\\/2020\\\/11\\\/play.png\",\"contentUrl\":\"https:\\\/\\\/floridareprofreedom.org\\\/wp-content\\\/uploads\\\/2020\\\/11\\\/play.png\",\"width\":750,\"height\":711,\"caption\":\"FL Map: Abortion Providers\"},{\"@type\":\"BreadcrumbList\",\"@id\":\"https:\\\/\\\/floridareprofreedom.org\\\/el-aborto-es-legal\\\/#breadcrumb\",\"itemListElement\":[{\"@type\":\"ListItem\",\"position\":1,\"name\":\"Home\",\"item\":\"https:\\\/\\\/floridareprofreedom.org\\\/\"},{\"@type\":\"ListItem\",\"position\":2,\"name\":\"\u00a1S\u00ed! El aborto sigue siendo legal en Florida.\"}]},{\"@type\":\"WebSite\",\"@id\":\"https:\\\/\\\/floridareprofreedom.org\\\/#website\",\"url\":\"https:\\\/\\\/floridareprofreedom.org\\\/\",\"name\":\"Floridians For Reproductive Freedom\",\"description\":\"Advocating for convenient, affordable, and safe access to reproductive health care, including abortion.\",\"publisher\":{\"@id\":\"https:\\\/\\\/floridareprofreedom.org\\\/#organization\"},\"potentialAction\":[{\"@type\":\"SearchAction\",\"target\":{\"@type\":\"EntryPoint\",\"urlTemplate\":\"https:\\\/\\\/floridareprofreedom.org\\\/?s={search_term_string}\"},\"query-input\":{\"@type\":\"PropertyValueSpecification\",\"valueRequired\":true,\"valueName\":\"search_term_string\"}}],\"inLanguage\":\"ur\"},{\"@type\":\"Organization\",\"@id\":\"https:\\\/\\\/floridareprofreedom.org\\\/#organization\",\"name\":\"Floridians for Reproductive Freedom\",\"url\":\"https:\\\/\\\/floridareprofreedom.org\\\/\",\"logo\":{\"@type\":\"ImageObject\",\"inLanguage\":\"ur\",\"@id\":\"https:\\\/\\\/floridareprofreedom.org\\\/#\\\/schema\\\/logo\\\/image\\\/\",\"url\":\"https:\\\/\\\/floridareprofreedom.org\\\/wp-content\\\/uploads\\\/2019\\\/05\\\/Untitled.jpg\",\"contentUrl\":\"https:\\\/\\\/floridareprofreedom.org\\\/wp-content\\\/uploads\\\/2019\\\/05\\\/Untitled.jpg\",\"width\":174,\"height\":180,\"caption\":\"Floridians for Reproductive Freedom\"},\"image\":{\"@id\":\"https:\\\/\\\/floridareprofreedom.org\\\/#\\\/schema\\\/logo\\\/image\\\/\"},\"sameAs\":[\"https:\\\/\\\/www.facebook.com\\\/FloridaReproFreedom\\\/\",\"https:\\\/\\\/x.com\\\/FLReproFreedom\",\"https:\\\/\\\/www.instagram.com\\\/floridareprofreedom\\\/\"]}]}<\/script>\n<!-- \/ Yoast SEO plugin. -->","yoast_head_json":{"title":"\u06c1\u0627\u06ba! El aborto sigue siendo legal en Florida. - \u062a\u0648\u0644\u06cc\u062f\u06cc \u0622\u0632\u0627\u062f\u06cc \u06a9\u06d2 \u0644\u06cc\u06d2 \u0641\u0644\u0648\u0631\u06cc\u0688\u06cc\u0646","description":"Ahora mismo, el aborto es legal en Florida hasta las 15 semanas. Os mantendremos informados.","robots":{"index":"index","follow":"follow","max-snippet":"max-snippet:-1","max-image-preview":"max-image-preview:large","max-video-preview":"max-video-preview:-1"},"canonical":"https:\/\/floridareprofreedom.org\/ur\/\u0627\u0633\u0642\u0627\u0637-\u062d\u0645\u0644-\u0642\u0627\u0646\u0648\u0646\u06cc-\u06c1\u06d2\u06d4\/","og_locale":"en_US","og_type":"article","og_title":"\u00a1S\u00ed! El aborto sigue siendo legal en Florida. - Floridians For Reproductive Freedom","og_description":"Ahora mismo, el aborto es legal en Florida hasta las 15 semanas. Os mantendremos informados.","og_url":"https:\/\/floridareprofreedom.org\/ur\/\u0627\u0633\u0642\u0627\u0637-\u062d\u0645\u0644-\u0642\u0627\u0646\u0648\u0646\u06cc-\u06c1\u06d2\u06d4\/","og_site_name":"Floridians For Reproductive Freedom","article_publisher":"https:\/\/www.facebook.com\/FloridaReproFreedom\/","article_modified_time":"2025-08-19T19:19:23+00:00","og_image":[{"width":750,"height":711,"url":"https:\/\/floridareprofreedom.org\/wp-content\/uploads\/2020\/11\/play.png","type":"image\/png"}],"twitter_card":"summary_large_image","twitter_site":"@FLReproFreedom","twitter_misc":{"Est. reading time":"3 \u0645\u0646\u0679\u0633"},"schema":{"@context":"https:\/\/schema.org","@graph":[{"@type":"WebPage","@id":"https:\/\/floridareprofreedom.org\/el-aborto-es-legal\/","url":"https:\/\/floridareprofreedom.org\/el-aborto-es-legal\/","name":"\u06c1\u0627\u06ba! El aborto sigue siendo legal en Florida. - \u062a\u0648\u0644\u06cc\u062f\u06cc \u0622\u0632\u0627\u062f\u06cc \u06a9\u06d2 \u0644\u06cc\u06d2 \u0641\u0644\u0648\u0631\u06cc\u0688\u06cc\u0646","isPartOf":{"@id":"https:\/\/floridareprofreedom.org\/#website"},"primaryImageOfPage":{"@id":"https:\/\/floridareprofreedom.org\/el-aborto-es-legal\/#primaryimage"},"image":{"@id":"https:\/\/floridareprofreedom.org\/el-aborto-es-legal\/#primaryimage"},"thumbnailUrl":"https:\/\/floridareprofreedom.org\/wp-content\/uploads\/2020\/11\/play.png","datePublished":"2020-11-16T15:41:45+00:00","dateModified":"2025-08-19T19:19:23+00:00","description":"Ahora mismo, el aborto es legal en Florida hasta las 15 semanas. Os mantendremos informados.","breadcrumb":{"@id":"https:\/\/floridareprofreedom.org\/el-aborto-es-legal\/#breadcrumb"},"inLanguage":"ur","potentialAction":[{"@type":"ReadAction","target":["https:\/\/floridareprofreedom.org\/el-aborto-es-legal\/"]}]},{"@type":"ImageObject","inLanguage":"ur","@id":"https:\/\/floridareprofreedom.org\/el-aborto-es-legal\/#primaryimage","url":"https:\/\/floridareprofreedom.org\/wp-content\/uploads\/2020\/11\/play.png","contentUrl":"https:\/\/floridareprofreedom.org\/wp-content\/uploads\/2020\/11\/play.png","width":750,"height":711,"caption":"FL Map: Abortion Providers"},{"@type":"BreadcrumbList","@id":"https:\/\/floridareprofreedom.org\/el-aborto-es-legal\/#breadcrumb","itemListElement":[{"@type":"ListItem","position":1,"name":"Home","item":"https:\/\/floridareprofreedom.org\/"},{"@type":"ListItem","position":2,"name":"\u00a1S\u00ed! El aborto sigue siendo legal en Florida."}]},{"@type":"WebSite","@id":"https:\/\/floridareprofreedom.org\/#website","url":"https:\/\/floridareprofreedom.org\/","name":"\u0641\u0644\u0648\u0631\u06cc\u0688\u06cc\u0646 \u062a\u0648\u0644\u06cc\u062f\u06cc \u0622\u0632\u0627\u062f\u06cc \u06a9\u06d2 \u0644\u06cc\u06d2","description":"\u0627\u0633\u0642\u0627\u0637 \u062d\u0645\u0644 \u0633\u0645\u06cc\u062a \u062a\u0648\u0644\u06cc\u062f\u06cc \u0635\u062d\u062a \u06a9\u06cc \u062f\u06cc\u06a9\u06be \u0628\u06be\u0627\u0644 \u062a\u06a9 \u0622\u0633\u0627\u0646\u060c \u0633\u0633\u062a\u06cc \u0627\u0648\u0631 \u0645\u062d\u0641\u0648\u0638 \u0631\u0633\u0627\u0626\u06cc \u06a9\u06cc \u0648\u06a9\u0627\u0644\u062a \u06a9\u0631\u0646\u0627\u06d4","publisher":{"@id":"https:\/\/floridareprofreedom.org\/#organization"},"potentialAction":[{"@type":"SearchAction","target":{"@type":"EntryPoint","urlTemplate":"https:\/\/floridareprofreedom.org\/?s={search_term_string}"},"query-input":{"@type":"PropertyValueSpecification","valueRequired":true,"valueName":"search_term_string"}}],"inLanguage":"ur"},{"@type":"Organization","@id":"https:\/\/floridareprofreedom.org\/#organization","name":"\u062a\u0648\u0644\u06cc\u062f\u06cc \u0622\u0632\u0627\u062f\u06cc \u06a9\u06d2 \u0644\u06cc\u06d2 \u0641\u0644\u0648\u0631\u06cc\u0688\u06cc\u0646","url":"https:\/\/floridareprofreedom.org\/","logo":{"@type":"ImageObject","inLanguage":"ur","@id":"https:\/\/floridareprofreedom.org\/#\/schema\/logo\/image\/","url":"https:\/\/floridareprofreedom.org\/wp-content\/uploads\/2019\/05\/Untitled.jpg","contentUrl":"https:\/\/floridareprofreedom.org\/wp-content\/uploads\/2019\/05\/Untitled.jpg","width":174,"height":180,"caption":"Floridians for Reproductive Freedom"},"image":{"@id":"https:\/\/floridareprofreedom.org\/#\/schema\/logo\/image\/"},"sameAs":["https:\/\/www.facebook.com\/FloridaReproFreedom\/","https:\/\/x.com\/FLReproFreedom","https:\/\/www.instagram.com\/floridareprofreedom\/"]}]}},"_links":{"self":[{"href":"https:\/\/floridareprofreedom.org\/ur\/wp-json\/wp\/v2\/pages\/1529","targetHints":{"allow":["GET"]}}],"collection":[{"href":"https:\/\/floridareprofreedom.org\/ur\/wp-json\/wp\/v2\/pages"}],"about":[{"href":"https:\/\/floridareprofreedom.org\/ur\/wp-json\/wp\/v2\/types\/page"}],"author":[{"embeddable":true,"href":"https:\/\/floridareprofreedom.org\/ur\/wp-json\/wp\/v2\/users\/3"}],"replies":[{"embeddable":true,"href":"https:\/\/floridareprofreedom.org\/ur\/wp-json\/wp\/v2\/comments?post=1529"}],"version-history":[{"count":18,"href":"https:\/\/floridareprofreedom.org\/ur\/wp-json\/wp\/v2\/pages\/1529\/revisions"}],"predecessor-version":[{"id":4221,"href":"https:\/\/floridareprofreedom.org\/ur\/wp-json\/wp\/v2\/pages\/1529\/revisions\/4221"}],"wp:featuredmedia":[{"embeddable":true,"href":"https:\/\/floridareprofreedom.org\/ur\/wp-json\/wp\/v2\/media\/1415"}],"wp:attachment":[{"href":"https:\/\/floridareprofreedom.org\/ur\/wp-json\/wp\/v2\/media?parent=1529"}],"wp:term":[{"taxonomy":"folder","embeddable":true,"href":"https:\/\/floridareprofreedom.org\/ur\/wp-json\/wp\/v2\/folder?post=1529"}],"curies":[{"name":"wp","href":"https:\/\/api.w.org\/{rel}","templated":true}]}}