{"id":1564,"date":"2021-01-04T20:17:08","date_gmt":"2021-01-04T20:17:08","guid":{"rendered":"https:\/\/floridareprofreedom.org\/?page_id=1564"},"modified":"2021-01-04T20:17:08","modified_gmt":"2021-01-04T20:17:08","slug":"no-es-de-florida","status":"publish","type":"page","link":"https:\/\/floridareprofreedom.org\/ur\/no-es-de-florida\/","title":{"rendered":"\u0641\u0644\u0648\u0631\u06cc\u0688\u0627 \u0646\u06c1\u06cc\u06ba \u06c1\u06d2\u061f"},"content":{"rendered":"<p><span style=\"font-weight: 400;\">Los j\u00f3venes de otros estados que buscan servicios de aborto en Florida pueden solicitar un desv\u00edo judicial en cualquier tribunal de circuito del estado (consulta el mapa y la lista a continuaci\u00f3n). Los no residentes de Florida no est\u00e1n restringidos a ning\u00fan circuito espec\u00edfico, lo que difiere de los requisitos para residentes de Florida, quienes deben presentar una demanda en un tribunal dentro del circuito donde viven.<\/span><\/p>\n<p><b>Resumen del caso del 2008 del Tribunal de Apelaciones del 1er Distrito de Florida<\/b><span style=\"font-weight: 400;\">: Un tribunal de circuito determin\u00f3 que no ten\u00eda jurisdicci\u00f3n porque el menor no resid\u00eda dentro de la jurisdicci\u00f3n del tribunal. El apelante argument\u00f3 que el tribunal de circuito cometi\u00f3 un error de derecho al sostener que carec\u00eda de jurisdicci\u00f3n para decidir sobre la petici\u00f3n. La apelante afirm\u00f3 que cuando una menor no era residente del estado, la ley de Florida obligaba a la conclusi\u00f3n de que pod\u00eda presentar una petici\u00f3n de exenci\u00f3n \u062c\u0648\u0688\u06cc\u0634\u0644 \u0627\u06cc\u0646 cualquier \u0679\u0631\u06cc\u0628\u0648\u0646\u0644 \u0688\u06cc circuito \u0688\u06cc\u0644 estado. La corte de apelaciones estuvo de acuerdo. Contrario a la decisi\u00f3n del tribunal de circuito\u060c <\/span><a href=\"https:\/\/tracking.cirrusinsight.com\/2feb9f3e-8738-4724-99da-9356f28fa287\/advance-lexis-com-document\"><span style=\"font-weight: 400;\">\u00a7 390.01114 (4) (a)<\/span><\/a><span style=\"font-weight: 400;\"> era un estatuto de competencia, no un estatuto jurisdiccional. Como \u0627\u0644 estatuto \u06a9\u0648\u0626\u06cc mencionaba \u0627\u0644 \u0644\u0648\u06af\u0631 \u0627\u06cc\u0646 \u0627\u06cc\u0644 \u0633\u06d2 Que \u06a9\u06d2 \u06cc\u0648\u0646\u0627 \u067e\u0627\u0631\u0679 fuera \u0688\u06cc\u0644 estado deb\u00eda presentar una petici\u00f3n\u060c no se prefiri\u00f3 un lugar espec\u00edfico y la decisi\u00f3n del tribunal de circuito fue un errada. \u06af\u0646\u0627\u06c1 \u06a9\u06cc \u067e\u0627\u0628\u0646\u062f\u06cc\u060c \u0627\u06cc\u06a9 \u0628\u06cc\u0633 \u0688\u06cc los l\u00edmites de tiempo establecidos en la Ley\u060c no se autoriz\u00f3 una devoluci\u00f3n para una nueva audiencia ante el tribunal de circuito. Como resultado\u060c el tribunal de apelaciones\u060c antes de emitir su opini\u00f3n escrita\u060c hab\u00eda ordenado que el tribunal de circuito emitiera de inmediato una orden concediendo la petici\u00f3n.<\/span><\/p>\n<p><a href=\"https:\/\/floridareprofreedom.org\/wp-content\/uploads\/2020\/12\/In-re-Doe-07-B_-973-So.-2d-627.pdf\">Re Doe 07-B_ 973 \u0645\u06cc\u06ba \u062a\u0648\u06d4 2 \u0688\u06cc 627<\/a><\/p>\n<p><img fetchpriority=\"high\" decoding=\"async\" class=\"alignnone size-full wp-image-1001\" src=\"https:\/\/floridareprofreedom.org\/wp-content\/uploads\/2020\/05\/flcircuitmap.jpeg\" alt=\"\" width=\"465\" height=\"390\" srcset=\"https:\/\/floridareprofreedom.org\/wp-content\/uploads\/2020\/05\/flcircuitmap.jpeg 465w, https:\/\/floridareprofreedom.org\/wp-content\/uploads\/2020\/05\/flcircuitmap-300x252.jpeg 300w\" sizes=\"(max-width: 465px) 100vw, 465px\" \/><\/p>\n<p><iframe src=\"https:\/\/docs.google.com\/spreadsheets\/d\/e\/2PACX-1vQB6krgtRma-96mkc9NufqrFn2t3gYItPYTXhaTc_euzRTZEXyRs9x90T-YutHr6CS_eNVijuyheuHR\/pubhtml?gid=1415876535&amp;single=true&amp;widget=true&amp;headers=false\" width=\"850\" height=\"1200\"><\/iframe><\/p>\n<p style=\"text-align: center;\"><a href=\"https:\/\/floridareprofreedom.org\/ur\/jb2\/\">Regressar al inicio<\/a>\u00a0 |\u00a0\u00a0<a href=\"https:\/\/floridareprofreedom.org\/ur\/jb1\/\">Pregunta anterior<\/a>\u00a0 \u00a0 |\u00a0 <a href=\"https:\/\/floridareprofreedom.org\/ur\/jb3\/\">\u0635\u0641\u062d\u06c1 \u0635\u0641\u062d\u06c1<\/a><\/p>\n<p><b>Preguntas Relacionadas<\/b><\/p>\n<ol>\n<li style=\"font-weight: 400;\"><span style=\"font-weight: 400;\"><a href=\"https:\/\/floridareprofreedom.org\/ur\/jb1\/\">\u00bf<\/a><a href=\"https:\/\/floridareprofreedom.org\/ur\/jb1\/\">Qu\u00e9 es una alternativa judicial en caso de que necesite un aborto?<\/a><\/span><\/li>\n<li style=\"font-weight: 400;\"><a href=\"https:\/\/floridareprofreedom.org\/ur\/jb2\/\"><span style=\"font-weight: 400;\">\u00bf<\/span><span style=\"font-weight: 400;\">A d\u00f3nde debo acudir para poder hacerme un aborto?<\/span><\/a><\/li>\n<li style=\"font-weight: 400;\"><a href=\"https:\/\/floridareprofreedom.org\/ur\/jb3\/\"><span style=\"font-weight: 400;\">\u00bf<\/span><span style=\"font-weight: 400;\">Qu\u00e9 tipo de formulario debo llenar<\/span><span style=\"font-weight: 400;\">?<\/span><\/a><\/li>\n<li style=\"font-weight: 400;\"><a href=\"https:\/\/floridareprofreedom.org\/ur\/jb4\/\"><span style=\"font-weight: 400;\">\u00bfQu\u00e9 considerar\u00e1 el juez para tomar una decisi\u00f3n\u061f<\/span><\/a><\/li>\n<li style=\"font-weight: 400;\"><a href=\"https:\/\/floridareprofreedom.org\/ur\/jb5\/\"><span style=\"font-weight: 400;\">\u00bfNecesito un abogado?<\/span><\/a><\/li>\n<li style=\"font-weight: 400;\"><a href=\"https:\/\/floridareprofreedom.org\/ur\/jb6\/\"><span style=\"font-weight: 400;\">\u00bf<\/span><span style=\"font-weight: 400;\">Cu\u00e1nto tarda conseguir una \u0645\u062a\u0628\u0627\u062f\u0644 \u0639\u062f\u0627\u0644\u062a\u06cc\u061f<\/span><\/a><\/li>\n<li style=\"font-weight: 400;\"><a href=\"https:\/\/floridareprofreedom.org\/ur\/jb7\/\"><span style=\"font-weight: 400;\">\u00bf<\/span><span style=\"font-weight: 400;\">Cu\u00e1nto cuesta conseguir una \u0645\u062a\u0628\u0627\u062f\u0644 \u0639\u062f\u0627\u0644\u062a\u06cc\u061f<\/span><\/a><\/li>\n<li style=\"font-weight: 400;\"><a href=\"https:\/\/floridareprofreedom.org\/ur\/jb8\/\"><span style=\"font-weight: 400;\">\u00bf<\/span><span style=\"font-weight: 400;\">Qui\u00e9nes sabr\u00e1n si he logrado obtener una alternativa judicial?<\/span><\/a><\/li>\n<li style=\"font-weight: 400;\"><a href=\"https:\/\/floridareprofreedom.org\/ur\/jb9\/\"><span style=\"font-weight: 400;\">\u00bf<\/span><span style=\"font-weight: 400;\">Qu\u00e9 tipo de preguntas me har\u00e1 el juez?<\/span><\/a><\/li>\n<li style=\"font-weight: 400;\"><a href=\"https:\/\/floridareprofreedom.org\/ur\/jb10\/\"><span style=\"font-weight: 400;\">\u00bf<\/span><span style=\"font-weight: 400;\">Qu\u00e9 vestimenta debo usar para ir a la corte?<\/span><\/a><\/li>\n<li style=\"font-weight: 400;\"><a href=\"https:\/\/floridareprofreedom.org\/ur\/jb11\/\"><span style=\"font-weight: 400;\">\u00bf<\/span><span style=\"font-weight: 400;\">Qu\u00e9 suceder\u00eda si mi audiencia est\u00e1 programada para un d\u00eda escolar<\/span><span style=\"font-weight: 400;\">?<\/span><\/a><\/li>\n<li style=\"font-weight: 400;\"><a href=\"https:\/\/floridareprofreedom.org\/ur\/jb12\/\"><span style=\"font-weight: 400;\">\u00bf<\/span><span style=\"font-weight: 400;\">La persona involucrada en mi embarazo tiene potestad para decidir sobre si debo o no practicarme un aborto<\/span><\/a><span style=\"font-weight: 400;\">?\u00a0<\/span><\/li>\n<li style=\"font-weight: 400;\"><a href=\"https:\/\/floridareprofreedom.org\/ur\/jb13\/\"><span style=\"font-weight: 400;\">\u00a0<\/span><span style=\"font-weight: 400;\">\u00bf<\/span><span style=\"font-weight: 400;\">Tengo que ser ciudadana americana para practicarme un aborto\u061f <\/span><span style=\"font-weight: 400;\">\u00bf<\/span><span style=\"font-weight: 400;\">Y si no puedo comunicarme en ingl\u00e9s?\u00a0<\/span><\/a><\/li>\n<li style=\"font-weight: 400;\"><a href=\"https:\/\/floridareprofreedom.org\/ur\/jb14\/\"><span style=\"font-weight: 400;\">\u00bf<\/span><span style=\"font-weight: 400;\">Puedo cambiar de decisi\u00f3n despu\u00e9s de una alternativa \u062c\u0648\u0688\u06cc\u0634\u0644\u061f<\/span><\/a><\/li>\n<li><a href=\"https:\/\/floridareprofreedom.org\/ur\/jb15\/\"><span style=\"font-weight: 400;\">\u00bf<\/span><span style=\"font-weight: 400;\">Qu\u00e9 pasa si el juez niega mi petici\u00f3n<\/span><span style=\"font-weight: 400;\">?<\/span><\/a><\/li>\n<\/ol>","protected":false},"excerpt":{"rendered":"<p>Los j\u00f3venes de otros estados que buscan servicios de aborto en Florida pueden solicitar un desv\u00edo judicial en cualquier tribunal de circuito del estado (consulta el mapa y la lista a continuaci\u00f3n). Los no residentes de Florida no est\u00e1n restringidos a ning\u00fan circuito espec\u00edfico, lo que difiere de los requisitos para residentes de Florida, quienes [&hellip;]<\/p>\n","protected":false},"author":3,"featured_media":0,"parent":0,"menu_order":0,"comment_status":"closed","ping_status":"closed","template":"","meta":{"footnotes":""},"folder":[9],"class_list":["post-1564","page","type-page","status-publish","hentry"],"yoast_head":"<!-- This site is optimized with the Yoast SEO plugin v27.3 - https:\/\/yoast.com\/product\/yoast-seo-wordpress\/ -->\n<title>\u00bfNo es de Florida? - Floridians For Reproductive Freedom<\/title>\n<meta name=\"robots\" content=\"index, follow, max-snippet:-1, max-image-preview:large, max-video-preview:-1\" \/>\n<link rel=\"canonical\" href=\"https:\/\/floridareprofreedom.org\/ur\/no-es-de-florida\/\" \/>\n<meta property=\"og:locale\" content=\"en_US\" \/>\n<meta property=\"og:type\" content=\"article\" \/>\n<meta property=\"og:title\" content=\"\u00bfNo es de Florida? - Floridians For Reproductive Freedom\" \/>\n<meta property=\"og:description\" content=\"Los j\u00f3venes de otros estados que buscan servicios de aborto en Florida pueden solicitar un desv\u00edo judicial en cualquier tribunal de circuito del estado (consulta el mapa y la lista a continuaci\u00f3n). Los no residentes de Florida no est\u00e1n restringidos a ning\u00fan circuito espec\u00edfico, lo que difiere de los requisitos para residentes de Florida, quienes [&hellip;]\" \/>\n<meta property=\"og:url\" content=\"https:\/\/floridareprofreedom.org\/ur\/no-es-de-florida\/\" \/>\n<meta property=\"og:site_name\" content=\"Floridians For Reproductive Freedom\" \/>\n<meta property=\"article:publisher\" content=\"https:\/\/www.facebook.com\/FloridaReproFreedom\/\" \/>\n<meta property=\"og:image\" content=\"https:\/\/floridareprofreedom.org\/wp-content\/uploads\/2020\/05\/flcircuitmap.jpeg\" \/>\n<meta name=\"twitter:card\" content=\"summary_large_image\" \/>\n<meta name=\"twitter:site\" content=\"@FLReproFreedom\" \/>\n<meta name=\"twitter:label1\" content=\"Est. reading time\" \/>\n\t<meta name=\"twitter:data1\" content=\"2 \u0645\u0646\u0679\u0633\" \/>\n<script type=\"application\/ld+json\" class=\"yoast-schema-graph\">{\"@context\":\"https:\\\/\\\/schema.org\",\"@graph\":[{\"@type\":\"WebPage\",\"@id\":\"https:\\\/\\\/floridareprofreedom.org\\\/no-es-de-florida\\\/\",\"url\":\"https:\\\/\\\/floridareprofreedom.org\\\/no-es-de-florida\\\/\",\"name\":\"\u00bfNo es de Florida? - Floridians For Reproductive Freedom\",\"isPartOf\":{\"@id\":\"https:\\\/\\\/floridareprofreedom.org\\\/#website\"},\"primaryImageOfPage\":{\"@id\":\"https:\\\/\\\/floridareprofreedom.org\\\/no-es-de-florida\\\/#primaryimage\"},\"image\":{\"@id\":\"https:\\\/\\\/floridareprofreedom.org\\\/no-es-de-florida\\\/#primaryimage\"},\"thumbnailUrl\":\"https:\\\/\\\/floridareprofreedom.org\\\/wp-content\\\/uploads\\\/2020\\\/05\\\/flcircuitmap.jpeg\",\"datePublished\":\"2021-01-04T20:17:08+00:00\",\"breadcrumb\":{\"@id\":\"https:\\\/\\\/floridareprofreedom.org\\\/no-es-de-florida\\\/#breadcrumb\"},\"inLanguage\":\"ur\",\"potentialAction\":[{\"@type\":\"ReadAction\",\"target\":[\"https:\\\/\\\/floridareprofreedom.org\\\/no-es-de-florida\\\/\"]}]},{\"@type\":\"ImageObject\",\"inLanguage\":\"ur\",\"@id\":\"https:\\\/\\\/floridareprofreedom.org\\\/no-es-de-florida\\\/#primaryimage\",\"url\":\"https:\\\/\\\/floridareprofreedom.org\\\/wp-content\\\/uploads\\\/2020\\\/05\\\/flcircuitmap.jpeg\",\"contentUrl\":\"https:\\\/\\\/floridareprofreedom.org\\\/wp-content\\\/uploads\\\/2020\\\/05\\\/flcircuitmap.jpeg\"},{\"@type\":\"BreadcrumbList\",\"@id\":\"https:\\\/\\\/floridareprofreedom.org\\\/no-es-de-florida\\\/#breadcrumb\",\"itemListElement\":[{\"@type\":\"ListItem\",\"position\":1,\"name\":\"Home\",\"item\":\"https:\\\/\\\/floridareprofreedom.org\\\/\"},{\"@type\":\"ListItem\",\"position\":2,\"name\":\"\u00bfNo es de Florida?\"}]},{\"@type\":\"WebSite\",\"@id\":\"https:\\\/\\\/floridareprofreedom.org\\\/#website\",\"url\":\"https:\\\/\\\/floridareprofreedom.org\\\/\",\"name\":\"Floridians For Reproductive Freedom\",\"description\":\"Advocating for convenient, affordable, and safe access to reproductive health care, including abortion.\",\"publisher\":{\"@id\":\"https:\\\/\\\/floridareprofreedom.org\\\/#organization\"},\"potentialAction\":[{\"@type\":\"SearchAction\",\"target\":{\"@type\":\"EntryPoint\",\"urlTemplate\":\"https:\\\/\\\/floridareprofreedom.org\\\/?s={search_term_string}\"},\"query-input\":{\"@type\":\"PropertyValueSpecification\",\"valueRequired\":true,\"valueName\":\"search_term_string\"}}],\"inLanguage\":\"ur\"},{\"@type\":\"Organization\",\"@id\":\"https:\\\/\\\/floridareprofreedom.org\\\/#organization\",\"name\":\"Floridians for Reproductive Freedom\",\"url\":\"https:\\\/\\\/floridareprofreedom.org\\\/\",\"logo\":{\"@type\":\"ImageObject\",\"inLanguage\":\"ur\",\"@id\":\"https:\\\/\\\/floridareprofreedom.org\\\/#\\\/schema\\\/logo\\\/image\\\/\",\"url\":\"https:\\\/\\\/floridareprofreedom.org\\\/wp-content\\\/uploads\\\/2019\\\/05\\\/Untitled.jpg\",\"contentUrl\":\"https:\\\/\\\/floridareprofreedom.org\\\/wp-content\\\/uploads\\\/2019\\\/05\\\/Untitled.jpg\",\"width\":174,\"height\":180,\"caption\":\"Floridians for Reproductive Freedom\"},\"image\":{\"@id\":\"https:\\\/\\\/floridareprofreedom.org\\\/#\\\/schema\\\/logo\\\/image\\\/\"},\"sameAs\":[\"https:\\\/\\\/www.facebook.com\\\/FloridaReproFreedom\\\/\",\"https:\\\/\\\/x.com\\\/FLReproFreedom\",\"https:\\\/\\\/www.instagram.com\\\/floridareprofreedom\\\/\"]}]}<\/script>\n<!-- \/ Yoast SEO plugin. -->","yoast_head_json":{"title":"\u0641\u0644\u0648\u0631\u06cc\u0688\u0627 \u0646\u06c1\u06cc\u06ba \u06c1\u06d2\u061f - \u062a\u0648\u0644\u06cc\u062f\u06cc \u0622\u0632\u0627\u062f\u06cc \u06a9\u06d2 \u0644\u06cc\u06d2 \u0641\u0644\u0648\u0631\u06cc\u0688\u06cc\u0646","robots":{"index":"index","follow":"follow","max-snippet":"max-snippet:-1","max-image-preview":"max-image-preview:large","max-video-preview":"max-video-preview:-1"},"canonical":"https:\/\/floridareprofreedom.org\/ur\/no-es-de-florida\/","og_locale":"en_US","og_type":"article","og_title":"\u00bfNo es de Florida? - Floridians For Reproductive Freedom","og_description":"Los j\u00f3venes de otros estados que buscan servicios de aborto en Florida pueden solicitar un desv\u00edo judicial en cualquier tribunal de circuito del estado (consulta el mapa y la lista a continuaci\u00f3n). Los no residentes de Florida no est\u00e1n restringidos a ning\u00fan circuito espec\u00edfico, lo que difiere de los requisitos para residentes de Florida, quienes [&hellip;]","og_url":"https:\/\/floridareprofreedom.org\/ur\/no-es-de-florida\/","og_site_name":"Floridians For Reproductive Freedom","article_publisher":"https:\/\/www.facebook.com\/FloridaReproFreedom\/","og_image":[{"url":"https:\/\/floridareprofreedom.org\/wp-content\/uploads\/2020\/05\/flcircuitmap.jpeg","type":"","width":"","height":""}],"twitter_card":"summary_large_image","twitter_site":"@FLReproFreedom","twitter_misc":{"Est. reading time":"2 \u0645\u0646\u0679\u0633"},"schema":{"@context":"https:\/\/schema.org","@graph":[{"@type":"WebPage","@id":"https:\/\/floridareprofreedom.org\/no-es-de-florida\/","url":"https:\/\/floridareprofreedom.org\/no-es-de-florida\/","name":"\u0641\u0644\u0648\u0631\u06cc\u0688\u0627 \u0646\u06c1\u06cc\u06ba \u06c1\u06d2\u061f - \u062a\u0648\u0644\u06cc\u062f\u06cc \u0622\u0632\u0627\u062f\u06cc \u06a9\u06d2 \u0644\u06cc\u06d2 \u0641\u0644\u0648\u0631\u06cc\u0688\u06cc\u0646","isPartOf":{"@id":"https:\/\/floridareprofreedom.org\/#website"},"primaryImageOfPage":{"@id":"https:\/\/floridareprofreedom.org\/no-es-de-florida\/#primaryimage"},"image":{"@id":"https:\/\/floridareprofreedom.org\/no-es-de-florida\/#primaryimage"},"thumbnailUrl":"https:\/\/floridareprofreedom.org\/wp-content\/uploads\/2020\/05\/flcircuitmap.jpeg","datePublished":"2021-01-04T20:17:08+00:00","breadcrumb":{"@id":"https:\/\/floridareprofreedom.org\/no-es-de-florida\/#breadcrumb"},"inLanguage":"ur","potentialAction":[{"@type":"ReadAction","target":["https:\/\/floridareprofreedom.org\/no-es-de-florida\/"]}]},{"@type":"ImageObject","inLanguage":"ur","@id":"https:\/\/floridareprofreedom.org\/no-es-de-florida\/#primaryimage","url":"https:\/\/floridareprofreedom.org\/wp-content\/uploads\/2020\/05\/flcircuitmap.jpeg","contentUrl":"https:\/\/floridareprofreedom.org\/wp-content\/uploads\/2020\/05\/flcircuitmap.jpeg"},{"@type":"BreadcrumbList","@id":"https:\/\/floridareprofreedom.org\/no-es-de-florida\/#breadcrumb","itemListElement":[{"@type":"ListItem","position":1,"name":"Home","item":"https:\/\/floridareprofreedom.org\/"},{"@type":"ListItem","position":2,"name":"\u00bfNo es de Florida?"}]},{"@type":"WebSite","@id":"https:\/\/floridareprofreedom.org\/#website","url":"https:\/\/floridareprofreedom.org\/","name":"\u0641\u0644\u0648\u0631\u06cc\u0688\u06cc\u0646 \u062a\u0648\u0644\u06cc\u062f\u06cc \u0622\u0632\u0627\u062f\u06cc \u06a9\u06d2 \u0644\u06cc\u06d2","description":"\u0627\u0633\u0642\u0627\u0637 \u062d\u0645\u0644 \u0633\u0645\u06cc\u062a \u062a\u0648\u0644\u06cc\u062f\u06cc \u0635\u062d\u062a \u06a9\u06cc \u062f\u06cc\u06a9\u06be \u0628\u06be\u0627\u0644 \u062a\u06a9 \u0622\u0633\u0627\u0646\u060c \u0633\u0633\u062a\u06cc \u0627\u0648\u0631 \u0645\u062d\u0641\u0648\u0638 \u0631\u0633\u0627\u0626\u06cc \u06a9\u06cc \u0648\u06a9\u0627\u0644\u062a \u06a9\u0631\u0646\u0627\u06d4","publisher":{"@id":"https:\/\/floridareprofreedom.org\/#organization"},"potentialAction":[{"@type":"SearchAction","target":{"@type":"EntryPoint","urlTemplate":"https:\/\/floridareprofreedom.org\/?s={search_term_string}"},"query-input":{"@type":"PropertyValueSpecification","valueRequired":true,"valueName":"search_term_string"}}],"inLanguage":"ur"},{"@type":"Organization","@id":"https:\/\/floridareprofreedom.org\/#organization","name":"\u062a\u0648\u0644\u06cc\u062f\u06cc \u0622\u0632\u0627\u062f\u06cc \u06a9\u06d2 \u0644\u06cc\u06d2 \u0641\u0644\u0648\u0631\u06cc\u0688\u06cc\u0646","url":"https:\/\/floridareprofreedom.org\/","logo":{"@type":"ImageObject","inLanguage":"ur","@id":"https:\/\/floridareprofreedom.org\/#\/schema\/logo\/image\/","url":"https:\/\/floridareprofreedom.org\/wp-content\/uploads\/2019\/05\/Untitled.jpg","contentUrl":"https:\/\/floridareprofreedom.org\/wp-content\/uploads\/2019\/05\/Untitled.jpg","width":174,"height":180,"caption":"Floridians for Reproductive Freedom"},"image":{"@id":"https:\/\/floridareprofreedom.org\/#\/schema\/logo\/image\/"},"sameAs":["https:\/\/www.facebook.com\/FloridaReproFreedom\/","https:\/\/x.com\/FLReproFreedom","https:\/\/www.instagram.com\/floridareprofreedom\/"]}]}},"_links":{"self":[{"href":"https:\/\/floridareprofreedom.org\/ur\/wp-json\/wp\/v2\/pages\/1564","targetHints":{"allow":["GET"]}}],"collection":[{"href":"https:\/\/floridareprofreedom.org\/ur\/wp-json\/wp\/v2\/pages"}],"about":[{"href":"https:\/\/floridareprofreedom.org\/ur\/wp-json\/wp\/v2\/types\/page"}],"author":[{"embeddable":true,"href":"https:\/\/floridareprofreedom.org\/ur\/wp-json\/wp\/v2\/users\/3"}],"replies":[{"embeddable":true,"href":"https:\/\/floridareprofreedom.org\/ur\/wp-json\/wp\/v2\/comments?post=1564"}],"version-history":[{"count":1,"href":"https:\/\/floridareprofreedom.org\/ur\/wp-json\/wp\/v2\/pages\/1564\/revisions"}],"predecessor-version":[{"id":1566,"href":"https:\/\/floridareprofreedom.org\/ur\/wp-json\/wp\/v2\/pages\/1564\/revisions\/1566"}],"wp:attachment":[{"href":"https:\/\/floridareprofreedom.org\/ur\/wp-json\/wp\/v2\/media?parent=1564"}],"wp:term":[{"taxonomy":"folder","embeddable":true,"href":"https:\/\/floridareprofreedom.org\/ur\/wp-json\/wp\/v2\/folder?post=1564"}],"curies":[{"name":"wp","href":"https:\/\/api.w.org\/{rel}","templated":true}]}}