{"id":1975,"date":"2021-05-18T20:18:49","date_gmt":"2021-05-18T20:18:49","guid":{"rendered":"https:\/\/floridareprofreedom.org\/?page_id=1975"},"modified":"2021-05-19T19:58:01","modified_gmt":"2021-05-19T19:58:01","slug":"anticonceptivos","status":"publish","type":"page","link":"https:\/\/floridareprofreedom.org\/ur\/anticonceptivos\/","title":{"rendered":"Grupo de Trabajo de Acceso a Anticonceptivos"},"content":{"rendered":"<p><i><span style=\"font-weight: 400;\">\u201cM\u00e1s preocupante que este debate extra\u00f1amente programado sobre el control de la natalidad, es la vehemencia con la que las mujeres necesitan justificar o explicar por qu\u00e9 toman anticonceptivos: razones de salud, para regular los per\u00edodos, ya sahubeera to como, ya sahibe. anticonceptivos simplemente porque quieres tener relaciones sexuales sin que ese sexo resulte en embarazo\u201d\u06d4 \u2013 Roxane Gay en Bad Feminist: Ensayos (Harper Perennial)<\/span><\/i><\/p>\n<h2><b>\u0627\u06cc\u06a9 anticonceptivos \u062a\u06a9 \u0631\u0633\u0627\u0626\u06cc (\u06a9\u0646\u0679\u0631\u0648\u0644 \u0688\u06cc \u0644\u0627 \u0646\u06cc\u0679\u0644\u06cc\u0688\u06cc\u0688)<\/b><\/h2>\n<p><span style=\"font-weight: 400;\">Todos los residentes de Florida deben tener acceso asequible y oportuno a la gama completa de opciones de control de la natalidad.\u00a0<\/span><\/p>\n<p><span style=\"font-weight: 400;\">Ahora m\u00e1s que nunca\u060c se deben reducir las barreras para obtener anticonceptivos\u060c ampliar la educaci\u00f3n precisa sobre anticonceptivos y los servicios integrales de atenci\u00f3n de salud reproductiva.<\/span><\/p>\n<p><span style=\"font-weight: 400;\">Los patronos que no cubren el costo de anticonceptivos, las leyes que Financian la educaci\u00f3n sexual basada exclusivamente en la abstinencia y los \u201cdesiertos anticonceptivos\u201d son peligrosos para el bienestar y la seguridad de las de la personas de la personas de la personas de la seguridad de la personas de neidas\u00fanicas. \u0646\u06cc\u0679\u0644\u06cc\u0688\u0627\u0688<\/span><\/p>\n<p><span style=\"font-weight: 400;\">\u00a0<\/span><span style=\"font-weight: 400;\">\u0627\u06cc\u0644 <\/span><b>Grupo de Trabajo de Acceso a<\/b> <b>Anticonceptivos<\/b> <i><span style=\"font-weight: 400;\">\u062a\u0648\u0644\u06cc\u062f\u06cc \u0622\u0632\u0627\u062f\u06cc \u06a9\u06d2 \u0644\u06cc\u06d2 \u0641\u0644\u0648\u0631\u06cc\u0688\u06cc\u0646<\/span><\/i><span style=\"font-weight: 400;\"> (FRF) ha recopilado la siguiente informaci\u00f3n que ofrecemos como una Gu\u00eda de Recursos para obtener atenci\u00f3n relacionada con el control de la natalidad en todo el estado de Florida, as\u00ed como informaci\u00f3n adicional de educaci\u00f3n y promoci\u00f3n (<\/span><a href=\"https:\/\/docs.google.com\/spreadsheets\/d\/1vxwTO-bQe_npuS4Zsu3T5gJbv_Madw-EbluHclm2Yvg\/edit?usp=sharing\"><span style=\"font-weight: 400;\">\u0646\u0627\u0642\u0627\u0628\u0644 \u0627\u0639\u062a\u0628\u0627\u0631 \u06cc\u06c1\u0627\u06ba \u06a9\u06cc \u0634\u06a9\u0644<\/span><\/a><span style=\"font-weight: 400;\">):<\/span><\/p>\n<ul>\n<li><a href=\"https:\/\/floridareprofreedom.org\/ur\/descuento\/\"><span style=\"font-weight: 400;\">Farmacias de descuento y programas de asistencia al consumidor ofrecidos por fabricantes de medicamentos<\/span><\/a><\/li>\n<li><a href=\"https:\/\/floridareprofreedom.org\/ur\/metodos-de-control-de-natalidad\/\"><span style=\"font-weight: 400;\">Opciones y precios de anticonceptivos: listados por m\u00e9todo<\/span><\/a><\/li>\n<li><a href=\"https:\/\/floridareprofreedom.org\/ur\/departamentos-de-salud\/\"><span style=\"font-weight: 400;\">Programas de planificaci\u00f3n familiar en los Departamentos de Salud de Florida (por condado)<\/span><\/a><\/li>\n<li><a href=\"https:\/\/floridareprofreedom.org\/ur\/%d8%aa%da%a9%d8%b1%d8%a7%d8%b1\/\"><span style=\"font-weight: 400;\">Recursos de Educaci\u00f3n y Promoci\u00f3n \u2013 para proveedores y consumidores<\/span><\/a><\/li>\n<li><a href=\"https:\/\/nwlc.org\/having-trouble-getting-birth-control\/\"><span style=\"font-weight: 400;\">\u062d\u0644 \u06a9\u0631\u0646\u06d2 \u0648\u0627\u0644\u0627 \u0645\u0633\u0626\u0644\u06c1 \u0688\u06cc \u0633\u06cc\u06af\u0648\u0631\u0648: sin copagos u otros gastos de su bolsillo para el control de la natalidad<\/span><\/a>\u00a0(\u0627\u0646\u06af\u0631\u06cc\u0632\u06cc\u060c \u0646\u06cc\u0634\u0646\u0644 \u0648\u06cc\u0645\u0646\u0632 \u0644\u0627\u0621 \u0633\u06cc\u0646\u0679\u0631)<\/li>\n<li><a href=\"https:\/\/floridareprofreedom.org\/ur\/ec\/\"><span style=\"font-weight: 400;\">\u06a9\u0627\u0631\u0631\u0648\u0627\u0626\u06cc \u06a9\u0627 \u0635\u0641\u062d\u06c1: \u0627\u0631\u06d2 \u067e\u0628\u0644\u06a9\u0633! #DontHideEC<\/span><\/a> (\u0627\u0646\u06af\u0631\u06cc\u0632\u06cc \u0645\u06cc\u06ba)<\/li>\n<\/ul>\n<h2><b>Acerca del Grupo de Trabajo de Acceso a Anticonceptivos<\/b><\/h2>\n<p><span style=\"font-weight: 400;\">Nuestros objetivos son ayudar a <\/span><b>mantener el acceso a m\u00e9todos anticonceptivos<\/b><span style=\"font-weight: 400;\"> para personas que enfrentan barreras al control de la natalidad, tales como:<\/span><\/p>\n<ul>\n<li><span style=\"font-weight: 400;\">Falta de seguro m\u00e9dico o alto costo incluso con seguro<\/span><\/li>\n<li><span style=\"font-weight: 400;\">\u0646\u0642\u0644 \u0648 \u062d\u0645\u0644 \u06a9\u06d2 \u0645\u0633\u0627\u0626\u0644<\/span><\/li>\n<li><span style=\"font-weight: 400;\">Miedo a la discriminaci\u00f3n<\/span><\/li>\n<li><span style=\"font-weight: 400;\">Preocupaci\u00f3n por la participaci\u00f3n de los padres<\/span><\/li>\n<li><span style=\"font-weight: 400;\">Barrera del idioma<\/span><\/li>\n<\/ul>\n<p><span style=\"font-weight: 400;\">Tambi\u00e9n buscamos conectar a pacientes, proveedores m\u00e9dicos y organizaciones relacionadas con recursos que ofrecen servicios anticonceptivos <\/span><b>asequibles\u060c integrales y centrados en el paciente<\/b><span style=\"font-weight: 400;\">.<\/span><\/p>\n<p><span style=\"font-weight: 400;\">Apoyamos los esfuerzos que <\/span><b>abogan por expandir la cobertura de Medicaid, fondos p\u00fablicos y de los planes de seguro privados<\/b><span style=\"font-weight: 400;\"> para el control de la natalidad; <\/span><b>\u0627\u06cc\u0645\u067e\u0648\u0688\u0631\u0631<\/b><span style=\"font-weight: 400;\"> a los pacientes y proveedores para conocer <\/span><b>todo el espectro<\/b><span style=\"font-weight: 400;\"> \u0688\u06cc \u06a9\u06d2 \u0627\u062e\u062a\u06cc\u0627\u0631\u0627\u062a \u0688\u06cc <\/span><b>\u06a9\u0646\u0679\u0631\u0648\u0644<\/b><span style=\"font-weight: 400;\"> de la natalidad (m\u00e1s all\u00e1 de aquellos basados en la abstinencia o los m\u00e9todos de planificaci\u00f3n familiar &quot;naturales&quot;)\u06d4<\/span><\/p>\n<p><span style=\"font-weight: 400;\">Nuestro objetivo es aumentar la divulgaci\u00f3n de mensajes y el acceso a <\/span><b>m\u00e9todos anticonceptivos de emergencia<\/b><span style=\"font-weight: 400;\"> (\u067e\u0644\u0627\u0646 \u0628\u06cc\u060c \u0627\u06cc\u0644\u0627) y de los <\/span><b>m\u00e9todos anticonceptivos reversibles<\/b><span style=\"font-weight: 400;\"> de acci\u00f3n prolongada (LARC) como el DIU o el implante, as\u00ed como los <\/span><b>m\u00e9todos anticonceptivos sin receta<\/b><span style=\"font-weight: 400;\">.<\/span><\/p>\n<ul>\n<li>\u0633\u06cc<span style=\"font-weight: 400;\">Vea nuestra campa\u00f1a actual para instar a Publix para que EC sea accesible a sus clientes vendi\u00e9ndola en el pasillo de planificaci\u00f3n familiar en vez de detr\u00e1s del mostrador de la farmacia: <\/span><a href=\"https:\/\/floridareprofreedom.org\/ur\/ec\/\">\u0627\u0631\u06d2 \u067e\u0628\u0644\u06a9\u0633! #DontHideEC<\/a><\/li>\n<\/ul>\n<p><a href=\"https:\/\/floridareprofreedom.org\/ur\/ec\/\"><img fetchpriority=\"high\" decoding=\"async\" class=\"size-large wp-image-1374 aligncenter\" src=\"https:\/\/floridareprofreedom.org\/wp-content\/uploads\/2020\/10\/2-1-1024x791.png\" alt=\"\" width=\"800\" height=\"618\" srcset=\"https:\/\/floridareprofreedom.org\/wp-content\/uploads\/2020\/10\/2-1-1024x791.png 1024w, https:\/\/floridareprofreedom.org\/wp-content\/uploads\/2020\/10\/2-1-300x232.png 300w, https:\/\/floridareprofreedom.org\/wp-content\/uploads\/2020\/10\/2-1-768x593.png 768w, https:\/\/floridareprofreedom.org\/wp-content\/uploads\/2020\/10\/2-1-1536x1187.png 1536w, https:\/\/floridareprofreedom.org\/wp-content\/uploads\/2020\/10\/2-1.png 1650w\" sizes=\"(max-width: 800px) 100vw, 800px\" \/><\/a><\/p>\n<h2><b>Invol\u00facrese<\/b><\/h2>\n<p><span style=\"font-weight: 400;\">\u00bfLe interesa trabajar para lograr un cambio de politica a nivel estatal? El Grupo de Trabajo de Acceso a Anticonceptivos de FRF agradece su participaci\u00f3n.<\/span><\/p>\n<p><span style=\"font-weight: 400;\">Comparta enlaces a esta p\u00e1gina y nuestra Gu\u00eda de Recursos en redes sociales, servicios de listas de correo electr\u00f3nico y boletines informativos locales; comparta con sus organizaciones asociadas \/ escuelas \/ clinicas\u061b tambi\u00e9n puede descargar, imprimir y distribuir.<\/span><\/p>\n<p><span style=\"font-weight: 400;\">\u00a0<\/span><span style=\"font-weight: 400;\">Si tiene informaci\u00f3n para agregar\/editar, env\u00ede un correo electr\u00f3nico a la Presidenta del <\/span><b>Grupo de Trabajo de Acceso a Anticonceptivos de FRF<\/b><span style=\"font-weight: 400;\">,<\/span> <a href=\"mailto: reerob71@gmail.com\">\u0631\u06cc\u0633\u0627 \u0631\u0627\u0628\u0631\u0679\u0633<\/a>.<\/p>\n<p><span style=\"font-weight: 400;\">\u062d\u0635\u06c1 \u0644\u06cc\u0646\u06d2 \u06a9\u06d2 \u0644\u06cc\u06d2 \u0627\u0646\u0648\u0679\u06cc\u0632:\u00a0<\/span><a href=\"https:\/\/progressflorida.actionkit.com\/signup\/frf-grassroots-signup\" target=\"_blank\" rel=\"noopener\"><button>\u0634\u0627\u0645\u0644 \u06c1\u0648\u0646\u06d2 \u06a9\u06d2 \u0644\u06cc\u06d2 \u0633\u0627\u0626\u0646 \u0627\u067e \u06a9\u0631\u06cc\u06ba\u06d4<\/button><\/a><\/p>","protected":false},"excerpt":{"rendered":"<p>&#8220;M\u00e1s preocupante que este debate extra\u00f1amente programado sobre el control de la natalidad, es la vehemencia con la que las mujeres necesitan justificar o explicar por qu\u00e9 toman anticonceptivos: razones de salud, para regular los per\u00edodos, ya sabes, como si hubiera algo malo en tomar anticonceptivos simplemente porque quieres tener relaciones sexuales sin que ese [&hellip;]<\/p>\n","protected":false},"author":3,"featured_media":0,"parent":0,"menu_order":0,"comment_status":"closed","ping_status":"closed","template":"","meta":{"footnotes":""},"folder":[20],"class_list":["post-1975","page","type-page","status-publish","hentry"],"yoast_head":"<!-- This site is optimized with the Yoast SEO plugin v27.4 - https:\/\/yoast.com\/product\/yoast-seo-wordpress\/ -->\n<title>Grupo de Trabajo de Acceso a Anticonceptivos - Floridians For Reproductive Freedom<\/title>\n<meta name=\"robots\" content=\"index, follow, max-snippet:-1, max-image-preview:large, max-video-preview:-1\" \/>\n<link rel=\"canonical\" href=\"https:\/\/floridareprofreedom.org\/ur\/anticonceptivos\/\" \/>\n<meta property=\"og:locale\" content=\"en_US\" \/>\n<meta property=\"og:type\" content=\"article\" \/>\n<meta property=\"og:title\" content=\"Grupo de Trabajo de Acceso a Anticonceptivos - Floridians For Reproductive Freedom\" \/>\n<meta property=\"og:description\" content=\"&#8220;M\u00e1s preocupante que este debate extra\u00f1amente programado sobre el control de la natalidad, es la vehemencia con la que las mujeres necesitan justificar o explicar por qu\u00e9 toman anticonceptivos: razones de salud, para regular los per\u00edodos, ya sabes, como si hubiera algo malo en tomar anticonceptivos simplemente porque quieres tener relaciones sexuales sin que ese [&hellip;]\" \/>\n<meta property=\"og:url\" content=\"https:\/\/floridareprofreedom.org\/ur\/anticonceptivos\/\" \/>\n<meta property=\"og:site_name\" content=\"Floridians For Reproductive Freedom\" \/>\n<meta property=\"article:publisher\" content=\"https:\/\/www.facebook.com\/FloridaReproFreedom\/\" \/>\n<meta property=\"article:modified_time\" content=\"2021-05-19T19:58:01+00:00\" \/>\n<meta property=\"og:image\" content=\"https:\/\/floridareprofreedom.org\/wp-content\/uploads\/2020\/10\/2-1-1024x791.png\" \/>\n<meta name=\"twitter:card\" content=\"summary_large_image\" \/>\n<meta name=\"twitter:site\" content=\"@FLReproFreedom\" \/>\n<meta name=\"twitter:label1\" content=\"Est. reading time\" \/>\n\t<meta name=\"twitter:data1\" content=\"3 \u0645\u0646\u0679\u0633\" \/>\n<script type=\"application\/ld+json\" class=\"yoast-schema-graph\">{\"@context\":\"https:\\\/\\\/schema.org\",\"@graph\":[{\"@type\":\"WebPage\",\"@id\":\"https:\\\/\\\/floridareprofreedom.org\\\/anticonceptivos\\\/\",\"url\":\"https:\\\/\\\/floridareprofreedom.org\\\/anticonceptivos\\\/\",\"name\":\"Grupo de Trabajo de Acceso a Anticonceptivos - Floridians For Reproductive Freedom\",\"isPartOf\":{\"@id\":\"https:\\\/\\\/floridareprofreedom.org\\\/#website\"},\"primaryImageOfPage\":{\"@id\":\"https:\\\/\\\/floridareprofreedom.org\\\/anticonceptivos\\\/#primaryimage\"},\"image\":{\"@id\":\"https:\\\/\\\/floridareprofreedom.org\\\/anticonceptivos\\\/#primaryimage\"},\"thumbnailUrl\":\"https:\\\/\\\/floridareprofreedom.org\\\/wp-content\\\/uploads\\\/2020\\\/10\\\/2-1-1024x791.png\",\"datePublished\":\"2021-05-18T20:18:49+00:00\",\"dateModified\":\"2021-05-19T19:58:01+00:00\",\"breadcrumb\":{\"@id\":\"https:\\\/\\\/floridareprofreedom.org\\\/anticonceptivos\\\/#breadcrumb\"},\"inLanguage\":\"ur\",\"potentialAction\":[{\"@type\":\"ReadAction\",\"target\":[\"https:\\\/\\\/floridareprofreedom.org\\\/anticonceptivos\\\/\"]}]},{\"@type\":\"ImageObject\",\"inLanguage\":\"ur\",\"@id\":\"https:\\\/\\\/floridareprofreedom.org\\\/anticonceptivos\\\/#primaryimage\",\"url\":\"https:\\\/\\\/floridareprofreedom.org\\\/wp-content\\\/uploads\\\/2020\\\/10\\\/2-1-1024x791.png\",\"contentUrl\":\"https:\\\/\\\/floridareprofreedom.org\\\/wp-content\\\/uploads\\\/2020\\\/10\\\/2-1-1024x791.png\"},{\"@type\":\"BreadcrumbList\",\"@id\":\"https:\\\/\\\/floridareprofreedom.org\\\/anticonceptivos\\\/#breadcrumb\",\"itemListElement\":[{\"@type\":\"ListItem\",\"position\":1,\"name\":\"Home\",\"item\":\"https:\\\/\\\/floridareprofreedom.org\\\/\"},{\"@type\":\"ListItem\",\"position\":2,\"name\":\"Grupo de Trabajo de Acceso a Anticonceptivos\"}]},{\"@type\":\"WebSite\",\"@id\":\"https:\\\/\\\/floridareprofreedom.org\\\/#website\",\"url\":\"https:\\\/\\\/floridareprofreedom.org\\\/\",\"name\":\"Floridians For Reproductive Freedom\",\"description\":\"Advocating for convenient, affordable, and safe access to reproductive health care, including abortion.\",\"publisher\":{\"@id\":\"https:\\\/\\\/floridareprofreedom.org\\\/#organization\"},\"potentialAction\":[{\"@type\":\"SearchAction\",\"target\":{\"@type\":\"EntryPoint\",\"urlTemplate\":\"https:\\\/\\\/floridareprofreedom.org\\\/?s={search_term_string}\"},\"query-input\":{\"@type\":\"PropertyValueSpecification\",\"valueRequired\":true,\"valueName\":\"search_term_string\"}}],\"inLanguage\":\"ur\"},{\"@type\":\"Organization\",\"@id\":\"https:\\\/\\\/floridareprofreedom.org\\\/#organization\",\"name\":\"Floridians for Reproductive Freedom\",\"url\":\"https:\\\/\\\/floridareprofreedom.org\\\/\",\"logo\":{\"@type\":\"ImageObject\",\"inLanguage\":\"ur\",\"@id\":\"https:\\\/\\\/floridareprofreedom.org\\\/#\\\/schema\\\/logo\\\/image\\\/\",\"url\":\"https:\\\/\\\/floridareprofreedom.org\\\/wp-content\\\/uploads\\\/2019\\\/05\\\/Untitled.jpg\",\"contentUrl\":\"https:\\\/\\\/floridareprofreedom.org\\\/wp-content\\\/uploads\\\/2019\\\/05\\\/Untitled.jpg\",\"width\":174,\"height\":180,\"caption\":\"Floridians for Reproductive Freedom\"},\"image\":{\"@id\":\"https:\\\/\\\/floridareprofreedom.org\\\/#\\\/schema\\\/logo\\\/image\\\/\"},\"sameAs\":[\"https:\\\/\\\/www.facebook.com\\\/FloridaReproFreedom\\\/\",\"https:\\\/\\\/x.com\\\/FLReproFreedom\",\"https:\\\/\\\/www.instagram.com\\\/floridareprofreedom\\\/\"]}]}<\/script>\n<!-- \/ Yoast SEO plugin. -->","yoast_head_json":{"title":"Grupo de Trabajo de Acceso a Anticonceptivos - Floridians For Reproductive Freedom","robots":{"index":"index","follow":"follow","max-snippet":"max-snippet:-1","max-image-preview":"max-image-preview:large","max-video-preview":"max-video-preview:-1"},"canonical":"https:\/\/floridareprofreedom.org\/ur\/anticonceptivos\/","og_locale":"en_US","og_type":"article","og_title":"Grupo de Trabajo de Acceso a Anticonceptivos - Floridians For Reproductive Freedom","og_description":"&#8220;M\u00e1s preocupante que este debate extra\u00f1amente programado sobre el control de la natalidad, es la vehemencia con la que las mujeres necesitan justificar o explicar por qu\u00e9 toman anticonceptivos: razones de salud, para regular los per\u00edodos, ya sabes, como si hubiera algo malo en tomar anticonceptivos simplemente porque quieres tener relaciones sexuales sin que ese [&hellip;]","og_url":"https:\/\/floridareprofreedom.org\/ur\/anticonceptivos\/","og_site_name":"Floridians For Reproductive Freedom","article_publisher":"https:\/\/www.facebook.com\/FloridaReproFreedom\/","article_modified_time":"2021-05-19T19:58:01+00:00","og_image":[{"url":"https:\/\/floridareprofreedom.org\/wp-content\/uploads\/2020\/10\/2-1-1024x791.png","type":"","width":"","height":""}],"twitter_card":"summary_large_image","twitter_site":"@FLReproFreedom","twitter_misc":{"Est. reading time":"3 \u0645\u0646\u0679\u0633"},"schema":{"@context":"https:\/\/schema.org","@graph":[{"@type":"WebPage","@id":"https:\/\/floridareprofreedom.org\/anticonceptivos\/","url":"https:\/\/floridareprofreedom.org\/anticonceptivos\/","name":"Grupo de Trabajo de Acceso a Anticonceptivos - Floridians For Reproductive Freedom","isPartOf":{"@id":"https:\/\/floridareprofreedom.org\/#website"},"primaryImageOfPage":{"@id":"https:\/\/floridareprofreedom.org\/anticonceptivos\/#primaryimage"},"image":{"@id":"https:\/\/floridareprofreedom.org\/anticonceptivos\/#primaryimage"},"thumbnailUrl":"https:\/\/floridareprofreedom.org\/wp-content\/uploads\/2020\/10\/2-1-1024x791.png","datePublished":"2021-05-18T20:18:49+00:00","dateModified":"2021-05-19T19:58:01+00:00","breadcrumb":{"@id":"https:\/\/floridareprofreedom.org\/anticonceptivos\/#breadcrumb"},"inLanguage":"ur","potentialAction":[{"@type":"ReadAction","target":["https:\/\/floridareprofreedom.org\/anticonceptivos\/"]}]},{"@type":"ImageObject","inLanguage":"ur","@id":"https:\/\/floridareprofreedom.org\/anticonceptivos\/#primaryimage","url":"https:\/\/floridareprofreedom.org\/wp-content\/uploads\/2020\/10\/2-1-1024x791.png","contentUrl":"https:\/\/floridareprofreedom.org\/wp-content\/uploads\/2020\/10\/2-1-1024x791.png"},{"@type":"BreadcrumbList","@id":"https:\/\/floridareprofreedom.org\/anticonceptivos\/#breadcrumb","itemListElement":[{"@type":"ListItem","position":1,"name":"Home","item":"https:\/\/floridareprofreedom.org\/"},{"@type":"ListItem","position":2,"name":"Grupo de Trabajo de Acceso a Anticonceptivos"}]},{"@type":"WebSite","@id":"https:\/\/floridareprofreedom.org\/#website","url":"https:\/\/floridareprofreedom.org\/","name":"\u0641\u0644\u0648\u0631\u06cc\u0688\u06cc\u0646 \u062a\u0648\u0644\u06cc\u062f\u06cc \u0622\u0632\u0627\u062f\u06cc \u06a9\u06d2 \u0644\u06cc\u06d2","description":"\u0627\u0633\u0642\u0627\u0637 \u062d\u0645\u0644 \u0633\u0645\u06cc\u062a \u062a\u0648\u0644\u06cc\u062f\u06cc \u0635\u062d\u062a \u06a9\u06cc \u062f\u06cc\u06a9\u06be \u0628\u06be\u0627\u0644 \u062a\u06a9 \u0622\u0633\u0627\u0646\u060c \u0633\u0633\u062a\u06cc \u0627\u0648\u0631 \u0645\u062d\u0641\u0648\u0638 \u0631\u0633\u0627\u0626\u06cc \u06a9\u06cc \u0648\u06a9\u0627\u0644\u062a \u06a9\u0631\u0646\u0627\u06d4","publisher":{"@id":"https:\/\/floridareprofreedom.org\/#organization"},"potentialAction":[{"@type":"SearchAction","target":{"@type":"EntryPoint","urlTemplate":"https:\/\/floridareprofreedom.org\/?s={search_term_string}"},"query-input":{"@type":"PropertyValueSpecification","valueRequired":true,"valueName":"search_term_string"}}],"inLanguage":"ur"},{"@type":"Organization","@id":"https:\/\/floridareprofreedom.org\/#organization","name":"\u062a\u0648\u0644\u06cc\u062f\u06cc \u0622\u0632\u0627\u062f\u06cc \u06a9\u06d2 \u0644\u06cc\u06d2 \u0641\u0644\u0648\u0631\u06cc\u0688\u06cc\u0646","url":"https:\/\/floridareprofreedom.org\/","logo":{"@type":"ImageObject","inLanguage":"ur","@id":"https:\/\/floridareprofreedom.org\/#\/schema\/logo\/image\/","url":"https:\/\/floridareprofreedom.org\/wp-content\/uploads\/2019\/05\/Untitled.jpg","contentUrl":"https:\/\/floridareprofreedom.org\/wp-content\/uploads\/2019\/05\/Untitled.jpg","width":174,"height":180,"caption":"Floridians for Reproductive Freedom"},"image":{"@id":"https:\/\/floridareprofreedom.org\/#\/schema\/logo\/image\/"},"sameAs":["https:\/\/www.facebook.com\/FloridaReproFreedom\/","https:\/\/x.com\/FLReproFreedom","https:\/\/www.instagram.com\/floridareprofreedom\/"]}]}},"_links":{"self":[{"href":"https:\/\/floridareprofreedom.org\/ur\/wp-json\/wp\/v2\/pages\/1975","targetHints":{"allow":["GET"]}}],"collection":[{"href":"https:\/\/floridareprofreedom.org\/ur\/wp-json\/wp\/v2\/pages"}],"about":[{"href":"https:\/\/floridareprofreedom.org\/ur\/wp-json\/wp\/v2\/types\/page"}],"author":[{"embeddable":true,"href":"https:\/\/floridareprofreedom.org\/ur\/wp-json\/wp\/v2\/users\/3"}],"replies":[{"embeddable":true,"href":"https:\/\/floridareprofreedom.org\/ur\/wp-json\/wp\/v2\/comments?post=1975"}],"version-history":[{"count":6,"href":"https:\/\/floridareprofreedom.org\/ur\/wp-json\/wp\/v2\/pages\/1975\/revisions"}],"predecessor-version":[{"id":2003,"href":"https:\/\/floridareprofreedom.org\/ur\/wp-json\/wp\/v2\/pages\/1975\/revisions\/2003"}],"wp:attachment":[{"href":"https:\/\/floridareprofreedom.org\/ur\/wp-json\/wp\/v2\/media?parent=1975"}],"wp:term":[{"taxonomy":"folder","embeddable":true,"href":"https:\/\/floridareprofreedom.org\/ur\/wp-json\/wp\/v2\/folder?post=1975"}],"curies":[{"name":"wp","href":"https:\/\/api.w.org\/{rel}","templated":true}]}}