{"id":2069,"date":"2021-08-18T19:07:25","date_gmt":"2021-08-18T19:07:25","guid":{"rendered":"https:\/\/floridareprofreedom.org\/?page_id=2069"},"modified":"2021-08-18T19:08:14","modified_gmt":"2021-08-18T19:08:14","slug":"%d9%85%d8%a7%d9%86%d8%b9-%d8%ad%d9%85%d9%84-%d8%a7%d8%af%d9%88%db%8c%d8%a7%d8%aa-%d8%aa%da%a9-%d8%b1%d8%b3%d8%a7%d8%a6%db%8c-hc","status":"publish","type":"page","link":"https:\/\/floridareprofreedom.org\/ur\/contraceptives-access-hc\/","title":{"rendered":"Gwoup Travay Aks\u00e8 Kontraseptif"},"content":{"rendered":"<p><span style=\"font-weight: 400;\">&quot;Nan l\u00e8 etranj sa a, plis boulv\u00e8san pase deba sou planin, se ak ki pasyon ke fanm bezwen jistifye oswa eksplike poukisa yo pran planin-rezon sante, kontwole r\u00e8g, ou konnen, Tankou p\u00e9nanan genimanal planu genukimaneple. paske ou vle f\u00e8 s\u00e8ks san s\u00e8ks sa a pa vinn lak\u00f2z gwos\u00e8s\u06d4&quot; - Roxane Gay nan Move Feminis (Harper Perennial)<\/span><\/p>\n<h2>Aks\u00e8 kontraseptif (plannin)<\/h2>\n<p><span style=\"font-weight: 400;\">Tout Floridyen ta dwe gen aks\u00e8 ab\u00f2dab epi al\u00e8 sou tout seri opsyon planin yo\u06d4<\/span><\/p>\n<p><span style=\"font-weight: 400;\">Plis pase l\u00f2t tan yo, bary\u00e8 pou jwenn planin ta dwe minimize, pandan edikasyon egzat sou planin ak s\u00e8vis swen sante repwodiksyon konpl\u00e8 ta dwe maksimize.<\/span><\/p>\n<p><span style=\"font-weight: 400;\">Anplway\u00e8 ki pa kouvri depans pou planin, lwa ki Finanse edikasyon seksy\u00e8l ki baze sou abstinans s\u00e8lman, ak \u201cdez\u00e8 kontrasepsyon\u201d yo, danjere pou byenn\u00e8t ak sekirite moun ki gen bezwen dik\u00e8v\u00e8pisin.<\/span><\/p>\n<p><b>Gwoup Travay Aks\u00e8 Kontraseptif Floridyen pou Lib\u00e8te Repwodiksyon<\/b><span style=\"font-weight: 400;\"> (FRF) te kolekte enf\u00f2masyon sa yo ke nou ofri k\u00f2m yon <\/span><b>Gid Resous<\/b><span style=\"font-weight: 400;\"> sou jwenn swen pou planin nan tout eta Florid la, epi tou edikasyon adisyon\u00e8l ak enf\u00f2masyon defans (f\u00f2ma enprimab isit la):<\/span><\/p>\n<ul>\n<li style=\"font-weight: 400;\" aria-level=\"1\"><a href=\"https:\/\/floridareprofreedom.org\/ur\/%da%88%d8%b3%da%a9%d8%a7%d8%a4%d9%86%d9%b9-%d9%81%d8%a7%d8%b1%d9%85%db%8c%d8%b3%db%8c%d8%b2-%d8%a7%d9%88%d8%b1-%d9%81%d8%a7%d8%b1%d9%85%d8%a7%d8%b3%db%8c%d9%88%d9%b9%db%8c%da%a9%d9%84-%da%a9%d9%85\/\"><span style=\"font-weight: 400;\">Rab\u00e8 Famasi ak Pwogram Asistans pou Konsomat\u00e8 ki ofri pa manifaktir\u00e8 medikaman yo<\/span><\/a><\/li>\n<li style=\"font-weight: 400;\" aria-level=\"1\"><a href=\"https:\/\/floridareprofreedom.org\/ur\/%d9%be%db%8c%d8%af%d8%a7%d8%a6%d8%b4%db%8c-%da%a9%d9%86%d9%b9%d8%b1%d9%88%d9%84-%da%a9%d8%b1%db%8c%d9%88%d9%84\/\"><span style=\"font-weight: 400;\">Opsyon planin ak pri \u2013 ki nan lis lan pa met\u00f2d<\/span><\/a><\/li>\n<li style=\"font-weight: 400;\" aria-level=\"1\"><a href=\"https:\/\/floridareprofreedom.org\/ur\/%da%a9%d8%a7%d8%a4%d9%86%d9%b9%db%8c-%d8%b5%d8%ad%d8%aa-%da%a9%db%92-%d9%85%d8%ad%da%a9%d9%85%db%92-hc\/\"><span style=\"font-weight: 400;\">Pwogram Planifikasyon Fanmi nan Depatman Sante Florid (pa konte)<\/span><\/a><\/li>\n<li style=\"font-weight: 400;\" aria-level=\"1\"><a href=\"https:\/\/floridareprofreedom.org\/ur\/%d8%aa%d8%b9%d9%84%db%8c%d9%85%db%8c-%d9%88%d8%b3%d8%a7%d8%a6%d9%84-hc\/\"><span style=\"font-weight: 400;\">Resous Edikasyon ak Defans \u2013 pou Dokt\u00e8 ak Konsomat\u00e8<\/span><\/a><\/li>\n<li style=\"font-weight: 400;\" aria-level=\"1\"><span style=\"font-weight: 400;\"><a href=\"https:\/\/nwlc.org\/having-trouble-getting-birth-control\/\">Rezoud pwobl\u00e8m asirans: pa gen okenn kopeman ni l\u00f2t depans pou soti-nan-p\u00f2ch pou planin<\/a> (\u0633\u0646\u062a \u0644\u0648\u0627 \u0641\u0627\u0646\u0645 \u0646\u0627\u0633\u06cc\u0648\u0646\u0627\u0644)<\/span><\/li>\n<li style=\"font-weight: 400;\" aria-level=\"1\"><a href=\"https:\/\/floridareprofreedom.org\/ur\/ec\/\"><span style=\"font-weight: 400;\">\u067e\u062c \u0627\u06a9\u0633\u06cc\u0648\u0646: \u0627\u0631\u06d2 \u067e\u0628\u0644\u06a9\u0633! #DontHideEC<\/span><\/a><\/li>\n<\/ul>\n<p><strong>Kons\u00e8nan Gwoup Travay Aks\u00e8 Kontraseptif yo<\/strong><\/p>\n<ul>\n<li><span style=\"font-weight: 400;\">\u0627\u0639\u062a\u0631\u0627\u0636 \u0646\u0648 \u06cc\u0648 SE pou ede <\/span><b>kenbe aks\u00e8 ak kontrasepsyon<\/b><span style=\"font-weight: 400;\"> pou moun ki gen bary\u00e8 pou swen planin tankou:<\/span>\n<ul>\n<li style=\"font-weight: 400;\" aria-level=\"1\"><span style=\"font-weight: 400;\">\u0645\u0627\u0646\u06a9\u06d2 \u0627\u0633\u06cc\u0631\u0627\u0646 \u0633\u0627\u0646\u062a\u06d2 \u0627\u0648\u0633\u0648\u0627 \u067e\u0631\u06cc \u06a9\u06cc \u062a\u0648\u062c\u0648 \u0648\u0648 \u0645\u06cc\u0646\u0645 \u0627\u06cc\u0648\u06a9 \u0627\u0633\u06cc\u0631\u0627\u0646\u00a0<\/span><\/li>\n<li style=\"font-weight: 400;\" aria-level=\"1\"><span style=\"font-weight: 400;\">Pwobl\u00e8m transp\u00f2tasyon<\/span><\/li>\n<li style=\"font-weight: 400;\" aria-level=\"1\"><span style=\"font-weight: 400;\">P\u00e8 diskriminasyon<\/span><\/li>\n<li style=\"font-weight: 400;\" aria-level=\"1\"><span style=\"font-weight: 400;\">Enkyetid sou patisipasyon paran yo<\/span><\/li>\n<li style=\"font-weight: 400;\" aria-level=\"1\"><span style=\"font-weight: 400;\">Bary\u00e8 langaj<\/span><\/li>\n<\/ul>\n<p><span style=\"font-weight: 400;\">Epi tou, nou f\u00e8 ef\u00f2 pou <\/span><b>\u06a9\u0648\u0646\u06cc\u06a9\u0679<\/b><span style=\"font-weight: 400;\"> pasyan yo, founis\u00e8 medikal yo, \u00f2ganizasyon patn\u00e8 yo, ak resous ki ofri <\/span><b>pri ki-efikas<\/b><span style=\"font-weight: 400;\">, <\/span><b>konpl\u00e8<\/b><span style=\"font-weight: 400;\">, ak s\u00e8vis planin ki <\/span><b>\u0633\u0627\u0646\u062a\u0631 \u0633\u0648<\/b><span style=\"font-weight: 400;\"> \u067e\u0627\u0633\u06cc\u0627\u0646<\/span><span style=\"font-weight: 400;\"><br \/>\n<\/span><span style=\"font-weight: 400;\"><br \/>\n<\/span><span style=\"font-weight: 400;\">\u0627\u0628 \u0622\u067e \u06a9\u0648 \u0646\u06c1\u06cc\u06ba \u0645\u0644\u06d2 \u06af\u0627\u06d4 <\/span><b>\u0688\u06cc\u0641\u06cc\u0646\u0633<\/b><span style=\"font-weight: 400;\"> \u06a9\u06cc <\/span><b>elaji Medicaid<\/b><span style=\"font-weight: 400;\">, <\/span><b>fon gouv\u00e8nman ak kouv\u00e8ti \u0645\u0646\u0635\u0648\u0628\u06c1 asirans prive<\/b><span style=\"font-weight: 400;\"> pou planin; \u0628\u06d2 \u067e\u0627\u0633\u06cc\u0627\u0646 \u06cc\u0648 \u0627\u06a9 \u0641\u0627\u0624\u0646\u0633\u06cc \u06cc\u0648 <\/span><b>\u067e\u0648\u0648\u0648\u0627<\/b><span style=\"font-weight: 400;\"> pou yo aprann <\/span><b>\u0679\u0627\u0624\u0679 \u0622\u067e\u0633\u06cc\u0648\u0646<\/b><span style=\"font-weight: 400;\"> nan planin n\u00e8t (pi plis pase sak baze sou abstinans oswa met\u00f2d planifikasyon &quot;natir\u00e8l&quot; pou fanmi an)\u06d4<\/span><span style=\"font-weight: 400;\"><br \/>\n<\/span><span style=\"font-weight: 400;\"><br \/>\n<\/span><span style=\"font-weight: 400;\">Nou vize pou ogmante messagerie ak aks\u00e8 pou <\/span><b>kontrasepsyon ijans<\/b><span style=\"font-weight: 400;\"> (\u067e\u0644\u0627\u0646 \u0628\u06cc\u060c \u0627\u06cc\u0644\u0627) \u0627\u06cc\u06a9 <\/span><b>kontrasepsyon rev\u00e8sib ki Aji-lontan<\/b><span style=\"font-weight: 400;\"> (LARC) Tanou IUD oswa enplimant, epi <\/span><b>met\u00f2d planin san preskripsyon<\/b><span style=\"font-weight: 400;\"> \u0679\u0648<\/span><\/p>\n<ul>\n<li style=\"font-weight: 400;\" aria-level=\"1\"><span style=\"font-weight: 400;\">Tcheke kanpay nou gen kounye a pou mande Publix pou f\u00e8 EC aksesib a kliyan li yo, pou yo vann li nan ale Planifikasyon Fanmi an olye nan d\u00e8y\u00e8 biwo famasi a: \u0627\u0631\u06d2 \u067e\u0628\u0644\u06a9\u0633! #DontHideEC<\/span>: <a href=\"https:\/\/floridareprofreedom.org\/ur\/ec\/\">\u0627\u0631\u06d2 \u067e\u0628\u0644\u06a9\u0633! #DontHideEC<\/a><\/li>\n<\/ul>\n<\/li>\n<\/ul>\n<p><a href=\"https:\/\/floridareprofreedom.org\/ur\/ec\/\"><img fetchpriority=\"high\" decoding=\"async\" class=\"size-large wp-image-1374 aligncenter\" src=\"https:\/\/floridareprofreedom.org\/wp-content\/uploads\/2020\/10\/2-1-1024x791.png\" alt=\"\" width=\"800\" height=\"618\" srcset=\"https:\/\/floridareprofreedom.org\/wp-content\/uploads\/2020\/10\/2-1-1024x791.png 1024w, https:\/\/floridareprofreedom.org\/wp-content\/uploads\/2020\/10\/2-1-300x232.png 300w, https:\/\/floridareprofreedom.org\/wp-content\/uploads\/2020\/10\/2-1-768x593.png 768w, https:\/\/floridareprofreedom.org\/wp-content\/uploads\/2020\/10\/2-1-1536x1187.png 1536w, https:\/\/floridareprofreedom.org\/wp-content\/uploads\/2020\/10\/2-1.png 1650w\" sizes=\"(max-width: 800px) 100vw, 800px\" \/><\/a><\/p>\n<h2>\u067e\u0679\u06cc\u0633\u06cc\u067e<\/h2>\n<p><span style=\"font-weight: 400;\">Enterese nan travay pou chanjman lwa nan nivo Eta a? Gwoup Travay Aks\u00e8 Kontraseptif FRF la akeyi patisipasyon ou.<\/span><span style=\"font-weight: 400;\"><br \/>\n<\/span><span style=\"font-weight: 400;\"><br \/>\n<\/span><span style=\"font-weight: 400;\">\u067e\u062a\u0627\u062c\u06d2 \u0644\u0626\u06cc\u0646 \u067e\u0627\u062c \u0633\u0627 \u0627\u06d2 \u0627\u06a9 \u06af\u0650\u0688 \u0631\u06cc\u0633\u0648\u0633 \u0646\u0648 \u0627\u06cc\u0646 \u0633\u0648 \u0631\u06cc\u0632\u0648 \u0633\u0648\u0633\u06cc\u0627\u0644\u060c \u0644\u0650\u0633 \u0633\u06cc\u0648\u0650\u0633 \u0622\u0626\u06cc\u0645\u06cc\u0644\u060c \u0627\u06a9 \u0628\u0644\u0679\u0646 \u0644\u0648\u06a9\u0644 \u06cc\u0648\u06d4 pataje av\u00e8k \u00f2ganizasyon patn\u00e8 ou yo\/lek\u00f2l\/klinik\u061b gendwa telechaje, enprime, ak distribye tou.<\/span><span style=\"font-weight: 400;\"><br \/>\n<\/span><span style=\"font-weight: 400;\"><br \/>\n<\/span><span style=\"font-weight: 400;\">Si ou gen enf\u00f2masyon pou ajoute\/modifye, tanpri im\u00e8l T\u00e8t Komite <\/span><b>Gwoup Travay Aks\u00e8 Kontraseptif FRF<\/b><span style=\"font-weight: 400;\">, <\/span><a href=\"mailto: reerob71@gmail.com\">\u0631\u06cc\u0633\u0627 \u0631\u0627\u0628\u0631\u0679\u0633<\/a>.<\/p>\n<p><a href=\"https:\/\/progressflorida.actionkit.com\/signup\/frf-grassroots-signup\" target=\"_blank\" rel=\"noopener\"><button>\u0634\u0627\u0645\u0644 \u06c1\u0648\u0646\u06d2 \u06a9\u06d2 \u0644\u06cc\u06d2 \u0633\u0627\u0626\u0646 \u0627\u067e \u06a9\u0631\u06cc\u06ba\u06d4<\/button><\/a><\/p>","protected":false},"excerpt":{"rendered":"<p>&#8220;Nan l\u00e8 etranj sa a, plis boulv\u00e8san pase deba sou planin, se ak ki pasyon ke fanm bezwen jistifye oswa eksplike poukisa yo pran planin-rezon sante, kontwole r\u00e8g, ou konnen, tankou gen yon bagay ki mal nan pran planin tou senpleman paske ou vle f\u00e8 s\u00e8ks san s\u00e8ks sa a pa vinn lak\u00f2z gwos\u00e8s.&#8221; &#8211; [&hellip;]<\/p>\n","protected":false},"author":3,"featured_media":0,"parent":0,"menu_order":0,"comment_status":"closed","ping_status":"closed","template":"","meta":{"footnotes":""},"folder":[21,10],"class_list":["post-2069","page","type-page","status-publish","hentry"],"yoast_head":"<!-- This site is optimized with the Yoast SEO plugin v27.4 - https:\/\/yoast.com\/product\/yoast-seo-wordpress\/ -->\n<title>Gwoup Travay Aks\u00e8 Kontraseptif - Floridians For Reproductive Freedom<\/title>\n<meta name=\"robots\" content=\"index, follow, max-snippet:-1, max-image-preview:large, max-video-preview:-1\" \/>\n<link rel=\"canonical\" href=\"https:\/\/floridareprofreedom.org\/ur\/\u0645\u0627\u0646\u0639-\u062d\u0645\u0644-\u0627\u062f\u0648\u06cc\u0627\u062a-\u062a\u06a9-\u0631\u0633\u0627\u0626\u06cc-hc\/\" \/>\n<meta property=\"og:locale\" content=\"en_US\" \/>\n<meta property=\"og:type\" content=\"article\" \/>\n<meta property=\"og:title\" content=\"Gwoup Travay Aks\u00e8 Kontraseptif - Floridians For Reproductive Freedom\" \/>\n<meta property=\"og:description\" content=\"&#8220;Nan l\u00e8 etranj sa a, plis boulv\u00e8san pase deba sou planin, se ak ki pasyon ke fanm bezwen jistifye oswa eksplike poukisa yo pran planin-rezon sante, kontwole r\u00e8g, ou konnen, tankou gen yon bagay ki mal nan pran planin tou senpleman paske ou vle f\u00e8 s\u00e8ks san s\u00e8ks sa a pa vinn lak\u00f2z gwos\u00e8s.&#8221; &#8211; [&hellip;]\" \/>\n<meta property=\"og:url\" content=\"https:\/\/floridareprofreedom.org\/ur\/\u0645\u0627\u0646\u0639-\u062d\u0645\u0644-\u0627\u062f\u0648\u06cc\u0627\u062a-\u062a\u06a9-\u0631\u0633\u0627\u0626\u06cc-hc\/\" \/>\n<meta property=\"og:site_name\" content=\"Floridians For Reproductive Freedom\" \/>\n<meta property=\"article:publisher\" content=\"https:\/\/www.facebook.com\/FloridaReproFreedom\/\" \/>\n<meta property=\"article:modified_time\" content=\"2021-08-18T19:08:14+00:00\" \/>\n<meta property=\"og:image\" content=\"https:\/\/floridareprofreedom.org\/wp-content\/uploads\/2020\/10\/2-1-1024x791.png\" \/>\n<meta name=\"twitter:card\" content=\"summary_large_image\" \/>\n<meta name=\"twitter:site\" content=\"@FLReproFreedom\" \/>\n<meta name=\"twitter:label1\" content=\"Est. reading time\" \/>\n\t<meta name=\"twitter:data1\" content=\"3 \u0645\u0646\u0679\u0633\" \/>\n<script type=\"application\/ld+json\" class=\"yoast-schema-graph\">{\"@context\":\"https:\\\/\\\/schema.org\",\"@graph\":[{\"@type\":\"WebPage\",\"@id\":\"https:\\\/\\\/floridareprofreedom.org\\\/contraceptives-access-hc\\\/\",\"url\":\"https:\\\/\\\/floridareprofreedom.org\\\/contraceptives-access-hc\\\/\",\"name\":\"Gwoup Travay Aks\u00e8 Kontraseptif - Floridians For Reproductive Freedom\",\"isPartOf\":{\"@id\":\"https:\\\/\\\/floridareprofreedom.org\\\/#website\"},\"primaryImageOfPage\":{\"@id\":\"https:\\\/\\\/floridareprofreedom.org\\\/contraceptives-access-hc\\\/#primaryimage\"},\"image\":{\"@id\":\"https:\\\/\\\/floridareprofreedom.org\\\/contraceptives-access-hc\\\/#primaryimage\"},\"thumbnailUrl\":\"https:\\\/\\\/floridareprofreedom.org\\\/wp-content\\\/uploads\\\/2020\\\/10\\\/2-1-1024x791.png\",\"datePublished\":\"2021-08-18T19:07:25+00:00\",\"dateModified\":\"2021-08-18T19:08:14+00:00\",\"breadcrumb\":{\"@id\":\"https:\\\/\\\/floridareprofreedom.org\\\/contraceptives-access-hc\\\/#breadcrumb\"},\"inLanguage\":\"ur\",\"potentialAction\":[{\"@type\":\"ReadAction\",\"target\":[\"https:\\\/\\\/floridareprofreedom.org\\\/contraceptives-access-hc\\\/\"]}]},{\"@type\":\"ImageObject\",\"inLanguage\":\"ur\",\"@id\":\"https:\\\/\\\/floridareprofreedom.org\\\/contraceptives-access-hc\\\/#primaryimage\",\"url\":\"https:\\\/\\\/floridareprofreedom.org\\\/wp-content\\\/uploads\\\/2020\\\/10\\\/2-1-1024x791.png\",\"contentUrl\":\"https:\\\/\\\/floridareprofreedom.org\\\/wp-content\\\/uploads\\\/2020\\\/10\\\/2-1-1024x791.png\"},{\"@type\":\"BreadcrumbList\",\"@id\":\"https:\\\/\\\/floridareprofreedom.org\\\/contraceptives-access-hc\\\/#breadcrumb\",\"itemListElement\":[{\"@type\":\"ListItem\",\"position\":1,\"name\":\"Home\",\"item\":\"https:\\\/\\\/floridareprofreedom.org\\\/\"},{\"@type\":\"ListItem\",\"position\":2,\"name\":\"Gwoup Travay Aks\u00e8 Kontraseptif\"}]},{\"@type\":\"WebSite\",\"@id\":\"https:\\\/\\\/floridareprofreedom.org\\\/#website\",\"url\":\"https:\\\/\\\/floridareprofreedom.org\\\/\",\"name\":\"Floridians For Reproductive Freedom\",\"description\":\"Advocating for convenient, affordable, and safe access to reproductive health care, including abortion.\",\"publisher\":{\"@id\":\"https:\\\/\\\/floridareprofreedom.org\\\/#organization\"},\"potentialAction\":[{\"@type\":\"SearchAction\",\"target\":{\"@type\":\"EntryPoint\",\"urlTemplate\":\"https:\\\/\\\/floridareprofreedom.org\\\/?s={search_term_string}\"},\"query-input\":{\"@type\":\"PropertyValueSpecification\",\"valueRequired\":true,\"valueName\":\"search_term_string\"}}],\"inLanguage\":\"ur\"},{\"@type\":\"Organization\",\"@id\":\"https:\\\/\\\/floridareprofreedom.org\\\/#organization\",\"name\":\"Floridians for Reproductive Freedom\",\"url\":\"https:\\\/\\\/floridareprofreedom.org\\\/\",\"logo\":{\"@type\":\"ImageObject\",\"inLanguage\":\"ur\",\"@id\":\"https:\\\/\\\/floridareprofreedom.org\\\/#\\\/schema\\\/logo\\\/image\\\/\",\"url\":\"https:\\\/\\\/floridareprofreedom.org\\\/wp-content\\\/uploads\\\/2019\\\/05\\\/Untitled.jpg\",\"contentUrl\":\"https:\\\/\\\/floridareprofreedom.org\\\/wp-content\\\/uploads\\\/2019\\\/05\\\/Untitled.jpg\",\"width\":174,\"height\":180,\"caption\":\"Floridians for Reproductive Freedom\"},\"image\":{\"@id\":\"https:\\\/\\\/floridareprofreedom.org\\\/#\\\/schema\\\/logo\\\/image\\\/\"},\"sameAs\":[\"https:\\\/\\\/www.facebook.com\\\/FloridaReproFreedom\\\/\",\"https:\\\/\\\/x.com\\\/FLReproFreedom\",\"https:\\\/\\\/www.instagram.com\\\/floridareprofreedom\\\/\"]}]}<\/script>\n<!-- \/ Yoast SEO plugin. -->","yoast_head_json":{"title":"Gwoup Travay Aks\u00e8 Kontraseptif - Floridians For Reproductive Freedom","robots":{"index":"index","follow":"follow","max-snippet":"max-snippet:-1","max-image-preview":"max-image-preview:large","max-video-preview":"max-video-preview:-1"},"canonical":"https:\/\/floridareprofreedom.org\/ur\/\u0645\u0627\u0646\u0639-\u062d\u0645\u0644-\u0627\u062f\u0648\u06cc\u0627\u062a-\u062a\u06a9-\u0631\u0633\u0627\u0626\u06cc-hc\/","og_locale":"en_US","og_type":"article","og_title":"Gwoup Travay Aks\u00e8 Kontraseptif - Floridians For Reproductive Freedom","og_description":"&#8220;Nan l\u00e8 etranj sa a, plis boulv\u00e8san pase deba sou planin, se ak ki pasyon ke fanm bezwen jistifye oswa eksplike poukisa yo pran planin-rezon sante, kontwole r\u00e8g, ou konnen, tankou gen yon bagay ki mal nan pran planin tou senpleman paske ou vle f\u00e8 s\u00e8ks san s\u00e8ks sa a pa vinn lak\u00f2z gwos\u00e8s.&#8221; &#8211; [&hellip;]","og_url":"https:\/\/floridareprofreedom.org\/ur\/\u0645\u0627\u0646\u0639-\u062d\u0645\u0644-\u0627\u062f\u0648\u06cc\u0627\u062a-\u062a\u06a9-\u0631\u0633\u0627\u0626\u06cc-hc\/","og_site_name":"Floridians For Reproductive Freedom","article_publisher":"https:\/\/www.facebook.com\/FloridaReproFreedom\/","article_modified_time":"2021-08-18T19:08:14+00:00","og_image":[{"url":"https:\/\/floridareprofreedom.org\/wp-content\/uploads\/2020\/10\/2-1-1024x791.png","type":"","width":"","height":""}],"twitter_card":"summary_large_image","twitter_site":"@FLReproFreedom","twitter_misc":{"Est. reading time":"3 \u0645\u0646\u0679\u0633"},"schema":{"@context":"https:\/\/schema.org","@graph":[{"@type":"WebPage","@id":"https:\/\/floridareprofreedom.org\/contraceptives-access-hc\/","url":"https:\/\/floridareprofreedom.org\/contraceptives-access-hc\/","name":"Gwoup Travay Aks\u00e8 Kontraseptif - Floridians For Reproductive Freedom","isPartOf":{"@id":"https:\/\/floridareprofreedom.org\/#website"},"primaryImageOfPage":{"@id":"https:\/\/floridareprofreedom.org\/contraceptives-access-hc\/#primaryimage"},"image":{"@id":"https:\/\/floridareprofreedom.org\/contraceptives-access-hc\/#primaryimage"},"thumbnailUrl":"https:\/\/floridareprofreedom.org\/wp-content\/uploads\/2020\/10\/2-1-1024x791.png","datePublished":"2021-08-18T19:07:25+00:00","dateModified":"2021-08-18T19:08:14+00:00","breadcrumb":{"@id":"https:\/\/floridareprofreedom.org\/contraceptives-access-hc\/#breadcrumb"},"inLanguage":"ur","potentialAction":[{"@type":"ReadAction","target":["https:\/\/floridareprofreedom.org\/contraceptives-access-hc\/"]}]},{"@type":"ImageObject","inLanguage":"ur","@id":"https:\/\/floridareprofreedom.org\/contraceptives-access-hc\/#primaryimage","url":"https:\/\/floridareprofreedom.org\/wp-content\/uploads\/2020\/10\/2-1-1024x791.png","contentUrl":"https:\/\/floridareprofreedom.org\/wp-content\/uploads\/2020\/10\/2-1-1024x791.png"},{"@type":"BreadcrumbList","@id":"https:\/\/floridareprofreedom.org\/contraceptives-access-hc\/#breadcrumb","itemListElement":[{"@type":"ListItem","position":1,"name":"Home","item":"https:\/\/floridareprofreedom.org\/"},{"@type":"ListItem","position":2,"name":"Gwoup Travay Aks\u00e8 Kontraseptif"}]},{"@type":"WebSite","@id":"https:\/\/floridareprofreedom.org\/#website","url":"https:\/\/floridareprofreedom.org\/","name":"\u0641\u0644\u0648\u0631\u06cc\u0688\u06cc\u0646 \u062a\u0648\u0644\u06cc\u062f\u06cc \u0622\u0632\u0627\u062f\u06cc \u06a9\u06d2 \u0644\u06cc\u06d2","description":"\u0627\u0633\u0642\u0627\u0637 \u062d\u0645\u0644 \u0633\u0645\u06cc\u062a \u062a\u0648\u0644\u06cc\u062f\u06cc \u0635\u062d\u062a \u06a9\u06cc \u062f\u06cc\u06a9\u06be \u0628\u06be\u0627\u0644 \u062a\u06a9 \u0622\u0633\u0627\u0646\u060c \u0633\u0633\u062a\u06cc \u0627\u0648\u0631 \u0645\u062d\u0641\u0648\u0638 \u0631\u0633\u0627\u0626\u06cc \u06a9\u06cc \u0648\u06a9\u0627\u0644\u062a \u06a9\u0631\u0646\u0627\u06d4","publisher":{"@id":"https:\/\/floridareprofreedom.org\/#organization"},"potentialAction":[{"@type":"SearchAction","target":{"@type":"EntryPoint","urlTemplate":"https:\/\/floridareprofreedom.org\/?s={search_term_string}"},"query-input":{"@type":"PropertyValueSpecification","valueRequired":true,"valueName":"search_term_string"}}],"inLanguage":"ur"},{"@type":"Organization","@id":"https:\/\/floridareprofreedom.org\/#organization","name":"\u062a\u0648\u0644\u06cc\u062f\u06cc \u0622\u0632\u0627\u062f\u06cc \u06a9\u06d2 \u0644\u06cc\u06d2 \u0641\u0644\u0648\u0631\u06cc\u0688\u06cc\u0646","url":"https:\/\/floridareprofreedom.org\/","logo":{"@type":"ImageObject","inLanguage":"ur","@id":"https:\/\/floridareprofreedom.org\/#\/schema\/logo\/image\/","url":"https:\/\/floridareprofreedom.org\/wp-content\/uploads\/2019\/05\/Untitled.jpg","contentUrl":"https:\/\/floridareprofreedom.org\/wp-content\/uploads\/2019\/05\/Untitled.jpg","width":174,"height":180,"caption":"Floridians for Reproductive Freedom"},"image":{"@id":"https:\/\/floridareprofreedom.org\/#\/schema\/logo\/image\/"},"sameAs":["https:\/\/www.facebook.com\/FloridaReproFreedom\/","https:\/\/x.com\/FLReproFreedom","https:\/\/www.instagram.com\/floridareprofreedom\/"]}]}},"_links":{"self":[{"href":"https:\/\/floridareprofreedom.org\/ur\/wp-json\/wp\/v2\/pages\/2069","targetHints":{"allow":["GET"]}}],"collection":[{"href":"https:\/\/floridareprofreedom.org\/ur\/wp-json\/wp\/v2\/pages"}],"about":[{"href":"https:\/\/floridareprofreedom.org\/ur\/wp-json\/wp\/v2\/types\/page"}],"author":[{"embeddable":true,"href":"https:\/\/floridareprofreedom.org\/ur\/wp-json\/wp\/v2\/users\/3"}],"replies":[{"embeddable":true,"href":"https:\/\/floridareprofreedom.org\/ur\/wp-json\/wp\/v2\/comments?post=2069"}],"version-history":[{"count":4,"href":"https:\/\/floridareprofreedom.org\/ur\/wp-json\/wp\/v2\/pages\/2069\/revisions"}],"predecessor-version":[{"id":2079,"href":"https:\/\/floridareprofreedom.org\/ur\/wp-json\/wp\/v2\/pages\/2069\/revisions\/2079"}],"wp:attachment":[{"href":"https:\/\/floridareprofreedom.org\/ur\/wp-json\/wp\/v2\/media?parent=2069"}],"wp:term":[{"taxonomy":"folder","embeddable":true,"href":"https:\/\/floridareprofreedom.org\/ur\/wp-json\/wp\/v2\/folder?post=2069"}],"curies":[{"name":"wp","href":"https:\/\/api.w.org\/{rel}","templated":true}]}}