{"id":2071,"date":"2021-08-18T19:05:07","date_gmt":"2021-08-18T19:05:07","guid":{"rendered":"https:\/\/floridareprofreedom.org\/?page_id=2071"},"modified":"2021-08-18T19:05:07","modified_gmt":"2021-08-18T19:05:07","slug":"%da%88%d8%b3%da%a9%d8%a7%d8%a4%d9%86%d9%b9-%d9%81%d8%a7%d8%b1%d9%85%db%8c%d8%b3%db%8c%d8%b2-%d8%a7%d9%88%d8%b1-%d9%81%d8%a7%d8%b1%d9%85%d8%a7%d8%b3%db%8c%d9%88%d9%b9%db%8c%da%a9%d9%84-%da%a9%d9%85","status":"publish","type":"page","link":"https:\/\/floridareprofreedom.org\/ur\/discount-pharmacies-and-pharmaceutical-company-patient-assistance-programs-hc\/","title":{"rendered":"Rab\u00e8 Famasi ak Pwogram Asistans Pasyan nan Konpayi Famasetik yo"},"content":{"rendered":"<h2>Pwogram Rab\u00e8 Medikaman<\/h2>\n<p><span style=\"font-weight: 400;\">Pr\u00e8ske tout ch\u00e8n famasi\u060c revand\u00e8 an gwo\u060c ak mak\u00e8t nan tout peyi yo vann kontraseptif selektif nan yon pri ki pwofondman a rab\u00e8. Gen k\u00e8k famasi ki mande pou kliyan yo enskri k\u00f2m yon manm oswa peye yon fr\u00e8 chak ane. L\u00f2t anit f\u00e8 demann pou preskripsyon dokt\u00e8 s\u00e8lman. Gen k\u00e8k afilyasyon ki bezwen renouvle chak ane, pandan gen l\u00f2t ki rete ouv\u00e8. Chache konnen tout detay yo anvan ou bezwen ranpli yon preskripsyon, paske ka pwosesis enskripsyon an gendwa pran plis tan pase sa ou antisipe.<\/span><\/p>\n<h2>Pwogram Asistans Pasyan yo<\/h2>\n<p><span data-sheets-value=\"{&quot;1&quot;:2,&quot;2&quot;:&quot;-Patient Assistance Programs (PAP) are designed to support low-income US residents with free or low cost prescriptions\\n-PAP programs usually cover brand name drugs only and are administered individually by pharmaceutical companies that manufacture the drugs&quot;}\" data-sheets-userformat=\"{&quot;2&quot;:11203,&quot;3&quot;:{&quot;1&quot;:0},&quot;4&quot;:{&quot;1&quot;:2,&quot;2&quot;:16777215},&quot;9&quot;:0,&quot;10&quot;:0,&quot;11&quot;:4,&quot;12&quot;:0,&quot;14&quot;:{&quot;1&quot;:2,&quot;2&quot;:0},&quot;16&quot;:10}\"><span style=\"font-weight: 400;\">Pwogram Asistans Pasyan yo f\u00e8t pou sip\u00f2te rezidan Etazini av\u00e8k preskripsyon gratis oswa nan pri ki ba. \u0627\u0646\u062c\u06cc\u0646\u0631\u0644 pwogram sa yo kouvri medikaman gwo mak s\u00e8lman epi yo administre endividy\u00e8lman pa konpayi pharmaceutique ki manifakti medikaman yo\u06d4<\/span><\/span><\/p>\n<p><iframe src=\"https:\/\/docs.google.com\/spreadsheets\/d\/e\/2PACX-1vTy6Xrb7sJ746xOaPjaiOcYPTAHmcH7uKjVGS0KgEKOG4rWVRcHQea38atZSRMA1RIbpEgecIeCRYf9\/pubhtml?gid=0&amp;single=true&amp;widget=true&amp;headers=false\" width=\"850\" height=\"1200\"><span data-mce-type=\"bookmark\" style=\"display: inline-block; width: 0px; overflow: hidden; line-height: 0;\" class=\"mce_SELRES_start\">\u0645\u06cc\u06ba<\/span><span data-mce-type=\"bookmark\" style=\"display: inline-block; width: 0px; overflow: hidden; line-height: 0;\" class=\"mce_SELRES_start\">\u0645\u06cc\u06ba<\/span><span data-mce-type=\"bookmark\" style=\"display: inline-block; width: 0px; overflow: hidden; line-height: 0;\" class=\"mce_SELRES_start\">\u0645\u06cc\u06ba<\/span><\/iframe><\/p>\n<p>&nbsp;<\/p>","protected":false},"excerpt":{"rendered":"<p>Pwogram Rab\u00e8 Medikaman Pr\u00e8ske tout ch\u00e8n famasi, revand\u00e8 an gwo, ak mak\u00e8t nan tout peyi yo vann kontraseptif selektif nan yon pri ki pwofondman a rab\u00e8. Gen k\u00e8k famasi ki mande pou kliyan yo enskri k\u00f2m yon manm oswa peye yon fr\u00e8 chak ane. L\u00f2t anit f\u00e8 demann pou preskripsyon dokt\u00e8 s\u00e8lman. Gen k\u00e8k afilyasyon [&hellip;]<\/p>\n","protected":false},"author":3,"featured_media":0,"parent":0,"menu_order":0,"comment_status":"closed","ping_status":"closed","template":"","meta":{"footnotes":""},"folder":[21,10],"class_list":["post-2071","page","type-page","status-publish","hentry"],"yoast_head":"<!-- This site is optimized with the Yoast SEO plugin v27.4 - https:\/\/yoast.com\/product\/yoast-seo-wordpress\/ -->\n<title>Rab\u00e8 Famasi ak Pwogram Asistans Pasyan nan Konpayi Famasetik yo - Floridians For Reproductive Freedom<\/title>\n<meta name=\"robots\" content=\"index, follow, max-snippet:-1, max-image-preview:large, max-video-preview:-1\" \/>\n<link rel=\"canonical\" href=\"https:\/\/floridareprofreedom.org\/ur\/\u0688\u0633\u06a9\u0627\u0624\u0646\u0679-\u0641\u0627\u0631\u0645\u06cc\u0633\u06cc\u0632-\u0627\u0648\u0631-\u0641\u0627\u0631\u0645\u0627\u0633\u06cc\u0648\u0679\u06cc\u06a9\u0644-\u06a9\u0645\/\" \/>\n<meta property=\"og:locale\" content=\"en_US\" \/>\n<meta property=\"og:type\" content=\"article\" \/>\n<meta property=\"og:title\" content=\"Rab\u00e8 Famasi ak Pwogram Asistans Pasyan nan Konpayi Famasetik yo - Floridians For Reproductive Freedom\" \/>\n<meta property=\"og:description\" content=\"Pwogram Rab\u00e8 Medikaman Pr\u00e8ske tout ch\u00e8n famasi, revand\u00e8 an gwo, ak mak\u00e8t nan tout peyi yo vann kontraseptif selektif nan yon pri ki pwofondman a rab\u00e8. Gen k\u00e8k famasi ki mande pou kliyan yo enskri k\u00f2m yon manm oswa peye yon fr\u00e8 chak ane. L\u00f2t anit f\u00e8 demann pou preskripsyon dokt\u00e8 s\u00e8lman. Gen k\u00e8k afilyasyon [&hellip;]\" \/>\n<meta property=\"og:url\" content=\"https:\/\/floridareprofreedom.org\/ur\/\u0688\u0633\u06a9\u0627\u0624\u0646\u0679-\u0641\u0627\u0631\u0645\u06cc\u0633\u06cc\u0632-\u0627\u0648\u0631-\u0641\u0627\u0631\u0645\u0627\u0633\u06cc\u0648\u0679\u06cc\u06a9\u0644-\u06a9\u0645\/\" \/>\n<meta property=\"og:site_name\" content=\"Floridians For Reproductive Freedom\" \/>\n<meta property=\"article:publisher\" content=\"https:\/\/www.facebook.com\/FloridaReproFreedom\/\" \/>\n<meta name=\"twitter:card\" content=\"summary_large_image\" \/>\n<meta name=\"twitter:site\" content=\"@FLReproFreedom\" \/>\n<meta name=\"twitter:label1\" content=\"Est. reading time\" \/>\n\t<meta name=\"twitter:data1\" content=\"1 \u0645\u0646\u0679\" \/>\n<script type=\"application\/ld+json\" class=\"yoast-schema-graph\">{\"@context\":\"https:\\\/\\\/schema.org\",\"@graph\":[{\"@type\":\"WebPage\",\"@id\":\"https:\\\/\\\/floridareprofreedom.org\\\/discount-pharmacies-and-pharmaceutical-company-patient-assistance-programs-hc\\\/\",\"url\":\"https:\\\/\\\/floridareprofreedom.org\\\/discount-pharmacies-and-pharmaceutical-company-patient-assistance-programs-hc\\\/\",\"name\":\"Rab\u00e8 Famasi ak Pwogram Asistans Pasyan nan Konpayi Famasetik yo - Floridians For Reproductive Freedom\",\"isPartOf\":{\"@id\":\"https:\\\/\\\/floridareprofreedom.org\\\/#website\"},\"datePublished\":\"2021-08-18T19:05:07+00:00\",\"breadcrumb\":{\"@id\":\"https:\\\/\\\/floridareprofreedom.org\\\/discount-pharmacies-and-pharmaceutical-company-patient-assistance-programs-hc\\\/#breadcrumb\"},\"inLanguage\":\"ur\",\"potentialAction\":[{\"@type\":\"ReadAction\",\"target\":[\"https:\\\/\\\/floridareprofreedom.org\\\/discount-pharmacies-and-pharmaceutical-company-patient-assistance-programs-hc\\\/\"]}]},{\"@type\":\"BreadcrumbList\",\"@id\":\"https:\\\/\\\/floridareprofreedom.org\\\/discount-pharmacies-and-pharmaceutical-company-patient-assistance-programs-hc\\\/#breadcrumb\",\"itemListElement\":[{\"@type\":\"ListItem\",\"position\":1,\"name\":\"Home\",\"item\":\"https:\\\/\\\/floridareprofreedom.org\\\/\"},{\"@type\":\"ListItem\",\"position\":2,\"name\":\"Rab\u00e8 Famasi ak Pwogram Asistans Pasyan nan Konpayi Famasetik yo\"}]},{\"@type\":\"WebSite\",\"@id\":\"https:\\\/\\\/floridareprofreedom.org\\\/#website\",\"url\":\"https:\\\/\\\/floridareprofreedom.org\\\/\",\"name\":\"Floridians For Reproductive Freedom\",\"description\":\"Advocating for convenient, affordable, and safe access to reproductive health care, including abortion.\",\"publisher\":{\"@id\":\"https:\\\/\\\/floridareprofreedom.org\\\/#organization\"},\"potentialAction\":[{\"@type\":\"SearchAction\",\"target\":{\"@type\":\"EntryPoint\",\"urlTemplate\":\"https:\\\/\\\/floridareprofreedom.org\\\/?s={search_term_string}\"},\"query-input\":{\"@type\":\"PropertyValueSpecification\",\"valueRequired\":true,\"valueName\":\"search_term_string\"}}],\"inLanguage\":\"ur\"},{\"@type\":\"Organization\",\"@id\":\"https:\\\/\\\/floridareprofreedom.org\\\/#organization\",\"name\":\"Floridians for Reproductive Freedom\",\"url\":\"https:\\\/\\\/floridareprofreedom.org\\\/\",\"logo\":{\"@type\":\"ImageObject\",\"inLanguage\":\"ur\",\"@id\":\"https:\\\/\\\/floridareprofreedom.org\\\/#\\\/schema\\\/logo\\\/image\\\/\",\"url\":\"https:\\\/\\\/floridareprofreedom.org\\\/wp-content\\\/uploads\\\/2019\\\/05\\\/Untitled.jpg\",\"contentUrl\":\"https:\\\/\\\/floridareprofreedom.org\\\/wp-content\\\/uploads\\\/2019\\\/05\\\/Untitled.jpg\",\"width\":174,\"height\":180,\"caption\":\"Floridians for Reproductive Freedom\"},\"image\":{\"@id\":\"https:\\\/\\\/floridareprofreedom.org\\\/#\\\/schema\\\/logo\\\/image\\\/\"},\"sameAs\":[\"https:\\\/\\\/www.facebook.com\\\/FloridaReproFreedom\\\/\",\"https:\\\/\\\/x.com\\\/FLReproFreedom\",\"https:\\\/\\\/www.instagram.com\\\/floridareprofreedom\\\/\"]}]}<\/script>\n<!-- \/ Yoast SEO plugin. -->","yoast_head_json":{"title":"Rab\u00e8 Famasi ak Pwogram Asistans Pasyan nan Konpayi Famasetik yo - Floridians For Reproductive Freedom","robots":{"index":"index","follow":"follow","max-snippet":"max-snippet:-1","max-image-preview":"max-image-preview:large","max-video-preview":"max-video-preview:-1"},"canonical":"https:\/\/floridareprofreedom.org\/ur\/\u0688\u0633\u06a9\u0627\u0624\u0646\u0679-\u0641\u0627\u0631\u0645\u06cc\u0633\u06cc\u0632-\u0627\u0648\u0631-\u0641\u0627\u0631\u0645\u0627\u0633\u06cc\u0648\u0679\u06cc\u06a9\u0644-\u06a9\u0645\/","og_locale":"en_US","og_type":"article","og_title":"Rab\u00e8 Famasi ak Pwogram Asistans Pasyan nan Konpayi Famasetik yo - Floridians For Reproductive Freedom","og_description":"Pwogram Rab\u00e8 Medikaman Pr\u00e8ske tout ch\u00e8n famasi, revand\u00e8 an gwo, ak mak\u00e8t nan tout peyi yo vann kontraseptif selektif nan yon pri ki pwofondman a rab\u00e8. Gen k\u00e8k famasi ki mande pou kliyan yo enskri k\u00f2m yon manm oswa peye yon fr\u00e8 chak ane. L\u00f2t anit f\u00e8 demann pou preskripsyon dokt\u00e8 s\u00e8lman. Gen k\u00e8k afilyasyon [&hellip;]","og_url":"https:\/\/floridareprofreedom.org\/ur\/\u0688\u0633\u06a9\u0627\u0624\u0646\u0679-\u0641\u0627\u0631\u0645\u06cc\u0633\u06cc\u0632-\u0627\u0648\u0631-\u0641\u0627\u0631\u0645\u0627\u0633\u06cc\u0648\u0679\u06cc\u06a9\u0644-\u06a9\u0645\/","og_site_name":"Floridians For Reproductive Freedom","article_publisher":"https:\/\/www.facebook.com\/FloridaReproFreedom\/","twitter_card":"summary_large_image","twitter_site":"@FLReproFreedom","twitter_misc":{"Est. reading time":"1 \u0645\u0646\u0679"},"schema":{"@context":"https:\/\/schema.org","@graph":[{"@type":"WebPage","@id":"https:\/\/floridareprofreedom.org\/discount-pharmacies-and-pharmaceutical-company-patient-assistance-programs-hc\/","url":"https:\/\/floridareprofreedom.org\/discount-pharmacies-and-pharmaceutical-company-patient-assistance-programs-hc\/","name":"Rab\u00e8 Famasi ak Pwogram Asistans Pasyan nan Konpayi Famasetik yo - Floridians For Reproductive Freedom","isPartOf":{"@id":"https:\/\/floridareprofreedom.org\/#website"},"datePublished":"2021-08-18T19:05:07+00:00","breadcrumb":{"@id":"https:\/\/floridareprofreedom.org\/discount-pharmacies-and-pharmaceutical-company-patient-assistance-programs-hc\/#breadcrumb"},"inLanguage":"ur","potentialAction":[{"@type":"ReadAction","target":["https:\/\/floridareprofreedom.org\/discount-pharmacies-and-pharmaceutical-company-patient-assistance-programs-hc\/"]}]},{"@type":"BreadcrumbList","@id":"https:\/\/floridareprofreedom.org\/discount-pharmacies-and-pharmaceutical-company-patient-assistance-programs-hc\/#breadcrumb","itemListElement":[{"@type":"ListItem","position":1,"name":"Home","item":"https:\/\/floridareprofreedom.org\/"},{"@type":"ListItem","position":2,"name":"Rab\u00e8 Famasi ak Pwogram Asistans Pasyan nan Konpayi Famasetik yo"}]},{"@type":"WebSite","@id":"https:\/\/floridareprofreedom.org\/#website","url":"https:\/\/floridareprofreedom.org\/","name":"\u0641\u0644\u0648\u0631\u06cc\u0688\u06cc\u0646 \u062a\u0648\u0644\u06cc\u062f\u06cc \u0622\u0632\u0627\u062f\u06cc \u06a9\u06d2 \u0644\u06cc\u06d2","description":"\u0627\u0633\u0642\u0627\u0637 \u062d\u0645\u0644 \u0633\u0645\u06cc\u062a \u062a\u0648\u0644\u06cc\u062f\u06cc \u0635\u062d\u062a \u06a9\u06cc \u062f\u06cc\u06a9\u06be \u0628\u06be\u0627\u0644 \u062a\u06a9 \u0622\u0633\u0627\u0646\u060c \u0633\u0633\u062a\u06cc \u0627\u0648\u0631 \u0645\u062d\u0641\u0648\u0638 \u0631\u0633\u0627\u0626\u06cc \u06a9\u06cc \u0648\u06a9\u0627\u0644\u062a \u06a9\u0631\u0646\u0627\u06d4","publisher":{"@id":"https:\/\/floridareprofreedom.org\/#organization"},"potentialAction":[{"@type":"SearchAction","target":{"@type":"EntryPoint","urlTemplate":"https:\/\/floridareprofreedom.org\/?s={search_term_string}"},"query-input":{"@type":"PropertyValueSpecification","valueRequired":true,"valueName":"search_term_string"}}],"inLanguage":"ur"},{"@type":"Organization","@id":"https:\/\/floridareprofreedom.org\/#organization","name":"\u062a\u0648\u0644\u06cc\u062f\u06cc \u0622\u0632\u0627\u062f\u06cc \u06a9\u06d2 \u0644\u06cc\u06d2 \u0641\u0644\u0648\u0631\u06cc\u0688\u06cc\u0646","url":"https:\/\/floridareprofreedom.org\/","logo":{"@type":"ImageObject","inLanguage":"ur","@id":"https:\/\/floridareprofreedom.org\/#\/schema\/logo\/image\/","url":"https:\/\/floridareprofreedom.org\/wp-content\/uploads\/2019\/05\/Untitled.jpg","contentUrl":"https:\/\/floridareprofreedom.org\/wp-content\/uploads\/2019\/05\/Untitled.jpg","width":174,"height":180,"caption":"Floridians for Reproductive Freedom"},"image":{"@id":"https:\/\/floridareprofreedom.org\/#\/schema\/logo\/image\/"},"sameAs":["https:\/\/www.facebook.com\/FloridaReproFreedom\/","https:\/\/x.com\/FLReproFreedom","https:\/\/www.instagram.com\/floridareprofreedom\/"]}]}},"_links":{"self":[{"href":"https:\/\/floridareprofreedom.org\/ur\/wp-json\/wp\/v2\/pages\/2071","targetHints":{"allow":["GET"]}}],"collection":[{"href":"https:\/\/floridareprofreedom.org\/ur\/wp-json\/wp\/v2\/pages"}],"about":[{"href":"https:\/\/floridareprofreedom.org\/ur\/wp-json\/wp\/v2\/types\/page"}],"author":[{"embeddable":true,"href":"https:\/\/floridareprofreedom.org\/ur\/wp-json\/wp\/v2\/users\/3"}],"replies":[{"embeddable":true,"href":"https:\/\/floridareprofreedom.org\/ur\/wp-json\/wp\/v2\/comments?post=2071"}],"version-history":[{"count":2,"href":"https:\/\/floridareprofreedom.org\/ur\/wp-json\/wp\/v2\/pages\/2071\/revisions"}],"predecessor-version":[{"id":2085,"href":"https:\/\/floridareprofreedom.org\/ur\/wp-json\/wp\/v2\/pages\/2071\/revisions\/2085"}],"wp:attachment":[{"href":"https:\/\/floridareprofreedom.org\/ur\/wp-json\/wp\/v2\/media?parent=2071"}],"wp:term":[{"taxonomy":"folder","embeddable":true,"href":"https:\/\/floridareprofreedom.org\/ur\/wp-json\/wp\/v2\/folder?post=2071"}],"curies":[{"name":"wp","href":"https:\/\/api.w.org\/{rel}","templated":true}]}}