{"id":2073,"date":"2021-08-18T18:30:40","date_gmt":"2021-08-18T18:30:40","guid":{"rendered":"https:\/\/floridareprofreedom.org\/?page_id=2073"},"modified":"2021-08-18T19:02:40","modified_gmt":"2021-08-18T19:02:40","slug":"%da%a9%d8%a7%d8%a4%d9%86%d9%b9%db%8c-%d8%b5%d8%ad%d8%aa-%da%a9%db%92-%d9%85%d8%ad%da%a9%d9%85%db%92-hc","status":"publish","type":"page","link":"https:\/\/floridareprofreedom.org\/ur\/county-health-departments-hc\/","title":{"rendered":"Depatman Sante Konte Yo"},"content":{"rendered":"<p><span style=\"font-weight: 400;\">Planifikasyon fanmi Florid la ak s\u00e8vis sante prevantif ki gen rap\u00f2 ak sa yo disponib pou tout Floridyen ki enkli j\u00e8n moun , nan tout 67 konte yo nan depatman sante konte lokal yo , oswa ajans konte lokal yo S\u00e8vis planifikasyon fanmi yo bay sou yon baz volont\u00e8man nan yon fason ki konfidansy\u00e8l. Enf\u00f2masyon kiltir\u00e8l ki sansib epi gen val\u00e8 nan planifikasyon gwos\u00e8s disponib pou yo ka f\u00e8 yon desizyon ki enf\u00f2me kons\u00e8nan itilize planin.<\/span><\/p>\n<p><span style=\"font-weight: 400;\">Tanpri gade tablo anba a pou sa nou jwenn sou s\u00e8vis ki disponib nan chak konte. \u0645\u0632\u06cc\u062f \u0645\u0639\u0644\u0648\u0645\u0627\u062a \u062d\u0627\u0635\u0644 \u06a9\u0631\u06cc\u06ba\u060c <a href=\"http:\/\/www.floridahealth.gov\/programs-and-services\/womens-health\/family-planning\/index.html\">vizite sit ent\u00e8n\u00e8t pwogram Depatman Planifikasyon Sante Fanmi Florid la<\/a>.<\/span><\/p>\n<p><iframe src=\"https:\/\/docs.google.com\/spreadsheets\/d\/e\/2PACX-1vTy6Xrb7sJ746xOaPjaiOcYPTAHmcH7uKjVGS0KgEKOG4rWVRcHQea38atZSRMA1RIbpEgecIeCRYf9\/pubhtml?gid=2004341484&amp;single=true&amp;widget=true&amp;headers=false\" width=\"850\" height=\"1200\"><span data-mce-type=\"bookmark\" style=\"display: inline-block; width: 0px; overflow: hidden; line-height: 0;\" class=\"mce_SELRES_start\">\u0645\u06cc\u06ba<\/span><span data-mce-type=\"bookmark\" style=\"display: inline-block; width: 0px; overflow: hidden; line-height: 0;\" class=\"mce_SELRES_start\">\u0645\u06cc\u06ba<\/span><span data-mce-type=\"bookmark\" style=\"display: inline-block; width: 0px; overflow: hidden; line-height: 0;\" class=\"mce_SELRES_start\">\u0645\u06cc\u06ba<\/span><\/iframe><\/p>\n<p>&nbsp;<\/p>","protected":false},"excerpt":{"rendered":"<p>Planifikasyon fanmi Florid la ak s\u00e8vis sante prevantif ki gen rap\u00f2 ak sa yo disponib pou tout Floridyen, ki enkli j\u00e8n moun, nan tout 67 konte yo nan depatman sante konte lokal yo, oswa ajans kontra yo. S\u00e8vis planifikasyon fanmi yo bay sou yon baz volont\u00e8man nan yon fason ki konfidansy\u00e8l. Enf\u00f2masyon kiltir\u00e8l ki sansib [&hellip;]<\/p>\n","protected":false},"author":3,"featured_media":0,"parent":0,"menu_order":0,"comment_status":"closed","ping_status":"closed","template":"","meta":{"footnotes":""},"folder":[21,10],"class_list":["post-2073","page","type-page","status-publish","hentry"],"yoast_head":"<!-- This site is optimized with the Yoast SEO plugin v27.4 - https:\/\/yoast.com\/product\/yoast-seo-wordpress\/ -->\n<title>Depatman Sante Konte Yo - Floridians For Reproductive Freedom<\/title>\n<meta name=\"robots\" content=\"index, follow, max-snippet:-1, max-image-preview:large, max-video-preview:-1\" \/>\n<link rel=\"canonical\" href=\"https:\/\/floridareprofreedom.org\/ur\/\u06a9\u0627\u0624\u0646\u0679\u06cc-\u0635\u062d\u062a-\u06a9\u06d2-\u0645\u062d\u06a9\u0645\u06d2-hc\/\" \/>\n<meta property=\"og:locale\" content=\"en_US\" \/>\n<meta property=\"og:type\" content=\"article\" \/>\n<meta property=\"og:title\" content=\"Depatman Sante Konte Yo - Floridians For Reproductive Freedom\" \/>\n<meta property=\"og:description\" content=\"Planifikasyon fanmi Florid la ak s\u00e8vis sante prevantif ki gen rap\u00f2 ak sa yo disponib pou tout Floridyen, ki enkli j\u00e8n moun, nan tout 67 konte yo nan depatman sante konte lokal yo, oswa ajans kontra yo. S\u00e8vis planifikasyon fanmi yo bay sou yon baz volont\u00e8man nan yon fason ki konfidansy\u00e8l. Enf\u00f2masyon kiltir\u00e8l ki sansib [&hellip;]\" \/>\n<meta property=\"og:url\" content=\"https:\/\/floridareprofreedom.org\/ur\/\u06a9\u0627\u0624\u0646\u0679\u06cc-\u0635\u062d\u062a-\u06a9\u06d2-\u0645\u062d\u06a9\u0645\u06d2-hc\/\" \/>\n<meta property=\"og:site_name\" content=\"Floridians For Reproductive Freedom\" \/>\n<meta property=\"article:publisher\" content=\"https:\/\/www.facebook.com\/FloridaReproFreedom\/\" \/>\n<meta property=\"article:modified_time\" content=\"2021-08-18T19:02:40+00:00\" \/>\n<meta name=\"twitter:card\" content=\"summary_large_image\" \/>\n<meta name=\"twitter:site\" content=\"@FLReproFreedom\" \/>\n<meta name=\"twitter:label1\" content=\"Est. reading time\" \/>\n\t<meta name=\"twitter:data1\" content=\"1 \u0645\u0646\u0679\" \/>\n<script type=\"application\/ld+json\" class=\"yoast-schema-graph\">{\"@context\":\"https:\\\/\\\/schema.org\",\"@graph\":[{\"@type\":\"WebPage\",\"@id\":\"https:\\\/\\\/floridareprofreedom.org\\\/county-health-departments-hc\\\/\",\"url\":\"https:\\\/\\\/floridareprofreedom.org\\\/county-health-departments-hc\\\/\",\"name\":\"Depatman Sante Konte Yo - Floridians For Reproductive Freedom\",\"isPartOf\":{\"@id\":\"https:\\\/\\\/floridareprofreedom.org\\\/#website\"},\"datePublished\":\"2021-08-18T18:30:40+00:00\",\"dateModified\":\"2021-08-18T19:02:40+00:00\",\"breadcrumb\":{\"@id\":\"https:\\\/\\\/floridareprofreedom.org\\\/county-health-departments-hc\\\/#breadcrumb\"},\"inLanguage\":\"ur\",\"potentialAction\":[{\"@type\":\"ReadAction\",\"target\":[\"https:\\\/\\\/floridareprofreedom.org\\\/county-health-departments-hc\\\/\"]}]},{\"@type\":\"BreadcrumbList\",\"@id\":\"https:\\\/\\\/floridareprofreedom.org\\\/county-health-departments-hc\\\/#breadcrumb\",\"itemListElement\":[{\"@type\":\"ListItem\",\"position\":1,\"name\":\"Home\",\"item\":\"https:\\\/\\\/floridareprofreedom.org\\\/\"},{\"@type\":\"ListItem\",\"position\":2,\"name\":\"Depatman Sante Konte Yo\"}]},{\"@type\":\"WebSite\",\"@id\":\"https:\\\/\\\/floridareprofreedom.org\\\/#website\",\"url\":\"https:\\\/\\\/floridareprofreedom.org\\\/\",\"name\":\"Floridians For Reproductive Freedom\",\"description\":\"Advocating for convenient, affordable, and safe access to reproductive health care, including abortion.\",\"publisher\":{\"@id\":\"https:\\\/\\\/floridareprofreedom.org\\\/#organization\"},\"potentialAction\":[{\"@type\":\"SearchAction\",\"target\":{\"@type\":\"EntryPoint\",\"urlTemplate\":\"https:\\\/\\\/floridareprofreedom.org\\\/?s={search_term_string}\"},\"query-input\":{\"@type\":\"PropertyValueSpecification\",\"valueRequired\":true,\"valueName\":\"search_term_string\"}}],\"inLanguage\":\"ur\"},{\"@type\":\"Organization\",\"@id\":\"https:\\\/\\\/floridareprofreedom.org\\\/#organization\",\"name\":\"Floridians for Reproductive Freedom\",\"url\":\"https:\\\/\\\/floridareprofreedom.org\\\/\",\"logo\":{\"@type\":\"ImageObject\",\"inLanguage\":\"ur\",\"@id\":\"https:\\\/\\\/floridareprofreedom.org\\\/#\\\/schema\\\/logo\\\/image\\\/\",\"url\":\"https:\\\/\\\/floridareprofreedom.org\\\/wp-content\\\/uploads\\\/2019\\\/05\\\/Untitled.jpg\",\"contentUrl\":\"https:\\\/\\\/floridareprofreedom.org\\\/wp-content\\\/uploads\\\/2019\\\/05\\\/Untitled.jpg\",\"width\":174,\"height\":180,\"caption\":\"Floridians for Reproductive Freedom\"},\"image\":{\"@id\":\"https:\\\/\\\/floridareprofreedom.org\\\/#\\\/schema\\\/logo\\\/image\\\/\"},\"sameAs\":[\"https:\\\/\\\/www.facebook.com\\\/FloridaReproFreedom\\\/\",\"https:\\\/\\\/x.com\\\/FLReproFreedom\",\"https:\\\/\\\/www.instagram.com\\\/floridareprofreedom\\\/\"]}]}<\/script>\n<!-- \/ Yoast SEO plugin. -->","yoast_head_json":{"title":"Depatman Sante Konte Yo - Floridians For Reproductive Freedom","robots":{"index":"index","follow":"follow","max-snippet":"max-snippet:-1","max-image-preview":"max-image-preview:large","max-video-preview":"max-video-preview:-1"},"canonical":"https:\/\/floridareprofreedom.org\/ur\/\u06a9\u0627\u0624\u0646\u0679\u06cc-\u0635\u062d\u062a-\u06a9\u06d2-\u0645\u062d\u06a9\u0645\u06d2-hc\/","og_locale":"en_US","og_type":"article","og_title":"Depatman Sante Konte Yo - Floridians For Reproductive Freedom","og_description":"Planifikasyon fanmi Florid la ak s\u00e8vis sante prevantif ki gen rap\u00f2 ak sa yo disponib pou tout Floridyen, ki enkli j\u00e8n moun, nan tout 67 konte yo nan depatman sante konte lokal yo, oswa ajans kontra yo. S\u00e8vis planifikasyon fanmi yo bay sou yon baz volont\u00e8man nan yon fason ki konfidansy\u00e8l. Enf\u00f2masyon kiltir\u00e8l ki sansib [&hellip;]","og_url":"https:\/\/floridareprofreedom.org\/ur\/\u06a9\u0627\u0624\u0646\u0679\u06cc-\u0635\u062d\u062a-\u06a9\u06d2-\u0645\u062d\u06a9\u0645\u06d2-hc\/","og_site_name":"Floridians For Reproductive Freedom","article_publisher":"https:\/\/www.facebook.com\/FloridaReproFreedom\/","article_modified_time":"2021-08-18T19:02:40+00:00","twitter_card":"summary_large_image","twitter_site":"@FLReproFreedom","twitter_misc":{"Est. reading time":"1 \u0645\u0646\u0679"},"schema":{"@context":"https:\/\/schema.org","@graph":[{"@type":"WebPage","@id":"https:\/\/floridareprofreedom.org\/county-health-departments-hc\/","url":"https:\/\/floridareprofreedom.org\/county-health-departments-hc\/","name":"Depatman Sante Konte Yo - Floridians For Reproductive Freedom","isPartOf":{"@id":"https:\/\/floridareprofreedom.org\/#website"},"datePublished":"2021-08-18T18:30:40+00:00","dateModified":"2021-08-18T19:02:40+00:00","breadcrumb":{"@id":"https:\/\/floridareprofreedom.org\/county-health-departments-hc\/#breadcrumb"},"inLanguage":"ur","potentialAction":[{"@type":"ReadAction","target":["https:\/\/floridareprofreedom.org\/county-health-departments-hc\/"]}]},{"@type":"BreadcrumbList","@id":"https:\/\/floridareprofreedom.org\/county-health-departments-hc\/#breadcrumb","itemListElement":[{"@type":"ListItem","position":1,"name":"Home","item":"https:\/\/floridareprofreedom.org\/"},{"@type":"ListItem","position":2,"name":"Depatman Sante Konte Yo"}]},{"@type":"WebSite","@id":"https:\/\/floridareprofreedom.org\/#website","url":"https:\/\/floridareprofreedom.org\/","name":"\u0641\u0644\u0648\u0631\u06cc\u0688\u06cc\u0646 \u062a\u0648\u0644\u06cc\u062f\u06cc \u0622\u0632\u0627\u062f\u06cc \u06a9\u06d2 \u0644\u06cc\u06d2","description":"\u0627\u0633\u0642\u0627\u0637 \u062d\u0645\u0644 \u0633\u0645\u06cc\u062a \u062a\u0648\u0644\u06cc\u062f\u06cc \u0635\u062d\u062a \u06a9\u06cc \u062f\u06cc\u06a9\u06be \u0628\u06be\u0627\u0644 \u062a\u06a9 \u0622\u0633\u0627\u0646\u060c \u0633\u0633\u062a\u06cc \u0627\u0648\u0631 \u0645\u062d\u0641\u0648\u0638 \u0631\u0633\u0627\u0626\u06cc \u06a9\u06cc \u0648\u06a9\u0627\u0644\u062a \u06a9\u0631\u0646\u0627\u06d4","publisher":{"@id":"https:\/\/floridareprofreedom.org\/#organization"},"potentialAction":[{"@type":"SearchAction","target":{"@type":"EntryPoint","urlTemplate":"https:\/\/floridareprofreedom.org\/?s={search_term_string}"},"query-input":{"@type":"PropertyValueSpecification","valueRequired":true,"valueName":"search_term_string"}}],"inLanguage":"ur"},{"@type":"Organization","@id":"https:\/\/floridareprofreedom.org\/#organization","name":"\u062a\u0648\u0644\u06cc\u062f\u06cc \u0622\u0632\u0627\u062f\u06cc \u06a9\u06d2 \u0644\u06cc\u06d2 \u0641\u0644\u0648\u0631\u06cc\u0688\u06cc\u0646","url":"https:\/\/floridareprofreedom.org\/","logo":{"@type":"ImageObject","inLanguage":"ur","@id":"https:\/\/floridareprofreedom.org\/#\/schema\/logo\/image\/","url":"https:\/\/floridareprofreedom.org\/wp-content\/uploads\/2019\/05\/Untitled.jpg","contentUrl":"https:\/\/floridareprofreedom.org\/wp-content\/uploads\/2019\/05\/Untitled.jpg","width":174,"height":180,"caption":"Floridians for Reproductive Freedom"},"image":{"@id":"https:\/\/floridareprofreedom.org\/#\/schema\/logo\/image\/"},"sameAs":["https:\/\/www.facebook.com\/FloridaReproFreedom\/","https:\/\/x.com\/FLReproFreedom","https:\/\/www.instagram.com\/floridareprofreedom\/"]}]}},"_links":{"self":[{"href":"https:\/\/floridareprofreedom.org\/ur\/wp-json\/wp\/v2\/pages\/2073","targetHints":{"allow":["GET"]}}],"collection":[{"href":"https:\/\/floridareprofreedom.org\/ur\/wp-json\/wp\/v2\/pages"}],"about":[{"href":"https:\/\/floridareprofreedom.org\/ur\/wp-json\/wp\/v2\/types\/page"}],"author":[{"embeddable":true,"href":"https:\/\/floridareprofreedom.org\/ur\/wp-json\/wp\/v2\/users\/3"}],"replies":[{"embeddable":true,"href":"https:\/\/floridareprofreedom.org\/ur\/wp-json\/wp\/v2\/comments?post=2073"}],"version-history":[{"count":5,"href":"https:\/\/floridareprofreedom.org\/ur\/wp-json\/wp\/v2\/pages\/2073\/revisions"}],"predecessor-version":[{"id":2083,"href":"https:\/\/floridareprofreedom.org\/ur\/wp-json\/wp\/v2\/pages\/2073\/revisions\/2083"}],"wp:attachment":[{"href":"https:\/\/floridareprofreedom.org\/ur\/wp-json\/wp\/v2\/media?parent=2073"}],"wp:term":[{"taxonomy":"folder","embeddable":true,"href":"https:\/\/floridareprofreedom.org\/ur\/wp-json\/wp\/v2\/folder?post=2073"}],"curies":[{"name":"wp","href":"https:\/\/api.w.org\/{rel}","templated":true}]}}