{"id":3142,"date":"2023-12-14T16:37:40","date_gmt":"2023-12-14T16:37:40","guid":{"rendered":"https:\/\/floridareprofreedom.org\/?page_id=3142"},"modified":"2024-01-02T23:24:24","modified_gmt":"2024-01-02T23:24:24","slug":"egzansyon-jidisye-an-florid","status":"publish","type":"page","link":"https:\/\/floridareprofreedom.org\/ur\/judicialbypass\/egzansyon-jidisye-an-florid\/","title":{"rendered":"Egzansyon Jidisy\u00e8 an Florid"},"content":{"rendered":"<h3>\u27a1\ufe0f<a href=\"https:\/\/floridareprofreedom.org\/ur\/%d8%b9%d8%af%d8%a7%d9%84%d8%aa%db%8c-%d8%a8%d8%a7%d8%a6%db%8c-%d9%be%d8%a7%d8%b3\/\">\u0627\u0646\u06af\u0631\u06cc\u0632\u06cc<\/a><br \/>\n\u27a1\ufe0f<a href=\"https:\/\/floridareprofreedom.org\/ur\/%d9%81%d9%84%d9%88%d8%b1%db%8c%da%88%d8%a7-%d9%85%db%8c%da%ba-%d9%85%d8%aa%d8%a8%d8%a7%d8%af%d9%84-%d8%b9%d8%af%d8%a7%d9%84%d8%aa%db%8c\/\">\u0627\u0633\u067e\u06cc\u0646\u0648\u0644<\/a><\/h3>\n<h3><em><i><span style=\"font-weight: 400;\">F\u00e8 yon av\u00f2tman san paran wpa enplike.\u00a0<\/span><\/i> \u00a0<\/em><\/h3>\n<p><span style=\"font-weight: 400;\">Eske w bezwen ed legal gratis pou w jwenn yon egzansyon jidisy\u00e8 an Florida\u061f \u062c\u06cc\u0646 \u0646\u06cc\u0679 \u0648\u0631\u06a9 \u0633\u06d2 \u0631\u0627\u0628\u0637\u06c1 \u06a9\u0631\u06cc\u06ba\u06d4 <a href=\"\/ur\/info@janenetworkfl.org\/\">info@janenetworkfl.org<\/a> pou \u0627\u06cc\u0688.\u00a0<\/span><\/p>\n<h1><iframe src=\"https:\/\/www.youtube.com\/embed\/4TT8ZaYJAoE\" width=\"560\" height=\"315\" frameborder=\"0\" allowfullscreen=\"allowfullscreen\"><\/iframe><\/h1>\n<p><span style=\"font-weight: 400;\">Lalwa eta Florid la mande pou yon paran bay p\u00e8misyon si yon j\u00e8n ki poko gen 18 an ap eseye f\u00e8 yon av\u00f2tman\u06d4 (<a href=\"https:\/\/www.reprolegalhelpline.org\/abortion-laws-by-state\/florida\/\">Wap jwenn plis enf\u00f2masyon sou lwa Florid yo isit la.<\/a>) Pif\u00f2 j\u00e8n pale ak paran yo l\u00e8 yo bezwen yon av\u00f2tman \u2013 men genyen ladan yo ki pa kapab pou pw\u00f2p sekirite yo; et gen lot ki senpleman pa vle desevwa paran yo\u06d4 Si wpa ka jwenn p\u00e8misyon paran w oswa mande paran w, ou ka f\u00e8 yon av\u00f2tman san okenn paran w pa enplike si w ale nan tribinal epi yo ba w yon \u201cegzansyon jidisy\u00e8\u201d\u06d4 \u0633\u0627 \u0627\u06d2 \u0633\u06cc \u06cc\u0648\u0646 \u0627\u06cc\u06af\u0632\u0627\u0646\u0633\u06cc\u0648\u0646 \u0646\u0627\u0646 \u06cc\u0648\u0646 \u0679\u0631\u0627\u0626\u0628\u06cc\u0646\u0644 \u06a9\u06cc \u067e\u0631\u0627\u0644 \u067e\u0631\u0645\u06cc\u0679 \u0627\u0648 \u06a9\u0648\u0646\u0679\u0646\u06cc \u0627\u06a9 \u06cc\u0648\u0646 \u0627\u0648\u0648\u0679\u0645\u0627\u0646 \u0633\u0627\u0646 \u067e\u0631\u0627\u0646 \u0688\u0628\u0644\u06cc\u0648 \u06cc\u0648 \u067e\u0627 \u067e\u062a\u06cc\u0633\u06cc\u067e\u06d4<\/span><\/p>\n<ul>\n<li><a href=\"https:\/\/floridareprofreedom.org\/ur\/%d8%b9%d8%af%d8%a7%d9%84%d8%aa%db%8c-%d8%a8%d8%a7%d8%a6%db%8c-%d9%be%d8%a7%d8%b3\/egzansyon-jidisye-an-florid\/ki-sa-ki-yon-egzansyon-jidisye-pou-avotman\/\"><span style=\"font-weight: 400;\">Ki sa ki yon egzansyon jidisy\u00e8 pou av\u00f2tman\u061f<\/span><\/a><\/li>\n<li><a href=\"https:\/\/floridareprofreedom.org\/ur\/%d8%b9%d8%af%d8%a7%d9%84%d8%aa%db%8c-%d8%a8%d8%a7%d8%a6%db%8c-%d9%be%d8%a7%d8%b3\/egzansyon-jidisye-an-florid\/%da%a9%db%8c-%da%a9%d9%88%d9%b9%db%92-%d9%be%d8%a7%d8%a4-%d9%85%db%8c%d9%88%db%8c%d9%86-%d8%a7%d9%84%d8%ac%d9%88%db%8c%d9%86-%db%8c%d9%88%d9%86-%d8%a7%db%8c%d8%ac%d8%a7%d9%86%d8%b3%db%8c%d9%88%d9%86\/\"><span style=\"font-weight: 400;\">Ki Kote mwen ka ale pou mwen jwenn yon egzansyon jidisy\u00e8\u061f<\/span><\/a><\/li>\n<li><a href=\"https:\/\/floridareprofreedom.org\/ur\/%d8%b9%d8%af%d8%a7%d9%84%d8%aa%db%8c-%d8%a8%d8%a7%d8%a6%db%8c-%d9%be%d8%a7%d8%b3\/egzansyon-jidisye-an-florid\/ki-fomile-mwen-bezwen\/\"><span style=\"font-weight: 400;\">Ki f\u00f2mile mwen bezwen\u061f<\/span><\/a><\/li>\n<li><a href=\"https:\/\/floridareprofreedom.org\/ur\/%d8%b9%d8%af%d8%a7%d9%84%d8%aa%db%8c-%d8%a8%d8%a7%d8%a6%db%8c-%d9%be%d8%a7%d8%b3\/egzansyon-jidisye-an-florid\/kisa-jij-la-pral-konsidere\/\"><span style=\"font-weight: 400;\">Ki sa Jij la pral konsidere?<\/span><\/a><\/li>\n<li><a href=\"https:\/\/floridareprofreedom.org\/ur\/%d8%b9%d8%af%d8%a7%d9%84%d8%aa%db%8c-%d8%a8%d8%a7%d8%a6%db%8c-%d9%be%d8%a7%d8%b3\/egzansyon-jidisye-an-florid\/eske-mwen-bezwen-yon-avoka\/\"><span style=\"font-weight: 400;\">\u00c8ske mwen bezwen yon avoka\u061f<\/span><\/a><\/li>\n<li><a href=\"https:\/\/floridareprofreedom.org\/ur\/%d8%b9%d8%af%d8%a7%d9%84%d8%aa%db%8c-%d8%a8%d8%a7%d8%a6%db%8c-%d9%be%d8%a7%d8%b3\/egzansyon-jidisye-an-florid\/%da%a9%d9%88%d9%86%d8%a8%db%8c%d9%86-%d9%b9%db%8c%d9%86-%d9%84%db%8c-%d9%be%d8%b1%d8%a7%d9%86-%d9%be%d9%88-%d8%ac%d9%88%db%8c%d9%86-%db%8c%d9%88%d9%86-%d8%a7%db%8c%d8%ac%d8%a7%d9%86%d8%b3%db%8c%d9%88\/\"><span style=\"font-weight: 400;\">\u06a9\u0648\u0646\u0628\u06cc\u0626\u0646 \u0679\u06cc\u0646 \u0644\u06cc \u067e\u0631\u0627\u0646 \u067e\u0627\u0624 \u0688\u0628\u0644\u06cc\u0648 \u062c\u0648\u06cc\u0646 \u06cc\u0648\u0646 \u0627\u06cc\u06af\u0632\u0627\u0646\u0633\u06cc\u0648\u0646 \u062c\u06cc\u0688\u06cc\u0633\u06cc\u06d4<\/span><\/a><\/li>\n<li><a href=\"https:\/\/floridareprofreedom.org\/ur\/%d8%b9%d8%af%d8%a7%d9%84%d8%aa%db%8c-%d8%a8%d8%a7%d8%a6%db%8c-%d9%be%d8%a7%d8%b3\/egzansyon-jidisye-an-florid\/eske-sa-koute-kob-pou-mwen-applike-pou-yon-egzansyon-jidisye\/\"><span style=\"font-weight: 400;\">\u00c8ske sa koute lajan pou jwenn yon egzansyon jidisy\u00e8\u061f<\/span><\/a><\/li>\n<li><a href=\"https:\/\/floridareprofreedom.org\/ur\/%d8%b9%d8%af%d8%a7%d9%84%d8%aa%db%8c-%d8%a8%d8%a7%d8%a6%db%8c-%d9%be%d8%a7%d8%b3\/egzansyon-jidisye-an-florid\/eske-moun-ap-konnen-mwen-te-ale-nan-tribinal-pou-egzansyon-jidisye\/\"><span style=\"font-weight: 400;\">\u00c8ske gen moun ki ap konnen si mwen jwenn yon egzansyon jidisy\u00e8 pou av\u00f2tman\u061f<\/span><\/a><\/li>\n<li><a href=\"https:\/\/floridareprofreedom.org\/ur\/%d8%b9%d8%af%d8%a7%d9%84%d8%aa%db%8c-%d8%a8%d8%a7%d8%a6%db%8c-%d9%be%d8%a7%d8%b3\/egzansyon-jidisye-an-florid\/%da%a9%db%8c-%da%a9%d9%84%db%8c%d8%aa%db%92-%da%a9%db%8c%d8%b3%db%8c%d9%88%da%ba-%d8%ac%db%8c%d8%ac-%d9%84%d8%a7-%d8%a7%d9%be-%d9%be%d9%88%d8%b2%db%92-%d9%85%db%8c%d9%88%db%8c%d9%86\/\"><span style=\"font-weight: 400;\">\u06a9\u06cc \u06a9\u0644\u06cc\u062a\u06d2 \u06a9\u0633\u0648\u06ba \u062c\u06cc\u062c \u0644\u0627 \u0627\u067e \u067e\u0648\u0632\u06d2 \u0645\u06cc\u0648\u06cc\u0646\u061f<\/span><\/a><\/li>\n<li><a href=\"https:\/\/floridareprofreedom.org\/ur\/%d8%b9%d8%af%d8%a7%d9%84%d8%aa%db%8c-%d8%a8%d8%a7%d8%a6%db%8c-%d9%be%d8%a7%d8%b3\/egzansyon-jidisye-an-florid\/kisa-pou-mwen-mete-pou-mwen-ale-nan-tribunal-la\/\"><span style=\"font-weight: 400;\">\u06a9\u06cc \u0631\u0627\u0688 \u067e\u0648 \u0645\u06cc\u0648\u0646 \u0645\u06cc\u0679\u06d2 \u0633\u0648 \u0645\u06cc\u0648\u06cc\u0646 \u0646\u0627\u0646 \u0679\u0631\u06cc\u0628\u06cc\u0646\u0644 \u0644\u0627\u061f<\/span><\/a><\/li>\n<li><a href=\"https:\/\/floridareprofreedom.org\/ur\/%d8%b9%d8%af%d8%a7%d9%84%d8%aa%db%8c-%d8%a8%d8%a7%d8%a6%db%8c-%d9%be%d8%a7%d8%b3\/egzansyon-jidisye-an-florid\/jounen-lekol\/\"><span style=\"font-weight: 400;\">Kisa k ap pase si dat tribinal mwen an pwograme pandan yon jounen lek\u00f2l\u061f<\/span><\/a><\/li>\n<li><a href=\"https:\/\/floridareprofreedom.org\/ur\/%d8%b9%d8%af%d8%a7%d9%84%d8%aa%db%8c-%d8%a8%d8%a7%d8%a6%db%8c-%d9%be%d8%a7%d8%b3\/egzansyon-jidisye-an-florid\/eske-lot-moun-ki-enplike-nan-gwoses-mwen-fan-gen-yon-opinyon-sou-si-mwen-chwazi-fe-yon-avotman\/\"><span style=\"font-weight: 400;\">\u00c8ske l\u00f2t moun ki enplike nan gwos\u00e8s mwen an gen pou pale sou chwa avotman m nan\u061f<\/span><\/a><\/li>\n<li><a href=\"https:\/\/floridareprofreedom.org\/ur\/%d8%b9%d8%af%d8%a7%d9%84%d8%aa%db%8c-%d8%a8%d8%a7%d8%a6%db%8c-%d9%be%d8%a7%d8%b3\/egzansyon-jidisye-an-florid\/sitwayen-ameriken\/\"><span style=\"font-weight: 400;\">\u00c8ske mwen dwe yon sitwayen ameriken pou m f\u00e8 yon av\u00f2tman\u061f \u0627\u06cc \u0633\u06cc \u0645\u06cc\u0648\u06cc\u0646 \u067e\u0627 \u067e\u06cc\u0644\u0627 \u0627\u06cc\u0646\u06af\u0644 \u0628\u0627\u0626\u06cc\u0646\u061f<\/span><\/a><\/li>\n<li><a href=\"https:\/\/floridareprofreedom.org\/ur\/%d8%b9%d8%af%d8%a7%d9%84%d8%aa%db%8c-%d8%a8%d8%a7%d8%a6%db%8c-%d9%be%d8%a7%d8%b3\/egzansyon-jidisye-an-florid\/eske-mwen-ka-chanje-lide-m-apre-mwen-jwenn-egzansyon-a\/\"><span style=\"font-weight: 400;\">\u00c8ske mwen ka chanje lide apre?<\/span><\/a><\/li>\n<li><a href=\"https:\/\/floridareprofreedom.org\/ur\/%d8%b9%d8%af%d8%a7%d9%84%d8%aa%db%8c-%d8%a8%d8%a7%d8%a6%db%8c-%d9%be%d8%a7%d8%b3\/egzansyon-jidisye-an-florid\/e-si-jij-la-nye-demann-mwen-an-pou-yon-egzansyon\/\"><span style=\"font-weight: 400;\">E si Jij la refize demann mwen an?<\/span><\/a><\/li>\n<\/ul>\n<p><span style=\"font-weight: 400;\"><strong><br \/>\n\u062c\u06cc\u0646 \u06a9\u0627 \u0648\u0627\u062c\u0628 \u0639\u0645\u0644<\/strong> AP ofri enf\u00f2masyon ak sip\u00f2 youn-a-yonn pou nenp\u00f2t j\u00e8n k ap pase nan pwosesis egzansyon jidisy\u00e8 a. Pou kontakte Jane&#039;s Deus Process, voye yon t\u00e8ks nan liy dir\u00e8k yo nan 866-999-5263 \u0633\u06d2 \u0631\u0627\u0628\u0637\u06c1 \u06a9\u0631\u06cc\u06ba\u06d4<\/span><\/p>\n<p><strong>\u00c8ske w ap ch\u00e8che enf\u00f2masyon pou egzansyon jidisy\u00e8 pou yon eta ki pa Florid\u061f<br \/>\n<\/strong><span style=\"font-weight: 400;\">Tcheke sit ent\u00e8n\u00e8t patn\u00e8 nasyonal nou an\u060c <a href=\"https:\/\/judicialbypasswiki.ifwhenhow.org\/\">\u0627\u06af\u0631\/\u06a9\u0628\/\u06a9\u06cc\u0633\u06d2<\/a><\/span><span style=\"font-weight: 400;\">, pou \u00e8d.<\/span><\/p>\n<p><img fetchpriority=\"high\" decoding=\"async\" class=\"alignnone wp-image-441\" src=\"https:\/\/floridareprofreedom.org\/wp-content\/uploads\/2019\/02\/acare-1-300x300.jpg\" alt=\"\" width=\"246\" height=\"246\" srcset=\"https:\/\/floridareprofreedom.org\/wp-content\/uploads\/2019\/02\/acare-1-300x300.jpg 300w, https:\/\/floridareprofreedom.org\/wp-content\/uploads\/2019\/02\/acare-1-150x150.jpg 150w, https:\/\/floridareprofreedom.org\/wp-content\/uploads\/2019\/02\/acare-1-768x768.jpg 768w, https:\/\/floridareprofreedom.org\/wp-content\/uploads\/2019\/02\/acare-1.jpg 800w\" sizes=\"(max-width: 246px) 100vw, 246px\" \/><\/p>","protected":false},"excerpt":{"rendered":"<p>\u27a1\ufe0fEnglish \u27a1\ufe0fEspa\u00f1ol F\u00e8 yon av\u00f2tman san paran w pa enplike.\u00a0 \u00a0 Eske w bezwen ed legal gratis pou w jwenn yon egzansyon jidisy\u00e8 an Florida? Kontakte Jane Network la nan imel info@janenetworkfl.org pou ed.\u00a0 Lalwa eta Florid la mande pou yon paran bay p\u00e8misyon si yon j\u00e8n ki poko gen 18 an ap eseye f\u00e8 [&hellip;]<\/p>\n","protected":false},"author":7,"featured_media":0,"parent":963,"menu_order":0,"comment_status":"closed","ping_status":"closed","template":"","meta":{"footnotes":""},"folder":[35],"class_list":["post-3142","page","type-page","status-publish","hentry"],"yoast_head":"<!-- This site is optimized with the Yoast SEO plugin v27.3 - https:\/\/yoast.com\/product\/yoast-seo-wordpress\/ -->\n<title>Egzansyon Jidisy\u00e8 an Florid - Floridians For Reproductive Freedom<\/title>\n<meta name=\"description\" content=\"Under 18 in Florida and need an abortion, but can&#039;t involve a parent? You can get an abortion without a parent involved if a judge allows it.\" \/>\n<meta name=\"robots\" content=\"index, follow, max-snippet:-1, max-image-preview:large, max-video-preview:-1\" \/>\n<link rel=\"canonical\" href=\"https:\/\/floridareprofreedom.org\/ur\/\u0639\u062f\u0627\u0644\u062a\u06cc-\u0628\u0627\u0626\u06cc-\u067e\u0627\u0633\/egzansyon-jidisye-an-florid\/\" \/>\n<meta property=\"og:locale\" content=\"en_US\" \/>\n<meta property=\"og:type\" content=\"article\" \/>\n<meta property=\"og:title\" content=\"Egzansyon Jidisy\u00e8 an Florid - Floridians For Reproductive Freedom\" \/>\n<meta property=\"og:description\" content=\"Under 18 in Florida and need an abortion, but can&#039;t involve a parent? You can get an abortion without a parent involved if a judge allows it.\" \/>\n<meta property=\"og:url\" content=\"https:\/\/floridareprofreedom.org\/ur\/\u0639\u062f\u0627\u0644\u062a\u06cc-\u0628\u0627\u0626\u06cc-\u067e\u0627\u0633\/egzansyon-jidisye-an-florid\/\" \/>\n<meta property=\"og:site_name\" content=\"Floridians For Reproductive Freedom\" \/>\n<meta property=\"article:publisher\" content=\"https:\/\/www.facebook.com\/FloridaReproFreedom\/\" \/>\n<meta property=\"article:modified_time\" content=\"2024-01-02T23:24:24+00:00\" \/>\n<meta property=\"og:image\" content=\"https:\/\/floridareprofreedom.org\/wp-content\/uploads\/2019\/02\/acare-1-300x300.jpg\" \/>\n<meta name=\"twitter:card\" content=\"summary_large_image\" \/>\n<meta name=\"twitter:site\" content=\"@FLReproFreedom\" \/>\n<meta name=\"twitter:label1\" content=\"Est. reading time\" \/>\n\t<meta name=\"twitter:data1\" content=\"2 \u0645\u0646\u0679\u0633\" \/>\n<script type=\"application\/ld+json\" class=\"yoast-schema-graph\">{\"@context\":\"https:\\\/\\\/schema.org\",\"@graph\":[{\"@type\":\"WebPage\",\"@id\":\"https:\\\/\\\/floridareprofreedom.org\\\/judicialbypass\\\/egzansyon-jidisye-an-florid\\\/\",\"url\":\"https:\\\/\\\/floridareprofreedom.org\\\/judicialbypass\\\/egzansyon-jidisye-an-florid\\\/\",\"name\":\"Egzansyon Jidisy\u00e8 an Florid - Floridians For Reproductive Freedom\",\"isPartOf\":{\"@id\":\"https:\\\/\\\/floridareprofreedom.org\\\/#website\"},\"primaryImageOfPage\":{\"@id\":\"https:\\\/\\\/floridareprofreedom.org\\\/judicialbypass\\\/egzansyon-jidisye-an-florid\\\/#primaryimage\"},\"image\":{\"@id\":\"https:\\\/\\\/floridareprofreedom.org\\\/judicialbypass\\\/egzansyon-jidisye-an-florid\\\/#primaryimage\"},\"thumbnailUrl\":\"https:\\\/\\\/floridareprofreedom.org\\\/wp-content\\\/uploads\\\/2019\\\/02\\\/acare-1-300x300.jpg\",\"datePublished\":\"2023-12-14T16:37:40+00:00\",\"dateModified\":\"2024-01-02T23:24:24+00:00\",\"description\":\"Under 18 in Florida and need an abortion, but can't involve a parent? You can get an abortion without a parent involved if a judge allows it.\",\"breadcrumb\":{\"@id\":\"https:\\\/\\\/floridareprofreedom.org\\\/judicialbypass\\\/egzansyon-jidisye-an-florid\\\/#breadcrumb\"},\"inLanguage\":\"ur\",\"potentialAction\":[{\"@type\":\"ReadAction\",\"target\":[\"https:\\\/\\\/floridareprofreedom.org\\\/judicialbypass\\\/egzansyon-jidisye-an-florid\\\/\"]}]},{\"@type\":\"ImageObject\",\"inLanguage\":\"ur\",\"@id\":\"https:\\\/\\\/floridareprofreedom.org\\\/judicialbypass\\\/egzansyon-jidisye-an-florid\\\/#primaryimage\",\"url\":\"https:\\\/\\\/floridareprofreedom.org\\\/wp-content\\\/uploads\\\/2019\\\/02\\\/acare-1-300x300.jpg\",\"contentUrl\":\"https:\\\/\\\/floridareprofreedom.org\\\/wp-content\\\/uploads\\\/2019\\\/02\\\/acare-1-300x300.jpg\"},{\"@type\":\"BreadcrumbList\",\"@id\":\"https:\\\/\\\/floridareprofreedom.org\\\/judicialbypass\\\/egzansyon-jidisye-an-florid\\\/#breadcrumb\",\"itemListElement\":[{\"@type\":\"ListItem\",\"position\":1,\"name\":\"Home\",\"item\":\"https:\\\/\\\/floridareprofreedom.org\\\/\"},{\"@type\":\"ListItem\",\"position\":2,\"name\":\"Judicial Bypass in Florida\",\"item\":\"https:\\\/\\\/floridareprofreedom.org\\\/judicialbypass\\\/\"},{\"@type\":\"ListItem\",\"position\":3,\"name\":\"Egzansyon Jidisy\u00e8 an Florid\"}]},{\"@type\":\"WebSite\",\"@id\":\"https:\\\/\\\/floridareprofreedom.org\\\/#website\",\"url\":\"https:\\\/\\\/floridareprofreedom.org\\\/\",\"name\":\"Floridians For Reproductive Freedom\",\"description\":\"Advocating for convenient, affordable, and safe access to reproductive health care, including abortion.\",\"publisher\":{\"@id\":\"https:\\\/\\\/floridareprofreedom.org\\\/#organization\"},\"potentialAction\":[{\"@type\":\"SearchAction\",\"target\":{\"@type\":\"EntryPoint\",\"urlTemplate\":\"https:\\\/\\\/floridareprofreedom.org\\\/?s={search_term_string}\"},\"query-input\":{\"@type\":\"PropertyValueSpecification\",\"valueRequired\":true,\"valueName\":\"search_term_string\"}}],\"inLanguage\":\"ur\"},{\"@type\":\"Organization\",\"@id\":\"https:\\\/\\\/floridareprofreedom.org\\\/#organization\",\"name\":\"Floridians for Reproductive Freedom\",\"url\":\"https:\\\/\\\/floridareprofreedom.org\\\/\",\"logo\":{\"@type\":\"ImageObject\",\"inLanguage\":\"ur\",\"@id\":\"https:\\\/\\\/floridareprofreedom.org\\\/#\\\/schema\\\/logo\\\/image\\\/\",\"url\":\"https:\\\/\\\/floridareprofreedom.org\\\/wp-content\\\/uploads\\\/2019\\\/05\\\/Untitled.jpg\",\"contentUrl\":\"https:\\\/\\\/floridareprofreedom.org\\\/wp-content\\\/uploads\\\/2019\\\/05\\\/Untitled.jpg\",\"width\":174,\"height\":180,\"caption\":\"Floridians for Reproductive Freedom\"},\"image\":{\"@id\":\"https:\\\/\\\/floridareprofreedom.org\\\/#\\\/schema\\\/logo\\\/image\\\/\"},\"sameAs\":[\"https:\\\/\\\/www.facebook.com\\\/FloridaReproFreedom\\\/\",\"https:\\\/\\\/x.com\\\/FLReproFreedom\",\"https:\\\/\\\/www.instagram.com\\\/floridareprofreedom\\\/\"]}]}<\/script>\n<!-- \/ Yoast SEO plugin. -->","yoast_head_json":{"title":"Egzansyon Jidisy\u00e8 an Florid - Floridians For Reproductive Freedom","description":"\u0641\u0644\u0648\u0631\u06cc\u0688\u0627 \u0645\u06cc\u06ba 18 \u0633\u0627\u0644 \u0633\u06d2 \u06a9\u0645 \u0639\u0645\u0631 \u0627\u0648\u0631 \u0627\u0633\u0642\u0627\u0637 \u062d\u0645\u0644 \u06a9\u06cc \u0636\u0631\u0648\u0631\u062a \u06c1\u06d2\u060c \u0644\u06cc\u06a9\u0646 \u0648\u0627\u0644\u062f\u06cc\u0646 \u06a9\u0648 \u0634\u0627\u0645\u0644 \u0646\u06c1\u06cc\u06ba \u06a9\u0631 \u0633\u06a9\u062a\u06d2\u061f \u0627\u06af\u0631 \u06a9\u0648\u0626\u06cc \u062c\u062c \u0627\u0633 \u06a9\u06cc \u0627\u062c\u0627\u0632\u062a \u062f\u06cc\u062a\u0627 \u06c1\u06d2 \u062a\u0648 \u0622\u067e \u0648\u0627\u0644\u062f\u06cc\u0646 \u06a9\u06d2 \u0628\u063a\u06cc\u0631 \u0627\u0633\u0642\u0627\u0637 \u062d\u0645\u0644 \u06a9\u0631\u0648\u0627 \u0633\u06a9\u062a\u06d2 \u06c1\u06cc\u06ba\u06d4","robots":{"index":"index","follow":"follow","max-snippet":"max-snippet:-1","max-image-preview":"max-image-preview:large","max-video-preview":"max-video-preview:-1"},"canonical":"https:\/\/floridareprofreedom.org\/ur\/\u0639\u062f\u0627\u0644\u062a\u06cc-\u0628\u0627\u0626\u06cc-\u067e\u0627\u0633\/egzansyon-jidisye-an-florid\/","og_locale":"en_US","og_type":"article","og_title":"Egzansyon Jidisy\u00e8 an Florid - Floridians For Reproductive Freedom","og_description":"Under 18 in Florida and need an abortion, but can't involve a parent? You can get an abortion without a parent involved if a judge allows it.","og_url":"https:\/\/floridareprofreedom.org\/ur\/\u0639\u062f\u0627\u0644\u062a\u06cc-\u0628\u0627\u0626\u06cc-\u067e\u0627\u0633\/egzansyon-jidisye-an-florid\/","og_site_name":"Floridians For Reproductive Freedom","article_publisher":"https:\/\/www.facebook.com\/FloridaReproFreedom\/","article_modified_time":"2024-01-02T23:24:24+00:00","og_image":[{"url":"https:\/\/floridareprofreedom.org\/wp-content\/uploads\/2019\/02\/acare-1-300x300.jpg","type":"","width":"","height":""}],"twitter_card":"summary_large_image","twitter_site":"@FLReproFreedom","twitter_misc":{"Est. reading time":"2 \u0645\u0646\u0679\u0633"},"schema":{"@context":"https:\/\/schema.org","@graph":[{"@type":"WebPage","@id":"https:\/\/floridareprofreedom.org\/judicialbypass\/egzansyon-jidisye-an-florid\/","url":"https:\/\/floridareprofreedom.org\/judicialbypass\/egzansyon-jidisye-an-florid\/","name":"Egzansyon Jidisy\u00e8 an Florid - Floridians For Reproductive Freedom","isPartOf":{"@id":"https:\/\/floridareprofreedom.org\/#website"},"primaryImageOfPage":{"@id":"https:\/\/floridareprofreedom.org\/judicialbypass\/egzansyon-jidisye-an-florid\/#primaryimage"},"image":{"@id":"https:\/\/floridareprofreedom.org\/judicialbypass\/egzansyon-jidisye-an-florid\/#primaryimage"},"thumbnailUrl":"https:\/\/floridareprofreedom.org\/wp-content\/uploads\/2019\/02\/acare-1-300x300.jpg","datePublished":"2023-12-14T16:37:40+00:00","dateModified":"2024-01-02T23:24:24+00:00","description":"\u0641\u0644\u0648\u0631\u06cc\u0688\u0627 \u0645\u06cc\u06ba 18 \u0633\u0627\u0644 \u0633\u06d2 \u06a9\u0645 \u0639\u0645\u0631 \u0627\u0648\u0631 \u0627\u0633\u0642\u0627\u0637 \u062d\u0645\u0644 \u06a9\u06cc \u0636\u0631\u0648\u0631\u062a \u06c1\u06d2\u060c \u0644\u06cc\u06a9\u0646 \u0648\u0627\u0644\u062f\u06cc\u0646 \u06a9\u0648 \u0634\u0627\u0645\u0644 \u0646\u06c1\u06cc\u06ba \u06a9\u0631 \u0633\u06a9\u062a\u06d2\u061f \u0627\u06af\u0631 \u06a9\u0648\u0626\u06cc \u062c\u062c \u0627\u0633 \u06a9\u06cc \u0627\u062c\u0627\u0632\u062a \u062f\u06cc\u062a\u0627 \u06c1\u06d2 \u062a\u0648 \u0622\u067e \u0648\u0627\u0644\u062f\u06cc\u0646 \u06a9\u06d2 \u0628\u063a\u06cc\u0631 \u0627\u0633\u0642\u0627\u0637 \u062d\u0645\u0644 \u06a9\u0631\u0648\u0627 \u0633\u06a9\u062a\u06d2 \u06c1\u06cc\u06ba\u06d4","breadcrumb":{"@id":"https:\/\/floridareprofreedom.org\/judicialbypass\/egzansyon-jidisye-an-florid\/#breadcrumb"},"inLanguage":"ur","potentialAction":[{"@type":"ReadAction","target":["https:\/\/floridareprofreedom.org\/judicialbypass\/egzansyon-jidisye-an-florid\/"]}]},{"@type":"ImageObject","inLanguage":"ur","@id":"https:\/\/floridareprofreedom.org\/judicialbypass\/egzansyon-jidisye-an-florid\/#primaryimage","url":"https:\/\/floridareprofreedom.org\/wp-content\/uploads\/2019\/02\/acare-1-300x300.jpg","contentUrl":"https:\/\/floridareprofreedom.org\/wp-content\/uploads\/2019\/02\/acare-1-300x300.jpg"},{"@type":"BreadcrumbList","@id":"https:\/\/floridareprofreedom.org\/judicialbypass\/egzansyon-jidisye-an-florid\/#breadcrumb","itemListElement":[{"@type":"ListItem","position":1,"name":"Home","item":"https:\/\/floridareprofreedom.org\/"},{"@type":"ListItem","position":2,"name":"Judicial Bypass in Florida","item":"https:\/\/floridareprofreedom.org\/judicialbypass\/"},{"@type":"ListItem","position":3,"name":"Egzansyon Jidisy\u00e8 an Florid"}]},{"@type":"WebSite","@id":"https:\/\/floridareprofreedom.org\/#website","url":"https:\/\/floridareprofreedom.org\/","name":"\u0641\u0644\u0648\u0631\u06cc\u0688\u06cc\u0646 \u062a\u0648\u0644\u06cc\u062f\u06cc \u0622\u0632\u0627\u062f\u06cc \u06a9\u06d2 \u0644\u06cc\u06d2","description":"\u0627\u0633\u0642\u0627\u0637 \u062d\u0645\u0644 \u0633\u0645\u06cc\u062a \u062a\u0648\u0644\u06cc\u062f\u06cc \u0635\u062d\u062a \u06a9\u06cc \u062f\u06cc\u06a9\u06be \u0628\u06be\u0627\u0644 \u062a\u06a9 \u0622\u0633\u0627\u0646\u060c \u0633\u0633\u062a\u06cc \u0627\u0648\u0631 \u0645\u062d\u0641\u0648\u0638 \u0631\u0633\u0627\u0626\u06cc \u06a9\u06cc \u0648\u06a9\u0627\u0644\u062a \u06a9\u0631\u0646\u0627\u06d4","publisher":{"@id":"https:\/\/floridareprofreedom.org\/#organization"},"potentialAction":[{"@type":"SearchAction","target":{"@type":"EntryPoint","urlTemplate":"https:\/\/floridareprofreedom.org\/?s={search_term_string}"},"query-input":{"@type":"PropertyValueSpecification","valueRequired":true,"valueName":"search_term_string"}}],"inLanguage":"ur"},{"@type":"Organization","@id":"https:\/\/floridareprofreedom.org\/#organization","name":"\u062a\u0648\u0644\u06cc\u062f\u06cc \u0622\u0632\u0627\u062f\u06cc \u06a9\u06d2 \u0644\u06cc\u06d2 \u0641\u0644\u0648\u0631\u06cc\u0688\u06cc\u0646","url":"https:\/\/floridareprofreedom.org\/","logo":{"@type":"ImageObject","inLanguage":"ur","@id":"https:\/\/floridareprofreedom.org\/#\/schema\/logo\/image\/","url":"https:\/\/floridareprofreedom.org\/wp-content\/uploads\/2019\/05\/Untitled.jpg","contentUrl":"https:\/\/floridareprofreedom.org\/wp-content\/uploads\/2019\/05\/Untitled.jpg","width":174,"height":180,"caption":"Floridians for Reproductive Freedom"},"image":{"@id":"https:\/\/floridareprofreedom.org\/#\/schema\/logo\/image\/"},"sameAs":["https:\/\/www.facebook.com\/FloridaReproFreedom\/","https:\/\/x.com\/FLReproFreedom","https:\/\/www.instagram.com\/floridareprofreedom\/"]}]}},"_links":{"self":[{"href":"https:\/\/floridareprofreedom.org\/ur\/wp-json\/wp\/v2\/pages\/3142","targetHints":{"allow":["GET"]}}],"collection":[{"href":"https:\/\/floridareprofreedom.org\/ur\/wp-json\/wp\/v2\/pages"}],"about":[{"href":"https:\/\/floridareprofreedom.org\/ur\/wp-json\/wp\/v2\/types\/page"}],"author":[{"embeddable":true,"href":"https:\/\/floridareprofreedom.org\/ur\/wp-json\/wp\/v2\/users\/7"}],"replies":[{"embeddable":true,"href":"https:\/\/floridareprofreedom.org\/ur\/wp-json\/wp\/v2\/comments?post=3142"}],"version-history":[{"count":8,"href":"https:\/\/floridareprofreedom.org\/ur\/wp-json\/wp\/v2\/pages\/3142\/revisions"}],"predecessor-version":[{"id":3204,"href":"https:\/\/floridareprofreedom.org\/ur\/wp-json\/wp\/v2\/pages\/3142\/revisions\/3204"}],"up":[{"embeddable":true,"href":"https:\/\/floridareprofreedom.org\/ur\/wp-json\/wp\/v2\/pages\/963"}],"wp:attachment":[{"href":"https:\/\/floridareprofreedom.org\/ur\/wp-json\/wp\/v2\/media?parent=3142"}],"wp:term":[{"taxonomy":"folder","embeddable":true,"href":"https:\/\/floridareprofreedom.org\/ur\/wp-json\/wp\/v2\/folder?post=3142"}],"curies":[{"name":"wp","href":"https:\/\/api.w.org\/{rel}","templated":true}]}}