{"id":3167,"date":"2024-01-02T22:15:36","date_gmt":"2024-01-02T22:15:36","guid":{"rendered":"https:\/\/floridareprofreedom.org\/?page_id=3167"},"modified":"2024-01-02T23:32:14","modified_gmt":"2024-01-02T23:32:14","slug":"%da%a9%db%8c-%da%a9%d9%88%d9%b9%db%92-%d9%be%d8%a7%d8%a4-%d9%85%db%8c%d9%88%db%8c%d9%86-%d8%a7%d9%84%d8%ac%d9%88%db%8c%d9%86-%db%8c%d9%88%d9%86-%d8%a7%db%8c%d8%ac%d8%a7%d9%86%d8%b3%db%8c%d9%88%d9%86","status":"publish","type":"page","link":"https:\/\/floridareprofreedom.org\/ur\/judicialbypass\/egzansyon-jidisye-an-florid\/ki-kote-pou-mwen-al-jwenn-yon-egzansyon-jidisye\/","title":{"rendered":"Ki Kote pou mwen al jwenn yon egzansyon jidisy\u00e8\u061f"},"content":{"rendered":"<p><span style=\"font-weight: 400;\">Si ou vle yon egzansyon jidisy\u00e8 pou fe yon Av\u00f2tman\u060c ou dwe premye aplike an p\u00e8s\u00f2n nan yon tribinal. \u0627\u0646\u0628\u0627 \u0627\u06d2 \u0627\u0648 \u06a9\u0627 \u062c\u0648\u06cc\u0646 \u06cc\u0648\u0646 \u0644\u06cc\u0633 \u0648\u0644 \u0627\u06a9 \u062f\u06cc\u062a\u06d2 \u0633\u0648 \u06a9\u06cc \u06a9\u0648\u0679\u06d2 \u0627\u0648 \u06a9\u0627 \u0627\u0644\u06cc\u06d4<\/span><b>\u00a0<\/b><\/p>\n<p><b>Rezidan Florid yo:<\/b><span style=\"font-weight: 400;\"> Si ou gen enkyetid sou vi prive w ou kapab ale nan yon tribinal nan yon l\u00f2t vil\u060c men li dwe nan z\u00f2n kote w rete. Vil Florid yo gwupe ansanm pou f\u00f2me 20 sikwi\u060c jwenn vil pa w la sou kat la oswa nan lis anba a pou det\u00e8mine nan ki sikwi w ap viv.\u00a0<\/span><\/p>\n<p><strong>\u00c8ske w ap ch\u00e8che enf\u00f2masyon pou egzansyon jidisy\u00e8 pou yon eta ki pa Florid\u061f<br \/>\n<\/strong><span style=\"font-weight: 400;\">Tcheke sit ent\u00e8n\u00e8t patn\u00e8 nasyonal nou an\u060c <a href=\"https:\/\/judicialbypasswiki.ifwhenhow.org\/\">\u0627\u06af\u0631\/\u06a9\u0628\/\u06a9\u06cc\u0633\u06d2<\/a><\/span><span style=\"font-weight: 400;\">, pou \u00e8d.<\/span><\/p>\n<p><img fetchpriority=\"high\" decoding=\"async\" class=\"alignnone size-full wp-image-1001\" src=\"https:\/\/floridareprofreedom.org\/wp-content\/uploads\/2020\/05\/flcircuitmap.jpeg\" alt=\"\" width=\"465\" height=\"390\" srcset=\"https:\/\/floridareprofreedom.org\/wp-content\/uploads\/2020\/05\/flcircuitmap.jpeg 465w, https:\/\/floridareprofreedom.org\/wp-content\/uploads\/2020\/05\/flcircuitmap-300x252.jpeg 300w\" sizes=\"(max-width: 465px) 100vw, 465px\" \/><\/p>\n<p>&nbsp;<\/p>\n<p><iframe src=\"https:\/\/docs.google.com\/spreadsheets\/d\/e\/2PACX-1vQB6krgtRma-96mkc9NufqrFn2t3gYItPYTXhaTc_euzRTZEXyRs9x90T-YutHr6CS_eNVijuyheuHR\/pubhtml?gid=1415876535&amp;single=true&amp;widget=true&amp;headers=false\" width=\"850\" height=\"1200\"><\/iframe><\/p>\n<p>&nbsp;<\/p>","protected":false},"excerpt":{"rendered":"<p>Si ou vle yon egzansyon jidisy\u00e8 pou fe yon av\u00f2tman, ou dwe premye aplike an p\u00e8s\u00f2n nan yon tribinal. Anba a ou ka jwenn yon lis vil ak detay sou ki kote ou ka ale.\u00a0 Rezidan Florid yo: Si ou gen enkyetid sou vi prive w ou kapab ale nan yon tribinal nan yon l\u00f2t [&hellip;]<\/p>\n","protected":false},"author":7,"featured_media":0,"parent":3142,"menu_order":0,"comment_status":"closed","ping_status":"closed","template":"","meta":{"footnotes":""},"folder":[35,8],"class_list":["post-3167","page","type-page","status-publish","hentry"],"yoast_head":"<!-- This site is optimized with the Yoast SEO plugin v27.3 - https:\/\/yoast.com\/product\/yoast-seo-wordpress\/ -->\n<title>Ki kote pou mwen al jwenn yon egzansyon jidisy\u00e8? - Floridians For Reproductive Freedom<\/title>\n<meta name=\"description\" content=\"Si w pa ka jwenn p\u00e8misyon paran w oswa mande paran w, ou ka f\u00e8 yon av\u00f2tman san okenn paran w pa enplike si w ale nan tribinal epi yo ba w yon \u201cegzansyon jidisy\u00e8\u201d.\" \/>\n<meta name=\"robots\" content=\"index, follow, max-snippet:-1, max-image-preview:large, max-video-preview:-1\" \/>\n<link rel=\"canonical\" href=\"https:\/\/floridareprofreedom.org\/ur\/\u0639\u062f\u0627\u0644\u062a\u06cc-\u0628\u0627\u0626\u06cc-\u067e\u0627\u0633\/egzansyon-jidisye-an-florid\/\u06a9\u06cc-\u06a9\u0648\u0679\u06d2-\u067e\u0627\u0624-\u0645\u06cc\u0648\u06cc\u0646-\u0627\u0644\u062c\u0648\u06cc\u0646-\u06cc\u0648\u0646-\u0627\u06cc\u062c\u0627\u0646\u0633\u06cc\u0648\u0646\/\" \/>\n<meta property=\"og:locale\" content=\"en_US\" \/>\n<meta property=\"og:type\" content=\"article\" \/>\n<meta property=\"og:title\" content=\"Ki kote pou mwen al jwenn yon egzansyon jidisy\u00e8? - Floridians For Reproductive Freedom\" \/>\n<meta property=\"og:description\" content=\"Si w pa ka jwenn p\u00e8misyon paran w oswa mande paran w, ou ka f\u00e8 yon av\u00f2tman san okenn paran w pa enplike si w ale nan tribinal epi yo ba w yon \u201cegzansyon jidisy\u00e8\u201d.\" \/>\n<meta property=\"og:url\" content=\"https:\/\/floridareprofreedom.org\/ur\/\u0639\u062f\u0627\u0644\u062a\u06cc-\u0628\u0627\u0626\u06cc-\u067e\u0627\u0633\/egzansyon-jidisye-an-florid\/\u06a9\u06cc-\u06a9\u0648\u0679\u06d2-\u067e\u0627\u0624-\u0645\u06cc\u0648\u06cc\u0646-\u0627\u0644\u062c\u0648\u06cc\u0646-\u06cc\u0648\u0646-\u0627\u06cc\u062c\u0627\u0646\u0633\u06cc\u0648\u0646\/\" \/>\n<meta property=\"og:site_name\" content=\"Floridians For Reproductive Freedom\" \/>\n<meta property=\"article:publisher\" content=\"https:\/\/www.facebook.com\/FloridaReproFreedom\/\" \/>\n<meta property=\"article:modified_time\" content=\"2024-01-02T23:32:14+00:00\" \/>\n<meta property=\"og:image\" content=\"https:\/\/floridareprofreedom.org\/wp-content\/uploads\/2020\/05\/flcircuitmap.jpeg\" \/>\n<meta name=\"twitter:card\" content=\"summary_large_image\" \/>\n<meta name=\"twitter:site\" content=\"@FLReproFreedom\" \/>\n<meta name=\"twitter:label1\" content=\"Est. reading time\" \/>\n\t<meta name=\"twitter:data1\" content=\"1 \u0645\u0646\u0679\" \/>\n<script type=\"application\/ld+json\" class=\"yoast-schema-graph\">{\"@context\":\"https:\\\/\\\/schema.org\",\"@graph\":[{\"@type\":\"WebPage\",\"@id\":\"https:\\\/\\\/floridareprofreedom.org\\\/judicialbypass\\\/egzansyon-jidisye-an-florid\\\/ki-kote-pou-mwen-al-jwenn-yon-egzansyon-jidisye\\\/\",\"url\":\"https:\\\/\\\/floridareprofreedom.org\\\/judicialbypass\\\/egzansyon-jidisye-an-florid\\\/ki-kote-pou-mwen-al-jwenn-yon-egzansyon-jidisye\\\/\",\"name\":\"Ki kote pou mwen al jwenn yon egzansyon jidisy\u00e8? - Floridians For Reproductive Freedom\",\"isPartOf\":{\"@id\":\"https:\\\/\\\/floridareprofreedom.org\\\/#website\"},\"primaryImageOfPage\":{\"@id\":\"https:\\\/\\\/floridareprofreedom.org\\\/judicialbypass\\\/egzansyon-jidisye-an-florid\\\/ki-kote-pou-mwen-al-jwenn-yon-egzansyon-jidisye\\\/#primaryimage\"},\"image\":{\"@id\":\"https:\\\/\\\/floridareprofreedom.org\\\/judicialbypass\\\/egzansyon-jidisye-an-florid\\\/ki-kote-pou-mwen-al-jwenn-yon-egzansyon-jidisye\\\/#primaryimage\"},\"thumbnailUrl\":\"https:\\\/\\\/floridareprofreedom.org\\\/wp-content\\\/uploads\\\/2020\\\/05\\\/flcircuitmap.jpeg\",\"datePublished\":\"2024-01-02T22:15:36+00:00\",\"dateModified\":\"2024-01-02T23:32:14+00:00\",\"description\":\"Si w pa ka jwenn p\u00e8misyon paran w oswa mande paran w, ou ka f\u00e8 yon av\u00f2tman san okenn paran w pa enplike si w ale nan tribinal epi yo ba w yon \u201cegzansyon jidisy\u00e8\u201d.\",\"breadcrumb\":{\"@id\":\"https:\\\/\\\/floridareprofreedom.org\\\/judicialbypass\\\/egzansyon-jidisye-an-florid\\\/ki-kote-pou-mwen-al-jwenn-yon-egzansyon-jidisye\\\/#breadcrumb\"},\"inLanguage\":\"ur\",\"potentialAction\":[{\"@type\":\"ReadAction\",\"target\":[\"https:\\\/\\\/floridareprofreedom.org\\\/judicialbypass\\\/egzansyon-jidisye-an-florid\\\/ki-kote-pou-mwen-al-jwenn-yon-egzansyon-jidisye\\\/\"]}]},{\"@type\":\"ImageObject\",\"inLanguage\":\"ur\",\"@id\":\"https:\\\/\\\/floridareprofreedom.org\\\/judicialbypass\\\/egzansyon-jidisye-an-florid\\\/ki-kote-pou-mwen-al-jwenn-yon-egzansyon-jidisye\\\/#primaryimage\",\"url\":\"https:\\\/\\\/floridareprofreedom.org\\\/wp-content\\\/uploads\\\/2020\\\/05\\\/flcircuitmap.jpeg\",\"contentUrl\":\"https:\\\/\\\/floridareprofreedom.org\\\/wp-content\\\/uploads\\\/2020\\\/05\\\/flcircuitmap.jpeg\"},{\"@type\":\"BreadcrumbList\",\"@id\":\"https:\\\/\\\/floridareprofreedom.org\\\/judicialbypass\\\/egzansyon-jidisye-an-florid\\\/ki-kote-pou-mwen-al-jwenn-yon-egzansyon-jidisye\\\/#breadcrumb\",\"itemListElement\":[{\"@type\":\"ListItem\",\"position\":1,\"name\":\"Home\",\"item\":\"https:\\\/\\\/floridareprofreedom.org\\\/\"},{\"@type\":\"ListItem\",\"position\":2,\"name\":\"Judicial Bypass in Florida\",\"item\":\"https:\\\/\\\/floridareprofreedom.org\\\/judicialbypass\\\/\"},{\"@type\":\"ListItem\",\"position\":3,\"name\":\"Egzansyon Jidisy\u00e8 an Florid\",\"item\":\"https:\\\/\\\/floridareprofreedom.org\\\/judicialbypass\\\/egzansyon-jidisye-an-florid\\\/\"},{\"@type\":\"ListItem\",\"position\":4,\"name\":\"Ki kote pou mwen al jwenn yon egzansyon jidisy\u00e8?\"}]},{\"@type\":\"WebSite\",\"@id\":\"https:\\\/\\\/floridareprofreedom.org\\\/#website\",\"url\":\"https:\\\/\\\/floridareprofreedom.org\\\/\",\"name\":\"Floridians For Reproductive Freedom\",\"description\":\"Advocating for convenient, affordable, and safe access to reproductive health care, including abortion.\",\"publisher\":{\"@id\":\"https:\\\/\\\/floridareprofreedom.org\\\/#organization\"},\"potentialAction\":[{\"@type\":\"SearchAction\",\"target\":{\"@type\":\"EntryPoint\",\"urlTemplate\":\"https:\\\/\\\/floridareprofreedom.org\\\/?s={search_term_string}\"},\"query-input\":{\"@type\":\"PropertyValueSpecification\",\"valueRequired\":true,\"valueName\":\"search_term_string\"}}],\"inLanguage\":\"ur\"},{\"@type\":\"Organization\",\"@id\":\"https:\\\/\\\/floridareprofreedom.org\\\/#organization\",\"name\":\"Floridians for Reproductive Freedom\",\"url\":\"https:\\\/\\\/floridareprofreedom.org\\\/\",\"logo\":{\"@type\":\"ImageObject\",\"inLanguage\":\"ur\",\"@id\":\"https:\\\/\\\/floridareprofreedom.org\\\/#\\\/schema\\\/logo\\\/image\\\/\",\"url\":\"https:\\\/\\\/floridareprofreedom.org\\\/wp-content\\\/uploads\\\/2019\\\/05\\\/Untitled.jpg\",\"contentUrl\":\"https:\\\/\\\/floridareprofreedom.org\\\/wp-content\\\/uploads\\\/2019\\\/05\\\/Untitled.jpg\",\"width\":174,\"height\":180,\"caption\":\"Floridians for Reproductive Freedom\"},\"image\":{\"@id\":\"https:\\\/\\\/floridareprofreedom.org\\\/#\\\/schema\\\/logo\\\/image\\\/\"},\"sameAs\":[\"https:\\\/\\\/www.facebook.com\\\/FloridaReproFreedom\\\/\",\"https:\\\/\\\/x.com\\\/FLReproFreedom\",\"https:\\\/\\\/www.instagram.com\\\/floridareprofreedom\\\/\"]}]}<\/script>\n<!-- \/ Yoast SEO plugin. -->","yoast_head_json":{"title":"Ki Kote pou mwen al jwenn yon egzansyon jidisy\u00e8\u061f - \u062a\u0648\u0644\u06cc\u062f\u06cc \u0622\u0632\u0627\u062f\u06cc \u06a9\u06d2 \u0644\u06cc\u06d2 \u0641\u0644\u0648\u0631\u06cc\u0688\u06cc\u0646","description":"Si wpa ka jwenn p\u00e8misyon paran w oswa mande paran w, ou ka f\u00e8 yon av\u00f2tman san okenn paran w pa enplike si w ale nan tribinal epi yo ba w yon \u201cegzansyon jidisy\u00e8\u201d\u06d4","robots":{"index":"index","follow":"follow","max-snippet":"max-snippet:-1","max-image-preview":"max-image-preview:large","max-video-preview":"max-video-preview:-1"},"canonical":"https:\/\/floridareprofreedom.org\/ur\/\u0639\u062f\u0627\u0644\u062a\u06cc-\u0628\u0627\u0626\u06cc-\u067e\u0627\u0633\/egzansyon-jidisye-an-florid\/\u06a9\u06cc-\u06a9\u0648\u0679\u06d2-\u067e\u0627\u0624-\u0645\u06cc\u0648\u06cc\u0646-\u0627\u0644\u062c\u0648\u06cc\u0646-\u06cc\u0648\u0646-\u0627\u06cc\u062c\u0627\u0646\u0633\u06cc\u0648\u0646\/","og_locale":"en_US","og_type":"article","og_title":"Ki kote pou mwen al jwenn yon egzansyon jidisy\u00e8? - Floridians For Reproductive Freedom","og_description":"Si w pa ka jwenn p\u00e8misyon paran w oswa mande paran w, ou ka f\u00e8 yon av\u00f2tman san okenn paran w pa enplike si w ale nan tribinal epi yo ba w yon \u201cegzansyon jidisy\u00e8\u201d.","og_url":"https:\/\/floridareprofreedom.org\/ur\/\u0639\u062f\u0627\u0644\u062a\u06cc-\u0628\u0627\u0626\u06cc-\u067e\u0627\u0633\/egzansyon-jidisye-an-florid\/\u06a9\u06cc-\u06a9\u0648\u0679\u06d2-\u067e\u0627\u0624-\u0645\u06cc\u0648\u06cc\u0646-\u0627\u0644\u062c\u0648\u06cc\u0646-\u06cc\u0648\u0646-\u0627\u06cc\u062c\u0627\u0646\u0633\u06cc\u0648\u0646\/","og_site_name":"Floridians For Reproductive Freedom","article_publisher":"https:\/\/www.facebook.com\/FloridaReproFreedom\/","article_modified_time":"2024-01-02T23:32:14+00:00","og_image":[{"url":"https:\/\/floridareprofreedom.org\/wp-content\/uploads\/2020\/05\/flcircuitmap.jpeg","type":"","width":"","height":""}],"twitter_card":"summary_large_image","twitter_site":"@FLReproFreedom","twitter_misc":{"Est. reading time":"1 \u0645\u0646\u0679"},"schema":{"@context":"https:\/\/schema.org","@graph":[{"@type":"WebPage","@id":"https:\/\/floridareprofreedom.org\/judicialbypass\/egzansyon-jidisye-an-florid\/ki-kote-pou-mwen-al-jwenn-yon-egzansyon-jidisye\/","url":"https:\/\/floridareprofreedom.org\/judicialbypass\/egzansyon-jidisye-an-florid\/ki-kote-pou-mwen-al-jwenn-yon-egzansyon-jidisye\/","name":"Ki Kote pou mwen al jwenn yon egzansyon jidisy\u00e8\u061f - \u062a\u0648\u0644\u06cc\u062f\u06cc \u0622\u0632\u0627\u062f\u06cc \u06a9\u06d2 \u0644\u06cc\u06d2 \u0641\u0644\u0648\u0631\u06cc\u0688\u06cc\u0646","isPartOf":{"@id":"https:\/\/floridareprofreedom.org\/#website"},"primaryImageOfPage":{"@id":"https:\/\/floridareprofreedom.org\/judicialbypass\/egzansyon-jidisye-an-florid\/ki-kote-pou-mwen-al-jwenn-yon-egzansyon-jidisye\/#primaryimage"},"image":{"@id":"https:\/\/floridareprofreedom.org\/judicialbypass\/egzansyon-jidisye-an-florid\/ki-kote-pou-mwen-al-jwenn-yon-egzansyon-jidisye\/#primaryimage"},"thumbnailUrl":"https:\/\/floridareprofreedom.org\/wp-content\/uploads\/2020\/05\/flcircuitmap.jpeg","datePublished":"2024-01-02T22:15:36+00:00","dateModified":"2024-01-02T23:32:14+00:00","description":"Si wpa ka jwenn p\u00e8misyon paran w oswa mande paran w, ou ka f\u00e8 yon av\u00f2tman san okenn paran w pa enplike si w ale nan tribinal epi yo ba w yon \u201cegzansyon jidisy\u00e8\u201d\u06d4","breadcrumb":{"@id":"https:\/\/floridareprofreedom.org\/judicialbypass\/egzansyon-jidisye-an-florid\/ki-kote-pou-mwen-al-jwenn-yon-egzansyon-jidisye\/#breadcrumb"},"inLanguage":"ur","potentialAction":[{"@type":"ReadAction","target":["https:\/\/floridareprofreedom.org\/judicialbypass\/egzansyon-jidisye-an-florid\/ki-kote-pou-mwen-al-jwenn-yon-egzansyon-jidisye\/"]}]},{"@type":"ImageObject","inLanguage":"ur","@id":"https:\/\/floridareprofreedom.org\/judicialbypass\/egzansyon-jidisye-an-florid\/ki-kote-pou-mwen-al-jwenn-yon-egzansyon-jidisye\/#primaryimage","url":"https:\/\/floridareprofreedom.org\/wp-content\/uploads\/2020\/05\/flcircuitmap.jpeg","contentUrl":"https:\/\/floridareprofreedom.org\/wp-content\/uploads\/2020\/05\/flcircuitmap.jpeg"},{"@type":"BreadcrumbList","@id":"https:\/\/floridareprofreedom.org\/judicialbypass\/egzansyon-jidisye-an-florid\/ki-kote-pou-mwen-al-jwenn-yon-egzansyon-jidisye\/#breadcrumb","itemListElement":[{"@type":"ListItem","position":1,"name":"Home","item":"https:\/\/floridareprofreedom.org\/"},{"@type":"ListItem","position":2,"name":"Judicial Bypass in Florida","item":"https:\/\/floridareprofreedom.org\/judicialbypass\/"},{"@type":"ListItem","position":3,"name":"Egzansyon Jidisy\u00e8 an Florid","item":"https:\/\/floridareprofreedom.org\/judicialbypass\/egzansyon-jidisye-an-florid\/"},{"@type":"ListItem","position":4,"name":"Ki kote pou mwen al jwenn yon egzansyon jidisy\u00e8?"}]},{"@type":"WebSite","@id":"https:\/\/floridareprofreedom.org\/#website","url":"https:\/\/floridareprofreedom.org\/","name":"\u0641\u0644\u0648\u0631\u06cc\u0688\u06cc\u0646 \u062a\u0648\u0644\u06cc\u062f\u06cc \u0622\u0632\u0627\u062f\u06cc \u06a9\u06d2 \u0644\u06cc\u06d2","description":"\u0627\u0633\u0642\u0627\u0637 \u062d\u0645\u0644 \u0633\u0645\u06cc\u062a \u062a\u0648\u0644\u06cc\u062f\u06cc \u0635\u062d\u062a \u06a9\u06cc \u062f\u06cc\u06a9\u06be \u0628\u06be\u0627\u0644 \u062a\u06a9 \u0622\u0633\u0627\u0646\u060c \u0633\u0633\u062a\u06cc \u0627\u0648\u0631 \u0645\u062d\u0641\u0648\u0638 \u0631\u0633\u0627\u0626\u06cc \u06a9\u06cc \u0648\u06a9\u0627\u0644\u062a \u06a9\u0631\u0646\u0627\u06d4","publisher":{"@id":"https:\/\/floridareprofreedom.org\/#organization"},"potentialAction":[{"@type":"SearchAction","target":{"@type":"EntryPoint","urlTemplate":"https:\/\/floridareprofreedom.org\/?s={search_term_string}"},"query-input":{"@type":"PropertyValueSpecification","valueRequired":true,"valueName":"search_term_string"}}],"inLanguage":"ur"},{"@type":"Organization","@id":"https:\/\/floridareprofreedom.org\/#organization","name":"\u062a\u0648\u0644\u06cc\u062f\u06cc \u0622\u0632\u0627\u062f\u06cc \u06a9\u06d2 \u0644\u06cc\u06d2 \u0641\u0644\u0648\u0631\u06cc\u0688\u06cc\u0646","url":"https:\/\/floridareprofreedom.org\/","logo":{"@type":"ImageObject","inLanguage":"ur","@id":"https:\/\/floridareprofreedom.org\/#\/schema\/logo\/image\/","url":"https:\/\/floridareprofreedom.org\/wp-content\/uploads\/2019\/05\/Untitled.jpg","contentUrl":"https:\/\/floridareprofreedom.org\/wp-content\/uploads\/2019\/05\/Untitled.jpg","width":174,"height":180,"caption":"Floridians for Reproductive Freedom"},"image":{"@id":"https:\/\/floridareprofreedom.org\/#\/schema\/logo\/image\/"},"sameAs":["https:\/\/www.facebook.com\/FloridaReproFreedom\/","https:\/\/x.com\/FLReproFreedom","https:\/\/www.instagram.com\/floridareprofreedom\/"]}]}},"_links":{"self":[{"href":"https:\/\/floridareprofreedom.org\/ur\/wp-json\/wp\/v2\/pages\/3167","targetHints":{"allow":["GET"]}}],"collection":[{"href":"https:\/\/floridareprofreedom.org\/ur\/wp-json\/wp\/v2\/pages"}],"about":[{"href":"https:\/\/floridareprofreedom.org\/ur\/wp-json\/wp\/v2\/types\/page"}],"author":[{"embeddable":true,"href":"https:\/\/floridareprofreedom.org\/ur\/wp-json\/wp\/v2\/users\/7"}],"replies":[{"embeddable":true,"href":"https:\/\/floridareprofreedom.org\/ur\/wp-json\/wp\/v2\/comments?post=3167"}],"version-history":[{"count":3,"href":"https:\/\/floridareprofreedom.org\/ur\/wp-json\/wp\/v2\/pages\/3167\/revisions"}],"predecessor-version":[{"id":3205,"href":"https:\/\/floridareprofreedom.org\/ur\/wp-json\/wp\/v2\/pages\/3167\/revisions\/3205"}],"up":[{"embeddable":true,"href":"https:\/\/floridareprofreedom.org\/ur\/wp-json\/wp\/v2\/pages\/3142"}],"wp:attachment":[{"href":"https:\/\/floridareprofreedom.org\/ur\/wp-json\/wp\/v2\/media?parent=3167"}],"wp:term":[{"taxonomy":"folder","embeddable":true,"href":"https:\/\/floridareprofreedom.org\/ur\/wp-json\/wp\/v2\/folder?post=3167"}],"curies":[{"name":"wp","href":"https:\/\/api.w.org\/{rel}","templated":true}]}}