{"id":3170,"date":"2024-01-02T22:21:50","date_gmt":"2024-01-02T22:21:50","guid":{"rendered":"https:\/\/floridareprofreedom.org\/?page_id=3170"},"modified":"2024-01-02T22:21:50","modified_gmt":"2024-01-02T22:21:50","slug":"ki-fomile-mwen-bezwen","status":"publish","type":"page","link":"https:\/\/floridareprofreedom.org\/ur\/judicialbypass\/egzansyon-jidisye-an-florid\/ki-fomile-mwen-bezwen\/","title":{"rendered":"Ki f\u00f2mile mwen bezwen\u061f"},"content":{"rendered":"<p><span style=\"font-weight: 400;\">Mande grefye nan tribinal la pou enfomasyon sou f\u00f2mile yo. <a href=\"https:\/\/floridareprofreedom.org\/ur\/%da%a9%db%81%d8%a7%da%ba\/\">Jwenn enf\u00f2masyon kontak pou chak grefye nan chak Zon sou tablo ki nan paj sa a.<\/a><\/span><\/p>\n<p><span style=\"font-weight: 400;\">Nan k\u00e8k zon\u060c grefye a ap rem\u00e8t yo bay adolesan an pou l konplete yo poukont li. Nan l\u00f2t zon, yon grefye ap ede adolesan an ranpli f\u00f2m yo. \u0627\u06cc\u0679 \u0646\u0627\u0646 \u06a9\u06cc\u06a9 \u0644\u0627\u0679 \u0632\u0648\u0646 \u06cc\u0648\u0646 \u0627\u06cc\u0648\u06a9\u0627 \u06cc\u0648 \u0646\u0627\u0646 \u0645\u06cc\u0646 \u0646\u0627\u0646 \u0679\u0631\u0627\u0626\u0628\u06cc\u0646\u0644 \u0644\u0627 \u0627\u06d2 \u067e\u06cc \u0627\u06cc\u0688\u06cc \u0627\u06cc\u0688\u0648\u0644\u0633\u0646 \u0627\u06cc\u0646 \u0627\u0648\u0633\u0648\u0627 \u0645\u06cc\u0646\u0645 \u0631\u0627\u0646\u067e\u0644\u06cc \u0627\u06cc\u0644 \u0646\u0627\u0646 \u0646\u0627\u0646 \u06cc\u0648 \u0622\u067e\u0631\u06cc \u06cc\u0648 \u0641\u0646 \u067e\u06cc\u0644\u06d2 \u0627\u06a9 \u06cc\u0648\u06d4<\/span><\/p>\n<p><span style=\"font-weight: 400;\">Gen plis enf\u00f2masyon sou fason yo trete f\u00f2mile yo \u0646\u0627\u0646 \u0686\u06a9 \u0632\u0648\u0646 \u0646\u0627\u0646 \u0679\u06cc\u0628\u0644\u0648 \u06a9\u06cc \u0646\u0627\u0646 \u067e\u062c \u0644\u0627\u060c <a href=\"https:\/\/floridareprofreedom.org\/ur\/%da%a9%db%81%d8%a7%da%ba\/\">&quot;\u06a9\u06cc \u06a9\u0648\u0679\u06d2 \u067e\u0648 \u0645 \u0627\u0644\u06cc \u067e\u0627\u0624 \u0645 \u062c\u0648\u06cc\u0646 \u06cc\u0648\u0646 \u0627\u06cc\u06af\u0632\u0627\u0646\u0633\u06cc\u0648\u0646 \u062c\u062f\u06cc\u0633\u06cc\u061f&quot;<\/a><\/span><\/p>\n<p><span style=\"font-weight: 400;\">De f\u00f2m adolesan an dwe ranpli epi siyen yo se:<\/span><\/p>\n<ol>\n<li style=\"font-weight: 400;\" aria-level=\"1\"><span style=\"font-weight: 400;\"><strong>&quot;Deklarasyon S\u00e8man sou Vr\u00e8 Non ak Psedonim&quot;<\/strong> \u2013 Dokiman sa a asire w ke p\u00e8sonn pa konnen si w ale nan tribinal la pou w jwenn egzansyon sa a\u06d4 Li p\u00e8m\u00e8t ou chwazi yon non diferan pou Tribinal la itilize\u060c olye de non rey\u00e8l ou. \u06cc\u0648\u0646 \u0641\u0648\u0627 \u0633\u0627 \u0631\u0627\u0646\u067e\u0644\u06cc\u060c \u0679\u0631\u0627\u0626\u0628\u06cc\u0646\u0644 \u0644\u0627 \u067e\u0631\u0627\u0644 \u0631\u06cc\u0641\u0631\u06cc \u0627\u0648 \u067e\u0627 \u0627\u0646\u06cc\u0633\u06cc\u0627\u0644 \u0627\u0648\u0633\u0648\u0627 \u0633\u06cc\u0688\u0648\u0646\u06cc\u0645 \u06a9\u06d2 \u0627\u0648 \u0679\u06cc \u0686\u0648\u0627\u0632\u06cc \u06cc\u0648\u06d4 Li pwoteje dwa w pou w f\u00e8 av\u00f2tman \u0633\u0627\u0646 paran w oswa gadyen w pa konnen.<\/span><\/li>\n<li style=\"font-weight: 400;\" aria-level=\"1\"><span style=\"font-weight: 400;\"><strong>&quot;Petisyon pou egzansyon jidisy\u00e8 konsantman paran yo oswa avi sou konsantman pou sispann gwos\u00e8s la&quot;<\/strong> - \u067e\u0627\u067e\u06d2 \u0633\u0627 \u0627\u06cc\u06a9 \u0633\u06d2 \u06cc\u0648\u0646 \u0688\u06cc\u0645\u0627\u0646 \u0627\u06cc\u06a9 \u062c\u06cc\u062c \u0644\u0627\u06d4 Ou ka chwazi pou w ekri pw\u00f2p petisyon w epi pote l av\u00e8k ou\u060c oswa ou ka ranpli f\u00f2m sa a. Petisyon ou ta dwe genyen ladan yo:<\/span><\/li>\n<\/ol>\n<ul>\n<li style=\"list-style-type: none;\">\n<ul>\n<li style=\"font-weight: 400;\" aria-level=\"1\"><span style=\"font-weight: 400;\">Psedonim ou oswa inisyal ou (k\u00e8lkeswa sa ou te chwazi pou itilize sou Deklarasyon S\u00e8man ou sou Vr\u00e8 Non ak Psedonim nan)<\/span><\/li>\n<li style=\"font-weight: 400;\" aria-level=\"1\"><span style=\"font-weight: 400;\">\u0644\u0627\u062c \u0627\u0648<\/span><\/li>\n<li style=\"font-weight: 400;\" aria-level=\"1\"><span style=\"font-weight: 400;\">Yon deklarasyon ke ou ansent e ke paran ou pa konnen ou chwazi av\u00f2tman oubyen yo pa dak\u00f2 pou p\u00e8m\u00e8t ou f\u00e8 yon av\u00f2tman.<\/span><\/li>\n<li style=\"font-weight: 400;\" aria-level=\"1\"><span style=\"font-weight: 400;\">Yon deklarasyon ke ou vle mete fen nan gwos\u00e8s ou (f\u00e8 yon av\u00f2tman) san ou pa di paran ou oswa gadyen legal ou sa. Asire w ou tcheke <strong>&quot;consantman ak avi&quot;\u06d4<\/strong><\/span><\/li>\n<li style=\"font-weight: 400;\" aria-level=\"1\"><span style=\"font-weight: 400;\">Yon eksplikasyon sou poukisa ou vle mete fen nan gwos\u00e8s ou\u06d4 Gen 3 fason ou ka jwenn yon egzansyon jidisy\u00e8 nan men Jij la. Ou dwe pwouve omwen youn nan twa rezon sa yo. \u0633\u06cc \u067e\u0644\u0633 \u067e\u0627\u0633 \u06cc\u0648\u0646 \u0627\u067e\u0644\u0627\u0626\u06cc\u06a9 \u067e\u0627\u0624 \u0627\u0648\u0648\u060c \u0627\u0648 \u06cc\u0648 \u0679\u0627 \u062f\u0648 \u0627\u06cc\u06a9\u0633\u067e \u0644\u0627\u0626\u06cc\u06a9 \u0686\u06a9 \u0631\u06cc\u0632\u0648\u0646 \u06a9\u06cc \u0627\u067e\u0644\u0627\u0626\u06cc\u06a9\u06d4 3 \u062c\u0648\u0627\u0628:<\/span><\/li>\n<\/ul>\n<\/li>\n<\/ul>\n<ol>\n<li style=\"list-style-type: none;\">\n<ol>\n<li style=\"list-style-type: none;\">\n<ol>\n<li style=\"font-weight: 400;\" aria-level=\"1\"><span style=\"font-weight: 400;\">ou gen ase matirite pou w deside poukont ou si w ap f\u00e8 yon av\u00f2tman;<\/span><\/li>\n<li style=\"font-weight: 400;\" aria-level=\"1\"><span style=\"font-weight: 400;\">ou se yon viktim abi sou timoun oswa abi seksy\u00e8l nan men paran w oswa gadyen w; \u0627\u0648\u0633\u0648\u0627<\/span><\/li>\n<li style=\"font-weight: 400;\" aria-level=\"1\"><span style=\"font-weight: 400;\">\u0633\u06cc \u0688\u0628\u0644\u06cc\u0648 \u0679\u06cc \u067e\u06cc \u0646\u0648\u0679\u06cc\u0641\u0627\u0626\u06cc \u06cc\u0648\u0646 \u067e\u0631\u0627\u0646 \u0627\u0648\u0633\u0648\u0627 \u06cc\u0648\u0646 \u06af\u06cc\u0688\u06cc\u0646 \u0644\u06cc\u06af\u0644\u060c \u0644\u06cc \u067e\u0627 \u062a\u0627 \u067e\u06cc \u0646\u0627\u0646 \u067e\u06cc \u0628\u0648\u0646 \u0627\u0646\u0679\u0631\u06cc \u0627\u0648 \u06cc\u0648\u06d4<\/span><\/li>\n<\/ol>\n<\/li>\n<\/ol>\n<\/li>\n<\/ol>","protected":false},"excerpt":{"rendered":"<p>Mande grefye nan tribinal la pou enfomasyon sou f\u00f2mile yo. Jwenn enf\u00f2masyon kontak pou chak grefye nan chak zon sou tablo ki nan paj sa a. Nan k\u00e8k zon, grefye a ap rem\u00e8t yo bay adolesan an pou l konplete yo poukont li. Nan l\u00f2t zon, yon grefye ap ede adolesan an ranpli f\u00f2m yo. [&hellip;]<\/p>\n","protected":false},"author":7,"featured_media":0,"parent":3142,"menu_order":0,"comment_status":"closed","ping_status":"closed","template":"","meta":{"footnotes":""},"folder":[35,8],"class_list":["post-3170","page","type-page","status-publish","hentry"],"yoast_head":"<!-- This site is optimized with the Yoast SEO plugin v27.3 - https:\/\/yoast.com\/product\/yoast-seo-wordpress\/ -->\n<title>Ki f\u00f2mile mwen bezwen? - Floridians For Reproductive Freedom<\/title>\n<meta name=\"description\" content=\"Si w pa ka jwenn p\u00e8misyon paran w oswa mande paran w, ou ka f\u00e8 yon av\u00f2tman san okenn paran w pa enplike si w ale nan tribinal epi yo ba w yon \u201cegzansyon jidisy\u00e8\u201d.\" \/>\n<meta name=\"robots\" content=\"index, follow, max-snippet:-1, max-image-preview:large, max-video-preview:-1\" \/>\n<link rel=\"canonical\" href=\"https:\/\/floridareprofreedom.org\/ur\/\u0639\u062f\u0627\u0644\u062a\u06cc-\u0628\u0627\u0626\u06cc-\u067e\u0627\u0633\/egzansyon-jidisye-an-florid\/ki-fomile-mwen-bezwen\/\" \/>\n<meta property=\"og:locale\" content=\"en_US\" \/>\n<meta property=\"og:type\" content=\"article\" \/>\n<meta property=\"og:title\" content=\"Ki f\u00f2mile mwen bezwen? - Floridians For Reproductive Freedom\" \/>\n<meta property=\"og:description\" content=\"Si w pa ka jwenn p\u00e8misyon paran w oswa mande paran w, ou ka f\u00e8 yon av\u00f2tman san okenn paran w pa enplike si w ale nan tribinal epi yo ba w yon \u201cegzansyon jidisy\u00e8\u201d.\" \/>\n<meta property=\"og:url\" content=\"https:\/\/floridareprofreedom.org\/ur\/\u0639\u062f\u0627\u0644\u062a\u06cc-\u0628\u0627\u0626\u06cc-\u067e\u0627\u0633\/egzansyon-jidisye-an-florid\/ki-fomile-mwen-bezwen\/\" \/>\n<meta property=\"og:site_name\" content=\"Floridians For Reproductive Freedom\" \/>\n<meta property=\"article:publisher\" content=\"https:\/\/www.facebook.com\/FloridaReproFreedom\/\" \/>\n<meta name=\"twitter:card\" content=\"summary_large_image\" \/>\n<meta name=\"twitter:site\" content=\"@FLReproFreedom\" \/>\n<meta name=\"twitter:label1\" content=\"Est. reading time\" \/>\n\t<meta name=\"twitter:data1\" content=\"2 \u0645\u0646\u0679\u0633\" \/>\n<script type=\"application\/ld+json\" class=\"yoast-schema-graph\">{\"@context\":\"https:\\\/\\\/schema.org\",\"@graph\":[{\"@type\":\"WebPage\",\"@id\":\"https:\\\/\\\/floridareprofreedom.org\\\/judicialbypass\\\/egzansyon-jidisye-an-florid\\\/ki-fomile-mwen-bezwen\\\/\",\"url\":\"https:\\\/\\\/floridareprofreedom.org\\\/judicialbypass\\\/egzansyon-jidisye-an-florid\\\/ki-fomile-mwen-bezwen\\\/\",\"name\":\"Ki f\u00f2mile mwen bezwen? - Floridians For Reproductive Freedom\",\"isPartOf\":{\"@id\":\"https:\\\/\\\/floridareprofreedom.org\\\/#website\"},\"datePublished\":\"2024-01-02T22:21:50+00:00\",\"description\":\"Si w pa ka jwenn p\u00e8misyon paran w oswa mande paran w, ou ka f\u00e8 yon av\u00f2tman san okenn paran w pa enplike si w ale nan tribinal epi yo ba w yon \u201cegzansyon jidisy\u00e8\u201d.\",\"breadcrumb\":{\"@id\":\"https:\\\/\\\/floridareprofreedom.org\\\/judicialbypass\\\/egzansyon-jidisye-an-florid\\\/ki-fomile-mwen-bezwen\\\/#breadcrumb\"},\"inLanguage\":\"ur\",\"potentialAction\":[{\"@type\":\"ReadAction\",\"target\":[\"https:\\\/\\\/floridareprofreedom.org\\\/judicialbypass\\\/egzansyon-jidisye-an-florid\\\/ki-fomile-mwen-bezwen\\\/\"]}]},{\"@type\":\"BreadcrumbList\",\"@id\":\"https:\\\/\\\/floridareprofreedom.org\\\/judicialbypass\\\/egzansyon-jidisye-an-florid\\\/ki-fomile-mwen-bezwen\\\/#breadcrumb\",\"itemListElement\":[{\"@type\":\"ListItem\",\"position\":1,\"name\":\"Home\",\"item\":\"https:\\\/\\\/floridareprofreedom.org\\\/\"},{\"@type\":\"ListItem\",\"position\":2,\"name\":\"Judicial Bypass in Florida\",\"item\":\"https:\\\/\\\/floridareprofreedom.org\\\/judicialbypass\\\/\"},{\"@type\":\"ListItem\",\"position\":3,\"name\":\"Egzansyon Jidisy\u00e8 an Florid\",\"item\":\"https:\\\/\\\/floridareprofreedom.org\\\/judicialbypass\\\/egzansyon-jidisye-an-florid\\\/\"},{\"@type\":\"ListItem\",\"position\":4,\"name\":\"Ki f\u00f2mile mwen bezwen?\"}]},{\"@type\":\"WebSite\",\"@id\":\"https:\\\/\\\/floridareprofreedom.org\\\/#website\",\"url\":\"https:\\\/\\\/floridareprofreedom.org\\\/\",\"name\":\"Floridians For Reproductive Freedom\",\"description\":\"Advocating for convenient, affordable, and safe access to reproductive health care, including abortion.\",\"publisher\":{\"@id\":\"https:\\\/\\\/floridareprofreedom.org\\\/#organization\"},\"potentialAction\":[{\"@type\":\"SearchAction\",\"target\":{\"@type\":\"EntryPoint\",\"urlTemplate\":\"https:\\\/\\\/floridareprofreedom.org\\\/?s={search_term_string}\"},\"query-input\":{\"@type\":\"PropertyValueSpecification\",\"valueRequired\":true,\"valueName\":\"search_term_string\"}}],\"inLanguage\":\"ur\"},{\"@type\":\"Organization\",\"@id\":\"https:\\\/\\\/floridareprofreedom.org\\\/#organization\",\"name\":\"Floridians for Reproductive Freedom\",\"url\":\"https:\\\/\\\/floridareprofreedom.org\\\/\",\"logo\":{\"@type\":\"ImageObject\",\"inLanguage\":\"ur\",\"@id\":\"https:\\\/\\\/floridareprofreedom.org\\\/#\\\/schema\\\/logo\\\/image\\\/\",\"url\":\"https:\\\/\\\/floridareprofreedom.org\\\/wp-content\\\/uploads\\\/2019\\\/05\\\/Untitled.jpg\",\"contentUrl\":\"https:\\\/\\\/floridareprofreedom.org\\\/wp-content\\\/uploads\\\/2019\\\/05\\\/Untitled.jpg\",\"width\":174,\"height\":180,\"caption\":\"Floridians for Reproductive Freedom\"},\"image\":{\"@id\":\"https:\\\/\\\/floridareprofreedom.org\\\/#\\\/schema\\\/logo\\\/image\\\/\"},\"sameAs\":[\"https:\\\/\\\/www.facebook.com\\\/FloridaReproFreedom\\\/\",\"https:\\\/\\\/x.com\\\/FLReproFreedom\",\"https:\\\/\\\/www.instagram.com\\\/floridareprofreedom\\\/\"]}]}<\/script>\n<!-- \/ Yoast SEO plugin. -->","yoast_head_json":{"title":"Ki f\u00f2mile mwen bezwen\u061f - \u062a\u0648\u0644\u06cc\u062f\u06cc \u0622\u0632\u0627\u062f\u06cc \u06a9\u06d2 \u0644\u06cc\u06d2 \u0641\u0644\u0648\u0631\u06cc\u0688\u06cc\u0646","description":"Si wpa ka jwenn p\u00e8misyon paran w oswa mande paran w, ou ka f\u00e8 yon av\u00f2tman san okenn paran w pa enplike si w ale nan tribinal epi yo ba w yon \u201cegzansyon jidisy\u00e8\u201d\u06d4","robots":{"index":"index","follow":"follow","max-snippet":"max-snippet:-1","max-image-preview":"max-image-preview:large","max-video-preview":"max-video-preview:-1"},"canonical":"https:\/\/floridareprofreedom.org\/ur\/\u0639\u062f\u0627\u0644\u062a\u06cc-\u0628\u0627\u0626\u06cc-\u067e\u0627\u0633\/egzansyon-jidisye-an-florid\/ki-fomile-mwen-bezwen\/","og_locale":"en_US","og_type":"article","og_title":"Ki f\u00f2mile mwen bezwen? - Floridians For Reproductive Freedom","og_description":"Si w pa ka jwenn p\u00e8misyon paran w oswa mande paran w, ou ka f\u00e8 yon av\u00f2tman san okenn paran w pa enplike si w ale nan tribinal epi yo ba w yon \u201cegzansyon jidisy\u00e8\u201d.","og_url":"https:\/\/floridareprofreedom.org\/ur\/\u0639\u062f\u0627\u0644\u062a\u06cc-\u0628\u0627\u0626\u06cc-\u067e\u0627\u0633\/egzansyon-jidisye-an-florid\/ki-fomile-mwen-bezwen\/","og_site_name":"Floridians For Reproductive Freedom","article_publisher":"https:\/\/www.facebook.com\/FloridaReproFreedom\/","twitter_card":"summary_large_image","twitter_site":"@FLReproFreedom","twitter_misc":{"Est. reading time":"2 \u0645\u0646\u0679\u0633"},"schema":{"@context":"https:\/\/schema.org","@graph":[{"@type":"WebPage","@id":"https:\/\/floridareprofreedom.org\/judicialbypass\/egzansyon-jidisye-an-florid\/ki-fomile-mwen-bezwen\/","url":"https:\/\/floridareprofreedom.org\/judicialbypass\/egzansyon-jidisye-an-florid\/ki-fomile-mwen-bezwen\/","name":"Ki f\u00f2mile mwen bezwen\u061f - \u062a\u0648\u0644\u06cc\u062f\u06cc \u0622\u0632\u0627\u062f\u06cc \u06a9\u06d2 \u0644\u06cc\u06d2 \u0641\u0644\u0648\u0631\u06cc\u0688\u06cc\u0646","isPartOf":{"@id":"https:\/\/floridareprofreedom.org\/#website"},"datePublished":"2024-01-02T22:21:50+00:00","description":"Si wpa ka jwenn p\u00e8misyon paran w oswa mande paran w, ou ka f\u00e8 yon av\u00f2tman san okenn paran w pa enplike si w ale nan tribinal epi yo ba w yon \u201cegzansyon jidisy\u00e8\u201d\u06d4","breadcrumb":{"@id":"https:\/\/floridareprofreedom.org\/judicialbypass\/egzansyon-jidisye-an-florid\/ki-fomile-mwen-bezwen\/#breadcrumb"},"inLanguage":"ur","potentialAction":[{"@type":"ReadAction","target":["https:\/\/floridareprofreedom.org\/judicialbypass\/egzansyon-jidisye-an-florid\/ki-fomile-mwen-bezwen\/"]}]},{"@type":"BreadcrumbList","@id":"https:\/\/floridareprofreedom.org\/judicialbypass\/egzansyon-jidisye-an-florid\/ki-fomile-mwen-bezwen\/#breadcrumb","itemListElement":[{"@type":"ListItem","position":1,"name":"Home","item":"https:\/\/floridareprofreedom.org\/"},{"@type":"ListItem","position":2,"name":"Judicial Bypass in Florida","item":"https:\/\/floridareprofreedom.org\/judicialbypass\/"},{"@type":"ListItem","position":3,"name":"Egzansyon Jidisy\u00e8 an Florid","item":"https:\/\/floridareprofreedom.org\/judicialbypass\/egzansyon-jidisye-an-florid\/"},{"@type":"ListItem","position":4,"name":"Ki f\u00f2mile mwen bezwen?"}]},{"@type":"WebSite","@id":"https:\/\/floridareprofreedom.org\/#website","url":"https:\/\/floridareprofreedom.org\/","name":"\u0641\u0644\u0648\u0631\u06cc\u0688\u06cc\u0646 \u062a\u0648\u0644\u06cc\u062f\u06cc \u0622\u0632\u0627\u062f\u06cc \u06a9\u06d2 \u0644\u06cc\u06d2","description":"\u0627\u0633\u0642\u0627\u0637 \u062d\u0645\u0644 \u0633\u0645\u06cc\u062a \u062a\u0648\u0644\u06cc\u062f\u06cc \u0635\u062d\u062a \u06a9\u06cc \u062f\u06cc\u06a9\u06be \u0628\u06be\u0627\u0644 \u062a\u06a9 \u0622\u0633\u0627\u0646\u060c \u0633\u0633\u062a\u06cc \u0627\u0648\u0631 \u0645\u062d\u0641\u0648\u0638 \u0631\u0633\u0627\u0626\u06cc \u06a9\u06cc \u0648\u06a9\u0627\u0644\u062a \u06a9\u0631\u0646\u0627\u06d4","publisher":{"@id":"https:\/\/floridareprofreedom.org\/#organization"},"potentialAction":[{"@type":"SearchAction","target":{"@type":"EntryPoint","urlTemplate":"https:\/\/floridareprofreedom.org\/?s={search_term_string}"},"query-input":{"@type":"PropertyValueSpecification","valueRequired":true,"valueName":"search_term_string"}}],"inLanguage":"ur"},{"@type":"Organization","@id":"https:\/\/floridareprofreedom.org\/#organization","name":"\u062a\u0648\u0644\u06cc\u062f\u06cc \u0622\u0632\u0627\u062f\u06cc \u06a9\u06d2 \u0644\u06cc\u06d2 \u0641\u0644\u0648\u0631\u06cc\u0688\u06cc\u0646","url":"https:\/\/floridareprofreedom.org\/","logo":{"@type":"ImageObject","inLanguage":"ur","@id":"https:\/\/floridareprofreedom.org\/#\/schema\/logo\/image\/","url":"https:\/\/floridareprofreedom.org\/wp-content\/uploads\/2019\/05\/Untitled.jpg","contentUrl":"https:\/\/floridareprofreedom.org\/wp-content\/uploads\/2019\/05\/Untitled.jpg","width":174,"height":180,"caption":"Floridians for Reproductive Freedom"},"image":{"@id":"https:\/\/floridareprofreedom.org\/#\/schema\/logo\/image\/"},"sameAs":["https:\/\/www.facebook.com\/FloridaReproFreedom\/","https:\/\/x.com\/FLReproFreedom","https:\/\/www.instagram.com\/floridareprofreedom\/"]}]}},"_links":{"self":[{"href":"https:\/\/floridareprofreedom.org\/ur\/wp-json\/wp\/v2\/pages\/3170","targetHints":{"allow":["GET"]}}],"collection":[{"href":"https:\/\/floridareprofreedom.org\/ur\/wp-json\/wp\/v2\/pages"}],"about":[{"href":"https:\/\/floridareprofreedom.org\/ur\/wp-json\/wp\/v2\/types\/page"}],"author":[{"embeddable":true,"href":"https:\/\/floridareprofreedom.org\/ur\/wp-json\/wp\/v2\/users\/7"}],"replies":[{"embeddable":true,"href":"https:\/\/floridareprofreedom.org\/ur\/wp-json\/wp\/v2\/comments?post=3170"}],"version-history":[{"count":1,"href":"https:\/\/floridareprofreedom.org\/ur\/wp-json\/wp\/v2\/pages\/3170\/revisions"}],"predecessor-version":[{"id":3171,"href":"https:\/\/floridareprofreedom.org\/ur\/wp-json\/wp\/v2\/pages\/3170\/revisions\/3171"}],"up":[{"embeddable":true,"href":"https:\/\/floridareprofreedom.org\/ur\/wp-json\/wp\/v2\/pages\/3142"}],"wp:attachment":[{"href":"https:\/\/floridareprofreedom.org\/ur\/wp-json\/wp\/v2\/media?parent=3170"}],"wp:term":[{"taxonomy":"folder","embeddable":true,"href":"https:\/\/floridareprofreedom.org\/ur\/wp-json\/wp\/v2\/folder?post=3170"}],"curies":[{"name":"wp","href":"https:\/\/api.w.org\/{rel}","templated":true}]}}