{"id":3174,"date":"2024-01-02T22:28:39","date_gmt":"2024-01-02T22:28:39","guid":{"rendered":"https:\/\/floridareprofreedom.org\/?page_id=3174"},"modified":"2024-01-02T22:57:54","modified_gmt":"2024-01-02T22:57:54","slug":"kisa-jij-la-pral-konsidere","status":"publish","type":"page","link":"https:\/\/floridareprofreedom.org\/ur\/judicialbypass\/egzansyon-jidisye-an-florid\/kisa-jij-la-pral-konsidere\/","title":{"rendered":"Kisa jij la pral konsidere?"},"content":{"rendered":"<p><span style=\"font-weight: 400;\">Gen twa rezon diferan ke yon jij pral deside bay yon baypas jidisy\u00e8\u06d4 <strong>\u0627\u0648 \u0688\u0648\u06d2 \u06a9\u0627 \u0645\u0648\u062a\u0631\u06d2 \u0627\u0648\u0645\u0646 \u06cc\u0648\u0646 \u0646\u0627\u0646 \u062a\u0648\u0627 \u0631\u06cc\u0632\u0648\u0646 \u0633\u06cc\u0644\u0627 \u06cc\u0648\u06d4<\/strong> \u0633\u06cc \u067e\u0644\u0633 \u067e\u0627\u0633\u06d2 \u06cc\u0648\u0646 \u0646\u0627\u0646 \u062a\u0648\u0627 \u0631\u06cc\u0632\u0648\u0646 \u0633\u06cc\u0644\u0627 \u06cc\u0648 \u0627\u067e\u0644\u0627\u0626\u06cc\u06a9 \u067e\u0648 \u0627\u0648\u0648\u060c \u0627\u0648 \u06cc\u0648 \u0679\u0627 \u0688\u0648\u06cc \u0627\u06cc\u06a9\u0633\u067e \u0644\u0627\u0626\u06cc\u06a9 \u0686\u06a9 \u0631\u06cc\u0632\u0648\u0646 \u06a9\u06cc \u0627\u067e\u0644\u06cc\u06a9\u0628 \u06cc\u0648\u06d4 \u0622\u067e \u06a9\u0648 \u062c\u0648\u0627\u0628 \u062f\u06cc\u06ba:<\/span><\/p>\n<p><b>Ke ou gen ase Matirite<\/b><\/p>\n<ul>\n<li style=\"font-weight: 400;\" aria-level=\"1\"><span style=\"font-weight: 400;\">Pou pwouve ke ou gen ase matirite pou ou pran desizyon sispann gwos\u00e8s ou, ou ap bezwen montre sa ak &quot; pr\u00e8v ki kl\u00e8 epi konvenkan .&quot; Sa vle di ke li dwe gen anpil chans pase paske ou gen matirite ase pou pran desizyon sa a poukont ou\u06d4<\/span><\/li>\n<li style=\"font-weight: 400;\" aria-level=\"1\"><span style=\"font-weight: 400;\">Pou det\u00e8mine si ou gen ase matirite pou pran desizyon sa a poukont ou\u060c lalwa Florid mande pou jij la konsidere sa yo:<\/span><\/li>\n<\/ul>\n<ul>\n<li style=\"list-style-type: none;\">\n<ul>\n<li style=\"font-weight: 400;\" aria-level=\"1\"><span style=\"font-weight: 400;\">\u0644\u0627\u062c<\/span><\/li>\n<li style=\"font-weight: 400;\" aria-level=\"1\"><span style=\"font-weight: 400;\">ent\u00e8lijans jeneral<\/span><\/li>\n<li style=\"font-weight: 400;\" aria-level=\"1\"><span style=\"font-weight: 400;\">devlopman emosyon\u00e8l ak estabilite<\/span><\/li>\n<li style=\"font-weight: 400;\" aria-level=\"1\"><span style=\"font-weight: 400;\">kredibilite ak fason ou Aji<\/span><\/li>\n<li style=\"font-weight: 400;\" aria-level=\"1\"><span style=\"font-weight: 400;\">kapasite pou aksepte responsablite<\/span><\/li>\n<li style=\"font-weight: 400;\" aria-level=\"1\"><span style=\"font-weight: 400;\">abilite pou konsidere tou de Konsekans imedyat ak alont\u00e8m nan f\u00e8 yon Av\u00f2tman<\/span><\/li>\n<li style=\"font-weight: 400;\" aria-level=\"1\"><span style=\"font-weight: 400;\">kapasite pou konprann epi eksplike \u0631\u0633\u06a9 medikal ki genyen nan sispann gwos\u00e8s ou\u060c ak kapasite pou aplike konpreyansyon sa a nan desizyon ou\u06d4<\/span><\/li>\n<\/ul>\n<\/li>\n<\/ul>\n<ul>\n<li style=\"font-weight: 400;\" aria-level=\"1\"><span style=\"font-weight: 400;\">Lalwa egzije pou jij la deside ke pa gen okenn \u201cabi enfliyans\u201d pa yon l\u00f2t moun sou desizyon ou pou f\u00e8 yon av\u00f2tman an. Enfliyans san rezon se yon l\u00f2t moun ki f\u00f2se ou pran desizyon sa a si se pa desizyon ou vle pran an.<\/span><\/li>\n<\/ul>\n<ul>\n<li style=\"list-style-type: none;\">\n<ul>\n<li style=\"font-weight: 400;\" aria-level=\"1\"><span style=\"font-weight: 400;\">Pa egzanp, si yon menaj, yon zanmi, oswa yon l\u00f2t moun ap eseye konvenk ou pou f\u00e8 yon av\u00f2tman l\u00e8 se pa sa ou vle f\u00e8 vre, Jij la ap konsidere sa l\u00e8 li deside si li ap poouz\u00f2uzeg\u00f2y\u00e9g\u00f2udee demand jidisy\u00e8 a. .<\/span><\/li>\n<\/ul>\n<\/li>\n<\/ul>\n<ul>\n<li style=\"font-weight: 400;\" aria-level=\"1\"><span style=\"font-weight: 400;\">Pou ede jij la pwouve ke ou ase matirite pou ou chwazi mete fen nan gwos\u00e8s ou san ou pa enplike yon paran, ou ta dwe bay jij la enf\u00f2masyon sou lek\u00f2l ou, patisipasyon kominote ek\u00f2l\u00f2l ou, patisipasyon kominote ek\u00f2l\u00e9, planet\u00e9 kominote pou lavni ou, tankou plan pou ale nan kol\u00e8j oswa pouswiv yon s\u00e8ten kary\u00e8 oswa chemen pwofesyon\u00e8l ou.<\/span><\/li>\n<li style=\"font-weight: 400;\" aria-level=\"1\"><span style=\"font-weight: 400;\">Jij la ka mande si ou te pale ak l\u00f2t granmoun ou f\u00e8 konfians sou desizyon ou an. Jij yo anjeneral gade yon fason favorab min\u00e8 ki gen yon sist\u00e8m sip\u00f2 ki te ede yo pran desizyon sa a , moun yo ka konte sou yo si gen nenp\u00f2t konplikasyon medikal oswa mantal apr\u00f2t\u00e8m\u00f2t\u00e8m\u00f2t\u00e8man , \u0641\u0627\u0646\u0645\u06cc\u060c \u06cc\u0648\u0646 \u0632\u0646\u0645\u06cc \u06a9\u06cc \u06af\u0631\u0627\u0646\u0645\u0648\u0646 \u0627\u0648\u0633\u0648\u0627 \u06cc\u0648\u0646 \u06a9\u0648\u0646\u0633\u06d2\u06d4<\/span><\/li>\n<li style=\"font-weight: 400;\" aria-level=\"1\"><span style=\"font-weight: 400;\">\u062a\u06cc\u0627\u0631 \u06a9\u0631\u06cc\u06ba ou pou ou eksplike kijan ou ap peye depans pou av\u00f2tman an poukont ou\u060c san ou pa jwenn \u00e8d paran ou\u06d4<\/span><\/li>\n<li style=\"font-weight: 400;\" aria-level=\"1\"><span style=\"font-weight: 400;\">Yon jij ka vle tou pou w\u00e8 ke ou te rankontre ak yon dokt\u00e8 epi konnen sou pwosedi a ak risk ki genyen nan f\u00e8 pwosedi a.<\/span><\/li>\n<li style=\"font-weight: 400;\" aria-level=\"1\"><span style=\"font-weight: 400;\">Pafwa jij yo kon deside ke yon min\u00e8 pa gen ase matirite pou deside f\u00e8 yon av\u00f2tman san yo pa enplike yon paran. Sa rive l\u00e8 min\u00e8 a pa t kapab demontre:<\/span><\/li>\n<\/ul>\n<ul>\n<li style=\"list-style-type: none;\">\n<ul>\n<li style=\"font-weight: 400;\" aria-level=\"1\"><span style=\"font-weight: 400;\">nenp\u00f2t konesans kons\u00e8nan \u062e\u0637\u0631\u06c1 espesifik fizik, emosyon\u00e8l, oswa sikolojik imedya oswa alont\u00e8m pou f\u00e8 yon av\u00f2tman\u060c<\/span><\/li>\n<li style=\"font-weight: 400;\" aria-level=\"1\"><span style=\"font-weight: 400;\">pr\u00e8v ke yo te ch\u00e8che kons\u00e8y oswa sip\u00f2 emosyon\u00e8l nan men nenp\u00f2t adilt\u060c<\/span><\/li>\n<li style=\"font-weight: 400;\" aria-level=\"1\"><span style=\"font-weight: 400;\">kisa li ta f\u00e8 si nenp\u00f2t konplikasyon fizik oswa emosyon\u00e8l Rive nan Av\u00f2tman\u060c<\/span><\/li>\n<li style=\"font-weight: 400;\" aria-level=\"1\"><span style=\"font-weight: 400;\">konesans sou kisa eksperyans av\u00f2tman an ye oswa konplikasyon potansy\u00e8l yo\u06d4<\/span><\/li>\n<\/ul>\n<\/li>\n<\/ul>\n<ul>\n<li style=\"font-weight: 400;\" aria-level=\"1\"><span style=\"font-weight: 400;\">Tribinal Laflorid yo te det\u00e8mine matirite l\u00e8 yo tire \u201cenferans\u201d ki soti nan konpozisyon min\u00e8 a, kapasite analiz, aparans, refleksyon, ton vwa, ekspresyon, ak kapasite li pou eksprime likonozyon. Tribinal yo ka konsidere tou eksperyans ou Tanou eksperyans travay anvan\u060c eksperyans l\u00e8 ou tap viv lwen kay ou\u060c oswa eksperyans nan jere finans p\u00e8son\u00e8l.<\/span><\/li>\n<li style=\"font-weight: 400;\" aria-level=\"1\"><span style=\"font-weight: 400;\">\u0686\u06a9 \u0645\u0627\u0626\u0646 \u0688\u06cc\u0641\u0631\u0627\u0646\u060c \u0627\u06cc\u067e\u06cc \u06cc\u0648 \u0679\u0627 \u0688\u0648 \u0688\u06cc\u0633\u0627\u0626\u06cc\u0688 \u0645\u06cc\u0679\u06cc\u0631\u0627\u0626\u0679 \u0688\u067e\u0631\u06d2 \u0633\u06a9\u0648\u0646\u0633\u0679\u0646\u0633 \u067e\u06cc\u0633\u0646\u06cc\u0644 \u0686\u06a9 \u0645\u0648\u0646 \u0627\u06a9 \u0627\u0633\u062a\u0648\u0627 \u0644\u0627\u0648\u06cc \u06cc\u0648\u060c \u0627\u0648\u0644\u06cc \u06cc\u0648\u0646 \u0633\u06cc\u0644 \u0627\u06cc\u0633\u0679\u0627\u0646\u0688\u0627 \u0645\u0627\u062a\u06cc\u0631\u0627\u0626\u0679\u06d4<\/span><\/li>\n<\/ul>\n<p><b>\u00a0\u06a9\u06d2 \u0622\u067e \u0633\u06d2 \u06cc\u0648\u0646 \u0645\u0648\u0646 \u06a9\u06cc \u0648\u06a9\u0679\u0645 \u0627\u0628\u06cc<\/b><\/p>\n<ul>\n<li style=\"font-weight: 400;\" aria-level=\"1\"><span style=\"font-weight: 400;\">Si ou ap eseye pwouve ke yon paran oswa yon gadyen te abize ou\u060c ou ap bezwen pwouve sa bay jij la pa yon &quot;preponderans nan pr\u00e8v.&quot; \u0633\u0627 \u0648\u06cc\u0644\u06d2 \u062f\u06cc \u062c\u06cc\u062c \u0644\u0627 \u0628\u06cc\u0632\u0648\u06cc\u0646 \u0679\u0646\u0688\u06d2 \u06a9\u06d2 \u0644\u06cc \u062c\u06cc\u0646 \u067e\u0644\u0633 \u0686\u0627\u0646\u0633 \u067e\u0627\u0633\u06a9\u06d2 \u0627\u0648 \u0679\u06cc \u0635\u0648\u0641\u0631\u06cc \u0627\u0628\u06cc \u0633\u0627 \u0627\u06d2\u06d4 Li ka difisil pou ou di jij la egzakteman ki sa abi a te ye, men li enp\u00f2tan pou ou di laverite epi bay jij la detay espesifik pou li ka konprann poukisa ou vle sispann gwos\u00e8s ou\u06d4<\/span><\/li>\n<li style=\"font-weight: 400;\" aria-level=\"1\"><span style=\"font-weight: 400;\">\u0631\u06cc\u0645\u06cc\u06a9 byen ke si tribinal la jwenn pr\u00e8v abi sou timoun oswa abi seksy\u00e8l pa nenp\u00f2t moun\u060c tribinal la gen obligasyon dapr\u00e8 Lalwa pou rap\u00f2te pr\u00e8v abi sou timoun oswa abi seksy\u00e8l.<\/span><\/li>\n<\/ul>\n<p><b>Ke li nan pi bon enter\u00e8 ou<\/b><\/p>\n<ul>\n<li style=\"font-weight: 400;\" aria-level=\"1\"><span style=\"font-weight: 400;\">Si ou ap eseye pwouve enplikasyon yon paran (oswa gadyen \u0642\u0627\u0646\u0648\u0646\u06cc) sou gwos\u00e8s ou a pa nan pi bon enter\u00e8 ou\u060c ou ap oblije pwouve sa bay jij la l\u00e8 l l s\u00e8vi av\u00e8k pr\u00e8v kl\u00e8 ak konvenkan. Pr\u00e8v kl\u00e8 ak konvenkan vle di ke ou ap gen pou pwouve ke li gen anpil chans paske li pa nan pi bon enter\u00e8 ou pou ou enplike paran ou oswa gadyen ou\u06d4<\/span><\/li>\n<li style=\"font-weight: 400;\" aria-level=\"1\"><span style=\"font-weight: 400;\">Tribinal Florid yo pa konsidere laper\u00e8z ou pou yo enplike yon paran se yon rezon ase pou jwenn sa ke ou bezwen yon egzansyon jidisy\u00e8 nan egzijans avi a. Gen yon laper\u00e8z jeneral ke yon paran pa pral konprann av\u00f2tman oswa tonbe fache sou gwos\u00e8s ou a anjeneral pa ase pou etabli ke li nan pi bon enter\u00e8 ou pa enplike paran ou oswa gadyen.<\/span><\/li>\n<li style=\"font-weight: 400;\" aria-level=\"1\"><span style=\"font-weight: 400;\">Plizy\u00e8 tribinal nan Eta Florid te baze desizyon yo pou det\u00e8mine ke yon egzansyon jidisy\u00e8 se nan pi bon enter\u00e8 min\u00e8 a l\u00e8 yo konsidere fakt\u00e8 sa yo:<\/span><\/li>\n<\/ul>\n<ul>\n<li style=\"list-style-type: none;\">\n<ul>\n<li style=\"font-weight: 400;\" aria-level=\"1\"><span style=\"font-weight: 400;\">bezwen emosyon\u00e8l oswa fizik min\u00e8 a;<\/span><\/li>\n<li style=\"font-weight: 400;\" aria-level=\"1\"><span style=\"font-weight: 400;\">posiblite pou entimidasyon, l\u00f2t blesi emosyon\u00e8l, oswa danje fizik pou min\u00e8 a;<\/span><\/li>\n<li style=\"font-weight: 400;\" aria-level=\"1\"><span style=\"font-weight: 400;\">estabilite nan kay min\u00e8 a ak posiblite pou notifikasyon ta lak\u00f2z domaj grav ak dirab nan estrikti fanmi an;<\/span><\/li>\n<li style=\"font-weight: 400;\" aria-level=\"1\"><span style=\"font-weight: 400;\">relasyon ant paran yo ak min\u00e8 a ak ef\u00e8 notifikasyon sou relasyon sa a, epi<\/span><\/li>\n<li style=\"font-weight: 400;\" aria-level=\"1\"><span style=\"font-weight: 400;\">\u0645\u0645\u06a9\u0646\u06c1 \u0637\u0648\u0631 \u067e\u0631 \u0646\u0648\u0679\u06cc\u0641\u06cc\u06a9\u06cc\u0634\u0646 \u06a9\u0627 \u0645\u06cc\u0646\u0646 \u067e\u0631\u0627\u0646 \u06cc\u0648 \u0631\u06cc\u0679\u0627\u0626\u0631 \u06c1\u0648\u0646\u06d2 \u06a9\u06d2 \u0644\u0626\u06d2 \u06cc\u0648 \u0627\u06cc\u0645\u0648\u0633\u06cc\u0648\u0646\u06cc\u0644\u0645\u06cc\u0646<\/span><\/li>\n<\/ul>\n<\/li>\n<\/ul>\n<p><span style=\"font-weight: 400;\"><br \/>\n\u06af\u0688 \u0679\u0648&quot;<\/span><a href=\"https:\/\/floridareprofreedom.org\/ur\/%d8%b9%d8%af%d8%a7%d9%84%d8%aa%db%8c-%d8%a8%d8%a7%d8%a6%db%8c-%d9%be%d8%a7%d8%b3\/egzansyon-jidisye-an-florid\/%da%a9%db%8c-%da%a9%d9%84%db%8c%d8%aa%db%92-%da%a9%db%8c%d8%b3%db%8c%d9%88%da%ba-%d8%ac%db%8c%d8%ac-%d9%84%d8%a7-%d8%a7%d9%be-%d9%be%d9%88%d8%b2%db%92-%d9%85%db%8c%d9%88%db%8c%d9%86\/\"><span style=\"font-weight: 400;\">\u06a9\u06cc \u06a9\u0644\u06cc\u062a\u06d2 \u06a9\u06cc\u0633\u06cc\u0648\u06ba \u062c\u06cc\u062c \u0644\u0627 \u0627\u067e \u067e\u0648\u0632\u06d2 \u0645\u06cc\u0648\u06cc\u0646<\/span><\/a><span style=\"font-weight: 400;\">\u061f .<\/span><\/p>","protected":false},"excerpt":{"rendered":"<p>Gen twa rezon diferan ke yon jij pral deside bay yon baypas jidisy\u00e8. Ou dwe ka moutre omwen youn nan twa rezon sila yo. Si plis pase youn nan twa rezon sila yo aplike pou ou, ou ta dwe eksplike chak rezon ki aplikab yo. Twa rezon yo se: Ke ou gen ase matirite Pou [&hellip;]<\/p>\n","protected":false},"author":7,"featured_media":0,"parent":3142,"menu_order":0,"comment_status":"closed","ping_status":"closed","template":"","meta":{"footnotes":""},"folder":[35,8],"class_list":["post-3174","page","type-page","status-publish","hentry"],"yoast_head":"<!-- This site is optimized with the Yoast SEO plugin v27.3 - https:\/\/yoast.com\/product\/yoast-seo-wordpress\/ -->\n<title>Kisa jij la pral konsidere? - Floridians For Reproductive Freedom<\/title>\n<meta name=\"description\" content=\"Si w pa ka jwenn p\u00e8misyon paran w oswa mande paran w, ou ka f\u00e8 yon av\u00f2tman san okenn paran w pa enplike si w ale nan tribinal epi yo ba w yon \u201cegzansyon jidisy\u00e8\u201d.\" \/>\n<meta name=\"robots\" content=\"index, follow, max-snippet:-1, max-image-preview:large, max-video-preview:-1\" \/>\n<link rel=\"canonical\" href=\"https:\/\/floridareprofreedom.org\/ur\/\u0639\u062f\u0627\u0644\u062a\u06cc-\u0628\u0627\u0626\u06cc-\u067e\u0627\u0633\/egzansyon-jidisye-an-florid\/kisa-jij-la-pral-konsidere\/\" \/>\n<meta property=\"og:locale\" content=\"en_US\" \/>\n<meta property=\"og:type\" content=\"article\" \/>\n<meta property=\"og:title\" content=\"Kisa jij la pral konsidere? - Floridians For Reproductive Freedom\" \/>\n<meta property=\"og:description\" content=\"Si w pa ka jwenn p\u00e8misyon paran w oswa mande paran w, ou ka f\u00e8 yon av\u00f2tman san okenn paran w pa enplike si w ale nan tribinal epi yo ba w yon \u201cegzansyon jidisy\u00e8\u201d.\" \/>\n<meta property=\"og:url\" content=\"https:\/\/floridareprofreedom.org\/ur\/\u0639\u062f\u0627\u0644\u062a\u06cc-\u0628\u0627\u0626\u06cc-\u067e\u0627\u0633\/egzansyon-jidisye-an-florid\/kisa-jij-la-pral-konsidere\/\" \/>\n<meta property=\"og:site_name\" content=\"Floridians For Reproductive Freedom\" \/>\n<meta property=\"article:publisher\" content=\"https:\/\/www.facebook.com\/FloridaReproFreedom\/\" \/>\n<meta property=\"article:modified_time\" content=\"2024-01-02T22:57:54+00:00\" \/>\n<meta name=\"twitter:card\" content=\"summary_large_image\" \/>\n<meta name=\"twitter:site\" content=\"@FLReproFreedom\" \/>\n<meta name=\"twitter:label1\" content=\"Est. reading time\" \/>\n\t<meta name=\"twitter:data1\" content=\"5 \u0645\u0646\u0679\u0633\" \/>\n<script type=\"application\/ld+json\" class=\"yoast-schema-graph\">{\"@context\":\"https:\\\/\\\/schema.org\",\"@graph\":[{\"@type\":\"WebPage\",\"@id\":\"https:\\\/\\\/floridareprofreedom.org\\\/judicialbypass\\\/egzansyon-jidisye-an-florid\\\/kisa-jij-la-pral-konsidere\\\/\",\"url\":\"https:\\\/\\\/floridareprofreedom.org\\\/judicialbypass\\\/egzansyon-jidisye-an-florid\\\/kisa-jij-la-pral-konsidere\\\/\",\"name\":\"Kisa jij la pral konsidere? - Floridians For Reproductive Freedom\",\"isPartOf\":{\"@id\":\"https:\\\/\\\/floridareprofreedom.org\\\/#website\"},\"datePublished\":\"2024-01-02T22:28:39+00:00\",\"dateModified\":\"2024-01-02T22:57:54+00:00\",\"description\":\"Si w pa ka jwenn p\u00e8misyon paran w oswa mande paran w, ou ka f\u00e8 yon av\u00f2tman san okenn paran w pa enplike si w ale nan tribinal epi yo ba w yon \u201cegzansyon jidisy\u00e8\u201d.\",\"breadcrumb\":{\"@id\":\"https:\\\/\\\/floridareprofreedom.org\\\/judicialbypass\\\/egzansyon-jidisye-an-florid\\\/kisa-jij-la-pral-konsidere\\\/#breadcrumb\"},\"inLanguage\":\"ur\",\"potentialAction\":[{\"@type\":\"ReadAction\",\"target\":[\"https:\\\/\\\/floridareprofreedom.org\\\/judicialbypass\\\/egzansyon-jidisye-an-florid\\\/kisa-jij-la-pral-konsidere\\\/\"]}]},{\"@type\":\"BreadcrumbList\",\"@id\":\"https:\\\/\\\/floridareprofreedom.org\\\/judicialbypass\\\/egzansyon-jidisye-an-florid\\\/kisa-jij-la-pral-konsidere\\\/#breadcrumb\",\"itemListElement\":[{\"@type\":\"ListItem\",\"position\":1,\"name\":\"Home\",\"item\":\"https:\\\/\\\/floridareprofreedom.org\\\/\"},{\"@type\":\"ListItem\",\"position\":2,\"name\":\"Judicial Bypass in Florida\",\"item\":\"https:\\\/\\\/floridareprofreedom.org\\\/judicialbypass\\\/\"},{\"@type\":\"ListItem\",\"position\":3,\"name\":\"Egzansyon Jidisy\u00e8 an Florid\",\"item\":\"https:\\\/\\\/floridareprofreedom.org\\\/judicialbypass\\\/egzansyon-jidisye-an-florid\\\/\"},{\"@type\":\"ListItem\",\"position\":4,\"name\":\"Kisa jij la pral konsidere?\"}]},{\"@type\":\"WebSite\",\"@id\":\"https:\\\/\\\/floridareprofreedom.org\\\/#website\",\"url\":\"https:\\\/\\\/floridareprofreedom.org\\\/\",\"name\":\"Floridians For Reproductive Freedom\",\"description\":\"Advocating for convenient, affordable, and safe access to reproductive health care, including abortion.\",\"publisher\":{\"@id\":\"https:\\\/\\\/floridareprofreedom.org\\\/#organization\"},\"potentialAction\":[{\"@type\":\"SearchAction\",\"target\":{\"@type\":\"EntryPoint\",\"urlTemplate\":\"https:\\\/\\\/floridareprofreedom.org\\\/?s={search_term_string}\"},\"query-input\":{\"@type\":\"PropertyValueSpecification\",\"valueRequired\":true,\"valueName\":\"search_term_string\"}}],\"inLanguage\":\"ur\"},{\"@type\":\"Organization\",\"@id\":\"https:\\\/\\\/floridareprofreedom.org\\\/#organization\",\"name\":\"Floridians for Reproductive Freedom\",\"url\":\"https:\\\/\\\/floridareprofreedom.org\\\/\",\"logo\":{\"@type\":\"ImageObject\",\"inLanguage\":\"ur\",\"@id\":\"https:\\\/\\\/floridareprofreedom.org\\\/#\\\/schema\\\/logo\\\/image\\\/\",\"url\":\"https:\\\/\\\/floridareprofreedom.org\\\/wp-content\\\/uploads\\\/2019\\\/05\\\/Untitled.jpg\",\"contentUrl\":\"https:\\\/\\\/floridareprofreedom.org\\\/wp-content\\\/uploads\\\/2019\\\/05\\\/Untitled.jpg\",\"width\":174,\"height\":180,\"caption\":\"Floridians for Reproductive Freedom\"},\"image\":{\"@id\":\"https:\\\/\\\/floridareprofreedom.org\\\/#\\\/schema\\\/logo\\\/image\\\/\"},\"sameAs\":[\"https:\\\/\\\/www.facebook.com\\\/FloridaReproFreedom\\\/\",\"https:\\\/\\\/x.com\\\/FLReproFreedom\",\"https:\\\/\\\/www.instagram.com\\\/floridareprofreedom\\\/\"]}]}<\/script>\n<!-- \/ Yoast SEO plugin. -->","yoast_head_json":{"title":"Kisa jij la pral konsidere? - \u062a\u0648\u0644\u06cc\u062f\u06cc \u0622\u0632\u0627\u062f\u06cc \u06a9\u06d2 \u0644\u06cc\u06d2 \u0641\u0644\u0648\u0631\u06cc\u0688\u06cc\u0646","description":"Si wpa ka jwenn p\u00e8misyon paran w oswa mande paran w, ou ka f\u00e8 yon av\u00f2tman san okenn paran w pa enplike si w ale nan tribinal epi yo ba w yon \u201cegzansyon jidisy\u00e8\u201d\u06d4","robots":{"index":"index","follow":"follow","max-snippet":"max-snippet:-1","max-image-preview":"max-image-preview:large","max-video-preview":"max-video-preview:-1"},"canonical":"https:\/\/floridareprofreedom.org\/ur\/\u0639\u062f\u0627\u0644\u062a\u06cc-\u0628\u0627\u0626\u06cc-\u067e\u0627\u0633\/egzansyon-jidisye-an-florid\/kisa-jij-la-pral-konsidere\/","og_locale":"en_US","og_type":"article","og_title":"Kisa jij la pral konsidere? - Floridians For Reproductive Freedom","og_description":"Si w pa ka jwenn p\u00e8misyon paran w oswa mande paran w, ou ka f\u00e8 yon av\u00f2tman san okenn paran w pa enplike si w ale nan tribinal epi yo ba w yon \u201cegzansyon jidisy\u00e8\u201d.","og_url":"https:\/\/floridareprofreedom.org\/ur\/\u0639\u062f\u0627\u0644\u062a\u06cc-\u0628\u0627\u0626\u06cc-\u067e\u0627\u0633\/egzansyon-jidisye-an-florid\/kisa-jij-la-pral-konsidere\/","og_site_name":"Floridians For Reproductive Freedom","article_publisher":"https:\/\/www.facebook.com\/FloridaReproFreedom\/","article_modified_time":"2024-01-02T22:57:54+00:00","twitter_card":"summary_large_image","twitter_site":"@FLReproFreedom","twitter_misc":{"Est. reading time":"5 \u0645\u0646\u0679\u0633"},"schema":{"@context":"https:\/\/schema.org","@graph":[{"@type":"WebPage","@id":"https:\/\/floridareprofreedom.org\/judicialbypass\/egzansyon-jidisye-an-florid\/kisa-jij-la-pral-konsidere\/","url":"https:\/\/floridareprofreedom.org\/judicialbypass\/egzansyon-jidisye-an-florid\/kisa-jij-la-pral-konsidere\/","name":"Kisa jij la pral konsidere? - \u062a\u0648\u0644\u06cc\u062f\u06cc \u0622\u0632\u0627\u062f\u06cc \u06a9\u06d2 \u0644\u06cc\u06d2 \u0641\u0644\u0648\u0631\u06cc\u0688\u06cc\u0646","isPartOf":{"@id":"https:\/\/floridareprofreedom.org\/#website"},"datePublished":"2024-01-02T22:28:39+00:00","dateModified":"2024-01-02T22:57:54+00:00","description":"Si wpa ka jwenn p\u00e8misyon paran w oswa mande paran w, ou ka f\u00e8 yon av\u00f2tman san okenn paran w pa enplike si w ale nan tribinal epi yo ba w yon \u201cegzansyon jidisy\u00e8\u201d\u06d4","breadcrumb":{"@id":"https:\/\/floridareprofreedom.org\/judicialbypass\/egzansyon-jidisye-an-florid\/kisa-jij-la-pral-konsidere\/#breadcrumb"},"inLanguage":"ur","potentialAction":[{"@type":"ReadAction","target":["https:\/\/floridareprofreedom.org\/judicialbypass\/egzansyon-jidisye-an-florid\/kisa-jij-la-pral-konsidere\/"]}]},{"@type":"BreadcrumbList","@id":"https:\/\/floridareprofreedom.org\/judicialbypass\/egzansyon-jidisye-an-florid\/kisa-jij-la-pral-konsidere\/#breadcrumb","itemListElement":[{"@type":"ListItem","position":1,"name":"Home","item":"https:\/\/floridareprofreedom.org\/"},{"@type":"ListItem","position":2,"name":"Judicial Bypass in Florida","item":"https:\/\/floridareprofreedom.org\/judicialbypass\/"},{"@type":"ListItem","position":3,"name":"Egzansyon Jidisy\u00e8 an Florid","item":"https:\/\/floridareprofreedom.org\/judicialbypass\/egzansyon-jidisye-an-florid\/"},{"@type":"ListItem","position":4,"name":"Kisa jij la pral konsidere?"}]},{"@type":"WebSite","@id":"https:\/\/floridareprofreedom.org\/#website","url":"https:\/\/floridareprofreedom.org\/","name":"\u0641\u0644\u0648\u0631\u06cc\u0688\u06cc\u0646 \u062a\u0648\u0644\u06cc\u062f\u06cc \u0622\u0632\u0627\u062f\u06cc \u06a9\u06d2 \u0644\u06cc\u06d2","description":"\u0627\u0633\u0642\u0627\u0637 \u062d\u0645\u0644 \u0633\u0645\u06cc\u062a \u062a\u0648\u0644\u06cc\u062f\u06cc \u0635\u062d\u062a \u06a9\u06cc \u062f\u06cc\u06a9\u06be \u0628\u06be\u0627\u0644 \u062a\u06a9 \u0622\u0633\u0627\u0646\u060c \u0633\u0633\u062a\u06cc \u0627\u0648\u0631 \u0645\u062d\u0641\u0648\u0638 \u0631\u0633\u0627\u0626\u06cc \u06a9\u06cc \u0648\u06a9\u0627\u0644\u062a \u06a9\u0631\u0646\u0627\u06d4","publisher":{"@id":"https:\/\/floridareprofreedom.org\/#organization"},"potentialAction":[{"@type":"SearchAction","target":{"@type":"EntryPoint","urlTemplate":"https:\/\/floridareprofreedom.org\/?s={search_term_string}"},"query-input":{"@type":"PropertyValueSpecification","valueRequired":true,"valueName":"search_term_string"}}],"inLanguage":"ur"},{"@type":"Organization","@id":"https:\/\/floridareprofreedom.org\/#organization","name":"\u062a\u0648\u0644\u06cc\u062f\u06cc \u0622\u0632\u0627\u062f\u06cc \u06a9\u06d2 \u0644\u06cc\u06d2 \u0641\u0644\u0648\u0631\u06cc\u0688\u06cc\u0646","url":"https:\/\/floridareprofreedom.org\/","logo":{"@type":"ImageObject","inLanguage":"ur","@id":"https:\/\/floridareprofreedom.org\/#\/schema\/logo\/image\/","url":"https:\/\/floridareprofreedom.org\/wp-content\/uploads\/2019\/05\/Untitled.jpg","contentUrl":"https:\/\/floridareprofreedom.org\/wp-content\/uploads\/2019\/05\/Untitled.jpg","width":174,"height":180,"caption":"Floridians for Reproductive Freedom"},"image":{"@id":"https:\/\/floridareprofreedom.org\/#\/schema\/logo\/image\/"},"sameAs":["https:\/\/www.facebook.com\/FloridaReproFreedom\/","https:\/\/x.com\/FLReproFreedom","https:\/\/www.instagram.com\/floridareprofreedom\/"]}]}},"_links":{"self":[{"href":"https:\/\/floridareprofreedom.org\/ur\/wp-json\/wp\/v2\/pages\/3174","targetHints":{"allow":["GET"]}}],"collection":[{"href":"https:\/\/floridareprofreedom.org\/ur\/wp-json\/wp\/v2\/pages"}],"about":[{"href":"https:\/\/floridareprofreedom.org\/ur\/wp-json\/wp\/v2\/types\/page"}],"author":[{"embeddable":true,"href":"https:\/\/floridareprofreedom.org\/ur\/wp-json\/wp\/v2\/users\/7"}],"replies":[{"embeddable":true,"href":"https:\/\/floridareprofreedom.org\/ur\/wp-json\/wp\/v2\/comments?post=3174"}],"version-history":[{"count":3,"href":"https:\/\/floridareprofreedom.org\/ur\/wp-json\/wp\/v2\/pages\/3174\/revisions"}],"predecessor-version":[{"id":3187,"href":"https:\/\/floridareprofreedom.org\/ur\/wp-json\/wp\/v2\/pages\/3174\/revisions\/3187"}],"up":[{"embeddable":true,"href":"https:\/\/floridareprofreedom.org\/ur\/wp-json\/wp\/v2\/pages\/3142"}],"wp:attachment":[{"href":"https:\/\/floridareprofreedom.org\/ur\/wp-json\/wp\/v2\/media?parent=3174"}],"wp:term":[{"taxonomy":"folder","embeddable":true,"href":"https:\/\/floridareprofreedom.org\/ur\/wp-json\/wp\/v2\/folder?post=3174"}],"curies":[{"name":"wp","href":"https:\/\/api.w.org\/{rel}","templated":true}]}}