{"id":3176,"date":"2024-01-02T22:32:05","date_gmt":"2024-01-02T22:32:05","guid":{"rendered":"https:\/\/floridareprofreedom.org\/?page_id=3176"},"modified":"2024-01-02T22:32:05","modified_gmt":"2024-01-02T22:32:05","slug":"eske-mwen-bezwen-yon-avoka","status":"publish","type":"page","link":"https:\/\/floridareprofreedom.org\/ur\/judicialbypass\/egzansyon-jidisye-an-florid\/eske-mwen-bezwen-yon-avoka\/","title":{"rendered":"\u00c8ske mwen bezwen yon avoka\u061f"},"content":{"rendered":"<p><span style=\"font-weight: 400;\">Lwa Florid pa egzije ou gen yon avoka si wap depoze yon petisyon pou egzansyon jidisy\u00e8\u06d4 \u0627\u06cc\u06a9 \u0645\u06cc\u0646\u0645 \u0679\u06cc\u0646\u060c <strong>\u0627\u0648 \u062c\u0646 \u062f\u0648 \u067e\u0648\u0648 \u0645\u0627\u0646\u062f\u06d2 \u06cc\u0648\u0646 \u0627\u06cc\u0648\u06a9\u0627 \u0679\u0631\u0627\u0626\u0628\u06cc\u0646\u0644 \u0644\u0627 \u0686\u0648\u0627\u0632\u06cc \u0633\u0627\u0646\u0648 \u067e\u0627 \u067e\u06cc\u0648 \u0633\u0627<\/strong>, poul gidew pandan pwosesis la epi akonpanyew nan lodyans devan tribinal la. \u0627\u0646\u067e\u06cc\u0644 \u0645\u0648\u0646 \u062a\u0648\u062c\u0648 \u0686\u0648\u0627\u0632\u06cc \u0645\u0646\u0688\u06d2<\/span><span style=\"font-weight: 400;\"> \u00e8d<\/span><span style=\"font-weight: 400;\"> avoka tribinal la chwazi a.<\/span><\/p>\n<p><span style=\"font-weight: 400;\">Si ou deside ou vle yon avoka edew pito, ou ka kontakte tribinal ki pi prew la epi yap baw enf<\/span><span style=\"font-weight: 400;\">\u00f2<\/span><span style=\"font-weight: 400;\">masyon avoka pouw kontakte a. Oubyen tou, ou kapab kontakte rezo Jane lan nan <\/span><a href=\"mailto:info@janenetworkfl.org\"><span style=\"font-weight: 400;\">info@janenetworkfl.org<\/span><\/a><span style=\"font-weight: 400;\"> pou yo edew jwenn asistans \u0642\u0627\u0646\u0648\u0646\u06cc \u0645\u0641\u062a\u06d4\u00a0<\/span><\/p>\n<p><span style=\"font-weight: 400;\">Wap di avoka a tout rezon ki f<\/span><span style=\"font-weight: 400;\">\u00e8<\/span><span style=\"font-weight: 400;\"> ou vle kanpe gwos<\/span><span style=\"font-weight: 400;\">\u00e8<\/span><span style=\"font-weight: 400;\">s ou a. Tout sa ou di avoka a ap rete yon sekr<\/span><span style=\"font-weight: 400;\">\u00e8<\/span><span style=\"font-weight: 400;\">, avoka a pap di okenn l<\/span><span style=\"font-weight: 400;\">\u00f2<\/span><span style=\"font-weight: 400;\">t moun sa ou pataje av<\/span><span style=\"font-weight: 400;\">\u00e8<\/span><span style=\"font-weight: 400;\">k li yo, s<\/span><span style=\"font-weight: 400;\">\u00e8<\/span><span style=\"font-weight: 400;\">l si ou dil li kapab f\u00e8 sa.<\/span><\/p>\n<p><span style=\"font-weight: 400;\">Si avoka a prepar petisyon an pou ou, ou gen dwa pouw revizel avan li depozel. \u0646\u0627\u0646 \u06a9<\/span><span style=\"font-weight: 400;\">\u00e8<\/span><span style=\"font-weight: 400;\">k kominn f<\/span><span style=\"font-weight: 400;\">\u00f2<\/span><span style=\"font-weight: 400;\">k ou prezan nan tribinal la l<\/span><span style=\"font-weight: 400;\">\u00e8<\/span><span style=\"font-weight: 400;\"> avoka a ap depoze petisyon an.<\/span><\/p>\n<p><span style=\"font-weight: 400;\">Kou petisyon an finn depoze, Lalwa florid mande pou yon jij rankontre av\u00e8w ak avokaw (siw gen youn), pou li tande plis sou sa ou mande a epi pran yon desizyon. Sa ka pran jiska 3 jou pou jij la aksepte oswa refize egzansyon an\u06d4<\/span><\/p>\n<p><span style=\"font-weight: 400;\">Siw deside ou pa bezwen yon avoka\u060c sa pa yon pwobl<\/span><span style=\"font-weight: 400;\">\u00e8<\/span><span style=\"font-weight: 400;\">m \u0627\u0648\u0648 \u067e\u0627 \u0628\u06cc\u0632\u0648\u06cc\u0646 \u06cc\u0648\u0646 \u0627\u06cc\u0648\u06a9\u0627 \u067e\u0648\u0648 \u0688\u06cc\u067e\u0648\u0632 \u06cc\u0648\u0646 \u067e\u06cc\u0679\u06cc\u0633\u06cc\u0648\u0646 \u0627\u0648\u0628\u06cc\u0626\u0646 \u067e\u0648\u0648 \u067e\u0627\u0631<\/span><span style=\"font-weight: 400;\">\u00e8<\/span><span style=\"font-weight: 400;\">t \u062f\u06cc\u0648\u0627\u0646 \u062c\u06cc\u062c \u0644\u0627<\/span><span style=\"font-weight: 400;\">\u00e8<\/span><span style=\"font-weight: 400;\"> lodyans lan. Si ou siv etap ki dekri nan paj avan an ou ka ekri petisyonw poukont ou\u06d4<\/span><\/p>","protected":false},"excerpt":{"rendered":"<p>Lwa Florid pa egzije ou gen yon avoka si wap depoze yon petisyon pou egzansyon\u00a0 jidisy\u00e8. An menm tan, ou gen dwa pouw mande yon avoka tribinal la chwazi sanw pa peye pou sa, poul gidew pandan pwosesis la epi akonpanyew nan lodyans devan tribinal la. Anpil moun toujou chwazi mande \u00e8d avoka tribinal la [&hellip;]<\/p>\n","protected":false},"author":7,"featured_media":0,"parent":3142,"menu_order":0,"comment_status":"closed","ping_status":"closed","template":"","meta":{"footnotes":""},"folder":[35,8],"class_list":["post-3176","page","type-page","status-publish","hentry"],"yoast_head":"<!-- This site is optimized with the Yoast SEO plugin v27.3 - https:\/\/yoast.com\/product\/yoast-seo-wordpress\/ -->\n<title>\u00c8ske mwen bezwen yon avoka? - Floridians For Reproductive Freedom<\/title>\n<meta name=\"description\" content=\"Si w pa ka jwenn p\u00e8misyon paran w oswa mande paran w, ou ka f\u00e8 yon av\u00f2tman san okenn paran w pa enplike si w ale nan tribinal epi yo ba w yon \u201cegzansyon jidisy\u00e8\u201d.\" \/>\n<meta name=\"robots\" content=\"index, follow, max-snippet:-1, max-image-preview:large, max-video-preview:-1\" \/>\n<link rel=\"canonical\" href=\"https:\/\/floridareprofreedom.org\/ur\/\u0639\u062f\u0627\u0644\u062a\u06cc-\u0628\u0627\u0626\u06cc-\u067e\u0627\u0633\/egzansyon-jidisye-an-florid\/eske-mwen-bezwen-yon-avoka\/\" \/>\n<meta property=\"og:locale\" content=\"en_US\" \/>\n<meta property=\"og:type\" content=\"article\" \/>\n<meta property=\"og:title\" content=\"\u00c8ske mwen bezwen yon avoka? - Floridians For Reproductive Freedom\" \/>\n<meta property=\"og:description\" content=\"Si w pa ka jwenn p\u00e8misyon paran w oswa mande paran w, ou ka f\u00e8 yon av\u00f2tman san okenn paran w pa enplike si w ale nan tribinal epi yo ba w yon \u201cegzansyon jidisy\u00e8\u201d.\" \/>\n<meta property=\"og:url\" content=\"https:\/\/floridareprofreedom.org\/ur\/\u0639\u062f\u0627\u0644\u062a\u06cc-\u0628\u0627\u0626\u06cc-\u067e\u0627\u0633\/egzansyon-jidisye-an-florid\/eske-mwen-bezwen-yon-avoka\/\" \/>\n<meta property=\"og:site_name\" content=\"Floridians For Reproductive Freedom\" \/>\n<meta property=\"article:publisher\" content=\"https:\/\/www.facebook.com\/FloridaReproFreedom\/\" \/>\n<meta name=\"twitter:card\" content=\"summary_large_image\" \/>\n<meta name=\"twitter:site\" content=\"@FLReproFreedom\" \/>\n<meta name=\"twitter:label1\" content=\"Est. reading time\" \/>\n\t<meta name=\"twitter:data1\" content=\"2 \u0645\u0646\u0679\u0633\" \/>\n<script type=\"application\/ld+json\" class=\"yoast-schema-graph\">{\"@context\":\"https:\\\/\\\/schema.org\",\"@graph\":[{\"@type\":\"WebPage\",\"@id\":\"https:\\\/\\\/floridareprofreedom.org\\\/judicialbypass\\\/egzansyon-jidisye-an-florid\\\/eske-mwen-bezwen-yon-avoka\\\/\",\"url\":\"https:\\\/\\\/floridareprofreedom.org\\\/judicialbypass\\\/egzansyon-jidisye-an-florid\\\/eske-mwen-bezwen-yon-avoka\\\/\",\"name\":\"\u00c8ske mwen bezwen yon avoka? - Floridians For Reproductive Freedom\",\"isPartOf\":{\"@id\":\"https:\\\/\\\/floridareprofreedom.org\\\/#website\"},\"datePublished\":\"2024-01-02T22:32:05+00:00\",\"description\":\"Si w pa ka jwenn p\u00e8misyon paran w oswa mande paran w, ou ka f\u00e8 yon av\u00f2tman san okenn paran w pa enplike si w ale nan tribinal epi yo ba w yon \u201cegzansyon jidisy\u00e8\u201d.\",\"breadcrumb\":{\"@id\":\"https:\\\/\\\/floridareprofreedom.org\\\/judicialbypass\\\/egzansyon-jidisye-an-florid\\\/eske-mwen-bezwen-yon-avoka\\\/#breadcrumb\"},\"inLanguage\":\"ur\",\"potentialAction\":[{\"@type\":\"ReadAction\",\"target\":[\"https:\\\/\\\/floridareprofreedom.org\\\/judicialbypass\\\/egzansyon-jidisye-an-florid\\\/eske-mwen-bezwen-yon-avoka\\\/\"]}]},{\"@type\":\"BreadcrumbList\",\"@id\":\"https:\\\/\\\/floridareprofreedom.org\\\/judicialbypass\\\/egzansyon-jidisye-an-florid\\\/eske-mwen-bezwen-yon-avoka\\\/#breadcrumb\",\"itemListElement\":[{\"@type\":\"ListItem\",\"position\":1,\"name\":\"Home\",\"item\":\"https:\\\/\\\/floridareprofreedom.org\\\/\"},{\"@type\":\"ListItem\",\"position\":2,\"name\":\"Judicial Bypass in Florida\",\"item\":\"https:\\\/\\\/floridareprofreedom.org\\\/judicialbypass\\\/\"},{\"@type\":\"ListItem\",\"position\":3,\"name\":\"Egzansyon Jidisy\u00e8 an Florid\",\"item\":\"https:\\\/\\\/floridareprofreedom.org\\\/judicialbypass\\\/egzansyon-jidisye-an-florid\\\/\"},{\"@type\":\"ListItem\",\"position\":4,\"name\":\"\u00c8ske mwen bezwen yon avoka?\"}]},{\"@type\":\"WebSite\",\"@id\":\"https:\\\/\\\/floridareprofreedom.org\\\/#website\",\"url\":\"https:\\\/\\\/floridareprofreedom.org\\\/\",\"name\":\"Floridians For Reproductive Freedom\",\"description\":\"Advocating for convenient, affordable, and safe access to reproductive health care, including abortion.\",\"publisher\":{\"@id\":\"https:\\\/\\\/floridareprofreedom.org\\\/#organization\"},\"potentialAction\":[{\"@type\":\"SearchAction\",\"target\":{\"@type\":\"EntryPoint\",\"urlTemplate\":\"https:\\\/\\\/floridareprofreedom.org\\\/?s={search_term_string}\"},\"query-input\":{\"@type\":\"PropertyValueSpecification\",\"valueRequired\":true,\"valueName\":\"search_term_string\"}}],\"inLanguage\":\"ur\"},{\"@type\":\"Organization\",\"@id\":\"https:\\\/\\\/floridareprofreedom.org\\\/#organization\",\"name\":\"Floridians for Reproductive Freedom\",\"url\":\"https:\\\/\\\/floridareprofreedom.org\\\/\",\"logo\":{\"@type\":\"ImageObject\",\"inLanguage\":\"ur\",\"@id\":\"https:\\\/\\\/floridareprofreedom.org\\\/#\\\/schema\\\/logo\\\/image\\\/\",\"url\":\"https:\\\/\\\/floridareprofreedom.org\\\/wp-content\\\/uploads\\\/2019\\\/05\\\/Untitled.jpg\",\"contentUrl\":\"https:\\\/\\\/floridareprofreedom.org\\\/wp-content\\\/uploads\\\/2019\\\/05\\\/Untitled.jpg\",\"width\":174,\"height\":180,\"caption\":\"Floridians for Reproductive Freedom\"},\"image\":{\"@id\":\"https:\\\/\\\/floridareprofreedom.org\\\/#\\\/schema\\\/logo\\\/image\\\/\"},\"sameAs\":[\"https:\\\/\\\/www.facebook.com\\\/FloridaReproFreedom\\\/\",\"https:\\\/\\\/x.com\\\/FLReproFreedom\",\"https:\\\/\\\/www.instagram.com\\\/floridareprofreedom\\\/\"]}]}<\/script>\n<!-- \/ Yoast SEO plugin. -->","yoast_head_json":{"title":"\u00c8ske mwen bezwen yon avoka\u061f - \u062a\u0648\u0644\u06cc\u062f\u06cc \u0622\u0632\u0627\u062f\u06cc \u06a9\u06d2 \u0644\u06cc\u06d2 \u0641\u0644\u0648\u0631\u06cc\u0688\u06cc\u0646","description":"Si wpa ka jwenn p\u00e8misyon paran w oswa mande paran w, ou ka f\u00e8 yon av\u00f2tman san okenn paran w pa enplike si w ale nan tribinal epi yo ba w yon \u201cegzansyon jidisy\u00e8\u201d\u06d4","robots":{"index":"index","follow":"follow","max-snippet":"max-snippet:-1","max-image-preview":"max-image-preview:large","max-video-preview":"max-video-preview:-1"},"canonical":"https:\/\/floridareprofreedom.org\/ur\/\u0639\u062f\u0627\u0644\u062a\u06cc-\u0628\u0627\u0626\u06cc-\u067e\u0627\u0633\/egzansyon-jidisye-an-florid\/eske-mwen-bezwen-yon-avoka\/","og_locale":"en_US","og_type":"article","og_title":"\u00c8ske mwen bezwen yon avoka? - Floridians For Reproductive Freedom","og_description":"Si w pa ka jwenn p\u00e8misyon paran w oswa mande paran w, ou ka f\u00e8 yon av\u00f2tman san okenn paran w pa enplike si w ale nan tribinal epi yo ba w yon \u201cegzansyon jidisy\u00e8\u201d.","og_url":"https:\/\/floridareprofreedom.org\/ur\/\u0639\u062f\u0627\u0644\u062a\u06cc-\u0628\u0627\u0626\u06cc-\u067e\u0627\u0633\/egzansyon-jidisye-an-florid\/eske-mwen-bezwen-yon-avoka\/","og_site_name":"Floridians For Reproductive Freedom","article_publisher":"https:\/\/www.facebook.com\/FloridaReproFreedom\/","twitter_card":"summary_large_image","twitter_site":"@FLReproFreedom","twitter_misc":{"Est. reading time":"2 \u0645\u0646\u0679\u0633"},"schema":{"@context":"https:\/\/schema.org","@graph":[{"@type":"WebPage","@id":"https:\/\/floridareprofreedom.org\/judicialbypass\/egzansyon-jidisye-an-florid\/eske-mwen-bezwen-yon-avoka\/","url":"https:\/\/floridareprofreedom.org\/judicialbypass\/egzansyon-jidisye-an-florid\/eske-mwen-bezwen-yon-avoka\/","name":"\u00c8ske mwen bezwen yon avoka\u061f - \u062a\u0648\u0644\u06cc\u062f\u06cc \u0622\u0632\u0627\u062f\u06cc \u06a9\u06d2 \u0644\u06cc\u06d2 \u0641\u0644\u0648\u0631\u06cc\u0688\u06cc\u0646","isPartOf":{"@id":"https:\/\/floridareprofreedom.org\/#website"},"datePublished":"2024-01-02T22:32:05+00:00","description":"Si wpa ka jwenn p\u00e8misyon paran w oswa mande paran w, ou ka f\u00e8 yon av\u00f2tman san okenn paran w pa enplike si w ale nan tribinal epi yo ba w yon \u201cegzansyon jidisy\u00e8\u201d\u06d4","breadcrumb":{"@id":"https:\/\/floridareprofreedom.org\/judicialbypass\/egzansyon-jidisye-an-florid\/eske-mwen-bezwen-yon-avoka\/#breadcrumb"},"inLanguage":"ur","potentialAction":[{"@type":"ReadAction","target":["https:\/\/floridareprofreedom.org\/judicialbypass\/egzansyon-jidisye-an-florid\/eske-mwen-bezwen-yon-avoka\/"]}]},{"@type":"BreadcrumbList","@id":"https:\/\/floridareprofreedom.org\/judicialbypass\/egzansyon-jidisye-an-florid\/eske-mwen-bezwen-yon-avoka\/#breadcrumb","itemListElement":[{"@type":"ListItem","position":1,"name":"Home","item":"https:\/\/floridareprofreedom.org\/"},{"@type":"ListItem","position":2,"name":"Judicial Bypass in Florida","item":"https:\/\/floridareprofreedom.org\/judicialbypass\/"},{"@type":"ListItem","position":3,"name":"Egzansyon Jidisy\u00e8 an Florid","item":"https:\/\/floridareprofreedom.org\/judicialbypass\/egzansyon-jidisye-an-florid\/"},{"@type":"ListItem","position":4,"name":"\u00c8ske mwen bezwen yon avoka?"}]},{"@type":"WebSite","@id":"https:\/\/floridareprofreedom.org\/#website","url":"https:\/\/floridareprofreedom.org\/","name":"\u0641\u0644\u0648\u0631\u06cc\u0688\u06cc\u0646 \u062a\u0648\u0644\u06cc\u062f\u06cc \u0622\u0632\u0627\u062f\u06cc \u06a9\u06d2 \u0644\u06cc\u06d2","description":"\u0627\u0633\u0642\u0627\u0637 \u062d\u0645\u0644 \u0633\u0645\u06cc\u062a \u062a\u0648\u0644\u06cc\u062f\u06cc \u0635\u062d\u062a \u06a9\u06cc \u062f\u06cc\u06a9\u06be \u0628\u06be\u0627\u0644 \u062a\u06a9 \u0622\u0633\u0627\u0646\u060c \u0633\u0633\u062a\u06cc \u0627\u0648\u0631 \u0645\u062d\u0641\u0648\u0638 \u0631\u0633\u0627\u0626\u06cc \u06a9\u06cc \u0648\u06a9\u0627\u0644\u062a \u06a9\u0631\u0646\u0627\u06d4","publisher":{"@id":"https:\/\/floridareprofreedom.org\/#organization"},"potentialAction":[{"@type":"SearchAction","target":{"@type":"EntryPoint","urlTemplate":"https:\/\/floridareprofreedom.org\/?s={search_term_string}"},"query-input":{"@type":"PropertyValueSpecification","valueRequired":true,"valueName":"search_term_string"}}],"inLanguage":"ur"},{"@type":"Organization","@id":"https:\/\/floridareprofreedom.org\/#organization","name":"\u062a\u0648\u0644\u06cc\u062f\u06cc \u0622\u0632\u0627\u062f\u06cc \u06a9\u06d2 \u0644\u06cc\u06d2 \u0641\u0644\u0648\u0631\u06cc\u0688\u06cc\u0646","url":"https:\/\/floridareprofreedom.org\/","logo":{"@type":"ImageObject","inLanguage":"ur","@id":"https:\/\/floridareprofreedom.org\/#\/schema\/logo\/image\/","url":"https:\/\/floridareprofreedom.org\/wp-content\/uploads\/2019\/05\/Untitled.jpg","contentUrl":"https:\/\/floridareprofreedom.org\/wp-content\/uploads\/2019\/05\/Untitled.jpg","width":174,"height":180,"caption":"Floridians for Reproductive Freedom"},"image":{"@id":"https:\/\/floridareprofreedom.org\/#\/schema\/logo\/image\/"},"sameAs":["https:\/\/www.facebook.com\/FloridaReproFreedom\/","https:\/\/x.com\/FLReproFreedom","https:\/\/www.instagram.com\/floridareprofreedom\/"]}]}},"_links":{"self":[{"href":"https:\/\/floridareprofreedom.org\/ur\/wp-json\/wp\/v2\/pages\/3176","targetHints":{"allow":["GET"]}}],"collection":[{"href":"https:\/\/floridareprofreedom.org\/ur\/wp-json\/wp\/v2\/pages"}],"about":[{"href":"https:\/\/floridareprofreedom.org\/ur\/wp-json\/wp\/v2\/types\/page"}],"author":[{"embeddable":true,"href":"https:\/\/floridareprofreedom.org\/ur\/wp-json\/wp\/v2\/users\/7"}],"replies":[{"embeddable":true,"href":"https:\/\/floridareprofreedom.org\/ur\/wp-json\/wp\/v2\/comments?post=3176"}],"version-history":[{"count":1,"href":"https:\/\/floridareprofreedom.org\/ur\/wp-json\/wp\/v2\/pages\/3176\/revisions"}],"predecessor-version":[{"id":3178,"href":"https:\/\/floridareprofreedom.org\/ur\/wp-json\/wp\/v2\/pages\/3176\/revisions\/3178"}],"up":[{"embeddable":true,"href":"https:\/\/floridareprofreedom.org\/ur\/wp-json\/wp\/v2\/pages\/3142"}],"wp:attachment":[{"href":"https:\/\/floridareprofreedom.org\/ur\/wp-json\/wp\/v2\/media?parent=3176"}],"wp:term":[{"taxonomy":"folder","embeddable":true,"href":"https:\/\/floridareprofreedom.org\/ur\/wp-json\/wp\/v2\/folder?post=3176"}],"curies":[{"name":"wp","href":"https:\/\/api.w.org\/{rel}","templated":true}]}}