{"id":3179,"date":"2024-01-02T22:34:35","date_gmt":"2024-01-02T22:34:35","guid":{"rendered":"https:\/\/floridareprofreedom.org\/?page_id=3179"},"modified":"2024-01-02T22:34:35","modified_gmt":"2024-01-02T22:34:35","slug":"%da%a9%d9%88%d9%86%d8%a8%db%8c%d9%86-%d9%b9%db%8c%d9%86-%d9%84%db%8c-%d9%be%d8%b1%d8%a7%d9%86-%d9%be%d9%88-%d8%ac%d9%88%db%8c%d9%86-%db%8c%d9%88%d9%86-%d8%a7%db%8c%d8%ac%d8%a7%d9%86%d8%b3%db%8c%d9%88","status":"publish","type":"page","link":"https:\/\/floridareprofreedom.org\/ur\/judicialbypass\/egzansyon-jidisye-an-florid\/konbyen-tan-li-pran-pou-jwenn-yon-egzansyon-jidisye\/","title":{"rendered":"\u06a9\u0648\u0646\u0628\u06cc\u0626\u0646 \u0679\u06cc\u0646 \u0644\u06cc \u067e\u0631\u0627\u0646 \u067e\u0627\u0624 \u062c\u0648\u06cc\u0646 \u06cc\u0648\u0646 \u0627\u06cc\u062c\u0627\u0646\u0633\u06cc\u0648\u0646 \u062c\u06cc\u0688\u06cc\u0633\u06cc\u06d4"},"content":{"rendered":"<p><span style=\"font-weight: 400;\">L\u00e8 yo depoze aplikasyon egzansyon jidisy\u00e8 w la nan yon tribinal sikonskripsyon nan Florid\u060c jij la ap pran yon desizyon sou ka a nan twa jou ouvrab.<\/span><\/p>","protected":false},"excerpt":{"rendered":"<p>L\u00e8 yo depoze aplikasyon egzansyon jidisy\u00e8 w la nan yon tribinal sikonskripsyon nan Florid\u060c jij la ap pran yon desizyon sou ka a nan twa jou ouvrab.<\/p>","protected":false},"author":7,"featured_media":0,"parent":3142,"menu_order":0,"comment_status":"closed","ping_status":"closed","template":"","meta":{"footnotes":""},"folder":[35,8],"class_list":["post-3179","page","type-page","status-publish","hentry"],"yoast_head":"<!-- This site is optimized with the Yoast SEO plugin v27.3 - https:\/\/yoast.com\/product\/yoast-seo-wordpress\/ -->\n<title>Konbyen tan li pran pou jwenn yon egzansyon jidisy\u00e8? - Floridians For Reproductive Freedom<\/title>\n<meta name=\"description\" content=\"L\u00e8 yo depoze aplikasyon egzansyon jidisy\u00e8 w la nan yon tribinal sikonskripsyon nan Florid, jij la ap pran yon desizyon sou ka a nan twa jou ouvrab.\" \/>\n<meta name=\"robots\" content=\"index, follow, max-snippet:-1, max-image-preview:large, max-video-preview:-1\" \/>\n<link rel=\"canonical\" href=\"https:\/\/floridareprofreedom.org\/ur\/\u0639\u062f\u0627\u0644\u062a\u06cc-\u0628\u0627\u0626\u06cc-\u067e\u0627\u0633\/egzansyon-jidisye-an-florid\/\u06a9\u0648\u0646\u0628\u06cc\u0646-\u0679\u06cc\u0646-\u0644\u06cc-\u067e\u0631\u0627\u0646-\u067e\u0648-\u062c\u0648\u06cc\u0646-\u06cc\u0648\u0646-\u0627\u06cc\u062c\u0627\u0646\u0633\u06cc\u0648\/\" \/>\n<meta property=\"og:locale\" content=\"en_US\" \/>\n<meta property=\"og:type\" content=\"article\" \/>\n<meta property=\"og:title\" content=\"Konbyen tan li pran pou jwenn yon egzansyon jidisy\u00e8? - Floridians For Reproductive Freedom\" \/>\n<meta property=\"og:description\" content=\"L\u00e8 yo depoze aplikasyon egzansyon jidisy\u00e8 w la nan yon tribinal sikonskripsyon nan Florid, jij la ap pran yon desizyon sou ka a nan twa jou ouvrab.\" \/>\n<meta property=\"og:url\" content=\"https:\/\/floridareprofreedom.org\/ur\/\u0639\u062f\u0627\u0644\u062a\u06cc-\u0628\u0627\u0626\u06cc-\u067e\u0627\u0633\/egzansyon-jidisye-an-florid\/\u06a9\u0648\u0646\u0628\u06cc\u0646-\u0679\u06cc\u0646-\u0644\u06cc-\u067e\u0631\u0627\u0646-\u067e\u0648-\u062c\u0648\u06cc\u0646-\u06cc\u0648\u0646-\u0627\u06cc\u062c\u0627\u0646\u0633\u06cc\u0648\/\" \/>\n<meta property=\"og:site_name\" content=\"Floridians For Reproductive Freedom\" \/>\n<meta property=\"article:publisher\" content=\"https:\/\/www.facebook.com\/FloridaReproFreedom\/\" \/>\n<meta name=\"twitter:card\" content=\"summary_large_image\" \/>\n<meta name=\"twitter:site\" content=\"@FLReproFreedom\" \/>\n<meta name=\"twitter:label1\" content=\"Est. reading time\" \/>\n\t<meta name=\"twitter:data1\" content=\"1 \u0645\u0646\u0679\" \/>\n<script type=\"application\/ld+json\" class=\"yoast-schema-graph\">{\"@context\":\"https:\\\/\\\/schema.org\",\"@graph\":[{\"@type\":\"WebPage\",\"@id\":\"https:\\\/\\\/floridareprofreedom.org\\\/judicialbypass\\\/egzansyon-jidisye-an-florid\\\/konbyen-tan-li-pran-pou-jwenn-yon-egzansyon-jidisye\\\/\",\"url\":\"https:\\\/\\\/floridareprofreedom.org\\\/judicialbypass\\\/egzansyon-jidisye-an-florid\\\/konbyen-tan-li-pran-pou-jwenn-yon-egzansyon-jidisye\\\/\",\"name\":\"Konbyen tan li pran pou jwenn yon egzansyon jidisy\u00e8? - Floridians For Reproductive Freedom\",\"isPartOf\":{\"@id\":\"https:\\\/\\\/floridareprofreedom.org\\\/#website\"},\"datePublished\":\"2024-01-02T22:34:35+00:00\",\"description\":\"L\u00e8 yo depoze aplikasyon egzansyon jidisy\u00e8 w la nan yon tribinal sikonskripsyon nan Florid, jij la ap pran yon desizyon sou ka a nan twa jou ouvrab.\",\"breadcrumb\":{\"@id\":\"https:\\\/\\\/floridareprofreedom.org\\\/judicialbypass\\\/egzansyon-jidisye-an-florid\\\/konbyen-tan-li-pran-pou-jwenn-yon-egzansyon-jidisye\\\/#breadcrumb\"},\"inLanguage\":\"ur\",\"potentialAction\":[{\"@type\":\"ReadAction\",\"target\":[\"https:\\\/\\\/floridareprofreedom.org\\\/judicialbypass\\\/egzansyon-jidisye-an-florid\\\/konbyen-tan-li-pran-pou-jwenn-yon-egzansyon-jidisye\\\/\"]}]},{\"@type\":\"BreadcrumbList\",\"@id\":\"https:\\\/\\\/floridareprofreedom.org\\\/judicialbypass\\\/egzansyon-jidisye-an-florid\\\/konbyen-tan-li-pran-pou-jwenn-yon-egzansyon-jidisye\\\/#breadcrumb\",\"itemListElement\":[{\"@type\":\"ListItem\",\"position\":1,\"name\":\"Home\",\"item\":\"https:\\\/\\\/floridareprofreedom.org\\\/\"},{\"@type\":\"ListItem\",\"position\":2,\"name\":\"Judicial Bypass in Florida\",\"item\":\"https:\\\/\\\/floridareprofreedom.org\\\/judicialbypass\\\/\"},{\"@type\":\"ListItem\",\"position\":3,\"name\":\"Egzansyon Jidisy\u00e8 an Florid\",\"item\":\"https:\\\/\\\/floridareprofreedom.org\\\/judicialbypass\\\/egzansyon-jidisye-an-florid\\\/\"},{\"@type\":\"ListItem\",\"position\":4,\"name\":\"Konbyen tan li pran pou jwenn yon egzansyon jidisy\u00e8?\"}]},{\"@type\":\"WebSite\",\"@id\":\"https:\\\/\\\/floridareprofreedom.org\\\/#website\",\"url\":\"https:\\\/\\\/floridareprofreedom.org\\\/\",\"name\":\"Floridians For Reproductive Freedom\",\"description\":\"Advocating for convenient, affordable, and safe access to reproductive health care, including abortion.\",\"publisher\":{\"@id\":\"https:\\\/\\\/floridareprofreedom.org\\\/#organization\"},\"potentialAction\":[{\"@type\":\"SearchAction\",\"target\":{\"@type\":\"EntryPoint\",\"urlTemplate\":\"https:\\\/\\\/floridareprofreedom.org\\\/?s={search_term_string}\"},\"query-input\":{\"@type\":\"PropertyValueSpecification\",\"valueRequired\":true,\"valueName\":\"search_term_string\"}}],\"inLanguage\":\"ur\"},{\"@type\":\"Organization\",\"@id\":\"https:\\\/\\\/floridareprofreedom.org\\\/#organization\",\"name\":\"Floridians for Reproductive Freedom\",\"url\":\"https:\\\/\\\/floridareprofreedom.org\\\/\",\"logo\":{\"@type\":\"ImageObject\",\"inLanguage\":\"ur\",\"@id\":\"https:\\\/\\\/floridareprofreedom.org\\\/#\\\/schema\\\/logo\\\/image\\\/\",\"url\":\"https:\\\/\\\/floridareprofreedom.org\\\/wp-content\\\/uploads\\\/2019\\\/05\\\/Untitled.jpg\",\"contentUrl\":\"https:\\\/\\\/floridareprofreedom.org\\\/wp-content\\\/uploads\\\/2019\\\/05\\\/Untitled.jpg\",\"width\":174,\"height\":180,\"caption\":\"Floridians for Reproductive Freedom\"},\"image\":{\"@id\":\"https:\\\/\\\/floridareprofreedom.org\\\/#\\\/schema\\\/logo\\\/image\\\/\"},\"sameAs\":[\"https:\\\/\\\/www.facebook.com\\\/FloridaReproFreedom\\\/\",\"https:\\\/\\\/x.com\\\/FLReproFreedom\",\"https:\\\/\\\/www.instagram.com\\\/floridareprofreedom\\\/\"]}]}<\/script>\n<!-- \/ Yoast SEO plugin. -->","yoast_head_json":{"title":"\u06a9\u0648\u0646\u0628\u06cc\u0626\u0646 \u0679\u06cc\u0646 \u0644\u06cc \u067e\u0631\u0627\u0646 \u067e\u0627\u0624 \u062c\u0648\u06cc\u0646 \u06cc\u0648\u0646 \u0627\u06cc\u062c\u0627\u0646\u0633\u06cc\u0648\u0646 \u062c\u06cc\u0688\u06cc\u0633\u06cc\u06d4 - \u062a\u0648\u0644\u06cc\u062f\u06cc \u0622\u0632\u0627\u062f\u06cc \u06a9\u06d2 \u0644\u06cc\u06d2 \u0641\u0644\u0648\u0631\u06cc\u0688\u06cc\u0646","description":"L\u00e8 yo depoze aplikasyon egzansyon jidisy\u00e8 w la nan yon tribinal sikonskripsyon nan Florid\u060c jij la ap pran yon desizyon sou ka a nan twa jou ouvrab.","robots":{"index":"index","follow":"follow","max-snippet":"max-snippet:-1","max-image-preview":"max-image-preview:large","max-video-preview":"max-video-preview:-1"},"canonical":"https:\/\/floridareprofreedom.org\/ur\/\u0639\u062f\u0627\u0644\u062a\u06cc-\u0628\u0627\u0626\u06cc-\u067e\u0627\u0633\/egzansyon-jidisye-an-florid\/\u06a9\u0648\u0646\u0628\u06cc\u0646-\u0679\u06cc\u0646-\u0644\u06cc-\u067e\u0631\u0627\u0646-\u067e\u0648-\u062c\u0648\u06cc\u0646-\u06cc\u0648\u0646-\u0627\u06cc\u062c\u0627\u0646\u0633\u06cc\u0648\/","og_locale":"en_US","og_type":"article","og_title":"Konbyen tan li pran pou jwenn yon egzansyon jidisy\u00e8? - Floridians For Reproductive Freedom","og_description":"L\u00e8 yo depoze aplikasyon egzansyon jidisy\u00e8 w la nan yon tribinal sikonskripsyon nan Florid, jij la ap pran yon desizyon sou ka a nan twa jou ouvrab.","og_url":"https:\/\/floridareprofreedom.org\/ur\/\u0639\u062f\u0627\u0644\u062a\u06cc-\u0628\u0627\u0626\u06cc-\u067e\u0627\u0633\/egzansyon-jidisye-an-florid\/\u06a9\u0648\u0646\u0628\u06cc\u0646-\u0679\u06cc\u0646-\u0644\u06cc-\u067e\u0631\u0627\u0646-\u067e\u0648-\u062c\u0648\u06cc\u0646-\u06cc\u0648\u0646-\u0627\u06cc\u062c\u0627\u0646\u0633\u06cc\u0648\/","og_site_name":"Floridians For Reproductive Freedom","article_publisher":"https:\/\/www.facebook.com\/FloridaReproFreedom\/","twitter_card":"summary_large_image","twitter_site":"@FLReproFreedom","twitter_misc":{"Est. reading time":"1 \u0645\u0646\u0679"},"schema":{"@context":"https:\/\/schema.org","@graph":[{"@type":"WebPage","@id":"https:\/\/floridareprofreedom.org\/judicialbypass\/egzansyon-jidisye-an-florid\/konbyen-tan-li-pran-pou-jwenn-yon-egzansyon-jidisye\/","url":"https:\/\/floridareprofreedom.org\/judicialbypass\/egzansyon-jidisye-an-florid\/konbyen-tan-li-pran-pou-jwenn-yon-egzansyon-jidisye\/","name":"\u06a9\u0648\u0646\u0628\u06cc\u0626\u0646 \u0679\u06cc\u0646 \u0644\u06cc \u067e\u0631\u0627\u0646 \u067e\u0627\u0624 \u062c\u0648\u06cc\u0646 \u06cc\u0648\u0646 \u0627\u06cc\u062c\u0627\u0646\u0633\u06cc\u0648\u0646 \u062c\u06cc\u0688\u06cc\u0633\u06cc\u06d4 - \u062a\u0648\u0644\u06cc\u062f\u06cc \u0622\u0632\u0627\u062f\u06cc \u06a9\u06d2 \u0644\u06cc\u06d2 \u0641\u0644\u0648\u0631\u06cc\u0688\u06cc\u0646","isPartOf":{"@id":"https:\/\/floridareprofreedom.org\/#website"},"datePublished":"2024-01-02T22:34:35+00:00","description":"L\u00e8 yo depoze aplikasyon egzansyon jidisy\u00e8 w la nan yon tribinal sikonskripsyon nan Florid\u060c jij la ap pran yon desizyon sou ka a nan twa jou ouvrab.","breadcrumb":{"@id":"https:\/\/floridareprofreedom.org\/judicialbypass\/egzansyon-jidisye-an-florid\/konbyen-tan-li-pran-pou-jwenn-yon-egzansyon-jidisye\/#breadcrumb"},"inLanguage":"ur","potentialAction":[{"@type":"ReadAction","target":["https:\/\/floridareprofreedom.org\/judicialbypass\/egzansyon-jidisye-an-florid\/konbyen-tan-li-pran-pou-jwenn-yon-egzansyon-jidisye\/"]}]},{"@type":"BreadcrumbList","@id":"https:\/\/floridareprofreedom.org\/judicialbypass\/egzansyon-jidisye-an-florid\/konbyen-tan-li-pran-pou-jwenn-yon-egzansyon-jidisye\/#breadcrumb","itemListElement":[{"@type":"ListItem","position":1,"name":"Home","item":"https:\/\/floridareprofreedom.org\/"},{"@type":"ListItem","position":2,"name":"Judicial Bypass in Florida","item":"https:\/\/floridareprofreedom.org\/judicialbypass\/"},{"@type":"ListItem","position":3,"name":"Egzansyon Jidisy\u00e8 an Florid","item":"https:\/\/floridareprofreedom.org\/judicialbypass\/egzansyon-jidisye-an-florid\/"},{"@type":"ListItem","position":4,"name":"Konbyen tan li pran pou jwenn yon egzansyon jidisy\u00e8?"}]},{"@type":"WebSite","@id":"https:\/\/floridareprofreedom.org\/#website","url":"https:\/\/floridareprofreedom.org\/","name":"\u0641\u0644\u0648\u0631\u06cc\u0688\u06cc\u0646 \u062a\u0648\u0644\u06cc\u062f\u06cc \u0622\u0632\u0627\u062f\u06cc \u06a9\u06d2 \u0644\u06cc\u06d2","description":"\u0627\u0633\u0642\u0627\u0637 \u062d\u0645\u0644 \u0633\u0645\u06cc\u062a \u062a\u0648\u0644\u06cc\u062f\u06cc \u0635\u062d\u062a \u06a9\u06cc \u062f\u06cc\u06a9\u06be \u0628\u06be\u0627\u0644 \u062a\u06a9 \u0622\u0633\u0627\u0646\u060c \u0633\u0633\u062a\u06cc \u0627\u0648\u0631 \u0645\u062d\u0641\u0648\u0638 \u0631\u0633\u0627\u0626\u06cc \u06a9\u06cc \u0648\u06a9\u0627\u0644\u062a \u06a9\u0631\u0646\u0627\u06d4","publisher":{"@id":"https:\/\/floridareprofreedom.org\/#organization"},"potentialAction":[{"@type":"SearchAction","target":{"@type":"EntryPoint","urlTemplate":"https:\/\/floridareprofreedom.org\/?s={search_term_string}"},"query-input":{"@type":"PropertyValueSpecification","valueRequired":true,"valueName":"search_term_string"}}],"inLanguage":"ur"},{"@type":"Organization","@id":"https:\/\/floridareprofreedom.org\/#organization","name":"\u062a\u0648\u0644\u06cc\u062f\u06cc \u0622\u0632\u0627\u062f\u06cc \u06a9\u06d2 \u0644\u06cc\u06d2 \u0641\u0644\u0648\u0631\u06cc\u0688\u06cc\u0646","url":"https:\/\/floridareprofreedom.org\/","logo":{"@type":"ImageObject","inLanguage":"ur","@id":"https:\/\/floridareprofreedom.org\/#\/schema\/logo\/image\/","url":"https:\/\/floridareprofreedom.org\/wp-content\/uploads\/2019\/05\/Untitled.jpg","contentUrl":"https:\/\/floridareprofreedom.org\/wp-content\/uploads\/2019\/05\/Untitled.jpg","width":174,"height":180,"caption":"Floridians for Reproductive Freedom"},"image":{"@id":"https:\/\/floridareprofreedom.org\/#\/schema\/logo\/image\/"},"sameAs":["https:\/\/www.facebook.com\/FloridaReproFreedom\/","https:\/\/x.com\/FLReproFreedom","https:\/\/www.instagram.com\/floridareprofreedom\/"]}]}},"_links":{"self":[{"href":"https:\/\/floridareprofreedom.org\/ur\/wp-json\/wp\/v2\/pages\/3179","targetHints":{"allow":["GET"]}}],"collection":[{"href":"https:\/\/floridareprofreedom.org\/ur\/wp-json\/wp\/v2\/pages"}],"about":[{"href":"https:\/\/floridareprofreedom.org\/ur\/wp-json\/wp\/v2\/types\/page"}],"author":[{"embeddable":true,"href":"https:\/\/floridareprofreedom.org\/ur\/wp-json\/wp\/v2\/users\/7"}],"replies":[{"embeddable":true,"href":"https:\/\/floridareprofreedom.org\/ur\/wp-json\/wp\/v2\/comments?post=3179"}],"version-history":[{"count":1,"href":"https:\/\/floridareprofreedom.org\/ur\/wp-json\/wp\/v2\/pages\/3179\/revisions"}],"predecessor-version":[{"id":3180,"href":"https:\/\/floridareprofreedom.org\/ur\/wp-json\/wp\/v2\/pages\/3179\/revisions\/3180"}],"up":[{"embeddable":true,"href":"https:\/\/floridareprofreedom.org\/ur\/wp-json\/wp\/v2\/pages\/3142"}],"wp:attachment":[{"href":"https:\/\/floridareprofreedom.org\/ur\/wp-json\/wp\/v2\/media?parent=3179"}],"wp:term":[{"taxonomy":"folder","embeddable":true,"href":"https:\/\/floridareprofreedom.org\/ur\/wp-json\/wp\/v2\/folder?post=3179"}],"curies":[{"name":"wp","href":"https:\/\/api.w.org\/{rel}","templated":true}]}}