{"id":3185,"date":"2024-01-02T22:56:55","date_gmt":"2024-01-02T22:56:55","guid":{"rendered":"https:\/\/floridareprofreedom.org\/?page_id=3185"},"modified":"2024-01-02T22:56:55","modified_gmt":"2024-01-02T22:56:55","slug":"%da%a9%db%8c-%da%a9%d9%84%db%8c%d8%aa%db%92-%da%a9%db%8c%d8%b3%db%8c%d9%88%da%ba-%d8%ac%db%8c%d8%ac-%d9%84%d8%a7-%d8%a7%d9%be-%d9%be%d9%88%d8%b2%db%92-%d9%85%db%8c%d9%88%db%8c%d9%86","status":"publish","type":"page","link":"https:\/\/floridareprofreedom.org\/ur\/judicialbypass\/egzansyon-jidisye-an-florid\/ki-kalite-kesyon-jij-la-ap-poze-mwen\/","title":{"rendered":"\u06a9\u06cc \u06a9\u0627\u0644\u06cc\u062a\u06d2 \u06a9\u06cc\u0633\u06cc\u0648\u06ba \u062c\u06cc\u062c \u0644\u0627 \u0627\u067e \u067e\u0648\u0632\u06d2 \u0645\u06cc\u0648\u06cc\u0646\u061f"},"content":{"rendered":"<p><span style=\"font-weight: 400;\">\u0627\u06cc\u06a9 \u062c\u06cc\u0646\u0631\u0644\u060c \u062c\u06cc\u062c \u0644\u0627 \u0627\u06d2 \u067e\u06cc \u0648\u06cc\u0644\u06d2 \u06a9\u0648\u0646\u0646 \u06a9\u06d2 \u0627\u0648 \u06a9\u0648\u0646\u067e\u0631\u0646 \u0622\u067e\u0633\u06cc\u0648\u0646 \u0627\u0648 \u06cc\u0648 \u0627\u06cc \u06a9\u06d2 \u0627\u0648 \u06cc\u0648 \u0679\u06cc \u0627\u06a9 \u0627\u0646\u067e\u06cc\u0644 \u0627\u0679\u0627\u0646\u0633\u06cc\u0648\u0646 \u06a9\u0648\u0646 \u0633\u06cc\u0688\u0631 \u0688\u06cc\u0633\u06cc\u0632\u06cc\u0648\u0646 \u0627\u0648 \u06cc\u0648\u06d4 Si ou gen yon avoka, y ap ede w pare pou reyinyon an av\u00e8k jij la.<\/span><\/p>\n<p><b>Bagay ou ta dwe anmezi pou pataje av\u00e8k jij la<\/b><\/p>\n<ul>\n<li><span style=\"font-weight: 400;\">\u00c8ske ou te konfime gwos\u00e8s ou ak yon pwofesyon\u00e8l medikal\u061f<\/span><\/li>\n<li><span style=\"font-weight: 400;\">Pou konbyen semenn ou ansent\u061f<\/span><\/li>\n<li><span style=\"font-weight: 400;\"> \u067e\u0648\u06a9\u06cc\u0633\u0627 \u06cc\u0648\u0646 \u067e\u0631\u0627\u0646 \u067e\u0627 \u06a9\u0627 \u067e\u062a\u06cc\u0633\u06cc\u067e\u06d2\u061f<\/span><\/li>\n<li><span style=\"font-weight: 400;\">Ki sa w Konnen osij\u00e8 pwosedi av\u00f2tman yo\u061f Ki opsyon ki genyen pou w mete yon fen nan gwos\u00e8s ou\u061f<\/span><\/li>\n<li><span style=\"font-weight: 400;\">Ki sa w konnen osij\u00e8 de risk ak konplikasyon\u061f \u06a9\u06cc \u0645\u0646\u0635\u0648\u0628\u06c1 \u0628\u0646\u062f\u06cc w si ou f\u00e8 yon eksperyans ki konplike\u061f<\/span><\/li>\n<li><span style=\"font-weight: 400;\">Ak ki moun ou te pale de desizyon w te pran pou w f\u00e8 av\u00f2tman\u061f \u00c8ske ou te pale ak yon granmoun\u061f<\/span><\/li>\n<li><span style=\"font-weight: 400;\">\u00c8ske gen moun ki ba ou presyon oswa f\u00f2se ou f\u00e8 av\u00f2tman\u061f<\/span><\/li>\n<li><span style=\"font-weight: 400;\">\u06a9\u06cc\u0627 \u0622\u067e \u0627\u0628\u06cc\u0632 \u06c1\u06cc\u06ba\u061f<\/span><\/li>\n<li><span style=\"font-weight: 400;\">Kijan ou pral peye pou av\u00f2tman an\u061f<\/span><\/li>\n<\/ul>\n<p><a href=\"https:\/\/drive.google.com\/open?id=1nCrUP_HmPi09CYfEQhbJkZtQPd8GJ7_u\"><b>\u06cc\u06c1\u0627\u06ba \u06a9\u0644\u06a9 \u06a9\u0631\u06cc\u06ba\u06d4<\/b><\/a><a href=\"https:\/\/drive.google.com\/open?id=1nCrUP_HmPi09CYfEQhbJkZtQPd8GJ7_u\"><span style=\"font-weight: 400;\"> \u0645\u0645\u06a9\u0646\u06c1 \u0633\u0648\u0627\u0644\u0627\u062a \u06a9\u06cc \u0627\u06cc\u06a9 \u0627\u0648\u0631 (\u0637\u0648\u06cc\u0644) \u0641\u06c1\u0631\u0633\u062a \u062f\u06cc\u06a9\u06be\u0646\u06d2 \u06a9\u06d2 \u0644\u06cc\u06d2 \u062c\u0648 \u0622\u067e \u0633\u06d2 \u067e\u0648\u0686\u06be\u06d2 \u062c\u0627 \u0633\u06a9\u062a\u06d2 \u06c1\u06cc\u06ba\u06d4<\/span><\/a><b><i> \u06cc\u06c1 \u0633\u0627\u0631\u06d2 \u0633\u0648\u0627\u0644\u0627\u062a \u06a9\u0648\u0626\u06cc \u062c\u062c \u0646\u06c1\u06cc\u06ba \u067e\u0648\u0686\u06be\u062a\u0627\u06d4\u00a0<\/i><\/b><\/p>\n<p><span style=\"font-weight: 400;\">\u06af\u0688 \u0679\u0648&quot;<strong><a href=\"https:\/\/floridareprofreedom.org\/ur\/%d8%b9%d8%af%d8%a7%d9%84%d8%aa%db%8c-%d8%a8%d8%a7%d8%a6%db%8c-%d9%be%d8%a7%d8%b3\/egzansyon-jidisye-an-florid\/kisa-jij-la-pral-konsidere\/\">\u06a9\u0633 \u062c\u06cc\u062c \u0644\u0627 \u067e\u0631\u0644 \u06a9\u0648\u0646 \u0633\u06cc\u0688\u0631\u06d2&quot;\u061f<\/a><\/strong><\/span><\/p>","protected":false},"excerpt":{"rendered":"<p>An jeneral, jij la ap vle konnen ke ou konprann opsyon ou yo e ke ou te ak anpil atansyon konsidere desizyon ou. Si ou gen yon avoka, y ap ede w pare pou reyinyon an av\u00e8k jij la. Bagay ou ta dwe anmezi pou pataje av\u00e8k jij la \u00c8ske ou te konfime gwos\u00e8s ou [&hellip;]<\/p>\n","protected":false},"author":7,"featured_media":0,"parent":3142,"menu_order":0,"comment_status":"closed","ping_status":"closed","template":"","meta":{"footnotes":""},"folder":[35,8],"class_list":["post-3185","page","type-page","status-publish","hentry"],"yoast_head":"<!-- This site is optimized with the Yoast SEO plugin v27.3 - https:\/\/yoast.com\/product\/yoast-seo-wordpress\/ -->\n<title>Ki kalite kesyon jij la ap poze mwen? - Floridians For Reproductive Freedom<\/title>\n<meta name=\"description\" content=\"An jeneral, jij la ap vle konnen ke ou konprann opsyon ou yo e ke ou te ak anpil atansyon konsidere desizyon ou.\" \/>\n<meta name=\"robots\" content=\"index, follow, max-snippet:-1, max-image-preview:large, max-video-preview:-1\" \/>\n<link rel=\"canonical\" href=\"https:\/\/floridareprofreedom.org\/ur\/\u0639\u062f\u0627\u0644\u062a\u06cc-\u0628\u0627\u0626\u06cc-\u067e\u0627\u0633\/egzansyon-jidisye-an-florid\/\u06a9\u06cc-\u06a9\u0644\u06cc\u062a\u06d2-\u06a9\u06cc\u0633\u06cc\u0648\u06ba-\u062c\u06cc\u062c-\u0644\u0627-\u0627\u067e-\u067e\u0648\u0632\u06d2-\u0645\u06cc\u0648\u06cc\u0646\/\" \/>\n<meta property=\"og:locale\" content=\"en_US\" \/>\n<meta property=\"og:type\" content=\"article\" \/>\n<meta property=\"og:title\" content=\"Ki kalite kesyon jij la ap poze mwen? - Floridians For Reproductive Freedom\" \/>\n<meta property=\"og:description\" content=\"An jeneral, jij la ap vle konnen ke ou konprann opsyon ou yo e ke ou te ak anpil atansyon konsidere desizyon ou.\" \/>\n<meta property=\"og:url\" content=\"https:\/\/floridareprofreedom.org\/ur\/\u0639\u062f\u0627\u0644\u062a\u06cc-\u0628\u0627\u0626\u06cc-\u067e\u0627\u0633\/egzansyon-jidisye-an-florid\/\u06a9\u06cc-\u06a9\u0644\u06cc\u062a\u06d2-\u06a9\u06cc\u0633\u06cc\u0648\u06ba-\u062c\u06cc\u062c-\u0644\u0627-\u0627\u067e-\u067e\u0648\u0632\u06d2-\u0645\u06cc\u0648\u06cc\u0646\/\" \/>\n<meta property=\"og:site_name\" content=\"Floridians For Reproductive Freedom\" \/>\n<meta property=\"article:publisher\" content=\"https:\/\/www.facebook.com\/FloridaReproFreedom\/\" \/>\n<meta name=\"twitter:card\" content=\"summary_large_image\" \/>\n<meta name=\"twitter:site\" content=\"@FLReproFreedom\" \/>\n<meta name=\"twitter:label1\" content=\"Est. reading time\" \/>\n\t<meta name=\"twitter:data1\" content=\"1 \u0645\u0646\u0679\" \/>\n<script type=\"application\/ld+json\" class=\"yoast-schema-graph\">{\"@context\":\"https:\\\/\\\/schema.org\",\"@graph\":[{\"@type\":\"WebPage\",\"@id\":\"https:\\\/\\\/floridareprofreedom.org\\\/judicialbypass\\\/egzansyon-jidisye-an-florid\\\/ki-kalite-kesyon-jij-la-ap-poze-mwen\\\/\",\"url\":\"https:\\\/\\\/floridareprofreedom.org\\\/judicialbypass\\\/egzansyon-jidisye-an-florid\\\/ki-kalite-kesyon-jij-la-ap-poze-mwen\\\/\",\"name\":\"Ki kalite kesyon jij la ap poze mwen? - Floridians For Reproductive Freedom\",\"isPartOf\":{\"@id\":\"https:\\\/\\\/floridareprofreedom.org\\\/#website\"},\"datePublished\":\"2024-01-02T22:56:55+00:00\",\"description\":\"An jeneral, jij la ap vle konnen ke ou konprann opsyon ou yo e ke ou te ak anpil atansyon konsidere desizyon ou.\",\"breadcrumb\":{\"@id\":\"https:\\\/\\\/floridareprofreedom.org\\\/judicialbypass\\\/egzansyon-jidisye-an-florid\\\/ki-kalite-kesyon-jij-la-ap-poze-mwen\\\/#breadcrumb\"},\"inLanguage\":\"ur\",\"potentialAction\":[{\"@type\":\"ReadAction\",\"target\":[\"https:\\\/\\\/floridareprofreedom.org\\\/judicialbypass\\\/egzansyon-jidisye-an-florid\\\/ki-kalite-kesyon-jij-la-ap-poze-mwen\\\/\"]}]},{\"@type\":\"BreadcrumbList\",\"@id\":\"https:\\\/\\\/floridareprofreedom.org\\\/judicialbypass\\\/egzansyon-jidisye-an-florid\\\/ki-kalite-kesyon-jij-la-ap-poze-mwen\\\/#breadcrumb\",\"itemListElement\":[{\"@type\":\"ListItem\",\"position\":1,\"name\":\"Home\",\"item\":\"https:\\\/\\\/floridareprofreedom.org\\\/\"},{\"@type\":\"ListItem\",\"position\":2,\"name\":\"Judicial Bypass in Florida\",\"item\":\"https:\\\/\\\/floridareprofreedom.org\\\/judicialbypass\\\/\"},{\"@type\":\"ListItem\",\"position\":3,\"name\":\"Egzansyon Jidisy\u00e8 an Florid\",\"item\":\"https:\\\/\\\/floridareprofreedom.org\\\/judicialbypass\\\/egzansyon-jidisye-an-florid\\\/\"},{\"@type\":\"ListItem\",\"position\":4,\"name\":\"Ki kalite kesyon jij la ap poze mwen?\"}]},{\"@type\":\"WebSite\",\"@id\":\"https:\\\/\\\/floridareprofreedom.org\\\/#website\",\"url\":\"https:\\\/\\\/floridareprofreedom.org\\\/\",\"name\":\"Floridians For Reproductive Freedom\",\"description\":\"Advocating for convenient, affordable, and safe access to reproductive health care, including abortion.\",\"publisher\":{\"@id\":\"https:\\\/\\\/floridareprofreedom.org\\\/#organization\"},\"potentialAction\":[{\"@type\":\"SearchAction\",\"target\":{\"@type\":\"EntryPoint\",\"urlTemplate\":\"https:\\\/\\\/floridareprofreedom.org\\\/?s={search_term_string}\"},\"query-input\":{\"@type\":\"PropertyValueSpecification\",\"valueRequired\":true,\"valueName\":\"search_term_string\"}}],\"inLanguage\":\"ur\"},{\"@type\":\"Organization\",\"@id\":\"https:\\\/\\\/floridareprofreedom.org\\\/#organization\",\"name\":\"Floridians for Reproductive Freedom\",\"url\":\"https:\\\/\\\/floridareprofreedom.org\\\/\",\"logo\":{\"@type\":\"ImageObject\",\"inLanguage\":\"ur\",\"@id\":\"https:\\\/\\\/floridareprofreedom.org\\\/#\\\/schema\\\/logo\\\/image\\\/\",\"url\":\"https:\\\/\\\/floridareprofreedom.org\\\/wp-content\\\/uploads\\\/2019\\\/05\\\/Untitled.jpg\",\"contentUrl\":\"https:\\\/\\\/floridareprofreedom.org\\\/wp-content\\\/uploads\\\/2019\\\/05\\\/Untitled.jpg\",\"width\":174,\"height\":180,\"caption\":\"Floridians for Reproductive Freedom\"},\"image\":{\"@id\":\"https:\\\/\\\/floridareprofreedom.org\\\/#\\\/schema\\\/logo\\\/image\\\/\"},\"sameAs\":[\"https:\\\/\\\/www.facebook.com\\\/FloridaReproFreedom\\\/\",\"https:\\\/\\\/x.com\\\/FLReproFreedom\",\"https:\\\/\\\/www.instagram.com\\\/floridareprofreedom\\\/\"]}]}<\/script>\n<!-- \/ Yoast SEO plugin. -->","yoast_head_json":{"title":"\u06a9\u06cc \u06a9\u0627\u0644\u06cc\u062a\u06d2 \u06a9\u06cc\u0633\u06cc\u0648\u06ba \u062c\u06cc\u062c \u0644\u0627 \u0627\u067e \u067e\u0648\u0632\u06d2 \u0645\u06cc\u0648\u06cc\u0646\u061f - \u062a\u0648\u0644\u06cc\u062f\u06cc \u0622\u0632\u0627\u062f\u06cc \u06a9\u06d2 \u0644\u06cc\u06d2 \u0641\u0644\u0648\u0631\u06cc\u0688\u06cc\u0646","description":"\u0627\u06cc\u06a9 \u062c\u06cc\u0646\u0631\u0644\u060c \u062c\u06cc\u062c \u0644\u0627 \u0627\u06d2 \u067e\u06cc \u0648\u06cc\u0644\u06d2 \u06a9\u0648\u0646\u0646 \u06a9\u06d2 \u0627\u0648 \u06a9\u0648\u0646\u067e\u0631\u0646 \u0622\u067e\u0633\u06cc\u0648\u0646 \u0627\u0648 \u06cc\u0648 \u0627\u06cc \u06a9\u06d2 \u0627\u0648 \u06cc\u0648 \u0679\u06cc \u0627\u06a9 \u0627\u0646\u067e\u06cc\u0644 \u0627\u0679\u0627\u0646\u0633\u06cc\u0648\u0646 \u06a9\u0648\u0646 \u0633\u06cc\u0688\u0631 \u0688\u06cc\u0633\u06cc\u0632\u06cc\u0648\u0646 \u0627\u0648 \u06cc\u0648\u06d4","robots":{"index":"index","follow":"follow","max-snippet":"max-snippet:-1","max-image-preview":"max-image-preview:large","max-video-preview":"max-video-preview:-1"},"canonical":"https:\/\/floridareprofreedom.org\/ur\/\u0639\u062f\u0627\u0644\u062a\u06cc-\u0628\u0627\u0626\u06cc-\u067e\u0627\u0633\/egzansyon-jidisye-an-florid\/\u06a9\u06cc-\u06a9\u0644\u06cc\u062a\u06d2-\u06a9\u06cc\u0633\u06cc\u0648\u06ba-\u062c\u06cc\u062c-\u0644\u0627-\u0627\u067e-\u067e\u0648\u0632\u06d2-\u0645\u06cc\u0648\u06cc\u0646\/","og_locale":"en_US","og_type":"article","og_title":"Ki kalite kesyon jij la ap poze mwen? - Floridians For Reproductive Freedom","og_description":"An jeneral, jij la ap vle konnen ke ou konprann opsyon ou yo e ke ou te ak anpil atansyon konsidere desizyon ou.","og_url":"https:\/\/floridareprofreedom.org\/ur\/\u0639\u062f\u0627\u0644\u062a\u06cc-\u0628\u0627\u0626\u06cc-\u067e\u0627\u0633\/egzansyon-jidisye-an-florid\/\u06a9\u06cc-\u06a9\u0644\u06cc\u062a\u06d2-\u06a9\u06cc\u0633\u06cc\u0648\u06ba-\u062c\u06cc\u062c-\u0644\u0627-\u0627\u067e-\u067e\u0648\u0632\u06d2-\u0645\u06cc\u0648\u06cc\u0646\/","og_site_name":"Floridians For Reproductive Freedom","article_publisher":"https:\/\/www.facebook.com\/FloridaReproFreedom\/","twitter_card":"summary_large_image","twitter_site":"@FLReproFreedom","twitter_misc":{"Est. reading time":"1 \u0645\u0646\u0679"},"schema":{"@context":"https:\/\/schema.org","@graph":[{"@type":"WebPage","@id":"https:\/\/floridareprofreedom.org\/judicialbypass\/egzansyon-jidisye-an-florid\/ki-kalite-kesyon-jij-la-ap-poze-mwen\/","url":"https:\/\/floridareprofreedom.org\/judicialbypass\/egzansyon-jidisye-an-florid\/ki-kalite-kesyon-jij-la-ap-poze-mwen\/","name":"\u06a9\u06cc \u06a9\u0627\u0644\u06cc\u062a\u06d2 \u06a9\u06cc\u0633\u06cc\u0648\u06ba \u062c\u06cc\u062c \u0644\u0627 \u0627\u067e \u067e\u0648\u0632\u06d2 \u0645\u06cc\u0648\u06cc\u0646\u061f - \u062a\u0648\u0644\u06cc\u062f\u06cc \u0622\u0632\u0627\u062f\u06cc \u06a9\u06d2 \u0644\u06cc\u06d2 \u0641\u0644\u0648\u0631\u06cc\u0688\u06cc\u0646","isPartOf":{"@id":"https:\/\/floridareprofreedom.org\/#website"},"datePublished":"2024-01-02T22:56:55+00:00","description":"\u0627\u06cc\u06a9 \u062c\u06cc\u0646\u0631\u0644\u060c \u062c\u06cc\u062c \u0644\u0627 \u0627\u06d2 \u067e\u06cc \u0648\u06cc\u0644\u06d2 \u06a9\u0648\u0646\u0646 \u06a9\u06d2 \u0627\u0648 \u06a9\u0648\u0646\u067e\u0631\u0646 \u0622\u067e\u0633\u06cc\u0648\u0646 \u0627\u0648 \u06cc\u0648 \u0627\u06cc \u06a9\u06d2 \u0627\u0648 \u06cc\u0648 \u0679\u06cc \u0627\u06a9 \u0627\u0646\u067e\u06cc\u0644 \u0627\u0679\u0627\u0646\u0633\u06cc\u0648\u0646 \u06a9\u0648\u0646 \u0633\u06cc\u0688\u0631 \u0688\u06cc\u0633\u06cc\u0632\u06cc\u0648\u0646 \u0627\u0648 \u06cc\u0648\u06d4","breadcrumb":{"@id":"https:\/\/floridareprofreedom.org\/judicialbypass\/egzansyon-jidisye-an-florid\/ki-kalite-kesyon-jij-la-ap-poze-mwen\/#breadcrumb"},"inLanguage":"ur","potentialAction":[{"@type":"ReadAction","target":["https:\/\/floridareprofreedom.org\/judicialbypass\/egzansyon-jidisye-an-florid\/ki-kalite-kesyon-jij-la-ap-poze-mwen\/"]}]},{"@type":"BreadcrumbList","@id":"https:\/\/floridareprofreedom.org\/judicialbypass\/egzansyon-jidisye-an-florid\/ki-kalite-kesyon-jij-la-ap-poze-mwen\/#breadcrumb","itemListElement":[{"@type":"ListItem","position":1,"name":"Home","item":"https:\/\/floridareprofreedom.org\/"},{"@type":"ListItem","position":2,"name":"Judicial Bypass in Florida","item":"https:\/\/floridareprofreedom.org\/judicialbypass\/"},{"@type":"ListItem","position":3,"name":"Egzansyon Jidisy\u00e8 an Florid","item":"https:\/\/floridareprofreedom.org\/judicialbypass\/egzansyon-jidisye-an-florid\/"},{"@type":"ListItem","position":4,"name":"Ki kalite kesyon jij la ap poze mwen?"}]},{"@type":"WebSite","@id":"https:\/\/floridareprofreedom.org\/#website","url":"https:\/\/floridareprofreedom.org\/","name":"\u0641\u0644\u0648\u0631\u06cc\u0688\u06cc\u0646 \u062a\u0648\u0644\u06cc\u062f\u06cc \u0622\u0632\u0627\u062f\u06cc \u06a9\u06d2 \u0644\u06cc\u06d2","description":"\u0627\u0633\u0642\u0627\u0637 \u062d\u0645\u0644 \u0633\u0645\u06cc\u062a \u062a\u0648\u0644\u06cc\u062f\u06cc \u0635\u062d\u062a \u06a9\u06cc \u062f\u06cc\u06a9\u06be \u0628\u06be\u0627\u0644 \u062a\u06a9 \u0622\u0633\u0627\u0646\u060c \u0633\u0633\u062a\u06cc \u0627\u0648\u0631 \u0645\u062d\u0641\u0648\u0638 \u0631\u0633\u0627\u0626\u06cc \u06a9\u06cc \u0648\u06a9\u0627\u0644\u062a \u06a9\u0631\u0646\u0627\u06d4","publisher":{"@id":"https:\/\/floridareprofreedom.org\/#organization"},"potentialAction":[{"@type":"SearchAction","target":{"@type":"EntryPoint","urlTemplate":"https:\/\/floridareprofreedom.org\/?s={search_term_string}"},"query-input":{"@type":"PropertyValueSpecification","valueRequired":true,"valueName":"search_term_string"}}],"inLanguage":"ur"},{"@type":"Organization","@id":"https:\/\/floridareprofreedom.org\/#organization","name":"\u062a\u0648\u0644\u06cc\u062f\u06cc \u0622\u0632\u0627\u062f\u06cc \u06a9\u06d2 \u0644\u06cc\u06d2 \u0641\u0644\u0648\u0631\u06cc\u0688\u06cc\u0646","url":"https:\/\/floridareprofreedom.org\/","logo":{"@type":"ImageObject","inLanguage":"ur","@id":"https:\/\/floridareprofreedom.org\/#\/schema\/logo\/image\/","url":"https:\/\/floridareprofreedom.org\/wp-content\/uploads\/2019\/05\/Untitled.jpg","contentUrl":"https:\/\/floridareprofreedom.org\/wp-content\/uploads\/2019\/05\/Untitled.jpg","width":174,"height":180,"caption":"Floridians for Reproductive Freedom"},"image":{"@id":"https:\/\/floridareprofreedom.org\/#\/schema\/logo\/image\/"},"sameAs":["https:\/\/www.facebook.com\/FloridaReproFreedom\/","https:\/\/x.com\/FLReproFreedom","https:\/\/www.instagram.com\/floridareprofreedom\/"]}]}},"_links":{"self":[{"href":"https:\/\/floridareprofreedom.org\/ur\/wp-json\/wp\/v2\/pages\/3185","targetHints":{"allow":["GET"]}}],"collection":[{"href":"https:\/\/floridareprofreedom.org\/ur\/wp-json\/wp\/v2\/pages"}],"about":[{"href":"https:\/\/floridareprofreedom.org\/ur\/wp-json\/wp\/v2\/types\/page"}],"author":[{"embeddable":true,"href":"https:\/\/floridareprofreedom.org\/ur\/wp-json\/wp\/v2\/users\/7"}],"replies":[{"embeddable":true,"href":"https:\/\/floridareprofreedom.org\/ur\/wp-json\/wp\/v2\/comments?post=3185"}],"version-history":[{"count":1,"href":"https:\/\/floridareprofreedom.org\/ur\/wp-json\/wp\/v2\/pages\/3185\/revisions"}],"predecessor-version":[{"id":3186,"href":"https:\/\/floridareprofreedom.org\/ur\/wp-json\/wp\/v2\/pages\/3185\/revisions\/3186"}],"up":[{"embeddable":true,"href":"https:\/\/floridareprofreedom.org\/ur\/wp-json\/wp\/v2\/pages\/3142"}],"wp:attachment":[{"href":"https:\/\/floridareprofreedom.org\/ur\/wp-json\/wp\/v2\/media?parent=3185"}],"wp:term":[{"taxonomy":"folder","embeddable":true,"href":"https:\/\/floridareprofreedom.org\/ur\/wp-json\/wp\/v2\/folder?post=3185"}],"curies":[{"name":"wp","href":"https:\/\/api.w.org\/{rel}","templated":true}]}}