{"id":3192,"date":"2024-01-02T23:05:47","date_gmt":"2024-01-02T23:05:47","guid":{"rendered":"https:\/\/floridareprofreedom.org\/?page_id=3192"},"modified":"2024-01-02T23:05:47","modified_gmt":"2024-01-02T23:05:47","slug":"eske-lot-moun-ki-enplike-nan-gwoses-mwen-fan-gen-yon-opinyon-sou-si-mwen-chwazi-fe-yon-avotman","status":"publish","type":"page","link":"https:\/\/floridareprofreedom.org\/ur\/judicialbypass\/egzansyon-jidisye-an-florid\/eske-lot-moun-ki-enplike-nan-gwoses-mwen-fan-gen-yon-opinyon-sou-si-mwen-chwazi-fe-yon-avotman\/","title":{"rendered":"\u00c8ske l\u00f2t moun ki enplike nan gwos\u00e8s mwen fan gen yon opinyon sou si mwen chwazi fe yon Av\u00f2tman\u061f"},"content":{"rendered":"<p><span style=\"font-weight: 400;\">\u063a\u06cc\u0631 Moun ki ansent la se s\u00e8l li ki gen dwa final pou l deside. Pa gen okenn kondisyon ou jwenn konsantman gason an oswa ou avize l&#039;\u06d4\u00a0<\/span><\/p>\n<p><span style=\"font-weight: 400;\">\u0645\u0627\u0644\u06af\u0631\u06d2 \u0633\u0627\u060c \u062c\u06cc\u062c \u0644\u0627 \u06a9\u0627 \u0645\u0627\u0646\u062f\u06d2 \u067e\u0648 \u06af\u06cc\u0633\u0648\u0646 \u0627\u06cc\u0646 \u06a9\u06cc \u0679\u06cc \u0627\u06cc\u0646\u067e\u0644\u06cc\u06a9 \u0646\u0627\u0646 \u06af\u0648\u0648\u0633 \u0627\u0648\u060c \u0627\u0633\u06cc\u0631 \u06a9\u06d2 \u0627\u0648\u0648 \u062c\u06cc\u0646 \u0631\u06cc\u067e\u0648\u0646\u0633 \u067e\u0648 \u06a9\u06cc\u0633\u06cc\u0648\u0646 \u0633\u0627 \u06cc\u0648\u06d4 \u067e\u0627 \u0627\u06cc\u06af\u0632\u0627\u0646\u067e\u060c \u06cc\u0648 \u06a9\u0627 \u0645\u0627\u0646\u062f\u06d2 \u0688\u0628\u0644\u06cc\u0648 \u0633\u06cc \u0645\u0648\u0646 \u0646\u0627\u0646 \u06a9\u0648\u0646\u0646 \u0627\u0648 \u0627\u06cc\u0646\u0633\u0646\u0679 \u0627\u06cc \u06a9\u06cc \u062c\u0627\u0646 \u06cc\u0648 \u0679\u06cc \u0631\u06cc\u0627\u062c\u06cc\u06d4 \u062c\u06cc\u062c \u0644\u0627 \u06a9\u067e\u0628 \u0645\u0646\u0688\u06d2 \u0633\u06cc \u06af\u06cc\u0633\u0648\u0646 \u0627\u06cc\u0646 \u06a9\u0648\u0646\u0646 \u0688\u06cc \u0688\u06cc\u0632\u0627\u0626\u06cc\u0648\u0646 \u0688\u0628\u0644\u06cc\u0648 \u067e\u0631\u0627\u0646 \u067e\u0648 \u0688\u0628\u0644\u06cc\u0648 \u0641\u06cc \u06cc\u0648\u0646 \u0627\u0648\u0648\u0679\u0645\u0627\u0646 \u0627\u06cc\u067e\u06cc \u0633\u06cc \u06cc\u0648 \u0627\u0646\u06a9\u0648\u0631\u0627\u062c \u0688\u0628\u0644\u06cc\u0648\u06d4<\/span><\/p>","protected":false},"excerpt":{"rendered":"<p>Non. Moun ki ansent la se s\u00e8l li ki gen dwa final pou l deside. Pa gen okenn kondisyon ou jwenn konsantman gason an oswa ou avize l&#8217;.\u00a0 Malgre sa, jij la ka mande pou gason an ki te enplike nan gwos\u00e8s ou, asire ke ou gen repons pou kesyon sa yo. Pa egzanp, yo [&hellip;]<\/p>\n","protected":false},"author":7,"featured_media":0,"parent":3142,"menu_order":0,"comment_status":"closed","ping_status":"closed","template":"","meta":{"footnotes":""},"folder":[35,8],"class_list":["post-3192","page","type-page","status-publish","hentry"],"yoast_head":"<!-- This site is optimized with the Yoast SEO plugin v27.3 - https:\/\/yoast.com\/product\/yoast-seo-wordpress\/ -->\n<title>\u00c8ske l\u00f2t moun ki enplike nan gwos\u00e8s mwen fan gen yon opinyon sou si mwen chwazi fe yon av\u00f2tman? - Floridians For Reproductive Freedom<\/title>\n<meta name=\"description\" content=\"Non. Moun ki ansent la se s\u00e8l li ki gen dwa final pou l deside.\" \/>\n<meta name=\"robots\" content=\"index, follow, max-snippet:-1, max-image-preview:large, max-video-preview:-1\" \/>\n<link rel=\"canonical\" href=\"https:\/\/floridareprofreedom.org\/ur\/\u0639\u062f\u0627\u0644\u062a\u06cc-\u0628\u0627\u0626\u06cc-\u067e\u0627\u0633\/egzansyon-jidisye-an-florid\/eske-lot-moun-ki-enplike-nan-gwoses-mwen-fan-gen-yon-opinyon-sou-si-mwen-chwazi-fe-yon-avotman\/\" \/>\n<meta property=\"og:locale\" content=\"en_US\" \/>\n<meta property=\"og:type\" content=\"article\" \/>\n<meta property=\"og:title\" content=\"\u00c8ske l\u00f2t moun ki enplike nan gwos\u00e8s mwen fan gen yon opinyon sou si mwen chwazi fe yon av\u00f2tman? - Floridians For Reproductive Freedom\" \/>\n<meta property=\"og:description\" content=\"Non. Moun ki ansent la se s\u00e8l li ki gen dwa final pou l deside.\" \/>\n<meta property=\"og:url\" content=\"https:\/\/floridareprofreedom.org\/ur\/\u0639\u062f\u0627\u0644\u062a\u06cc-\u0628\u0627\u0626\u06cc-\u067e\u0627\u0633\/egzansyon-jidisye-an-florid\/eske-lot-moun-ki-enplike-nan-gwoses-mwen-fan-gen-yon-opinyon-sou-si-mwen-chwazi-fe-yon-avotman\/\" \/>\n<meta property=\"og:site_name\" content=\"Floridians For Reproductive Freedom\" \/>\n<meta property=\"article:publisher\" content=\"https:\/\/www.facebook.com\/FloridaReproFreedom\/\" \/>\n<meta name=\"twitter:card\" content=\"summary_large_image\" \/>\n<meta name=\"twitter:site\" content=\"@FLReproFreedom\" \/>\n<meta name=\"twitter:label1\" content=\"Est. reading time\" \/>\n\t<meta name=\"twitter:data1\" content=\"1 \u0645\u0646\u0679\" \/>\n<script type=\"application\/ld+json\" class=\"yoast-schema-graph\">{\"@context\":\"https:\\\/\\\/schema.org\",\"@graph\":[{\"@type\":\"WebPage\",\"@id\":\"https:\\\/\\\/floridareprofreedom.org\\\/judicialbypass\\\/egzansyon-jidisye-an-florid\\\/eske-lot-moun-ki-enplike-nan-gwoses-mwen-fan-gen-yon-opinyon-sou-si-mwen-chwazi-fe-yon-avotman\\\/\",\"url\":\"https:\\\/\\\/floridareprofreedom.org\\\/judicialbypass\\\/egzansyon-jidisye-an-florid\\\/eske-lot-moun-ki-enplike-nan-gwoses-mwen-fan-gen-yon-opinyon-sou-si-mwen-chwazi-fe-yon-avotman\\\/\",\"name\":\"\u00c8ske l\u00f2t moun ki enplike nan gwos\u00e8s mwen fan gen yon opinyon sou si mwen chwazi fe yon av\u00f2tman? - Floridians For Reproductive Freedom\",\"isPartOf\":{\"@id\":\"https:\\\/\\\/floridareprofreedom.org\\\/#website\"},\"datePublished\":\"2024-01-02T23:05:47+00:00\",\"description\":\"Non. Moun ki ansent la se s\u00e8l li ki gen dwa final pou l deside.\",\"breadcrumb\":{\"@id\":\"https:\\\/\\\/floridareprofreedom.org\\\/judicialbypass\\\/egzansyon-jidisye-an-florid\\\/eske-lot-moun-ki-enplike-nan-gwoses-mwen-fan-gen-yon-opinyon-sou-si-mwen-chwazi-fe-yon-avotman\\\/#breadcrumb\"},\"inLanguage\":\"ur\",\"potentialAction\":[{\"@type\":\"ReadAction\",\"target\":[\"https:\\\/\\\/floridareprofreedom.org\\\/judicialbypass\\\/egzansyon-jidisye-an-florid\\\/eske-lot-moun-ki-enplike-nan-gwoses-mwen-fan-gen-yon-opinyon-sou-si-mwen-chwazi-fe-yon-avotman\\\/\"]}]},{\"@type\":\"BreadcrumbList\",\"@id\":\"https:\\\/\\\/floridareprofreedom.org\\\/judicialbypass\\\/egzansyon-jidisye-an-florid\\\/eske-lot-moun-ki-enplike-nan-gwoses-mwen-fan-gen-yon-opinyon-sou-si-mwen-chwazi-fe-yon-avotman\\\/#breadcrumb\",\"itemListElement\":[{\"@type\":\"ListItem\",\"position\":1,\"name\":\"Home\",\"item\":\"https:\\\/\\\/floridareprofreedom.org\\\/\"},{\"@type\":\"ListItem\",\"position\":2,\"name\":\"Judicial Bypass in Florida\",\"item\":\"https:\\\/\\\/floridareprofreedom.org\\\/judicialbypass\\\/\"},{\"@type\":\"ListItem\",\"position\":3,\"name\":\"Egzansyon Jidisy\u00e8 an Florid\",\"item\":\"https:\\\/\\\/floridareprofreedom.org\\\/judicialbypass\\\/egzansyon-jidisye-an-florid\\\/\"},{\"@type\":\"ListItem\",\"position\":4,\"name\":\"\u00c8ske l\u00f2t moun ki enplike nan gwos\u00e8s mwen fan gen yon opinyon sou si mwen chwazi fe yon av\u00f2tman?\"}]},{\"@type\":\"WebSite\",\"@id\":\"https:\\\/\\\/floridareprofreedom.org\\\/#website\",\"url\":\"https:\\\/\\\/floridareprofreedom.org\\\/\",\"name\":\"Floridians For Reproductive Freedom\",\"description\":\"Advocating for convenient, affordable, and safe access to reproductive health care, including abortion.\",\"publisher\":{\"@id\":\"https:\\\/\\\/floridareprofreedom.org\\\/#organization\"},\"potentialAction\":[{\"@type\":\"SearchAction\",\"target\":{\"@type\":\"EntryPoint\",\"urlTemplate\":\"https:\\\/\\\/floridareprofreedom.org\\\/?s={search_term_string}\"},\"query-input\":{\"@type\":\"PropertyValueSpecification\",\"valueRequired\":true,\"valueName\":\"search_term_string\"}}],\"inLanguage\":\"ur\"},{\"@type\":\"Organization\",\"@id\":\"https:\\\/\\\/floridareprofreedom.org\\\/#organization\",\"name\":\"Floridians for Reproductive Freedom\",\"url\":\"https:\\\/\\\/floridareprofreedom.org\\\/\",\"logo\":{\"@type\":\"ImageObject\",\"inLanguage\":\"ur\",\"@id\":\"https:\\\/\\\/floridareprofreedom.org\\\/#\\\/schema\\\/logo\\\/image\\\/\",\"url\":\"https:\\\/\\\/floridareprofreedom.org\\\/wp-content\\\/uploads\\\/2019\\\/05\\\/Untitled.jpg\",\"contentUrl\":\"https:\\\/\\\/floridareprofreedom.org\\\/wp-content\\\/uploads\\\/2019\\\/05\\\/Untitled.jpg\",\"width\":174,\"height\":180,\"caption\":\"Floridians for Reproductive Freedom\"},\"image\":{\"@id\":\"https:\\\/\\\/floridareprofreedom.org\\\/#\\\/schema\\\/logo\\\/image\\\/\"},\"sameAs\":[\"https:\\\/\\\/www.facebook.com\\\/FloridaReproFreedom\\\/\",\"https:\\\/\\\/x.com\\\/FLReproFreedom\",\"https:\\\/\\\/www.instagram.com\\\/floridareprofreedom\\\/\"]}]}<\/script>\n<!-- \/ Yoast SEO plugin. -->","yoast_head_json":{"title":"\u00c8ske l\u00f2t moun ki enplike nan gwos\u00e8s mwen fan gen yon opinyon sou si mwen chwazi fe yon Av\u00f2tman\u061f - \u062a\u0648\u0644\u06cc\u062f\u06cc \u0622\u0632\u0627\u062f\u06cc \u06a9\u06d2 \u0644\u06cc\u06d2 \u0641\u0644\u0648\u0631\u06cc\u0688\u06cc\u0646","description":"\u063a\u06cc\u0631 Moun ki ansent la se s\u00e8l li ki gen dwa final pou l deside.","robots":{"index":"index","follow":"follow","max-snippet":"max-snippet:-1","max-image-preview":"max-image-preview:large","max-video-preview":"max-video-preview:-1"},"canonical":"https:\/\/floridareprofreedom.org\/ur\/\u0639\u062f\u0627\u0644\u062a\u06cc-\u0628\u0627\u0626\u06cc-\u067e\u0627\u0633\/egzansyon-jidisye-an-florid\/eske-lot-moun-ki-enplike-nan-gwoses-mwen-fan-gen-yon-opinyon-sou-si-mwen-chwazi-fe-yon-avotman\/","og_locale":"en_US","og_type":"article","og_title":"\u00c8ske l\u00f2t moun ki enplike nan gwos\u00e8s mwen fan gen yon opinyon sou si mwen chwazi fe yon av\u00f2tman? - Floridians For Reproductive Freedom","og_description":"Non. Moun ki ansent la se s\u00e8l li ki gen dwa final pou l deside.","og_url":"https:\/\/floridareprofreedom.org\/ur\/\u0639\u062f\u0627\u0644\u062a\u06cc-\u0628\u0627\u0626\u06cc-\u067e\u0627\u0633\/egzansyon-jidisye-an-florid\/eske-lot-moun-ki-enplike-nan-gwoses-mwen-fan-gen-yon-opinyon-sou-si-mwen-chwazi-fe-yon-avotman\/","og_site_name":"Floridians For Reproductive Freedom","article_publisher":"https:\/\/www.facebook.com\/FloridaReproFreedom\/","twitter_card":"summary_large_image","twitter_site":"@FLReproFreedom","twitter_misc":{"Est. reading time":"1 \u0645\u0646\u0679"},"schema":{"@context":"https:\/\/schema.org","@graph":[{"@type":"WebPage","@id":"https:\/\/floridareprofreedom.org\/judicialbypass\/egzansyon-jidisye-an-florid\/eske-lot-moun-ki-enplike-nan-gwoses-mwen-fan-gen-yon-opinyon-sou-si-mwen-chwazi-fe-yon-avotman\/","url":"https:\/\/floridareprofreedom.org\/judicialbypass\/egzansyon-jidisye-an-florid\/eske-lot-moun-ki-enplike-nan-gwoses-mwen-fan-gen-yon-opinyon-sou-si-mwen-chwazi-fe-yon-avotman\/","name":"\u00c8ske l\u00f2t moun ki enplike nan gwos\u00e8s mwen fan gen yon opinyon sou si mwen chwazi fe yon Av\u00f2tman\u061f - \u062a\u0648\u0644\u06cc\u062f\u06cc \u0622\u0632\u0627\u062f\u06cc \u06a9\u06d2 \u0644\u06cc\u06d2 \u0641\u0644\u0648\u0631\u06cc\u0688\u06cc\u0646","isPartOf":{"@id":"https:\/\/floridareprofreedom.org\/#website"},"datePublished":"2024-01-02T23:05:47+00:00","description":"\u063a\u06cc\u0631 Moun ki ansent la se s\u00e8l li ki gen dwa final pou l deside.","breadcrumb":{"@id":"https:\/\/floridareprofreedom.org\/judicialbypass\/egzansyon-jidisye-an-florid\/eske-lot-moun-ki-enplike-nan-gwoses-mwen-fan-gen-yon-opinyon-sou-si-mwen-chwazi-fe-yon-avotman\/#breadcrumb"},"inLanguage":"ur","potentialAction":[{"@type":"ReadAction","target":["https:\/\/floridareprofreedom.org\/judicialbypass\/egzansyon-jidisye-an-florid\/eske-lot-moun-ki-enplike-nan-gwoses-mwen-fan-gen-yon-opinyon-sou-si-mwen-chwazi-fe-yon-avotman\/"]}]},{"@type":"BreadcrumbList","@id":"https:\/\/floridareprofreedom.org\/judicialbypass\/egzansyon-jidisye-an-florid\/eske-lot-moun-ki-enplike-nan-gwoses-mwen-fan-gen-yon-opinyon-sou-si-mwen-chwazi-fe-yon-avotman\/#breadcrumb","itemListElement":[{"@type":"ListItem","position":1,"name":"Home","item":"https:\/\/floridareprofreedom.org\/"},{"@type":"ListItem","position":2,"name":"Judicial Bypass in Florida","item":"https:\/\/floridareprofreedom.org\/judicialbypass\/"},{"@type":"ListItem","position":3,"name":"Egzansyon Jidisy\u00e8 an Florid","item":"https:\/\/floridareprofreedom.org\/judicialbypass\/egzansyon-jidisye-an-florid\/"},{"@type":"ListItem","position":4,"name":"\u00c8ske l\u00f2t moun ki enplike nan gwos\u00e8s mwen fan gen yon opinyon sou si mwen chwazi fe yon av\u00f2tman?"}]},{"@type":"WebSite","@id":"https:\/\/floridareprofreedom.org\/#website","url":"https:\/\/floridareprofreedom.org\/","name":"\u0641\u0644\u0648\u0631\u06cc\u0688\u06cc\u0646 \u062a\u0648\u0644\u06cc\u062f\u06cc \u0622\u0632\u0627\u062f\u06cc \u06a9\u06d2 \u0644\u06cc\u06d2","description":"\u0627\u0633\u0642\u0627\u0637 \u062d\u0645\u0644 \u0633\u0645\u06cc\u062a \u062a\u0648\u0644\u06cc\u062f\u06cc \u0635\u062d\u062a \u06a9\u06cc \u062f\u06cc\u06a9\u06be \u0628\u06be\u0627\u0644 \u062a\u06a9 \u0622\u0633\u0627\u0646\u060c \u0633\u0633\u062a\u06cc \u0627\u0648\u0631 \u0645\u062d\u0641\u0648\u0638 \u0631\u0633\u0627\u0626\u06cc \u06a9\u06cc \u0648\u06a9\u0627\u0644\u062a \u06a9\u0631\u0646\u0627\u06d4","publisher":{"@id":"https:\/\/floridareprofreedom.org\/#organization"},"potentialAction":[{"@type":"SearchAction","target":{"@type":"EntryPoint","urlTemplate":"https:\/\/floridareprofreedom.org\/?s={search_term_string}"},"query-input":{"@type":"PropertyValueSpecification","valueRequired":true,"valueName":"search_term_string"}}],"inLanguage":"ur"},{"@type":"Organization","@id":"https:\/\/floridareprofreedom.org\/#organization","name":"\u062a\u0648\u0644\u06cc\u062f\u06cc \u0622\u0632\u0627\u062f\u06cc \u06a9\u06d2 \u0644\u06cc\u06d2 \u0641\u0644\u0648\u0631\u06cc\u0688\u06cc\u0646","url":"https:\/\/floridareprofreedom.org\/","logo":{"@type":"ImageObject","inLanguage":"ur","@id":"https:\/\/floridareprofreedom.org\/#\/schema\/logo\/image\/","url":"https:\/\/floridareprofreedom.org\/wp-content\/uploads\/2019\/05\/Untitled.jpg","contentUrl":"https:\/\/floridareprofreedom.org\/wp-content\/uploads\/2019\/05\/Untitled.jpg","width":174,"height":180,"caption":"Floridians for Reproductive Freedom"},"image":{"@id":"https:\/\/floridareprofreedom.org\/#\/schema\/logo\/image\/"},"sameAs":["https:\/\/www.facebook.com\/FloridaReproFreedom\/","https:\/\/x.com\/FLReproFreedom","https:\/\/www.instagram.com\/floridareprofreedom\/"]}]}},"_links":{"self":[{"href":"https:\/\/floridareprofreedom.org\/ur\/wp-json\/wp\/v2\/pages\/3192","targetHints":{"allow":["GET"]}}],"collection":[{"href":"https:\/\/floridareprofreedom.org\/ur\/wp-json\/wp\/v2\/pages"}],"about":[{"href":"https:\/\/floridareprofreedom.org\/ur\/wp-json\/wp\/v2\/types\/page"}],"author":[{"embeddable":true,"href":"https:\/\/floridareprofreedom.org\/ur\/wp-json\/wp\/v2\/users\/7"}],"replies":[{"embeddable":true,"href":"https:\/\/floridareprofreedom.org\/ur\/wp-json\/wp\/v2\/comments?post=3192"}],"version-history":[{"count":1,"href":"https:\/\/floridareprofreedom.org\/ur\/wp-json\/wp\/v2\/pages\/3192\/revisions"}],"predecessor-version":[{"id":3193,"href":"https:\/\/floridareprofreedom.org\/ur\/wp-json\/wp\/v2\/pages\/3192\/revisions\/3193"}],"up":[{"embeddable":true,"href":"https:\/\/floridareprofreedom.org\/ur\/wp-json\/wp\/v2\/pages\/3142"}],"wp:attachment":[{"href":"https:\/\/floridareprofreedom.org\/ur\/wp-json\/wp\/v2\/media?parent=3192"}],"wp:term":[{"taxonomy":"folder","embeddable":true,"href":"https:\/\/floridareprofreedom.org\/ur\/wp-json\/wp\/v2\/folder?post=3192"}],"curies":[{"name":"wp","href":"https:\/\/api.w.org\/{rel}","templated":true}]}}