{"id":490,"date":"2019-02-28T14:10:16","date_gmt":"2019-02-28T14:10:16","guid":{"rendered":"https:\/\/floridareprofreedom.org\/?page_id=490"},"modified":"2019-03-07T16:11:44","modified_gmt":"2019-03-07T16:11:44","slug":"%d8%ae%d8%aa%d9%85-%da%a9%d8%b1%d9%86%d8%a7","status":"publish","type":"page","link":"https:\/\/floridareprofreedom.org\/ur\/aborto\/","title":{"rendered":"Un aborto seguro y Accessible es cuidado m\u00e9dico"},"content":{"rendered":"<div class=\"row bottom-buffer\" style=\"background: #eee;\">\n<div class=\"col-md-4\" style=\"padding: 1.5em;\"><img decoding=\"async\" src=\"\/wp-content\/uploads\/2019\/02\/acare-2.jpg\" \/><\/div>\n<div class=\"col-md-8\" style=\"padding: 1.5em;\">\n<h4><strong>Las mujeres cuidan mejor de sus familias cuando se cuidan a s\u00ed mismas.<\/strong><\/h4>\n<h4>Tener acceso a un aborto seguro y legal es parte del sistema de cuidado de salud de los individuos. Una de cuatro mujeres se realiza uno. Convertirnos en padres es una de las decisiones m\u00e1s importantes de nuestras vidas. Cuando somos libres de tomar las mejores decisiones para nuestro diario vivir\u060c nuestras familias progresan y participan con dignidad e igualdad de comunidades floridanas m\u00e1s fuertes e inclusivas.<\/h4>\n<\/div>\n<\/div>\n<h4><strong>La salud y la seguridad son derechos b\u00e1sicos\u060c tal como lo es la libertad de poder definir nuestro propio camino.<\/strong><\/h4>\n<p>Los floridanos no son del todo libres si no tienen autonom\u00eda corporal y si no pueden decidir sobre sus vidas o futuros, ya sea rechazando avances sexuales, dici\u00e9ndole \u201cno\u201d a un embarazo no deseado, o simplemente con un \u201cs\u00eddres\u201d a convert. Cuando alguien decite realizarse un aborto, el mismo debe ser uno seguro, asequible y libre de crimeizaci\u00f3n o prejuicios.<\/p>\n<h4><strong>En todo el pa\u00eds y Florida, politicos anti-derechos han estado trabajando duro para prohibir acceso a un aborto legal, seguro y accesible.<\/strong><\/h4>\n<p><img fetchpriority=\"high\" decoding=\"async\" class=\"alignright\" src=\"\/wp-content\/uploads\/2019\/03\/oneinfour-espanol.jpg\" width=\"250\" height=\"250\" \/>Cada a\u00f1o\u060c legisladores \u0645\u062e\u0627\u0644\u0641 derechos promueven proyectos de ley que buscan implementar retricciones m\u00e9dicas y pol\u00edticas que son innecesarias.Han estado ocupados creando una red de barreras para que el aborto seguro \u0633\u0645\u0646\u062f\u0631 \u0646\u0627\u0642\u0627\u0628\u0644 \u0631\u0633\u0627\u0626\u06cc pojereselas pojeresegent lavenlass \u0631\u0646\u06af Dichos esfuerzos son coordinados a nivel nacional como parte de una agenda, cuya finalidad es prohibir por completo el derecho al aborto seguro y \u0642\u0627\u0646\u0648\u0646\u06cc\u06d4 <\/p>\n<p>Legisladores \u0645\u062e\u0627\u0644\u0641 aborto est\u00e1n presentando piezas legislativas o tratando de imitar legislaciones de otros estados que obligan a los proveedores de salud a mentirle a sus pacientes, adem\u00e1s de forzar a las mujeres a que asistan a ml\u00e9citasquer\u00e9s a m\u00e1squer\u00e9s a procedimientos m\u00e9dicos innecesarios e invasivos. Leyes que requieren penalidades o est\u00e1ndares m\u00e1s altos para los proveedores de aborto que no las tienen otros proveedores de salud\u060c son otro intento flagrante para que las cl\u00ednicas tengan que cerrar sus puertas al p\u00fablico. Actualmente, un 70 porciento de los condados de Florida no ofrecen servicios de aborto. <\/p>\n<h4><strong>Obligar a una persona a llevar a t\u00e9rmino un embarazo no deseado puede dejar heridas emocionales devastadoras y duraderas en las mujeres y su familia\u06d4<\/strong><\/h4>\n<p>Estudios demuestran que cuando \u0627\u06cc\u06a9 una mujer \u0633\u06d2 \u0644\u06cc niega \u0627\u0644 derecho \u0688\u06cc obtener \u0627\u0642\u0648\u0627\u0645 \u0645\u062a\u062d\u062f\u06c1 aborto seguro\u060c es mucho m\u00e1s \u0645\u0645\u06a9\u0646\u06c1 que termine en la pobreza que una que recibe asistencia m\u00e9dica. Por otro lado, mujeres que reciben servicios de interrupci\u00f3n de embarazo en comparaci\u00f3n con las que no reciben la asistencia, son seis veces m\u00e1s propensas a lograr sus metas ya llevar una vida m\u00e1s positiva.<\/p>\n<div class=\"row bottom-buffer\">\n<div class=\"col-md-3\"><img decoding=\"async\" src=\"\/wp-content\/uploads\/2019\/03\/acare-1-espanol.jpg\" \/><\/div>\n<div class=\"col-md-9\">\n<h4><strong>Es momento de alzar nuestra voz y decir presente para asegurarnos que el aborto seguro y \u0642\u0627\u0646\u0648\u0646\u06cc es un derecho disponible para las comunidades en Florida. Es momento de poner fin a las retricciones basadas en edad\u060c identidad o por el c\u00f3digo postal de Donde vivimos.<\/strong><\/h4>\n<p>The Floridians for Reproductive Freedom es una coalici\u00f3n que tiene la misi\u00f3n de crear un futuro que protege el acceso a servicios de aborto seguros, que defiende los derechos b\u00e1sicos de justicia y respeta los procesos individuales de tomar decisiones. Estamos movilizando 7 en 10 floridanos que respaldan el aborto \u0642\u0627\u0646\u0648\u0646\u06cc para continuar presionando el sistema \u0639\u062f\u0627\u0644\u062a\u06cc\u060c la legislatura y el gobernador. \u00danase a nuestros esfuerzos de fortalecer las protecciones existentes del aborto ya detener ataques adicionales. Provea sus datos para recibir alertas, llamados de acci\u00f3n e informaci\u00f3n sobre c\u00f3mo integrarse a este movimiento.<\/p>\n<\/div>\n<\/div>\n<form class=\"action_form\" accept-charset=\"utf-8\" action=\"https:\/\/act.progressflorida.org\/act\/\" method=\"POST\" name=\"act\"><input name=\"page\" type=\"hidden\" value=\"frf-grassroots\" \/><\/p>\n<div class=\"form-row\">\n<div class=\"field-group col-md-6\"><label for=\"id_first_name\"><br \/>\n\u0646\u0645\u0628\u0631<span class=\"ak-required-flag\">*<\/span><br \/>\n<\/label><br \/>\n<input id=\"id_first_name\" class=\"form-control\" name=\"first_name\" type=\"text\" \/><\/div>\n<div class=\"field-group col-md-6\"><label for=\"id_last_name\"><br \/>\n\u0627\u067e\u06cc\u0644\u06cc\u0688\u0648<span class=\"ak-required-flag\">*<\/span><br \/>\n<\/label><br \/>\n<input id=\"id_last_name\" class=\"form-control\" name=\"last_name\" type=\"text\" \/><\/div>\n<\/div>\n<div class=\"field-group\"><label for=\"id_email\"><br \/>\nCorreo Electr\u00f3nico<span class=\"ak-required-flag\">*<\/span><br \/>\n<\/label><br \/>\n<input id=\"id_email\" class=\"form-control\" name=\"email\" type=\"text\" \/><\/div>\n<div class=\"field-group\"><label for=\"id_address1\"><br \/>\n\u0633\u0645\u062a<br \/>\n<\/label><br \/>\n<input id=\"id_address1\" class=\"form-control\" name=\"address1\" type=\"text\" \/><\/div>\n<div class=\"form-row\">\n<div class=\"field-group col-md-6\"><label for=\"id_city\"><br \/>\nCiudad<br \/>\n<\/label><br \/>\n<input id=\"id_city\" class=\"form-control\" name=\"city\" type=\"text\" \/><\/div>\n<div class=\"field-group col-md-4\"><label for=\"id_state\"><br \/>\n\u0627\u06cc\u0633\u0679\u0627\u0688\u0648<br \/>\n<\/label><br \/>\n<select id=\"id_state\" class=\"form-control\" name=\"state\"><option value=\"\">\u0631\u06cc\u0627\u0633\u062a<\/option><option value=\"AL\">\u0627\u0644\u0627\u0628\u0627\u0645\u0627<\/option><option value=\"AK\">\u0627\u0644\u0627\u0633\u06a9\u0627<\/option><option value=\"AZ\">\u0627\u06cc\u0631\u06cc\u0632\u0648\u0646\u0627<\/option><option value=\"AR\">\u0622\u0631\u06a9\u0646\u0633\u0627\u0633<\/option><option value=\"CA\">\u06a9\u06cc\u0644\u06cc\u0641\u0648\u0631\u0646\u06cc\u0627<\/option><option value=\"CO\">\u06a9\u0648\u0644\u0648\u0631\u0627\u0688\u0648<\/option><option value=\"CT\">\u06a9\u0646\u06cc\u06a9\u0679\u06cc\u06a9\u0679<\/option><option value=\"DE\">\u0688\u06cc\u0644\u0627\u0648\u06cc\u0626\u0631<\/option><option value=\"DC\">\u0636\u0644\u0639 \u06a9\u0648\u0644\u0645\u0628\u06cc\u0627<\/option><option value=\"FL\">\u0641\u0644\u0648\u0631\u06cc\u0688\u0627<\/option><option value=\"GA\">\u062c\u0627\u0631\u062c\u06cc\u0627<\/option><option value=\"HI\">\u06c1\u0648\u0627\u0626\u06cc<\/option><option value=\"ID\">\u0627\u06cc\u0688\u0627\u06c1\u0648<\/option><option value=\"IL\">\u0627\u0644\u06cc\u0646\u0648\u0627\u0626\u06d2<\/option><option value=\"IN\">\u0627\u0646\u0688\u06cc\u0627\u0646\u0627<\/option><option value=\"IA\">\u0622\u0626\u06cc\u0648\u0648\u0627<\/option><option value=\"KS\">\u06a9\u0646\u0633\u0627\u0633<\/option><option value=\"KY\">\u06a9\u06cc\u0646\u0679\u06a9\u06cc<\/option><option value=\"LA\">\u0644\u0648\u0632\u06cc\u0627\u0646\u0627<\/option><option value=\"ME\">\u0645\u06cc\u0646<\/option><option value=\"MD\">\u0645\u06cc\u0631\u06cc \u0644\u06cc\u0646\u0688<\/option><option value=\"MA\">\u0645\u06cc\u0633\u0627\u0686\u0648\u0633\u0679\u0633<\/option><option value=\"MI\">\u0645\u0634\u06cc \u06af\u0646<\/option><option value=\"MN\">\u0645\u06cc\u0646\u06cc\u0633\u0648\u0679\u0627<\/option><option value=\"MS\">\u0645\u0633\u06cc\u0633\u06cc\u067e\u06cc<\/option><option value=\"MO\">\u0645\u06cc\u0633\u0648\u0631\u06cc<\/option><option value=\"MT\">\u0645\u0648\u0646\u0679\u0627\u0646\u0627<\/option><option value=\"NE\">\u0646\u06cc\u0628\u0631\u0627\u0633\u06a9\u0627<\/option><option value=\"NV\">\u0646\u06cc\u0648\u0627\u0688\u0627<\/option><option value=\"NH\">\u0646\u06cc\u0648 \u06c1\u06cc\u0645\u067e\u0634\u0627\u0626\u0631<\/option><option value=\"NJ\">\u0646\u06cc\u0648 \u062c\u0631\u0633\u06cc<\/option><option value=\"NM\">\u0646\u06cc\u0648 \u0645\u06cc\u06a9\u0633\u06cc\u06a9\u0648<\/option><option value=\"NY\">\u0646\u06cc\u0648\u06cc\u0627\u0631\u06a9<\/option><option value=\"NC\">\u0634\u0645\u0627\u0644\u06cc \u06a9\u06cc\u0631\u0648\u0644\u06cc\u0646\u0627<\/option><option value=\"ND\">\u0646\u0627\u0631\u062a\u06be \u0688\u06a9\u0648\u0679\u0627<\/option><option value=\"OH\">\u0627\u0648\u06c1\u0627\u0626\u06cc\u0648<\/option><option value=\"OK\">\u0627\u0648\u06a9\u0644\u0627\u06c1\u0648\u0645\u0627<\/option><option value=\"OR\">\u0627\u0648\u0631\u06cc\u06af\u0648\u0646<\/option><option value=\"PA\">\u067e\u0646\u0633\u0644\u0648\u0627\u0646\u06cc\u0627<\/option><option value=\"RI\">\u0631\u06c1\u0648\u0688 \u0622\u0626\u06cc \u0644\u06cc\u0646\u0688<\/option><option value=\"SC\">\u062c\u0646\u0648\u0628\u06cc \u06a9\u06cc\u0631\u0648\u0644\u06cc\u0646\u0627<\/option><option value=\"SD\">\u062c\u0646\u0648\u0628\u06cc \u0688\u06a9\u0648\u0679\u0627<\/option><option value=\"TN\">\u0679\u06cc\u0646\u06cc\u0633\u06cc<\/option><option value=\"TX\">\u0679\u06cc\u06a9\u0633\u0627\u0633<\/option><option value=\"UT\">\u06cc\u0648\u0679\u0627\u06c1<\/option><option value=\"VT\">\u0648\u0631\u0645\u0648\u0646\u0679<\/option><option value=\"VA\">\u0648\u0631\u062c\u06cc\u0646\u06cc\u0627<\/option><option value=\"WA\">\u0648\u0627\u0634\u0646\u06af\u0679\u0646<\/option><option value=\"DC\">\u0648\u0627\u0634\u0646\u06af\u0679\u0646 \u0688\u06cc \u0633\u06cc<\/option><option value=\"WV\">\u0648\u06cc\u0633\u0679 \u0648\u0631\u062c\u06cc\u0646\u06cc\u0627<\/option><option value=\"WI\">\u0648\u0633\u06a9\u0648\u0646\u0633\u0646<\/option><option value=\"WY\">\u0648\u0648\u0645\u0646\u06af<\/option><\/select><\/div>\n<div class=\"field-group col-md-2\"><label for=\"id_zip\"><br \/>\n\u06a9\u0648\u0688\u06cc\u06af\u0648 \u067e\u0648\u0633\u0679\u0644<span class=\"ak-required-flag\">*<\/span><br \/>\n<\/label><br \/>\n<input id=\"id_zip\" class=\"form-control\" name=\"zip\" type=\"text\" \/><\/div>\n<\/div>\n<div class=\"field-group\"><label for=\"id_phone\"><br \/>\n\u0679\u06cc\u0644\u06cc \u0641\u0648\u0646<br \/>\n<\/label><br \/>\n<input id=\"id_phone\" class=\"form-control\" name=\"phone\" type=\"text\" \/><\/div>\n<p><input name=\"country\" type=\"hidden\" value=\"United States\" \/><\/p>\n<p><button class=\"btn\" type=\"submit\">Inscribirse<\/button><br \/>\n<small class=\"text-muted\"><br \/>\nAl proveer mi informaci\u00f3n personal otorgo consentimiento a Floridians For Reproductive Freedom y sus aliados para que me contacten sobre esta u otras futuras campa\u00f1as.<br \/>\n<\/small><\/p>\n<\/form>","protected":false},"excerpt":{"rendered":"<p>Las mujeres cuidan mejor de sus familias cuando se cuidan a s\u00ed mismas. Tener acceso a un aborto seguro y legal es parte del sistema de cuidado de salud de los individuos. Una de cuatro mujeres se realiza uno. Convertirnos en padres es una de las decisiones m\u00e1s importantes de nuestras vidas. Cuando somos libres [&hellip;]<\/p>\n","protected":false},"author":4,"featured_media":0,"parent":0,"menu_order":0,"comment_status":"closed","ping_status":"closed","template":"","meta":{"footnotes":""},"folder":[],"class_list":["post-490","page","type-page","status-publish","hentry"],"yoast_head":"<!-- This site is optimized with the Yoast SEO plugin v27.4 - https:\/\/yoast.com\/product\/yoast-seo-wordpress\/ -->\n<title>Un aborto seguro y accesible es cuidado m\u00e9dico - Floridians For Reproductive Freedom<\/title>\n<meta name=\"robots\" content=\"index, follow, max-snippet:-1, max-image-preview:large, max-video-preview:-1\" \/>\n<link rel=\"canonical\" href=\"https:\/\/floridareprofreedom.org\/ur\/\u062e\u062a\u0645-\u06a9\u0631\u0646\u0627\/\" \/>\n<meta property=\"og:locale\" content=\"en_US\" \/>\n<meta property=\"og:type\" content=\"article\" \/>\n<meta property=\"og:title\" content=\"Un aborto seguro y accesible es cuidado m\u00e9dico - Floridians For Reproductive Freedom\" \/>\n<meta property=\"og:description\" content=\"Las mujeres cuidan mejor de sus familias cuando se cuidan a s\u00ed mismas. Tener acceso a un aborto seguro y legal es parte del sistema de cuidado de salud de los individuos. Una de cuatro mujeres se realiza uno. Convertirnos en padres es una de las decisiones m\u00e1s importantes de nuestras vidas. Cuando somos libres [&hellip;]\" \/>\n<meta property=\"og:url\" content=\"https:\/\/floridareprofreedom.org\/ur\/\u062e\u062a\u0645-\u06a9\u0631\u0646\u0627\/\" \/>\n<meta property=\"og:site_name\" content=\"Floridians For Reproductive Freedom\" \/>\n<meta property=\"article:publisher\" content=\"https:\/\/www.facebook.com\/FloridaReproFreedom\/\" \/>\n<meta property=\"article:modified_time\" content=\"2019-03-07T16:11:44+00:00\" \/>\n<meta property=\"og:image\" content=\"https:\/\/floridareprofreedom.org\/wp-content\/uploads\/2019\/02\/acare-2.jpg\" \/>\n<meta name=\"twitter:card\" content=\"summary_large_image\" \/>\n<meta name=\"twitter:site\" content=\"@FLReproFreedom\" \/>\n<meta name=\"twitter:label1\" content=\"Est. reading time\" \/>\n\t<meta name=\"twitter:data1\" content=\"4 \u0645\u0646\u0679\u0633\" \/>\n<script type=\"application\/ld+json\" class=\"yoast-schema-graph\">{\"@context\":\"https:\\\/\\\/schema.org\",\"@graph\":[{\"@type\":\"WebPage\",\"@id\":\"https:\\\/\\\/floridareprofreedom.org\\\/aborto\\\/\",\"url\":\"https:\\\/\\\/floridareprofreedom.org\\\/aborto\\\/\",\"name\":\"Un aborto seguro y accesible es cuidado m\u00e9dico - Floridians For Reproductive Freedom\",\"isPartOf\":{\"@id\":\"https:\\\/\\\/floridareprofreedom.org\\\/#website\"},\"datePublished\":\"2019-02-28T14:10:16+00:00\",\"dateModified\":\"2019-03-07T16:11:44+00:00\",\"breadcrumb\":{\"@id\":\"https:\\\/\\\/floridareprofreedom.org\\\/aborto\\\/#breadcrumb\"},\"inLanguage\":\"ur\",\"potentialAction\":[{\"@type\":\"ReadAction\",\"target\":[\"https:\\\/\\\/floridareprofreedom.org\\\/aborto\\\/\"]}]},{\"@type\":\"BreadcrumbList\",\"@id\":\"https:\\\/\\\/floridareprofreedom.org\\\/aborto\\\/#breadcrumb\",\"itemListElement\":[{\"@type\":\"ListItem\",\"position\":1,\"name\":\"Home\",\"item\":\"https:\\\/\\\/floridareprofreedom.org\\\/\"},{\"@type\":\"ListItem\",\"position\":2,\"name\":\"Un aborto seguro y accesible es cuidado m\u00e9dico\"}]},{\"@type\":\"WebSite\",\"@id\":\"https:\\\/\\\/floridareprofreedom.org\\\/#website\",\"url\":\"https:\\\/\\\/floridareprofreedom.org\\\/\",\"name\":\"Floridians For Reproductive Freedom\",\"description\":\"Advocating for convenient, affordable, and safe access to reproductive health care, including abortion.\",\"publisher\":{\"@id\":\"https:\\\/\\\/floridareprofreedom.org\\\/#organization\"},\"potentialAction\":[{\"@type\":\"SearchAction\",\"target\":{\"@type\":\"EntryPoint\",\"urlTemplate\":\"https:\\\/\\\/floridareprofreedom.org\\\/?s={search_term_string}\"},\"query-input\":{\"@type\":\"PropertyValueSpecification\",\"valueRequired\":true,\"valueName\":\"search_term_string\"}}],\"inLanguage\":\"ur\"},{\"@type\":\"Organization\",\"@id\":\"https:\\\/\\\/floridareprofreedom.org\\\/#organization\",\"name\":\"Floridians for Reproductive Freedom\",\"url\":\"https:\\\/\\\/floridareprofreedom.org\\\/\",\"logo\":{\"@type\":\"ImageObject\",\"inLanguage\":\"ur\",\"@id\":\"https:\\\/\\\/floridareprofreedom.org\\\/#\\\/schema\\\/logo\\\/image\\\/\",\"url\":\"https:\\\/\\\/floridareprofreedom.org\\\/wp-content\\\/uploads\\\/2019\\\/05\\\/Untitled.jpg\",\"contentUrl\":\"https:\\\/\\\/floridareprofreedom.org\\\/wp-content\\\/uploads\\\/2019\\\/05\\\/Untitled.jpg\",\"width\":174,\"height\":180,\"caption\":\"Floridians for Reproductive Freedom\"},\"image\":{\"@id\":\"https:\\\/\\\/floridareprofreedom.org\\\/#\\\/schema\\\/logo\\\/image\\\/\"},\"sameAs\":[\"https:\\\/\\\/www.facebook.com\\\/FloridaReproFreedom\\\/\",\"https:\\\/\\\/x.com\\\/FLReproFreedom\",\"https:\\\/\\\/www.instagram.com\\\/floridareprofreedom\\\/\"]}]}<\/script>\n<!-- \/ Yoast SEO plugin. -->","yoast_head_json":{"title":"Un aborto seguro y Accessible es cuidado m\u00e9dico - Floridians For Reproductive Freedom","robots":{"index":"index","follow":"follow","max-snippet":"max-snippet:-1","max-image-preview":"max-image-preview:large","max-video-preview":"max-video-preview:-1"},"canonical":"https:\/\/floridareprofreedom.org\/ur\/\u062e\u062a\u0645-\u06a9\u0631\u0646\u0627\/","og_locale":"en_US","og_type":"article","og_title":"Un aborto seguro y accesible es cuidado m\u00e9dico - Floridians For Reproductive Freedom","og_description":"Las mujeres cuidan mejor de sus familias cuando se cuidan a s\u00ed mismas. Tener acceso a un aborto seguro y legal es parte del sistema de cuidado de salud de los individuos. Una de cuatro mujeres se realiza uno. Convertirnos en padres es una de las decisiones m\u00e1s importantes de nuestras vidas. Cuando somos libres [&hellip;]","og_url":"https:\/\/floridareprofreedom.org\/ur\/\u062e\u062a\u0645-\u06a9\u0631\u0646\u0627\/","og_site_name":"Floridians For Reproductive Freedom","article_publisher":"https:\/\/www.facebook.com\/FloridaReproFreedom\/","article_modified_time":"2019-03-07T16:11:44+00:00","og_image":[{"url":"https:\/\/floridareprofreedom.org\/wp-content\/uploads\/2019\/02\/acare-2.jpg","type":"","width":"","height":""}],"twitter_card":"summary_large_image","twitter_site":"@FLReproFreedom","twitter_misc":{"Est. reading time":"4 \u0645\u0646\u0679\u0633"},"schema":{"@context":"https:\/\/schema.org","@graph":[{"@type":"WebPage","@id":"https:\/\/floridareprofreedom.org\/aborto\/","url":"https:\/\/floridareprofreedom.org\/aborto\/","name":"Un aborto seguro y Accessible es cuidado m\u00e9dico - Floridians For Reproductive Freedom","isPartOf":{"@id":"https:\/\/floridareprofreedom.org\/#website"},"datePublished":"2019-02-28T14:10:16+00:00","dateModified":"2019-03-07T16:11:44+00:00","breadcrumb":{"@id":"https:\/\/floridareprofreedom.org\/aborto\/#breadcrumb"},"inLanguage":"ur","potentialAction":[{"@type":"ReadAction","target":["https:\/\/floridareprofreedom.org\/aborto\/"]}]},{"@type":"BreadcrumbList","@id":"https:\/\/floridareprofreedom.org\/aborto\/#breadcrumb","itemListElement":[{"@type":"ListItem","position":1,"name":"Home","item":"https:\/\/floridareprofreedom.org\/"},{"@type":"ListItem","position":2,"name":"Un aborto seguro y accesible es cuidado m\u00e9dico"}]},{"@type":"WebSite","@id":"https:\/\/floridareprofreedom.org\/#website","url":"https:\/\/floridareprofreedom.org\/","name":"\u0641\u0644\u0648\u0631\u06cc\u0688\u06cc\u0646 \u062a\u0648\u0644\u06cc\u062f\u06cc \u0622\u0632\u0627\u062f\u06cc \u06a9\u06d2 \u0644\u06cc\u06d2","description":"\u0627\u0633\u0642\u0627\u0637 \u062d\u0645\u0644 \u0633\u0645\u06cc\u062a \u062a\u0648\u0644\u06cc\u062f\u06cc \u0635\u062d\u062a \u06a9\u06cc \u062f\u06cc\u06a9\u06be \u0628\u06be\u0627\u0644 \u062a\u06a9 \u0622\u0633\u0627\u0646\u060c \u0633\u0633\u062a\u06cc \u0627\u0648\u0631 \u0645\u062d\u0641\u0648\u0638 \u0631\u0633\u0627\u0626\u06cc \u06a9\u06cc \u0648\u06a9\u0627\u0644\u062a \u06a9\u0631\u0646\u0627\u06d4","publisher":{"@id":"https:\/\/floridareprofreedom.org\/#organization"},"potentialAction":[{"@type":"SearchAction","target":{"@type":"EntryPoint","urlTemplate":"https:\/\/floridareprofreedom.org\/?s={search_term_string}"},"query-input":{"@type":"PropertyValueSpecification","valueRequired":true,"valueName":"search_term_string"}}],"inLanguage":"ur"},{"@type":"Organization","@id":"https:\/\/floridareprofreedom.org\/#organization","name":"\u062a\u0648\u0644\u06cc\u062f\u06cc \u0622\u0632\u0627\u062f\u06cc \u06a9\u06d2 \u0644\u06cc\u06d2 \u0641\u0644\u0648\u0631\u06cc\u0688\u06cc\u0646","url":"https:\/\/floridareprofreedom.org\/","logo":{"@type":"ImageObject","inLanguage":"ur","@id":"https:\/\/floridareprofreedom.org\/#\/schema\/logo\/image\/","url":"https:\/\/floridareprofreedom.org\/wp-content\/uploads\/2019\/05\/Untitled.jpg","contentUrl":"https:\/\/floridareprofreedom.org\/wp-content\/uploads\/2019\/05\/Untitled.jpg","width":174,"height":180,"caption":"Floridians for Reproductive Freedom"},"image":{"@id":"https:\/\/floridareprofreedom.org\/#\/schema\/logo\/image\/"},"sameAs":["https:\/\/www.facebook.com\/FloridaReproFreedom\/","https:\/\/x.com\/FLReproFreedom","https:\/\/www.instagram.com\/floridareprofreedom\/"]}]}},"_links":{"self":[{"href":"https:\/\/floridareprofreedom.org\/ur\/wp-json\/wp\/v2\/pages\/490","targetHints":{"allow":["GET"]}}],"collection":[{"href":"https:\/\/floridareprofreedom.org\/ur\/wp-json\/wp\/v2\/pages"}],"about":[{"href":"https:\/\/floridareprofreedom.org\/ur\/wp-json\/wp\/v2\/types\/page"}],"author":[{"embeddable":true,"href":"https:\/\/floridareprofreedom.org\/ur\/wp-json\/wp\/v2\/users\/4"}],"replies":[{"embeddable":true,"href":"https:\/\/floridareprofreedom.org\/ur\/wp-json\/wp\/v2\/comments?post=490"}],"version-history":[{"count":7,"href":"https:\/\/floridareprofreedom.org\/ur\/wp-json\/wp\/v2\/pages\/490\/revisions"}],"predecessor-version":[{"id":515,"href":"https:\/\/floridareprofreedom.org\/ur\/wp-json\/wp\/v2\/pages\/490\/revisions\/515"}],"wp:attachment":[{"href":"https:\/\/floridareprofreedom.org\/ur\/wp-json\/wp\/v2\/media?parent=490"}],"wp:term":[{"taxonomy":"folder","embeddable":true,"href":"https:\/\/floridareprofreedom.org\/ur\/wp-json\/wp\/v2\/folder?post=490"}],"curies":[{"name":"wp","href":"https:\/\/api.w.org\/{rel}","templated":true}]}}