{"id":104,"date":"2018-09-07T20:08:36","date_gmt":"2018-09-07T20:08:36","guid":{"rendered":"http:\/\/frf.rayseaman.com\/?page_id=104"},"modified":"2023-09-13T16:39:39","modified_gmt":"2023-09-13T16:39:39","slug":"bi-cuong-buc","status":"publish","type":"page","link":"https:\/\/floridareprofreedom.org\/vi\/compsexed\/","title":{"rendered":"Gi\u00e1o d\u1ee5c gi\u1edbi t\u00ednh to\u00e0n di\u1ec7n"},"content":{"rendered":"<figure id=\"attachment_105\" aria-describedby=\"caption-attachment-105\" style=\"width: 546px\" class=\"wp-caption alignright\"><img fetchpriority=\"high\" decoding=\"async\" class=\"size-full wp-image-105\" src=\"https:\/\/floridareprofreedom.org\/wp-content\/uploads\/2018\/09\/Sex-Ed-United-States.png\" alt=\"\" width=\"546\" height=\"570\" srcset=\"https:\/\/floridareprofreedom.org\/wp-content\/uploads\/2018\/09\/Sex-Ed-United-States.png 546w, https:\/\/floridareprofreedom.org\/wp-content\/uploads\/2018\/09\/Sex-Ed-United-States-287x300.png 287w\" sizes=\"(max-width: 546px) 100vw, 546px\" \/><figcaption id=\"caption-attachment-105\" class=\"wp-caption-text\">Florida kh\u00f4ng ph\u1ea3i l\u00e0 n\u01a1i duy nh\u1ea5t. Thanh thi\u1ebfu ni\u00ean \u1edf nhi\u1ec1u ti\u1ec3u bang kh\u00f4ng \u0111\u01b0\u1ee3c ti\u1ebfp c\u1eadn ch\u01b0\u01a1ng tr\u00ecnh gi\u00e1o d\u1ee5c gi\u1edbi t\u00ednh to\u00e0n di\u1ec7n t\u1ea1i tr\u01b0\u1eddng c\u00f4ng.<\/figcaption><\/figure>\n<p class=\"zfr3Q\">Vi\u1ec7c cung c\u1ea5p cho thanh thi\u1ebfu ni\u00ean v\u00e0 ng\u01b0\u1eddi tr\u1ebb nh\u1eefng th\u00f4ng tin c\u1ea7n thi\u1ebft \u0111\u1ec3 h\u1ecd c\u00f3 th\u1ec3 \u0111\u01b0a ra quy\u1ebft \u0111\u1ecbnh c\u00f3 tr\u00e1ch nhi\u1ec7m v\u1ec1 s\u1ee9c kh\u1ecfe t\u00ecnh d\u1ee5c c\u1ee7a m\u00ecnh l\u00e0 gi\u1ea3i ph\u00e1p h\u1ee3p l\u00fd \u0111\u1ec3 gi\u1ea3m thi\u1ec3u t\u00ecnh tr\u1ea1ng mang thai ngo\u00e0i \u00fd mu\u1ed1n \u1edf tu\u1ed5i v\u1ecb th\u00e0nh ni\u00ean v\u00e0 c\u00e1c b\u1ec7nh l\u00e2y truy\u1ec1n qua \u0111\u01b0\u1eddng t\u00ecnh d\u1ee5c. Tuy nhi\u00ean, hi\u1ec7n nay, gi\u00e1o d\u1ee5c gi\u1edbi t\u00ednh to\u00e0n di\u1ec7n v\u1eabn ch\u01b0a \u0111\u01b0\u1ee3c \u0111\u01b0a v\u00e0o ch\u01b0\u01a1ng tr\u00ecnh gi\u00e1o d\u1ee5c ph\u1ed5 th\u00f4ng t\u1ea1i c\u00e1c tr\u01b0\u1eddng c\u00f4ng l\u1eadp \u1edf Florida v\u00ec Ti\u1ec3u bang kh\u00f4ng y\u00eau c\u1ea7u (xem <a href=\"http:\/\/www.leg.state.fl.us\/statutes\/index.cfm?App_mode=Display_Statute&amp;Search_String=&amp;URL=1000-1099\/1003\/Sections\/1003.46.html\">Lu\u1eadt l\u1ec7 Florida n\u0103m 2018 Ti\u00eau \u0111\u1ec1 XLVIII, Ch\u01b0\u01a1ng 1003.46<\/a>). Nh\u00ecn chung, c\u00e1c l\u1edbp h\u1ecdc \u1edf Florida ch\u1ec9 s\u1eed d\u1ee5ng t\u00e0i li\u1ec7u v\u1ec1 ki\u00eang khem, v\u1edbi tr\u1ecdng t\u00e2m ch\u00ednh l\u00e0 kh\u00f4ng quan h\u1ec7 t\u00ecnh d\u1ee5c ngo\u00e0i h\u00f4n nh\u00e2n d\u1ecb t\u00ednh v\u00e0 kh\u00f4ng \u0111\u01b0a v\u00e0o t\u00e0i li\u1ec7u v\u1ec1 bi\u1ec7n ph\u00e1p tr\u00e1nh thai ho\u1eb7c t\u00ecnh d\u1ee5c an to\u00e0n. N\u0103m 2023, Th\u1ed1ng \u0111\u1ed1c Ron DeSantis \u0111\u00e3 k\u00fd m\u1ed9t d\u1ef1 lu\u1eadt ng\u0103n ch\u1eb7n gi\u00e1o d\u1ee5c gi\u1edbi t\u00ednh, y\u00eau c\u1ea7u t\u1ea5t c\u1ea3 n\u1ed9i dung ph\u1ea3i \u0111\u01b0\u1ee3c B\u1ed9 Gi\u00e1o d\u1ee5c ph\u00ea duy\u1ec7t tr\u01b0\u1edbc. Vi\u1ec7c gi\u1ea3ng d\u1ea1y trong l\u1edbp h\u1ecdc v\u1ec1 b\u1ea3n d\u1ea1ng gi\u1edbi v\u00e0 khuynh h\u01b0\u1edbng t\u00ecnh d\u1ee5c b\u1ecb c\u1ea5m cho \u0111\u1ebfn h\u1ebft l\u1edbp 12.<\/p>\n<p class=\"zfr3Q\">Theo <a href=\"http:\/\/www.advocatesforyouth.org\/\">Nh\u1eefng ng\u01b0\u1eddi \u1ee7ng h\u1ed9 thanh thi\u1ebfu ni\u00ean<\/a>C\u00e1c cu\u1ed9c th\u0103m d\u00f2 d\u01b0 lu\u1eadn li\u00ean t\u1ee5c cho th\u1ea5y h\u01a1n 80% ng\u01b0\u1eddi M\u1ef9 \u1ee7ng h\u1ed9 vi\u1ec7c gi\u1ea3ng d\u1ea1y gi\u00e1o d\u1ee5c gi\u1edbi t\u00ednh to\u00e0n di\u1ec7n \u1edf c\u00e1c tr\u01b0\u1eddng trung h\u1ecdc ph\u1ed5 th\u00f4ng, trung h\u1ecdc c\u01a1 s\u1edf v\u00e0 trung h\u1ecdc c\u01a1 s\u1edf. Trong m\u1ed9t cu\u1ed9c th\u0103m d\u00f2, 85% tin r\u1eb1ng thanh thi\u1ebfu ni\u00ean n\u00ean \u0111\u01b0\u1ee3c d\u1ea1y v\u1ec1 bi\u1ec7n ph\u00e1p tr\u00e1nh thai v\u00e0 ph\u00f2ng tr\u00e1nh thai; trong m\u1ed9t cu\u1ed9c th\u0103m d\u00f2 kh\u00e1c, b\u1ea3y trong s\u1ed1 10 ng\u01b0\u1eddi ph\u1ea3n \u0111\u1ed1i vi\u1ec7c ch\u00ednh ph\u1ee7 t\u00e0i tr\u1ee3 cho c\u00e1c ch\u01b0\u01a1ng tr\u00ecnh ch\u1ec9 t\u1eadp trung v\u00e0o vi\u1ec7c ki\u00eang quan h\u1ec7 t\u00ecnh d\u1ee5c. S\u1ef1 \u1ee7ng h\u1ed9 cho gi\u00e1o d\u1ee5c gi\u1edbi t\u00ednh to\u00e0n di\u1ec7n c\u0169ng lan r\u1ed9ng kh\u1eafp c\u00e1c \u0111\u1ea3ng ph\u00e1i. Trong m\u1ed9t cu\u1ed9c th\u0103m d\u00f2 \u00fd ki\u1ebfn 1.000 ng\u01b0\u1eddi t\u1ef1 nh\u1eadn l\u00e0 \u0111\u1ea3ng vi\u00ean C\u1ed9ng h\u00f2a v\u00e0 \u0111\u1ed9c l\u1eadp, 60% \u0111\u1ea3ng vi\u00ean C\u1ed9ng h\u00f2a v\u00e0 81% \u0111\u1ea3ng vi\u00ean \u0111\u1ed9c l\u1eadp cho r\u1eb1ng c\u00e1c tr\u01b0\u1eddng c\u00f4ng l\u1eadp n\u00ean gi\u1ea3ng d\u1ea1y gi\u00e1o d\u1ee5c gi\u1edbi t\u00ednh to\u00e0n di\u1ec7n.<\/p>\n<p><b>Tham gia<\/b><\/p>\n<p>Nhi\u1ec1u th\u00e0nh vi\u00ean li\u00ean minh c\u1ee7a ch\u00fang t\u00f4i l\u00e0 m\u1ed9t ph\u1ea7n c\u1ee7a <strong>Li\u00ean minh Thanh ni\u00ean Kh\u1ecfe m\u1ea1nh Florida<\/strong> \u2014 m\u1ed9t s\u00e1ng ki\u1ebfn th\u00fa v\u1ecb v\u00e0 r\u1ea5t c\u1ea7n thi\u1ebft tr\u00ean to\u00e0n ti\u1ec3u bang c\u1ee7a c\u00e1c chuy\u00ean gia y t\u1ebf v\u00e0 nh\u1eefng ng\u01b0\u1eddi \u1ee7ng h\u1ed9 t\u1eadn t\u00e2m. Li\u00ean minh h\u1ed7 tr\u1ee3 gi\u00e1o d\u1ee5c s\u1ee9c kh\u1ecfe t\u00ecnh d\u1ee5c to\u00e0n di\u1ec7n v\u00e0 ch\u00ednh x\u00e1c v\u1ec1 m\u1eb7t y khoa cho h\u1ecdc sinh Florida<strong>.<\/strong>\u00a0Ki\u1ec3m tra Li\u00ean minh <a href=\"https:\/\/drive.google.com\/file\/d\/1ecmj8xj9UEkTws-dn4lwoehO_HQdBTfX\/view?usp=sharing\"><strong>t\u1edd th\u00f4ng tin<\/strong> v\u1edbi nh\u1eefng \u0111i\u1ec3m ch\u00ednh h\u1ed7 tr\u1ee3 c\u00e1c tr\u01b0\u1eddng h\u1ecdc \u1edf Florida cung c\u1ea5p ch\u01b0\u01a1ng tr\u00ecnh gi\u00e1o d\u1ee5c s\u1ee9c kh\u1ecfe t\u00ecnh d\u1ee5c<\/a> v\u00e0 g\u1eedi ng\u01b0\u1eddi t\u1ed5 ch\u1ee9c, <a href=\"mailto:ebarr@unf.edu\">Ti\u1ebfn s\u0129 Elissa Barr<\/a>, m\u1ed9t email s\u1ebd \u0111\u01b0\u1ee3c th\u00eam v\u00e0o danh s\u00e1ch ph\u00e2n ph\u1ed1i email c\u1ee7a Li\u00ean minh v\u00e0 nh\u1eadn th\u00f4ng tin v\u1ec1 c\u00e1c cu\u1ed9c h\u1ecdp v\u00e0 s\u1ef1 ki\u1ec7n.<\/p>\n<p><strong>Th\u00f4ng tin kh\u00e1c v\u00e0\u00a0<\/strong><b>t\u00e0i nguy\u00ean<\/b><\/p>\n<ul>\n<li><a href=\"https:\/\/drive.google.com\/file\/d\/1ecmj8xj9UEkTws-dn4lwoehO_HQdBTfX\/view?usp=sharing\">T\u00f3m t\u1eaft 2 trang v\u1ec1 s\u1ef1 h\u1ed7 tr\u1ee3 cho gi\u00e1o d\u1ee5c s\u1ee9c kh\u1ecfe t\u00ecnh d\u1ee5c t\u1eeb kh\u1eafp Florida<\/a><\/li>\n<li id=\"h.p_h5euOFUwYGmW\" class=\"zfr3Q\"><a href=\"http:\/\/www.siecus.org\/_data\/global\/images\/FL%20Report%20-%20Sex%20Education%20in%20the%20Sunshine%20State.pdf\">Gi\u00e1o d\u1ee5c gi\u1edbi t\u00ednh t\u1ea1i ti\u1ec3u bang Sunshine: C\u00e1c ch\u01b0\u01a1ng tr\u00ecnh ch\u1ec9 ki\u00eang quan h\u1ec7 t\u00ecnh d\u1ee5c tr\u01b0\u1edbc khi k\u1ebft h\u00f4n \u0111ang khi\u1ebfn gi\u1edbi tr\u1ebb Florida ch\u00ecm trong b\u00f3ng t\u1ed1i<\/a><\/li>\n<li id=\"h.p_CnSz78vXaTiT\" class=\"zfr3Q\"><a href=\"http:\/\/news.ufl.edu\/archive\/2007\/11\/sex-education-in-florida-schools-varies-widely-not-available-to-all-students.html\">Gi\u00e1o d\u1ee5c gi\u1edbi t\u00ednh \u1edf c\u00e1c tr\u01b0\u1eddng h\u1ecdc Florida r\u1ea5t \u0111a d\u1ea1ng v\u00e0 kh\u00f4ng d\u00e0nh cho t\u1ea5t c\u1ea3 h\u1ecdc sinh<\/a><\/li>\n<li id=\"h.p_IiSIDC6jYgpD\" class=\"zfr3Q\"><a href=\"http:\/\/www.cltampa.com\/news-views\/article\/20762458\/abstaining-from-the-facts-floridas-lack-of-a-sex-ed-policy-may-be-screwing-its-students\">Tr\u00e1nh xa s\u1ef1 th\u1eadt: Vi\u1ec7c Florida kh\u00f4ng c\u00f3 ch\u00ednh s\u00e1ch gi\u00e1o d\u1ee5c gi\u1edbi t\u00ednh c\u00f3 th\u1ec3 g\u00e2y b\u1ea5t l\u1ee3i cho h\u1ecdc sinh.<\/a><\/li>\n<li id=\"h.p_AEschQ9_YKyR\" class=\"zfr3Q\"><a href=\"http:\/\/www.jahonline.org\/article\/S1054-139X(16)30004-0\/pdf\">T\u00ecnh tr\u1ea1ng gi\u00e1o d\u1ee5c gi\u1edbi t\u00ednh \u1edf Hoa K\u1ef3: T\u1ea1p ch\u00ed S\u1ee9c kh\u1ecfe V\u1ecb th\u00e0nh ni\u00ean<\/a><\/li>\n<li><a href=\"https:\/\/www.abcactionnews.com\/news\/region-pinellas\/parents-fuming-over-pinellas-co-sex-ed-program-in-schools\">V\u1ecbt, v\u1ecbt, chlamydia? Ph\u1ee5 huynh ph\u1eabn n\u1ed9 v\u00ec ch\u01b0\u01a1ng tr\u00ecnh gi\u00e1o d\u1ee5c gi\u1edbi t\u00ednh t\u1ea1i tr\u01b0\u1eddng h\u1ecdc \u1edf Qu\u1eadn Pinellas<\/a><\/li>\n<li><a href=\"https:\/\/www.pnj.com\/story\/news\/education\/2017\/09\/25\/santa-rosa-county-sex-education-abstinence-pregnancy-resource-center\/699473001\/\">Nh\u00f3m ch\u1ec9 ki\u00eang quan h\u1ec7 t\u00ecnh d\u1ee5c s\u1ebd d\u1eabn \u0111\u1ea7u ch\u01b0\u01a1ng tr\u00ecnh gi\u00e1o d\u1ee5c gi\u1edbi t\u00ednh cho c\u00e1c tr\u01b0\u1eddng trung h\u1ecdc \u1edf Qu\u1eadn Santa Rosa<\/a><\/li>\n<\/ul>","protected":false},"excerpt":{"rendered":"<p>Providing teens and young people with the information they need to make responsible decisions about their sexual health is the common sense solution to reducing unintended teen pregnancy and sexually transmitted infections. Currently, however, comprehensive sex education is far from the norm in Florida public schools as the State does not require it (see 2018 [&hellip;]<\/p>\n","protected":false},"author":3,"featured_media":0,"parent":0,"menu_order":0,"comment_status":"closed","ping_status":"closed","template":"","meta":{"footnotes":""},"folder":[],"class_list":["post-104","page","type-page","status-publish","hentry"],"yoast_head":"<!-- This site is optimized with the Yoast SEO plugin v27.4 - https:\/\/yoast.com\/product\/yoast-seo-wordpress\/ -->\n<title>Comprehensive Sex Education - Floridians For Reproductive Freedom<\/title>\n<meta name=\"robots\" content=\"index, follow, max-snippet:-1, max-image-preview:large, max-video-preview:-1\" \/>\n<link rel=\"canonical\" href=\"https:\/\/floridareprofreedom.org\/vi\/bi-cuong-buc\/\" \/>\n<meta property=\"og:locale\" content=\"vi_VN\" \/>\n<meta property=\"og:type\" content=\"article\" \/>\n<meta property=\"og:title\" content=\"Comprehensive Sex Education - Floridians For Reproductive Freedom\" \/>\n<meta property=\"og:description\" content=\"Providing teens and young people with the information they need to make responsible decisions about their sexual health is the common sense solution to reducing unintended teen pregnancy and sexually transmitted infections. Currently, however, comprehensive sex education is far from the norm in Florida public schools as the State does not require it (see 2018 [&hellip;]\" \/>\n<meta property=\"og:url\" content=\"https:\/\/floridareprofreedom.org\/vi\/bi-cuong-buc\/\" \/>\n<meta property=\"og:site_name\" content=\"Floridians For Reproductive Freedom\" \/>\n<meta property=\"article:publisher\" content=\"https:\/\/www.facebook.com\/FloridaReproFreedom\/\" \/>\n<meta property=\"article:modified_time\" content=\"2023-09-13T16:39:39+00:00\" \/>\n<meta property=\"og:image\" content=\"https:\/\/floridareprofreedom.org\/wp-content\/uploads\/2018\/09\/Sex-Ed-United-States.png\" \/>\n<meta name=\"twitter:card\" content=\"summary_large_image\" \/>\n<meta name=\"twitter:site\" content=\"@FLReproFreedom\" \/>\n<meta name=\"twitter:label1\" content=\"\u01af\u1edbc t\u00ednh th\u1eddi gian \u0111\u1ecdc\" \/>\n\t<meta name=\"twitter:data1\" content=\"3 ph\u00fat\" \/>\n<script type=\"application\/ld+json\" class=\"yoast-schema-graph\">{\"@context\":\"https:\\\/\\\/schema.org\",\"@graph\":[{\"@type\":\"WebPage\",\"@id\":\"https:\\\/\\\/floridareprofreedom.org\\\/compsexed\\\/\",\"url\":\"https:\\\/\\\/floridareprofreedom.org\\\/compsexed\\\/\",\"name\":\"Comprehensive Sex Education - Floridians For Reproductive Freedom\",\"isPartOf\":{\"@id\":\"https:\\\/\\\/floridareprofreedom.org\\\/#website\"},\"primaryImageOfPage\":{\"@id\":\"https:\\\/\\\/floridareprofreedom.org\\\/compsexed\\\/#primaryimage\"},\"image\":{\"@id\":\"https:\\\/\\\/floridareprofreedom.org\\\/compsexed\\\/#primaryimage\"},\"thumbnailUrl\":\"https:\\\/\\\/floridareprofreedom.org\\\/wp-content\\\/uploads\\\/2018\\\/09\\\/Sex-Ed-United-States.png\",\"datePublished\":\"2018-09-07T20:08:36+00:00\",\"dateModified\":\"2023-09-13T16:39:39+00:00\",\"breadcrumb\":{\"@id\":\"https:\\\/\\\/floridareprofreedom.org\\\/compsexed\\\/#breadcrumb\"},\"inLanguage\":\"vi\",\"potentialAction\":[{\"@type\":\"ReadAction\",\"target\":[\"https:\\\/\\\/floridareprofreedom.org\\\/compsexed\\\/\"]}]},{\"@type\":\"ImageObject\",\"inLanguage\":\"vi\",\"@id\":\"https:\\\/\\\/floridareprofreedom.org\\\/compsexed\\\/#primaryimage\",\"url\":\"https:\\\/\\\/floridareprofreedom.org\\\/wp-content\\\/uploads\\\/2018\\\/09\\\/Sex-Ed-United-States.png\",\"contentUrl\":\"https:\\\/\\\/floridareprofreedom.org\\\/wp-content\\\/uploads\\\/2018\\\/09\\\/Sex-Ed-United-States.png\"},{\"@type\":\"BreadcrumbList\",\"@id\":\"https:\\\/\\\/floridareprofreedom.org\\\/compsexed\\\/#breadcrumb\",\"itemListElement\":[{\"@type\":\"ListItem\",\"position\":1,\"name\":\"Home\",\"item\":\"https:\\\/\\\/floridareprofreedom.org\\\/\"},{\"@type\":\"ListItem\",\"position\":2,\"name\":\"Comprehensive Sex Education\"}]},{\"@type\":\"WebSite\",\"@id\":\"https:\\\/\\\/floridareprofreedom.org\\\/#website\",\"url\":\"https:\\\/\\\/floridareprofreedom.org\\\/\",\"name\":\"Floridians For Reproductive Freedom\",\"description\":\"Advocating for convenient, affordable, and safe access to reproductive health care, including abortion.\",\"publisher\":{\"@id\":\"https:\\\/\\\/floridareprofreedom.org\\\/#organization\"},\"potentialAction\":[{\"@type\":\"SearchAction\",\"target\":{\"@type\":\"EntryPoint\",\"urlTemplate\":\"https:\\\/\\\/floridareprofreedom.org\\\/?s={search_term_string}\"},\"query-input\":{\"@type\":\"PropertyValueSpecification\",\"valueRequired\":true,\"valueName\":\"search_term_string\"}}],\"inLanguage\":\"vi\"},{\"@type\":\"Organization\",\"@id\":\"https:\\\/\\\/floridareprofreedom.org\\\/#organization\",\"name\":\"Floridians for Reproductive Freedom\",\"url\":\"https:\\\/\\\/floridareprofreedom.org\\\/\",\"logo\":{\"@type\":\"ImageObject\",\"inLanguage\":\"vi\",\"@id\":\"https:\\\/\\\/floridareprofreedom.org\\\/#\\\/schema\\\/logo\\\/image\\\/\",\"url\":\"https:\\\/\\\/floridareprofreedom.org\\\/wp-content\\\/uploads\\\/2019\\\/05\\\/Untitled.jpg\",\"contentUrl\":\"https:\\\/\\\/floridareprofreedom.org\\\/wp-content\\\/uploads\\\/2019\\\/05\\\/Untitled.jpg\",\"width\":174,\"height\":180,\"caption\":\"Floridians for Reproductive Freedom\"},\"image\":{\"@id\":\"https:\\\/\\\/floridareprofreedom.org\\\/#\\\/schema\\\/logo\\\/image\\\/\"},\"sameAs\":[\"https:\\\/\\\/www.facebook.com\\\/FloridaReproFreedom\\\/\",\"https:\\\/\\\/x.com\\\/FLReproFreedom\",\"https:\\\/\\\/www.instagram.com\\\/floridareprofreedom\\\/\"]}]}<\/script>\n<!-- \/ Yoast SEO plugin. -->","yoast_head_json":{"title":"Gi\u00e1o d\u1ee5c gi\u1edbi t\u00ednh to\u00e0n di\u1ec7n - Ng\u01b0\u1eddi Florida v\u00ec t\u1ef1 do sinh s\u1ea3n","robots":{"index":"index","follow":"follow","max-snippet":"max-snippet:-1","max-image-preview":"max-image-preview:large","max-video-preview":"max-video-preview:-1"},"canonical":"https:\/\/floridareprofreedom.org\/vi\/bi-cuong-buc\/","og_locale":"vi_VN","og_type":"article","og_title":"Comprehensive Sex Education - Floridians For Reproductive Freedom","og_description":"Providing teens and young people with the information they need to make responsible decisions about their sexual health is the common sense solution to reducing unintended teen pregnancy and sexually transmitted infections. Currently, however, comprehensive sex education is far from the norm in Florida public schools as the State does not require it (see 2018 [&hellip;]","og_url":"https:\/\/floridareprofreedom.org\/vi\/bi-cuong-buc\/","og_site_name":"Floridians For Reproductive Freedom","article_publisher":"https:\/\/www.facebook.com\/FloridaReproFreedom\/","article_modified_time":"2023-09-13T16:39:39+00:00","og_image":[{"url":"https:\/\/floridareprofreedom.org\/wp-content\/uploads\/2018\/09\/Sex-Ed-United-States.png","type":"","width":"","height":""}],"twitter_card":"summary_large_image","twitter_site":"@FLReproFreedom","twitter_misc":{"\u01af\u1edbc t\u00ednh th\u1eddi gian \u0111\u1ecdc":"3 ph\u00fat"},"schema":{"@context":"https:\/\/schema.org","@graph":[{"@type":"WebPage","@id":"https:\/\/floridareprofreedom.org\/compsexed\/","url":"https:\/\/floridareprofreedom.org\/compsexed\/","name":"Gi\u00e1o d\u1ee5c gi\u1edbi t\u00ednh to\u00e0n di\u1ec7n - Ng\u01b0\u1eddi Florida v\u00ec t\u1ef1 do sinh s\u1ea3n","isPartOf":{"@id":"https:\/\/floridareprofreedom.org\/#website"},"primaryImageOfPage":{"@id":"https:\/\/floridareprofreedom.org\/compsexed\/#primaryimage"},"image":{"@id":"https:\/\/floridareprofreedom.org\/compsexed\/#primaryimage"},"thumbnailUrl":"https:\/\/floridareprofreedom.org\/wp-content\/uploads\/2018\/09\/Sex-Ed-United-States.png","datePublished":"2018-09-07T20:08:36+00:00","dateModified":"2023-09-13T16:39:39+00:00","breadcrumb":{"@id":"https:\/\/floridareprofreedom.org\/compsexed\/#breadcrumb"},"inLanguage":"vi","potentialAction":[{"@type":"ReadAction","target":["https:\/\/floridareprofreedom.org\/compsexed\/"]}]},{"@type":"ImageObject","inLanguage":"vi","@id":"https:\/\/floridareprofreedom.org\/compsexed\/#primaryimage","url":"https:\/\/floridareprofreedom.org\/wp-content\/uploads\/2018\/09\/Sex-Ed-United-States.png","contentUrl":"https:\/\/floridareprofreedom.org\/wp-content\/uploads\/2018\/09\/Sex-Ed-United-States.png"},{"@type":"BreadcrumbList","@id":"https:\/\/floridareprofreedom.org\/compsexed\/#breadcrumb","itemListElement":[{"@type":"ListItem","position":1,"name":"Home","item":"https:\/\/floridareprofreedom.org\/"},{"@type":"ListItem","position":2,"name":"Comprehensive Sex Education"}]},{"@type":"WebSite","@id":"https:\/\/floridareprofreedom.org\/#website","url":"https:\/\/floridareprofreedom.org\/","name":"Ng\u01b0\u1eddi Florida v\u00ec T\u1ef1 do Sinh s\u1ea3n","description":"V\u1eadn \u0111\u1ed9ng cho vi\u1ec7c ti\u1ebfp c\u1eadn d\u1ecbch v\u1ee5 ch\u0103m s\u00f3c s\u1ee9c kh\u1ecfe sinh s\u1ea3n, bao g\u1ed3m c\u1ea3 ph\u00e1 thai, m\u1ed9t c\u00e1ch thu\u1eadn ti\u1ec7n, gi\u00e1 c\u1ea3 ph\u1ea3i ch\u0103ng v\u00e0 an to\u00e0n.","publisher":{"@id":"https:\/\/floridareprofreedom.org\/#organization"},"potentialAction":[{"@type":"SearchAction","target":{"@type":"EntryPoint","urlTemplate":"https:\/\/floridareprofreedom.org\/?s={search_term_string}"},"query-input":{"@type":"PropertyValueSpecification","valueRequired":true,"valueName":"search_term_string"}}],"inLanguage":"vi"},{"@type":"Organization","@id":"https:\/\/floridareprofreedom.org\/#organization","name":"Ng\u01b0\u1eddi Florida v\u00ec T\u1ef1 do Sinh s\u1ea3n","url":"https:\/\/floridareprofreedom.org\/","logo":{"@type":"ImageObject","inLanguage":"vi","@id":"https:\/\/floridareprofreedom.org\/#\/schema\/logo\/image\/","url":"https:\/\/floridareprofreedom.org\/wp-content\/uploads\/2019\/05\/Untitled.jpg","contentUrl":"https:\/\/floridareprofreedom.org\/wp-content\/uploads\/2019\/05\/Untitled.jpg","width":174,"height":180,"caption":"Floridians for Reproductive Freedom"},"image":{"@id":"https:\/\/floridareprofreedom.org\/#\/schema\/logo\/image\/"},"sameAs":["https:\/\/www.facebook.com\/FloridaReproFreedom\/","https:\/\/x.com\/FLReproFreedom","https:\/\/www.instagram.com\/floridareprofreedom\/"]}]}},"_links":{"self":[{"href":"https:\/\/floridareprofreedom.org\/vi\/wp-json\/wp\/v2\/pages\/104","targetHints":{"allow":["GET"]}}],"collection":[{"href":"https:\/\/floridareprofreedom.org\/vi\/wp-json\/wp\/v2\/pages"}],"about":[{"href":"https:\/\/floridareprofreedom.org\/vi\/wp-json\/wp\/v2\/types\/page"}],"author":[{"embeddable":true,"href":"https:\/\/floridareprofreedom.org\/vi\/wp-json\/wp\/v2\/users\/3"}],"replies":[{"embeddable":true,"href":"https:\/\/floridareprofreedom.org\/vi\/wp-json\/wp\/v2\/comments?post=104"}],"version-history":[{"count":20,"href":"https:\/\/floridareprofreedom.org\/vi\/wp-json\/wp\/v2\/pages\/104\/revisions"}],"predecessor-version":[{"id":2939,"href":"https:\/\/floridareprofreedom.org\/vi\/wp-json\/wp\/v2\/pages\/104\/revisions\/2939"}],"wp:attachment":[{"href":"https:\/\/floridareprofreedom.org\/vi\/wp-json\/wp\/v2\/media?parent=104"}],"wp:term":[{"taxonomy":"folder","embeddable":true,"href":"https:\/\/floridareprofreedom.org\/vi\/wp-json\/wp\/v2\/folder?post=104"}],"curies":[{"name":"wp","href":"https:\/\/api.w.org\/{rel}","templated":true}]}}